{"id":49267,"date":"2025-09-26T12:50:52","date_gmt":"2025-09-26T10:50:52","guid":{"rendered":"https:\/\/www.alternatievemiddelen.nl\/?page_id=49267"},"modified":"2025-09-26T12:59:42","modified_gmt":"2025-09-26T10:59:42","slug":"keto-penne-met-butternut-en-gerookte-zalm","status":"publish","type":"page","link":"https:\/\/www.alternatievemiddelen.nl\/de\/keto-penne-mit-butternuss-und-raucherlachs\/","title":{"rendered":"Keto Penne mit Butternuss und R\u00e4ucherlachs"},"content":{"rendered":"<div data-elementor-type=\"wp-page\" data-elementor-id=\"49267\" class=\"elementor elementor-49267\" data-elementor-post-type=\"page\">\n\t\t\t\t<div data-particle_enable=\"false\" data-particle-mobile-disabled=\"false\" class=\"elementor-element elementor-element-496cced e-flex e-con-boxed e-con e-parent\" data-id=\"496cced\" data-element_type=\"container\" data-settings=\"{&quot;jet_parallax_layout_list&quot;:[]}\">\n\t\t\t\t\t<div class=\"e-con-inner\">\n\t\t\t\t<div class=\"elementor-element elementor-element-c8c9dac elementor-widget elementor-widget-heading\" data-id=\"c8c9dac\" data-element_type=\"widget\" data-widget_type=\"heading.default\">\n\t\t\t\t<div class=\"elementor-widget-container\">\n\t\t\t\t\t<h1 class=\"elementor-heading-title elementor-size-default\">Keto Penne mit Butternuss und R\u00e4ucherlachs<\/h1>\t\t\t\t<\/div>\n\t\t\t\t<\/div>\n\t\t\t\t\t<\/div>\n\t\t\t\t<\/div>\n\t\t<div data-particle_enable=\"false\" data-particle-mobile-disabled=\"false\" class=\"elementor-element elementor-element-d1c04dc e-flex e-con-boxed e-con e-parent\" data-id=\"d1c04dc\" data-element_type=\"container\" data-settings=\"{&quot;jet_parallax_layout_list&quot;:[]}\">\n\t\t\t\t\t<div class=\"e-con-inner\">\n\t\t<div data-particle_enable=\"false\" data-particle-mobile-disabled=\"false\" class=\"elementor-element elementor-element-08626d0 e-con-full e-flex e-con e-child\" data-id=\"08626d0\" data-element_type=\"container\" data-settings=\"{&quot;jet_parallax_layout_list&quot;:[]}\">\n\t\t\t\t<div class=\"elementor-element elementor-element-184582f elementor-widget elementor-widget-text-editor\" data-id=\"184582f\" data-element_type=\"widget\" data-widget_type=\"text-editor.default\">\n\t\t\t\t<div class=\"elementor-widget-container\">\n\t\t\t\t\t\t\t\t\t<p>Pasta und K\u00fcrbis: eine perfekte Kombination f\u00fcr den Herbst. Die samtige K\u00fcrbisso\u00dfe, kombiniert mit R\u00e4ucherlachs, zaubert im Handumdrehen eine k\u00f6stliche Pasta auf den Tisch. Verwenden Sie die <a href=\"https:\/\/www.alternatievemiddelen.nl\/de\/produkte\/tr-eat-keto-penne-nudeln-200gr\/\">Keto-Penne<\/a> Dann verwandeln Sie dieses Rezept auch in einen echten Fettverbrenner.<\/p><h3><strong>Das Rezept:<\/strong><\/h3><p>F\u00fcr 3-4 Personen:<\/p><ul><li>200 g Keto Penne oder Tr-eat Nudeln Ihrer Wahl<\/li><li>1 Butternussk\u00fcrbis (+\/-800 g)<\/li><li>120 ml H\u00fchnerbr\u00fche<\/li><li>2 Essl\u00f6ffel Oliven\u00f6l oder Ghee<\/li><li>1 Knoblauchzehe<\/li><li>ein paar frische Salbeibl\u00e4tter<\/li><li>eine Handvoll gehackte Petersilie<\/li><li>Salz und Pfeffer<\/li><li>R\u00e4ucherlachs (100-150 g pro Person)<\/li><\/ul><p>\u00a0<\/p><p>Den Butternussk\u00fcrbis in W\u00fcrfel schneiden.<\/p><p>Wenn Sie einen Thermomix haben, k\u00f6nnen Sie alle Zutaten (au\u00dfer den Nudeln, dem Lachs und der Petersilie) in den Thermomix geben. Etwa 20 Minuten lang auf 98 \u00b0C erhitzen und die Salbeibl\u00e4tter entfernen. Und zu einer glatten Sauce p\u00fcrieren.<\/p><p>Wenn Sie keinen Thermomix haben, gehen Sie wie folgt vor:<\/p><p>Die Butternussk\u00fcrbisw\u00fcrfel mit der Knoblauchzehe und dem Salbei kochen oder d\u00e4mpfen, bis sie weich sind. Sie k\u00f6nnen sie auch im Ofen garen. Anschlie\u00dfend die Salbeibl\u00e4tter entfernen.<\/p><p>Die gekochten Butternussk\u00fcrbisw\u00fcrfel, die Knoblauchzehe, die H\u00fchnerbr\u00fche, das Oliven\u00f6l oder Ghee zu einer glatten Sauce p\u00fcrieren. Und mit Salz und Pfeffer abschmecken.<\/p><p>In der Zwischenzeit die Nudeln nach den Anweisungen auf der Packung kochen, bis sie weich sind.<\/p><p>Die Nudeln unter die Sauce mischen, mit dem R\u00e4ucherlachs servieren und mit etwas Petersilie bestreuen.<\/p><p><strong>Lecker!<\/strong><\/p><p>Tipp: Sie k\u00f6nnen die Sauce mit anderen herbstlichen Gew\u00fcrzen wie Muskatnuss oder Cayennepfeffer noch weiter verfeinern.<\/p><p>Tipp: Schneiden Sie den Lachs in Streifen und machen Sie aus dem Lachs R\u00f6schen.<\/p><p>Tipp: Sie k\u00f6nnen unsere veganen Tagliatelle verwenden und einige Waldpilze anbraten und hinzuf\u00fcgen, wenn Sie das Gericht vegan halten m\u00f6chten.<\/p><p>Tipp: Versuchen Sie, den ger\u00e4ucherten Lachs durch ger\u00e4ucherten Heilbutt oder frisch gebackenen Lachs und ein St\u00fcck Gefl\u00fcgel oder Wild zu ersetzen.<\/p>\t\t\t\t\t\t\t\t<\/div>\n\t\t\t\t<\/div>\n\t\t\t\t<\/div>\n\t\t<div data-particle_enable=\"false\" data-particle-mobile-disabled=\"false\" class=\"elementor-element elementor-element-724879c e-con-full e-flex e-con e-child\" data-id=\"724879c\" data-element_type=\"container\" data-settings=\"{&quot;jet_parallax_layout_list&quot;:[]}\">\n\t\t\t\t<div class=\"elementor-element elementor-element-a319f31 elementor-widget elementor-widget-image\" data-id=\"a319f31\" data-element_type=\"widget\" data-widget_type=\"image.default\">\n\t\t\t\t<div class=\"elementor-widget-container\">\n\t\t\t\t\t\t\t\t\t\t\t\t\t\t\t<img fetchpriority=\"high\" decoding=\"async\" width=\"1200\" height=\"1600\" src=\"https:\/\/www.alternatievemiddelen.nl\/wp-content\/uploads\/2025\/09\/Keto-Penne-met-butternut-en-gerookte-zalm.jpg\" class=\"attachment-full size-full wp-image-49268\" alt=\"Keto Penne mit Butternuss und R\u00e4ucherlachs\" srcset=\"https:\/\/www.alternatievemiddelen.nl\/wp-content\/uploads\/2025\/09\/Keto-Penne-met-butternut-en-gerookte-zalm.jpg 1200w, https:\/\/www.alternatievemiddelen.nl\/wp-content\/uploads\/2025\/09\/Keto-Penne-met-butternut-en-gerookte-zalm-225x300.jpg 225w, https:\/\/www.alternatievemiddelen.nl\/wp-content\/uploads\/2025\/09\/Keto-Penne-met-butternut-en-gerookte-zalm-768x1024.jpg 768w, https:\/\/www.alternatievemiddelen.nl\/wp-content\/uploads\/2025\/09\/Keto-Penne-met-butternut-en-gerookte-zalm-1152x1536.jpg 1152w, https:\/\/www.alternatievemiddelen.nl\/wp-content\/uploads\/2025\/09\/Keto-Penne-met-butternut-en-gerookte-zalm-9x12.jpg 9w, https:\/\/www.alternatievemiddelen.nl\/wp-content\/uploads\/2025\/09\/Keto-Penne-met-butternut-en-gerookte-zalm-600x800.jpg 600w\" sizes=\"(max-width: 1200px) 100vw, 1200px\" \/>\t\t\t\t\t\t\t\t\t\t\t\t\t\t\t<\/div>\n\t\t\t\t<\/div>\n\t\t\t\t<\/div>\n\t\t\t\t\t<\/div>\n\t\t\t\t<\/div>\n\t\t\t\t<\/div>","protected":false},"excerpt":{"rendered":"<p>Keto Penne met butternut en gerookte zalm Pasta en pompoen: een perfecte combinatie voor de herfst. De fluwelige saus van de pompoen, gecombineerd met gerookte zalm, zorgt ervoor dat je in een handomdraai een heerlijke pasta op tafel zet. Gebruik je de Keto Penne dan maak je van dit recept ook een echte vetverbrander. Recept: [&hellip;]<\/p>","protected":false},"author":940,"featured_media":49268,"parent":0,"menu_order":0,"comment_status":"closed","ping_status":"closed","template":"","meta":{"footnotes":""},"class_list":["post-49267","page","type-page","status-publish","has-post-thumbnail","hentry"],"yoast_head":"<!-- This site is optimized with the Yoast SEO plugin v26.1 - https:\/\/yoast.com\/wordpress\/plugins\/seo\/ -->\n<title>Keto Penne met butternut en gerookte zalm - Alternatievemiddelen.nl<\/title>\n<meta name=\"description\" content=\"Keto Penne met butternut en gerookte zalm - Gebruik je de Keto Penne dan maak je van dit recept ook een echte vetverbrander. Pasta en pompoen\" \/>\n<meta name=\"robots\" content=\"index, follow, max-snippet:-1, max-image-preview:large, max-video-preview:-1\" \/>\n<link rel=\"canonical\" href=\"https:\/\/www.alternatievemiddelen.nl\/de\/wp-json\/wp\/v2\/pages\/49267\" \/>\n<meta property=\"og:locale\" content=\"de_DE\" \/>\n<meta property=\"og:type\" content=\"article\" \/>\n<meta property=\"og:title\" content=\"Keto Penne met butternut en gerookte zalm - Alternatievemiddelen.nl\" \/>\n<meta property=\"og:description\" content=\"Keto Penne met butternut en gerookte zalm - Gebruik je de Keto Penne dan maak je van dit recept ook een echte vetverbrander. Pasta en pompoen\" \/>\n<meta property=\"og:url\" content=\"https:\/\/www.alternatievemiddelen.nl\/de\/keto-penne-mit-butternuss-und-raucherlachs\/\" \/>\n<meta property=\"og:site_name\" content=\"Alternatievemiddelen.nl\" \/>\n<meta property=\"article:modified_time\" content=\"2025-09-26T10:59:42+00:00\" \/>\n<meta property=\"og:image\" content=\"\/wp-content\/uploads\/2025\/09\/Keto-Penne-met-butternut-en-gerookte-zalm.jpg\" \/>\n\t<meta property=\"og:image:width\" content=\"1200\" \/>\n\t<meta property=\"og:image:height\" content=\"1600\" \/>\n\t<meta property=\"og:image:type\" content=\"image\/jpeg\" \/>\n<meta name=\"twitter:card\" content=\"summary_large_image\" \/>\n<meta name=\"twitter:label1\" content=\"Gesch\u00e4tzte Lesezeit\" \/>\n\t<meta name=\"twitter:data1\" content=\"2\u00a0Minuten\" \/>\n<script type=\"application\/ld+json\" class=\"yoast-schema-graph\">{\"@context\":\"https:\/\/schema.org\",\"@graph\":[{\"@type\":\"WebPage\",\"@id\":\"https:\/\/www.alternatievemiddelen.nl\/keto-penne-met-butternut-en-gerookte-zalm\/\",\"url\":\"https:\/\/www.alternatievemiddelen.nl\/keto-penne-met-butternut-en-gerookte-zalm\/\",\"name\":\"Keto Penne met butternut en gerookte zalm - Alternatievemiddelen.nl\",\"isPartOf\":{\"@id\":\"https:\/\/www.alternatievemiddelen.nl\/#website\"},\"primaryImageOfPage\":{\"@id\":\"https:\/\/www.alternatievemiddelen.nl\/keto-penne-met-butternut-en-gerookte-zalm\/#primaryimage\"},\"image\":{\"@id\":\"https:\/\/www.alternatievemiddelen.nl\/keto-penne-met-butternut-en-gerookte-zalm\/#primaryimage\"},\"thumbnailUrl\":\"https:\/\/www.alternatievemiddelen.nl\/wp-content\/uploads\/2025\/09\/Keto-Penne-met-butternut-en-gerookte-zalm.jpg\",\"datePublished\":\"2025-09-26T10:50:52+00:00\",\"dateModified\":\"2025-09-26T10:59:42+00:00\",\"description\":\"Keto Penne met butternut en gerookte zalm - Gebruik je de Keto Penne dan maak je van dit recept ook een echte vetverbrander. Pasta en pompoen\",\"breadcrumb\":{\"@id\":\"https:\/\/www.alternatievemiddelen.nl\/keto-penne-met-butternut-en-gerookte-zalm\/#breadcrumb\"},\"inLanguage\":\"de\",\"potentialAction\":[{\"@type\":\"ReadAction\",\"target\":[\"https:\/\/www.alternatievemiddelen.nl\/keto-penne-met-butternut-en-gerookte-zalm\/\"]}]},{\"@type\":\"ImageObject\",\"inLanguage\":\"de\",\"@id\":\"https:\/\/www.alternatievemiddelen.nl\/keto-penne-met-butternut-en-gerookte-zalm\/#primaryimage\",\"url\":\"https:\/\/www.alternatievemiddelen.nl\/wp-content\/uploads\/2025\/09\/Keto-Penne-met-butternut-en-gerookte-zalm.jpg\",\"contentUrl\":\"https:\/\/www.alternatievemiddelen.nl\/wp-content\/uploads\/2025\/09\/Keto-Penne-met-butternut-en-gerookte-zalm.jpg\",\"width\":1200,\"height\":1600,\"caption\":\"Keto Penne met butternut en gerookte zalm\"},{\"@type\":\"BreadcrumbList\",\"@id\":\"https:\/\/www.alternatievemiddelen.nl\/keto-penne-met-butternut-en-gerookte-zalm\/#breadcrumb\",\"itemListElement\":[{\"@type\":\"ListItem\",\"position\":1,\"name\":\"Home\",\"item\":\"https:\/\/www.alternatievemiddelen.nl\/\"},{\"@type\":\"ListItem\",\"position\":2,\"name\":\"Keto Penne met butternut en gerookte zalm\"}]},{\"@type\":\"WebSite\",\"@id\":\"https:\/\/www.alternatievemiddelen.nl\/#website\",\"url\":\"https:\/\/www.alternatievemiddelen.nl\/\",\"name\":\"Alternatievemiddelen.nl\",\"description\":\"Webshop met gezonde, duurzame en ecologische alternatieve mogelijkheden in de hedendaagse levenstijl. Alles uit eigen ervaring.\",\"publisher\":{\"@id\":\"https:\/\/www.alternatievemiddelen.nl\/#organization\"},\"potentialAction\":[{\"@type\":\"SearchAction\",\"target\":{\"@type\":\"EntryPoint\",\"urlTemplate\":\"https:\/\/www.alternatievemiddelen.nl\/?s={search_term_string}\"},\"query-input\":{\"@type\":\"PropertyValueSpecification\",\"valueRequired\":true,\"valueName\":\"search_term_string\"}}],\"inLanguage\":\"de\"},{\"@type\":\"Organization\",\"@id\":\"https:\/\/www.alternatievemiddelen.nl\/#organization\",\"name\":\"Alternatievemiddelen.nl\",\"url\":\"https:\/\/www.alternatievemiddelen.nl\/\",\"logo\":{\"@type\":\"ImageObject\",\"inLanguage\":\"de\",\"@id\":\"https:\/\/www.alternatievemiddelen.nl\/#\/schema\/logo\/image\/\",\"url\":\"https:\/\/www.alternatievemiddelen.nl\/wp-content\/uploads\/2023\/10\/alternatievemiddelen-PNG-logo.png\",\"contentUrl\":\"https:\/\/www.alternatievemiddelen.nl\/wp-content\/uploads\/2023\/10\/alternatievemiddelen-PNG-logo.png\",\"width\":6400,\"height\":3062,\"caption\":\"Alternatievemiddelen.nl\"},\"image\":{\"@id\":\"https:\/\/www.alternatievemiddelen.nl\/#\/schema\/logo\/image\/\"}}]}<\/script>\n<!-- \/ Yoast SEO plugin. -->","yoast_head_json":{"title":"Keto Penne met butternut en gerookte zalm - Alternatievemiddelen.nl","description":"Keto Penne met butternut en gerookte zalm - Gebruik je de Keto Penne dan maak je van dit recept ook een echte vetverbrander. Pasta en pompoen","robots":{"index":"index","follow":"follow","max-snippet":"max-snippet:-1","max-image-preview":"max-image-preview:large","max-video-preview":"max-video-preview:-1"},"canonical":"https:\/\/www.alternatievemiddelen.nl\/de\/wp-json\/wp\/v2\/pages\/49267","og_locale":"de_DE","og_type":"article","og_title":"Keto Penne met butternut en gerookte zalm - Alternatievemiddelen.nl","og_description":"Keto Penne met butternut en gerookte zalm - Gebruik je de Keto Penne dan maak je van dit recept ook een echte vetverbrander. Pasta en pompoen","og_url":"https:\/\/www.alternatievemiddelen.nl\/de\/keto-penne-mit-butternuss-und-raucherlachs\/","og_site_name":"Alternatievemiddelen.nl","article_modified_time":"2025-09-26T10:59:42+00:00","og_image":[{"width":1200,"height":1600,"url":"\/wp-content\/uploads\/2025\/09\/Keto-Penne-met-butternut-en-gerookte-zalm.jpg","type":"image\/jpeg"}],"twitter_card":"summary_large_image","twitter_misc":{"Gesch\u00e4tzte Lesezeit":"2\u00a0Minuten"},"schema":{"@context":"https:\/\/schema.org","@graph":[{"@type":"WebPage","@id":"https:\/\/www.alternatievemiddelen.nl\/keto-penne-met-butternut-en-gerookte-zalm\/","url":"https:\/\/www.alternatievemiddelen.nl\/keto-penne-met-butternut-en-gerookte-zalm\/","name":"Keto Penne met butternut en gerookte zalm - Alternatievemiddelen.nl","isPartOf":{"@id":"https:\/\/www.alternatievemiddelen.nl\/#website"},"primaryImageOfPage":{"@id":"https:\/\/www.alternatievemiddelen.nl\/keto-penne-met-butternut-en-gerookte-zalm\/#primaryimage"},"image":{"@id":"https:\/\/www.alternatievemiddelen.nl\/keto-penne-met-butternut-en-gerookte-zalm\/#primaryimage"},"thumbnailUrl":"https:\/\/www.alternatievemiddelen.nl\/wp-content\/uploads\/2025\/09\/Keto-Penne-met-butternut-en-gerookte-zalm.jpg","datePublished":"2025-09-26T10:50:52+00:00","dateModified":"2025-09-26T10:59:42+00:00","description":"Keto Penne met butternut en gerookte zalm - Gebruik je de Keto Penne dan maak je van dit recept ook een echte vetverbrander. Pasta en pompoen","breadcrumb":{"@id":"https:\/\/www.alternatievemiddelen.nl\/keto-penne-met-butternut-en-gerookte-zalm\/#breadcrumb"},"inLanguage":"de","potentialAction":[{"@type":"ReadAction","target":["https:\/\/www.alternatievemiddelen.nl\/keto-penne-met-butternut-en-gerookte-zalm\/"]}]},{"@type":"ImageObject","inLanguage":"de","@id":"https:\/\/www.alternatievemiddelen.nl\/keto-penne-met-butternut-en-gerookte-zalm\/#primaryimage","url":"https:\/\/www.alternatievemiddelen.nl\/wp-content\/uploads\/2025\/09\/Keto-Penne-met-butternut-en-gerookte-zalm.jpg","contentUrl":"https:\/\/www.alternatievemiddelen.nl\/wp-content\/uploads\/2025\/09\/Keto-Penne-met-butternut-en-gerookte-zalm.jpg","width":1200,"height":1600,"caption":"Keto Penne met butternut en gerookte zalm"},{"@type":"BreadcrumbList","@id":"https:\/\/www.alternatievemiddelen.nl\/keto-penne-met-butternut-en-gerookte-zalm\/#breadcrumb","itemListElement":[{"@type":"ListItem","position":1,"name":"Home","item":"https:\/\/www.alternatievemiddelen.nl\/"},{"@type":"ListItem","position":2,"name":"Keto Penne met butternut en gerookte zalm"}]},{"@type":"WebSite","@id":"https:\/\/www.alternatievemiddelen.nl\/#website","url":"https:\/\/www.alternatievemiddelen.nl\/","name":"Alternatievemiddelen.nl","description":"Webshop met gezonde, duurzame en ecologische alternatieve mogelijkheden in de hedendaagse levenstijl. Alles uit eigen ervaring.","publisher":{"@id":"https:\/\/www.alternatievemiddelen.nl\/#organization"},"potentialAction":[{"@type":"SearchAction","target":{"@type":"EntryPoint","urlTemplate":"https:\/\/www.alternatievemiddelen.nl\/?s={search_term_string}"},"query-input":{"@type":"PropertyValueSpecification","valueRequired":true,"valueName":"search_term_string"}}],"inLanguage":"de"},{"@type":"Organization","@id":"https:\/\/www.alternatievemiddelen.nl\/#organization","name":"Alternatievemiddelen.nl","url":"https:\/\/www.alternatievemiddelen.nl\/","logo":{"@type":"ImageObject","inLanguage":"de","@id":"https:\/\/www.alternatievemiddelen.nl\/#\/schema\/logo\/image\/","url":"https:\/\/www.alternatievemiddelen.nl\/wp-content\/uploads\/2023\/10\/alternatievemiddelen-PNG-logo.png","contentUrl":"https:\/\/www.alternatievemiddelen.nl\/wp-content\/uploads\/2023\/10\/alternatievemiddelen-PNG-logo.png","width":6400,"height":3062,"caption":"Alternatievemiddelen.nl"},"image":{"@id":"https:\/\/www.alternatievemiddelen.nl\/#\/schema\/logo\/image\/"}}]}},"_links":{"self":[{"href":"https:\/\/www.alternatievemiddelen.nl\/de\/wp-json\/wp\/v2\/pages\/49267","targetHints":{"allow":["GET"]}}],"collection":[{"href":"https:\/\/www.alternatievemiddelen.nl\/de\/wp-json\/wp\/v2\/pages"}],"about":[{"href":"https:\/\/www.alternatievemiddelen.nl\/de\/wp-json\/wp\/v2\/types\/page"}],"author":[{"embeddable":true,"href":"https:\/\/www.alternatievemiddelen.nl\/de\/wp-json\/wp\/v2\/users\/940"}],"replies":[{"embeddable":true,"href":"https:\/\/www.alternatievemiddelen.nl\/de\/wp-json\/wp\/v2\/comments?post=49267"}],"version-history":[{"count":7,"href":"https:\/\/www.alternatievemiddelen.nl\/de\/wp-json\/wp\/v2\/pages\/49267\/revisions"}],"predecessor-version":[{"id":49281,"href":"https:\/\/www.alternatievemiddelen.nl\/de\/wp-json\/wp\/v2\/pages\/49267\/revisions\/49281"}],"wp:featuredmedia":[{"embeddable":true,"href":"https:\/\/www.alternatievemiddelen.nl\/de\/wp-json\/wp\/v2\/media\/49268"}],"wp:attachment":[{"href":"https:\/\/www.alternatievemiddelen.nl\/de\/wp-json\/wp\/v2\/media?parent=49267"}],"curies":[{"name":"wp","href":"https:\/\/api.w.org\/{rel}","templated":true}]}}