{"id":49309,"date":"2025-09-26T14:15:25","date_gmt":"2025-09-26T12:15:25","guid":{"rendered":"https:\/\/www.alternatievemiddelen.nl\/?page_id=49309"},"modified":"2025-09-26T14:44:01","modified_gmt":"2025-09-26T12:44:01","slug":"vegan-tagliatelle-met-romige-rode-paprika-saus","status":"publish","type":"page","link":"https:\/\/www.alternatievemiddelen.nl\/de\/vegane-tagliatelle-mit-roter-paprika-sahnesauce\/","title":{"rendered":"Vegane Tagliatelle mit cremiger roter Paprikasauce"},"content":{"rendered":"<div data-elementor-type=\"wp-page\" data-elementor-id=\"49309\" class=\"elementor elementor-49309\" data-elementor-post-type=\"page\">\n\t\t\t\t<div data-particle_enable=\"false\" data-particle-mobile-disabled=\"false\" class=\"elementor-element elementor-element-496cced e-flex e-con-boxed e-con e-parent\" data-id=\"496cced\" data-element_type=\"container\" data-settings=\"{&quot;jet_parallax_layout_list&quot;:[]}\">\n\t\t\t\t\t<div class=\"e-con-inner\">\n\t\t\t\t<div class=\"elementor-element elementor-element-c8c9dac elementor-widget elementor-widget-heading\" data-id=\"c8c9dac\" data-element_type=\"widget\" data-widget_type=\"heading.default\">\n\t\t\t\t<div class=\"elementor-widget-container\">\n\t\t\t\t\t<h1 class=\"elementor-heading-title elementor-size-default\">Vegane Tagliatelle mit cremiger roter Paprikasauce<\/h1>\t\t\t\t<\/div>\n\t\t\t\t<\/div>\n\t\t\t\t\t<\/div>\n\t\t\t\t<\/div>\n\t\t<div data-particle_enable=\"false\" data-particle-mobile-disabled=\"false\" class=\"elementor-element elementor-element-d1c04dc e-flex e-con-boxed e-con e-parent\" data-id=\"d1c04dc\" data-element_type=\"container\" data-settings=\"{&quot;jet_parallax_layout_list&quot;:[]}\">\n\t\t\t\t\t<div class=\"e-con-inner\">\n\t\t<div data-particle_enable=\"false\" data-particle-mobile-disabled=\"false\" class=\"elementor-element elementor-element-08626d0 e-con-full e-flex e-con e-child\" data-id=\"08626d0\" data-element_type=\"container\" data-settings=\"{&quot;jet_parallax_layout_list&quot;:[]}\">\n\t\t\t\t<div class=\"elementor-element elementor-element-184582f elementor-widget elementor-widget-text-editor\" data-id=\"184582f\" data-element_type=\"widget\" data-widget_type=\"text-editor.default\">\n\t\t\t\t<div class=\"elementor-widget-container\">\n\t\t\t\t\t\t\t\t\t<p>Dies ist eines meiner Lieblingsnudelgerichte. Das Rezept ist super schnell zubereitet, komplett vegan, gluten- und laktosefrei und lecker. In 10 Minuten steht dieses tolle Nudelgericht auf dem Tisch. Sie k\u00f6nnen dieses Grundrezept jederzeit durch zus\u00e4tzliches Gem\u00fcse erg\u00e4nzen: z. B. Spinat, Pilze, Erbsen usw.<\/p><h3><strong>Das Rezept:<\/strong><\/h3><p>F\u00fcr 2-3 Personen:<\/p><ul><li>1 Packung <a href=\"https:\/\/www.alternatievemiddelen.nl\/de\/produkte\/tr-eat-vegane-tagliatelle-nudeln-250gr\/\">Vegane Tagliatelle<\/a><\/li><li>100 g Cashewn\u00fcsse<\/li><li>250 g gesch\u00e4lte, ger\u00f6stete rote Paprika (aus dem Glas)<\/li><li>1 Knoblauchzehe<\/li><li>Saft von 1\/2 Zitrone<\/li><li>500 ml Mandelmilch<\/li><li>1 Teel\u00f6ffel Tandoori-Gew\u00fcrz (kann weggelassen werden oder Sie k\u00f6nnen auch Za'atar oder Harissa-Pulver verwenden)<\/li><li>schwarzer Pfeffer und Salz<\/li><li>ger\u00f6stete schwarze Sesamsamen<\/li><li>frisches Basilikum<\/li><\/ul><p>\u00a0<\/p><p>Die Cashews und die Knoblauchzehe etwa drei Minuten lang kochen. Cashewkerne, Knoblauch, Paprika, Mandelmilch und Zitronensaft p\u00fcrieren, bis die Masse glatt ist. Mit Salz und Pfeffer und 1 Teel\u00f6ffel Tandoori-Gew\u00fcrz abschmecken.<\/p><p>Kochen Sie die <a href=\"https:\/\/www.alternatievemiddelen.nl\/de\/produkte\/tr-eat-vegane-tagliatelle-nudeln-250gr\/\">Vegane Tagliatelle<\/a> in Salzwasser 3 Minuten lang al dente kochen. Abgie\u00dfen und unter flie\u00dfendem Wasser gr\u00fcndlich absp\u00fclen.<\/p><p>Die Sauce in einer Pfanne erw\u00e4rmen und die Nudeln dazugeben. Mit einigen ger\u00f6steten schwarzen Sesamk\u00f6rnern und einigen frischen Basilikumbl\u00e4ttern servieren.<\/p><p><strong>Lecker!<\/strong><\/p><p>Tipp: Sie k\u00f6nnen diese Basisso\u00dfe mit zus\u00e4tzlichem Gem\u00fcse verfeinern: gebratene Pilze, frischer Spinat oder Erbsen passen perfekt zu diesem Gericht.<\/p>\t\t\t\t\t\t\t\t<\/div>\n\t\t\t\t<\/div>\n\t\t\t\t<\/div>\n\t\t<div data-particle_enable=\"false\" data-particle-mobile-disabled=\"false\" class=\"elementor-element elementor-element-724879c e-con-full e-flex e-con e-child\" data-id=\"724879c\" data-element_type=\"container\" data-settings=\"{&quot;jet_parallax_layout_list&quot;:[]}\">\n\t\t\t\t<div class=\"elementor-element elementor-element-a319f31 elementor-widget elementor-widget-image\" data-id=\"a319f31\" data-element_type=\"widget\" data-widget_type=\"image.default\">\n\t\t\t\t<div class=\"elementor-widget-container\">\n\t\t\t\t\t\t\t\t\t\t\t\t\t\t\t<img fetchpriority=\"high\" decoding=\"async\" width=\"1200\" height=\"1600\" src=\"https:\/\/www.alternatievemiddelen.nl\/wp-content\/uploads\/2025\/09\/Vegan-Tagliatelle-met-romige-rode-paprika-saus.jpg\" class=\"attachment-full size-full wp-image-49310\" alt=\"Vegane Tagliatelle mit cremiger roter Paprikasauce\" srcset=\"https:\/\/www.alternatievemiddelen.nl\/wp-content\/uploads\/2025\/09\/Vegan-Tagliatelle-met-romige-rode-paprika-saus.jpg 1200w, https:\/\/www.alternatievemiddelen.nl\/wp-content\/uploads\/2025\/09\/Vegan-Tagliatelle-met-romige-rode-paprika-saus-225x300.jpg 225w, https:\/\/www.alternatievemiddelen.nl\/wp-content\/uploads\/2025\/09\/Vegan-Tagliatelle-met-romige-rode-paprika-saus-768x1024.jpg 768w, https:\/\/www.alternatievemiddelen.nl\/wp-content\/uploads\/2025\/09\/Vegan-Tagliatelle-met-romige-rode-paprika-saus-1152x1536.jpg 1152w, https:\/\/www.alternatievemiddelen.nl\/wp-content\/uploads\/2025\/09\/Vegan-Tagliatelle-met-romige-rode-paprika-saus-9x12.jpg 9w, https:\/\/www.alternatievemiddelen.nl\/wp-content\/uploads\/2025\/09\/Vegan-Tagliatelle-met-romige-rode-paprika-saus-600x800.jpg 600w\" sizes=\"(max-width: 1200px) 100vw, 1200px\" \/>\t\t\t\t\t\t\t\t\t\t\t\t\t\t\t<\/div>\n\t\t\t\t<\/div>\n\t\t\t\t<\/div>\n\t\t\t\t\t<\/div>\n\t\t\t\t<\/div>\n\t\t\t\t<\/div>","protected":false},"excerpt":{"rendered":"<p>Vegane Tagliatelle mit cremiger Paprikaso\u00dfe Dies ist eines meiner Lieblingsnudelgerichte. Das Rezept ist super schnell zubereitet, komplett vegan, gluten- und laktosefrei und lecker. In 10 Minuten steht dieses tolle Nudelgericht auf dem Tisch. Sie k\u00f6nnen dieses Grundrezept jederzeit mit weiteren Gem\u00fcsesorten erg\u00e4nzen: z. B. Spinat, Pilze, Erbsen, etc. Rezept: F\u00fcr [...]<\/p>","protected":false},"author":940,"featured_media":49310,"parent":0,"menu_order":0,"comment_status":"closed","ping_status":"closed","template":"","meta":{"footnotes":""},"class_list":["post-49309","page","type-page","status-publish","has-post-thumbnail","hentry"],"yoast_head":"<!-- This site is optimized with the Yoast SEO plugin v26.1 - https:\/\/yoast.com\/wordpress\/plugins\/seo\/ -->\n<title>Vegan Tagliatelle met romige rode paprika saus - Alternatievemiddelen.nl<\/title>\n<meta name=\"description\" content=\"Vegan Tagliatelle met romige rode paprika saus - Het recept is super snel klaar, volledig vegan, gluten- en lactosevrij en overheerlijk.\" \/>\n<meta name=\"robots\" content=\"index, follow, max-snippet:-1, max-image-preview:large, max-video-preview:-1\" \/>\n<link rel=\"canonical\" href=\"https:\/\/www.alternatievemiddelen.nl\/de\/wp-json\/wp\/v2\/pages\/49309\" \/>\n<meta property=\"og:locale\" content=\"de_DE\" \/>\n<meta property=\"og:type\" content=\"article\" \/>\n<meta property=\"og:title\" content=\"Vegan Tagliatelle met romige rode paprika saus - Alternatievemiddelen.nl\" \/>\n<meta property=\"og:description\" content=\"Vegan Tagliatelle met romige rode paprika saus - Het recept is super snel klaar, volledig vegan, gluten- en lactosevrij en overheerlijk.\" \/>\n<meta property=\"og:url\" content=\"https:\/\/www.alternatievemiddelen.nl\/de\/vegane-tagliatelle-mit-roter-paprika-sahnesauce\/\" \/>\n<meta property=\"og:site_name\" content=\"Alternatievemiddelen.nl\" \/>\n<meta property=\"article:modified_time\" content=\"2025-09-26T12:44:01+00:00\" \/>\n<meta property=\"og:image\" content=\"\/wp-content\/uploads\/2025\/09\/Vegan-Tagliatelle-met-romige-rode-paprika-saus.jpg\" \/>\n\t<meta property=\"og:image:width\" content=\"1200\" \/>\n\t<meta property=\"og:image:height\" content=\"1600\" \/>\n\t<meta property=\"og:image:type\" content=\"image\/jpeg\" \/>\n<meta name=\"twitter:card\" content=\"summary_large_image\" \/>\n<meta name=\"twitter:label1\" content=\"Gesch\u00e4tzte Lesezeit\" \/>\n\t<meta name=\"twitter:data1\" content=\"2\u00a0Minuten\" \/>\n<script type=\"application\/ld+json\" class=\"yoast-schema-graph\">{\"@context\":\"https:\/\/schema.org\",\"@graph\":[{\"@type\":\"WebPage\",\"@id\":\"https:\/\/www.alternatievemiddelen.nl\/vegan-tagliatelle-met-romige-rode-paprika-saus\/\",\"url\":\"https:\/\/www.alternatievemiddelen.nl\/vegan-tagliatelle-met-romige-rode-paprika-saus\/\",\"name\":\"Vegan Tagliatelle met romige rode paprika saus - Alternatievemiddelen.nl\",\"isPartOf\":{\"@id\":\"https:\/\/www.alternatievemiddelen.nl\/#website\"},\"primaryImageOfPage\":{\"@id\":\"https:\/\/www.alternatievemiddelen.nl\/vegan-tagliatelle-met-romige-rode-paprika-saus\/#primaryimage\"},\"image\":{\"@id\":\"https:\/\/www.alternatievemiddelen.nl\/vegan-tagliatelle-met-romige-rode-paprika-saus\/#primaryimage\"},\"thumbnailUrl\":\"https:\/\/www.alternatievemiddelen.nl\/wp-content\/uploads\/2025\/09\/Vegan-Tagliatelle-met-romige-rode-paprika-saus.jpg\",\"datePublished\":\"2025-09-26T12:15:25+00:00\",\"dateModified\":\"2025-09-26T12:44:01+00:00\",\"description\":\"Vegan Tagliatelle met romige rode paprika saus - Het recept is super snel klaar, volledig vegan, gluten- en lactosevrij en overheerlijk.\",\"breadcrumb\":{\"@id\":\"https:\/\/www.alternatievemiddelen.nl\/vegan-tagliatelle-met-romige-rode-paprika-saus\/#breadcrumb\"},\"inLanguage\":\"de\",\"potentialAction\":[{\"@type\":\"ReadAction\",\"target\":[\"https:\/\/www.alternatievemiddelen.nl\/vegan-tagliatelle-met-romige-rode-paprika-saus\/\"]}]},{\"@type\":\"ImageObject\",\"inLanguage\":\"de\",\"@id\":\"https:\/\/www.alternatievemiddelen.nl\/vegan-tagliatelle-met-romige-rode-paprika-saus\/#primaryimage\",\"url\":\"https:\/\/www.alternatievemiddelen.nl\/wp-content\/uploads\/2025\/09\/Vegan-Tagliatelle-met-romige-rode-paprika-saus.jpg\",\"contentUrl\":\"https:\/\/www.alternatievemiddelen.nl\/wp-content\/uploads\/2025\/09\/Vegan-Tagliatelle-met-romige-rode-paprika-saus.jpg\",\"width\":1200,\"height\":1600,\"caption\":\"Vegan Tagliatelle met romige rode paprika saus\"},{\"@type\":\"BreadcrumbList\",\"@id\":\"https:\/\/www.alternatievemiddelen.nl\/vegan-tagliatelle-met-romige-rode-paprika-saus\/#breadcrumb\",\"itemListElement\":[{\"@type\":\"ListItem\",\"position\":1,\"name\":\"Home\",\"item\":\"https:\/\/www.alternatievemiddelen.nl\/\"},{\"@type\":\"ListItem\",\"position\":2,\"name\":\"Vegan Tagliatelle met romige rode paprika saus\"}]},{\"@type\":\"WebSite\",\"@id\":\"https:\/\/www.alternatievemiddelen.nl\/#website\",\"url\":\"https:\/\/www.alternatievemiddelen.nl\/\",\"name\":\"Alternatievemiddelen.nl\",\"description\":\"Webshop met gezonde, duurzame en ecologische alternatieve mogelijkheden in de hedendaagse levenstijl. Alles uit eigen ervaring.\",\"publisher\":{\"@id\":\"https:\/\/www.alternatievemiddelen.nl\/#organization\"},\"potentialAction\":[{\"@type\":\"SearchAction\",\"target\":{\"@type\":\"EntryPoint\",\"urlTemplate\":\"https:\/\/www.alternatievemiddelen.nl\/?s={search_term_string}\"},\"query-input\":{\"@type\":\"PropertyValueSpecification\",\"valueRequired\":true,\"valueName\":\"search_term_string\"}}],\"inLanguage\":\"de\"},{\"@type\":\"Organization\",\"@id\":\"https:\/\/www.alternatievemiddelen.nl\/#organization\",\"name\":\"Alternatievemiddelen.nl\",\"url\":\"https:\/\/www.alternatievemiddelen.nl\/\",\"logo\":{\"@type\":\"ImageObject\",\"inLanguage\":\"de\",\"@id\":\"https:\/\/www.alternatievemiddelen.nl\/#\/schema\/logo\/image\/\",\"url\":\"https:\/\/www.alternatievemiddelen.nl\/wp-content\/uploads\/2023\/10\/alternatievemiddelen-PNG-logo.png\",\"contentUrl\":\"https:\/\/www.alternatievemiddelen.nl\/wp-content\/uploads\/2023\/10\/alternatievemiddelen-PNG-logo.png\",\"width\":6400,\"height\":3062,\"caption\":\"Alternatievemiddelen.nl\"},\"image\":{\"@id\":\"https:\/\/www.alternatievemiddelen.nl\/#\/schema\/logo\/image\/\"}}]}<\/script>\n<!-- \/ Yoast SEO plugin. -->","yoast_head_json":{"title":"Vegan Tagliatelle met romige rode paprika saus - Alternatievemiddelen.nl","description":"Vegan Tagliatelle met romige rode paprika saus - Het recept is super snel klaar, volledig vegan, gluten- en lactosevrij en overheerlijk.","robots":{"index":"index","follow":"follow","max-snippet":"max-snippet:-1","max-image-preview":"max-image-preview:large","max-video-preview":"max-video-preview:-1"},"canonical":"https:\/\/www.alternatievemiddelen.nl\/de\/wp-json\/wp\/v2\/pages\/49309","og_locale":"de_DE","og_type":"article","og_title":"Vegan Tagliatelle met romige rode paprika saus - Alternatievemiddelen.nl","og_description":"Vegan Tagliatelle met romige rode paprika saus - Het recept is super snel klaar, volledig vegan, gluten- en lactosevrij en overheerlijk.","og_url":"https:\/\/www.alternatievemiddelen.nl\/de\/vegane-tagliatelle-mit-roter-paprika-sahnesauce\/","og_site_name":"Alternatievemiddelen.nl","article_modified_time":"2025-09-26T12:44:01+00:00","og_image":[{"width":1200,"height":1600,"url":"\/wp-content\/uploads\/2025\/09\/Vegan-Tagliatelle-met-romige-rode-paprika-saus.jpg","type":"image\/jpeg"}],"twitter_card":"summary_large_image","twitter_misc":{"Gesch\u00e4tzte Lesezeit":"2\u00a0Minuten"},"schema":{"@context":"https:\/\/schema.org","@graph":[{"@type":"WebPage","@id":"https:\/\/www.alternatievemiddelen.nl\/vegan-tagliatelle-met-romige-rode-paprika-saus\/","url":"https:\/\/www.alternatievemiddelen.nl\/vegan-tagliatelle-met-romige-rode-paprika-saus\/","name":"Vegan Tagliatelle met romige rode paprika saus - Alternatievemiddelen.nl","isPartOf":{"@id":"https:\/\/www.alternatievemiddelen.nl\/#website"},"primaryImageOfPage":{"@id":"https:\/\/www.alternatievemiddelen.nl\/vegan-tagliatelle-met-romige-rode-paprika-saus\/#primaryimage"},"image":{"@id":"https:\/\/www.alternatievemiddelen.nl\/vegan-tagliatelle-met-romige-rode-paprika-saus\/#primaryimage"},"thumbnailUrl":"https:\/\/www.alternatievemiddelen.nl\/wp-content\/uploads\/2025\/09\/Vegan-Tagliatelle-met-romige-rode-paprika-saus.jpg","datePublished":"2025-09-26T12:15:25+00:00","dateModified":"2025-09-26T12:44:01+00:00","description":"Vegan Tagliatelle met romige rode paprika saus - Het recept is super snel klaar, volledig vegan, gluten- en lactosevrij en overheerlijk.","breadcrumb":{"@id":"https:\/\/www.alternatievemiddelen.nl\/vegan-tagliatelle-met-romige-rode-paprika-saus\/#breadcrumb"},"inLanguage":"de","potentialAction":[{"@type":"ReadAction","target":["https:\/\/www.alternatievemiddelen.nl\/vegan-tagliatelle-met-romige-rode-paprika-saus\/"]}]},{"@type":"ImageObject","inLanguage":"de","@id":"https:\/\/www.alternatievemiddelen.nl\/vegan-tagliatelle-met-romige-rode-paprika-saus\/#primaryimage","url":"https:\/\/www.alternatievemiddelen.nl\/wp-content\/uploads\/2025\/09\/Vegan-Tagliatelle-met-romige-rode-paprika-saus.jpg","contentUrl":"https:\/\/www.alternatievemiddelen.nl\/wp-content\/uploads\/2025\/09\/Vegan-Tagliatelle-met-romige-rode-paprika-saus.jpg","width":1200,"height":1600,"caption":"Vegan Tagliatelle met romige rode paprika saus"},{"@type":"BreadcrumbList","@id":"https:\/\/www.alternatievemiddelen.nl\/vegan-tagliatelle-met-romige-rode-paprika-saus\/#breadcrumb","itemListElement":[{"@type":"ListItem","position":1,"name":"Home","item":"https:\/\/www.alternatievemiddelen.nl\/"},{"@type":"ListItem","position":2,"name":"Vegan Tagliatelle met romige rode paprika saus"}]},{"@type":"WebSite","@id":"https:\/\/www.alternatievemiddelen.nl\/#website","url":"https:\/\/www.alternatievemiddelen.nl\/","name":"Alternatievemiddelen.nl","description":"Webshop met gezonde, duurzame en ecologische alternatieve mogelijkheden in de hedendaagse levenstijl. Alles uit eigen ervaring.","publisher":{"@id":"https:\/\/www.alternatievemiddelen.nl\/#organization"},"potentialAction":[{"@type":"SearchAction","target":{"@type":"EntryPoint","urlTemplate":"https:\/\/www.alternatievemiddelen.nl\/?s={search_term_string}"},"query-input":{"@type":"PropertyValueSpecification","valueRequired":true,"valueName":"search_term_string"}}],"inLanguage":"de"},{"@type":"Organization","@id":"https:\/\/www.alternatievemiddelen.nl\/#organization","name":"Alternatievemiddelen.nl","url":"https:\/\/www.alternatievemiddelen.nl\/","logo":{"@type":"ImageObject","inLanguage":"de","@id":"https:\/\/www.alternatievemiddelen.nl\/#\/schema\/logo\/image\/","url":"https:\/\/www.alternatievemiddelen.nl\/wp-content\/uploads\/2023\/10\/alternatievemiddelen-PNG-logo.png","contentUrl":"https:\/\/www.alternatievemiddelen.nl\/wp-content\/uploads\/2023\/10\/alternatievemiddelen-PNG-logo.png","width":6400,"height":3062,"caption":"Alternatievemiddelen.nl"},"image":{"@id":"https:\/\/www.alternatievemiddelen.nl\/#\/schema\/logo\/image\/"}}]}},"_links":{"self":[{"href":"https:\/\/www.alternatievemiddelen.nl\/de\/wp-json\/wp\/v2\/pages\/49309","targetHints":{"allow":["GET"]}}],"collection":[{"href":"https:\/\/www.alternatievemiddelen.nl\/de\/wp-json\/wp\/v2\/pages"}],"about":[{"href":"https:\/\/www.alternatievemiddelen.nl\/de\/wp-json\/wp\/v2\/types\/page"}],"author":[{"embeddable":true,"href":"https:\/\/www.alternatievemiddelen.nl\/de\/wp-json\/wp\/v2\/users\/940"}],"replies":[{"embeddable":true,"href":"https:\/\/www.alternatievemiddelen.nl\/de\/wp-json\/wp\/v2\/comments?post=49309"}],"version-history":[{"count":13,"href":"https:\/\/www.alternatievemiddelen.nl\/de\/wp-json\/wp\/v2\/pages\/49309\/revisions"}],"predecessor-version":[{"id":49338,"href":"https:\/\/www.alternatievemiddelen.nl\/de\/wp-json\/wp\/v2\/pages\/49309\/revisions\/49338"}],"wp:featuredmedia":[{"embeddable":true,"href":"https:\/\/www.alternatievemiddelen.nl\/de\/wp-json\/wp\/v2\/media\/49310"}],"wp:attachment":[{"href":"https:\/\/www.alternatievemiddelen.nl\/de\/wp-json\/wp\/v2\/media?parent=49309"}],"curies":[{"name":"wp","href":"https:\/\/api.w.org\/{rel}","templated":true}]}}