{"id":49372,"date":"2025-09-26T15:55:41","date_gmt":"2025-09-26T13:55:41","guid":{"rendered":"https:\/\/www.alternatievemiddelen.nl\/?page_id=49372"},"modified":"2025-09-26T15:59:30","modified_gmt":"2025-09-26T13:59:30","slug":"green-pasta-pesto-met-balletjes","status":"publish","type":"page","link":"https:\/\/www.alternatievemiddelen.nl\/de\/grunes-nudelpesto-mit-kugeln\/","title":{"rendered":"Gr\u00fcnes Nudelpesto mit Kugeln"},"content":{"rendered":"<div data-elementor-type=\"wp-page\" data-elementor-id=\"49372\" class=\"elementor elementor-49372\" data-elementor-post-type=\"page\">\n\t\t\t\t<div data-particle_enable=\"false\" data-particle-mobile-disabled=\"false\" class=\"elementor-element elementor-element-496cced e-flex e-con-boxed e-con e-parent\" data-id=\"496cced\" data-element_type=\"container\" data-settings=\"{&quot;jet_parallax_layout_list&quot;:[]}\">\n\t\t\t\t\t<div class=\"e-con-inner\">\n\t\t\t\t<div class=\"elementor-element elementor-element-c8c9dac elementor-widget elementor-widget-heading\" data-id=\"c8c9dac\" data-element_type=\"widget\" data-widget_type=\"heading.default\">\n\t\t\t\t<div class=\"elementor-widget-container\">\n\t\t\t\t\t<h1 class=\"elementor-heading-title elementor-size-default\">Gr\u00fcnes Nudelpesto mit Kugeln<\/h1>\t\t\t\t<\/div>\n\t\t\t\t<\/div>\n\t\t\t\t\t<\/div>\n\t\t\t\t<\/div>\n\t\t<div data-particle_enable=\"false\" data-particle-mobile-disabled=\"false\" class=\"elementor-element elementor-element-d1c04dc e-flex e-con-boxed e-con e-parent\" data-id=\"d1c04dc\" data-element_type=\"container\" data-settings=\"{&quot;jet_parallax_layout_list&quot;:[]}\">\n\t\t\t\t\t<div class=\"e-con-inner\">\n\t\t<div data-particle_enable=\"false\" data-particle-mobile-disabled=\"false\" class=\"elementor-element elementor-element-08626d0 e-con-full e-flex e-con e-child\" data-id=\"08626d0\" data-element_type=\"container\" data-settings=\"{&quot;jet_parallax_layout_list&quot;:[]}\">\n\t\t\t\t<div class=\"elementor-element elementor-element-184582f elementor-widget elementor-widget-text-editor\" data-id=\"184582f\" data-element_type=\"widget\" data-widget_type=\"text-editor.default\">\n\t\t\t\t<div class=\"elementor-widget-container\">\n\t\t\t\t\t\t\t\t\t<p>Haben Sie sich schon einmal gefragt, wie Sie (noch) mehr Gem\u00fcse in Ihre Mahlzeit einbauen k\u00f6nnen? Haben Sie schon einmal daran gedacht, daraus ein k\u00f6stliches Gem\u00fcsepesto zu machen, das zu Nudeln passt? Dieses Pesto ist so einfach und schnell zubereitet. Sie k\u00f6nnen die Reste des Gem\u00fcses vom Vortag verwenden, um dieses Pesto zuzubereiten. Servieren Sie es mit etwas <a href=\"https:\/\/www.alternatievemiddelen.nl\/de\/produkte\/tr-eat-penne-tricolore-nudeln-250gr\/\">Penne Tricolore<\/a>der auch Spinat und Rote Bete enth\u00e4lt. K\u00f6stliche Vielfalt auf Ihrem Teller!<\/p><h3><strong>Das Rezept:<\/strong><\/h3><div class=\"tr-wrapper\"><div class=\"tr-recipe-detail__recipe me-wysiwyg\"><p><strong>F\u00fcr 4 Personen<\/strong><\/p><ul><li>Dieses Gericht kann sowohl mit\u00a0<a href=\"https:\/\/www.alternatievemiddelen.nl\/de\/produkte\/tr-eat-penne-tricolore-nudeln-250gr\/\"><strong>Penne Tricolore<\/strong><\/a>\u00a0wie bei\u00a0<a href=\"https:\/\/www.alternatievemiddelen.nl\/de\/produkte\/tr-eat-fusilli-nudeln-250gr\/\"><strong>Fusilli<\/strong><\/a>\u00a0bedient werden<\/li><\/ul><p>\u00a0<\/p><p>F\u00fcr die Fleischb\u00e4llchen:<\/p><ul><li>400 bis 450 g H\u00fchnerhackfleisch<\/li><\/ul><p>\u00a0<\/p><p>F\u00fcr die Nudelsauce:<\/p><ul><li>1 Zwiebel<\/li><li>1 bis 2 Knoblauchzehen<\/li><li>1 kleiner Brokkoli<\/li><li>50 g gesch\u00e4lte Pistazien<\/li><li>1 Handvoll junger Spinat<\/li><li>1 Handvoll frischer Basilikumbl\u00e4tter<\/li><li>Saft von 1\/2 Zitrone<\/li><li>1 Essl\u00f6ffel Edelsteinsplitter (wahlweise)<\/li><li>Pfeffer, Salz und Muskatnuss<\/li><li>30 ml Oliven\u00f6l<\/li><li>50 ml Pflanzenmilch<\/li><li>200 ml H\u00fchner- oder Gem\u00fcsebr\u00fche<\/li><\/ul><p>\u00a0<\/p><p>Aus dem Hackfleisch kleine B\u00e4llchen formen. Diese in einer Pfanne mit etwas Fett goldbraun braten.<\/p><p>Die Nudeln in leicht gesalzenem, kochendem Wasser 5 Minuten kochen. Dann kurz absp\u00fclen und beiseite stellen. Ein paar Brokkolir\u00f6schen zum Garnieren beiseite legen.<\/p><p>Die Brokkolir\u00f6schen zusammen mit der Zwiebel d\u00e4mpfen oder blanchieren, bis sie bissfest sind. Blanchieren Sie auch die Knoblauchzehen, wenn Sie keinen rohen Knoblauch m\u00f6gen.<\/p><p>Den ged\u00fcnsteten Brokkoli, die Zwiebel, den Knoblauch, die Pistazien, den Spinat und das Basilikum zusammen mit dem Saft einer halben Zitrone, etwas Pflanzenmilch, Oliven\u00f6l und Edelhefeflocken (optional) p\u00fcrieren, bis eine glatte Masse entsteht. Etwas Br\u00fche hinzuf\u00fcgen, bis die gew\u00fcnschte Dicke der Pestosauce erreicht ist.<\/p><p>Die Pesto-Sauce in einer Pfanne erw\u00e4rmen und die Nudeln dazugeben. Auch den restlichen Brokkoli und einige Spinat- und Basilikumbl\u00e4tter hinzuf\u00fcgen. Hei\u00df mit einigen H\u00fchnerb\u00e4llchen servieren und mit ein paar Tropfen Oliven\u00f6l abschlie\u00dfen.<\/p><p><strong>Viel Spa\u00df!<\/strong><\/p><p>Tipp: Anstelle von H\u00fchner- oder Gem\u00fcsebr\u00fche k\u00f6nnen Sie auch die Kochfl\u00fcssigkeit des Brokkolis verwenden.<\/p><\/div><\/div>\t\t\t\t\t\t\t\t<\/div>\n\t\t\t\t<\/div>\n\t\t\t\t<\/div>\n\t\t<div data-particle_enable=\"false\" data-particle-mobile-disabled=\"false\" class=\"elementor-element elementor-element-724879c e-con-full e-flex e-con e-child\" data-id=\"724879c\" data-element_type=\"container\" data-settings=\"{&quot;jet_parallax_layout_list&quot;:[]}\">\n\t\t\t\t<div class=\"elementor-element elementor-element-a319f31 elementor-widget elementor-widget-image\" data-id=\"a319f31\" data-element_type=\"widget\" data-widget_type=\"image.default\">\n\t\t\t\t<div class=\"elementor-widget-container\">\n\t\t\t\t\t\t\t\t\t\t\t\t\t\t\t<img fetchpriority=\"high\" decoding=\"async\" width=\"1200\" height=\"1600\" src=\"https:\/\/www.alternatievemiddelen.nl\/wp-content\/uploads\/2025\/09\/Green-pasta-pesto-met-balletjes.jpg\" class=\"attachment-full size-full wp-image-49373\" alt=\"Gr\u00fcnes Nudelpesto mit Kugeln\" srcset=\"https:\/\/www.alternatievemiddelen.nl\/wp-content\/uploads\/2025\/09\/Green-pasta-pesto-met-balletjes.jpg 1200w, https:\/\/www.alternatievemiddelen.nl\/wp-content\/uploads\/2025\/09\/Green-pasta-pesto-met-balletjes-225x300.jpg 225w, https:\/\/www.alternatievemiddelen.nl\/wp-content\/uploads\/2025\/09\/Green-pasta-pesto-met-balletjes-768x1024.jpg 768w, https:\/\/www.alternatievemiddelen.nl\/wp-content\/uploads\/2025\/09\/Green-pasta-pesto-met-balletjes-1152x1536.jpg 1152w, https:\/\/www.alternatievemiddelen.nl\/wp-content\/uploads\/2025\/09\/Green-pasta-pesto-met-balletjes-9x12.jpg 9w, https:\/\/www.alternatievemiddelen.nl\/wp-content\/uploads\/2025\/09\/Green-pasta-pesto-met-balletjes-600x800.jpg 600w\" sizes=\"(max-width: 1200px) 100vw, 1200px\" \/>\t\t\t\t\t\t\t\t\t\t\t\t\t\t\t<\/div>\n\t\t\t\t<\/div>\n\t\t\t\t<\/div>\n\t\t\t\t\t<\/div>\n\t\t\t\t<\/div>\n\t\t\t\t<\/div>","protected":false},"excerpt":{"rendered":"<p>Gr\u00fcnes Nudelpesto mit B\u00e4llchen Haben Sie sich schon einmal gefragt, wie Sie (noch) mehr Gem\u00fcse in Ihr Essen einbauen k\u00f6nnen? Haben Sie schon einmal daran gedacht, daraus ein k\u00f6stliches Gem\u00fcsepesto zu machen, das zu Ihrer Pasta passt? Dieses Pesto ist so einfach und schnell zubereitet. Sie k\u00f6nnen die Gem\u00fcsereste vom Vortag verwenden [...]<\/p>","protected":false},"author":940,"featured_media":49373,"parent":0,"menu_order":0,"comment_status":"closed","ping_status":"closed","template":"","meta":{"footnotes":""},"class_list":["post-49372","page","type-page","status-publish","has-post-thumbnail","hentry"],"yoast_head":"<!-- This site is optimized with the Yoast SEO plugin v26.1 - https:\/\/yoast.com\/wordpress\/plugins\/seo\/ -->\n<title>Green pasta pesto met balletjes - Alternatievemiddelen.nl<\/title>\n<meta name=\"description\" content=\"Green pasta pesto met balletjes - Al eens gedacht om heel veel groenten te blenden tot een overheerlijke groentenpesto voor bij de pasta?\" \/>\n<meta name=\"robots\" content=\"index, follow, max-snippet:-1, max-image-preview:large, max-video-preview:-1\" \/>\n<link rel=\"canonical\" href=\"https:\/\/www.alternatievemiddelen.nl\/de\/wp-json\/wp\/v2\/pages\/49372\" \/>\n<meta property=\"og:locale\" content=\"de_DE\" \/>\n<meta property=\"og:type\" content=\"article\" \/>\n<meta property=\"og:title\" content=\"Green pasta pesto met balletjes - Alternatievemiddelen.nl\" \/>\n<meta property=\"og:description\" content=\"Green pasta pesto met balletjes - Al eens gedacht om heel veel groenten te blenden tot een overheerlijke groentenpesto voor bij de pasta?\" \/>\n<meta property=\"og:url\" content=\"https:\/\/www.alternatievemiddelen.nl\/de\/grunes-nudelpesto-mit-kugeln\/\" \/>\n<meta property=\"og:site_name\" content=\"Alternatievemiddelen.nl\" \/>\n<meta property=\"article:modified_time\" content=\"2025-09-26T13:59:30+00:00\" \/>\n<meta property=\"og:image\" content=\"\/wp-content\/uploads\/2025\/09\/Green-pasta-pesto-met-balletjes.jpg\" \/>\n\t<meta property=\"og:image:width\" content=\"1200\" \/>\n\t<meta property=\"og:image:height\" content=\"1600\" \/>\n\t<meta property=\"og:image:type\" content=\"image\/jpeg\" \/>\n<meta name=\"twitter:card\" content=\"summary_large_image\" \/>\n<meta name=\"twitter:label1\" content=\"Gesch\u00e4tzte Lesezeit\" \/>\n\t<meta name=\"twitter:data1\" content=\"2\u00a0Minuten\" \/>\n<script type=\"application\/ld+json\" class=\"yoast-schema-graph\">{\"@context\":\"https:\/\/schema.org\",\"@graph\":[{\"@type\":\"WebPage\",\"@id\":\"https:\/\/www.alternatievemiddelen.nl\/green-pasta-pesto-met-balletjes\/\",\"url\":\"https:\/\/www.alternatievemiddelen.nl\/green-pasta-pesto-met-balletjes\/\",\"name\":\"Green pasta pesto met balletjes - Alternatievemiddelen.nl\",\"isPartOf\":{\"@id\":\"https:\/\/www.alternatievemiddelen.nl\/#website\"},\"primaryImageOfPage\":{\"@id\":\"https:\/\/www.alternatievemiddelen.nl\/green-pasta-pesto-met-balletjes\/#primaryimage\"},\"image\":{\"@id\":\"https:\/\/www.alternatievemiddelen.nl\/green-pasta-pesto-met-balletjes\/#primaryimage\"},\"thumbnailUrl\":\"https:\/\/www.alternatievemiddelen.nl\/wp-content\/uploads\/2025\/09\/Green-pasta-pesto-met-balletjes.jpg\",\"datePublished\":\"2025-09-26T13:55:41+00:00\",\"dateModified\":\"2025-09-26T13:59:30+00:00\",\"description\":\"Green pasta pesto met balletjes - Al eens gedacht om heel veel groenten te blenden tot een overheerlijke groentenpesto voor bij de pasta?\",\"breadcrumb\":{\"@id\":\"https:\/\/www.alternatievemiddelen.nl\/green-pasta-pesto-met-balletjes\/#breadcrumb\"},\"inLanguage\":\"de\",\"potentialAction\":[{\"@type\":\"ReadAction\",\"target\":[\"https:\/\/www.alternatievemiddelen.nl\/green-pasta-pesto-met-balletjes\/\"]}]},{\"@type\":\"ImageObject\",\"inLanguage\":\"de\",\"@id\":\"https:\/\/www.alternatievemiddelen.nl\/green-pasta-pesto-met-balletjes\/#primaryimage\",\"url\":\"https:\/\/www.alternatievemiddelen.nl\/wp-content\/uploads\/2025\/09\/Green-pasta-pesto-met-balletjes.jpg\",\"contentUrl\":\"https:\/\/www.alternatievemiddelen.nl\/wp-content\/uploads\/2025\/09\/Green-pasta-pesto-met-balletjes.jpg\",\"width\":1200,\"height\":1600,\"caption\":\"Green pasta pesto met balletjes\"},{\"@type\":\"BreadcrumbList\",\"@id\":\"https:\/\/www.alternatievemiddelen.nl\/green-pasta-pesto-met-balletjes\/#breadcrumb\",\"itemListElement\":[{\"@type\":\"ListItem\",\"position\":1,\"name\":\"Home\",\"item\":\"https:\/\/www.alternatievemiddelen.nl\/\"},{\"@type\":\"ListItem\",\"position\":2,\"name\":\"Green pasta pesto met balletjes\"}]},{\"@type\":\"WebSite\",\"@id\":\"https:\/\/www.alternatievemiddelen.nl\/#website\",\"url\":\"https:\/\/www.alternatievemiddelen.nl\/\",\"name\":\"Alternatievemiddelen.nl\",\"description\":\"Webshop met gezonde, duurzame en ecologische alternatieve mogelijkheden in de hedendaagse levenstijl. Alles uit eigen ervaring.\",\"publisher\":{\"@id\":\"https:\/\/www.alternatievemiddelen.nl\/#organization\"},\"potentialAction\":[{\"@type\":\"SearchAction\",\"target\":{\"@type\":\"EntryPoint\",\"urlTemplate\":\"https:\/\/www.alternatievemiddelen.nl\/?s={search_term_string}\"},\"query-input\":{\"@type\":\"PropertyValueSpecification\",\"valueRequired\":true,\"valueName\":\"search_term_string\"}}],\"inLanguage\":\"de\"},{\"@type\":\"Organization\",\"@id\":\"https:\/\/www.alternatievemiddelen.nl\/#organization\",\"name\":\"Alternatievemiddelen.nl\",\"url\":\"https:\/\/www.alternatievemiddelen.nl\/\",\"logo\":{\"@type\":\"ImageObject\",\"inLanguage\":\"de\",\"@id\":\"https:\/\/www.alternatievemiddelen.nl\/#\/schema\/logo\/image\/\",\"url\":\"https:\/\/www.alternatievemiddelen.nl\/wp-content\/uploads\/2023\/10\/alternatievemiddelen-PNG-logo.png\",\"contentUrl\":\"https:\/\/www.alternatievemiddelen.nl\/wp-content\/uploads\/2023\/10\/alternatievemiddelen-PNG-logo.png\",\"width\":6400,\"height\":3062,\"caption\":\"Alternatievemiddelen.nl\"},\"image\":{\"@id\":\"https:\/\/www.alternatievemiddelen.nl\/#\/schema\/logo\/image\/\"}}]}<\/script>\n<!-- \/ Yoast SEO plugin. -->","yoast_head_json":{"title":"Green pasta pesto met balletjes - Alternatievemiddelen.nl","description":"Green pasta pesto met balletjes - Al eens gedacht om heel veel groenten te blenden tot een overheerlijke groentenpesto voor bij de pasta?","robots":{"index":"index","follow":"follow","max-snippet":"max-snippet:-1","max-image-preview":"max-image-preview:large","max-video-preview":"max-video-preview:-1"},"canonical":"https:\/\/www.alternatievemiddelen.nl\/de\/wp-json\/wp\/v2\/pages\/49372","og_locale":"de_DE","og_type":"article","og_title":"Green pasta pesto met balletjes - Alternatievemiddelen.nl","og_description":"Green pasta pesto met balletjes - Al eens gedacht om heel veel groenten te blenden tot een overheerlijke groentenpesto voor bij de pasta?","og_url":"https:\/\/www.alternatievemiddelen.nl\/de\/grunes-nudelpesto-mit-kugeln\/","og_site_name":"Alternatievemiddelen.nl","article_modified_time":"2025-09-26T13:59:30+00:00","og_image":[{"width":1200,"height":1600,"url":"\/wp-content\/uploads\/2025\/09\/Green-pasta-pesto-met-balletjes.jpg","type":"image\/jpeg"}],"twitter_card":"summary_large_image","twitter_misc":{"Gesch\u00e4tzte Lesezeit":"2\u00a0Minuten"},"schema":{"@context":"https:\/\/schema.org","@graph":[{"@type":"WebPage","@id":"https:\/\/www.alternatievemiddelen.nl\/green-pasta-pesto-met-balletjes\/","url":"https:\/\/www.alternatievemiddelen.nl\/green-pasta-pesto-met-balletjes\/","name":"Green pasta pesto met balletjes - Alternatievemiddelen.nl","isPartOf":{"@id":"https:\/\/www.alternatievemiddelen.nl\/#website"},"primaryImageOfPage":{"@id":"https:\/\/www.alternatievemiddelen.nl\/green-pasta-pesto-met-balletjes\/#primaryimage"},"image":{"@id":"https:\/\/www.alternatievemiddelen.nl\/green-pasta-pesto-met-balletjes\/#primaryimage"},"thumbnailUrl":"https:\/\/www.alternatievemiddelen.nl\/wp-content\/uploads\/2025\/09\/Green-pasta-pesto-met-balletjes.jpg","datePublished":"2025-09-26T13:55:41+00:00","dateModified":"2025-09-26T13:59:30+00:00","description":"Green pasta pesto met balletjes - Al eens gedacht om heel veel groenten te blenden tot een overheerlijke groentenpesto voor bij de pasta?","breadcrumb":{"@id":"https:\/\/www.alternatievemiddelen.nl\/green-pasta-pesto-met-balletjes\/#breadcrumb"},"inLanguage":"de","potentialAction":[{"@type":"ReadAction","target":["https:\/\/www.alternatievemiddelen.nl\/green-pasta-pesto-met-balletjes\/"]}]},{"@type":"ImageObject","inLanguage":"de","@id":"https:\/\/www.alternatievemiddelen.nl\/green-pasta-pesto-met-balletjes\/#primaryimage","url":"https:\/\/www.alternatievemiddelen.nl\/wp-content\/uploads\/2025\/09\/Green-pasta-pesto-met-balletjes.jpg","contentUrl":"https:\/\/www.alternatievemiddelen.nl\/wp-content\/uploads\/2025\/09\/Green-pasta-pesto-met-balletjes.jpg","width":1200,"height":1600,"caption":"Green pasta pesto met balletjes"},{"@type":"BreadcrumbList","@id":"https:\/\/www.alternatievemiddelen.nl\/green-pasta-pesto-met-balletjes\/#breadcrumb","itemListElement":[{"@type":"ListItem","position":1,"name":"Home","item":"https:\/\/www.alternatievemiddelen.nl\/"},{"@type":"ListItem","position":2,"name":"Green pasta pesto met balletjes"}]},{"@type":"WebSite","@id":"https:\/\/www.alternatievemiddelen.nl\/#website","url":"https:\/\/www.alternatievemiddelen.nl\/","name":"Alternatievemiddelen.nl","description":"Webshop met gezonde, duurzame en ecologische alternatieve mogelijkheden in de hedendaagse levenstijl. Alles uit eigen ervaring.","publisher":{"@id":"https:\/\/www.alternatievemiddelen.nl\/#organization"},"potentialAction":[{"@type":"SearchAction","target":{"@type":"EntryPoint","urlTemplate":"https:\/\/www.alternatievemiddelen.nl\/?s={search_term_string}"},"query-input":{"@type":"PropertyValueSpecification","valueRequired":true,"valueName":"search_term_string"}}],"inLanguage":"de"},{"@type":"Organization","@id":"https:\/\/www.alternatievemiddelen.nl\/#organization","name":"Alternatievemiddelen.nl","url":"https:\/\/www.alternatievemiddelen.nl\/","logo":{"@type":"ImageObject","inLanguage":"de","@id":"https:\/\/www.alternatievemiddelen.nl\/#\/schema\/logo\/image\/","url":"https:\/\/www.alternatievemiddelen.nl\/wp-content\/uploads\/2023\/10\/alternatievemiddelen-PNG-logo.png","contentUrl":"https:\/\/www.alternatievemiddelen.nl\/wp-content\/uploads\/2023\/10\/alternatievemiddelen-PNG-logo.png","width":6400,"height":3062,"caption":"Alternatievemiddelen.nl"},"image":{"@id":"https:\/\/www.alternatievemiddelen.nl\/#\/schema\/logo\/image\/"}}]}},"_links":{"self":[{"href":"https:\/\/www.alternatievemiddelen.nl\/de\/wp-json\/wp\/v2\/pages\/49372","targetHints":{"allow":["GET"]}}],"collection":[{"href":"https:\/\/www.alternatievemiddelen.nl\/de\/wp-json\/wp\/v2\/pages"}],"about":[{"href":"https:\/\/www.alternatievemiddelen.nl\/de\/wp-json\/wp\/v2\/types\/page"}],"author":[{"embeddable":true,"href":"https:\/\/www.alternatievemiddelen.nl\/de\/wp-json\/wp\/v2\/users\/940"}],"replies":[{"embeddable":true,"href":"https:\/\/www.alternatievemiddelen.nl\/de\/wp-json\/wp\/v2\/comments?post=49372"}],"version-history":[{"count":4,"href":"https:\/\/www.alternatievemiddelen.nl\/de\/wp-json\/wp\/v2\/pages\/49372\/revisions"}],"predecessor-version":[{"id":49377,"href":"https:\/\/www.alternatievemiddelen.nl\/de\/wp-json\/wp\/v2\/pages\/49372\/revisions\/49377"}],"wp:featuredmedia":[{"embeddable":true,"href":"https:\/\/www.alternatievemiddelen.nl\/de\/wp-json\/wp\/v2\/media\/49373"}],"wp:attachment":[{"href":"https:\/\/www.alternatievemiddelen.nl\/de\/wp-json\/wp\/v2\/media?parent=49372"}],"curies":[{"name":"wp","href":"https:\/\/api.w.org\/{rel}","templated":true}]}}