{"id":34325,"date":"2024-02-27T08:20:58","date_gmt":"2024-02-27T07:20:58","guid":{"rendered":"https:\/\/www.alternatievemiddelen.nl\/?post_type=product&#038;p=34325"},"modified":"2025-02-19T02:17:00","modified_gmt":"2025-02-19T01:17:00","slug":"aqua-aurora-ademvitaliser","status":"publish","type":"product","link":"https:\/\/www.alternatievemiddelen.nl\/de\/produkte\/aqua-aurora-atem-vitalisator\/","title":{"rendered":"Aqua Aurora Atemluftbefeuchter"},"content":{"rendered":"<p>Ein Aqua Aurora Breath Vitaliser liefert mehr Energie und kann m\u00f6glicherweise bei Lungenproblemen wie COPD und Asthma wirksam sein. Er erh\u00f6ht die Sauerstoffaufnahme im Blut, was sich u.a. bei Borreliose positiv auswirken kann. Er sorgt daf\u00fcr, dass die Luft ihre nat\u00fcrliche Schwingung wiedererlangt. Der Vitalisator arbeitet mit der Frequenz des Muschelkalks. Dadurch werden unnat\u00fcrliche Strahlungsfrequenzen und energetische Belastungen durch andere giftige Stoffe eliminiert. Menschen, Pflanzen und Tiere reagieren sofort darauf und werden selbst vitaler. Das Ergebnis sind weniger Gesundheitsprobleme bei Menschen und weniger Krankheiten und Ausf\u00e4lle bei Pflanzen und Tieren.<br \/>\n&nbsp;<\/p>\n<h3>Der Atemluftbefeuchter Aqua Aurora<\/h3>\n<p>Wenn Sie etwa f\u00fcnfmal am Tag drei- bis f\u00fcnfmal durch den Vitalisator inhalieren, erhalten Ihre Lungen mehr Sauerstoff. Auch alle anderen Organe erhalten sofort mehr Energie. Legen Sie dazu die schmale Seite an Ihren Mund. Die <a href=\"https:\/\/www.alternatievemiddelen.nl\/de\/produkte\/aqua-aurora-wasserhahnbeleber\/\">Wasserhahnbeleber<\/a> und die <a href=\"https:\/\/www.alternatievemiddelen.nl\/de\/produkte\/aqua-aurora-reisevitalisator\/\">Reisevitalisator<\/a> k\u00f6nnen auch als Atembelebungsmittel verwendet werden. Die <a href=\"https:\/\/www.alternatievemiddelen.nl\/de\/produkte\/aqua-aurora-wasserhahnbeleber\/\">Wasserhahnbeleber<\/a> ist daf\u00fcr wohl am einfachsten zu verwenden. Schrauben Sie die Kombikupplung des Hahnvitalisators fest auf den Wasserhahn und ziehen Sie den Vitalisator dann mit einer halben Umdrehung darauf fest. So l\u00e4sst er sich zum Atmen im Handumdrehen abnehmen und auch schnell wieder aufstecken.<\/p>\n<p>Die Funktionsweise eines Aqua Aurora Atemluftbefeuchters ist einfach. Der Vitalisator besteht aus einem Edelstahlrohr, durch das Luft str\u00f6mt. Das doppelwandige, wasserf\u00fchrende Rohr besteht aus Edelstahl 316, der f\u00fcr die Lebensmittelindustrie zertifiziert ist. Der Vitalisator ist mit Materie gef\u00fcllt, in der die gew\u00fcnschte Frequenz (Muschelkalk) gespeichert ist. Er gibt diese Frequenz an die vorbeistr\u00f6mende Luft ab. Der Vitalisator l\u00f6scht belastende Frequenzen aus und ersetzt sie durch die Frequenz der Materie (Muschelkalk) im Vitalisator.<br \/>\n&nbsp;<\/p>\n<h3>Beleben Sie<\/h3>\n<p>Bei der Vitalisierung mit dem Aqua Aurora Atem-Vitalisator wird eine Frequenz \u00fcbertragen. Bei den Aqua Aurora-Vitalisierern werden im Gegensatz zu anderen Vitalisierern Frequenzen verwendet, die auf Muschelkalk basieren (dies ist noch sehr nahe an der urspr\u00fcnglichen Urinformation unserer Erde, sozusagen der Schwingung von Mutter Erde). Das macht diese Vitalisierer einzigartig im Vergleich zu anderen Vitalisierern. Vitalisierer k\u00f6nnen belastende Informationen l\u00f6schen und durch die Frequenzen des Muschelkalkes ersetzen. So erh\u00e4lt zum Beispiel Luft oder Wasser seine urspr\u00fcngliche Kraft zur\u00fcck und negative Frequenzen werden gel\u00f6scht. Vitalisatoren k\u00f6nnen nicht nur mehr Energie, sondern auch Informationen \u00fcbertragen.<br \/>\n&nbsp;<\/p>\n<h3>Anwendungen<\/h3>\n<p>Nicht nur Wasser, sondern auch andere Fl\u00fcssigkeiten, Gase und auch Feststoffe k\u00f6nnen vitalisiert werden. Bei der Vitalisierung von Luft wird der Sauerstoffgehalt erh\u00f6ht und bei Samen und Setzlingen die Keimkraft, die Qualit\u00e4t und der Ertrag gesteigert. Auch der Sauerstoffgehalt im Blut erh\u00f6ht sich, wenn man z.B. durch diesen Atemvitalisator atmet. Muschelkalk-Vitalisierer sind universell einsetzbar und sowohl f\u00fcr Verbraucher als auch f\u00fcr Unternehmen eine sehr effektive Investition. Gut f\u00fcr die Gesundheit, f\u00fcr Prozesse aller Art und f\u00fcr unsere Umwelt.<\/p>\n<p>F\u00fcr alle Aqua Aurora Muschelkalk-Vitalisierer siehe unser Angebot, <a href=\"https:\/\/www.alternatievemiddelen.nl\/de\/produktkategorie\/vitalisatoren-und-energetische-platten\/\">die \u00dcbersichtsseite<\/a>.<br \/>\n&nbsp;<\/p>\n<h3>Technische Daten Aqua Aurora Atembefeuchter<\/h3>\n<p><u>Allgemeine Informationen<\/u><br \/>\nAnwendung: f\u00fcr mehr Energie und kann Lungenprobleme wie COPD und Asthma unterst\u00fctzen. F\u00fcr mehr Sauerstoffaufnahme im Blut, was sich positiv auf Borreliose auswirken kann.<br \/>\n\u25cf Wartung: keine<br \/>\n\u25cf Lebensdauer: bei normalem Gebrauch halten sie ein Leben lang<br \/>\nGarantie auf das Material: 5 Jahre<br \/>\n\u25cf Lassen Sie Wasser und Luft immer von der dicken Seite zur d\u00fcnnen Seite durch den Vitalisator str\u00f6men!<br \/>\n<u>Technische Daten<\/u><br \/>\n\u25cf Material: Edelstahl 316 (entspricht den Anforderungen der Lebensmittelindustrie)<br \/>\n\u25cf Durchgang: 10 mm<br \/>\n\u25cf Anschluss: 3\/8 Zoll<br \/>\n<u>\u00c4u\u00dfere Abmessungen<\/u><br \/>\n\u25cf L\u00e4nge: ca. 70 mm<br \/>\n\u25cf Breite: ca. 40 mm<br \/>\nDruckklasse: PN 10<br \/>\n\u25cf Durchflussrichtung Eingang: stumpfe Seite<br \/>\n\u25cf Str\u00f6mungsrichtung Auslass: konisch zulaufende Seite<br \/>\n&nbsp;<\/p>\n<h3>Gebrauchsanweisung f\u00fcr den Aqua Aurora Breath Vitaliser<\/h3>\n<p>Atmen Sie am schmalen Ende des Atembelebers ein. Machen Sie dies je nach Bedarf 3x bis 5x am Tag, mindestens 5x hintereinander. Es geht auch gut, wenn Sie den Vitalisator in die Hand nehmen und mit dem Mund gegen die Hand einatmen.<\/p>","protected":false},"excerpt":{"rendered":"<p>Aqua Aurora Atemvitalisator (auf Muschelkalkbasis), f\u00f6rdert die Energie und Sauerstoffversorgung des Blutes.<\/p>","protected":false},"featured_media":31403,"comment_status":"open","ping_status":"closed","template":"","meta":[],"product_brand":[],"product_cat":[2870,3469],"product_tag":[2872,2873,2874,2875,2876,2877,2878,2879,2880,2881,2882,2883,2884,2885,2886],"merk":[3447],"class_list":{"0":"post-34325","1":"product","2":"type-product","3":"status-publish","4":"has-post-thumbnail","6":"product_cat-vitalisers-en-energetische-platen","7":"product_cat-ademvitaliser","8":"product_tag-adem","9":"product_tag-ademvitaliser","10":"product_tag-frequentie","11":"product_tag-gezondheid","12":"product_tag-lucht","13":"product_tag-moeder-aarde","14":"product_tag-natuur","15":"product_tag-roestvrij-staal","16":"product_tag-rvs","17":"product_tag-schelpkalk","18":"product_tag-trilling","19":"product_tag-vitaal","20":"product_tag-vitaliseren","21":"product_tag-water","22":"product_tag-zuurstof","23":"merk-aqua-aurora","25":"first","26":"instock","27":"taxable","28":"shipping-taxable","29":"purchasable","30":"product-type-simple"},"bundled_by":[],"bundle_stock_status":"instock","bundle_stock_quantity":null,"bundle_virtual":false,"bundle_layout":"","bundle_add_to_cart_form_location":"","bundle_editable_in_cart":false,"bundle_sold_individually_context":"","bundle_item_grouping":"","bundle_min_size":"","bundle_max_size":"","bundle_price":[],"bundled_items":[],"bundle_sell_ids":[44176,34326,34327,34350,34336],"yoast_head":"<!-- This site is optimized with the Yoast SEO plugin v26.1 - https:\/\/yoast.com\/wordpress\/plugins\/seo\/ -->\n<title>Aqua Aurora Ademvitaliser - Alternatievemiddelen.nl<\/title>\n<meta name=\"description\" content=\"Aqua Aurora Ademvitaliser (o.b.v. schelpkalk), zorgt voor het verkrijgen van meer energie en meer zuurstofopname in het bloed.\" \/>\n<meta name=\"robots\" content=\"index, follow, max-snippet:-1, max-image-preview:large, max-video-preview:-1\" \/>\n<link rel=\"canonical\" href=\"https:\/\/www.alternatievemiddelen.nl\/de\/wp-json\/wp\/v2\/product\/34325\" \/>\n<meta property=\"og:locale\" content=\"de_DE\" \/>\n<meta property=\"og:type\" content=\"article\" \/>\n<meta property=\"og:title\" content=\"Aqua Aurora Ademvitaliser - Alternatievemiddelen.nl\" \/>\n<meta property=\"og:description\" content=\"Aqua Aurora Ademvitaliser (o.b.v. schelpkalk), zorgt voor het verkrijgen van meer energie en meer zuurstofopname in het bloed.\" \/>\n<meta property=\"og:url\" content=\"https:\/\/www.alternatievemiddelen.nl\/de\/produkte\/aqua-aurora-atem-vitalisator\/\" \/>\n<meta property=\"og:site_name\" content=\"Alternatievemiddelen.nl\" \/>\n<meta property=\"article:publisher\" content=\"https:\/\/www.facebook.com\/alternatievemiddelen\" \/>\n<meta property=\"article:modified_time\" content=\"2025-02-19T01:17:00+00:00\" \/>\n<meta property=\"og:image\" content=\"\/wp-content\/uploads\/2023\/12\/Aqua-Aurora-Ademvitaliser-4.jpg\" \/>\n\t<meta property=\"og:image:width\" content=\"1200\" \/>\n\t<meta property=\"og:image:height\" content=\"1600\" \/>\n\t<meta property=\"og:image:type\" content=\"image\/jpeg\" \/>\n<meta name=\"twitter:card\" content=\"summary_large_image\" \/>\n<meta name=\"twitter:label1\" content=\"Gesch\u00e4tzte Lesezeit\" \/>\n\t<meta name=\"twitter:data1\" content=\"4\u00a0Minuten\" \/>\n<script type=\"application\/ld+json\" class=\"yoast-schema-graph\">{\"@context\":\"https:\/\/schema.org\",\"@graph\":[{\"@type\":[\"WebPage\",\"ItemPage\"],\"@id\":\"https:\/\/www.alternatievemiddelen.nl\/producten\/aqua-aurora-ademvitaliser\/\",\"url\":\"https:\/\/www.alternatievemiddelen.nl\/producten\/aqua-aurora-ademvitaliser\/\",\"name\":\"Aqua Aurora Ademvitaliser - Alternatievemiddelen.nl\",\"isPartOf\":{\"@id\":\"https:\/\/www.alternatievemiddelen.nl\/#website\"},\"primaryImageOfPage\":{\"@id\":\"https:\/\/www.alternatievemiddelen.nl\/producten\/aqua-aurora-ademvitaliser\/#primaryimage\"},\"image\":{\"@id\":\"https:\/\/www.alternatievemiddelen.nl\/producten\/aqua-aurora-ademvitaliser\/#primaryimage\"},\"thumbnailUrl\":\"https:\/\/www.alternatievemiddelen.nl\/wp-content\/uploads\/2023\/12\/Aqua-Aurora-Ademvitaliser-4.jpg\",\"datePublished\":\"2024-02-27T07:20:58+00:00\",\"dateModified\":\"2025-02-19T01:17:00+00:00\",\"description\":\"Aqua Aurora Ademvitaliser (o.b.v. schelpkalk), zorgt voor het verkrijgen van meer energie en meer zuurstofopname in het bloed.\",\"breadcrumb\":{\"@id\":\"https:\/\/www.alternatievemiddelen.nl\/producten\/aqua-aurora-ademvitaliser\/#breadcrumb\"},\"inLanguage\":\"de\",\"potentialAction\":[{\"@type\":\"ReadAction\",\"target\":[\"https:\/\/www.alternatievemiddelen.nl\/producten\/aqua-aurora-ademvitaliser\/\"]}]},{\"@type\":\"ImageObject\",\"inLanguage\":\"de\",\"@id\":\"https:\/\/www.alternatievemiddelen.nl\/producten\/aqua-aurora-ademvitaliser\/#primaryimage\",\"url\":\"https:\/\/www.alternatievemiddelen.nl\/wp-content\/uploads\/2023\/12\/Aqua-Aurora-Ademvitaliser-4.jpg\",\"contentUrl\":\"https:\/\/www.alternatievemiddelen.nl\/wp-content\/uploads\/2023\/12\/Aqua-Aurora-Ademvitaliser-4.jpg\",\"width\":1200,\"height\":1600,\"caption\":\"ademvitaliser Aqua Aurora\"},{\"@type\":\"BreadcrumbList\",\"@id\":\"https:\/\/www.alternatievemiddelen.nl\/producten\/aqua-aurora-ademvitaliser\/#breadcrumb\",\"itemListElement\":[{\"@type\":\"ListItem\",\"position\":1,\"name\":\"Home\",\"item\":\"https:\/\/www.alternatievemiddelen.nl\/\"},{\"@type\":\"ListItem\",\"position\":2,\"name\":\"Producten\",\"item\":\"https:\/\/www.alternatievemiddelen.nl\/producten\/\"},{\"@type\":\"ListItem\",\"position\":3,\"name\":\"Aqua Aurora Ademvitaliser\"}]},{\"@type\":\"WebSite\",\"@id\":\"https:\/\/www.alternatievemiddelen.nl\/#website\",\"url\":\"https:\/\/www.alternatievemiddelen.nl\/\",\"name\":\"Alternatievemiddelen.nl\",\"description\":\"Webshop met gezonde, duurzame en ecologische alternatieve mogelijkheden in de hedendaagse levenstijl. Alles uit eigen ervaring.\",\"publisher\":{\"@id\":\"https:\/\/www.alternatievemiddelen.nl\/#organization\"},\"alternateName\":\"Alternatieve Middelen\",\"potentialAction\":[{\"@type\":\"SearchAction\",\"target\":{\"@type\":\"EntryPoint\",\"urlTemplate\":\"https:\/\/www.alternatievemiddelen.nl\/?s={search_term_string}\"},\"query-input\":{\"@type\":\"PropertyValueSpecification\",\"valueRequired\":true,\"valueName\":\"search_term_string\"}}],\"inLanguage\":\"de\"},{\"@type\":\"Organization\",\"@id\":\"https:\/\/www.alternatievemiddelen.nl\/#organization\",\"name\":\"Alternatievemiddelen.nl\",\"alternateName\":\"Alternatieve Middelen\",\"url\":\"https:\/\/www.alternatievemiddelen.nl\/\",\"logo\":{\"@type\":\"ImageObject\",\"inLanguage\":\"de\",\"@id\":\"https:\/\/www.alternatievemiddelen.nl\/#\/schema\/logo\/image\/\",\"url\":\"https:\/\/www.alternatievemiddelen.nl\/wp-content\/uploads\/2023\/10\/alternatievemiddelen-PNG-logo.png\",\"contentUrl\":\"https:\/\/www.alternatievemiddelen.nl\/wp-content\/uploads\/2023\/10\/alternatievemiddelen-PNG-logo.png\",\"width\":6400,\"height\":3062,\"caption\":\"Alternatievemiddelen.nl\"},\"image\":{\"@id\":\"https:\/\/www.alternatievemiddelen.nl\/#\/schema\/logo\/image\/\"},\"sameAs\":[\"https:\/\/www.facebook.com\/alternatievemiddelen\",\"https:\/\/www.instagram.com\/alternatievemiddelen.nl\/\"]}]}<\/script>\n<!-- \/ Yoast SEO plugin. -->","yoast_head_json":{"title":"Aqua Aurora Ademvitaliser - Alternatievemiddelen.nl","description":"Aqua Aurora Ademvitaliser (o.b.v. schelpkalk), zorgt voor het verkrijgen van meer energie en meer zuurstofopname in het bloed.","robots":{"index":"index","follow":"follow","max-snippet":"max-snippet:-1","max-image-preview":"max-image-preview:large","max-video-preview":"max-video-preview:-1"},"canonical":"https:\/\/www.alternatievemiddelen.nl\/de\/wp-json\/wp\/v2\/product\/34325","og_locale":"de_DE","og_type":"article","og_title":"Aqua Aurora Ademvitaliser - Alternatievemiddelen.nl","og_description":"Aqua Aurora Ademvitaliser (o.b.v. schelpkalk), zorgt voor het verkrijgen van meer energie en meer zuurstofopname in het bloed.","og_url":"https:\/\/www.alternatievemiddelen.nl\/de\/produkte\/aqua-aurora-atem-vitalisator\/","og_site_name":"Alternatievemiddelen.nl","article_publisher":"https:\/\/www.facebook.com\/alternatievemiddelen","article_modified_time":"2025-02-19T01:17:00+00:00","og_image":[{"width":1200,"height":1600,"url":"\/wp-content\/uploads\/2023\/12\/Aqua-Aurora-Ademvitaliser-4.jpg","type":"image\/jpeg"}],"twitter_card":"summary_large_image","twitter_misc":{"Gesch\u00e4tzte Lesezeit":"4\u00a0Minuten"},"schema":{"@context":"https:\/\/schema.org","@graph":[{"@type":["WebPage","ItemPage"],"@id":"https:\/\/www.alternatievemiddelen.nl\/producten\/aqua-aurora-ademvitaliser\/","url":"https:\/\/www.alternatievemiddelen.nl\/producten\/aqua-aurora-ademvitaliser\/","name":"Aqua Aurora Ademvitaliser - Alternatievemiddelen.nl","isPartOf":{"@id":"https:\/\/www.alternatievemiddelen.nl\/#website"},"primaryImageOfPage":{"@id":"https:\/\/www.alternatievemiddelen.nl\/producten\/aqua-aurora-ademvitaliser\/#primaryimage"},"image":{"@id":"https:\/\/www.alternatievemiddelen.nl\/producten\/aqua-aurora-ademvitaliser\/#primaryimage"},"thumbnailUrl":"https:\/\/www.alternatievemiddelen.nl\/wp-content\/uploads\/2023\/12\/Aqua-Aurora-Ademvitaliser-4.jpg","datePublished":"2024-02-27T07:20:58+00:00","dateModified":"2025-02-19T01:17:00+00:00","description":"Aqua Aurora Ademvitaliser (o.b.v. schelpkalk), zorgt voor het verkrijgen van meer energie en meer zuurstofopname in het bloed.","breadcrumb":{"@id":"https:\/\/www.alternatievemiddelen.nl\/producten\/aqua-aurora-ademvitaliser\/#breadcrumb"},"inLanguage":"de","potentialAction":[{"@type":"ReadAction","target":["https:\/\/www.alternatievemiddelen.nl\/producten\/aqua-aurora-ademvitaliser\/"]}]},{"@type":"ImageObject","inLanguage":"de","@id":"https:\/\/www.alternatievemiddelen.nl\/producten\/aqua-aurora-ademvitaliser\/#primaryimage","url":"https:\/\/www.alternatievemiddelen.nl\/wp-content\/uploads\/2023\/12\/Aqua-Aurora-Ademvitaliser-4.jpg","contentUrl":"https:\/\/www.alternatievemiddelen.nl\/wp-content\/uploads\/2023\/12\/Aqua-Aurora-Ademvitaliser-4.jpg","width":1200,"height":1600,"caption":"ademvitaliser Aqua Aurora"},{"@type":"BreadcrumbList","@id":"https:\/\/www.alternatievemiddelen.nl\/producten\/aqua-aurora-ademvitaliser\/#breadcrumb","itemListElement":[{"@type":"ListItem","position":1,"name":"Home","item":"https:\/\/www.alternatievemiddelen.nl\/"},{"@type":"ListItem","position":2,"name":"Producten","item":"https:\/\/www.alternatievemiddelen.nl\/producten\/"},{"@type":"ListItem","position":3,"name":"Aqua Aurora Ademvitaliser"}]},{"@type":"WebSite","@id":"https:\/\/www.alternatievemiddelen.nl\/#website","url":"https:\/\/www.alternatievemiddelen.nl\/","name":"Alternatievemiddelen.nl","description":"Webshop met gezonde, duurzame en ecologische alternatieve mogelijkheden in de hedendaagse levenstijl. Alles uit eigen ervaring.","publisher":{"@id":"https:\/\/www.alternatievemiddelen.nl\/#organization"},"alternateName":"Alternatieve Middelen","potentialAction":[{"@type":"SearchAction","target":{"@type":"EntryPoint","urlTemplate":"https:\/\/www.alternatievemiddelen.nl\/?s={search_term_string}"},"query-input":{"@type":"PropertyValueSpecification","valueRequired":true,"valueName":"search_term_string"}}],"inLanguage":"de"},{"@type":"Organization","@id":"https:\/\/www.alternatievemiddelen.nl\/#organization","name":"Alternatievemiddelen.nl","alternateName":"Alternatieve Middelen","url":"https:\/\/www.alternatievemiddelen.nl\/","logo":{"@type":"ImageObject","inLanguage":"de","@id":"https:\/\/www.alternatievemiddelen.nl\/#\/schema\/logo\/image\/","url":"https:\/\/www.alternatievemiddelen.nl\/wp-content\/uploads\/2023\/10\/alternatievemiddelen-PNG-logo.png","contentUrl":"https:\/\/www.alternatievemiddelen.nl\/wp-content\/uploads\/2023\/10\/alternatievemiddelen-PNG-logo.png","width":6400,"height":3062,"caption":"Alternatievemiddelen.nl"},"image":{"@id":"https:\/\/www.alternatievemiddelen.nl\/#\/schema\/logo\/image\/"},"sameAs":["https:\/\/www.facebook.com\/alternatievemiddelen","https:\/\/www.instagram.com\/alternatievemiddelen.nl\/"]}]}},"_links":{"self":[{"href":"https:\/\/www.alternatievemiddelen.nl\/de\/wp-json\/wp\/v2\/product\/34325","targetHints":{"allow":["GET"]}}],"collection":[{"href":"https:\/\/www.alternatievemiddelen.nl\/de\/wp-json\/wp\/v2\/product"}],"about":[{"href":"https:\/\/www.alternatievemiddelen.nl\/de\/wp-json\/wp\/v2\/types\/product"}],"replies":[{"embeddable":true,"href":"https:\/\/www.alternatievemiddelen.nl\/de\/wp-json\/wp\/v2\/comments?post=34325"}],"wp:featuredmedia":[{"embeddable":true,"href":"https:\/\/www.alternatievemiddelen.nl\/de\/wp-json\/wp\/v2\/media\/31403"}],"wp:attachment":[{"href":"https:\/\/www.alternatievemiddelen.nl\/de\/wp-json\/wp\/v2\/media?parent=34325"}],"wp:term":[{"taxonomy":"product_brand","embeddable":true,"href":"https:\/\/www.alternatievemiddelen.nl\/de\/wp-json\/wp\/v2\/product_brand?post=34325"},{"taxonomy":"product_cat","embeddable":true,"href":"https:\/\/www.alternatievemiddelen.nl\/de\/wp-json\/wp\/v2\/product_cat?post=34325"},{"taxonomy":"product_tag","embeddable":true,"href":"https:\/\/www.alternatievemiddelen.nl\/de\/wp-json\/wp\/v2\/product_tag?post=34325"},{"taxonomy":"merk","embeddable":true,"href":"https:\/\/www.alternatievemiddelen.nl\/de\/wp-json\/wp\/v2\/merk?post=34325"}],"curies":[{"name":"wp","href":"https:\/\/api.w.org\/{rel}","templated":true}]}}