{"id":34337,"date":"2024-02-27T08:21:07","date_gmt":"2024-02-27T07:21:07","guid":{"rendered":"https:\/\/www.alternatievemiddelen.nl\/?post_type=product&#038;p=34337"},"modified":"2025-05-12T15:17:36","modified_gmt":"2025-05-12T13:17:36","slug":"aqua-aurora-kraanvitaliser","status":"publish","type":"product","link":"https:\/\/www.alternatievemiddelen.nl\/de\/produkte\/aqua-aurora-wasserhahnbeleber\/","title":{"rendered":"Aqua Aurora Kranvitalisator mit Kombikupplungen"},"content":{"rendered":"<p>Ein Aqua Aurora Tap Vitalizer bringt das Wasser wieder in seine nat\u00fcrliche Schwingung. Der Vitalisator arbeitet mit der Frequenz von Muschelkalk. Dadurch werden unnat\u00fcrliche Strahlungsfrequenzen und energetische Belastungen durch andere giftige Stoffe eliminiert. Menschen, Pflanzen und Tiere reagieren sofort darauf und werden selbst vitaler. Das Ergebnis sind weniger Gesundheitsprobleme bei Menschen und weniger Krankheiten und Ausf\u00e4lle bei Pflanzen und Tieren.<br \/>\n&nbsp;<\/p>\n<h3>Der Kranvitalisator Aqua Aurora<\/h3>\n<p>Schlie\u00dfen Sie diesen Vitalisator an den Wasserhahn in K\u00fcche oder Bad an und Sie haben einen vitalisierten Wasserhahn.<\/p>\n<p>Die Kombikupplung besteht aus zwei Teilen. Wenn der Wasserhahn ein Au\u00dfengewinde hat, montieren Sie nur den gr\u00f6\u00dferen Teil der Kombikupplung. Wenn der Wasserhahn ein Innengewinde hat, verwenden Sie auch den kleinen Teil der Kombikupplung.<\/p>\n<p>Die Funktionsweise eines Aqua Aurora Tap Vitalisators ist einfach. Der Vitalisator besteht aus einem Edelstahlrohr, durch das Wasser flie\u00dft. Das doppelwandige wasserf\u00fchrende Rohr besteht aus Edelstahl 316, der f\u00fcr die Lebensmittelindustrie zertifiziert ist. Der Vitalisator ist mit einem Stoff gef\u00fcllt, in dem die gew\u00fcnschte Frequenz (Muschelkalk) gespeichert ist. Er gibt diese Frequenz an das durchflie\u00dfende Wasser ab. Der Vitalisator l\u00f6scht belastende Frequenzen aus und ersetzt sie durch die Frequenz der Materie (Muschelkalk) im Vitalisator.<br \/>\n&nbsp;<\/p>\n<h3>Belebendes Wasser<\/h3>\n<p>Bei der Wasserbelebung mit dem Aqua Aurora-Kranbeleber wird eine Frequenz \u00fcbertragen. Bei den Aqua Aurora-Vitalisierern wird, abweichend von anderen Vitalisierern, haupts\u00e4chlich mit Frequenzen auf der Basis von Muschelkalk gearbeitet (dies ist noch sehr nahe an der urspr\u00fcnglichen Urinformation unserer Erde, sozusagen der Schwingung von Mutter Erde). Das macht diese Vitalisierer einzigartig im Vergleich zu anderen Vitalisierern. Neben mehr Energie k\u00f6nnen die Vitalisatoren auch Informationen \u00fcbertragen.<\/p>\n<p>Das Wasser, das heute aus unseren Wasserh\u00e4hnen kommt, ist stark durch seine unnat\u00fcrliche Umgebung beeinflusst. Das Wasser wird chemisch gereinigt und dann durch aufwendige Rohrleitungssysteme zu den Verbrauchern transportiert. W\u00e4hrend dieses Prozesses verliert das Wasser seine urspr\u00fcngliche Kraft und nimmt alle m\u00f6glichen belastenden Informationen auf. Wir wissen zum Beispiel, dass Wasser mit Strahlung belastet wird, etwa von Stromleitungen, Sendemasten und Generatoren. Wir wissen aber auch, dass bei einer chemischen Reinigung des Wassers die Belastungen energetisch noch vorhanden sind. Vitalisierer k\u00f6nnen diese belastenden Informationen l\u00f6schen und durch die Frequenzen des Muschelkalks ersetzen. So erh\u00e4lt das Wasser seine urspr\u00fcngliche Kraft zur\u00fcck und negative Frequenzen werden ausgel\u00f6scht.<br \/>\n&nbsp;<\/p>\n<h3>Anwendungen<\/h3>\n<p>Nicht nur Wasser, sondern auch andere Fl\u00fcssigkeiten, Gase und auch Feststoffe k\u00f6nnen vitalisiert werden. Bei der Vitalisierung von Luft steigt der Sauerstoffgehalt und bei Samen und S\u00e4mlingen die Keimrate, die Qualit\u00e4t und der Ertrag. Auch der Sauerstoffgehalt des Blutes erh\u00f6ht sich, wenn man durch eine <a href=\"https:\/\/www.alternatievemiddelen.nl\/de\/produkte\/aqua-aurora-atem-vitalisator\/\">Atem-Vitalisator<\/a> atmen. Muschelkalk-Vitalisierer sind universell einsetzbar und eine sehr effektive Investition f\u00fcr Verbraucher und Unternehmen. Gut f\u00fcr unsere Gesundheit, f\u00fcr alle Arten von Prozessen und f\u00fcr unsere Umwelt.<\/p>\n<p>F\u00fcr alle Aqua Aurora Muschelkalk-Vitalisierer siehe unser Angebot, <a href=\"https:\/\/www.alternatievemiddelen.nl\/de\/produktkategorie\/vitalisatoren-und-energetische-platten\/\">die \u00dcbersichtsseite<\/a>.<br \/>\n&nbsp;<\/p>\n<h3>Technische Daten von Aqua Aurora Kranvitalisator<\/h3>\n<p><u>Allgemeine Informationen<\/u><br \/>\n\u25cf Anwendung: f\u00fcr den Anschluss an (Au\u00dfen-)Wasserh\u00e4hne<br \/>\n\u25cf Wartung: keine<br \/>\n\u25cf Lebensdauer: bei normalem Gebrauch halten sie ein Leben lang<br \/>\nGarantie auf das Material: 5 Jahre<br \/>\n\u25cf Lassen Sie Wasser und Luft immer von der dicken Seite zur d\u00fcnnen Seite durch den Vitalisator str\u00f6men!<br \/>\nDesign: Ein Vitalisator tropft immer ein wenig, aber bei diesem Produkt k\u00f6nnen Sie auch die tropffreie Version w\u00e4hlen (d.h. mit Perlator).<br \/>\n\u25cf Hinweise: universell einsetzbar, sorgt f\u00fcr einen neutralen, weichen Geschmack des Wassers.<br \/>\n<u>Technische Daten<\/u><br \/>\n\u25cf Material: Edelstahl 316 (entspricht den Anforderungen der Lebensmittelindustrie)<br \/>\n\u25cf Durchgang: 10 mm<br \/>\n\u25cf Anschluss: 3\/8 Zoll<br \/>\n<u>\u00c4u\u00dfere Abmessungen<\/u><br \/>\n\u25cf L\u00e4nge: ca. 70 mm<br \/>\n\u25cf Breite: ca. 40 mm<br \/>\nDruckklasse: PN 10<br \/>\n\u25cf Durchflussrichtung Eingang: stumpfe Seite<br \/>\n\u25cf Str\u00f6mungsrichtung Auslass: konisch zulaufende Seite<br \/>\nAnschlussmaterialien: \u00fcber mitgelieferte Kombikupplung, Innen- und Au\u00dfengewinde<br \/>\n&nbsp;<\/p>\n<h3>Montage- und Betriebsanleitung Aqua Aurora Kranvitalisator<\/h3>\n<p>Entfernen Sie den Pergulator vom Wasserhahn und schlie\u00dfen Sie das Verbindungsst\u00fcck an den Wasserhahn an. Dann schrauben Sie den Wasserhahn-Vitalisator auf das Verbindungsst\u00fcck. Die Kombikupplung passt zu 90% Wasserh\u00e4hnen. Wenn die Standardkupplung nicht zur Armatur passt, fragen Sie in einem Sanit\u00e4rgesch\u00e4ft nach der passenden Kupplung f\u00fcr Ihre Armatur oder suchen Sie online auf den Websites von z. B. Wasco oder OEG nach der richtigen Kupplung. Verwenden Sie bei Bedarf Dichtungsband.<\/p>","protected":false},"excerpt":{"rendered":"<p>Aqua Aurora Tap-Vitalisator (Muschelkalkbasis) vitalisieren Sie sofort das Leitungswasser und profitieren davon. Vitales Wasser!<\/p>","protected":false},"featured_media":31395,"comment_status":"open","ping_status":"closed","template":"","meta":[],"product_brand":[],"product_cat":[2870,3461],"product_tag":[2874,2875,2890,2911,2877,2878,2879,2880,2881,2882,2883,2891,2884,2885],"merk":[3447],"class_list":{"0":"post-34337","1":"product","2":"type-product","3":"status-publish","4":"has-post-thumbnail","6":"product_cat-vitalisers-en-energetische-platen","7":"product_cat-watervitalisers","8":"product_tag-frequentie","9":"product_tag-gezondheid","10":"product_tag-kraan","11":"product_tag-kraanvitaliser","12":"product_tag-moeder-aarde","13":"product_tag-natuur","14":"product_tag-roestvrij-staal","15":"product_tag-rvs","16":"product_tag-schelpkalk","17":"product_tag-trilling","18":"product_tag-vitaal","19":"product_tag-vitaal-water","20":"product_tag-vitaliseren","21":"product_tag-water","22":"merk-aqua-aurora","24":"first","25":"instock","26":"taxable","27":"shipping-taxable","28":"purchasable","29":"product-type-variable"},"bundled_by":[],"bundle_stock_status":"instock","bundle_stock_quantity":null,"bundle_virtual":false,"bundle_layout":"","bundle_add_to_cart_form_location":"","bundle_editable_in_cart":false,"bundle_sold_individually_context":"","bundle_item_grouping":"","bundle_min_size":"","bundle_max_size":"","bundle_price":[],"bundled_items":[],"bundle_sell_ids":[44176,34326,34327,34350,34336],"yoast_head":"<!-- This site is optimized with the Yoast SEO plugin v26.1 - https:\/\/yoast.com\/wordpress\/plugins\/seo\/ -->\n<title>Aqua Aurora Kraanvitaliser met combikoppelingen - Alternatievemiddelen.nl<\/title>\n<meta name=\"description\" content=\"Aqua Aurora Kraanvitaliser (o.b.v. schelpkalk), je vitaliseert direct het kraanwater en profiteert van de voordelen. Vitaal water!\" \/>\n<meta name=\"robots\" content=\"index, follow, max-snippet:-1, max-image-preview:large, max-video-preview:-1\" \/>\n<link rel=\"canonical\" href=\"https:\/\/www.alternatievemiddelen.nl\/de\/wp-json\/wp\/v2\/product\/34337\" \/>\n<meta property=\"og:locale\" content=\"de_DE\" \/>\n<meta property=\"og:type\" content=\"article\" \/>\n<meta property=\"og:title\" content=\"Aqua Aurora Kraanvitaliser met combikoppelingen - Alternatievemiddelen.nl\" \/>\n<meta property=\"og:description\" content=\"Aqua Aurora Kraanvitaliser (o.b.v. schelpkalk), je vitaliseert direct het kraanwater en profiteert van de voordelen. Vitaal water!\" \/>\n<meta property=\"og:url\" content=\"https:\/\/www.alternatievemiddelen.nl\/de\/produkte\/aqua-aurora-wasserhahnbeleber\/\" \/>\n<meta property=\"og:site_name\" content=\"Alternatievemiddelen.nl\" \/>\n<meta property=\"article:modified_time\" content=\"2025-05-12T13:17:36+00:00\" \/>\n<meta property=\"og:image\" content=\"\/wp-content\/uploads\/2023\/12\/Aqua-Aurora-Kraanvitaliser.jpg\" \/>\n\t<meta property=\"og:image:width\" content=\"1200\" \/>\n\t<meta property=\"og:image:height\" content=\"1600\" \/>\n\t<meta property=\"og:image:type\" content=\"image\/jpeg\" \/>\n<meta name=\"twitter:card\" content=\"summary_large_image\" \/>\n<meta name=\"twitter:label1\" content=\"Gesch\u00e4tzte Lesezeit\" \/>\n\t<meta name=\"twitter:data1\" content=\"4\u00a0Minuten\" \/>\n<script type=\"application\/ld+json\" class=\"yoast-schema-graph\">{\"@context\":\"https:\/\/schema.org\",\"@graph\":[{\"@type\":[\"WebPage\",\"ItemPage\"],\"@id\":\"https:\/\/www.alternatievemiddelen.nl\/producten\/aqua-aurora-kraanvitaliser\/\",\"url\":\"https:\/\/www.alternatievemiddelen.nl\/producten\/aqua-aurora-kraanvitaliser\/\",\"name\":\"Aqua Aurora Kraanvitaliser met combikoppelingen - Alternatievemiddelen.nl\",\"isPartOf\":{\"@id\":\"https:\/\/www.alternatievemiddelen.nl\/#website\"},\"primaryImageOfPage\":{\"@id\":\"https:\/\/www.alternatievemiddelen.nl\/producten\/aqua-aurora-kraanvitaliser\/#primaryimage\"},\"image\":{\"@id\":\"https:\/\/www.alternatievemiddelen.nl\/producten\/aqua-aurora-kraanvitaliser\/#primaryimage\"},\"thumbnailUrl\":\"https:\/\/www.alternatievemiddelen.nl\/wp-content\/uploads\/2023\/12\/Aqua-Aurora-Kraanvitaliser.jpg\",\"datePublished\":\"2024-02-27T07:21:07+00:00\",\"dateModified\":\"2025-05-12T13:17:36+00:00\",\"description\":\"Aqua Aurora Kraanvitaliser (o.b.v. schelpkalk), je vitaliseert direct het kraanwater en profiteert van de voordelen. Vitaal water!\",\"breadcrumb\":{\"@id\":\"https:\/\/www.alternatievemiddelen.nl\/producten\/aqua-aurora-kraanvitaliser\/#breadcrumb\"},\"inLanguage\":\"de\",\"potentialAction\":[{\"@type\":\"ReadAction\",\"target\":[\"https:\/\/www.alternatievemiddelen.nl\/producten\/aqua-aurora-kraanvitaliser\/\"]}]},{\"@type\":\"ImageObject\",\"inLanguage\":\"de\",\"@id\":\"https:\/\/www.alternatievemiddelen.nl\/producten\/aqua-aurora-kraanvitaliser\/#primaryimage\",\"url\":\"https:\/\/www.alternatievemiddelen.nl\/wp-content\/uploads\/2023\/12\/Aqua-Aurora-Kraanvitaliser.jpg\",\"contentUrl\":\"https:\/\/www.alternatievemiddelen.nl\/wp-content\/uploads\/2023\/12\/Aqua-Aurora-Kraanvitaliser.jpg\",\"width\":1200,\"height\":1600,\"caption\":\"Kraanvitaliser Aqua Aurora\"},{\"@type\":\"BreadcrumbList\",\"@id\":\"https:\/\/www.alternatievemiddelen.nl\/producten\/aqua-aurora-kraanvitaliser\/#breadcrumb\",\"itemListElement\":[{\"@type\":\"ListItem\",\"position\":1,\"name\":\"Home\",\"item\":\"https:\/\/www.alternatievemiddelen.nl\/\"},{\"@type\":\"ListItem\",\"position\":2,\"name\":\"Producten\",\"item\":\"https:\/\/www.alternatievemiddelen.nl\/producten\/\"},{\"@type\":\"ListItem\",\"position\":3,\"name\":\"Aqua Aurora Kraanvitaliser met combikoppelingen\"}]},{\"@type\":\"WebSite\",\"@id\":\"https:\/\/www.alternatievemiddelen.nl\/#website\",\"url\":\"https:\/\/www.alternatievemiddelen.nl\/\",\"name\":\"Alternatievemiddelen.nl\",\"description\":\"Webshop met gezonde, duurzame en ecologische alternatieve mogelijkheden in de hedendaagse levenstijl. Alles uit eigen ervaring.\",\"publisher\":{\"@id\":\"https:\/\/www.alternatievemiddelen.nl\/#organization\"},\"potentialAction\":[{\"@type\":\"SearchAction\",\"target\":{\"@type\":\"EntryPoint\",\"urlTemplate\":\"https:\/\/www.alternatievemiddelen.nl\/?s={search_term_string}\"},\"query-input\":{\"@type\":\"PropertyValueSpecification\",\"valueRequired\":true,\"valueName\":\"search_term_string\"}}],\"inLanguage\":\"de\"},{\"@type\":\"Organization\",\"@id\":\"https:\/\/www.alternatievemiddelen.nl\/#organization\",\"name\":\"Alternatievemiddelen.nl\",\"url\":\"https:\/\/www.alternatievemiddelen.nl\/\",\"logo\":{\"@type\":\"ImageObject\",\"inLanguage\":\"de\",\"@id\":\"https:\/\/www.alternatievemiddelen.nl\/#\/schema\/logo\/image\/\",\"url\":\"https:\/\/www.alternatievemiddelen.nl\/wp-content\/uploads\/2023\/10\/alternatievemiddelen-PNG-logo.png\",\"contentUrl\":\"https:\/\/www.alternatievemiddelen.nl\/wp-content\/uploads\/2023\/10\/alternatievemiddelen-PNG-logo.png\",\"width\":6400,\"height\":3062,\"caption\":\"Alternatievemiddelen.nl\"},\"image\":{\"@id\":\"https:\/\/www.alternatievemiddelen.nl\/#\/schema\/logo\/image\/\"}}]}<\/script>\n<!-- \/ Yoast SEO plugin. -->","yoast_head_json":{"title":"Aqua Aurora Kraanvitaliser met combikoppelingen - Alternatievemiddelen.nl","description":"Aqua Aurora Kraanvitaliser (o.b.v. schelpkalk), je vitaliseert direct het kraanwater en profiteert van de voordelen. Vitaal water!","robots":{"index":"index","follow":"follow","max-snippet":"max-snippet:-1","max-image-preview":"max-image-preview:large","max-video-preview":"max-video-preview:-1"},"canonical":"https:\/\/www.alternatievemiddelen.nl\/de\/wp-json\/wp\/v2\/product\/34337","og_locale":"de_DE","og_type":"article","og_title":"Aqua Aurora Kraanvitaliser met combikoppelingen - Alternatievemiddelen.nl","og_description":"Aqua Aurora Kraanvitaliser (o.b.v. schelpkalk), je vitaliseert direct het kraanwater en profiteert van de voordelen. Vitaal water!","og_url":"https:\/\/www.alternatievemiddelen.nl\/de\/produkte\/aqua-aurora-wasserhahnbeleber\/","og_site_name":"Alternatievemiddelen.nl","article_modified_time":"2025-05-12T13:17:36+00:00","og_image":[{"width":1200,"height":1600,"url":"\/wp-content\/uploads\/2023\/12\/Aqua-Aurora-Kraanvitaliser.jpg","type":"image\/jpeg"}],"twitter_card":"summary_large_image","twitter_misc":{"Gesch\u00e4tzte Lesezeit":"4\u00a0Minuten"},"schema":{"@context":"https:\/\/schema.org","@graph":[{"@type":["WebPage","ItemPage"],"@id":"https:\/\/www.alternatievemiddelen.nl\/producten\/aqua-aurora-kraanvitaliser\/","url":"https:\/\/www.alternatievemiddelen.nl\/producten\/aqua-aurora-kraanvitaliser\/","name":"Aqua Aurora Kraanvitaliser met combikoppelingen - Alternatievemiddelen.nl","isPartOf":{"@id":"https:\/\/www.alternatievemiddelen.nl\/#website"},"primaryImageOfPage":{"@id":"https:\/\/www.alternatievemiddelen.nl\/producten\/aqua-aurora-kraanvitaliser\/#primaryimage"},"image":{"@id":"https:\/\/www.alternatievemiddelen.nl\/producten\/aqua-aurora-kraanvitaliser\/#primaryimage"},"thumbnailUrl":"https:\/\/www.alternatievemiddelen.nl\/wp-content\/uploads\/2023\/12\/Aqua-Aurora-Kraanvitaliser.jpg","datePublished":"2024-02-27T07:21:07+00:00","dateModified":"2025-05-12T13:17:36+00:00","description":"Aqua Aurora Kraanvitaliser (o.b.v. schelpkalk), je vitaliseert direct het kraanwater en profiteert van de voordelen. Vitaal water!","breadcrumb":{"@id":"https:\/\/www.alternatievemiddelen.nl\/producten\/aqua-aurora-kraanvitaliser\/#breadcrumb"},"inLanguage":"de","potentialAction":[{"@type":"ReadAction","target":["https:\/\/www.alternatievemiddelen.nl\/producten\/aqua-aurora-kraanvitaliser\/"]}]},{"@type":"ImageObject","inLanguage":"de","@id":"https:\/\/www.alternatievemiddelen.nl\/producten\/aqua-aurora-kraanvitaliser\/#primaryimage","url":"https:\/\/www.alternatievemiddelen.nl\/wp-content\/uploads\/2023\/12\/Aqua-Aurora-Kraanvitaliser.jpg","contentUrl":"https:\/\/www.alternatievemiddelen.nl\/wp-content\/uploads\/2023\/12\/Aqua-Aurora-Kraanvitaliser.jpg","width":1200,"height":1600,"caption":"Kraanvitaliser Aqua Aurora"},{"@type":"BreadcrumbList","@id":"https:\/\/www.alternatievemiddelen.nl\/producten\/aqua-aurora-kraanvitaliser\/#breadcrumb","itemListElement":[{"@type":"ListItem","position":1,"name":"Home","item":"https:\/\/www.alternatievemiddelen.nl\/"},{"@type":"ListItem","position":2,"name":"Producten","item":"https:\/\/www.alternatievemiddelen.nl\/producten\/"},{"@type":"ListItem","position":3,"name":"Aqua Aurora Kraanvitaliser met combikoppelingen"}]},{"@type":"WebSite","@id":"https:\/\/www.alternatievemiddelen.nl\/#website","url":"https:\/\/www.alternatievemiddelen.nl\/","name":"Alternatievemiddelen.nl","description":"Webshop met gezonde, duurzame en ecologische alternatieve mogelijkheden in de hedendaagse levenstijl. Alles uit eigen ervaring.","publisher":{"@id":"https:\/\/www.alternatievemiddelen.nl\/#organization"},"potentialAction":[{"@type":"SearchAction","target":{"@type":"EntryPoint","urlTemplate":"https:\/\/www.alternatievemiddelen.nl\/?s={search_term_string}"},"query-input":{"@type":"PropertyValueSpecification","valueRequired":true,"valueName":"search_term_string"}}],"inLanguage":"de"},{"@type":"Organization","@id":"https:\/\/www.alternatievemiddelen.nl\/#organization","name":"Alternatievemiddelen.nl","url":"https:\/\/www.alternatievemiddelen.nl\/","logo":{"@type":"ImageObject","inLanguage":"de","@id":"https:\/\/www.alternatievemiddelen.nl\/#\/schema\/logo\/image\/","url":"https:\/\/www.alternatievemiddelen.nl\/wp-content\/uploads\/2023\/10\/alternatievemiddelen-PNG-logo.png","contentUrl":"https:\/\/www.alternatievemiddelen.nl\/wp-content\/uploads\/2023\/10\/alternatievemiddelen-PNG-logo.png","width":6400,"height":3062,"caption":"Alternatievemiddelen.nl"},"image":{"@id":"https:\/\/www.alternatievemiddelen.nl\/#\/schema\/logo\/image\/"}}]}},"_links":{"self":[{"href":"https:\/\/www.alternatievemiddelen.nl\/de\/wp-json\/wp\/v2\/product\/34337","targetHints":{"allow":["GET"]}}],"collection":[{"href":"https:\/\/www.alternatievemiddelen.nl\/de\/wp-json\/wp\/v2\/product"}],"about":[{"href":"https:\/\/www.alternatievemiddelen.nl\/de\/wp-json\/wp\/v2\/types\/product"}],"replies":[{"embeddable":true,"href":"https:\/\/www.alternatievemiddelen.nl\/de\/wp-json\/wp\/v2\/comments?post=34337"}],"wp:featuredmedia":[{"embeddable":true,"href":"https:\/\/www.alternatievemiddelen.nl\/de\/wp-json\/wp\/v2\/media\/31395"}],"wp:attachment":[{"href":"https:\/\/www.alternatievemiddelen.nl\/de\/wp-json\/wp\/v2\/media?parent=34337"}],"wp:term":[{"taxonomy":"product_brand","embeddable":true,"href":"https:\/\/www.alternatievemiddelen.nl\/de\/wp-json\/wp\/v2\/product_brand?post=34337"},{"taxonomy":"product_cat","embeddable":true,"href":"https:\/\/www.alternatievemiddelen.nl\/de\/wp-json\/wp\/v2\/product_cat?post=34337"},{"taxonomy":"product_tag","embeddable":true,"href":"https:\/\/www.alternatievemiddelen.nl\/de\/wp-json\/wp\/v2\/product_tag?post=34337"},{"taxonomy":"merk","embeddable":true,"href":"https:\/\/www.alternatievemiddelen.nl\/de\/wp-json\/wp\/v2\/merk?post=34337"}],"curies":[{"name":"wp","href":"https:\/\/api.w.org\/{rel}","templated":true}]}}