{"id":34350,"date":"2024-02-27T08:21:12","date_gmt":"2024-02-27T07:21:12","guid":{"rendered":"https:\/\/www.alternatievemiddelen.nl\/?post_type=product&#038;p=34350"},"modified":"2026-03-03T02:14:05","modified_gmt":"2026-03-03T01:14:05","slug":"aqua-aurora-energetische-plaat-extra-sterk-30-cm","status":"publish","type":"product","link":"https:\/\/www.alternatievemiddelen.nl\/de\/produkte\/aqua-aurora-energetischer-teller-extra-stark-30-cm\/","title":{"rendered":"Aqua Aurora Energetische Platte extra stark 30 cm"},"content":{"rendered":"<p>Eine Aqua Aurora Energetische Platte extra stark von 30 cm kann nicht nur mehr Energie, sondern auch Informationen \u00fcbertragen. So werden alle Arten von belastenden Frequenzen ausgel\u00f6scht und durch das Frequenzmuster des Muschelkalks (Eigenschwingung) ersetzt. Die Energie wird \u00fcbertragen, indem man die Platte ber\u00fchrt oder sie f\u00fcr l\u00e4ngere Zeit in den zu behandelnden Raum stellt. Menschen, Pflanzen und Tiere reagieren sofort und werden selbst vitaler. Das Ergebnis sind weniger Stress, weniger Gesundheitsprobleme bei Menschen und weniger Krankheiten und Ausf\u00e4lle bei Pflanzen und Tieren.<br \/>\n&nbsp;<\/p>\n<h3>Die Aqua Aurora Energetische Platte extra stark von 30 cm<\/h3>\n<p>Die Platte hat einen Durchmesser von 30 cm und besteht aus 2 Edelstahlplatten mit Abstandshaltern und Gummirand. Diese Platte ist 6x leistungsf\u00e4higer als eine einzelne Platte.<\/p>\n<p>Der Betrieb eines Aqua Aurora Energetic Plate extra stark ist einfach. Es sind zwei Edelstahlplatten, in denen die gew\u00fcnschte Frequenz (Muschelkalk) gespeichert ist. Sie treten in Resonanz zueinander und verst\u00e4rken sich dadurch enorm. Die Platten geben diese Frequenz an ihre Umgebung ab. Die Platten l\u00f6schen die belastenden Frequenzen und ersetzen sie durch die Frequenzen der Materie (Muschelkalk). Die Behandlungszeit der Produkte betr\u00e4gt mindestens 5 Minuten.<br \/>\n&nbsp;<\/p>\n<h3>Was kann man mit der Aqua Aurora energetischen Platte extra stark machen? Einige Beispiele:<\/h3>\n<ul>\n<li>Schlafen Sie schlecht? Legen Sie die Platte in H\u00f6he Ihrer Brust unter die Matratze. Vielleicht schlafen Sie dann besser und f\u00fchlen sich ausgeruhter.<\/li>\n<li>H\u00e4ngen Sie es in den Z\u00e4hlerschrank.<\/li>\n<li>M\u00fcde? Setzen Sie sich f\u00fcr eine Weile auf die Platte.<\/li>\n<li>Legen Sie die Ger\u00e4te 5 Minuten lang auf die Platte, um die Strahlenbelastung durch Ihre Ger\u00e4te zu neutralisieren (denken Sie an Ihr Telefon, Ihre Uhr, Ihren Router, Ihr Babyphone usw.).<\/li>\n<li>Legen Sie die Platte unter die Tastatur Ihres Computers, wenn Sie l\u00e4nger daran sitzen (ein Muss, wenn Sie den Laptop auf dem Scho\u00df haben!!).<\/li>\n<li>Schieben Sie den Teller regelm\u00e4\u00dfig f\u00fcr mindestens 5 Minuten in das mittlere Fach des K\u00fchlschranks. Und unter die Obstschale.<\/li>\n<li>Stellen Sie Ihre volle Einkaufstasche f\u00fcr 5 Minuten auf den Teller, bevor Sie sie auspacken.<\/li>\n<li>Legen Sie 5 Minuten lang Medikamente darauf (k\u00f6nnen in der Packung enthalten sein).<\/li>\n<li>Legen Sie die Platte w\u00e4hrend einer langen Autofahrt unter den Sitz und werden Sie weniger m\u00fcde (ein Muss in einem Elektroauto!!).<\/li>\n<li>H\u00e4ngen Sie die Platte in der Mitte eines Raumes von der Decke. Die Luft wird frischer und Ger\u00fcche verschwinden in der Regel.<\/li>\n<li>Legen Sie Ihre Kleidung darauf und erh\u00f6hen Sie so auch Ihre Strahlungsresistenz.<\/li>\n<li>und........alles andere erfindest du selbst!<\/li>\n<\/ul>\n<p>&nbsp;<\/p>\n<h3>Es gibt verschiedene Modelle:<\/h3>\n<p>&#8211; <a href=\"https:\/\/www.alternatievemiddelen.nl\/de\/produkte\/aqua-aurora-energetischer-teller-30cm\/\">Aqua Aurora Energetische Platte von 30 cm<\/a><br \/>\n&#8211; <a href=\"https:\/\/www.alternatievemiddelen.nl\/de\/produkte\/aqua-aurora-energetischer-teller-extra-stark-30-cm\/\">Aqua Aurora Energetische Platte 30 cm extra stark<\/a><br \/>\n&#8211; <a href=\"https:\/\/www.alternatievemiddelen.nl\/de\/produkte\/aqua-aurora-energetischer-teller-80-cm\/\">Aqua Aurora Energieplatte von 80 cm<\/a><br \/>\n&nbsp;<\/p>\n<h3>Anwendungen der anderen Aqua Aurora-Vitalisatoren<\/h3>\n<p>Nicht nur Wasser mit dem <a href=\"https:\/\/www.alternatievemiddelen.nl\/de\/produkte\/aqua-aurora-wasserhahnbeleber\/\">Wasserhahnbeleber<\/a>Aber auch andere Fl\u00fcssigkeiten, Gase und auch Feststoffe k\u00f6nnen vitalisiert werden. Bei der Vitalisierung von Luft steigt der Sauerstoffgehalt und bei Samen und Setzlingen die Keimkraft, die Qualit\u00e4t und der Ertrag. Auch der Sauerstoffgehalt des Blutes erh\u00f6ht sich, wenn man durch eine <a href=\"https:\/\/www.alternatievemiddelen.nl\/de\/produkte\/aqua-aurora-atem-vitalisator\/\">Atem-Vitalisator<\/a> atmen. Muschelkalk-Vitalisierer sind universell einsetzbar und eine sehr effektive Investition f\u00fcr Verbraucher und Unternehmen. Gut f\u00fcr unsere Gesundheit, f\u00fcr alle Arten von Prozessen und f\u00fcr unsere Umwelt.<\/p>\n<p>F\u00fcr alle Aqua Aurora Muschelkalk-Vitalisierer siehe unser Angebot, <a href=\"https:\/\/www.alternatievemiddelen.nl\/de\/produktkategorie\/vitalisatoren-und-energetische-platten\/\">die \u00dcbersichtsseite<\/a>.<br \/>\n&nbsp;<\/p>\n<h3>Spezifikationen f\u00fcr Aqua Aurora Energetische Platte extra stark<\/h3>\n<p><u>Allgemeine Informationen<\/u><br \/>\n\u25cf Anwendung: Reduzierung von stark belastenden Bedingungen (wie Luftverschmutzung, Toxine, Strahlung und dann auch 5G denken) in der Wohnung, im Auto, im Arbeitsumfeld und in der Nahrung<br \/>\n\u25cf Wartung: keine<br \/>\n\u25cf Lebensdauer: bei normalem Gebrauch halten sie ein Leben lang<br \/>\nGarantie auf das Material: 5 Jahre<br \/>\n<u>Technische Daten<\/u><br \/>\n\u25cf Material: rostfreier Stahl 316<br \/>\n<u>\u00c4u\u00dfere Abmessungen<\/u><br \/>\n\u25cf L\u00e4nge: 30 cm<br \/>\n\u25cf Breite: 30 cm<br \/>\n&nbsp;<\/p>\n<h3>Gebrauchsanweisung f\u00fcr die Aqua Aurora Energetische Platte extra stark<\/h3>\n<p>Sehr starkes energetisches Feld, l\u00e4dt Sie oder Produkte innerhalb von 5 Minuten energetisch auf. Alle Platten sind beidseitig verwendbar, halten ein Leben lang und ben\u00f6tigen keine Wartung. Die Reinigung kann mit einem trockenen oder feuchten weichen Tuch erfolgen. Verwenden Sie die Platte so, dass sie nicht besch\u00e4digt wird. Bohren oder Schwei\u00dfen in die Platten behindert deren Funktion.<\/p>","protected":false},"excerpt":{"rendered":"<p>Aqua Aurora energetische Platte extra stark (obv Frequenz von Muschelkalk) f\u00fcr schwere Bedingungen (z.B. 5G) in Haus, Arbeitsumgebung und Lebensmittel.<\/p>","protected":false},"featured_media":31420,"comment_status":"open","ping_status":"closed","template":"","meta":[],"product_brand":[],"product_cat":[2870,2896],"product_tag":[2897,2909,2898,2893,2899,2910,2874,2875,2900,2890,2901,2877,2878,2902,2879,2880,2881,2903,2882,2883,2884,2904,2908],"merk":[3447],"class_list":{"0":"post-34350","1":"product","2":"type-product","3":"status-publish","4":"has-post-thumbnail","6":"product_cat-vitalisers-en-energetische-platen","7":"product_cat-energetische-platen","8":"product_tag-30cm","9":"product_tag-5g","10":"product_tag-auto","11":"product_tag-energetisch","12":"product_tag-energetische-plaat","13":"product_tag-extra-sterk","14":"product_tag-frequentie","15":"product_tag-gezondheid","16":"product_tag-huis","17":"product_tag-kraan","18":"product_tag-luchtvervuiling","19":"product_tag-moeder-aarde","20":"product_tag-natuur","21":"product_tag-plaat","22":"product_tag-roestvrij-staal","23":"product_tag-rvs","24":"product_tag-schelpkalk","25":"product_tag-straling","26":"product_tag-trilling","27":"product_tag-vitaal","28":"product_tag-vitaliseren","29":"product_tag-werkomgeving","30":"product_tag-zwaar-belastende-omstandigheden","31":"merk-aqua-aurora","33":"first","34":"instock","35":"taxable","36":"shipping-taxable","37":"purchasable","38":"product-type-simple"},"bundled_by":[],"bundle_stock_status":"instock","bundle_stock_quantity":null,"bundle_virtual":false,"bundle_layout":"","bundle_add_to_cart_form_location":"","bundle_editable_in_cart":false,"bundle_sold_individually_context":"","bundle_item_grouping":"","bundle_min_size":"","bundle_max_size":"","bundle_price":[],"bundled_items":[],"bundle_sell_ids":[44176,34326,34336],"yoast_head":"<!-- This site is optimized with the Yoast SEO plugin v26.1 - https:\/\/yoast.com\/wordpress\/plugins\/seo\/ -->\n<title>Aqua Aurora Energetische Plaat extra sterk 30 cm - Alternatievemiddelen.nl<\/title>\n<meta name=\"description\" content=\"Aqua Aurora energetische plaat extra sterk (obv frequentie van schelpkalk) bij zwaar belastende omstandigheden (bijv. 5G) in huis, werkomgeving en voeding.\" \/>\n<meta name=\"robots\" content=\"index, follow, max-snippet:-1, max-image-preview:large, max-video-preview:-1\" \/>\n<link rel=\"canonical\" href=\"https:\/\/www.alternatievemiddelen.nl\/de\/wp-json\/wp\/v2\/product\/34350\" \/>\n<meta property=\"og:locale\" content=\"de_DE\" \/>\n<meta property=\"og:type\" content=\"article\" \/>\n<meta property=\"og:title\" content=\"Aqua Aurora Energetische Plaat extra sterk 30 cm - Alternatievemiddelen.nl\" \/>\n<meta property=\"og:description\" content=\"Aqua Aurora energetische plaat extra sterk (obv frequentie van schelpkalk) bij zwaar belastende omstandigheden (bijv. 5G) in huis, werkomgeving en voeding.\" \/>\n<meta property=\"og:url\" content=\"https:\/\/www.alternatievemiddelen.nl\/de\/produkte\/aqua-aurora-energetischer-teller-extra-stark-30-cm\/\" \/>\n<meta property=\"og:site_name\" content=\"Alternatievemiddelen.nl\" \/>\n<meta property=\"article:modified_time\" content=\"2026-03-03T01:14:05+00:00\" \/>\n<meta property=\"og:image\" content=\"\/wp-content\/uploads\/2023\/12\/Aqua-Aurora-Energetische-Plaat-extra-sterk-30cm.jpg\" \/>\n\t<meta property=\"og:image:width\" content=\"1200\" \/>\n\t<meta property=\"og:image:height\" content=\"1600\" \/>\n\t<meta property=\"og:image:type\" content=\"image\/jpeg\" \/>\n<meta name=\"twitter:card\" content=\"summary_large_image\" \/>\n<meta name=\"twitter:label1\" content=\"Gesch\u00e4tzte Lesezeit\" \/>\n\t<meta name=\"twitter:data1\" content=\"4\u00a0Minuten\" \/>\n<script type=\"application\/ld+json\" class=\"yoast-schema-graph\">{\"@context\":\"https:\/\/schema.org\",\"@graph\":[{\"@type\":[\"WebPage\",\"ItemPage\"],\"@id\":\"https:\/\/www.alternatievemiddelen.nl\/producten\/aqua-aurora-energetische-plaat-extra-sterk-30-cm\/\",\"url\":\"https:\/\/www.alternatievemiddelen.nl\/producten\/aqua-aurora-energetische-plaat-extra-sterk-30-cm\/\",\"name\":\"Aqua Aurora Energetische Plaat extra sterk 30 cm - Alternatievemiddelen.nl\",\"isPartOf\":{\"@id\":\"https:\/\/www.alternatievemiddelen.nl\/#website\"},\"primaryImageOfPage\":{\"@id\":\"https:\/\/www.alternatievemiddelen.nl\/producten\/aqua-aurora-energetische-plaat-extra-sterk-30-cm\/#primaryimage\"},\"image\":{\"@id\":\"https:\/\/www.alternatievemiddelen.nl\/producten\/aqua-aurora-energetische-plaat-extra-sterk-30-cm\/#primaryimage\"},\"thumbnailUrl\":\"https:\/\/www.alternatievemiddelen.nl\/wp-content\/uploads\/2023\/12\/Aqua-Aurora-Energetische-Plaat-extra-sterk-30cm.jpg\",\"datePublished\":\"2024-02-27T07:21:12+00:00\",\"dateModified\":\"2026-03-03T01:14:05+00:00\",\"description\":\"Aqua Aurora energetische plaat extra sterk (obv frequentie van schelpkalk) bij zwaar belastende omstandigheden (bijv. 5G) in huis, werkomgeving en voeding.\",\"breadcrumb\":{\"@id\":\"https:\/\/www.alternatievemiddelen.nl\/producten\/aqua-aurora-energetische-plaat-extra-sterk-30-cm\/#breadcrumb\"},\"inLanguage\":\"de\",\"potentialAction\":[{\"@type\":\"ReadAction\",\"target\":[\"https:\/\/www.alternatievemiddelen.nl\/producten\/aqua-aurora-energetische-plaat-extra-sterk-30-cm\/\"]}]},{\"@type\":\"ImageObject\",\"inLanguage\":\"de\",\"@id\":\"https:\/\/www.alternatievemiddelen.nl\/producten\/aqua-aurora-energetische-plaat-extra-sterk-30-cm\/#primaryimage\",\"url\":\"https:\/\/www.alternatievemiddelen.nl\/wp-content\/uploads\/2023\/12\/Aqua-Aurora-Energetische-Plaat-extra-sterk-30cm.jpg\",\"contentUrl\":\"https:\/\/www.alternatievemiddelen.nl\/wp-content\/uploads\/2023\/12\/Aqua-Aurora-Energetische-Plaat-extra-sterk-30cm.jpg\",\"width\":1200,\"height\":1600,\"caption\":\"Geen 5G Energetische plaat Aqua Aurora\"},{\"@type\":\"BreadcrumbList\",\"@id\":\"https:\/\/www.alternatievemiddelen.nl\/producten\/aqua-aurora-energetische-plaat-extra-sterk-30-cm\/#breadcrumb\",\"itemListElement\":[{\"@type\":\"ListItem\",\"position\":1,\"name\":\"Home\",\"item\":\"https:\/\/www.alternatievemiddelen.nl\/\"},{\"@type\":\"ListItem\",\"position\":2,\"name\":\"Producten\",\"item\":\"https:\/\/www.alternatievemiddelen.nl\/producten\/\"},{\"@type\":\"ListItem\",\"position\":3,\"name\":\"Aqua Aurora Energetische Plaat extra sterk 30 cm\"}]},{\"@type\":\"WebSite\",\"@id\":\"https:\/\/www.alternatievemiddelen.nl\/#website\",\"url\":\"https:\/\/www.alternatievemiddelen.nl\/\",\"name\":\"Alternatievemiddelen.nl\",\"description\":\"Webshop met gezonde, duurzame en ecologische alternatieve mogelijkheden in de hedendaagse levenstijl. Alles uit eigen ervaring.\",\"publisher\":{\"@id\":\"https:\/\/www.alternatievemiddelen.nl\/#organization\"},\"potentialAction\":[{\"@type\":\"SearchAction\",\"target\":{\"@type\":\"EntryPoint\",\"urlTemplate\":\"https:\/\/www.alternatievemiddelen.nl\/?s={search_term_string}\"},\"query-input\":{\"@type\":\"PropertyValueSpecification\",\"valueRequired\":true,\"valueName\":\"search_term_string\"}}],\"inLanguage\":\"de\"},{\"@type\":\"Organization\",\"@id\":\"https:\/\/www.alternatievemiddelen.nl\/#organization\",\"name\":\"Alternatievemiddelen.nl\",\"url\":\"https:\/\/www.alternatievemiddelen.nl\/\",\"logo\":{\"@type\":\"ImageObject\",\"inLanguage\":\"de\",\"@id\":\"https:\/\/www.alternatievemiddelen.nl\/#\/schema\/logo\/image\/\",\"url\":\"https:\/\/www.alternatievemiddelen.nl\/wp-content\/uploads\/2023\/10\/alternatievemiddelen-PNG-logo.png\",\"contentUrl\":\"https:\/\/www.alternatievemiddelen.nl\/wp-content\/uploads\/2023\/10\/alternatievemiddelen-PNG-logo.png\",\"width\":6400,\"height\":3062,\"caption\":\"Alternatievemiddelen.nl\"},\"image\":{\"@id\":\"https:\/\/www.alternatievemiddelen.nl\/#\/schema\/logo\/image\/\"}}]}<\/script>\n<!-- \/ Yoast SEO plugin. -->","yoast_head_json":{"title":"Aqua Aurora Energetische Plaat extra sterk 30 cm - Alternatievemiddelen.nl","description":"Aqua Aurora energetische plaat extra sterk (obv frequentie van schelpkalk) bij zwaar belastende omstandigheden (bijv. 5G) in huis, werkomgeving en voeding.","robots":{"index":"index","follow":"follow","max-snippet":"max-snippet:-1","max-image-preview":"max-image-preview:large","max-video-preview":"max-video-preview:-1"},"canonical":"https:\/\/www.alternatievemiddelen.nl\/de\/wp-json\/wp\/v2\/product\/34350","og_locale":"de_DE","og_type":"article","og_title":"Aqua Aurora Energetische Plaat extra sterk 30 cm - Alternatievemiddelen.nl","og_description":"Aqua Aurora energetische plaat extra sterk (obv frequentie van schelpkalk) bij zwaar belastende omstandigheden (bijv. 5G) in huis, werkomgeving en voeding.","og_url":"https:\/\/www.alternatievemiddelen.nl\/de\/produkte\/aqua-aurora-energetischer-teller-extra-stark-30-cm\/","og_site_name":"Alternatievemiddelen.nl","article_modified_time":"2026-03-03T01:14:05+00:00","og_image":[{"width":1200,"height":1600,"url":"\/wp-content\/uploads\/2023\/12\/Aqua-Aurora-Energetische-Plaat-extra-sterk-30cm.jpg","type":"image\/jpeg"}],"twitter_card":"summary_large_image","twitter_misc":{"Gesch\u00e4tzte Lesezeit":"4\u00a0Minuten"},"schema":{"@context":"https:\/\/schema.org","@graph":[{"@type":["WebPage","ItemPage"],"@id":"https:\/\/www.alternatievemiddelen.nl\/producten\/aqua-aurora-energetische-plaat-extra-sterk-30-cm\/","url":"https:\/\/www.alternatievemiddelen.nl\/producten\/aqua-aurora-energetische-plaat-extra-sterk-30-cm\/","name":"Aqua Aurora Energetische Plaat extra sterk 30 cm - Alternatievemiddelen.nl","isPartOf":{"@id":"https:\/\/www.alternatievemiddelen.nl\/#website"},"primaryImageOfPage":{"@id":"https:\/\/www.alternatievemiddelen.nl\/producten\/aqua-aurora-energetische-plaat-extra-sterk-30-cm\/#primaryimage"},"image":{"@id":"https:\/\/www.alternatievemiddelen.nl\/producten\/aqua-aurora-energetische-plaat-extra-sterk-30-cm\/#primaryimage"},"thumbnailUrl":"https:\/\/www.alternatievemiddelen.nl\/wp-content\/uploads\/2023\/12\/Aqua-Aurora-Energetische-Plaat-extra-sterk-30cm.jpg","datePublished":"2024-02-27T07:21:12+00:00","dateModified":"2026-03-03T01:14:05+00:00","description":"Aqua Aurora energetische plaat extra sterk (obv frequentie van schelpkalk) bij zwaar belastende omstandigheden (bijv. 5G) in huis, werkomgeving en voeding.","breadcrumb":{"@id":"https:\/\/www.alternatievemiddelen.nl\/producten\/aqua-aurora-energetische-plaat-extra-sterk-30-cm\/#breadcrumb"},"inLanguage":"de","potentialAction":[{"@type":"ReadAction","target":["https:\/\/www.alternatievemiddelen.nl\/producten\/aqua-aurora-energetische-plaat-extra-sterk-30-cm\/"]}]},{"@type":"ImageObject","inLanguage":"de","@id":"https:\/\/www.alternatievemiddelen.nl\/producten\/aqua-aurora-energetische-plaat-extra-sterk-30-cm\/#primaryimage","url":"https:\/\/www.alternatievemiddelen.nl\/wp-content\/uploads\/2023\/12\/Aqua-Aurora-Energetische-Plaat-extra-sterk-30cm.jpg","contentUrl":"https:\/\/www.alternatievemiddelen.nl\/wp-content\/uploads\/2023\/12\/Aqua-Aurora-Energetische-Plaat-extra-sterk-30cm.jpg","width":1200,"height":1600,"caption":"Geen 5G Energetische plaat Aqua Aurora"},{"@type":"BreadcrumbList","@id":"https:\/\/www.alternatievemiddelen.nl\/producten\/aqua-aurora-energetische-plaat-extra-sterk-30-cm\/#breadcrumb","itemListElement":[{"@type":"ListItem","position":1,"name":"Home","item":"https:\/\/www.alternatievemiddelen.nl\/"},{"@type":"ListItem","position":2,"name":"Producten","item":"https:\/\/www.alternatievemiddelen.nl\/producten\/"},{"@type":"ListItem","position":3,"name":"Aqua Aurora Energetische Plaat extra sterk 30 cm"}]},{"@type":"WebSite","@id":"https:\/\/www.alternatievemiddelen.nl\/#website","url":"https:\/\/www.alternatievemiddelen.nl\/","name":"Alternatievemiddelen.nl","description":"Webshop met gezonde, duurzame en ecologische alternatieve mogelijkheden in de hedendaagse levenstijl. Alles uit eigen ervaring.","publisher":{"@id":"https:\/\/www.alternatievemiddelen.nl\/#organization"},"potentialAction":[{"@type":"SearchAction","target":{"@type":"EntryPoint","urlTemplate":"https:\/\/www.alternatievemiddelen.nl\/?s={search_term_string}"},"query-input":{"@type":"PropertyValueSpecification","valueRequired":true,"valueName":"search_term_string"}}],"inLanguage":"de"},{"@type":"Organization","@id":"https:\/\/www.alternatievemiddelen.nl\/#organization","name":"Alternatievemiddelen.nl","url":"https:\/\/www.alternatievemiddelen.nl\/","logo":{"@type":"ImageObject","inLanguage":"de","@id":"https:\/\/www.alternatievemiddelen.nl\/#\/schema\/logo\/image\/","url":"https:\/\/www.alternatievemiddelen.nl\/wp-content\/uploads\/2023\/10\/alternatievemiddelen-PNG-logo.png","contentUrl":"https:\/\/www.alternatievemiddelen.nl\/wp-content\/uploads\/2023\/10\/alternatievemiddelen-PNG-logo.png","width":6400,"height":3062,"caption":"Alternatievemiddelen.nl"},"image":{"@id":"https:\/\/www.alternatievemiddelen.nl\/#\/schema\/logo\/image\/"}}]}},"_links":{"self":[{"href":"https:\/\/www.alternatievemiddelen.nl\/de\/wp-json\/wp\/v2\/product\/34350","targetHints":{"allow":["GET"]}}],"collection":[{"href":"https:\/\/www.alternatievemiddelen.nl\/de\/wp-json\/wp\/v2\/product"}],"about":[{"href":"https:\/\/www.alternatievemiddelen.nl\/de\/wp-json\/wp\/v2\/types\/product"}],"replies":[{"embeddable":true,"href":"https:\/\/www.alternatievemiddelen.nl\/de\/wp-json\/wp\/v2\/comments?post=34350"}],"wp:featuredmedia":[{"embeddable":true,"href":"https:\/\/www.alternatievemiddelen.nl\/de\/wp-json\/wp\/v2\/media\/31420"}],"wp:attachment":[{"href":"https:\/\/www.alternatievemiddelen.nl\/de\/wp-json\/wp\/v2\/media?parent=34350"}],"wp:term":[{"taxonomy":"product_brand","embeddable":true,"href":"https:\/\/www.alternatievemiddelen.nl\/de\/wp-json\/wp\/v2\/product_brand?post=34350"},{"taxonomy":"product_cat","embeddable":true,"href":"https:\/\/www.alternatievemiddelen.nl\/de\/wp-json\/wp\/v2\/product_cat?post=34350"},{"taxonomy":"product_tag","embeddable":true,"href":"https:\/\/www.alternatievemiddelen.nl\/de\/wp-json\/wp\/v2\/product_tag?post=34350"},{"taxonomy":"merk","embeddable":true,"href":"https:\/\/www.alternatievemiddelen.nl\/de\/wp-json\/wp\/v2\/merk?post=34350"}],"curies":[{"name":"wp","href":"https:\/\/api.w.org\/{rel}","templated":true}]}}