{"id":34362,"date":"2024-02-27T08:21:17","date_gmt":"2024-02-27T07:21:17","guid":{"rendered":"https:\/\/www.alternatievemiddelen.nl\/?post_type=product&#038;p=34362"},"modified":"2026-03-30T15:28:34","modified_gmt":"2026-03-30T13:28:34","slug":"badger-zonnebrand","status":"publish","type":"product","link":"https:\/\/www.alternatievemiddelen.nl\/de\/produkte\/badger-sonnencreme\/","title":{"rendered":"Badger Sonnenschutzmittel SPF 30 unparf\u00fcmiert 87 ml"},"content":{"rendered":"<p>Badger Sonnenschutzmittel SPF 30 unparf\u00fcmiert - Sonnenlicht ist wichtig f\u00fcr die Gesundheit, aber eine zu lange Exposition ist nie gut. Um sich und die ganze Familie in der Sonne richtig zu sch\u00fctzen, ist es wichtig, ein gutes, nat\u00fcrliches Sonnenschutzmittel aufzutragen, das die Haut vor den sch\u00e4dlichen Auswirkungen der Sonne sch\u00fctzt. Badger Sonnenschutzmittel mit Faktor 30 wird aus mineralischem Zinkoxid hergestellt. Zinkoxid ist bekannt f\u00fcr seinen sehr starken Schutz vor UVA- und UVB-Strahlung und ist somit ein Breitbandschutzmittel.<br \/>\n&nbsp;<\/p>\n<h4>Zinkoxid und organische Inhaltsstoffe<\/h4>\n<p>Ein weiterer Vorteil ist, dass Zinkoxid im Gegensatz zu vielen anderen UV-Schutzmitteln, die in unnat\u00fcrlichen Sonnenschutzmitteln enthalten sind, praktisch nicht vom K\u00f6rper absorbiert wird. Wenn diese synthetischen Stoffe von der Haut aufgenommen werden, steigt die Zahl der freien Radikale im K\u00f6rper, und diese freien Radikale erh\u00f6hen das Risiko von Hautkrebs oder anderen toxischen Reaktionen und Ungleichgewichten im K\u00f6rper. Sonnenschutzmittel auf der Basis von mineralischem Zinkoxid sind daher sowohl f\u00fcr Erwachsene als auch f\u00fcr Kinder eine sehr sichere Wahl, die Sie getrost anwenden k\u00f6nnen.<\/p>\n<p>Badger Sonnenschutzmittel SPF 30 unparf\u00fcmiert basiert auf sicheren, wirksamen und biologischen Inhaltsstoffen. Es ist wasserfest f\u00fcr mindestens 40 Minuten, biologisch abbaubar und wirkt schnell nach der Anwendung. Dieses Sonnenschutzmittel ist unparf\u00fcmiert, f\u00fcr empfindliche Haut geeignet und kann von der ganzen Familie verwendet werden. Dar\u00fcber hinaus wird sie nicht an Tieren getestet und ist sicher f\u00fcr Korallenriffe und andere \u00d6kosysteme.<br \/>\n&nbsp;<\/p>\n<h4>Vorteile Badger Sonnenschutzmittel SPF 30 unparf\u00fcmiert:<\/h4>\n<p>\u2714 CLEAN + BIOLOGICAL: GMO-frei und mit nur 5 einfachen, 98% biologischen Zutaten hergestellt.<br \/>\n\u2714 EFFEKTIV: Getestet mit LSF 30, Breitspektrum und wasserfest bis zu 40 Minuten - perfekt f\u00fcr ein kurzes Bad oder leichte Aktivit\u00e4ten.<br \/>\n\u2714 SICHER: Sch\u00fctzt nur mit Zinkoxid, getestet als hypoallergen, glutenfrei, unparf\u00fcmiert und mild f\u00fcr empfindliche Haut.<br \/>\n\u2714 Pflegend: Antioxidantienreiche, wasserfreie Formel mit Vitamin E spendet Feuchtigkeit und sch\u00fctzt Ihre Haut.<br \/>\n\u2714 NACHHALTIG: Riffschonend, tierfrei, verpackt in einem 50% PCR-R\u00f6hrchen und hergestellt mit Solarenergie.<\/p>\n<p>Es sind 3 Varianten des Sonnenschutzmittels Badger bei uns erh\u00e4ltlich: <a href=\"https:\/\/www.alternatievemiddelen.nl\/de\/produkte\/badger-sonnencreme\/\">Badger Sonnenschutzmittel SPF 30 unparf\u00fcmiert<\/a>, <a href=\"https:\/\/www.alternatievemiddelen.nl\/de\/produkte\/badger-baby-sonnencreme\/\">Badger Baby-Sonnenschutzmittel SPF 30<\/a> und <a href=\"https:\/\/www.alternatievemiddelen.nl\/de\/produkte\/dachs-kinder-sonnenbrand\/\">Badger Kinder-Sonnenschutzmittel SPF 30<\/a>. Also der richtige Schutz f\u00fcr jede Situation!<\/p>\n<p><b><u>INHALTSSTOFFE (AUF ENGLISCH):<\/u><\/b> Helianthus Annuus (<b>Sonnenblume<\/b>) Samen\u00f6l*, unbeschichtetes Zinkoxid, Cera Alba (<b>Bienenwachs<\/b>)*, Tocopherol (<b>Sonnenblumen-Vitamin E<\/b>), Hippophae Rhamnoides (<b>Sanddorn<\/b>) Fruchtextrakt*<br \/>\n* aus biologischem Anbau<\/p>\n<p><b><u>Gebrauchsanweisung:<\/u><\/b><br \/>\n- Kneten Sie die Tube vor jedem Gebrauch.<br \/>\n- F\u00fcr einen umfassenden Sonnenschutz 15 Minuten vor dem Sonnenbad gro\u00dfz\u00fcgig auf den ganzen K\u00f6rper auftragen und einmassieren, bis der wei\u00dfe Schleier eingezogen ist.<br \/>\n- F\u00fcr Kinder unter 6 Monaten: vor der Verwendung von Sonnenschutzmitteln einen Arzt konsultieren.<br \/>\n- Wiederholen Sie die Anwendung mindestens alle 2 Stunden oder nach 40 Minuten Schwimmen\/Aktivit\u00e4t. Sofort nach dem Trocknen erneut auftragen.<\/p>","protected":false},"excerpt":{"rendered":"<p>Das Sonnenschutzmittel Badger besteht aus Zinkoxid auf Mineralbasis. Dieses ist bekannt f\u00fcr seinen sicheren und hochwirksamen Schutz vor UVA- und UVB-Strahlung.<\/p>","protected":false},"featured_media":46926,"comment_status":"open","ping_status":"closed","template":"","meta":[],"product_brand":[],"product_cat":[2945,2946],"product_tag":[2949,2950,2951,2875,2952,2960,2953,2954,2955,2956,2957],"merk":[3453],"class_list":{"0":"post-34362","1":"product","2":"type-product","3":"status-publish","4":"has-post-thumbnail","6":"product_cat-natuurlijke-verzorging","7":"product_cat-zonnebrand","8":"product_tag-badger","9":"product_tag-badger-balm","10":"product_tag-biologisch","11":"product_tag-gezondheid","12":"product_tag-minerale-zinkoxide","13":"product_tag-ongeparfumeerd","14":"product_tag-uva-straling","15":"product_tag-uvb-straling","16":"product_tag-waterbestendig","17":"product_tag-zinkoxide","18":"product_tag-zonnebrand","19":"merk-badger","21":"first","22":"instock","23":"taxable","24":"shipping-taxable","25":"purchasable","26":"product-type-simple"},"bundled_by":[],"bundle_stock_status":"instock","bundle_stock_quantity":null,"bundle_virtual":false,"bundle_layout":"","bundle_add_to_cart_form_location":"","bundle_editable_in_cart":false,"bundle_sold_individually_context":"","bundle_item_grouping":"","bundle_min_size":"","bundle_max_size":"","bundle_price":[],"bundled_items":[],"bundle_sell_ids":[44176,34389,34355,34344],"yoast_head":"<!-- This site is optimized with the Yoast SEO plugin v26.1 - https:\/\/yoast.com\/wordpress\/plugins\/seo\/ -->\n<title>Badger zonnebrand SPF 30 ongeparfumeerd 87 ml - Alternatievemiddelen.nl<\/title>\n<meta name=\"description\" content=\"Badger zonnebrand is gemaakt op basis van minerale zinkoxide. Dit staat bekend om zijn veilige en zeer krachtige bescherming tegen UVA- &amp; UVB-straling.\" \/>\n<meta name=\"robots\" content=\"index, follow, max-snippet:-1, max-image-preview:large, max-video-preview:-1\" \/>\n<link rel=\"canonical\" href=\"https:\/\/www.alternatievemiddelen.nl\/de\/wp-json\/wp\/v2\/product\/34362\" \/>\n<meta property=\"og:locale\" content=\"de_DE\" \/>\n<meta property=\"og:type\" content=\"article\" \/>\n<meta property=\"og:title\" content=\"Badger zonnebrand SPF 30 ongeparfumeerd 87 ml - Alternatievemiddelen.nl\" \/>\n<meta property=\"og:description\" content=\"Badger zonnebrand is gemaakt op basis van minerale zinkoxide. Dit staat bekend om zijn veilige en zeer krachtige bescherming tegen UVA- &amp; UVB-straling.\" \/>\n<meta property=\"og:url\" content=\"https:\/\/www.alternatievemiddelen.nl\/de\/produkte\/badger-sonnencreme\/\" \/>\n<meta property=\"og:site_name\" content=\"Alternatievemiddelen.nl\" \/>\n<meta property=\"article:modified_time\" content=\"2026-03-30T13:28:34+00:00\" \/>\n<meta property=\"og:image\" content=\"\/wp-content\/uploads\/2024\/02\/Badger-zonnebrand-nieuw.jpg\" \/>\n\t<meta property=\"og:image:width\" content=\"1200\" \/>\n\t<meta property=\"og:image:height\" content=\"1600\" \/>\n\t<meta property=\"og:image:type\" content=\"image\/jpeg\" \/>\n<meta name=\"twitter:card\" content=\"summary_large_image\" \/>\n<meta name=\"twitter:label1\" content=\"Gesch\u00e4tzte Lesezeit\" \/>\n\t<meta name=\"twitter:data1\" content=\"3\u00a0Minuten\" \/>\n<script type=\"application\/ld+json\" class=\"yoast-schema-graph\">{\"@context\":\"https:\/\/schema.org\",\"@graph\":[{\"@type\":[\"WebPage\",\"ItemPage\"],\"@id\":\"https:\/\/www.alternatievemiddelen.nl\/producten\/badger-zonnebrand\/\",\"url\":\"https:\/\/www.alternatievemiddelen.nl\/producten\/badger-zonnebrand\/\",\"name\":\"Badger zonnebrand SPF 30 ongeparfumeerd 87 ml - Alternatievemiddelen.nl\",\"isPartOf\":{\"@id\":\"https:\/\/www.alternatievemiddelen.nl\/#website\"},\"primaryImageOfPage\":{\"@id\":\"https:\/\/www.alternatievemiddelen.nl\/producten\/badger-zonnebrand\/#primaryimage\"},\"image\":{\"@id\":\"https:\/\/www.alternatievemiddelen.nl\/producten\/badger-zonnebrand\/#primaryimage\"},\"thumbnailUrl\":\"https:\/\/www.alternatievemiddelen.nl\/wp-content\/uploads\/2024\/02\/Badger-zonnebrand-nieuw.jpg\",\"datePublished\":\"2024-02-27T07:21:17+00:00\",\"dateModified\":\"2026-03-30T13:28:34+00:00\",\"description\":\"Badger zonnebrand is gemaakt op basis van minerale zinkoxide. Dit staat bekend om zijn veilige en zeer krachtige bescherming tegen UVA- & UVB-straling.\",\"breadcrumb\":{\"@id\":\"https:\/\/www.alternatievemiddelen.nl\/producten\/badger-zonnebrand\/#breadcrumb\"},\"inLanguage\":\"de\",\"potentialAction\":[{\"@type\":\"ReadAction\",\"target\":[\"https:\/\/www.alternatievemiddelen.nl\/producten\/badger-zonnebrand\/\"]}]},{\"@type\":\"ImageObject\",\"inLanguage\":\"de\",\"@id\":\"https:\/\/www.alternatievemiddelen.nl\/producten\/badger-zonnebrand\/#primaryimage\",\"url\":\"https:\/\/www.alternatievemiddelen.nl\/wp-content\/uploads\/2024\/02\/Badger-zonnebrand-nieuw.jpg\",\"contentUrl\":\"https:\/\/www.alternatievemiddelen.nl\/wp-content\/uploads\/2024\/02\/Badger-zonnebrand-nieuw.jpg\",\"width\":1200,\"height\":1600,\"caption\":\"Badger zonnebrand ongeparfumeerd\"},{\"@type\":\"BreadcrumbList\",\"@id\":\"https:\/\/www.alternatievemiddelen.nl\/producten\/badger-zonnebrand\/#breadcrumb\",\"itemListElement\":[{\"@type\":\"ListItem\",\"position\":1,\"name\":\"Home\",\"item\":\"https:\/\/www.alternatievemiddelen.nl\/\"},{\"@type\":\"ListItem\",\"position\":2,\"name\":\"Producten\",\"item\":\"https:\/\/www.alternatievemiddelen.nl\/producten\/\"},{\"@type\":\"ListItem\",\"position\":3,\"name\":\"Badger zonnebrand SPF 30 ongeparfumeerd 87 ml\"}]},{\"@type\":\"WebSite\",\"@id\":\"https:\/\/www.alternatievemiddelen.nl\/#website\",\"url\":\"https:\/\/www.alternatievemiddelen.nl\/\",\"name\":\"Alternatievemiddelen.nl\",\"description\":\"Webshop met gezonde, duurzame en ecologische alternatieve mogelijkheden in de hedendaagse levenstijl. Alles uit eigen ervaring.\",\"publisher\":{\"@id\":\"https:\/\/www.alternatievemiddelen.nl\/#organization\"},\"potentialAction\":[{\"@type\":\"SearchAction\",\"target\":{\"@type\":\"EntryPoint\",\"urlTemplate\":\"https:\/\/www.alternatievemiddelen.nl\/?s={search_term_string}\"},\"query-input\":{\"@type\":\"PropertyValueSpecification\",\"valueRequired\":true,\"valueName\":\"search_term_string\"}}],\"inLanguage\":\"de\"},{\"@type\":\"Organization\",\"@id\":\"https:\/\/www.alternatievemiddelen.nl\/#organization\",\"name\":\"Alternatievemiddelen.nl\",\"url\":\"https:\/\/www.alternatievemiddelen.nl\/\",\"logo\":{\"@type\":\"ImageObject\",\"inLanguage\":\"de\",\"@id\":\"https:\/\/www.alternatievemiddelen.nl\/#\/schema\/logo\/image\/\",\"url\":\"https:\/\/www.alternatievemiddelen.nl\/wp-content\/uploads\/2023\/10\/alternatievemiddelen-PNG-logo.png\",\"contentUrl\":\"https:\/\/www.alternatievemiddelen.nl\/wp-content\/uploads\/2023\/10\/alternatievemiddelen-PNG-logo.png\",\"width\":6400,\"height\":3062,\"caption\":\"Alternatievemiddelen.nl\"},\"image\":{\"@id\":\"https:\/\/www.alternatievemiddelen.nl\/#\/schema\/logo\/image\/\"}}]}<\/script>\n<!-- \/ Yoast SEO plugin. -->","yoast_head_json":{"title":"Badger zonnebrand SPF 30 ongeparfumeerd 87 ml - Alternatievemiddelen.nl","description":"Badger zonnebrand is gemaakt op basis van minerale zinkoxide. Dit staat bekend om zijn veilige en zeer krachtige bescherming tegen UVA- & UVB-straling.","robots":{"index":"index","follow":"follow","max-snippet":"max-snippet:-1","max-image-preview":"max-image-preview:large","max-video-preview":"max-video-preview:-1"},"canonical":"https:\/\/www.alternatievemiddelen.nl\/de\/wp-json\/wp\/v2\/product\/34362","og_locale":"de_DE","og_type":"article","og_title":"Badger zonnebrand SPF 30 ongeparfumeerd 87 ml - Alternatievemiddelen.nl","og_description":"Badger zonnebrand is gemaakt op basis van minerale zinkoxide. Dit staat bekend om zijn veilige en zeer krachtige bescherming tegen UVA- & UVB-straling.","og_url":"https:\/\/www.alternatievemiddelen.nl\/de\/produkte\/badger-sonnencreme\/","og_site_name":"Alternatievemiddelen.nl","article_modified_time":"2026-03-30T13:28:34+00:00","og_image":[{"width":1200,"height":1600,"url":"\/wp-content\/uploads\/2024\/02\/Badger-zonnebrand-nieuw.jpg","type":"image\/jpeg"}],"twitter_card":"summary_large_image","twitter_misc":{"Gesch\u00e4tzte Lesezeit":"3\u00a0Minuten"},"schema":{"@context":"https:\/\/schema.org","@graph":[{"@type":["WebPage","ItemPage"],"@id":"https:\/\/www.alternatievemiddelen.nl\/producten\/badger-zonnebrand\/","url":"https:\/\/www.alternatievemiddelen.nl\/producten\/badger-zonnebrand\/","name":"Badger zonnebrand SPF 30 ongeparfumeerd 87 ml - Alternatievemiddelen.nl","isPartOf":{"@id":"https:\/\/www.alternatievemiddelen.nl\/#website"},"primaryImageOfPage":{"@id":"https:\/\/www.alternatievemiddelen.nl\/producten\/badger-zonnebrand\/#primaryimage"},"image":{"@id":"https:\/\/www.alternatievemiddelen.nl\/producten\/badger-zonnebrand\/#primaryimage"},"thumbnailUrl":"https:\/\/www.alternatievemiddelen.nl\/wp-content\/uploads\/2024\/02\/Badger-zonnebrand-nieuw.jpg","datePublished":"2024-02-27T07:21:17+00:00","dateModified":"2026-03-30T13:28:34+00:00","description":"Badger zonnebrand is gemaakt op basis van minerale zinkoxide. Dit staat bekend om zijn veilige en zeer krachtige bescherming tegen UVA- & UVB-straling.","breadcrumb":{"@id":"https:\/\/www.alternatievemiddelen.nl\/producten\/badger-zonnebrand\/#breadcrumb"},"inLanguage":"de","potentialAction":[{"@type":"ReadAction","target":["https:\/\/www.alternatievemiddelen.nl\/producten\/badger-zonnebrand\/"]}]},{"@type":"ImageObject","inLanguage":"de","@id":"https:\/\/www.alternatievemiddelen.nl\/producten\/badger-zonnebrand\/#primaryimage","url":"https:\/\/www.alternatievemiddelen.nl\/wp-content\/uploads\/2024\/02\/Badger-zonnebrand-nieuw.jpg","contentUrl":"https:\/\/www.alternatievemiddelen.nl\/wp-content\/uploads\/2024\/02\/Badger-zonnebrand-nieuw.jpg","width":1200,"height":1600,"caption":"Badger zonnebrand ongeparfumeerd"},{"@type":"BreadcrumbList","@id":"https:\/\/www.alternatievemiddelen.nl\/producten\/badger-zonnebrand\/#breadcrumb","itemListElement":[{"@type":"ListItem","position":1,"name":"Home","item":"https:\/\/www.alternatievemiddelen.nl\/"},{"@type":"ListItem","position":2,"name":"Producten","item":"https:\/\/www.alternatievemiddelen.nl\/producten\/"},{"@type":"ListItem","position":3,"name":"Badger zonnebrand SPF 30 ongeparfumeerd 87 ml"}]},{"@type":"WebSite","@id":"https:\/\/www.alternatievemiddelen.nl\/#website","url":"https:\/\/www.alternatievemiddelen.nl\/","name":"Alternatievemiddelen.nl","description":"Webshop met gezonde, duurzame en ecologische alternatieve mogelijkheden in de hedendaagse levenstijl. Alles uit eigen ervaring.","publisher":{"@id":"https:\/\/www.alternatievemiddelen.nl\/#organization"},"potentialAction":[{"@type":"SearchAction","target":{"@type":"EntryPoint","urlTemplate":"https:\/\/www.alternatievemiddelen.nl\/?s={search_term_string}"},"query-input":{"@type":"PropertyValueSpecification","valueRequired":true,"valueName":"search_term_string"}}],"inLanguage":"de"},{"@type":"Organization","@id":"https:\/\/www.alternatievemiddelen.nl\/#organization","name":"Alternatievemiddelen.nl","url":"https:\/\/www.alternatievemiddelen.nl\/","logo":{"@type":"ImageObject","inLanguage":"de","@id":"https:\/\/www.alternatievemiddelen.nl\/#\/schema\/logo\/image\/","url":"https:\/\/www.alternatievemiddelen.nl\/wp-content\/uploads\/2023\/10\/alternatievemiddelen-PNG-logo.png","contentUrl":"https:\/\/www.alternatievemiddelen.nl\/wp-content\/uploads\/2023\/10\/alternatievemiddelen-PNG-logo.png","width":6400,"height":3062,"caption":"Alternatievemiddelen.nl"},"image":{"@id":"https:\/\/www.alternatievemiddelen.nl\/#\/schema\/logo\/image\/"}}]}},"_links":{"self":[{"href":"https:\/\/www.alternatievemiddelen.nl\/de\/wp-json\/wp\/v2\/product\/34362","targetHints":{"allow":["GET"]}}],"collection":[{"href":"https:\/\/www.alternatievemiddelen.nl\/de\/wp-json\/wp\/v2\/product"}],"about":[{"href":"https:\/\/www.alternatievemiddelen.nl\/de\/wp-json\/wp\/v2\/types\/product"}],"replies":[{"embeddable":true,"href":"https:\/\/www.alternatievemiddelen.nl\/de\/wp-json\/wp\/v2\/comments?post=34362"}],"wp:featuredmedia":[{"embeddable":true,"href":"https:\/\/www.alternatievemiddelen.nl\/de\/wp-json\/wp\/v2\/media\/46926"}],"wp:attachment":[{"href":"https:\/\/www.alternatievemiddelen.nl\/de\/wp-json\/wp\/v2\/media?parent=34362"}],"wp:term":[{"taxonomy":"product_brand","embeddable":true,"href":"https:\/\/www.alternatievemiddelen.nl\/de\/wp-json\/wp\/v2\/product_brand?post=34362"},{"taxonomy":"product_cat","embeddable":true,"href":"https:\/\/www.alternatievemiddelen.nl\/de\/wp-json\/wp\/v2\/product_cat?post=34362"},{"taxonomy":"product_tag","embeddable":true,"href":"https:\/\/www.alternatievemiddelen.nl\/de\/wp-json\/wp\/v2\/product_tag?post=34362"},{"taxonomy":"merk","embeddable":true,"href":"https:\/\/www.alternatievemiddelen.nl\/de\/wp-json\/wp\/v2\/merk?post=34362"}],"curies":[{"name":"wp","href":"https:\/\/api.w.org\/{rel}","templated":true}]}}