{"id":34364,"date":"2024-02-27T08:21:18","date_gmt":"2024-02-27T07:21:18","guid":{"rendered":"https:\/\/www.alternatievemiddelen.nl\/?post_type=product&#038;p=34364"},"modified":"2025-10-05T07:47:15","modified_gmt":"2025-10-05T05:47:15","slug":"deodorant-creme-sensitive-care-zonder-aluminium","status":"publish","type":"product","link":"https:\/\/www.alternatievemiddelen.nl\/de\/produkte\/deodorant-creme-sensitive-care-ohne-aluminium\/","title":{"rendered":"Deodorant Creme Sensitive Care (ohne Aluminium) 30 ml"},"content":{"rendered":"<p>Deo Creme Sensitive Care von i+m Naturkosmetik Berlin bietet langanhaltenden Schutz f\u00fcr empfindliche, allergiegef\u00e4hrdete Achselhaut. Extra mild, aber effektiv: Die nat\u00fcrliche Wirkstoffkomposition desodoriert und neutralisiert vorhandenen K\u00f6rpergeruch \u00fcber Stunden - ganz ohne Backpulver. Frei von \u00e4therischen \u00d6len hinterl\u00e4sst es empfindliche Haut v\u00f6llig geruchsneutral und zuverl\u00e4ssig frisch.<br \/>\n&nbsp;<\/p>\n<h3>Deodorantcreme ohne Backpulver<\/h3>\n<p>Die wirksame Formel mit Magnesium und Zink bietet sofortigen Schutz. Sie beseitigt sicher K\u00f6rperger\u00fcche, ohne die nat\u00fcrliche Schwei\u00dfregulation der Haut durch Alkohol, Aluminium oder Alaun zu beeintr\u00e4chtigen. Gleichzeitig sch\u00fctzt Deodorant Creme Sensitive Care die Haut sanft vor unangenehmem Achselgeruch, ohne Natriumbicarbonat zu verwenden. So k\u00f6nnen auch empfindliche Achseln schwitzen, ohne gereizt zu werden - ideal f\u00fcr Menschen mit einer Unvertr\u00e4glichkeit gegen\u00fcber Natriumbicarbonat.<br \/>\n&nbsp;<\/p>\n<h3>Extra-milder Deo-Schutz<\/h3>\n<p>Das reizlindernde Zinkoxid beruhigt beanspruchte Achselh\u00f6hlen - besonders wohltuend nach der Rasur. Gleichzeitig pflegt Vitamin E die empfindliche Achselhaut und macht sie geschmeidig. Fairtrade-Mandel\u00f6l und Oliven\u00f6l machen die Haut samtig weich. Die parf\u00fcmfreie Deo Creme Sensitive Care bietet wohltuende Pflege f\u00fcr gereizte, empfindliche Haut mit zuverl\u00e4ssigem Schutz, ganz ohne Parf\u00fcm. Die Haut regeneriert sich und f\u00fchlt sich frisch an.<br \/>\n&nbsp;<\/p>\n<h3>Deodorantcreme Sensitive Care Informationen<\/h3>\n<p><u>Verwendung:<\/u> Tragen Sie bei Bedarf eine kleine Menge Deodorant Creme Sensitive Care auf die Achseln auf und genie\u00dfen Sie die nat\u00fcrliche Frische.<\/p>\n<p><b>Ein weiterer Vorteil<\/b><br \/>\nDeo Creme Sensitive Care neutralisiert vorhandene K\u00f6rperger\u00fcche sofort und ohne den Einsatz von Natriumbicarbonat. So ist die erste Hilfe auch unterwegs immer griffbereit, wenn sie gebraucht wird.<\/p>\n<p><u>Inhalt:<\/u> 30 ml<\/p>\n<p><u>Zutaten (auf Englisch):<\/u> COCOS NUCIFERA-\u00d6L* (<strong>KOKONUSS*<\/strong>), HYDRIERTES RAPS\u00d6L (<strong>RAPESEED<\/strong>), MAGNESIUMHYDROXID, PRUNUS AMYGDALUS DULCIS \u00d6L* (<strong>ALMOND*<\/strong>), OLEA EUROPAEA FRUCHT\u00d6L* (<strong>OLIVE*<\/strong>), ZINKOXID, ISOAMYLLAURAT, TAPIOKAST\u00c4RKE*, CAPRYLIC\/CAPRINS\u00c4URETRIGLYCERID, ZINKRICINOLEAT, GLYCERYLCAPRYLAT, POLYHYDROXYSTEARINS\u00c4URE, POLYGLYCERYL-3-POLYRINCINOLEAT, TOCOPHEROL (<strong>VITAMIN E<\/strong>), MAGNESIUMCARBONAT-HYDROXID, HELIANTHUS ANNUUS-SAMEN\u00d6L* (<strong>SONNENBLUME*<\/strong>)<br \/>\n<i>* kontrolliert biologischer Anbau<\/i><br \/>\n&nbsp;<\/p>\n<h4>\u00dcber i+m Naturkosmetik Berlin<\/h4>\n<p>Wir sind die Guten: Meister im Kreieren bester Naturkosmetik, Bio-Pioniere, Rebellen der veganen Kosmetik, Fairplayer, Experten f\u00fcr Pflanzenkraft, respektvolle Nutzer wertvoller Ressourcen, Gutmenschen, klimaneutrale Umweltsch\u00fctzer, Individualit\u00e4tsfans, Berliner seit '78, engagierte M\u00fcllvermeider und Preistr\u00e4ger des Deutschen Nachhaltigkeitspreises 2019 und 2020.<br \/>\n&nbsp;<\/p>\n<h4>Zus\u00e4tzliche Informationen:<\/h4>\n<p><b>Deodorant-Cremes vs. Aluminium-Deodorants:<\/b> Herk\u00f6mmliche Deodorants, die Aluminiumsalze\/Aluminiumchlorid oder Alaun enthalten, verengen und verschlie\u00dfen die Schwei\u00dfporen. Dadurch unterdr\u00fccken sie die nat\u00fcrliche Schwei\u00dfbildung und verhindern die K\u00fchlung des K\u00f6rpers. Mit Deos von i+m Naturkosmetik Berlin kann die Klimaanlage des K\u00f6rpers weiter arbeiten - nur der Geruch wird verhindert.<br \/>\n<b>Geduld beim Wechsel:<\/b> Bei der Umstellung von einem herk\u00f6mmlichen Deodorant auf ein naturkosmetisches Deo kann es zun\u00e4chst zu einer verst\u00e4rkten Schwei\u00dfbildung kommen. Dies reguliert sich jedoch von selbst wieder auf ein nat\u00fcrliches Ma\u00df, sobald sich die Schwei\u00dfporen an ihre wiedergewonnene Freiheit gew\u00f6hnt haben.<\/p>","protected":false},"excerpt":{"rendered":"<p>Die Deo Creme Sensitive Care von i+m Naturkosmetik ist superweich und sodafrei, sie desodoriert und neutralisiert K\u00f6rpergeruch mit einer wirksamen Formel!<\/p>","protected":false},"featured_media":45071,"comment_status":"open","ping_status":"closed","template":"","meta":[],"product_brand":[],"product_cat":[2945,3174],"product_tag":[3612,3178,3179,3373,3184,3185,3611,3196],"merk":[3454],"class_list":{"0":"post-34364","1":"product","2":"type-product","3":"status-publish","4":"has-post-thumbnail","6":"product_cat-natuurlijke-verzorging","7":"product_cat-deodorant","8":"product_tag-30-ml","9":"product_tag-deodorant","10":"product_tag-deodorant-creme","11":"product_tag-gevoelige-huid","12":"product_tag-im","13":"product_tag-im-naturkosmetik-berlin","14":"product_tag-sensitive-care","15":"product_tag-zonder-aluminium","16":"merk-im-naturkosmetik-berlin","18":"first","19":"instock","20":"taxable","21":"shipping-taxable","22":"purchasable","23":"product-type-simple"},"bundled_by":[],"bundle_stock_status":"instock","bundle_stock_quantity":null,"bundle_virtual":false,"bundle_layout":"","bundle_add_to_cart_form_location":"","bundle_editable_in_cart":false,"bundle_sold_individually_context":"","bundle_item_grouping":"","bundle_min_size":"","bundle_max_size":"","bundle_price":[],"bundled_items":[],"bundle_sell_ids":[44176,34333,34360,34366,34380,34388,34410,35331],"yoast_head":"<!-- This site is optimized with the Yoast SEO plugin v26.1 - https:\/\/yoast.com\/wordpress\/plugins\/seo\/ -->\n<title>Deodorant Creme Sensitive Care (zonder aluminium) 30 ml - Alternatievemiddelen.nl<\/title>\n<meta name=\"description\" content=\"Deodorant Creme Sensitive Care van i+m Naturkosmetik is superzacht en sodavrij, het deodoriseert en neutraliseert lichaamsgeur met een effectieve formule!\" \/>\n<meta name=\"robots\" content=\"index, follow, max-snippet:-1, max-image-preview:large, max-video-preview:-1\" \/>\n<link rel=\"canonical\" href=\"https:\/\/www.alternatievemiddelen.nl\/de\/wp-json\/wp\/v2\/product\/34364\" \/>\n<meta property=\"og:locale\" content=\"de_DE\" \/>\n<meta property=\"og:type\" content=\"article\" \/>\n<meta property=\"og:title\" content=\"Deodorant Creme Sensitive Care (zonder aluminium) 30 ml - Alternatievemiddelen.nl\" \/>\n<meta property=\"og:description\" content=\"Deodorant Creme Sensitive Care van i+m Naturkosmetik is superzacht en sodavrij, het deodoriseert en neutraliseert lichaamsgeur met een effectieve formule!\" \/>\n<meta property=\"og:url\" content=\"https:\/\/www.alternatievemiddelen.nl\/de\/produkte\/deodorant-creme-sensitive-care-ohne-aluminium\/\" \/>\n<meta property=\"og:site_name\" content=\"Alternatievemiddelen.nl\" \/>\n<meta property=\"article:modified_time\" content=\"2025-10-05T05:47:15+00:00\" \/>\n<meta property=\"og:image\" content=\"\/wp-content\/uploads\/2024\/02\/Deodorant-Creme-Sensitive-Care-3.jpg\" \/>\n\t<meta property=\"og:image:width\" content=\"600\" \/>\n\t<meta property=\"og:image:height\" content=\"800\" \/>\n\t<meta property=\"og:image:type\" content=\"image\/jpeg\" \/>\n<meta name=\"twitter:card\" content=\"summary_large_image\" \/>\n<meta name=\"twitter:label1\" content=\"Gesch\u00e4tzte Lesezeit\" \/>\n\t<meta name=\"twitter:data1\" content=\"3\u00a0Minuten\" \/>\n<script type=\"application\/ld+json\" class=\"yoast-schema-graph\">{\"@context\":\"https:\/\/schema.org\",\"@graph\":[{\"@type\":[\"WebPage\",\"ItemPage\"],\"@id\":\"https:\/\/www.alternatievemiddelen.nl\/producten\/deodorant-creme-sensitive-care-zonder-aluminium\/\",\"url\":\"https:\/\/www.alternatievemiddelen.nl\/producten\/deodorant-creme-sensitive-care-zonder-aluminium\/\",\"name\":\"Deodorant Creme Sensitive Care (zonder aluminium) 30 ml - Alternatievemiddelen.nl\",\"isPartOf\":{\"@id\":\"https:\/\/www.alternatievemiddelen.nl\/#website\"},\"primaryImageOfPage\":{\"@id\":\"https:\/\/www.alternatievemiddelen.nl\/producten\/deodorant-creme-sensitive-care-zonder-aluminium\/#primaryimage\"},\"image\":{\"@id\":\"https:\/\/www.alternatievemiddelen.nl\/producten\/deodorant-creme-sensitive-care-zonder-aluminium\/#primaryimage\"},\"thumbnailUrl\":\"https:\/\/www.alternatievemiddelen.nl\/wp-content\/uploads\/2024\/02\/Deodorant-Creme-Sensitive-Care-3.jpg\",\"datePublished\":\"2024-02-27T07:21:18+00:00\",\"dateModified\":\"2025-10-05T05:47:15+00:00\",\"description\":\"Deodorant Creme Sensitive Care van i+m Naturkosmetik is superzacht en sodavrij, het deodoriseert en neutraliseert lichaamsgeur met een effectieve formule!\",\"breadcrumb\":{\"@id\":\"https:\/\/www.alternatievemiddelen.nl\/producten\/deodorant-creme-sensitive-care-zonder-aluminium\/#breadcrumb\"},\"inLanguage\":\"de\",\"potentialAction\":[{\"@type\":\"ReadAction\",\"target\":[\"https:\/\/www.alternatievemiddelen.nl\/producten\/deodorant-creme-sensitive-care-zonder-aluminium\/\"]}]},{\"@type\":\"ImageObject\",\"inLanguage\":\"de\",\"@id\":\"https:\/\/www.alternatievemiddelen.nl\/producten\/deodorant-creme-sensitive-care-zonder-aluminium\/#primaryimage\",\"url\":\"https:\/\/www.alternatievemiddelen.nl\/wp-content\/uploads\/2024\/02\/Deodorant-Creme-Sensitive-Care-3.jpg\",\"contentUrl\":\"https:\/\/www.alternatievemiddelen.nl\/wp-content\/uploads\/2024\/02\/Deodorant-Creme-Sensitive-Care-3.jpg\",\"width\":600,\"height\":800,\"caption\":\"Deodorant Creme I+M Sensitive Care\"},{\"@type\":\"BreadcrumbList\",\"@id\":\"https:\/\/www.alternatievemiddelen.nl\/producten\/deodorant-creme-sensitive-care-zonder-aluminium\/#breadcrumb\",\"itemListElement\":[{\"@type\":\"ListItem\",\"position\":1,\"name\":\"Home\",\"item\":\"https:\/\/www.alternatievemiddelen.nl\/\"},{\"@type\":\"ListItem\",\"position\":2,\"name\":\"Producten\",\"item\":\"https:\/\/www.alternatievemiddelen.nl\/producten\/\"},{\"@type\":\"ListItem\",\"position\":3,\"name\":\"Deodorant Creme Sensitive Care (zonder aluminium) 30 ml\"}]},{\"@type\":\"WebSite\",\"@id\":\"https:\/\/www.alternatievemiddelen.nl\/#website\",\"url\":\"https:\/\/www.alternatievemiddelen.nl\/\",\"name\":\"Alternatievemiddelen.nl\",\"description\":\"Webshop met gezonde, duurzame en ecologische alternatieve mogelijkheden in de hedendaagse levenstijl. Alles uit eigen ervaring.\",\"publisher\":{\"@id\":\"https:\/\/www.alternatievemiddelen.nl\/#organization\"},\"potentialAction\":[{\"@type\":\"SearchAction\",\"target\":{\"@type\":\"EntryPoint\",\"urlTemplate\":\"https:\/\/www.alternatievemiddelen.nl\/?s={search_term_string}\"},\"query-input\":{\"@type\":\"PropertyValueSpecification\",\"valueRequired\":true,\"valueName\":\"search_term_string\"}}],\"inLanguage\":\"de\"},{\"@type\":\"Organization\",\"@id\":\"https:\/\/www.alternatievemiddelen.nl\/#organization\",\"name\":\"Alternatievemiddelen.nl\",\"url\":\"https:\/\/www.alternatievemiddelen.nl\/\",\"logo\":{\"@type\":\"ImageObject\",\"inLanguage\":\"de\",\"@id\":\"https:\/\/www.alternatievemiddelen.nl\/#\/schema\/logo\/image\/\",\"url\":\"https:\/\/www.alternatievemiddelen.nl\/wp-content\/uploads\/2023\/10\/alternatievemiddelen-PNG-logo.png\",\"contentUrl\":\"https:\/\/www.alternatievemiddelen.nl\/wp-content\/uploads\/2023\/10\/alternatievemiddelen-PNG-logo.png\",\"width\":6400,\"height\":3062,\"caption\":\"Alternatievemiddelen.nl\"},\"image\":{\"@id\":\"https:\/\/www.alternatievemiddelen.nl\/#\/schema\/logo\/image\/\"}}]}<\/script>\n<!-- \/ Yoast SEO plugin. -->","yoast_head_json":{"title":"Deodorant Creme Sensitive Care (zonder aluminium) 30 ml - Alternatievemiddelen.nl","description":"Deodorant Creme Sensitive Care van i+m Naturkosmetik is superzacht en sodavrij, het deodoriseert en neutraliseert lichaamsgeur met een effectieve formule!","robots":{"index":"index","follow":"follow","max-snippet":"max-snippet:-1","max-image-preview":"max-image-preview:large","max-video-preview":"max-video-preview:-1"},"canonical":"https:\/\/www.alternatievemiddelen.nl\/de\/wp-json\/wp\/v2\/product\/34364","og_locale":"de_DE","og_type":"article","og_title":"Deodorant Creme Sensitive Care (zonder aluminium) 30 ml - Alternatievemiddelen.nl","og_description":"Deodorant Creme Sensitive Care van i+m Naturkosmetik is superzacht en sodavrij, het deodoriseert en neutraliseert lichaamsgeur met een effectieve formule!","og_url":"https:\/\/www.alternatievemiddelen.nl\/de\/produkte\/deodorant-creme-sensitive-care-ohne-aluminium\/","og_site_name":"Alternatievemiddelen.nl","article_modified_time":"2025-10-05T05:47:15+00:00","og_image":[{"width":600,"height":800,"url":"\/wp-content\/uploads\/2024\/02\/Deodorant-Creme-Sensitive-Care-3.jpg","type":"image\/jpeg"}],"twitter_card":"summary_large_image","twitter_misc":{"Gesch\u00e4tzte Lesezeit":"3\u00a0Minuten"},"schema":{"@context":"https:\/\/schema.org","@graph":[{"@type":["WebPage","ItemPage"],"@id":"https:\/\/www.alternatievemiddelen.nl\/producten\/deodorant-creme-sensitive-care-zonder-aluminium\/","url":"https:\/\/www.alternatievemiddelen.nl\/producten\/deodorant-creme-sensitive-care-zonder-aluminium\/","name":"Deodorant Creme Sensitive Care (zonder aluminium) 30 ml - Alternatievemiddelen.nl","isPartOf":{"@id":"https:\/\/www.alternatievemiddelen.nl\/#website"},"primaryImageOfPage":{"@id":"https:\/\/www.alternatievemiddelen.nl\/producten\/deodorant-creme-sensitive-care-zonder-aluminium\/#primaryimage"},"image":{"@id":"https:\/\/www.alternatievemiddelen.nl\/producten\/deodorant-creme-sensitive-care-zonder-aluminium\/#primaryimage"},"thumbnailUrl":"https:\/\/www.alternatievemiddelen.nl\/wp-content\/uploads\/2024\/02\/Deodorant-Creme-Sensitive-Care-3.jpg","datePublished":"2024-02-27T07:21:18+00:00","dateModified":"2025-10-05T05:47:15+00:00","description":"Deodorant Creme Sensitive Care van i+m Naturkosmetik is superzacht en sodavrij, het deodoriseert en neutraliseert lichaamsgeur met een effectieve formule!","breadcrumb":{"@id":"https:\/\/www.alternatievemiddelen.nl\/producten\/deodorant-creme-sensitive-care-zonder-aluminium\/#breadcrumb"},"inLanguage":"de","potentialAction":[{"@type":"ReadAction","target":["https:\/\/www.alternatievemiddelen.nl\/producten\/deodorant-creme-sensitive-care-zonder-aluminium\/"]}]},{"@type":"ImageObject","inLanguage":"de","@id":"https:\/\/www.alternatievemiddelen.nl\/producten\/deodorant-creme-sensitive-care-zonder-aluminium\/#primaryimage","url":"https:\/\/www.alternatievemiddelen.nl\/wp-content\/uploads\/2024\/02\/Deodorant-Creme-Sensitive-Care-3.jpg","contentUrl":"https:\/\/www.alternatievemiddelen.nl\/wp-content\/uploads\/2024\/02\/Deodorant-Creme-Sensitive-Care-3.jpg","width":600,"height":800,"caption":"Deodorant Creme I+M Sensitive Care"},{"@type":"BreadcrumbList","@id":"https:\/\/www.alternatievemiddelen.nl\/producten\/deodorant-creme-sensitive-care-zonder-aluminium\/#breadcrumb","itemListElement":[{"@type":"ListItem","position":1,"name":"Home","item":"https:\/\/www.alternatievemiddelen.nl\/"},{"@type":"ListItem","position":2,"name":"Producten","item":"https:\/\/www.alternatievemiddelen.nl\/producten\/"},{"@type":"ListItem","position":3,"name":"Deodorant Creme Sensitive Care (zonder aluminium) 30 ml"}]},{"@type":"WebSite","@id":"https:\/\/www.alternatievemiddelen.nl\/#website","url":"https:\/\/www.alternatievemiddelen.nl\/","name":"Alternatievemiddelen.nl","description":"Webshop met gezonde, duurzame en ecologische alternatieve mogelijkheden in de hedendaagse levenstijl. Alles uit eigen ervaring.","publisher":{"@id":"https:\/\/www.alternatievemiddelen.nl\/#organization"},"potentialAction":[{"@type":"SearchAction","target":{"@type":"EntryPoint","urlTemplate":"https:\/\/www.alternatievemiddelen.nl\/?s={search_term_string}"},"query-input":{"@type":"PropertyValueSpecification","valueRequired":true,"valueName":"search_term_string"}}],"inLanguage":"de"},{"@type":"Organization","@id":"https:\/\/www.alternatievemiddelen.nl\/#organization","name":"Alternatievemiddelen.nl","url":"https:\/\/www.alternatievemiddelen.nl\/","logo":{"@type":"ImageObject","inLanguage":"de","@id":"https:\/\/www.alternatievemiddelen.nl\/#\/schema\/logo\/image\/","url":"https:\/\/www.alternatievemiddelen.nl\/wp-content\/uploads\/2023\/10\/alternatievemiddelen-PNG-logo.png","contentUrl":"https:\/\/www.alternatievemiddelen.nl\/wp-content\/uploads\/2023\/10\/alternatievemiddelen-PNG-logo.png","width":6400,"height":3062,"caption":"Alternatievemiddelen.nl"},"image":{"@id":"https:\/\/www.alternatievemiddelen.nl\/#\/schema\/logo\/image\/"}}]}},"_links":{"self":[{"href":"https:\/\/www.alternatievemiddelen.nl\/de\/wp-json\/wp\/v2\/product\/34364","targetHints":{"allow":["GET"]}}],"collection":[{"href":"https:\/\/www.alternatievemiddelen.nl\/de\/wp-json\/wp\/v2\/product"}],"about":[{"href":"https:\/\/www.alternatievemiddelen.nl\/de\/wp-json\/wp\/v2\/types\/product"}],"replies":[{"embeddable":true,"href":"https:\/\/www.alternatievemiddelen.nl\/de\/wp-json\/wp\/v2\/comments?post=34364"}],"wp:featuredmedia":[{"embeddable":true,"href":"https:\/\/www.alternatievemiddelen.nl\/de\/wp-json\/wp\/v2\/media\/45071"}],"wp:attachment":[{"href":"https:\/\/www.alternatievemiddelen.nl\/de\/wp-json\/wp\/v2\/media?parent=34364"}],"wp:term":[{"taxonomy":"product_brand","embeddable":true,"href":"https:\/\/www.alternatievemiddelen.nl\/de\/wp-json\/wp\/v2\/product_brand?post=34364"},{"taxonomy":"product_cat","embeddable":true,"href":"https:\/\/www.alternatievemiddelen.nl\/de\/wp-json\/wp\/v2\/product_cat?post=34364"},{"taxonomy":"product_tag","embeddable":true,"href":"https:\/\/www.alternatievemiddelen.nl\/de\/wp-json\/wp\/v2\/product_tag?post=34364"},{"taxonomy":"merk","embeddable":true,"href":"https:\/\/www.alternatievemiddelen.nl\/de\/wp-json\/wp\/v2\/merk?post=34364"}],"curies":[{"name":"wp","href":"https:\/\/api.w.org\/{rel}","templated":true}]}}