{"id":34374,"date":"2024-02-27T08:21:22","date_gmt":"2024-02-27T07:21:22","guid":{"rendered":"https:\/\/www.alternatievemiddelen.nl\/?post_type=product&#038;p=34374"},"modified":"2026-04-22T03:28:34","modified_gmt":"2026-04-22T01:28:34","slug":"aquapure-pesticiden-reiniger","status":"publish","type":"product","link":"https:\/\/www.alternatievemiddelen.nl\/de\/produkte\/aquapure-pestizidreiniger\/","title":{"rendered":"AquaPure Pestizidreiniger"},"content":{"rendered":"<p><b>WICHTIG: Wir verkaufen nur die <u>Original<\/u> AquaPure-Pestizidreiniger. Leider sind derzeit viele F\u00e4lschungen im Umlauf, darunter auch solche, die sogar den Namen verwenden. Produkte, die unter 100 \u20ac angeboten werden, und manchmal sogar weit darunter, k\u00f6nnen <u>keine<\/u> Originalprodukte sind<\/b> - M\u00f6chten Sie sichergehen, dass die Produkte, die Sie essen, frei von Pestiziden und anderen sch\u00e4dlichen Substanzen (auf der Oberfl\u00e4che) sind? Real AquaPure eliminiert auf nat\u00fcrliche und effiziente Weise 99% Pestizide und Mikroorganismen. Sp\u00fcren und schmecken Sie den Unterschied!<br \/>\n&nbsp;<\/p>\n<h3>Bahnbrechende Entdeckung<\/h3>\n<p>Weltweit werden mehr als 1.000 Pestizide f\u00fcr Lebensmittel verwendet. Pestizide sind potenziell giftig f\u00fcr den Menschen und k\u00f6nnen gesundheitssch\u00e4dliche Auswirkungen haben. Wahrscheinlich haben Sie schon andere Methoden ausprobiert, um Ihr Obst und Gem\u00fcse zu reinigen, aber oft l\u00e4uft es darauf hinaus, es unter Leitungswasser abzusp\u00fclen. Andere Methoden k\u00f6nnen einen seltsamen Geruch und Geschmack auf dem Gem\u00fcse und Obst hinterlassen und sind nicht besser als Leitungswasser.<\/p>\n<p>Nach Jahren der Prototypen und Labortests wurde eine bahnbrechende Kombination gefunden:<br \/>\n- Natrium (NaCl)<br \/>\n- Wasser (H2O)<br \/>\n- Elektrolyse (ein elektrischer Strom)<\/p>\n<p>Die Kombination dieser drei Elemente war das Geheimnis, das zu diesem hocheffizienten, tragbaren Reiniger f\u00fchrte: dem AquaPure!<\/p>\n<p>Mit einfachem (gefiltertem) Leitungswasser und ein wenig Kochsalz (oder <a href=\"https:\/\/www.alternatievemiddelen.nl\/de\/produktkategorie\/gesunde-lebensmittel\/andere-gesunde-lebensmittel\/\">Keltisches Meersalz<\/a>) erzeugt das AquaPure eine aktive L\u00f6sung, die Verunreinigungen auf Ihrem Obst und Gem\u00fcse auf umweltfreundliche Art und Weise beseitigt.<\/p>\n<p>Diese bahnbrechende Formel bricht die Molekularstruktur von Verunreinigungen auf und verwandelt sie in harmlose, ungiftige Substanzen. Wenn die Verunreinigungen unsch\u00e4dlich gemacht sind, k\u00f6nnen Sie sie leicht absp\u00fclen.<br \/>\n&nbsp;<\/p>\n<h3>Alle Vorteile des Pestizidreinigers AquaPure auf einen Blick:<\/h3>\n<p>\u2714 Entfernt auf nat\u00fcrliche Weise bis zu 99% an Pestiziden und Mikroorganismen (auf der Oberfl\u00e4che des Obstes oder Gem\u00fcses)<br \/>\n\u2714 Entfernt viele Bakterien, Pilze, D\u00fcngemittel, Parasiten, Insektizide, Herbizide, Rodentizide, Fungizide und Pestizidr\u00fcckst\u00e4nde<br \/>\n\u2714 Reinigt Ihr Obst und Gem\u00fcse ganz ohne aggressive Chemikalien<br \/>\n\u2714 Enth\u00fcllt den wahren Geschmack von Obst und Gem\u00fcse, so dass es besser schmeckt<br \/>\n\u2714 Verleiht Ihrem Obst und Gem\u00fcse keinen seltsamen Geruch oder Nachgeschmack<br \/>\n\u2714 Verl\u00e4ngert die Lebensdauer von Obst und Gem\u00fcse<\/p>\n<p>Das Ergebnis ist wunderbar sauberes Obst und Gem\u00fcse, frei von unangenehmen Chemikalien und Keimen. Bei konsequenter Verwendung des AquaPure berichten viele Benutzer von einem gesteigerten Appetit auf Obst und Gem\u00fcse, was zu einer allgemeinen Verbesserung ihrer Gesundheit f\u00fchrt.<\/p>\n<p><b>Ergebnisse von Laboruntersuchungen<\/b><br \/>\nDas AquaPure entfernt nachweislich bis zu 99,9% der Pestizide, Bakterien und anderen sch\u00e4dlichen Substanzen (auf der Oberfl\u00e4che) von Ihrem Obst und Gem\u00fcse. Alle Tests werden in internationalen Standardlaboratorien mit strengen Sicherheitsprotokollen durchgef\u00fchrt. Alle Ergebnisse finden Sie unter <a href=\"https:\/\/aquapure.co\/pages\/lab-results\" target=\"_blank\" rel=\"noopener\">diese Hersteller-Webseite<\/a>.<br \/>\n&nbsp;<\/p>\n<h3>So funktioniert der Pestizidreiniger AquaPure<\/h3>\n<p>Der AquaPure verwendet einfaches Leitungswasser und eine kleine Menge (keltisches) Salz, um eine leistungsstarke Reinigungsl\u00f6sung herzustellen, die Pestizide, Bakterien und andere Verunreinigungen entfernt. Die L\u00f6sung greift die Schadstoffe auf Ihrem Obst und Gem\u00fcse an und zersetzt die Molek\u00fcle, sodass sie leicht mit Wasser abgesp\u00fclt werden k\u00f6nnen.<\/p>\n<p><b>Elektrolyse<\/b><br \/>\nElektrolyse ist der Prozess, bei dem ein elektrischer Strom verwendet wird, um eine chemische Ver\u00e4nderung zu bewirken. Ein elektrischer Strom wird durch die Bewegung von Elektronen oder Ionen erzeugt.<\/p>\n<p><b>Wie arbeitet das AquaPure mit Elektrolyse?<\/b><br \/>\nDas AquaPure elektrolysiert Wasser (H2O), das etwas Natriumchlorid (Salz, auch bekannt als NaCI) enth\u00e4lt.<br \/>\nDer Prozess ergibt: 2NaCl + 2H2O \u2192 2NaOH + H2 + Cl2 (Elektrolyse). Dabei entstehen zwei n\u00fctzliche Verbindungen: Chlor (CI2, ein starkes Oxidationsmittel und weit verbreitetes Desinfektionsmittel) und Natriumhydroxid (NaOH).<\/p>\n<p>NaOH und H2 werden an der Kathode und Cl2 an der Anode erzeugt. (Die beiden Pole, die Sie sehen, wenn Sie den Deckel des AquaPure \u00f6ffnen).<\/p>\n<p>Dar\u00fcber hinaus erscheint Natriumhypochlorit (L\u00f6sung, die durch Reaktion von Chlor mit Natriumhydroxidl\u00f6sung hergestellt wird) als Produkt der folgenden Reaktion:<br \/>\n2NaOH + Cl2 \u2192 NaOCl + H2O + NaCl<br \/>\nDabei entsteht Natriumhypochlorit (NaOCI, ebenfalls ein starkes Oxidations- und Desinfektionsmittel).<br \/>\nSowohl Chlor als auch Natriumhypochlorit greifen Pestizidmolek\u00fcle an und zersetzen sie.<\/p>\n<p><b>Warum entfernt die Elektrolyse Bakterien und Pestizide aus Produkten?<\/b><br \/>\nSowohl Cl2 als auch NaOCl sind starke Oxidationsmittel, die Bakterien angreifen und Pestizidmolek\u00fcle abbauen.<\/p>\n<p><b>Warum braucht man Salz - und wie funktioniert es?<\/b><br \/>\nSalz ist Natriumchlorid. Die Salzl\u00f6sung enth\u00e4lt Natrium- und Chlorid-Ionen (Na+ und Cl-), die f\u00fcr die elektrische Leitf\u00e4higkeit notwendig sind. Wie bereits erw\u00e4hnt, tragen die Chloridionen auch zur Bildung von Chlor (Cl2) bei, einem starken Oxidationsmittel und Desinfektionsmittel.<br \/>\n&nbsp;<\/p>\n<h3>Wie verwenden Sie das AquaPure?<\/h3>\n<p><u>Schritt 1<\/u><br \/>\nVerwenden Sie das mitgelieferte Micro-USB-Kabel mit magnetischem Anschluss, um <b>Laden Ihres AquaPure<\/b>. Die LED-Anzeige h\u00f6rt auf zu blinken, wenn sie vollst\u00e4ndig geladen ist. Nach einer vollst\u00e4ndigen Aufladung kann das Ger\u00e4t bis zu 30 Zyklen lang verwendet werden, bevor es erneut aufgeladen werden muss.<\/p>\n<p><u>Schritt 2<\/u><br \/>\nF\u00fcllen Sie ein Gef\u00e4\u00df mit zimmerwarmem Wasser und f\u00fcgen Sie eine Prise S\u00fc\u00dfstoff hinzu (1\/8 Teel\u00f6ffel reicht aus), r\u00fchren Sie gut um. Dr\u00fccken Sie die Taste an der Seite des Ger\u00e4ts und <b>5 Minuten in Wasser eintauchen<\/b> mit Ihrem Obst und Gem\u00fcse. Stellen Sie das AquaPure in die Mitte der Wasserschale und r\u00fchren Sie das Obst und Gem\u00fcse noch ein paar Mal durch die Schale. Bei einer gro\u00dfen Wasserschale mit viel Obst und Gem\u00fcse empfehlen wir, 2 oder 3 Zyklen durchzuf\u00fchren, um beste Ergebnisse zu erzielen.<\/p>\n<p><u>Schritt 3<\/u><br \/>\nWenn das blaue Licht erlischt, ist der Zyklus abgeschlossen und die Lebensmittel sind gereinigt. <b>Sp\u00fclen Sie Ihr Obst und Gem\u00fcse eine Weile unter dem Wasserhahn ab<\/b> bevor Sie Ihre sauberen, sicheren und k\u00f6stlichen Produkte genie\u00dfen!<br \/>\n&nbsp;<\/p>\n<h4>Weitere Informationen und Antworten auf h\u00e4ufig gestellte Fragen<\/h4>\n<p>Weitere Informationen und Antworten auf h\u00e4ufig gestellte Fragen finden Sie auf der Seite <a href=\"https:\/\/www.alternatievemiddelen.nl\/de\/haufig-gestellte-fragen-aquapure\/\">H\u00e4ufig gestellte Fragen AquaPure Pestizidreiniger (FAQ)<\/a>.<\/p>","protected":false},"excerpt":{"rendered":"<p>Der AquaPure-Pestizidreiniger beseitigt auf nat\u00fcrliche und effiziente Weise 99%-Pestizide und Mikroorganismen. F\u00fchlen und schmecken Sie den Unterschied!<\/p>","protected":false},"featured_media":31810,"comment_status":"open","ping_status":"closed","template":"","meta":[],"product_brand":[],"product_cat":[2924,2925],"product_tag":[2926,2927,2928,2929,2930,2931,2932,2933,2934,2935],"merk":[3448],"class_list":{"0":"post-34374","1":"product","2":"type-product","3":"status-publish","4":"has-post-thumbnail","6":"product_cat-duurzame-huishoudelijke-producten","7":"product_cat-aquapure-pesticide-reiniger-voor-groenten-en-fruit","8":"product_tag-aquapure","9":"product_tag-aquapure-pesticiden-reiniger","10":"product_tag-bacterien","11":"product_tag-duurzaam","12":"product_tag-groenten-en-fruit","13":"product_tag-micro-organismen","14":"product_tag-milieuvriendelijk","15":"product_tag-pesticiden","16":"product_tag-pesticiden-reiniger","17":"product_tag-zout","18":"merk-aquapure","20":"first","21":"instock","22":"taxable","23":"shipping-taxable","24":"purchasable","25":"product-type-simple"},"bundled_by":[],"bundle_stock_status":"instock","bundle_stock_quantity":null,"bundle_virtual":false,"bundle_layout":"","bundle_add_to_cart_form_location":"","bundle_editable_in_cart":false,"bundle_sold_individually_context":"","bundle_item_grouping":"","bundle_min_size":"","bundle_max_size":"","bundle_price":[],"bundled_items":[],"bundle_sell_ids":[44176,34378,34379,44982],"yoast_head":"<!-- This site is optimized with the Yoast SEO plugin v26.1 - https:\/\/yoast.com\/wordpress\/plugins\/seo\/ -->\n<title>AquaPure pesticiden reiniger - Alternatievemiddelen.nl<\/title>\n<meta name=\"description\" content=\"De AquaPure pesticiden reiniger elimineert op natuurlijke en effici\u00ebnte wijze 99% van de pesticiden en micro-organismen. Voel en proef het verschil!\" \/>\n<meta name=\"robots\" content=\"index, follow, max-snippet:-1, max-image-preview:large, max-video-preview:-1\" \/>\n<link rel=\"canonical\" href=\"https:\/\/www.alternatievemiddelen.nl\/de\/wp-json\/wp\/v2\/product\/34374\" \/>\n<meta property=\"og:locale\" content=\"de_DE\" \/>\n<meta property=\"og:type\" content=\"article\" \/>\n<meta property=\"og:title\" content=\"AquaPure pesticiden reiniger - Alternatievemiddelen.nl\" \/>\n<meta property=\"og:description\" content=\"De AquaPure pesticiden reiniger elimineert op natuurlijke en effici\u00ebnte wijze 99% van de pesticiden en micro-organismen. Voel en proef het verschil!\" \/>\n<meta property=\"og:url\" content=\"https:\/\/www.alternatievemiddelen.nl\/de\/produkte\/aquapure-pestizidreiniger\/\" \/>\n<meta property=\"og:site_name\" content=\"Alternatievemiddelen.nl\" \/>\n<meta property=\"article:modified_time\" content=\"2026-04-22T01:28:34+00:00\" \/>\n<meta property=\"og:image\" content=\"\/wp-content\/uploads\/2023\/12\/AquaPure-pesticiden-reiniger.jpg\" \/>\n\t<meta property=\"og:image:width\" content=\"1200\" \/>\n\t<meta property=\"og:image:height\" content=\"1600\" \/>\n\t<meta property=\"og:image:type\" content=\"image\/jpeg\" \/>\n<meta name=\"twitter:card\" content=\"summary_large_image\" \/>\n<meta name=\"twitter:label1\" content=\"Gesch\u00e4tzte Lesezeit\" \/>\n\t<meta name=\"twitter:data1\" content=\"5\u00a0Minuten\" \/>\n<script type=\"application\/ld+json\" class=\"yoast-schema-graph\">{\"@context\":\"https:\/\/schema.org\",\"@graph\":[{\"@type\":[\"WebPage\",\"ItemPage\"],\"@id\":\"https:\/\/www.alternatievemiddelen.nl\/producten\/aquapure-pesticiden-reiniger\/\",\"url\":\"https:\/\/www.alternatievemiddelen.nl\/producten\/aquapure-pesticiden-reiniger\/\",\"name\":\"AquaPure pesticiden reiniger - Alternatievemiddelen.nl\",\"isPartOf\":{\"@id\":\"https:\/\/www.alternatievemiddelen.nl\/#website\"},\"primaryImageOfPage\":{\"@id\":\"https:\/\/www.alternatievemiddelen.nl\/producten\/aquapure-pesticiden-reiniger\/#primaryimage\"},\"image\":{\"@id\":\"https:\/\/www.alternatievemiddelen.nl\/producten\/aquapure-pesticiden-reiniger\/#primaryimage\"},\"thumbnailUrl\":\"https:\/\/www.alternatievemiddelen.nl\/wp-content\/uploads\/2023\/12\/AquaPure-pesticiden-reiniger.jpg\",\"datePublished\":\"2024-02-27T07:21:22+00:00\",\"dateModified\":\"2026-04-22T01:28:34+00:00\",\"description\":\"De AquaPure pesticiden reiniger elimineert op natuurlijke en effici\u00ebnte wijze 99% van de pesticiden en micro-organismen. Voel en proef het verschil!\",\"breadcrumb\":{\"@id\":\"https:\/\/www.alternatievemiddelen.nl\/producten\/aquapure-pesticiden-reiniger\/#breadcrumb\"},\"inLanguage\":\"de\",\"potentialAction\":[{\"@type\":\"ReadAction\",\"target\":[\"https:\/\/www.alternatievemiddelen.nl\/producten\/aquapure-pesticiden-reiniger\/\"]}]},{\"@type\":\"ImageObject\",\"inLanguage\":\"de\",\"@id\":\"https:\/\/www.alternatievemiddelen.nl\/producten\/aquapure-pesticiden-reiniger\/#primaryimage\",\"url\":\"https:\/\/www.alternatievemiddelen.nl\/wp-content\/uploads\/2023\/12\/AquaPure-pesticiden-reiniger.jpg\",\"contentUrl\":\"https:\/\/www.alternatievemiddelen.nl\/wp-content\/uploads\/2023\/12\/AquaPure-pesticiden-reiniger.jpg\",\"width\":1200,\"height\":1600,\"caption\":\"AquaPure pesticiden reiniger\"},{\"@type\":\"BreadcrumbList\",\"@id\":\"https:\/\/www.alternatievemiddelen.nl\/producten\/aquapure-pesticiden-reiniger\/#breadcrumb\",\"itemListElement\":[{\"@type\":\"ListItem\",\"position\":1,\"name\":\"Home\",\"item\":\"https:\/\/www.alternatievemiddelen.nl\/\"},{\"@type\":\"ListItem\",\"position\":2,\"name\":\"Producten\",\"item\":\"https:\/\/www.alternatievemiddelen.nl\/producten\/\"},{\"@type\":\"ListItem\",\"position\":3,\"name\":\"AquaPure pesticiden reiniger\"}]},{\"@type\":\"WebSite\",\"@id\":\"https:\/\/www.alternatievemiddelen.nl\/#website\",\"url\":\"https:\/\/www.alternatievemiddelen.nl\/\",\"name\":\"Alternatievemiddelen.nl\",\"description\":\"Webshop met gezonde, duurzame en ecologische alternatieve mogelijkheden in de hedendaagse levenstijl. Alles uit eigen ervaring.\",\"publisher\":{\"@id\":\"https:\/\/www.alternatievemiddelen.nl\/#organization\"},\"potentialAction\":[{\"@type\":\"SearchAction\",\"target\":{\"@type\":\"EntryPoint\",\"urlTemplate\":\"https:\/\/www.alternatievemiddelen.nl\/?s={search_term_string}\"},\"query-input\":{\"@type\":\"PropertyValueSpecification\",\"valueRequired\":true,\"valueName\":\"search_term_string\"}}],\"inLanguage\":\"de\"},{\"@type\":\"Organization\",\"@id\":\"https:\/\/www.alternatievemiddelen.nl\/#organization\",\"name\":\"Alternatievemiddelen.nl\",\"url\":\"https:\/\/www.alternatievemiddelen.nl\/\",\"logo\":{\"@type\":\"ImageObject\",\"inLanguage\":\"de\",\"@id\":\"https:\/\/www.alternatievemiddelen.nl\/#\/schema\/logo\/image\/\",\"url\":\"https:\/\/www.alternatievemiddelen.nl\/wp-content\/uploads\/2023\/10\/alternatievemiddelen-PNG-logo.png\",\"contentUrl\":\"https:\/\/www.alternatievemiddelen.nl\/wp-content\/uploads\/2023\/10\/alternatievemiddelen-PNG-logo.png\",\"width\":6400,\"height\":3062,\"caption\":\"Alternatievemiddelen.nl\"},\"image\":{\"@id\":\"https:\/\/www.alternatievemiddelen.nl\/#\/schema\/logo\/image\/\"}}]}<\/script>\n<!-- \/ Yoast SEO plugin. -->","yoast_head_json":{"title":"AquaPure pesticiden reiniger - Alternatievemiddelen.nl","description":"De AquaPure pesticiden reiniger elimineert op natuurlijke en effici\u00ebnte wijze 99% van de pesticiden en micro-organismen. Voel en proef het verschil!","robots":{"index":"index","follow":"follow","max-snippet":"max-snippet:-1","max-image-preview":"max-image-preview:large","max-video-preview":"max-video-preview:-1"},"canonical":"https:\/\/www.alternatievemiddelen.nl\/de\/wp-json\/wp\/v2\/product\/34374","og_locale":"de_DE","og_type":"article","og_title":"AquaPure pesticiden reiniger - Alternatievemiddelen.nl","og_description":"De AquaPure pesticiden reiniger elimineert op natuurlijke en effici\u00ebnte wijze 99% van de pesticiden en micro-organismen. Voel en proef het verschil!","og_url":"https:\/\/www.alternatievemiddelen.nl\/de\/produkte\/aquapure-pestizidreiniger\/","og_site_name":"Alternatievemiddelen.nl","article_modified_time":"2026-04-22T01:28:34+00:00","og_image":[{"width":1200,"height":1600,"url":"\/wp-content\/uploads\/2023\/12\/AquaPure-pesticiden-reiniger.jpg","type":"image\/jpeg"}],"twitter_card":"summary_large_image","twitter_misc":{"Gesch\u00e4tzte Lesezeit":"5\u00a0Minuten"},"schema":{"@context":"https:\/\/schema.org","@graph":[{"@type":["WebPage","ItemPage"],"@id":"https:\/\/www.alternatievemiddelen.nl\/producten\/aquapure-pesticiden-reiniger\/","url":"https:\/\/www.alternatievemiddelen.nl\/producten\/aquapure-pesticiden-reiniger\/","name":"AquaPure pesticiden reiniger - Alternatievemiddelen.nl","isPartOf":{"@id":"https:\/\/www.alternatievemiddelen.nl\/#website"},"primaryImageOfPage":{"@id":"https:\/\/www.alternatievemiddelen.nl\/producten\/aquapure-pesticiden-reiniger\/#primaryimage"},"image":{"@id":"https:\/\/www.alternatievemiddelen.nl\/producten\/aquapure-pesticiden-reiniger\/#primaryimage"},"thumbnailUrl":"https:\/\/www.alternatievemiddelen.nl\/wp-content\/uploads\/2023\/12\/AquaPure-pesticiden-reiniger.jpg","datePublished":"2024-02-27T07:21:22+00:00","dateModified":"2026-04-22T01:28:34+00:00","description":"De AquaPure pesticiden reiniger elimineert op natuurlijke en effici\u00ebnte wijze 99% van de pesticiden en micro-organismen. Voel en proef het verschil!","breadcrumb":{"@id":"https:\/\/www.alternatievemiddelen.nl\/producten\/aquapure-pesticiden-reiniger\/#breadcrumb"},"inLanguage":"de","potentialAction":[{"@type":"ReadAction","target":["https:\/\/www.alternatievemiddelen.nl\/producten\/aquapure-pesticiden-reiniger\/"]}]},{"@type":"ImageObject","inLanguage":"de","@id":"https:\/\/www.alternatievemiddelen.nl\/producten\/aquapure-pesticiden-reiniger\/#primaryimage","url":"https:\/\/www.alternatievemiddelen.nl\/wp-content\/uploads\/2023\/12\/AquaPure-pesticiden-reiniger.jpg","contentUrl":"https:\/\/www.alternatievemiddelen.nl\/wp-content\/uploads\/2023\/12\/AquaPure-pesticiden-reiniger.jpg","width":1200,"height":1600,"caption":"AquaPure pesticiden reiniger"},{"@type":"BreadcrumbList","@id":"https:\/\/www.alternatievemiddelen.nl\/producten\/aquapure-pesticiden-reiniger\/#breadcrumb","itemListElement":[{"@type":"ListItem","position":1,"name":"Home","item":"https:\/\/www.alternatievemiddelen.nl\/"},{"@type":"ListItem","position":2,"name":"Producten","item":"https:\/\/www.alternatievemiddelen.nl\/producten\/"},{"@type":"ListItem","position":3,"name":"AquaPure pesticiden reiniger"}]},{"@type":"WebSite","@id":"https:\/\/www.alternatievemiddelen.nl\/#website","url":"https:\/\/www.alternatievemiddelen.nl\/","name":"Alternatievemiddelen.nl","description":"Webshop met gezonde, duurzame en ecologische alternatieve mogelijkheden in de hedendaagse levenstijl. Alles uit eigen ervaring.","publisher":{"@id":"https:\/\/www.alternatievemiddelen.nl\/#organization"},"potentialAction":[{"@type":"SearchAction","target":{"@type":"EntryPoint","urlTemplate":"https:\/\/www.alternatievemiddelen.nl\/?s={search_term_string}"},"query-input":{"@type":"PropertyValueSpecification","valueRequired":true,"valueName":"search_term_string"}}],"inLanguage":"de"},{"@type":"Organization","@id":"https:\/\/www.alternatievemiddelen.nl\/#organization","name":"Alternatievemiddelen.nl","url":"https:\/\/www.alternatievemiddelen.nl\/","logo":{"@type":"ImageObject","inLanguage":"de","@id":"https:\/\/www.alternatievemiddelen.nl\/#\/schema\/logo\/image\/","url":"https:\/\/www.alternatievemiddelen.nl\/wp-content\/uploads\/2023\/10\/alternatievemiddelen-PNG-logo.png","contentUrl":"https:\/\/www.alternatievemiddelen.nl\/wp-content\/uploads\/2023\/10\/alternatievemiddelen-PNG-logo.png","width":6400,"height":3062,"caption":"Alternatievemiddelen.nl"},"image":{"@id":"https:\/\/www.alternatievemiddelen.nl\/#\/schema\/logo\/image\/"}}]}},"_links":{"self":[{"href":"https:\/\/www.alternatievemiddelen.nl\/de\/wp-json\/wp\/v2\/product\/34374","targetHints":{"allow":["GET"]}}],"collection":[{"href":"https:\/\/www.alternatievemiddelen.nl\/de\/wp-json\/wp\/v2\/product"}],"about":[{"href":"https:\/\/www.alternatievemiddelen.nl\/de\/wp-json\/wp\/v2\/types\/product"}],"replies":[{"embeddable":true,"href":"https:\/\/www.alternatievemiddelen.nl\/de\/wp-json\/wp\/v2\/comments?post=34374"}],"wp:featuredmedia":[{"embeddable":true,"href":"https:\/\/www.alternatievemiddelen.nl\/de\/wp-json\/wp\/v2\/media\/31810"}],"wp:attachment":[{"href":"https:\/\/www.alternatievemiddelen.nl\/de\/wp-json\/wp\/v2\/media?parent=34374"}],"wp:term":[{"taxonomy":"product_brand","embeddable":true,"href":"https:\/\/www.alternatievemiddelen.nl\/de\/wp-json\/wp\/v2\/product_brand?post=34374"},{"taxonomy":"product_cat","embeddable":true,"href":"https:\/\/www.alternatievemiddelen.nl\/de\/wp-json\/wp\/v2\/product_cat?post=34374"},{"taxonomy":"product_tag","embeddable":true,"href":"https:\/\/www.alternatievemiddelen.nl\/de\/wp-json\/wp\/v2\/product_tag?post=34374"},{"taxonomy":"merk","embeddable":true,"href":"https:\/\/www.alternatievemiddelen.nl\/de\/wp-json\/wp\/v2\/merk?post=34374"}],"curies":[{"name":"wp","href":"https:\/\/api.w.org\/{rel}","templated":true}]}}