{"id":34383,"date":"2024-02-27T08:21:24","date_gmt":"2024-02-27T07:21:24","guid":{"rendered":"https:\/\/www.alternatievemiddelen.nl\/?post_type=product&#038;p=34383"},"modified":"2025-04-28T08:12:42","modified_gmt":"2025-04-28T06:12:42","slug":"vitakruid-vitamine-c-poeder-calcium-magnesiumascorbaat","status":"publish","type":"product","link":"https:\/\/www.alternatievemiddelen.nl\/de\/produkte\/vitakruid-vitamin-c-pulver-calcium-magnesium-ascorbat\/","title":{"rendered":"Vitakruid Vitamin C Pulver Calcium- und Magnesiumascorbat 260 gr"},"content":{"rendered":"<p>Vitakruid Vitamin C Pulver Calcium &amp; Magnesium Ascorbat 260 gr im Glas<\/p>\n<p><u>Die ents\u00e4uerte Form von Vitamin C<\/u><br \/>\nAscorbins\u00e4ure ist die bei weitem bekannteste Form von Vitamin C. Es ist die Variante, die in unserer Ern\u00e4hrung nat\u00fcrlich vorkommt. Orangen, Brokkoli und \u00c4pfel - wir alle ordnen das Vitamin C in diesen Lebensmitteln der Ascorbins\u00e4ure zu.<\/p>\n<p><u>Calcium- und Magnesiumascorbat<\/u><br \/>\nAllerdings handelt es sich um eine Form, die wir als sauer einstufen, so dass eine Supplementierung in hohen Dosen zu Magen-Darm-Beschwerden f\u00fchren kann. Bei hohem Vitamin-C-Bedarf empfehlen wir daher unser Pulver, ein sogenanntes Ascorbat, das an Calcium und Magnesium gebunden ist. Diese Form tr\u00e4gt die Bezeichnung ents\u00e4uert und ist daher \u00e4u\u00dferst magen- und darmfreundlich!<\/p>\n<p><u>Hohe Dosis an Vitamin C pro Messl\u00f6ffel von 2067 mg<\/u><br \/>\nJeder Messl\u00f6ffel enth\u00e4lt satte 2076 mg Vitamin C. Diese Menge wird auch als therapeutische Dosis bezeichnet, da sie weit \u00fcber der Referenzzufuhr liegt. Au\u00dferdem passt diese Menge nicht in eine Kapsel. Bei erh\u00f6htem Vitamin-C-Bedarf empfiehlt es sich daher, Vitamin-C-Pulver als Calcium- &amp; Magnesium-Ascorbat zu verwenden.<\/p>\n<p><u>Leicht l\u00f6slich in Wasser<\/u><br \/>\nVitakruid bietet Ihnen Vitamin C Calcium &amp; Magnesiumascorbat in Pulverform. Das Produkt l\u00e4sst sich mit dem beiliegenden Messl\u00f6ffel leicht dosieren und auch das Mischen mit Wasser funktioniert reibungslos. Vitakruid hat n\u00e4mlich daf\u00fcr gesorgt, dass das Pulver nicht klumpt und sich leicht umr\u00fchren l\u00e4sst!<\/p>\n<p>- Vitamin C wirkt sich positiv auf das Immunsystem aus und f\u00f6rdert die Widerstandskraft w\u00e4hrend und nach k\u00f6rperlicher Anstrengung<br \/>\n- Vitamin C ist ein Antioxidans, das dazu beitr\u00e4gt, freie Radikale abzufangen und so gesunde Zellen und Gewebe zu sch\u00fctzen.<br \/>\n- Vitamin C wirkt als Antioxidans f\u00fcr Vitamin E und bringt es in seine aktive Form zur\u00fcck.<br \/>\n- Vitamin C tr\u00e4gt zu Lernleistung, Stimmung und Ged\u00e4chtnis bei<br \/>\n- Vitamin C ist wichtig f\u00fcr die Bildung von Kollagen, den Aufbau starker Knochen, die Erhaltung starker Z\u00e4hne und starken Zahnfleisches sowie f\u00fcr eine g\u00fcnstige Funktion der Blutgef\u00e4\u00dfe<br \/>\n- Vitamin C ist wichtig f\u00fcr den Energiestoffwechsel und unterst\u00fctzt die Verringerung von M\u00fcdigkeit und Erm\u00fcdung<br \/>\n- Vitamin C ist wichtig f\u00fcr die Haut und hilft, sie vor den Auswirkungen von Umweltverschmutzung und Sonnenlicht zu sch\u00fctzen.<br \/>\n- Vitamin C hat eine positive Wirkung auf die Funktion des Nervensystems<\/p>\n<table>\n<tbody>\n<tr>\n<td><u><b>Zusammensetzung pro Dosis (1 Messl\u00f6ffel \u00e1 2,3 g):<\/b><\/u><\/td>\n<td><\/td>\n<td><u><b>RI*<\/b><\/u><\/td>\n<\/tr>\n<tr>\n<td>Vitamin C (Calcium-\/Magnesiumascorbat)<\/td>\n<td>2067 mg<\/td>\n<td>2584%<\/td>\n<\/tr>\n<tr>\n<td>Kalzium (Ascorbat)<\/td>\n<td>156,8 mg<\/td>\n<td>20%<\/td>\n<\/tr>\n<tr>\n<td>Magnesium (Ascorbat)<\/td>\n<td>81,8 mg<\/td>\n<td>22%<\/td>\n<\/tr>\n<\/tbody>\n<\/table>\n<p>* Referenzeinnahme<\/p>\n<p><u><b>Inhaltsstoffe<\/b><\/u><br \/>\nCalcium (L-Ascorbat), Magnesium (L-Ascorbat), Orangenaroma (Geschmacksstoff)<\/p>\n<p><u><b>Verwenden Sie<\/b><\/u><br \/>\nNehmen Sie \u00bd bis 1 Messl\u00f6ffel t\u00e4glich, wenn nicht anders empfohlen. Mischen Sie es mit Wasser oder einer anderen Fl\u00fcssigkeit Ihrer Wahl.<\/p>\n<p>Dieses Produkt ist ein Nahrungserg\u00e4nzungsmittel.<\/p>\n<p>Die empfohlene Dosierung darf nicht \u00fcberschritten werden.<\/p>\n<p>Eine abwechslungsreiche, ausgewogene Ern\u00e4hrung und eine gesunde Lebensweise sind wichtig. Ein Nahrungserg\u00e4nzungsmittel ist kein Ersatz f\u00fcr eine abwechslungsreiche Ern\u00e4hrung.<\/p>\n<p>Au\u00dferhalb der Reichweite von kleinen Kindern aufbewahren.<\/p>\n<p>Trocken, verschlossen und bei Raumtemperatur lagern, sofern nicht anders auf dem Etikett angegeben.<\/p>\n<p>Konsultieren Sie vor der Einnahme von Nahrungserg\u00e4nzungsmitteln im Falle von Schwangerschaft, Stillzeit, Medikamenteneinnahme und Krankheit einen Experten.<\/p>","protected":false},"excerpt":{"rendered":"<p>Vitakruid Vitamin C Pulver Calcium- &amp; Magnesiumascorbat 260 gr im Glas - die ents\u00e4uerte Form von Vitamin C.<\/p>","protected":false},"featured_media":31774,"comment_status":"open","ping_status":"closed","template":"","meta":[],"product_brand":[],"product_cat":[2938],"product_tag":[3388,3401,3402],"merk":[3436],"class_list":{"0":"post-34383","1":"product","2":"type-product","3":"status-publish","4":"has-post-thumbnail","6":"product_cat-vitamines-mineralen-en-supplementen","7":"product_tag-vitakruid","8":"product_tag-vitakruid-vitamine-c-poeder-calcium-magnesiumascorbaat","9":"product_tag-vitamine-c-poeder-calcium-magnesiumascorbaat","10":"merk-vitakruid","12":"first","13":"instock","14":"taxable","15":"shipping-taxable","16":"purchasable","17":"product-type-simple"},"bundled_by":[],"bundle_stock_status":"instock","bundle_stock_quantity":null,"bundle_virtual":false,"bundle_layout":"","bundle_add_to_cart_form_location":"","bundle_editable_in_cart":false,"bundle_sold_individually_context":"","bundle_item_grouping":"","bundle_min_size":"","bundle_max_size":"","bundle_price":[],"bundled_items":[],"bundle_sell_ids":[],"yoast_head":"<!-- This site is optimized with the Yoast SEO plugin v26.1 - https:\/\/yoast.com\/wordpress\/plugins\/seo\/ -->\n<title>Vitakruid Vitamine C poeder calcium- &amp; magnesiumascorbaat 260 gr - Alternatievemiddelen.nl<\/title>\n<meta name=\"description\" content=\"Vitakruid Vitamine C poeder calcium- &amp; magnesiumascorbaat 260 gr in pot - de ontzuurde vorm van vitamine C\" \/>\n<meta name=\"robots\" content=\"noindex, follow\" \/>\n<meta property=\"og:locale\" content=\"de_DE\" \/>\n<meta property=\"og:type\" content=\"article\" \/>\n<meta property=\"og:title\" content=\"Vitakruid Vitamine C poeder calcium- &amp; magnesiumascorbaat 260 gr - Alternatievemiddelen.nl\" \/>\n<meta property=\"og:description\" content=\"Vitakruid Vitamine C poeder calcium- &amp; magnesiumascorbaat 260 gr in pot - de ontzuurde vorm van vitamine C\" \/>\n<meta property=\"og:url\" content=\"https:\/\/www.alternatievemiddelen.nl\/de\/produkte\/vitakruid-vitamin-c-pulver-calcium-magnesium-ascorbat\/\" \/>\n<meta property=\"og:site_name\" content=\"Alternatievemiddelen.nl\" \/>\n<meta property=\"article:modified_time\" content=\"2025-04-28T06:12:42+00:00\" \/>\n<meta property=\"og:image\" content=\"\/wp-content\/uploads\/2023\/12\/Vitakruid-Vitamine-C-poeder-calcium-magnesiumascorbaat.jpg\" \/>\n\t<meta property=\"og:image:width\" content=\"600\" \/>\n\t<meta property=\"og:image:height\" content=\"800\" \/>\n\t<meta property=\"og:image:type\" content=\"image\/jpeg\" \/>\n<meta name=\"twitter:card\" content=\"summary_large_image\" \/>\n<meta name=\"twitter:label1\" content=\"Gesch\u00e4tzte Lesezeit\" \/>\n\t<meta name=\"twitter:data1\" content=\"3\u00a0Minuten\" \/>\n<script type=\"application\/ld+json\" class=\"yoast-schema-graph\">{\"@context\":\"https:\/\/schema.org\",\"@graph\":[{\"@type\":[\"WebPage\",\"ItemPage\"],\"@id\":\"https:\/\/www.alternatievemiddelen.nl\/producten\/vitakruid-vitamine-c-poeder-calcium-magnesiumascorbaat\/\",\"url\":\"https:\/\/www.alternatievemiddelen.nl\/producten\/vitakruid-vitamine-c-poeder-calcium-magnesiumascorbaat\/\",\"name\":\"Vitakruid Vitamine C poeder calcium- & magnesiumascorbaat 260 gr - Alternatievemiddelen.nl\",\"isPartOf\":{\"@id\":\"https:\/\/www.alternatievemiddelen.nl\/#website\"},\"primaryImageOfPage\":{\"@id\":\"https:\/\/www.alternatievemiddelen.nl\/producten\/vitakruid-vitamine-c-poeder-calcium-magnesiumascorbaat\/#primaryimage\"},\"image\":{\"@id\":\"https:\/\/www.alternatievemiddelen.nl\/producten\/vitakruid-vitamine-c-poeder-calcium-magnesiumascorbaat\/#primaryimage\"},\"thumbnailUrl\":\"https:\/\/www.alternatievemiddelen.nl\/wp-content\/uploads\/2023\/12\/Vitakruid-Vitamine-C-poeder-calcium-magnesiumascorbaat.jpg\",\"datePublished\":\"2024-02-27T07:21:24+00:00\",\"dateModified\":\"2025-04-28T06:12:42+00:00\",\"description\":\"Vitakruid Vitamine C poeder calcium- & magnesiumascorbaat 260 gr in pot - de ontzuurde vorm van vitamine C\",\"breadcrumb\":{\"@id\":\"https:\/\/www.alternatievemiddelen.nl\/producten\/vitakruid-vitamine-c-poeder-calcium-magnesiumascorbaat\/#breadcrumb\"},\"inLanguage\":\"de\",\"potentialAction\":[{\"@type\":\"ReadAction\",\"target\":[\"https:\/\/www.alternatievemiddelen.nl\/producten\/vitakruid-vitamine-c-poeder-calcium-magnesiumascorbaat\/\"]}]},{\"@type\":\"ImageObject\",\"inLanguage\":\"de\",\"@id\":\"https:\/\/www.alternatievemiddelen.nl\/producten\/vitakruid-vitamine-c-poeder-calcium-magnesiumascorbaat\/#primaryimage\",\"url\":\"https:\/\/www.alternatievemiddelen.nl\/wp-content\/uploads\/2023\/12\/Vitakruid-Vitamine-C-poeder-calcium-magnesiumascorbaat.jpg\",\"contentUrl\":\"https:\/\/www.alternatievemiddelen.nl\/wp-content\/uploads\/2023\/12\/Vitakruid-Vitamine-C-poeder-calcium-magnesiumascorbaat.jpg\",\"width\":600,\"height\":800,\"caption\":\"Vitakruid Vitamine C poeder\"},{\"@type\":\"BreadcrumbList\",\"@id\":\"https:\/\/www.alternatievemiddelen.nl\/producten\/vitakruid-vitamine-c-poeder-calcium-magnesiumascorbaat\/#breadcrumb\",\"itemListElement\":[{\"@type\":\"ListItem\",\"position\":1,\"name\":\"Home\",\"item\":\"https:\/\/www.alternatievemiddelen.nl\/\"},{\"@type\":\"ListItem\",\"position\":2,\"name\":\"Producten\",\"item\":\"https:\/\/www.alternatievemiddelen.nl\/producten\/\"},{\"@type\":\"ListItem\",\"position\":3,\"name\":\"Vitakruid Vitamine C poeder calcium- &#038; magnesiumascorbaat 260 gr\"}]},{\"@type\":\"WebSite\",\"@id\":\"https:\/\/www.alternatievemiddelen.nl\/#website\",\"url\":\"https:\/\/www.alternatievemiddelen.nl\/\",\"name\":\"Alternatievemiddelen.nl\",\"description\":\"Webshop met gezonde, duurzame en ecologische alternatieve mogelijkheden in de hedendaagse levenstijl. Alles uit eigen ervaring.\",\"publisher\":{\"@id\":\"https:\/\/www.alternatievemiddelen.nl\/#organization\"},\"potentialAction\":[{\"@type\":\"SearchAction\",\"target\":{\"@type\":\"EntryPoint\",\"urlTemplate\":\"https:\/\/www.alternatievemiddelen.nl\/?s={search_term_string}\"},\"query-input\":{\"@type\":\"PropertyValueSpecification\",\"valueRequired\":true,\"valueName\":\"search_term_string\"}}],\"inLanguage\":\"de\"},{\"@type\":\"Organization\",\"@id\":\"https:\/\/www.alternatievemiddelen.nl\/#organization\",\"name\":\"Alternatievemiddelen.nl\",\"url\":\"https:\/\/www.alternatievemiddelen.nl\/\",\"logo\":{\"@type\":\"ImageObject\",\"inLanguage\":\"de\",\"@id\":\"https:\/\/www.alternatievemiddelen.nl\/#\/schema\/logo\/image\/\",\"url\":\"https:\/\/www.alternatievemiddelen.nl\/wp-content\/uploads\/2023\/10\/alternatievemiddelen-PNG-logo.png\",\"contentUrl\":\"https:\/\/www.alternatievemiddelen.nl\/wp-content\/uploads\/2023\/10\/alternatievemiddelen-PNG-logo.png\",\"width\":6400,\"height\":3062,\"caption\":\"Alternatievemiddelen.nl\"},\"image\":{\"@id\":\"https:\/\/www.alternatievemiddelen.nl\/#\/schema\/logo\/image\/\"}}]}<\/script>\n<!-- \/ Yoast SEO plugin. -->","yoast_head_json":{"title":"Vitakruid Vitamine C poeder calcium- & magnesiumascorbaat 260 gr - Alternatievemiddelen.nl","description":"Vitakruid Vitamine C poeder calcium- & magnesiumascorbaat 260 gr in pot - de ontzuurde vorm van vitamine C","robots":{"index":"noindex","follow":"follow"},"og_locale":"de_DE","og_type":"article","og_title":"Vitakruid Vitamine C poeder calcium- & magnesiumascorbaat 260 gr - Alternatievemiddelen.nl","og_description":"Vitakruid Vitamine C poeder calcium- & magnesiumascorbaat 260 gr in pot - de ontzuurde vorm van vitamine C","og_url":"https:\/\/www.alternatievemiddelen.nl\/de\/produkte\/vitakruid-vitamin-c-pulver-calcium-magnesium-ascorbat\/","og_site_name":"Alternatievemiddelen.nl","article_modified_time":"2025-04-28T06:12:42+00:00","og_image":[{"width":600,"height":800,"url":"\/wp-content\/uploads\/2023\/12\/Vitakruid-Vitamine-C-poeder-calcium-magnesiumascorbaat.jpg","type":"image\/jpeg"}],"twitter_card":"summary_large_image","twitter_misc":{"Gesch\u00e4tzte Lesezeit":"3\u00a0Minuten"},"schema":{"@context":"https:\/\/schema.org","@graph":[{"@type":["WebPage","ItemPage"],"@id":"https:\/\/www.alternatievemiddelen.nl\/producten\/vitakruid-vitamine-c-poeder-calcium-magnesiumascorbaat\/","url":"https:\/\/www.alternatievemiddelen.nl\/producten\/vitakruid-vitamine-c-poeder-calcium-magnesiumascorbaat\/","name":"Vitakruid Vitamine C poeder calcium- & magnesiumascorbaat 260 gr - Alternatievemiddelen.nl","isPartOf":{"@id":"https:\/\/www.alternatievemiddelen.nl\/#website"},"primaryImageOfPage":{"@id":"https:\/\/www.alternatievemiddelen.nl\/producten\/vitakruid-vitamine-c-poeder-calcium-magnesiumascorbaat\/#primaryimage"},"image":{"@id":"https:\/\/www.alternatievemiddelen.nl\/producten\/vitakruid-vitamine-c-poeder-calcium-magnesiumascorbaat\/#primaryimage"},"thumbnailUrl":"https:\/\/www.alternatievemiddelen.nl\/wp-content\/uploads\/2023\/12\/Vitakruid-Vitamine-C-poeder-calcium-magnesiumascorbaat.jpg","datePublished":"2024-02-27T07:21:24+00:00","dateModified":"2025-04-28T06:12:42+00:00","description":"Vitakruid Vitamine C poeder calcium- & magnesiumascorbaat 260 gr in pot - de ontzuurde vorm van vitamine C","breadcrumb":{"@id":"https:\/\/www.alternatievemiddelen.nl\/producten\/vitakruid-vitamine-c-poeder-calcium-magnesiumascorbaat\/#breadcrumb"},"inLanguage":"de","potentialAction":[{"@type":"ReadAction","target":["https:\/\/www.alternatievemiddelen.nl\/producten\/vitakruid-vitamine-c-poeder-calcium-magnesiumascorbaat\/"]}]},{"@type":"ImageObject","inLanguage":"de","@id":"https:\/\/www.alternatievemiddelen.nl\/producten\/vitakruid-vitamine-c-poeder-calcium-magnesiumascorbaat\/#primaryimage","url":"https:\/\/www.alternatievemiddelen.nl\/wp-content\/uploads\/2023\/12\/Vitakruid-Vitamine-C-poeder-calcium-magnesiumascorbaat.jpg","contentUrl":"https:\/\/www.alternatievemiddelen.nl\/wp-content\/uploads\/2023\/12\/Vitakruid-Vitamine-C-poeder-calcium-magnesiumascorbaat.jpg","width":600,"height":800,"caption":"Vitakruid Vitamine C poeder"},{"@type":"BreadcrumbList","@id":"https:\/\/www.alternatievemiddelen.nl\/producten\/vitakruid-vitamine-c-poeder-calcium-magnesiumascorbaat\/#breadcrumb","itemListElement":[{"@type":"ListItem","position":1,"name":"Home","item":"https:\/\/www.alternatievemiddelen.nl\/"},{"@type":"ListItem","position":2,"name":"Producten","item":"https:\/\/www.alternatievemiddelen.nl\/producten\/"},{"@type":"ListItem","position":3,"name":"Vitakruid Vitamine C poeder calcium- &#038; magnesiumascorbaat 260 gr"}]},{"@type":"WebSite","@id":"https:\/\/www.alternatievemiddelen.nl\/#website","url":"https:\/\/www.alternatievemiddelen.nl\/","name":"Alternatievemiddelen.nl","description":"Webshop met gezonde, duurzame en ecologische alternatieve mogelijkheden in de hedendaagse levenstijl. Alles uit eigen ervaring.","publisher":{"@id":"https:\/\/www.alternatievemiddelen.nl\/#organization"},"potentialAction":[{"@type":"SearchAction","target":{"@type":"EntryPoint","urlTemplate":"https:\/\/www.alternatievemiddelen.nl\/?s={search_term_string}"},"query-input":{"@type":"PropertyValueSpecification","valueRequired":true,"valueName":"search_term_string"}}],"inLanguage":"de"},{"@type":"Organization","@id":"https:\/\/www.alternatievemiddelen.nl\/#organization","name":"Alternatievemiddelen.nl","url":"https:\/\/www.alternatievemiddelen.nl\/","logo":{"@type":"ImageObject","inLanguage":"de","@id":"https:\/\/www.alternatievemiddelen.nl\/#\/schema\/logo\/image\/","url":"https:\/\/www.alternatievemiddelen.nl\/wp-content\/uploads\/2023\/10\/alternatievemiddelen-PNG-logo.png","contentUrl":"https:\/\/www.alternatievemiddelen.nl\/wp-content\/uploads\/2023\/10\/alternatievemiddelen-PNG-logo.png","width":6400,"height":3062,"caption":"Alternatievemiddelen.nl"},"image":{"@id":"https:\/\/www.alternatievemiddelen.nl\/#\/schema\/logo\/image\/"}}]}},"_links":{"self":[{"href":"https:\/\/www.alternatievemiddelen.nl\/de\/wp-json\/wp\/v2\/product\/34383","targetHints":{"allow":["GET"]}}],"collection":[{"href":"https:\/\/www.alternatievemiddelen.nl\/de\/wp-json\/wp\/v2\/product"}],"about":[{"href":"https:\/\/www.alternatievemiddelen.nl\/de\/wp-json\/wp\/v2\/types\/product"}],"replies":[{"embeddable":true,"href":"https:\/\/www.alternatievemiddelen.nl\/de\/wp-json\/wp\/v2\/comments?post=34383"}],"wp:featuredmedia":[{"embeddable":true,"href":"https:\/\/www.alternatievemiddelen.nl\/de\/wp-json\/wp\/v2\/media\/31774"}],"wp:attachment":[{"href":"https:\/\/www.alternatievemiddelen.nl\/de\/wp-json\/wp\/v2\/media?parent=34383"}],"wp:term":[{"taxonomy":"product_brand","embeddable":true,"href":"https:\/\/www.alternatievemiddelen.nl\/de\/wp-json\/wp\/v2\/product_brand?post=34383"},{"taxonomy":"product_cat","embeddable":true,"href":"https:\/\/www.alternatievemiddelen.nl\/de\/wp-json\/wp\/v2\/product_cat?post=34383"},{"taxonomy":"product_tag","embeddable":true,"href":"https:\/\/www.alternatievemiddelen.nl\/de\/wp-json\/wp\/v2\/product_tag?post=34383"},{"taxonomy":"merk","embeddable":true,"href":"https:\/\/www.alternatievemiddelen.nl\/de\/wp-json\/wp\/v2\/merk?post=34383"}],"curies":[{"name":"wp","href":"https:\/\/api.w.org\/{rel}","templated":true}]}}