{"id":34393,"date":"2024-02-27T08:21:30","date_gmt":"2024-02-27T07:21:30","guid":{"rendered":"https:\/\/www.alternatievemiddelen.nl\/?post_type=product&#038;p=34393"},"modified":"2025-04-28T08:12:20","modified_gmt":"2025-04-28T06:12:20","slug":"vitakruid-vitamine-d3-k2-30-ml","status":"publish","type":"product","link":"https:\/\/www.alternatievemiddelen.nl\/de\/produkte\/vitakruid-vitamin-d3-k2-30-ml\/","title":{"rendered":"Vitakruid Vitamin D3 &amp; K2 30 ml"},"content":{"rendered":"<p>Vitakruid Vitamin D3 &amp; K2 30 ml<\/p>\n<p>Die Vorteile von Vitamin D3 &amp; K2 f\u00fcr Sie auf einen Blick<br \/>\n- H\u00f6chste bioverf\u00fcgbare Formen von D3 und K2 MK-7<br \/>\n- D3 &amp; K2 kombiniert f\u00fcr ultimative Wirkung<br \/>\n- D3 hat zahlreiche gesundheitsf\u00f6rdernde Wirkungen<br \/>\n- Fast kein Vitamin K2 in der westlichen Ern\u00e4hrung<br \/>\n- Bis zu 62,50 \u00b5g pro Tagesdosis<\/p>\n<p><u>H\u00f6chste biologisch verf\u00fcgbare<\/u><br \/>\nEin unzureichender Vitamin-D-Stoffwechsel ist aufgrund der geringen Sonneneinstrahlung in unseren kalten Beneluxl\u00e4ndern eher die Regel als die Ausnahme. Dennoch kann eine ausgewogene Ern\u00e4hrung ein wirksames Mittel sein. Denn die Formen Ergocalciferol (Vitamin D2) und Cholecalciferol (Vitamin D3) sind in Pilzen bzw. in Lebensmitteln tierischen Ursprungs enthalten. Pilze und Tiere produzieren Vitamin D auf die gleiche Weise wie der Mensch, n\u00e4mlich unter dem Einfluss von UV-Strahlung (Sonnenlicht). Tats\u00e4chlich ist die Form, die Sie aus tierischen Produkten zu sich nehmen (Vitamin D3), genau das gleiche Vitamin D, das unsere menschliche Haut produziert, und somit die biologisch am besten verf\u00fcgbare Form f\u00fcr unser menschliches Verdauungssystem. Es versteht sich von selbst, dass Vitakruid in allen seinen Nahrungserg\u00e4nzungsmitteln die Formen mit der h\u00f6chsten Bioverf\u00fcgbarkeit ausw\u00e4hlt, weshalb dieses Produkt auch Vitamin K2 in der bioverf\u00fcgbaren Form Menachinon 7 enth\u00e4lt.<\/p>\n<p><u>Vitamin K2<\/u><br \/>\nEine gemeinsame Supplementierung mit den Vitaminen D und K2 ist vor allem f\u00fcr westliche Menschen, die aus einem Land mit kaltem Wetter kommen, wichtig. Schlie\u00dflich ist das Risiko eines Vitamin-D-Ungleichgewichts aufgrund des Mangels an Sonnenlicht hoch, aber auch ein K2-Mangel besteht bei etwa 90% dieser Bev\u00f6lkerung (Evenepoel et al., 2018). In der Tat enth\u00e4lt die Ern\u00e4hrung in der westlichen Kultur praktisch kein Vitamin K2, zumindest nicht in den f\u00fcr unsere Konstitution n\u00fctzlichen Mengen.<\/p>\n<p><u>Hohe Dosierung von 62,50 \u00b5g<\/u><br \/>\nVitamin D3 &amp; K2 von Vitakruid ist das f\u00fchrende Produkt bei einem Ungleichgewicht. Die hohe Dosis an Vitamin D3 in dieser Formulierung (62,50 \u00b5g, pro Standarddosierung von zwei Tropfen) erm\u00f6glicht es Ihnen, Ihren Vitamin-D-Haushalt schnell auszugleichen.<\/p>\n<p>- Vitamin D f\u00f6rdert einen guten Kalziumspiegel im Blut, ist gut f\u00fcr den Kalziumstoffwechsel und erh\u00f6ht die Kalziumaufnahme in den Knochen.<br \/>\n- Vitamin D und Vitamin K spielen eine Rolle bei der Knochenbildung, sind gut f\u00fcr das Skelett und f\u00fcr die Erhaltung starker Knochen.<br \/>\n- Vitamin D ist gut f\u00fcr den Zellteilungsprozess und spielt eine Rolle beim Wachstum und der Entwicklung von Gewebe.<br \/>\n- Vitamin D hat einen positiven Einfluss auf das Immunsystem.<br \/>\n- Vitamin D ist gut f\u00fcr Muskeln und starke Z\u00e4hne.<br \/>\n- Vitamin K, f\u00fcr die Mineral-\/Kalziumaufnahme in den Knochen<br \/>\n- Vitamin K tr\u00e4gt zum reibungslosen Funktionieren der Blutgerinnung bei<\/p>\n<table>\n<tbody>\n<tr>\n<td><u><b>Zusammensetzung pro Tagesdosis von 2 Tropfen:<\/b><\/u><\/td>\n<td><\/td>\n<td><u><b>RI*<\/b><\/u><\/td>\n<\/tr>\n<tr>\n<td>Vitamin D3 (Cholecalciferol)<\/td>\n<td>62,50 \u00b5g<\/td>\n<td>1250%<\/td>\n<\/tr>\n<tr>\n<td>Vitamin K2 (MenaQ7\u00ae, Menachinon-7 K2)<\/td>\n<td>45 \u00b5g<\/td>\n<td>60%<\/td>\n<\/tr>\n<\/tbody>\n<\/table>\n<p>* Referenzeinnahme<\/p>\n<p><u><b>Inhaltsstoffe<\/b><\/u><br \/>\nSonnenblumen\u00f6l (Oleum helianthus) (Tr\u00e4gerstoff), Oliven\u00f6l (Oleum olivae virgine) (Tr\u00e4gerstoff), Vitamin D3 (Cholecalciferol), Vitamin K2 MK7 (Menachinon), DL-alpha-Tocopherol (nat\u00fcrliches Antioxidans)<\/p>\n<p><u><b>Verwenden Sie<\/b><\/u><br \/>\nNehmen Sie 1 bis 2 Tropfen pro Tag. Halten Sie sich an die empfohlene Dosierung.<\/p>\n<p>Nicht geeignet f\u00fcr Kinder unter 10 Jahren.<\/p>\n<p>Dieses Produkt ist ein Nahrungserg\u00e4nzungsmittel.<\/p>\n<p>Die empfohlene Dosierung darf nicht \u00fcberschritten werden.<\/p>\n<p>Eine abwechslungsreiche, ausgewogene Ern\u00e4hrung und eine gesunde Lebensweise sind wichtig. Ein Nahrungserg\u00e4nzungsmittel ist kein Ersatz f\u00fcr eine abwechslungsreiche Ern\u00e4hrung.<\/p>\n<p>Au\u00dferhalb der Reichweite von kleinen Kindern aufbewahren.<\/p>\n<p>Trocken, verschlossen und bei Raumtemperatur lagern, sofern nicht anders auf dem Etikett angegeben.<\/p>\n<p>Konsultieren Sie vor der Einnahme von Nahrungserg\u00e4nzungsmitteln im Falle von Schwangerschaft, Stillzeit, Medikamenteneinnahme und Krankheit einen Experten.<\/p>","protected":false},"excerpt":{"rendered":"<p>Vitakruid Vitamin D3 &amp; K2 30 ml<\/p>","protected":false},"featured_media":31800,"comment_status":"open","ping_status":"closed","template":"","meta":[],"product_brand":[],"product_cat":[2938],"product_tag":[3388,3404,3405],"merk":[3436],"class_list":{"0":"post-34393","1":"product","2":"type-product","3":"status-publish","4":"has-post-thumbnail","6":"product_cat-vitamines-mineralen-en-supplementen","7":"product_tag-vitakruid","8":"product_tag-vitakruid-vitamine-d3-k2","9":"product_tag-vitamine-d3-k2","10":"merk-vitakruid","12":"first","13":"instock","14":"taxable","15":"shipping-taxable","16":"purchasable","17":"product-type-simple"},"bundled_by":[],"bundle_stock_status":"instock","bundle_stock_quantity":null,"bundle_virtual":false,"bundle_layout":"","bundle_add_to_cart_form_location":"","bundle_editable_in_cart":false,"bundle_sold_individually_context":"","bundle_item_grouping":"","bundle_min_size":"","bundle_max_size":"","bundle_price":[],"bundled_items":[],"bundle_sell_ids":[],"yoast_head":"<!-- This site is optimized with the Yoast SEO plugin v26.1 - https:\/\/yoast.com\/wordpress\/plugins\/seo\/ -->\n<title>Vitakruid Vitamine D3 &amp; K2 30 ml - Alternatievemiddelen.nl<\/title>\n<meta name=\"description\" content=\"Vitakruid Vitamine D3 &amp; K2 30 ml\" \/>\n<meta name=\"robots\" content=\"noindex, follow\" \/>\n<meta property=\"og:locale\" content=\"de_DE\" \/>\n<meta property=\"og:type\" content=\"article\" \/>\n<meta property=\"og:title\" content=\"Vitakruid Vitamine D3 &amp; K2 30 ml - Alternatievemiddelen.nl\" \/>\n<meta property=\"og:description\" content=\"Vitakruid Vitamine D3 &amp; K2 30 ml\" \/>\n<meta property=\"og:url\" content=\"https:\/\/www.alternatievemiddelen.nl\/de\/produkte\/vitakruid-vitamin-d3-k2-30-ml\/\" \/>\n<meta property=\"og:site_name\" content=\"Alternatievemiddelen.nl\" \/>\n<meta property=\"article:modified_time\" content=\"2025-04-28T06:12:20+00:00\" \/>\n<meta property=\"og:image\" content=\"\/wp-content\/uploads\/2023\/12\/Vitakruid-Vitamine-D3-K2-30ml.jpg\" \/>\n\t<meta property=\"og:image:width\" content=\"600\" \/>\n\t<meta property=\"og:image:height\" content=\"800\" \/>\n\t<meta property=\"og:image:type\" content=\"image\/jpeg\" \/>\n<meta name=\"twitter:card\" content=\"summary_large_image\" \/>\n<meta name=\"twitter:label1\" content=\"Gesch\u00e4tzte Lesezeit\" \/>\n\t<meta name=\"twitter:data1\" content=\"3\u00a0Minuten\" \/>\n<script type=\"application\/ld+json\" class=\"yoast-schema-graph\">{\"@context\":\"https:\/\/schema.org\",\"@graph\":[{\"@type\":[\"WebPage\",\"ItemPage\"],\"@id\":\"https:\/\/www.alternatievemiddelen.nl\/producten\/vitakruid-vitamine-d3-k2-30-ml\/\",\"url\":\"https:\/\/www.alternatievemiddelen.nl\/producten\/vitakruid-vitamine-d3-k2-30-ml\/\",\"name\":\"Vitakruid Vitamine D3 & K2 30 ml - Alternatievemiddelen.nl\",\"isPartOf\":{\"@id\":\"https:\/\/www.alternatievemiddelen.nl\/#website\"},\"primaryImageOfPage\":{\"@id\":\"https:\/\/www.alternatievemiddelen.nl\/producten\/vitakruid-vitamine-d3-k2-30-ml\/#primaryimage\"},\"image\":{\"@id\":\"https:\/\/www.alternatievemiddelen.nl\/producten\/vitakruid-vitamine-d3-k2-30-ml\/#primaryimage\"},\"thumbnailUrl\":\"https:\/\/www.alternatievemiddelen.nl\/wp-content\/uploads\/2023\/12\/Vitakruid-Vitamine-D3-K2-30ml.jpg\",\"datePublished\":\"2024-02-27T07:21:30+00:00\",\"dateModified\":\"2025-04-28T06:12:20+00:00\",\"description\":\"Vitakruid Vitamine D3 & K2 30 ml\",\"breadcrumb\":{\"@id\":\"https:\/\/www.alternatievemiddelen.nl\/producten\/vitakruid-vitamine-d3-k2-30-ml\/#breadcrumb\"},\"inLanguage\":\"de\",\"potentialAction\":[{\"@type\":\"ReadAction\",\"target\":[\"https:\/\/www.alternatievemiddelen.nl\/producten\/vitakruid-vitamine-d3-k2-30-ml\/\"]}]},{\"@type\":\"ImageObject\",\"inLanguage\":\"de\",\"@id\":\"https:\/\/www.alternatievemiddelen.nl\/producten\/vitakruid-vitamine-d3-k2-30-ml\/#primaryimage\",\"url\":\"https:\/\/www.alternatievemiddelen.nl\/wp-content\/uploads\/2023\/12\/Vitakruid-Vitamine-D3-K2-30ml.jpg\",\"contentUrl\":\"https:\/\/www.alternatievemiddelen.nl\/wp-content\/uploads\/2023\/12\/Vitakruid-Vitamine-D3-K2-30ml.jpg\",\"width\":600,\"height\":800,\"caption\":\"Vitakruid Vitamine D3 en K2\"},{\"@type\":\"BreadcrumbList\",\"@id\":\"https:\/\/www.alternatievemiddelen.nl\/producten\/vitakruid-vitamine-d3-k2-30-ml\/#breadcrumb\",\"itemListElement\":[{\"@type\":\"ListItem\",\"position\":1,\"name\":\"Home\",\"item\":\"https:\/\/www.alternatievemiddelen.nl\/\"},{\"@type\":\"ListItem\",\"position\":2,\"name\":\"Producten\",\"item\":\"https:\/\/www.alternatievemiddelen.nl\/producten\/\"},{\"@type\":\"ListItem\",\"position\":3,\"name\":\"Vitakruid Vitamine D3 &#038; K2 30 ml\"}]},{\"@type\":\"WebSite\",\"@id\":\"https:\/\/www.alternatievemiddelen.nl\/#website\",\"url\":\"https:\/\/www.alternatievemiddelen.nl\/\",\"name\":\"Alternatievemiddelen.nl\",\"description\":\"Webshop met gezonde, duurzame en ecologische alternatieve mogelijkheden in de hedendaagse levenstijl. Alles uit eigen ervaring.\",\"publisher\":{\"@id\":\"https:\/\/www.alternatievemiddelen.nl\/#organization\"},\"potentialAction\":[{\"@type\":\"SearchAction\",\"target\":{\"@type\":\"EntryPoint\",\"urlTemplate\":\"https:\/\/www.alternatievemiddelen.nl\/?s={search_term_string}\"},\"query-input\":{\"@type\":\"PropertyValueSpecification\",\"valueRequired\":true,\"valueName\":\"search_term_string\"}}],\"inLanguage\":\"de\"},{\"@type\":\"Organization\",\"@id\":\"https:\/\/www.alternatievemiddelen.nl\/#organization\",\"name\":\"Alternatievemiddelen.nl\",\"url\":\"https:\/\/www.alternatievemiddelen.nl\/\",\"logo\":{\"@type\":\"ImageObject\",\"inLanguage\":\"de\",\"@id\":\"https:\/\/www.alternatievemiddelen.nl\/#\/schema\/logo\/image\/\",\"url\":\"https:\/\/www.alternatievemiddelen.nl\/wp-content\/uploads\/2023\/10\/alternatievemiddelen-PNG-logo.png\",\"contentUrl\":\"https:\/\/www.alternatievemiddelen.nl\/wp-content\/uploads\/2023\/10\/alternatievemiddelen-PNG-logo.png\",\"width\":6400,\"height\":3062,\"caption\":\"Alternatievemiddelen.nl\"},\"image\":{\"@id\":\"https:\/\/www.alternatievemiddelen.nl\/#\/schema\/logo\/image\/\"}}]}<\/script>\n<!-- \/ Yoast SEO plugin. -->","yoast_head_json":{"title":"Vitakruid Vitamine D3 & K2 30 ml - Alternatievemiddelen.nl","description":"Vitakruid Vitamine D3 & K2 30 ml","robots":{"index":"noindex","follow":"follow"},"og_locale":"de_DE","og_type":"article","og_title":"Vitakruid Vitamine D3 & K2 30 ml - Alternatievemiddelen.nl","og_description":"Vitakruid Vitamine D3 & K2 30 ml","og_url":"https:\/\/www.alternatievemiddelen.nl\/de\/produkte\/vitakruid-vitamin-d3-k2-30-ml\/","og_site_name":"Alternatievemiddelen.nl","article_modified_time":"2025-04-28T06:12:20+00:00","og_image":[{"width":600,"height":800,"url":"\/wp-content\/uploads\/2023\/12\/Vitakruid-Vitamine-D3-K2-30ml.jpg","type":"image\/jpeg"}],"twitter_card":"summary_large_image","twitter_misc":{"Gesch\u00e4tzte Lesezeit":"3\u00a0Minuten"},"schema":{"@context":"https:\/\/schema.org","@graph":[{"@type":["WebPage","ItemPage"],"@id":"https:\/\/www.alternatievemiddelen.nl\/producten\/vitakruid-vitamine-d3-k2-30-ml\/","url":"https:\/\/www.alternatievemiddelen.nl\/producten\/vitakruid-vitamine-d3-k2-30-ml\/","name":"Vitakruid Vitamine D3 & K2 30 ml - Alternatievemiddelen.nl","isPartOf":{"@id":"https:\/\/www.alternatievemiddelen.nl\/#website"},"primaryImageOfPage":{"@id":"https:\/\/www.alternatievemiddelen.nl\/producten\/vitakruid-vitamine-d3-k2-30-ml\/#primaryimage"},"image":{"@id":"https:\/\/www.alternatievemiddelen.nl\/producten\/vitakruid-vitamine-d3-k2-30-ml\/#primaryimage"},"thumbnailUrl":"https:\/\/www.alternatievemiddelen.nl\/wp-content\/uploads\/2023\/12\/Vitakruid-Vitamine-D3-K2-30ml.jpg","datePublished":"2024-02-27T07:21:30+00:00","dateModified":"2025-04-28T06:12:20+00:00","description":"Vitakruid Vitamine D3 & K2 30 ml","breadcrumb":{"@id":"https:\/\/www.alternatievemiddelen.nl\/producten\/vitakruid-vitamine-d3-k2-30-ml\/#breadcrumb"},"inLanguage":"de","potentialAction":[{"@type":"ReadAction","target":["https:\/\/www.alternatievemiddelen.nl\/producten\/vitakruid-vitamine-d3-k2-30-ml\/"]}]},{"@type":"ImageObject","inLanguage":"de","@id":"https:\/\/www.alternatievemiddelen.nl\/producten\/vitakruid-vitamine-d3-k2-30-ml\/#primaryimage","url":"https:\/\/www.alternatievemiddelen.nl\/wp-content\/uploads\/2023\/12\/Vitakruid-Vitamine-D3-K2-30ml.jpg","contentUrl":"https:\/\/www.alternatievemiddelen.nl\/wp-content\/uploads\/2023\/12\/Vitakruid-Vitamine-D3-K2-30ml.jpg","width":600,"height":800,"caption":"Vitakruid Vitamine D3 en K2"},{"@type":"BreadcrumbList","@id":"https:\/\/www.alternatievemiddelen.nl\/producten\/vitakruid-vitamine-d3-k2-30-ml\/#breadcrumb","itemListElement":[{"@type":"ListItem","position":1,"name":"Home","item":"https:\/\/www.alternatievemiddelen.nl\/"},{"@type":"ListItem","position":2,"name":"Producten","item":"https:\/\/www.alternatievemiddelen.nl\/producten\/"},{"@type":"ListItem","position":3,"name":"Vitakruid Vitamine D3 &#038; K2 30 ml"}]},{"@type":"WebSite","@id":"https:\/\/www.alternatievemiddelen.nl\/#website","url":"https:\/\/www.alternatievemiddelen.nl\/","name":"Alternatievemiddelen.nl","description":"Webshop met gezonde, duurzame en ecologische alternatieve mogelijkheden in de hedendaagse levenstijl. Alles uit eigen ervaring.","publisher":{"@id":"https:\/\/www.alternatievemiddelen.nl\/#organization"},"potentialAction":[{"@type":"SearchAction","target":{"@type":"EntryPoint","urlTemplate":"https:\/\/www.alternatievemiddelen.nl\/?s={search_term_string}"},"query-input":{"@type":"PropertyValueSpecification","valueRequired":true,"valueName":"search_term_string"}}],"inLanguage":"de"},{"@type":"Organization","@id":"https:\/\/www.alternatievemiddelen.nl\/#organization","name":"Alternatievemiddelen.nl","url":"https:\/\/www.alternatievemiddelen.nl\/","logo":{"@type":"ImageObject","inLanguage":"de","@id":"https:\/\/www.alternatievemiddelen.nl\/#\/schema\/logo\/image\/","url":"https:\/\/www.alternatievemiddelen.nl\/wp-content\/uploads\/2023\/10\/alternatievemiddelen-PNG-logo.png","contentUrl":"https:\/\/www.alternatievemiddelen.nl\/wp-content\/uploads\/2023\/10\/alternatievemiddelen-PNG-logo.png","width":6400,"height":3062,"caption":"Alternatievemiddelen.nl"},"image":{"@id":"https:\/\/www.alternatievemiddelen.nl\/#\/schema\/logo\/image\/"}}]}},"_links":{"self":[{"href":"https:\/\/www.alternatievemiddelen.nl\/de\/wp-json\/wp\/v2\/product\/34393","targetHints":{"allow":["GET"]}}],"collection":[{"href":"https:\/\/www.alternatievemiddelen.nl\/de\/wp-json\/wp\/v2\/product"}],"about":[{"href":"https:\/\/www.alternatievemiddelen.nl\/de\/wp-json\/wp\/v2\/types\/product"}],"replies":[{"embeddable":true,"href":"https:\/\/www.alternatievemiddelen.nl\/de\/wp-json\/wp\/v2\/comments?post=34393"}],"wp:featuredmedia":[{"embeddable":true,"href":"https:\/\/www.alternatievemiddelen.nl\/de\/wp-json\/wp\/v2\/media\/31800"}],"wp:attachment":[{"href":"https:\/\/www.alternatievemiddelen.nl\/de\/wp-json\/wp\/v2\/media?parent=34393"}],"wp:term":[{"taxonomy":"product_brand","embeddable":true,"href":"https:\/\/www.alternatievemiddelen.nl\/de\/wp-json\/wp\/v2\/product_brand?post=34393"},{"taxonomy":"product_cat","embeddable":true,"href":"https:\/\/www.alternatievemiddelen.nl\/de\/wp-json\/wp\/v2\/product_cat?post=34393"},{"taxonomy":"product_tag","embeddable":true,"href":"https:\/\/www.alternatievemiddelen.nl\/de\/wp-json\/wp\/v2\/product_tag?post=34393"},{"taxonomy":"merk","embeddable":true,"href":"https:\/\/www.alternatievemiddelen.nl\/de\/wp-json\/wp\/v2\/merk?post=34393"}],"curies":[{"name":"wp","href":"https:\/\/api.w.org\/{rel}","templated":true}]}}