{"id":34409,"date":"2024-02-27T08:21:40","date_gmt":"2024-02-27T07:21:40","guid":{"rendered":"https:\/\/www.alternatievemiddelen.nl\/?post_type=product&#038;p=34409"},"modified":"2025-04-28T08:10:43","modified_gmt":"2025-04-28T06:10:43","slug":"bio-kult-everyday-probiotica-120-capsules","status":"publish","type":"product","link":"https:\/\/www.alternatievemiddelen.nl\/de\/produkte\/bio-kult-everyday-probiotika-120-kapseln\/","title":{"rendered":"Bio-kult T\u00e4gliches Probiotikum 120 Kapseln"},"content":{"rendered":"<p>Bio-kult Everyday Probiotics 120 Kapseln ist ein einzigartiges probiotisches Multistamm-Erg\u00e4nzungsmittel, das aus 14 probiotischen St\u00e4mmen besteht!<\/p>\n<p>Bio-kult-Erg\u00e4nzungen sind:<\/p>\n<p>\u2714 F\u00fcr den t\u00e4glichen Gebrauch geeignet<br \/>\n\u2714 Geeignet f\u00fcr Reisen<br \/>\n\u2714 Geeignet f\u00fcr Kinder und Schwangere<br \/>\n\u2714 Geeignet f\u00fcr die Lagerung bei Raumtemperatur<br \/>\n\u2714 Glutenfrei<br \/>\n\u2714 Laktosefrei<br \/>\n\u2714 Geeignet f\u00fcr Vegetarier<\/p>\n<p>&nbsp;<\/p>\n<h4>Zutaten Bio-kult Everyday Probiotics 120 Kapseln:<\/h4>\n<p>Probiotische Kulturen (<b>Milch, Soja<\/b>), Cellulose (F\u00fcllstoff), pflanzliche Kapsel (Hydroxypropylmethylcellulose<\/p>\n<p>&nbsp;<\/p>\n<h4>14 probiotische St\u00e4mme:<\/h4>\n<p>Bacillus subtilis PXN\u00ae 21\u00ae, Bifidobacterium bifidum PXN\u00ae 23\u2122, Bifidobacterium breve PXN\u00ae 25\u2122, Bifidobacterium infantis PXN\u00ae 27\u2122, Bifidobacterium longum PXN\u00ae 30\u2122, Lactobacillus helveticus PXN\u00ae 35\u2122, Lactobacillus delbrueckii ssp. bulgaricus PXN\u00ae 39\u2122, Lactobacillus casei PXN\u00ae 37\u2122, Lactobacillus plantarum PXN\u00ae 47\u2122, Lactobacillus rhamnosus PXN\u00ae 54\u2122, Lactobacillus helveticus PXN\u00ae 45\u2122, Lactobacillus salivarius PXN\u00ae 57\u2122, Lactococcus lactis ssp. lactis PXN\u00ae 63\u2122, Streptococcus thermophilus PXN\u00ae 66\u2122<\/p>\n<p>&nbsp;<\/p>\n<h4>Jede Kapsel enth\u00e4lt:<\/h4>\n<p>Mindestens 2 Milliarden Mikroorganismen pro Kapsel (2\u00d7109 KBE\/Kapsel), das entspricht 10 Milliarden Mikroorganismen pro Gramm (1\u00d71010 KBE\/Gramm).<\/p>\n<p>&nbsp;<\/p>\n<h4>Allergiehinweis:<\/h4>\n<p>Enth\u00e4lt Soja und Milch. Soja und Milch werden f\u00fcr die Z\u00fcchtung von Bakterienst\u00e4mmen verwendet. Der Milchgehalt ist so hoch, dass er Menschen mit Laktoseintoleranz nicht beeintr\u00e4chtigt.<\/p>\n<p>&nbsp;<\/p>\n<h4>Beibehaltung:<\/h4>\n<p>Kann bei Raumtemperatur gelagert werden, muss nicht gek\u00fchlt werden.<\/p>\n<p>&nbsp;<\/p>\n<h4>Empfehlung Erwachsene (12+) &amp; Kinder (3 - 11):<\/h4>\n<p>Erwachsene (12+): 1 bis 4 Kapseln t\u00e4glich einnehmen.<br \/>\nKinder (3 - 12): Geben Sie 1 bis 2 Kapseln t\u00e4glich.<\/p>\n<p>&nbsp;<\/p>\n<h4>Wie zu verwenden:<\/h4>\n<p>1. Beginnen Sie mit einer niedrigen Dosis (2 bis 4 Milliarden Mikroorganismen), bevor Sie auf eine h\u00f6here Dosis umsteigen.<br \/>\n2. Nehmen Sie die Probiotika w\u00e4hrend des Essens ein, oder besser 30 Minuten vor einer Mahlzeit.<br \/>\n3. Nehmen Sie die Kapsel als Ganzes ein oder ziehen Sie die Kapsel auseinander, um nur den Inhalt einzunehmen.<br \/>\n4. Nehmen Sie die Probiotika mindestens ein paar Wochen lang ein. Bio-Kult ist f\u00fcr die Langzeiteinnahme geeignet.<\/p>\n<p><i>In der Schwangerschaft: Bio-Kult ist f\u00fcr die Einnahme w\u00e4hrend der Schwangerschaft geeignet, aber wir empfehlen immer, vor der Einnahme eines Nahrungserg\u00e4nzungsmittels Ihren Arzt oder Spezialisten zu konsultieren.<\/i><\/p>","protected":false},"excerpt":{"rendered":"<p>Bio-kult Everyday Probiotics 120 Kapseln ist ein einzigartiges probiotisches Multistamm-Erg\u00e4nzungsmittel, das aus 14 probiotischen St\u00e4mmen besteht! Geeignet f\u00fcr Vegetarier.<\/p>","protected":false},"featured_media":45090,"comment_status":"open","ping_status":"closed","template":"","meta":[],"product_brand":[],"product_cat":[2938],"product_tag":[3038,3039,3040,3041],"merk":[3467],"class_list":{"0":"post-34409","1":"product","2":"type-product","3":"status-publish","4":"has-post-thumbnail","6":"product_cat-vitamines-mineralen-en-supplementen","7":"product_tag-bio-kult","8":"product_tag-bio-kult-advanced","9":"product_tag-probiotica","10":"product_tag-probiotica-stammen","11":"merk-bio-kult","13":"first","14":"instock","15":"taxable","16":"shipping-taxable","17":"purchasable","18":"product-type-simple"},"bundled_by":[],"bundle_stock_status":"instock","bundle_stock_quantity":null,"bundle_virtual":false,"bundle_layout":"","bundle_add_to_cart_form_location":"","bundle_editable_in_cart":false,"bundle_sold_individually_context":"","bundle_item_grouping":"","bundle_min_size":"","bundle_max_size":"","bundle_price":[],"bundled_items":[],"bundle_sell_ids":[],"yoast_head":"<!-- This site is optimized with the Yoast SEO plugin v26.1 - https:\/\/yoast.com\/wordpress\/plugins\/seo\/ -->\n<title>Bio-kult Everyday Probiotica 120 capsules - Alternatievemiddelen.nl<\/title>\n<meta name=\"description\" content=\"Bio-kult Everyday Probiotica 120 capsules is een unieke multi-stam probiotica supplement die bestaat uit 14 probiotica stammen! Geschikt voor vegetari\u00ebrs.\" \/>\n<meta name=\"robots\" content=\"noindex, follow\" \/>\n<meta property=\"og:locale\" content=\"de_DE\" \/>\n<meta property=\"og:type\" content=\"article\" \/>\n<meta property=\"og:title\" content=\"Bio-kult Everyday Probiotica 120 capsules - Alternatievemiddelen.nl\" \/>\n<meta property=\"og:description\" content=\"Bio-kult Everyday Probiotica 120 capsules is een unieke multi-stam probiotica supplement die bestaat uit 14 probiotica stammen! Geschikt voor vegetari\u00ebrs.\" \/>\n<meta property=\"og:url\" content=\"https:\/\/www.alternatievemiddelen.nl\/de\/produkte\/bio-kult-everyday-probiotika-120-kapseln\/\" \/>\n<meta property=\"og:site_name\" content=\"Alternatievemiddelen.nl\" \/>\n<meta property=\"article:modified_time\" content=\"2025-04-28T06:10:43+00:00\" \/>\n<meta property=\"og:image\" content=\"\/wp-content\/uploads\/2024\/02\/Bio-kult-Everyday-Probiotica-120-capsules.jpg\" \/>\n\t<meta property=\"og:image:width\" content=\"600\" \/>\n\t<meta property=\"og:image:height\" content=\"800\" \/>\n\t<meta property=\"og:image:type\" content=\"image\/jpeg\" \/>\n<meta name=\"twitter:card\" content=\"summary_large_image\" \/>\n<meta name=\"twitter:label1\" content=\"Gesch\u00e4tzte Lesezeit\" \/>\n\t<meta name=\"twitter:data1\" content=\"2\u00a0Minuten\" \/>\n<script type=\"application\/ld+json\" class=\"yoast-schema-graph\">{\"@context\":\"https:\/\/schema.org\",\"@graph\":[{\"@type\":[\"WebPage\",\"ItemPage\"],\"@id\":\"https:\/\/www.alternatievemiddelen.nl\/producten\/bio-kult-everyday-probiotica-120-capsules\/\",\"url\":\"https:\/\/www.alternatievemiddelen.nl\/producten\/bio-kult-everyday-probiotica-120-capsules\/\",\"name\":\"Bio-kult Everyday Probiotica 120 capsules - Alternatievemiddelen.nl\",\"isPartOf\":{\"@id\":\"https:\/\/www.alternatievemiddelen.nl\/#website\"},\"primaryImageOfPage\":{\"@id\":\"https:\/\/www.alternatievemiddelen.nl\/producten\/bio-kult-everyday-probiotica-120-capsules\/#primaryimage\"},\"image\":{\"@id\":\"https:\/\/www.alternatievemiddelen.nl\/producten\/bio-kult-everyday-probiotica-120-capsules\/#primaryimage\"},\"thumbnailUrl\":\"https:\/\/www.alternatievemiddelen.nl\/wp-content\/uploads\/2024\/02\/Bio-kult-Everyday-Probiotica-120-capsules.jpg\",\"datePublished\":\"2024-02-27T07:21:40+00:00\",\"dateModified\":\"2025-04-28T06:10:43+00:00\",\"description\":\"Bio-kult Everyday Probiotica 120 capsules is een unieke multi-stam probiotica supplement die bestaat uit 14 probiotica stammen! Geschikt voor vegetari\u00ebrs.\",\"breadcrumb\":{\"@id\":\"https:\/\/www.alternatievemiddelen.nl\/producten\/bio-kult-everyday-probiotica-120-capsules\/#breadcrumb\"},\"inLanguage\":\"de\",\"potentialAction\":[{\"@type\":\"ReadAction\",\"target\":[\"https:\/\/www.alternatievemiddelen.nl\/producten\/bio-kult-everyday-probiotica-120-capsules\/\"]}]},{\"@type\":\"ImageObject\",\"inLanguage\":\"de\",\"@id\":\"https:\/\/www.alternatievemiddelen.nl\/producten\/bio-kult-everyday-probiotica-120-capsules\/#primaryimage\",\"url\":\"https:\/\/www.alternatievemiddelen.nl\/wp-content\/uploads\/2024\/02\/Bio-kult-Everyday-Probiotica-120-capsules.jpg\",\"contentUrl\":\"https:\/\/www.alternatievemiddelen.nl\/wp-content\/uploads\/2024\/02\/Bio-kult-Everyday-Probiotica-120-capsules.jpg\",\"width\":600,\"height\":800,\"caption\":\"Bio-kult Everyday Probiotica 120 capsules\"},{\"@type\":\"BreadcrumbList\",\"@id\":\"https:\/\/www.alternatievemiddelen.nl\/producten\/bio-kult-everyday-probiotica-120-capsules\/#breadcrumb\",\"itemListElement\":[{\"@type\":\"ListItem\",\"position\":1,\"name\":\"Home\",\"item\":\"https:\/\/www.alternatievemiddelen.nl\/\"},{\"@type\":\"ListItem\",\"position\":2,\"name\":\"Producten\",\"item\":\"https:\/\/www.alternatievemiddelen.nl\/producten\/\"},{\"@type\":\"ListItem\",\"position\":3,\"name\":\"Bio-kult Everyday Probiotica 120 capsules\"}]},{\"@type\":\"WebSite\",\"@id\":\"https:\/\/www.alternatievemiddelen.nl\/#website\",\"url\":\"https:\/\/www.alternatievemiddelen.nl\/\",\"name\":\"Alternatievemiddelen.nl\",\"description\":\"Webshop met gezonde, duurzame en ecologische alternatieve mogelijkheden in de hedendaagse levenstijl. Alles uit eigen ervaring.\",\"publisher\":{\"@id\":\"https:\/\/www.alternatievemiddelen.nl\/#organization\"},\"potentialAction\":[{\"@type\":\"SearchAction\",\"target\":{\"@type\":\"EntryPoint\",\"urlTemplate\":\"https:\/\/www.alternatievemiddelen.nl\/?s={search_term_string}\"},\"query-input\":{\"@type\":\"PropertyValueSpecification\",\"valueRequired\":true,\"valueName\":\"search_term_string\"}}],\"inLanguage\":\"de\"},{\"@type\":\"Organization\",\"@id\":\"https:\/\/www.alternatievemiddelen.nl\/#organization\",\"name\":\"Alternatievemiddelen.nl\",\"url\":\"https:\/\/www.alternatievemiddelen.nl\/\",\"logo\":{\"@type\":\"ImageObject\",\"inLanguage\":\"de\",\"@id\":\"https:\/\/www.alternatievemiddelen.nl\/#\/schema\/logo\/image\/\",\"url\":\"https:\/\/www.alternatievemiddelen.nl\/wp-content\/uploads\/2023\/10\/alternatievemiddelen-PNG-logo.png\",\"contentUrl\":\"https:\/\/www.alternatievemiddelen.nl\/wp-content\/uploads\/2023\/10\/alternatievemiddelen-PNG-logo.png\",\"width\":6400,\"height\":3062,\"caption\":\"Alternatievemiddelen.nl\"},\"image\":{\"@id\":\"https:\/\/www.alternatievemiddelen.nl\/#\/schema\/logo\/image\/\"}}]}<\/script>\n<!-- \/ Yoast SEO plugin. -->","yoast_head_json":{"title":"Bio-kult Everyday Probiotica 120 capsules - Alternatievemiddelen.nl","description":"Bio-kult Everyday Probiotica 120 capsules is een unieke multi-stam probiotica supplement die bestaat uit 14 probiotica stammen! Geschikt voor vegetari\u00ebrs.","robots":{"index":"noindex","follow":"follow"},"og_locale":"de_DE","og_type":"article","og_title":"Bio-kult Everyday Probiotica 120 capsules - Alternatievemiddelen.nl","og_description":"Bio-kult Everyday Probiotica 120 capsules is een unieke multi-stam probiotica supplement die bestaat uit 14 probiotica stammen! Geschikt voor vegetari\u00ebrs.","og_url":"https:\/\/www.alternatievemiddelen.nl\/de\/produkte\/bio-kult-everyday-probiotika-120-kapseln\/","og_site_name":"Alternatievemiddelen.nl","article_modified_time":"2025-04-28T06:10:43+00:00","og_image":[{"width":600,"height":800,"url":"\/wp-content\/uploads\/2024\/02\/Bio-kult-Everyday-Probiotica-120-capsules.jpg","type":"image\/jpeg"}],"twitter_card":"summary_large_image","twitter_misc":{"Gesch\u00e4tzte Lesezeit":"2\u00a0Minuten"},"schema":{"@context":"https:\/\/schema.org","@graph":[{"@type":["WebPage","ItemPage"],"@id":"https:\/\/www.alternatievemiddelen.nl\/producten\/bio-kult-everyday-probiotica-120-capsules\/","url":"https:\/\/www.alternatievemiddelen.nl\/producten\/bio-kult-everyday-probiotica-120-capsules\/","name":"Bio-kult Everyday Probiotica 120 capsules - Alternatievemiddelen.nl","isPartOf":{"@id":"https:\/\/www.alternatievemiddelen.nl\/#website"},"primaryImageOfPage":{"@id":"https:\/\/www.alternatievemiddelen.nl\/producten\/bio-kult-everyday-probiotica-120-capsules\/#primaryimage"},"image":{"@id":"https:\/\/www.alternatievemiddelen.nl\/producten\/bio-kult-everyday-probiotica-120-capsules\/#primaryimage"},"thumbnailUrl":"https:\/\/www.alternatievemiddelen.nl\/wp-content\/uploads\/2024\/02\/Bio-kult-Everyday-Probiotica-120-capsules.jpg","datePublished":"2024-02-27T07:21:40+00:00","dateModified":"2025-04-28T06:10:43+00:00","description":"Bio-kult Everyday Probiotica 120 capsules is een unieke multi-stam probiotica supplement die bestaat uit 14 probiotica stammen! Geschikt voor vegetari\u00ebrs.","breadcrumb":{"@id":"https:\/\/www.alternatievemiddelen.nl\/producten\/bio-kult-everyday-probiotica-120-capsules\/#breadcrumb"},"inLanguage":"de","potentialAction":[{"@type":"ReadAction","target":["https:\/\/www.alternatievemiddelen.nl\/producten\/bio-kult-everyday-probiotica-120-capsules\/"]}]},{"@type":"ImageObject","inLanguage":"de","@id":"https:\/\/www.alternatievemiddelen.nl\/producten\/bio-kult-everyday-probiotica-120-capsules\/#primaryimage","url":"https:\/\/www.alternatievemiddelen.nl\/wp-content\/uploads\/2024\/02\/Bio-kult-Everyday-Probiotica-120-capsules.jpg","contentUrl":"https:\/\/www.alternatievemiddelen.nl\/wp-content\/uploads\/2024\/02\/Bio-kult-Everyday-Probiotica-120-capsules.jpg","width":600,"height":800,"caption":"Bio-kult Everyday Probiotica 120 capsules"},{"@type":"BreadcrumbList","@id":"https:\/\/www.alternatievemiddelen.nl\/producten\/bio-kult-everyday-probiotica-120-capsules\/#breadcrumb","itemListElement":[{"@type":"ListItem","position":1,"name":"Home","item":"https:\/\/www.alternatievemiddelen.nl\/"},{"@type":"ListItem","position":2,"name":"Producten","item":"https:\/\/www.alternatievemiddelen.nl\/producten\/"},{"@type":"ListItem","position":3,"name":"Bio-kult Everyday Probiotica 120 capsules"}]},{"@type":"WebSite","@id":"https:\/\/www.alternatievemiddelen.nl\/#website","url":"https:\/\/www.alternatievemiddelen.nl\/","name":"Alternatievemiddelen.nl","description":"Webshop met gezonde, duurzame en ecologische alternatieve mogelijkheden in de hedendaagse levenstijl. Alles uit eigen ervaring.","publisher":{"@id":"https:\/\/www.alternatievemiddelen.nl\/#organization"},"potentialAction":[{"@type":"SearchAction","target":{"@type":"EntryPoint","urlTemplate":"https:\/\/www.alternatievemiddelen.nl\/?s={search_term_string}"},"query-input":{"@type":"PropertyValueSpecification","valueRequired":true,"valueName":"search_term_string"}}],"inLanguage":"de"},{"@type":"Organization","@id":"https:\/\/www.alternatievemiddelen.nl\/#organization","name":"Alternatievemiddelen.nl","url":"https:\/\/www.alternatievemiddelen.nl\/","logo":{"@type":"ImageObject","inLanguage":"de","@id":"https:\/\/www.alternatievemiddelen.nl\/#\/schema\/logo\/image\/","url":"https:\/\/www.alternatievemiddelen.nl\/wp-content\/uploads\/2023\/10\/alternatievemiddelen-PNG-logo.png","contentUrl":"https:\/\/www.alternatievemiddelen.nl\/wp-content\/uploads\/2023\/10\/alternatievemiddelen-PNG-logo.png","width":6400,"height":3062,"caption":"Alternatievemiddelen.nl"},"image":{"@id":"https:\/\/www.alternatievemiddelen.nl\/#\/schema\/logo\/image\/"}}]}},"_links":{"self":[{"href":"https:\/\/www.alternatievemiddelen.nl\/de\/wp-json\/wp\/v2\/product\/34409","targetHints":{"allow":["GET"]}}],"collection":[{"href":"https:\/\/www.alternatievemiddelen.nl\/de\/wp-json\/wp\/v2\/product"}],"about":[{"href":"https:\/\/www.alternatievemiddelen.nl\/de\/wp-json\/wp\/v2\/types\/product"}],"replies":[{"embeddable":true,"href":"https:\/\/www.alternatievemiddelen.nl\/de\/wp-json\/wp\/v2\/comments?post=34409"}],"wp:featuredmedia":[{"embeddable":true,"href":"https:\/\/www.alternatievemiddelen.nl\/de\/wp-json\/wp\/v2\/media\/45090"}],"wp:attachment":[{"href":"https:\/\/www.alternatievemiddelen.nl\/de\/wp-json\/wp\/v2\/media?parent=34409"}],"wp:term":[{"taxonomy":"product_brand","embeddable":true,"href":"https:\/\/www.alternatievemiddelen.nl\/de\/wp-json\/wp\/v2\/product_brand?post=34409"},{"taxonomy":"product_cat","embeddable":true,"href":"https:\/\/www.alternatievemiddelen.nl\/de\/wp-json\/wp\/v2\/product_cat?post=34409"},{"taxonomy":"product_tag","embeddable":true,"href":"https:\/\/www.alternatievemiddelen.nl\/de\/wp-json\/wp\/v2\/product_tag?post=34409"},{"taxonomy":"merk","embeddable":true,"href":"https:\/\/www.alternatievemiddelen.nl\/de\/wp-json\/wp\/v2\/merk?post=34409"}],"curies":[{"name":"wp","href":"https:\/\/api.w.org\/{rel}","templated":true}]}}