{"id":34414,"date":"2024-02-27T08:21:44","date_gmt":"2024-02-27T07:21:44","guid":{"rendered":"https:\/\/www.alternatievemiddelen.nl\/?post_type=product&#038;p=34414"},"modified":"2026-01-13T02:29:39","modified_gmt":"2026-01-13T01:29:39","slug":"black-berkey-primer","status":"publish","type":"product","link":"https:\/\/www.alternatievemiddelen.nl\/de\/produkte\/grundierung-mit-schwarzem-berkey\/","title":{"rendered":"Schwarz Berkey Grundierung"},"content":{"rendered":"<p>Grundierung Schwarz Berkey - Sie k\u00f6nnen die Filterelemente Schwarz Berkey oder BOROUX Foundation\u2122 Schwarz auf zwei Arten grundieren. Die Grundierung sollte vor dem Auftragen der <a href=\"https:\/\/www.alternatievemiddelen.nl\/de\/produkte\/black-berkey-wasserfilterelemente\/\">Schwarz Berkey Elemente<\/a> oder <a href=\"https:\/\/www.alternatievemiddelen.nl\/de\/produkte\/boroux-foundation-black-wasserfilterelemente\/\">BOROUX Foundation\u2122 Schwarze Elemente<\/a> den Wasserfilter in Betrieb nehmen. Bei der Inbetriebnahme wird etwas Wasser unter leichtem Druck durch das Element gepresst, um sicherzustellen, dass das Black Berkey-Filterelement innen nass wird (Luft wird aus dem Element entfernt). Auf diese Weise profitieren Sie von den hohen Volumenstr\u00f6men der einzelnen Elemente.<\/p>\n<p>Zum Vorbereiten k\u00f6nnen Sie eine <a href=\"https:\/\/www.alternatievemiddelen.nl\/de\/produkte\/priming-button-black-berkey-elemente\/\">Priming-Taste<\/a> (ein kleiner Gummiring) oder der <a href=\"https:\/\/www.alternatievemiddelen.nl\/de\/produkte\/berkey-primerrite-universal-primer-pf-2-adapter\/\">PrimeRite<\/a> (eine blaue Gummit\u00fclle). Mit diesen Instrumenten k\u00f6nnen Sie das Filterelement \u00fcber einen Wasserhahn entleeren. Diese werden standardm\u00e4\u00dfig mit dem <a href=\"https:\/\/www.alternatievemiddelen.nl\/de\/produkte\/black-berkey-wasserfilterelemente\/\">Schwarz Berkey Elemente<\/a> und <a href=\"https:\/\/www.alternatievemiddelen.nl\/de\/produkte\/boroux-foundation-black-wasserfilterelemente\/\">BOROUX Foundation\u2122 Schwarze Elemente<\/a> in der Schachtel geliefert. Sollten Sie diese verlieren, k\u00f6nnen Sie sie separat bei uns nachbestellen. Wenn das Primern mit dem Wasserhahn nicht funktioniert oder der Wasserhahn nicht geeignet ist, k\u00f6nnen Sie den hier angebotenen Black Berkey Primer oder den <a href=\"https:\/\/www.alternatievemiddelen.nl\/de\/produkte\/boroux-automatische-filter-ansaugpumpe\/\">BOROUX Automatische Filteransaugpumpe<\/a>.<br \/>\n&nbsp;<\/p>\n<h3>Die schwarze Grundierung Berkey<\/h3>\n<p>Der Black Berkey Primer ist eine handbetriebene Ansaugpumpe, die ein einfaches Ansaugen der Black Berkey oder BOROUX Foundation\u2122 Black Elemente erm\u00f6glicht, ohne dass ein Wasserhahn oder eine andere Wasserversorgung ben\u00f6tigt wird. Durch die Grundierung werden die Elemente vor dem Gebrauch mit Wasser ges\u00e4ttigt, so dass das Wasser auf dem gesamten Element gut gereinigt wird und eine ausreichende Geschwindigkeit aufweist. Um den Primer zu verwenden, tauchen Sie das Filterelement in Wasser ein und befestigen Sie den Primer am Stiel des Elements. Durch Zusammendr\u00fccken des Kolbens wird das Wasser in die Mitte des Filterelements gezogen. Sobald das Element ges\u00e4ttigt ist, l\u00e4uft das Wasser durch den Primer und kommt auf der anderen Seite wieder heraus. Das schwarze Berkey- oder BOROUX Foundation\u2122 Black-Element ist einsatzbereit.<\/p>\n<p>Der Black Berkey Primer kann Elemente auch mit Luft statt mit Wasser reinigen (oder r\u00fccksp\u00fclen). Dadurch werden die perforierten Poren der Kohlefilterwand gereinigt. Die Reinigung der Elemente bewirkt zweierlei: (1) Sie entfernt den Schmutz aus den Poren, der sich dort w\u00e4hrend des Gebrauchs angesammelt hat, und (2) sie verk\u00fcrzt die Zeit, die zum Trocknen der Filter vor der Lagerung ben\u00f6tigt wird.<\/p>","protected":false},"excerpt":{"rendered":"<p>Der Black Berkey Primer erm\u00f6glicht das einfache Ansaugen von Black Berkey oder BOROUX Foundation\u2122 Black Filterelementen, ohne dass ein Wasserhahn ben\u00f6tigt wird.<\/p>","protected":false},"featured_media":31236,"comment_status":"open","ping_status":"closed","template":"","meta":[],"product_brand":[],"product_cat":[2971,3099,3013],"product_tag":[2961,2974,3706,2976,3098,3026,3027,3028,3030,2885,2979,3012,2980,2981],"merk":[3432,3702],"class_list":{"0":"post-34414","1":"product","2":"type-product","3":"status-publish","4":"has-post-thumbnail","6":"product_cat-waterfilters","7":"product_cat-waterfilter-elementen","8":"product_cat-waterfilter-accessoires","9":"product_tag-berkey","10":"product_tag-black-berkey","11":"product_tag-boroux","12":"product_tag-filterelement","13":"product_tag-pomp","14":"product_tag-primen","15":"product_tag-primer","16":"product_tag-reinigen","17":"product_tag-set","18":"product_tag-water","19":"product_tag-waterfilter","20":"product_tag-waterfilters","21":"product_tag-waterzuivering","22":"product_tag-zuiver","23":"merk-berkey","24":"merk-boroux","26":"first","27":"instock","28":"taxable","29":"shipping-taxable","30":"purchasable","31":"product-type-simple"},"bundled_by":["34363","34412","34413"],"bundle_stock_status":"instock","bundle_stock_quantity":null,"bundle_virtual":false,"bundle_layout":"","bundle_add_to_cart_form_location":"","bundle_editable_in_cart":false,"bundle_sold_individually_context":"","bundle_item_grouping":"","bundle_min_size":"","bundle_max_size":"","bundle_price":[],"bundled_items":[],"bundle_sell_ids":[44176,34341,34462,47576,47890],"yoast_head":"<!-- This site is optimized with the Yoast SEO plugin v26.1 - https:\/\/yoast.com\/wordpress\/plugins\/seo\/ -->\n<title>Black Berkey Primer - Alternatievemiddelen.nl<\/title>\n<meta name=\"description\" content=\"De Black Berkey Primer maakt het mogelijk om eenvoudig Black Berkey- of BOROUX Foundation\u2122 Black filterelementen te primen zonder dat er een kraan nodig is.\" \/>\n<meta name=\"robots\" content=\"index, follow, max-snippet:-1, max-image-preview:large, max-video-preview:-1\" \/>\n<link rel=\"canonical\" href=\"https:\/\/www.alternatievemiddelen.nl\/de\/wp-json\/wp\/v2\/product\/34414\" \/>\n<meta property=\"og:locale\" content=\"de_DE\" \/>\n<meta property=\"og:type\" content=\"article\" \/>\n<meta property=\"og:title\" content=\"Black Berkey Primer - Alternatievemiddelen.nl\" \/>\n<meta property=\"og:description\" content=\"De Black Berkey Primer maakt het mogelijk om eenvoudig Black Berkey- of BOROUX Foundation\u2122 Black filterelementen te primen zonder dat er een kraan nodig is.\" \/>\n<meta property=\"og:url\" content=\"https:\/\/www.alternatievemiddelen.nl\/de\/produkte\/grundierung-mit-schwarzem-berkey\/\" \/>\n<meta property=\"og:site_name\" content=\"Alternatievemiddelen.nl\" \/>\n<meta property=\"article:modified_time\" content=\"2026-01-13T01:29:39+00:00\" \/>\n<meta property=\"og:image\" content=\"\/wp-content\/uploads\/2023\/12\/Black-Berkey-primer-1.jpg\" \/>\n\t<meta property=\"og:image:width\" content=\"600\" \/>\n\t<meta property=\"og:image:height\" content=\"800\" \/>\n\t<meta property=\"og:image:type\" content=\"image\/jpeg\" \/>\n<meta name=\"twitter:card\" content=\"summary_large_image\" \/>\n<meta name=\"twitter:label1\" content=\"Gesch\u00e4tzte Lesezeit\" \/>\n\t<meta name=\"twitter:data1\" content=\"3\u00a0Minuten\" \/>\n<script type=\"application\/ld+json\" class=\"yoast-schema-graph\">{\"@context\":\"https:\/\/schema.org\",\"@graph\":[{\"@type\":[\"WebPage\",\"ItemPage\"],\"@id\":\"https:\/\/www.alternatievemiddelen.nl\/producten\/black-berkey-primer\/\",\"url\":\"https:\/\/www.alternatievemiddelen.nl\/producten\/black-berkey-primer\/\",\"name\":\"Black Berkey Primer - Alternatievemiddelen.nl\",\"isPartOf\":{\"@id\":\"https:\/\/www.alternatievemiddelen.nl\/#website\"},\"primaryImageOfPage\":{\"@id\":\"https:\/\/www.alternatievemiddelen.nl\/producten\/black-berkey-primer\/#primaryimage\"},\"image\":{\"@id\":\"https:\/\/www.alternatievemiddelen.nl\/producten\/black-berkey-primer\/#primaryimage\"},\"thumbnailUrl\":\"https:\/\/www.alternatievemiddelen.nl\/wp-content\/uploads\/2023\/12\/Black-Berkey-primer-1.jpg\",\"datePublished\":\"2024-02-27T07:21:44+00:00\",\"dateModified\":\"2026-01-13T01:29:39+00:00\",\"description\":\"De Black Berkey Primer maakt het mogelijk om eenvoudig Black Berkey- of BOROUX Foundation\u2122 Black filterelementen te primen zonder dat er een kraan nodig is.\",\"breadcrumb\":{\"@id\":\"https:\/\/www.alternatievemiddelen.nl\/producten\/black-berkey-primer\/#breadcrumb\"},\"inLanguage\":\"de\",\"potentialAction\":[{\"@type\":\"ReadAction\",\"target\":[\"https:\/\/www.alternatievemiddelen.nl\/producten\/black-berkey-primer\/\"]}]},{\"@type\":\"ImageObject\",\"inLanguage\":\"de\",\"@id\":\"https:\/\/www.alternatievemiddelen.nl\/producten\/black-berkey-primer\/#primaryimage\",\"url\":\"https:\/\/www.alternatievemiddelen.nl\/wp-content\/uploads\/2023\/12\/Black-Berkey-primer-1.jpg\",\"contentUrl\":\"https:\/\/www.alternatievemiddelen.nl\/wp-content\/uploads\/2023\/12\/Black-Berkey-primer-1.jpg\",\"width\":600,\"height\":800,\"caption\":\"Black Berkey primer\"},{\"@type\":\"BreadcrumbList\",\"@id\":\"https:\/\/www.alternatievemiddelen.nl\/producten\/black-berkey-primer\/#breadcrumb\",\"itemListElement\":[{\"@type\":\"ListItem\",\"position\":1,\"name\":\"Home\",\"item\":\"https:\/\/www.alternatievemiddelen.nl\/\"},{\"@type\":\"ListItem\",\"position\":2,\"name\":\"Producten\",\"item\":\"https:\/\/www.alternatievemiddelen.nl\/producten\/\"},{\"@type\":\"ListItem\",\"position\":3,\"name\":\"Black Berkey Primer\"}]},{\"@type\":\"WebSite\",\"@id\":\"https:\/\/www.alternatievemiddelen.nl\/#website\",\"url\":\"https:\/\/www.alternatievemiddelen.nl\/\",\"name\":\"Alternatievemiddelen.nl\",\"description\":\"Webshop met gezonde, duurzame en ecologische alternatieve mogelijkheden in de hedendaagse levenstijl. Alles uit eigen ervaring.\",\"publisher\":{\"@id\":\"https:\/\/www.alternatievemiddelen.nl\/#organization\"},\"potentialAction\":[{\"@type\":\"SearchAction\",\"target\":{\"@type\":\"EntryPoint\",\"urlTemplate\":\"https:\/\/www.alternatievemiddelen.nl\/?s={search_term_string}\"},\"query-input\":{\"@type\":\"PropertyValueSpecification\",\"valueRequired\":true,\"valueName\":\"search_term_string\"}}],\"inLanguage\":\"de\"},{\"@type\":\"Organization\",\"@id\":\"https:\/\/www.alternatievemiddelen.nl\/#organization\",\"name\":\"Alternatievemiddelen.nl\",\"url\":\"https:\/\/www.alternatievemiddelen.nl\/\",\"logo\":{\"@type\":\"ImageObject\",\"inLanguage\":\"de\",\"@id\":\"https:\/\/www.alternatievemiddelen.nl\/#\/schema\/logo\/image\/\",\"url\":\"https:\/\/www.alternatievemiddelen.nl\/wp-content\/uploads\/2023\/10\/alternatievemiddelen-PNG-logo.png\",\"contentUrl\":\"https:\/\/www.alternatievemiddelen.nl\/wp-content\/uploads\/2023\/10\/alternatievemiddelen-PNG-logo.png\",\"width\":6400,\"height\":3062,\"caption\":\"Alternatievemiddelen.nl\"},\"image\":{\"@id\":\"https:\/\/www.alternatievemiddelen.nl\/#\/schema\/logo\/image\/\"}}]}<\/script>\n<!-- \/ Yoast SEO plugin. -->","yoast_head_json":{"title":"Black Berkey Primer - Alternatievemiddelen.nl","description":"De Black Berkey Primer maakt het mogelijk om eenvoudig Black Berkey- of BOROUX Foundation\u2122 Black filterelementen te primen zonder dat er een kraan nodig is.","robots":{"index":"index","follow":"follow","max-snippet":"max-snippet:-1","max-image-preview":"max-image-preview:large","max-video-preview":"max-video-preview:-1"},"canonical":"https:\/\/www.alternatievemiddelen.nl\/de\/wp-json\/wp\/v2\/product\/34414","og_locale":"de_DE","og_type":"article","og_title":"Black Berkey Primer - Alternatievemiddelen.nl","og_description":"De Black Berkey Primer maakt het mogelijk om eenvoudig Black Berkey- of BOROUX Foundation\u2122 Black filterelementen te primen zonder dat er een kraan nodig is.","og_url":"https:\/\/www.alternatievemiddelen.nl\/de\/produkte\/grundierung-mit-schwarzem-berkey\/","og_site_name":"Alternatievemiddelen.nl","article_modified_time":"2026-01-13T01:29:39+00:00","og_image":[{"width":600,"height":800,"url":"\/wp-content\/uploads\/2023\/12\/Black-Berkey-primer-1.jpg","type":"image\/jpeg"}],"twitter_card":"summary_large_image","twitter_misc":{"Gesch\u00e4tzte Lesezeit":"3\u00a0Minuten"},"schema":{"@context":"https:\/\/schema.org","@graph":[{"@type":["WebPage","ItemPage"],"@id":"https:\/\/www.alternatievemiddelen.nl\/producten\/black-berkey-primer\/","url":"https:\/\/www.alternatievemiddelen.nl\/producten\/black-berkey-primer\/","name":"Black Berkey Primer - Alternatievemiddelen.nl","isPartOf":{"@id":"https:\/\/www.alternatievemiddelen.nl\/#website"},"primaryImageOfPage":{"@id":"https:\/\/www.alternatievemiddelen.nl\/producten\/black-berkey-primer\/#primaryimage"},"image":{"@id":"https:\/\/www.alternatievemiddelen.nl\/producten\/black-berkey-primer\/#primaryimage"},"thumbnailUrl":"https:\/\/www.alternatievemiddelen.nl\/wp-content\/uploads\/2023\/12\/Black-Berkey-primer-1.jpg","datePublished":"2024-02-27T07:21:44+00:00","dateModified":"2026-01-13T01:29:39+00:00","description":"De Black Berkey Primer maakt het mogelijk om eenvoudig Black Berkey- of BOROUX Foundation\u2122 Black filterelementen te primen zonder dat er een kraan nodig is.","breadcrumb":{"@id":"https:\/\/www.alternatievemiddelen.nl\/producten\/black-berkey-primer\/#breadcrumb"},"inLanguage":"de","potentialAction":[{"@type":"ReadAction","target":["https:\/\/www.alternatievemiddelen.nl\/producten\/black-berkey-primer\/"]}]},{"@type":"ImageObject","inLanguage":"de","@id":"https:\/\/www.alternatievemiddelen.nl\/producten\/black-berkey-primer\/#primaryimage","url":"https:\/\/www.alternatievemiddelen.nl\/wp-content\/uploads\/2023\/12\/Black-Berkey-primer-1.jpg","contentUrl":"https:\/\/www.alternatievemiddelen.nl\/wp-content\/uploads\/2023\/12\/Black-Berkey-primer-1.jpg","width":600,"height":800,"caption":"Black Berkey primer"},{"@type":"BreadcrumbList","@id":"https:\/\/www.alternatievemiddelen.nl\/producten\/black-berkey-primer\/#breadcrumb","itemListElement":[{"@type":"ListItem","position":1,"name":"Home","item":"https:\/\/www.alternatievemiddelen.nl\/"},{"@type":"ListItem","position":2,"name":"Producten","item":"https:\/\/www.alternatievemiddelen.nl\/producten\/"},{"@type":"ListItem","position":3,"name":"Black Berkey Primer"}]},{"@type":"WebSite","@id":"https:\/\/www.alternatievemiddelen.nl\/#website","url":"https:\/\/www.alternatievemiddelen.nl\/","name":"Alternatievemiddelen.nl","description":"Webshop met gezonde, duurzame en ecologische alternatieve mogelijkheden in de hedendaagse levenstijl. Alles uit eigen ervaring.","publisher":{"@id":"https:\/\/www.alternatievemiddelen.nl\/#organization"},"potentialAction":[{"@type":"SearchAction","target":{"@type":"EntryPoint","urlTemplate":"https:\/\/www.alternatievemiddelen.nl\/?s={search_term_string}"},"query-input":{"@type":"PropertyValueSpecification","valueRequired":true,"valueName":"search_term_string"}}],"inLanguage":"de"},{"@type":"Organization","@id":"https:\/\/www.alternatievemiddelen.nl\/#organization","name":"Alternatievemiddelen.nl","url":"https:\/\/www.alternatievemiddelen.nl\/","logo":{"@type":"ImageObject","inLanguage":"de","@id":"https:\/\/www.alternatievemiddelen.nl\/#\/schema\/logo\/image\/","url":"https:\/\/www.alternatievemiddelen.nl\/wp-content\/uploads\/2023\/10\/alternatievemiddelen-PNG-logo.png","contentUrl":"https:\/\/www.alternatievemiddelen.nl\/wp-content\/uploads\/2023\/10\/alternatievemiddelen-PNG-logo.png","width":6400,"height":3062,"caption":"Alternatievemiddelen.nl"},"image":{"@id":"https:\/\/www.alternatievemiddelen.nl\/#\/schema\/logo\/image\/"}}]}},"_links":{"self":[{"href":"https:\/\/www.alternatievemiddelen.nl\/de\/wp-json\/wp\/v2\/product\/34414","targetHints":{"allow":["GET"]}}],"collection":[{"href":"https:\/\/www.alternatievemiddelen.nl\/de\/wp-json\/wp\/v2\/product"}],"about":[{"href":"https:\/\/www.alternatievemiddelen.nl\/de\/wp-json\/wp\/v2\/types\/product"}],"replies":[{"embeddable":true,"href":"https:\/\/www.alternatievemiddelen.nl\/de\/wp-json\/wp\/v2\/comments?post=34414"}],"wp:featuredmedia":[{"embeddable":true,"href":"https:\/\/www.alternatievemiddelen.nl\/de\/wp-json\/wp\/v2\/media\/31236"}],"wp:attachment":[{"href":"https:\/\/www.alternatievemiddelen.nl\/de\/wp-json\/wp\/v2\/media?parent=34414"}],"wp:term":[{"taxonomy":"product_brand","embeddable":true,"href":"https:\/\/www.alternatievemiddelen.nl\/de\/wp-json\/wp\/v2\/product_brand?post=34414"},{"taxonomy":"product_cat","embeddable":true,"href":"https:\/\/www.alternatievemiddelen.nl\/de\/wp-json\/wp\/v2\/product_cat?post=34414"},{"taxonomy":"product_tag","embeddable":true,"href":"https:\/\/www.alternatievemiddelen.nl\/de\/wp-json\/wp\/v2\/product_tag?post=34414"},{"taxonomy":"merk","embeddable":true,"href":"https:\/\/www.alternatievemiddelen.nl\/de\/wp-json\/wp\/v2\/merk?post=34414"}],"curies":[{"name":"wp","href":"https:\/\/api.w.org\/{rel}","templated":true}]}}