{"id":34420,"date":"2024-02-27T08:21:47","date_gmt":"2024-02-27T07:21:47","guid":{"rendered":"https:\/\/www.alternatievemiddelen.nl\/?post_type=product&#038;p=34420"},"modified":"2025-04-28T08:10:08","modified_gmt":"2025-04-28T06:10:08","slug":"sanopharm-chakrasan-1","status":"publish","type":"product","link":"https:\/\/www.alternatievemiddelen.nl\/de\/produkte\/sanopharm-chakrasan-1\/","title":{"rendered":"SanoPharm Chakrasan 1 30ml"},"content":{"rendered":"<p>SanoPharm Chakrasan 1 - Pflanzliches Mineralstoffpr\u00e4parat<\/p>\n<p><u><b>Zusammensetzung<\/b><\/u><br \/>\nIodum, Solidago, Equisetum arvense, Argentum nitricum. Alkohol: 48%.<\/p>\n<p><u><b>Inhaltsstoffe<\/b><\/u><br \/>\nVerd\u00fcnnungen von: Jodum, Solidago, Equisetum arvense, Argentum nitricum. Alkohol: 48%.<\/p>\n<p><u><b>Verwenden Sie<\/b><\/u><br \/>\nSoweit nicht anders empfohlen 1 x t\u00e4glich 25 Tropfen.<br \/>\nTrocken und bei Raumtemperatur lagern.<\/p>\n<p>Dieses Produkt ist ein Nahrungserg\u00e4nzungsmittel.<\/p>\n<p>Die empfohlene Dosierung darf nicht \u00fcberschritten werden.<\/p>\n<p>Eine abwechslungsreiche, ausgewogene Ern\u00e4hrung und eine gesunde Lebensweise sind wichtig. Ein Nahrungserg\u00e4nzungsmittel ist kein Ersatz f\u00fcr eine abwechslungsreiche Ern\u00e4hrung.<\/p>\n<p>Au\u00dferhalb der Reichweite von kleinen Kindern aufbewahren.<\/p>\n<p>Trocken, verschlossen und bei Raumtemperatur lagern, sofern nicht anders auf dem Etikett angegeben.<\/p>\n<p>Konsultieren Sie vor der Einnahme von Nahrungserg\u00e4nzungsmitteln im Falle von Schwangerschaft, Stillzeit, Medikamenteneinnahme und Krankheit einen Experten.<\/p>","protected":false},"excerpt":{"rendered":"<p>SanoPharm Chakrasan 1 30ml - Pflanzliches Mineralstoffpr\u00e4parat.<\/p>","protected":false},"featured_media":31733,"comment_status":"open","ping_status":"closed","template":"","meta":[],"product_brand":[],"product_cat":[2938],"product_tag":[3338,3339,3340],"merk":[3433],"class_list":{"0":"post-34420","1":"product","2":"type-product","3":"status-publish","4":"has-post-thumbnail","6":"product_cat-vitamines-mineralen-en-supplementen","7":"product_tag-chakrasan-1","8":"product_tag-sanopharm","9":"product_tag-sanopharm-chakrasan-1","10":"merk-sanopharm","12":"first","13":"instock","14":"taxable","15":"shipping-taxable","16":"purchasable","17":"product-type-simple"},"bundled_by":[],"bundle_stock_status":"instock","bundle_stock_quantity":null,"bundle_virtual":false,"bundle_layout":"","bundle_add_to_cart_form_location":"","bundle_editable_in_cart":false,"bundle_sold_individually_context":"","bundle_item_grouping":"","bundle_min_size":"","bundle_max_size":"","bundle_price":[],"bundled_items":[],"bundle_sell_ids":[],"yoast_head":"<!-- This site is optimized with the Yoast SEO plugin v26.1 - https:\/\/yoast.com\/wordpress\/plugins\/seo\/ -->\n<title>SanoPharm Chakrasan 1 30ml - Alternatievemiddelen.nl<\/title>\n<meta name=\"description\" content=\"SanoPharm Chakrasan 1 30ml - Kruiden met mineralen preparaat.\" \/>\n<meta name=\"robots\" content=\"noindex, follow\" \/>\n<meta property=\"og:locale\" content=\"de_DE\" \/>\n<meta property=\"og:type\" content=\"article\" \/>\n<meta property=\"og:title\" content=\"SanoPharm Chakrasan 1 30ml - Alternatievemiddelen.nl\" \/>\n<meta property=\"og:description\" content=\"SanoPharm Chakrasan 1 30ml - Kruiden met mineralen preparaat.\" \/>\n<meta property=\"og:url\" content=\"https:\/\/www.alternatievemiddelen.nl\/de\/produkte\/sanopharm-chakrasan-1\/\" \/>\n<meta property=\"og:site_name\" content=\"Alternatievemiddelen.nl\" \/>\n<meta property=\"article:modified_time\" content=\"2025-04-28T06:10:08+00:00\" \/>\n<meta property=\"og:image\" content=\"\/wp-content\/uploads\/2023\/12\/Sanopharm-Chakrasan-1.jpg\" \/>\n\t<meta property=\"og:image:width\" content=\"600\" \/>\n\t<meta property=\"og:image:height\" content=\"800\" \/>\n\t<meta property=\"og:image:type\" content=\"image\/jpeg\" \/>\n<meta name=\"twitter:card\" content=\"summary_large_image\" \/>\n<meta name=\"twitter:label1\" content=\"Gesch\u00e4tzte Lesezeit\" \/>\n\t<meta name=\"twitter:data1\" content=\"1\u00a0Minute\" \/>\n<script type=\"application\/ld+json\" class=\"yoast-schema-graph\">{\"@context\":\"https:\/\/schema.org\",\"@graph\":[{\"@type\":[\"WebPage\",\"ItemPage\"],\"@id\":\"https:\/\/www.alternatievemiddelen.nl\/producten\/sanopharm-chakrasan-1\/\",\"url\":\"https:\/\/www.alternatievemiddelen.nl\/producten\/sanopharm-chakrasan-1\/\",\"name\":\"SanoPharm Chakrasan 1 30ml - Alternatievemiddelen.nl\",\"isPartOf\":{\"@id\":\"https:\/\/www.alternatievemiddelen.nl\/#website\"},\"primaryImageOfPage\":{\"@id\":\"https:\/\/www.alternatievemiddelen.nl\/producten\/sanopharm-chakrasan-1\/#primaryimage\"},\"image\":{\"@id\":\"https:\/\/www.alternatievemiddelen.nl\/producten\/sanopharm-chakrasan-1\/#primaryimage\"},\"thumbnailUrl\":\"https:\/\/www.alternatievemiddelen.nl\/wp-content\/uploads\/2023\/12\/Sanopharm-Chakrasan-1.jpg\",\"datePublished\":\"2024-02-27T07:21:47+00:00\",\"dateModified\":\"2025-04-28T06:10:08+00:00\",\"description\":\"SanoPharm Chakrasan 1 30ml - Kruiden met mineralen preparaat.\",\"breadcrumb\":{\"@id\":\"https:\/\/www.alternatievemiddelen.nl\/producten\/sanopharm-chakrasan-1\/#breadcrumb\"},\"inLanguage\":\"de\",\"potentialAction\":[{\"@type\":\"ReadAction\",\"target\":[\"https:\/\/www.alternatievemiddelen.nl\/producten\/sanopharm-chakrasan-1\/\"]}]},{\"@type\":\"ImageObject\",\"inLanguage\":\"de\",\"@id\":\"https:\/\/www.alternatievemiddelen.nl\/producten\/sanopharm-chakrasan-1\/#primaryimage\",\"url\":\"https:\/\/www.alternatievemiddelen.nl\/wp-content\/uploads\/2023\/12\/Sanopharm-Chakrasan-1.jpg\",\"contentUrl\":\"https:\/\/www.alternatievemiddelen.nl\/wp-content\/uploads\/2023\/12\/Sanopharm-Chakrasan-1.jpg\",\"width\":600,\"height\":800,\"caption\":\"Chakrasan 1 Zijn\"},{\"@type\":\"BreadcrumbList\",\"@id\":\"https:\/\/www.alternatievemiddelen.nl\/producten\/sanopharm-chakrasan-1\/#breadcrumb\",\"itemListElement\":[{\"@type\":\"ListItem\",\"position\":1,\"name\":\"Home\",\"item\":\"https:\/\/www.alternatievemiddelen.nl\/\"},{\"@type\":\"ListItem\",\"position\":2,\"name\":\"Producten\",\"item\":\"https:\/\/www.alternatievemiddelen.nl\/producten\/\"},{\"@type\":\"ListItem\",\"position\":3,\"name\":\"SanoPharm Chakrasan 1 30ml\"}]},{\"@type\":\"WebSite\",\"@id\":\"https:\/\/www.alternatievemiddelen.nl\/#website\",\"url\":\"https:\/\/www.alternatievemiddelen.nl\/\",\"name\":\"Alternatievemiddelen.nl\",\"description\":\"Webshop met gezonde, duurzame en ecologische alternatieve mogelijkheden in de hedendaagse levenstijl. Alles uit eigen ervaring.\",\"publisher\":{\"@id\":\"https:\/\/www.alternatievemiddelen.nl\/#organization\"},\"potentialAction\":[{\"@type\":\"SearchAction\",\"target\":{\"@type\":\"EntryPoint\",\"urlTemplate\":\"https:\/\/www.alternatievemiddelen.nl\/?s={search_term_string}\"},\"query-input\":{\"@type\":\"PropertyValueSpecification\",\"valueRequired\":true,\"valueName\":\"search_term_string\"}}],\"inLanguage\":\"de\"},{\"@type\":\"Organization\",\"@id\":\"https:\/\/www.alternatievemiddelen.nl\/#organization\",\"name\":\"Alternatievemiddelen.nl\",\"url\":\"https:\/\/www.alternatievemiddelen.nl\/\",\"logo\":{\"@type\":\"ImageObject\",\"inLanguage\":\"de\",\"@id\":\"https:\/\/www.alternatievemiddelen.nl\/#\/schema\/logo\/image\/\",\"url\":\"https:\/\/www.alternatievemiddelen.nl\/wp-content\/uploads\/2023\/10\/alternatievemiddelen-PNG-logo.png\",\"contentUrl\":\"https:\/\/www.alternatievemiddelen.nl\/wp-content\/uploads\/2023\/10\/alternatievemiddelen-PNG-logo.png\",\"width\":6400,\"height\":3062,\"caption\":\"Alternatievemiddelen.nl\"},\"image\":{\"@id\":\"https:\/\/www.alternatievemiddelen.nl\/#\/schema\/logo\/image\/\"}}]}<\/script>\n<!-- \/ Yoast SEO plugin. -->","yoast_head_json":{"title":"SanoPharm Chakrasan 1 30ml - Alternatievemiddelen.nl","description":"SanoPharm Chakrasan 1 30ml - Kruiden met mineralen preparaat.","robots":{"index":"noindex","follow":"follow"},"og_locale":"de_DE","og_type":"article","og_title":"SanoPharm Chakrasan 1 30ml - Alternatievemiddelen.nl","og_description":"SanoPharm Chakrasan 1 30ml - Kruiden met mineralen preparaat.","og_url":"https:\/\/www.alternatievemiddelen.nl\/de\/produkte\/sanopharm-chakrasan-1\/","og_site_name":"Alternatievemiddelen.nl","article_modified_time":"2025-04-28T06:10:08+00:00","og_image":[{"width":600,"height":800,"url":"\/wp-content\/uploads\/2023\/12\/Sanopharm-Chakrasan-1.jpg","type":"image\/jpeg"}],"twitter_card":"summary_large_image","twitter_misc":{"Gesch\u00e4tzte Lesezeit":"1\u00a0Minute"},"schema":{"@context":"https:\/\/schema.org","@graph":[{"@type":["WebPage","ItemPage"],"@id":"https:\/\/www.alternatievemiddelen.nl\/producten\/sanopharm-chakrasan-1\/","url":"https:\/\/www.alternatievemiddelen.nl\/producten\/sanopharm-chakrasan-1\/","name":"SanoPharm Chakrasan 1 30ml - Alternatievemiddelen.nl","isPartOf":{"@id":"https:\/\/www.alternatievemiddelen.nl\/#website"},"primaryImageOfPage":{"@id":"https:\/\/www.alternatievemiddelen.nl\/producten\/sanopharm-chakrasan-1\/#primaryimage"},"image":{"@id":"https:\/\/www.alternatievemiddelen.nl\/producten\/sanopharm-chakrasan-1\/#primaryimage"},"thumbnailUrl":"https:\/\/www.alternatievemiddelen.nl\/wp-content\/uploads\/2023\/12\/Sanopharm-Chakrasan-1.jpg","datePublished":"2024-02-27T07:21:47+00:00","dateModified":"2025-04-28T06:10:08+00:00","description":"SanoPharm Chakrasan 1 30ml - Kruiden met mineralen preparaat.","breadcrumb":{"@id":"https:\/\/www.alternatievemiddelen.nl\/producten\/sanopharm-chakrasan-1\/#breadcrumb"},"inLanguage":"de","potentialAction":[{"@type":"ReadAction","target":["https:\/\/www.alternatievemiddelen.nl\/producten\/sanopharm-chakrasan-1\/"]}]},{"@type":"ImageObject","inLanguage":"de","@id":"https:\/\/www.alternatievemiddelen.nl\/producten\/sanopharm-chakrasan-1\/#primaryimage","url":"https:\/\/www.alternatievemiddelen.nl\/wp-content\/uploads\/2023\/12\/Sanopharm-Chakrasan-1.jpg","contentUrl":"https:\/\/www.alternatievemiddelen.nl\/wp-content\/uploads\/2023\/12\/Sanopharm-Chakrasan-1.jpg","width":600,"height":800,"caption":"Chakrasan 1 Zijn"},{"@type":"BreadcrumbList","@id":"https:\/\/www.alternatievemiddelen.nl\/producten\/sanopharm-chakrasan-1\/#breadcrumb","itemListElement":[{"@type":"ListItem","position":1,"name":"Home","item":"https:\/\/www.alternatievemiddelen.nl\/"},{"@type":"ListItem","position":2,"name":"Producten","item":"https:\/\/www.alternatievemiddelen.nl\/producten\/"},{"@type":"ListItem","position":3,"name":"SanoPharm Chakrasan 1 30ml"}]},{"@type":"WebSite","@id":"https:\/\/www.alternatievemiddelen.nl\/#website","url":"https:\/\/www.alternatievemiddelen.nl\/","name":"Alternatievemiddelen.nl","description":"Webshop met gezonde, duurzame en ecologische alternatieve mogelijkheden in de hedendaagse levenstijl. Alles uit eigen ervaring.","publisher":{"@id":"https:\/\/www.alternatievemiddelen.nl\/#organization"},"potentialAction":[{"@type":"SearchAction","target":{"@type":"EntryPoint","urlTemplate":"https:\/\/www.alternatievemiddelen.nl\/?s={search_term_string}"},"query-input":{"@type":"PropertyValueSpecification","valueRequired":true,"valueName":"search_term_string"}}],"inLanguage":"de"},{"@type":"Organization","@id":"https:\/\/www.alternatievemiddelen.nl\/#organization","name":"Alternatievemiddelen.nl","url":"https:\/\/www.alternatievemiddelen.nl\/","logo":{"@type":"ImageObject","inLanguage":"de","@id":"https:\/\/www.alternatievemiddelen.nl\/#\/schema\/logo\/image\/","url":"https:\/\/www.alternatievemiddelen.nl\/wp-content\/uploads\/2023\/10\/alternatievemiddelen-PNG-logo.png","contentUrl":"https:\/\/www.alternatievemiddelen.nl\/wp-content\/uploads\/2023\/10\/alternatievemiddelen-PNG-logo.png","width":6400,"height":3062,"caption":"Alternatievemiddelen.nl"},"image":{"@id":"https:\/\/www.alternatievemiddelen.nl\/#\/schema\/logo\/image\/"}}]}},"_links":{"self":[{"href":"https:\/\/www.alternatievemiddelen.nl\/de\/wp-json\/wp\/v2\/product\/34420","targetHints":{"allow":["GET"]}}],"collection":[{"href":"https:\/\/www.alternatievemiddelen.nl\/de\/wp-json\/wp\/v2\/product"}],"about":[{"href":"https:\/\/www.alternatievemiddelen.nl\/de\/wp-json\/wp\/v2\/types\/product"}],"replies":[{"embeddable":true,"href":"https:\/\/www.alternatievemiddelen.nl\/de\/wp-json\/wp\/v2\/comments?post=34420"}],"wp:featuredmedia":[{"embeddable":true,"href":"https:\/\/www.alternatievemiddelen.nl\/de\/wp-json\/wp\/v2\/media\/31733"}],"wp:attachment":[{"href":"https:\/\/www.alternatievemiddelen.nl\/de\/wp-json\/wp\/v2\/media?parent=34420"}],"wp:term":[{"taxonomy":"product_brand","embeddable":true,"href":"https:\/\/www.alternatievemiddelen.nl\/de\/wp-json\/wp\/v2\/product_brand?post=34420"},{"taxonomy":"product_cat","embeddable":true,"href":"https:\/\/www.alternatievemiddelen.nl\/de\/wp-json\/wp\/v2\/product_cat?post=34420"},{"taxonomy":"product_tag","embeddable":true,"href":"https:\/\/www.alternatievemiddelen.nl\/de\/wp-json\/wp\/v2\/product_tag?post=34420"},{"taxonomy":"merk","embeddable":true,"href":"https:\/\/www.alternatievemiddelen.nl\/de\/wp-json\/wp\/v2\/merk?post=34420"}],"curies":[{"name":"wp","href":"https:\/\/api.w.org\/{rel}","templated":true}]}}