{"id":34428,"date":"2024-02-27T08:21:52","date_gmt":"2024-02-27T07:21:52","guid":{"rendered":"https:\/\/www.alternatievemiddelen.nl\/?post_type=product&#038;p=34428"},"modified":"2025-04-28T08:09:50","modified_gmt":"2025-04-28T06:09:50","slug":"vitakruid-magnesium-150-bisglycinaat-90-tabletten","status":"publish","type":"product","link":"https:\/\/www.alternatievemiddelen.nl\/de\/produkte\/vitakruid-magnesium-150-bisglycinat-90-tabletten\/","title":{"rendered":"Vitakruid Magnesium 150 Bisglycinat 90 Tabletten"},"content":{"rendered":"<p>Vitakruid Magnesium 150 Bisglycinat 90 Tabletten - Mineralstoffpr\u00e4parat<\/p>\n<p><u>An Glycin gebundenes Magnesium<\/u><br \/>\nMagnesiumbisglycinat ist eine Verbindung zwischen Magnesium und zwei (Bis-)Molek\u00fclen der Aminos\u00e4ure Glycin. Die s\u00fc\u00dflich schmeckende Substanz ist nicht essentiell, d. h. unser K\u00f6rper produziert die Aminos\u00e4ure selbst in der Leber. Dennoch werden h\u00e4ufig eigenst\u00e4ndige Glycinpr\u00e4parate verwendet. Chirurgische Eingriffe, Di\u00e4ten, schnelles Wachstum oder starke sportliche Bet\u00e4tigung sind Faktoren, die eine Glycinerg\u00e4nzung zu einer wertvollen Erg\u00e4nzung der Ern\u00e4hrung machen k\u00f6nnen.<\/p>\n<p>\u00dcbrigens erhalten Sie eine betr\u00e4chtliche Menge an Glycin, wenn Sie Magnesiumbisglycinat 150 verwenden. Eine Magnesium-Bisglycinat-Verbindung, die 150 mg Magnesium ergibt, enth\u00e4lt n\u00e4mlich satte 600 mg Glycin!<\/p>\n<p><u>Organische und chelatierte Form<\/u><br \/>\nMagnesiummalat, -taurat, -bisglycinat und -citrat sind organisch gebundene Formen des Magnesiums. Anorganische Magnesiumformen wie Magnesiumchlorid, Magnesiumoxid und Magnesiumsulfat sind weniger bioverf\u00fcgbar und werden daher weniger gut absorbiert. Magnesiumsulfat hat zum Beispiel nur eine Bioverf\u00fcgbarkeit von 4%. Das bedeutet, dass eine Dosis von 200 mg Magnesiumsulfat nur f\u00fcr 8 mg wirksam ist.<\/p>\n<p>Ihre t\u00e4gliche Nahrung enth\u00e4lt im Allgemeinen anorganisch gebundenes Magnesium. Das liegt daran, dass diese Formen im Boden vorkommen und von den Pflanzen aufgenommen werden, die Sie jeden Tag essen. Beispiele hierf\u00fcr sind Magnesiumoxid und Magnesiumcarbonat. Ihr K\u00f6rper nimmt also nur einen kleinen Teil des Magnesiums auf, das Sie mit der normalen Nahrung aufnehmen.<\/p>\n<p>Die besten Formen, die wir kennen, sind Magnesiumchelate wie Magnesiumtaurat, Magnesiummalat und Magnesiumbisglycinat. Die Struktur eines Aminos\u00e4urechelats ist so stark, dass unser Magensaft die Form nicht spalten kann. Das liegt an den Aminos\u00e4uren in der chelatierten Form, die sozusagen als Schutzschicht f\u00fcr das Magnesium dienen. So gelangt das Magnesiumbisglycinat als vollst\u00e4ndiges Element in unseren Darm, wo unser K\u00f6rper den wertvollen Mineralstoff aufnimmt. Au\u00dferdem sorgt die chelatierte Form der Aminos\u00e4uren f\u00fcr weniger Magen-Darm-Beschwerden als bei Magnesium in unchelatierter Form.<\/p>\n<p><u>Elementares Magnesium mit hoher Absorptionsf\u00e4higkeit<\/u><br \/>\nAuf einem Etikett sollte immer die elementare Menge eines Minerals angegeben sein. Die molekulare Verbindung von Magnesiumbisglycinat enth\u00e4lt 20% elementares Magnesium. Das mag nicht viel erscheinen. Aber eine elementare Menge von 150 mg aus 750 mg Magnesiumbisglycinat wird von unserem K\u00f6rper viel besser aufgenommen als die gleiche Menge an elementarem Magnesium, das z. B. an Citrat, Oxid oder Sulfat gebunden ist. Und bei Magnesium ist die Aufnahme des Minerals ein viel wichtigeres Kriterium als die Menge.<\/p>\n<p><u>L-Taurin bietet synergistische Effekte<\/u><br \/>\nAu\u00dferdem haben wir dem Magnesiumbisglycinat L-Taurin hinzugef\u00fcgt. Diese aminos\u00e4ure\u00e4hnliche Substanz kommt in erheblichen Mengen in Fleisch, Fisch und Schalentieren vor. Bei dieser Formel war die Hinzuf\u00fcgung von L-Taurin eine synergetische Motivation. Die interzellul\u00e4re Substanz erh\u00f6ht n\u00e4mlich die Absorption von Magnesiumbisglycinat, das ebenfalls auf interzellul\u00e4rer Ebene aktiv ist.<\/p>\n<p>* Zugelassene gesundheitsbezogene Angaben:<br \/>\n- Magnesium spielt eine Rolle bei der Knochenbildung und der Erhaltung starker Knochen.<br \/>\n- Magnesium ist gut f\u00fcr die Gehirnfunktion, die Stimmung, den Zellteilungsprozess, das Ged\u00e4chtnis, die Lernleistung und die Konzentration.<br \/>\n- Magnesium tr\u00e4gt zur Aufrechterhaltung einer normalen Proteinsynthese, eines ausgeglichenen Elektrolythaushalts und eines normalen Energiestoffwechsels bei.<br \/>\n- Magnesium ist wichtig f\u00fcr starke Z\u00e4hne.<br \/>\n- Magnesium ist gut f\u00fcr die Muskeln und das Nervensystem<br \/>\n- Magnesium tr\u00e4gt dazu bei, M\u00fcdigkeit und Lethargie zu verringern.<\/p>\n<table>\n<tbody>\n<tr>\n<td><u><b>Zusammensetzung pro Tagesdosis von 1 Tablette<\/b><\/u><\/td>\n<td><\/td>\n<td><u><b>RI*<\/b><\/u><\/td>\n<\/tr>\n<tr>\n<td>Magnesium (&gt; 80% Bisglycinat)<\/td>\n<td>150 mg<\/td>\n<td>40%<\/td>\n<\/tr>\n<tr>\n<td>L-Taurin<\/td>\n<td>200 mg<\/td>\n<td>**<\/td>\n<\/tr>\n<\/tbody>\n<\/table>\n<p>* Referenzaufnahme<br \/>\n** Kein RI ermittelt<\/p>\n<p><u><b>Inhaltsstoffe<\/b><\/u><br \/>\nMagnesiumbisglycinat, mikrokristalline Cellulose (Trennmittel), L-Taurin, Stearins\u00e4ure (Trennmittel), HPC, Siliciumdioxid (Trennmittel), HPMC (\u00dcberzugsmittel), Glycerin (Feuchtigkeitsmittel)<\/p>\n<p><u><b>Verwenden Sie<\/b><\/u><br \/>\nNehmen Sie 1 bis 3 Tabletten t\u00e4glich, wenn nicht anders empfohlen.<\/p>\n<p>Dieses Produkt ist ein Nahrungserg\u00e4nzungsmittel.<\/p>\n<p>Die empfohlene Dosierung darf nicht \u00fcberschritten werden.<\/p>\n<p>Eine abwechslungsreiche, ausgewogene Ern\u00e4hrung und eine gesunde Lebensweise sind wichtig. Ein Nahrungserg\u00e4nzungsmittel ist kein Ersatz f\u00fcr eine abwechslungsreiche Ern\u00e4hrung.<\/p>\n<p>Au\u00dferhalb der Reichweite von kleinen Kindern aufbewahren.<\/p>\n<p>Trocken, verschlossen und bei Raumtemperatur lagern, sofern nicht anders auf dem Etikett angegeben.<\/p>\n<p>Konsultieren Sie vor der Einnahme von Nahrungserg\u00e4nzungsmitteln im Falle von Schwangerschaft, Stillzeit, Medikamenteneinnahme und Krankheit einen Experten<\/p>","protected":false},"excerpt":{"rendered":"<p>Vitakruid Magnesium 150 Bisglycinat 90 Tabletten - Mineralstoffpr\u00e4parat.<\/p>","protected":false},"featured_media":31773,"comment_status":"open","ping_status":"closed","template":"","meta":[],"product_brand":[],"product_cat":[2938],"product_tag":[3391,3388,3392],"merk":[3436],"class_list":{"0":"post-34428","1":"product","2":"type-product","3":"status-publish","4":"has-post-thumbnail","6":"product_cat-vitamines-mineralen-en-supplementen","7":"product_tag-magnesium-150-bisglycinaat","8":"product_tag-vitakruid","9":"product_tag-vitakruid-magnesium-150-bisglycinaat","10":"merk-vitakruid","12":"first","13":"instock","14":"taxable","15":"shipping-taxable","16":"purchasable","17":"product-type-simple"},"bundled_by":[],"bundle_stock_status":"instock","bundle_stock_quantity":null,"bundle_virtual":false,"bundle_layout":"","bundle_add_to_cart_form_location":"","bundle_editable_in_cart":false,"bundle_sold_individually_context":"","bundle_item_grouping":"","bundle_min_size":"","bundle_max_size":"","bundle_price":[],"bundled_items":[],"bundle_sell_ids":[],"yoast_head":"<!-- This site is optimized with the Yoast SEO plugin v26.1 - https:\/\/yoast.com\/wordpress\/plugins\/seo\/ -->\n<title>Vitakruid Magnesium 150 bisglycinaat 90 tabletten - Alternatievemiddelen.nl<\/title>\n<meta name=\"description\" content=\"Vitakruid Magnesium 150 bisglycinaat 90 tabletten - Mineralenpreparaat.\" \/>\n<meta name=\"robots\" content=\"noindex, follow\" \/>\n<meta property=\"og:locale\" content=\"de_DE\" \/>\n<meta property=\"og:type\" content=\"article\" \/>\n<meta property=\"og:title\" content=\"Vitakruid Magnesium 150 bisglycinaat 90 tabletten - Alternatievemiddelen.nl\" \/>\n<meta property=\"og:description\" content=\"Vitakruid Magnesium 150 bisglycinaat 90 tabletten - Mineralenpreparaat.\" \/>\n<meta property=\"og:url\" content=\"https:\/\/www.alternatievemiddelen.nl\/de\/produkte\/vitakruid-magnesium-150-bisglycinat-90-tabletten\/\" \/>\n<meta property=\"og:site_name\" content=\"Alternatievemiddelen.nl\" \/>\n<meta property=\"article:publisher\" content=\"https:\/\/www.facebook.com\/alternatievemiddelen\" \/>\n<meta property=\"article:modified_time\" content=\"2025-04-28T06:09:50+00:00\" \/>\n<meta property=\"og:image\" content=\"\/wp-content\/uploads\/2023\/12\/Vitakruid-Magnesium-150-bisglycinaat.jpg\" \/>\n\t<meta property=\"og:image:width\" content=\"600\" \/>\n\t<meta property=\"og:image:height\" content=\"800\" \/>\n\t<meta property=\"og:image:type\" content=\"image\/jpeg\" \/>\n<meta name=\"twitter:card\" content=\"summary_large_image\" \/>\n<meta name=\"twitter:label1\" content=\"Gesch\u00e4tzte Lesezeit\" \/>\n\t<meta name=\"twitter:data1\" content=\"4\u00a0Minuten\" \/>\n<script type=\"application\/ld+json\" class=\"yoast-schema-graph\">{\"@context\":\"https:\/\/schema.org\",\"@graph\":[{\"@type\":[\"WebPage\",\"ItemPage\"],\"@id\":\"https:\/\/www.alternatievemiddelen.nl\/producten\/vitakruid-magnesium-150-bisglycinaat-90-tabletten\/\",\"url\":\"https:\/\/www.alternatievemiddelen.nl\/producten\/vitakruid-magnesium-150-bisglycinaat-90-tabletten\/\",\"name\":\"Vitakruid Magnesium 150 bisglycinaat 90 tabletten - Alternatievemiddelen.nl\",\"isPartOf\":{\"@id\":\"https:\/\/www.alternatievemiddelen.nl\/#website\"},\"primaryImageOfPage\":{\"@id\":\"https:\/\/www.alternatievemiddelen.nl\/producten\/vitakruid-magnesium-150-bisglycinaat-90-tabletten\/#primaryimage\"},\"image\":{\"@id\":\"https:\/\/www.alternatievemiddelen.nl\/producten\/vitakruid-magnesium-150-bisglycinaat-90-tabletten\/#primaryimage\"},\"thumbnailUrl\":\"https:\/\/www.alternatievemiddelen.nl\/wp-content\/uploads\/2023\/12\/Vitakruid-Magnesium-150-bisglycinaat.jpg\",\"datePublished\":\"2024-02-27T07:21:52+00:00\",\"dateModified\":\"2025-04-28T06:09:50+00:00\",\"description\":\"Vitakruid Magnesium 150 bisglycinaat 90 tabletten - Mineralenpreparaat.\",\"breadcrumb\":{\"@id\":\"https:\/\/www.alternatievemiddelen.nl\/producten\/vitakruid-magnesium-150-bisglycinaat-90-tabletten\/#breadcrumb\"},\"inLanguage\":\"de\",\"potentialAction\":[{\"@type\":\"ReadAction\",\"target\":[\"https:\/\/www.alternatievemiddelen.nl\/producten\/vitakruid-magnesium-150-bisglycinaat-90-tabletten\/\"]}]},{\"@type\":\"ImageObject\",\"inLanguage\":\"de\",\"@id\":\"https:\/\/www.alternatievemiddelen.nl\/producten\/vitakruid-magnesium-150-bisglycinaat-90-tabletten\/#primaryimage\",\"url\":\"https:\/\/www.alternatievemiddelen.nl\/wp-content\/uploads\/2023\/12\/Vitakruid-Magnesium-150-bisglycinaat.jpg\",\"contentUrl\":\"https:\/\/www.alternatievemiddelen.nl\/wp-content\/uploads\/2023\/12\/Vitakruid-Magnesium-150-bisglycinaat.jpg\",\"width\":600,\"height\":800,\"caption\":\"Vitakruid Magnesium 150 bisglycinaat\"},{\"@type\":\"BreadcrumbList\",\"@id\":\"https:\/\/www.alternatievemiddelen.nl\/producten\/vitakruid-magnesium-150-bisglycinaat-90-tabletten\/#breadcrumb\",\"itemListElement\":[{\"@type\":\"ListItem\",\"position\":1,\"name\":\"Home\",\"item\":\"https:\/\/www.alternatievemiddelen.nl\/\"},{\"@type\":\"ListItem\",\"position\":2,\"name\":\"Producten\",\"item\":\"https:\/\/www.alternatievemiddelen.nl\/producten\/\"},{\"@type\":\"ListItem\",\"position\":3,\"name\":\"Vitakruid Magnesium 150 bisglycinaat 90 tabletten\"}]},{\"@type\":\"WebSite\",\"@id\":\"https:\/\/www.alternatievemiddelen.nl\/#website\",\"url\":\"https:\/\/www.alternatievemiddelen.nl\/\",\"name\":\"Alternatievemiddelen.nl\",\"description\":\"Webshop met gezonde, duurzame en ecologische alternatieve mogelijkheden in de hedendaagse levenstijl. Alles uit eigen ervaring.\",\"publisher\":{\"@id\":\"https:\/\/www.alternatievemiddelen.nl\/#organization\"},\"alternateName\":\"Alternatieve Middelen\",\"potentialAction\":[{\"@type\":\"SearchAction\",\"target\":{\"@type\":\"EntryPoint\",\"urlTemplate\":\"https:\/\/www.alternatievemiddelen.nl\/?s={search_term_string}\"},\"query-input\":{\"@type\":\"PropertyValueSpecification\",\"valueRequired\":true,\"valueName\":\"search_term_string\"}}],\"inLanguage\":\"de\"},{\"@type\":\"Organization\",\"@id\":\"https:\/\/www.alternatievemiddelen.nl\/#organization\",\"name\":\"Alternatievemiddelen.nl\",\"alternateName\":\"Alternatieve Middelen\",\"url\":\"https:\/\/www.alternatievemiddelen.nl\/\",\"logo\":{\"@type\":\"ImageObject\",\"inLanguage\":\"de\",\"@id\":\"https:\/\/www.alternatievemiddelen.nl\/#\/schema\/logo\/image\/\",\"url\":\"https:\/\/www.alternatievemiddelen.nl\/wp-content\/uploads\/2023\/10\/alternatievemiddelen-PNG-logo.png\",\"contentUrl\":\"https:\/\/www.alternatievemiddelen.nl\/wp-content\/uploads\/2023\/10\/alternatievemiddelen-PNG-logo.png\",\"width\":6400,\"height\":3062,\"caption\":\"Alternatievemiddelen.nl\"},\"image\":{\"@id\":\"https:\/\/www.alternatievemiddelen.nl\/#\/schema\/logo\/image\/\"},\"sameAs\":[\"https:\/\/www.facebook.com\/alternatievemiddelen\",\"https:\/\/www.instagram.com\/alternatievemiddelen.nl\/\"]}]}<\/script>\n<!-- \/ Yoast SEO plugin. -->","yoast_head_json":{"title":"Vitakruid Magnesium 150 bisglycinaat 90 tabletten - Alternatievemiddelen.nl","description":"Vitakruid Magnesium 150 bisglycinaat 90 tabletten - Mineralenpreparaat.","robots":{"index":"noindex","follow":"follow"},"og_locale":"de_DE","og_type":"article","og_title":"Vitakruid Magnesium 150 bisglycinaat 90 tabletten - Alternatievemiddelen.nl","og_description":"Vitakruid Magnesium 150 bisglycinaat 90 tabletten - Mineralenpreparaat.","og_url":"https:\/\/www.alternatievemiddelen.nl\/de\/produkte\/vitakruid-magnesium-150-bisglycinat-90-tabletten\/","og_site_name":"Alternatievemiddelen.nl","article_publisher":"https:\/\/www.facebook.com\/alternatievemiddelen","article_modified_time":"2025-04-28T06:09:50+00:00","og_image":[{"width":600,"height":800,"url":"\/wp-content\/uploads\/2023\/12\/Vitakruid-Magnesium-150-bisglycinaat.jpg","type":"image\/jpeg"}],"twitter_card":"summary_large_image","twitter_misc":{"Gesch\u00e4tzte Lesezeit":"4\u00a0Minuten"},"schema":{"@context":"https:\/\/schema.org","@graph":[{"@type":["WebPage","ItemPage"],"@id":"https:\/\/www.alternatievemiddelen.nl\/producten\/vitakruid-magnesium-150-bisglycinaat-90-tabletten\/","url":"https:\/\/www.alternatievemiddelen.nl\/producten\/vitakruid-magnesium-150-bisglycinaat-90-tabletten\/","name":"Vitakruid Magnesium 150 bisglycinaat 90 tabletten - Alternatievemiddelen.nl","isPartOf":{"@id":"https:\/\/www.alternatievemiddelen.nl\/#website"},"primaryImageOfPage":{"@id":"https:\/\/www.alternatievemiddelen.nl\/producten\/vitakruid-magnesium-150-bisglycinaat-90-tabletten\/#primaryimage"},"image":{"@id":"https:\/\/www.alternatievemiddelen.nl\/producten\/vitakruid-magnesium-150-bisglycinaat-90-tabletten\/#primaryimage"},"thumbnailUrl":"https:\/\/www.alternatievemiddelen.nl\/wp-content\/uploads\/2023\/12\/Vitakruid-Magnesium-150-bisglycinaat.jpg","datePublished":"2024-02-27T07:21:52+00:00","dateModified":"2025-04-28T06:09:50+00:00","description":"Vitakruid Magnesium 150 bisglycinaat 90 tabletten - Mineralenpreparaat.","breadcrumb":{"@id":"https:\/\/www.alternatievemiddelen.nl\/producten\/vitakruid-magnesium-150-bisglycinaat-90-tabletten\/#breadcrumb"},"inLanguage":"de","potentialAction":[{"@type":"ReadAction","target":["https:\/\/www.alternatievemiddelen.nl\/producten\/vitakruid-magnesium-150-bisglycinaat-90-tabletten\/"]}]},{"@type":"ImageObject","inLanguage":"de","@id":"https:\/\/www.alternatievemiddelen.nl\/producten\/vitakruid-magnesium-150-bisglycinaat-90-tabletten\/#primaryimage","url":"https:\/\/www.alternatievemiddelen.nl\/wp-content\/uploads\/2023\/12\/Vitakruid-Magnesium-150-bisglycinaat.jpg","contentUrl":"https:\/\/www.alternatievemiddelen.nl\/wp-content\/uploads\/2023\/12\/Vitakruid-Magnesium-150-bisglycinaat.jpg","width":600,"height":800,"caption":"Vitakruid Magnesium 150 bisglycinaat"},{"@type":"BreadcrumbList","@id":"https:\/\/www.alternatievemiddelen.nl\/producten\/vitakruid-magnesium-150-bisglycinaat-90-tabletten\/#breadcrumb","itemListElement":[{"@type":"ListItem","position":1,"name":"Home","item":"https:\/\/www.alternatievemiddelen.nl\/"},{"@type":"ListItem","position":2,"name":"Producten","item":"https:\/\/www.alternatievemiddelen.nl\/producten\/"},{"@type":"ListItem","position":3,"name":"Vitakruid Magnesium 150 bisglycinaat 90 tabletten"}]},{"@type":"WebSite","@id":"https:\/\/www.alternatievemiddelen.nl\/#website","url":"https:\/\/www.alternatievemiddelen.nl\/","name":"Alternatievemiddelen.nl","description":"Webshop met gezonde, duurzame en ecologische alternatieve mogelijkheden in de hedendaagse levenstijl. Alles uit eigen ervaring.","publisher":{"@id":"https:\/\/www.alternatievemiddelen.nl\/#organization"},"alternateName":"Alternatieve Middelen","potentialAction":[{"@type":"SearchAction","target":{"@type":"EntryPoint","urlTemplate":"https:\/\/www.alternatievemiddelen.nl\/?s={search_term_string}"},"query-input":{"@type":"PropertyValueSpecification","valueRequired":true,"valueName":"search_term_string"}}],"inLanguage":"de"},{"@type":"Organization","@id":"https:\/\/www.alternatievemiddelen.nl\/#organization","name":"Alternatievemiddelen.nl","alternateName":"Alternatieve Middelen","url":"https:\/\/www.alternatievemiddelen.nl\/","logo":{"@type":"ImageObject","inLanguage":"de","@id":"https:\/\/www.alternatievemiddelen.nl\/#\/schema\/logo\/image\/","url":"https:\/\/www.alternatievemiddelen.nl\/wp-content\/uploads\/2023\/10\/alternatievemiddelen-PNG-logo.png","contentUrl":"https:\/\/www.alternatievemiddelen.nl\/wp-content\/uploads\/2023\/10\/alternatievemiddelen-PNG-logo.png","width":6400,"height":3062,"caption":"Alternatievemiddelen.nl"},"image":{"@id":"https:\/\/www.alternatievemiddelen.nl\/#\/schema\/logo\/image\/"},"sameAs":["https:\/\/www.facebook.com\/alternatievemiddelen","https:\/\/www.instagram.com\/alternatievemiddelen.nl\/"]}]}},"_links":{"self":[{"href":"https:\/\/www.alternatievemiddelen.nl\/de\/wp-json\/wp\/v2\/product\/34428","targetHints":{"allow":["GET"]}}],"collection":[{"href":"https:\/\/www.alternatievemiddelen.nl\/de\/wp-json\/wp\/v2\/product"}],"about":[{"href":"https:\/\/www.alternatievemiddelen.nl\/de\/wp-json\/wp\/v2\/types\/product"}],"replies":[{"embeddable":true,"href":"https:\/\/www.alternatievemiddelen.nl\/de\/wp-json\/wp\/v2\/comments?post=34428"}],"wp:featuredmedia":[{"embeddable":true,"href":"https:\/\/www.alternatievemiddelen.nl\/de\/wp-json\/wp\/v2\/media\/31773"}],"wp:attachment":[{"href":"https:\/\/www.alternatievemiddelen.nl\/de\/wp-json\/wp\/v2\/media?parent=34428"}],"wp:term":[{"taxonomy":"product_brand","embeddable":true,"href":"https:\/\/www.alternatievemiddelen.nl\/de\/wp-json\/wp\/v2\/product_brand?post=34428"},{"taxonomy":"product_cat","embeddable":true,"href":"https:\/\/www.alternatievemiddelen.nl\/de\/wp-json\/wp\/v2\/product_cat?post=34428"},{"taxonomy":"product_tag","embeddable":true,"href":"https:\/\/www.alternatievemiddelen.nl\/de\/wp-json\/wp\/v2\/product_tag?post=34428"},{"taxonomy":"merk","embeddable":true,"href":"https:\/\/www.alternatievemiddelen.nl\/de\/wp-json\/wp\/v2\/merk?post=34428"}],"curies":[{"name":"wp","href":"https:\/\/api.w.org\/{rel}","templated":true}]}}