{"id":34439,"date":"2024-02-27T08:29:56","date_gmt":"2024-02-27T07:29:56","guid":{"rendered":"https:\/\/www.alternatievemiddelen.nl\/?post_type=product&#038;p=34439"},"modified":"2026-02-08T14:14:21","modified_gmt":"2026-02-08T13:14:21","slug":"bo-bottle-jacket-roze","status":"publish","type":"product","link":"https:\/\/www.alternatievemiddelen.nl\/de\/produkte\/bo-flaschenjacke-rosa\/","title":{"rendered":"Bo-Bottle Jacke rosa (elastisch und thermisch)"},"content":{"rendered":"<p>Die elastische Thermoh\u00fclle Bo-Bottle rosa ist aus Neopren gefertigt und f\u00fcr Bo-Bottles Trinkflaschen geeignet. Sie h\u00e4lt Getr\u00e4nke l\u00e4nger auf der gew\u00fcnschten Temperatur. Ideal f\u00fcr Reisen im Zug, Bus oder Auto, um eine sch\u00f6ne Tasse Kaffee oder Tee zu genie\u00dfen. Oder in den Sommermonaten, um Ihr Getr\u00e4nk l\u00e4nger k\u00fchl zu halten, z.B. mit eiskaltem Wasser mit Zitrone.<br \/>\n&nbsp;<\/p>\n<h4><u>Technische Daten der Jacke Bo-Bottle rosa:<\/u><\/h4>\n<p>\u25cf Thermisches Material<br \/>\n\u25cf H\u00e4lt die Getr\u00e4nke l\u00e4nger auf der gew\u00fcnschten Temperatur<br \/>\n\u25cf Auch erh\u00e4ltlich in <a href=\"https:\/\/www.alternatievemiddelen.nl\/de\/produkte\/bo-flaschenjacke-schwarz\/\">schwarz<\/a><br \/>\n\u25cf In Kombination mit der Trinkflasche Bo-Bottles zu verwenden<br \/>\n&nbsp;<\/p>\n<h2>Weitere Informationen \u00fcber Bo-Bottles Trinkflaschen<\/h2>\n<p>Die erste Glasflasche mit einem abschraubbaren Boden. Alle Bo-Bottles werden aus dem harten, kratzfreien Borosilikatglas hergestellt und sind daher langlebig. Borosilikatglas ist in der Tat ein sehr hartes, hitzebest\u00e4ndiges Glas mit einer l\u00e4ngeren Lebensdauer als andere Arten von Glas und bleibt daher sch\u00f6n bei intensivem Gebrauch und kann auch eine Tracht Pr\u00fcgel zu nehmen. Der Deckel und der abnehmbare Boden sind aus haltbarem Edelstahl gefertigt. Das Innere der Kappen besteht aus Polypropylen: ein giftfreier Hartplastik, der resistent gegen Bakterienwachstum ist. Dies ist der einzige Kunststoff, der in der gesamten Flasche verwendet wird. Im Inneren der beiden Kappen befindet sich ein abnehmbarer und somit austauschbarer Silikonverschlussring, der daf\u00fcr sorgt, dass die Flasche 100% wasserdicht ist.<br \/>\n<u>Gemeinsamer Beitrag zur Reduzierung von Plastik:<\/u> Das Ziel von Bo-Bottles ist es, Mehrweg- und Einwegtrinkflaschen aus Plastik zu ersetzen. Das begr\u00fc\u00dfen wir nat\u00fcrlich nur!<br \/>\n&nbsp;<\/p>\n<h2>Alle Vorteile der Bo-Bottles-Trinkflaschen auf einen Blick:<\/h2>\n<p>\u2714 GESUND - Weil die Flasche aus Borosilikatglas und nicht aus sch\u00e4dlichem Plastik besteht.<br \/>\n\u2714 100% LEAKFREE - Durch die losen und somit austauschbaren Silikonringe.<br \/>\n\u2714 NO BITE - Denn im Glas behalten die Getr\u00e4nke ihren urspr\u00fcnglichen Geschmack.<br \/>\n\u2714 HYGIENISCH - Der abschraubbare Deckel und Boden machen es einfach, die Bo-Bottles zu reinigen. Auf diese Weise kann die Flasche auch leicht in die Sp\u00fclmaschine gestellt werden.<br \/>\n\u2714 NACHHALTIG - Die Bo-Bottles aus Glas reduzieren den Verbrauch von Trinkflaschen aus Plastik und tragen so zu einer nachhaltigeren Welt bei. Au\u00dferdem sind die Bo-Bottles so konzipiert, dass alle Teile austauschbar sind.<br \/>\n\u2714 abnehmbarer Boden - So kann die Flasche von unten unter anderem mit Eisw\u00fcrfeln und frischem Obst bef\u00fcllt werden.<br \/>\n\u2714 DUTCH DESIGN - Alle Komponenten des Bo-Bottles wurden in den Niederlanden entwickelt und erf\u00fcllen die hohen Anforderungen der US FDA und der europ\u00e4ischen MEA (Lebensmittel- und Arzneimittelbeh\u00f6rde).<br \/>\n\u2714 ZUBEH\u00d6R - Mit einem <a href=\"https:\/\/www.alternatievemiddelen.nl\/de\/produkte\/bo-flaschenausgieser\/\">Korkenzieher<\/a> oder Obstbecher (erh\u00e4ltlich in <a href=\"https:\/\/www.alternatievemiddelen.nl\/de\/produkte\/bo-bottle-obstbecher-blau\/\">blau<\/a>, <a href=\"https:\/\/www.alternatievemiddelen.nl\/de\/produkte\/bo-flasche-obstbecher-grun\/\">gr\u00fcn<\/a>, <a href=\"https:\/\/www.alternatievemiddelen.nl\/de\/produkte\/bo-flasche-obstbecher-rosa\/\">rosa<\/a> und <a href=\"https:\/\/www.alternatievemiddelen.nl\/de\/produkte\/bo-flasche-obstbecher-schwarz\/\">schwarz<\/a>), sind die M\u00f6glichkeiten endlos.<\/p>","protected":false},"excerpt":{"rendered":"<p>Die elastische Thermojacke Bo-Bottle rosa ist aus Neopren gefertigt und f\u00fcr die Bo-Bottle-Trinkflaschen geeignet. Eine tolle Erg\u00e4nzung zu Ihrer Trinkflasche!<\/p>","protected":false},"featured_media":31478,"comment_status":"open","ping_status":"closed","template":"","meta":[],"product_brand":[],"product_cat":[2983,3148],"product_tag":[3112,3113,3114,3115,2975,2987,2929,3116,3117,2875,3118,3119,3120,3141,3121,3004,2989,3122,2921,2879,2990,3136,2880,2991,2967,2992,2885,2995],"merk":[3451],"class_list":{"0":"post-34439","1":"product","2":"type-product","3":"status-publish","4":"has-post-thumbnail","6":"product_cat-drinkflessen","7":"product_cat-drinkfles-accessoires","8":"product_tag-afschroefbare-bodem","9":"product_tag-bo-bottle","10":"product_tag-bo-bottles","11":"product_tag-borosilicaat-glas","12":"product_tag-bpa-vrij","13":"product_tag-drinkfles","14":"product_tag-duurzaam","15":"product_tag-fruit","16":"product_tag-gezond","17":"product_tag-gezondheid","18":"product_tag-glas","19":"product_tag-glazen-drinkfles","20":"product_tag-glazen-fles","21":"product_tag-jacket","22":"product_tag-lekvrij","23":"product_tag-onderweg","24":"product_tag-outdoor","25":"product_tag-plasticreductie","26":"product_tag-reizen","27":"product_tag-roestvrij-staal","28":"product_tag-roestvrijstalen-waterfles","29":"product_tag-roze","30":"product_tag-rvs","31":"product_tag-school","32":"product_tag-schoon","33":"product_tag-sport","34":"product_tag-water","35":"product_tag-werk","36":"merk-bo-bottles","38":"first","39":"instock","40":"taxable","41":"shipping-taxable","42":"purchasable","43":"product-type-simple"},"bundled_by":[],"bundle_stock_status":"instock","bundle_stock_quantity":null,"bundle_virtual":false,"bundle_layout":"","bundle_add_to_cart_form_location":"","bundle_editable_in_cart":false,"bundle_sold_individually_context":"","bundle_item_grouping":"","bundle_min_size":"","bundle_max_size":"","bundle_price":[],"bundled_items":[],"bundle_sell_ids":[44176],"yoast_head":"<!-- This site is optimized with the Yoast SEO plugin v26.1 - https:\/\/yoast.com\/wordpress\/plugins\/seo\/ -->\n<title>Bo-Bottle Jacket roze (elastisch en thermisch) - Alternatievemiddelen.nl<\/title>\n<meta name=\"description\" content=\"De elastisch thermische Bo-Bottle jacket roze is gemaakt van neopreen en geschikt voor de Bo-Bottle drinkflessen. Een mooie aanvulling voor jouw drinkfles!\" \/>\n<meta name=\"robots\" content=\"index, follow, max-snippet:-1, max-image-preview:large, max-video-preview:-1\" \/>\n<link rel=\"canonical\" href=\"https:\/\/www.alternatievemiddelen.nl\/de\/wp-json\/wp\/v2\/product\/34439\" \/>\n<meta property=\"og:locale\" content=\"de_DE\" \/>\n<meta property=\"og:type\" content=\"article\" \/>\n<meta property=\"og:title\" content=\"Bo-Bottle Jacket roze (elastisch en thermisch) - Alternatievemiddelen.nl\" \/>\n<meta property=\"og:description\" content=\"De elastisch thermische Bo-Bottle jacket roze is gemaakt van neopreen en geschikt voor de Bo-Bottle drinkflessen. Een mooie aanvulling voor jouw drinkfles!\" \/>\n<meta property=\"og:url\" content=\"https:\/\/www.alternatievemiddelen.nl\/de\/produkte\/bo-flaschenjacke-rosa\/\" \/>\n<meta property=\"og:site_name\" content=\"Alternatievemiddelen.nl\" \/>\n<meta property=\"article:modified_time\" content=\"2026-02-08T13:14:21+00:00\" \/>\n<meta property=\"og:image\" content=\"\/wp-content\/uploads\/2023\/12\/Bo-Bottle_jacket-roze.jpg\" \/>\n\t<meta property=\"og:image:width\" content=\"1200\" \/>\n\t<meta property=\"og:image:height\" content=\"1600\" \/>\n\t<meta property=\"og:image:type\" content=\"image\/jpeg\" \/>\n<meta name=\"twitter:card\" content=\"summary_large_image\" \/>\n<meta name=\"twitter:label1\" content=\"Gesch\u00e4tzte Lesezeit\" \/>\n\t<meta name=\"twitter:data1\" content=\"3\u00a0Minuten\" \/>\n<script type=\"application\/ld+json\" class=\"yoast-schema-graph\">{\"@context\":\"https:\/\/schema.org\",\"@graph\":[{\"@type\":[\"WebPage\",\"ItemPage\"],\"@id\":\"https:\/\/www.alternatievemiddelen.nl\/producten\/bo-bottle-jacket-roze\/\",\"url\":\"https:\/\/www.alternatievemiddelen.nl\/producten\/bo-bottle-jacket-roze\/\",\"name\":\"Bo-Bottle Jacket roze (elastisch en thermisch) - Alternatievemiddelen.nl\",\"isPartOf\":{\"@id\":\"https:\/\/www.alternatievemiddelen.nl\/#website\"},\"primaryImageOfPage\":{\"@id\":\"https:\/\/www.alternatievemiddelen.nl\/producten\/bo-bottle-jacket-roze\/#primaryimage\"},\"image\":{\"@id\":\"https:\/\/www.alternatievemiddelen.nl\/producten\/bo-bottle-jacket-roze\/#primaryimage\"},\"thumbnailUrl\":\"https:\/\/www.alternatievemiddelen.nl\/wp-content\/uploads\/2023\/12\/Bo-Bottle_jacket-roze.jpg\",\"datePublished\":\"2024-02-27T07:29:56+00:00\",\"dateModified\":\"2026-02-08T13:14:21+00:00\",\"description\":\"De elastisch thermische Bo-Bottle jacket roze is gemaakt van neopreen en geschikt voor de Bo-Bottle drinkflessen. Een mooie aanvulling voor jouw drinkfles!\",\"breadcrumb\":{\"@id\":\"https:\/\/www.alternatievemiddelen.nl\/producten\/bo-bottle-jacket-roze\/#breadcrumb\"},\"inLanguage\":\"de\",\"potentialAction\":[{\"@type\":\"ReadAction\",\"target\":[\"https:\/\/www.alternatievemiddelen.nl\/producten\/bo-bottle-jacket-roze\/\"]}]},{\"@type\":\"ImageObject\",\"inLanguage\":\"de\",\"@id\":\"https:\/\/www.alternatievemiddelen.nl\/producten\/bo-bottle-jacket-roze\/#primaryimage\",\"url\":\"https:\/\/www.alternatievemiddelen.nl\/wp-content\/uploads\/2023\/12\/Bo-Bottle_jacket-roze.jpg\",\"contentUrl\":\"https:\/\/www.alternatievemiddelen.nl\/wp-content\/uploads\/2023\/12\/Bo-Bottle_jacket-roze.jpg\",\"width\":1200,\"height\":1600,\"caption\":\"Bo-Bottle drinkfles hoes roze\"},{\"@type\":\"BreadcrumbList\",\"@id\":\"https:\/\/www.alternatievemiddelen.nl\/producten\/bo-bottle-jacket-roze\/#breadcrumb\",\"itemListElement\":[{\"@type\":\"ListItem\",\"position\":1,\"name\":\"Home\",\"item\":\"https:\/\/www.alternatievemiddelen.nl\/\"},{\"@type\":\"ListItem\",\"position\":2,\"name\":\"Producten\",\"item\":\"https:\/\/www.alternatievemiddelen.nl\/producten\/\"},{\"@type\":\"ListItem\",\"position\":3,\"name\":\"Bo-Bottle Jacket roze (elastisch en thermisch)\"}]},{\"@type\":\"WebSite\",\"@id\":\"https:\/\/www.alternatievemiddelen.nl\/#website\",\"url\":\"https:\/\/www.alternatievemiddelen.nl\/\",\"name\":\"Alternatievemiddelen.nl\",\"description\":\"Webshop met gezonde, duurzame en ecologische alternatieve mogelijkheden in de hedendaagse levenstijl. Alles uit eigen ervaring.\",\"publisher\":{\"@id\":\"https:\/\/www.alternatievemiddelen.nl\/#organization\"},\"potentialAction\":[{\"@type\":\"SearchAction\",\"target\":{\"@type\":\"EntryPoint\",\"urlTemplate\":\"https:\/\/www.alternatievemiddelen.nl\/?s={search_term_string}\"},\"query-input\":{\"@type\":\"PropertyValueSpecification\",\"valueRequired\":true,\"valueName\":\"search_term_string\"}}],\"inLanguage\":\"de\"},{\"@type\":\"Organization\",\"@id\":\"https:\/\/www.alternatievemiddelen.nl\/#organization\",\"name\":\"Alternatievemiddelen.nl\",\"url\":\"https:\/\/www.alternatievemiddelen.nl\/\",\"logo\":{\"@type\":\"ImageObject\",\"inLanguage\":\"de\",\"@id\":\"https:\/\/www.alternatievemiddelen.nl\/#\/schema\/logo\/image\/\",\"url\":\"https:\/\/www.alternatievemiddelen.nl\/wp-content\/uploads\/2023\/10\/alternatievemiddelen-PNG-logo.png\",\"contentUrl\":\"https:\/\/www.alternatievemiddelen.nl\/wp-content\/uploads\/2023\/10\/alternatievemiddelen-PNG-logo.png\",\"width\":6400,\"height\":3062,\"caption\":\"Alternatievemiddelen.nl\"},\"image\":{\"@id\":\"https:\/\/www.alternatievemiddelen.nl\/#\/schema\/logo\/image\/\"}}]}<\/script>\n<!-- \/ Yoast SEO plugin. -->","yoast_head_json":{"title":"Bo-Bottle Jacket roze (elastisch en thermisch) - Alternatievemiddelen.nl","description":"De elastisch thermische Bo-Bottle jacket roze is gemaakt van neopreen en geschikt voor de Bo-Bottle drinkflessen. Een mooie aanvulling voor jouw drinkfles!","robots":{"index":"index","follow":"follow","max-snippet":"max-snippet:-1","max-image-preview":"max-image-preview:large","max-video-preview":"max-video-preview:-1"},"canonical":"https:\/\/www.alternatievemiddelen.nl\/de\/wp-json\/wp\/v2\/product\/34439","og_locale":"de_DE","og_type":"article","og_title":"Bo-Bottle Jacket roze (elastisch en thermisch) - Alternatievemiddelen.nl","og_description":"De elastisch thermische Bo-Bottle jacket roze is gemaakt van neopreen en geschikt voor de Bo-Bottle drinkflessen. Een mooie aanvulling voor jouw drinkfles!","og_url":"https:\/\/www.alternatievemiddelen.nl\/de\/produkte\/bo-flaschenjacke-rosa\/","og_site_name":"Alternatievemiddelen.nl","article_modified_time":"2026-02-08T13:14:21+00:00","og_image":[{"width":1200,"height":1600,"url":"\/wp-content\/uploads\/2023\/12\/Bo-Bottle_jacket-roze.jpg","type":"image\/jpeg"}],"twitter_card":"summary_large_image","twitter_misc":{"Gesch\u00e4tzte Lesezeit":"3\u00a0Minuten"},"schema":{"@context":"https:\/\/schema.org","@graph":[{"@type":["WebPage","ItemPage"],"@id":"https:\/\/www.alternatievemiddelen.nl\/producten\/bo-bottle-jacket-roze\/","url":"https:\/\/www.alternatievemiddelen.nl\/producten\/bo-bottle-jacket-roze\/","name":"Bo-Bottle Jacket roze (elastisch en thermisch) - Alternatievemiddelen.nl","isPartOf":{"@id":"https:\/\/www.alternatievemiddelen.nl\/#website"},"primaryImageOfPage":{"@id":"https:\/\/www.alternatievemiddelen.nl\/producten\/bo-bottle-jacket-roze\/#primaryimage"},"image":{"@id":"https:\/\/www.alternatievemiddelen.nl\/producten\/bo-bottle-jacket-roze\/#primaryimage"},"thumbnailUrl":"https:\/\/www.alternatievemiddelen.nl\/wp-content\/uploads\/2023\/12\/Bo-Bottle_jacket-roze.jpg","datePublished":"2024-02-27T07:29:56+00:00","dateModified":"2026-02-08T13:14:21+00:00","description":"De elastisch thermische Bo-Bottle jacket roze is gemaakt van neopreen en geschikt voor de Bo-Bottle drinkflessen. Een mooie aanvulling voor jouw drinkfles!","breadcrumb":{"@id":"https:\/\/www.alternatievemiddelen.nl\/producten\/bo-bottle-jacket-roze\/#breadcrumb"},"inLanguage":"de","potentialAction":[{"@type":"ReadAction","target":["https:\/\/www.alternatievemiddelen.nl\/producten\/bo-bottle-jacket-roze\/"]}]},{"@type":"ImageObject","inLanguage":"de","@id":"https:\/\/www.alternatievemiddelen.nl\/producten\/bo-bottle-jacket-roze\/#primaryimage","url":"https:\/\/www.alternatievemiddelen.nl\/wp-content\/uploads\/2023\/12\/Bo-Bottle_jacket-roze.jpg","contentUrl":"https:\/\/www.alternatievemiddelen.nl\/wp-content\/uploads\/2023\/12\/Bo-Bottle_jacket-roze.jpg","width":1200,"height":1600,"caption":"Bo-Bottle drinkfles hoes roze"},{"@type":"BreadcrumbList","@id":"https:\/\/www.alternatievemiddelen.nl\/producten\/bo-bottle-jacket-roze\/#breadcrumb","itemListElement":[{"@type":"ListItem","position":1,"name":"Home","item":"https:\/\/www.alternatievemiddelen.nl\/"},{"@type":"ListItem","position":2,"name":"Producten","item":"https:\/\/www.alternatievemiddelen.nl\/producten\/"},{"@type":"ListItem","position":3,"name":"Bo-Bottle Jacket roze (elastisch en thermisch)"}]},{"@type":"WebSite","@id":"https:\/\/www.alternatievemiddelen.nl\/#website","url":"https:\/\/www.alternatievemiddelen.nl\/","name":"Alternatievemiddelen.nl","description":"Webshop met gezonde, duurzame en ecologische alternatieve mogelijkheden in de hedendaagse levenstijl. Alles uit eigen ervaring.","publisher":{"@id":"https:\/\/www.alternatievemiddelen.nl\/#organization"},"potentialAction":[{"@type":"SearchAction","target":{"@type":"EntryPoint","urlTemplate":"https:\/\/www.alternatievemiddelen.nl\/?s={search_term_string}"},"query-input":{"@type":"PropertyValueSpecification","valueRequired":true,"valueName":"search_term_string"}}],"inLanguage":"de"},{"@type":"Organization","@id":"https:\/\/www.alternatievemiddelen.nl\/#organization","name":"Alternatievemiddelen.nl","url":"https:\/\/www.alternatievemiddelen.nl\/","logo":{"@type":"ImageObject","inLanguage":"de","@id":"https:\/\/www.alternatievemiddelen.nl\/#\/schema\/logo\/image\/","url":"https:\/\/www.alternatievemiddelen.nl\/wp-content\/uploads\/2023\/10\/alternatievemiddelen-PNG-logo.png","contentUrl":"https:\/\/www.alternatievemiddelen.nl\/wp-content\/uploads\/2023\/10\/alternatievemiddelen-PNG-logo.png","width":6400,"height":3062,"caption":"Alternatievemiddelen.nl"},"image":{"@id":"https:\/\/www.alternatievemiddelen.nl\/#\/schema\/logo\/image\/"}}]}},"_links":{"self":[{"href":"https:\/\/www.alternatievemiddelen.nl\/de\/wp-json\/wp\/v2\/product\/34439","targetHints":{"allow":["GET"]}}],"collection":[{"href":"https:\/\/www.alternatievemiddelen.nl\/de\/wp-json\/wp\/v2\/product"}],"about":[{"href":"https:\/\/www.alternatievemiddelen.nl\/de\/wp-json\/wp\/v2\/types\/product"}],"replies":[{"embeddable":true,"href":"https:\/\/www.alternatievemiddelen.nl\/de\/wp-json\/wp\/v2\/comments?post=34439"}],"wp:featuredmedia":[{"embeddable":true,"href":"https:\/\/www.alternatievemiddelen.nl\/de\/wp-json\/wp\/v2\/media\/31478"}],"wp:attachment":[{"href":"https:\/\/www.alternatievemiddelen.nl\/de\/wp-json\/wp\/v2\/media?parent=34439"}],"wp:term":[{"taxonomy":"product_brand","embeddable":true,"href":"https:\/\/www.alternatievemiddelen.nl\/de\/wp-json\/wp\/v2\/product_brand?post=34439"},{"taxonomy":"product_cat","embeddable":true,"href":"https:\/\/www.alternatievemiddelen.nl\/de\/wp-json\/wp\/v2\/product_cat?post=34439"},{"taxonomy":"product_tag","embeddable":true,"href":"https:\/\/www.alternatievemiddelen.nl\/de\/wp-json\/wp\/v2\/product_tag?post=34439"},{"taxonomy":"merk","embeddable":true,"href":"https:\/\/www.alternatievemiddelen.nl\/de\/wp-json\/wp\/v2\/merk?post=34439"}],"curies":[{"name":"wp","href":"https:\/\/api.w.org\/{rel}","templated":true}]}}