{"id":34442,"date":"2024-02-27T08:29:57","date_gmt":"2024-02-27T07:29:57","guid":{"rendered":"https:\/\/www.alternatievemiddelen.nl\/?post_type=product&#038;p=34442"},"modified":"2026-03-28T14:28:35","modified_gmt":"2026-03-28T13:28:35","slug":"rvs-kraantje-berkey-systemen","status":"publish","type":"product","link":"https:\/\/www.alternatievemiddelen.nl\/de\/produkte\/edelstahlhahn-berkey-systems\/","title":{"rendered":"Edelstahlventil f\u00fcr Berkey Wasserfilter und andere Marken von Edelstahl-Wasserfiltern (Original von Berkey)"},"content":{"rendered":"<p>Sie m\u00f6chten keine Kunststoffteile verwenden? Dann ist dieser Edelstahlhahn f\u00fcr Berkey-Edelstahlwasserfilter ideal. Er erm\u00f6glicht es Ihnen, den mitgelieferten (Kunststoff-)Hahn zu ersetzen und, falls n\u00f6tig, ein weiteres St\u00fcck Kunststoff durch ein Edelstahlteil zu ersetzen.<\/p>\n<p>Dieser Wasserhahn aus rostfreiem Stahl ist von hoher Qualit\u00e4t und sch\u00f6n verarbeitet. Er vervollst\u00e4ndigt Ihren Wasserfilter. Er passt auf alle Edelstahl <a href=\"https:\/\/www.alternatievemiddelen.nl\/de\/produktkategorie\/wasserfilter\/wasserfilter-2\/filterergebnisse\/berkey-3\/\">Berkey Wasserfilter (nicht bei Berkey Light)<\/a> und sogar auf der <a href=\"https:\/\/www.alternatievemiddelen.nl\/de\/produktkategorie\/wasserfilter\/wasserfilter-2\/filterergebnisse\/boroux\/\">BOROUX Wasserfilter<\/a> (ACHTUNG! Dies beinhaltet bereits einen Edelstahlhahn) und <a href=\"https:\/\/www.alternatievemiddelen.nl\/de\/produktkategorie\/wasserfilter\/wasserfilter-2\/filterergebnisse\/reinfilter\/\">Pure Filters Wasserfilter<\/a> (ACHTUNG! Dies beinhaltet bereits einen Edelstahlhahn). Aber auch auf die Edelstahl-Wasserfilter von British Berkefeld, ProOne, Phoenix, Aqua Logic, Monderma, Newton und mehr.<\/b><br \/>\n&nbsp;<\/p>\n<h3>Mit Wasserhahn aus rostfreiem Stahl:<\/h3>\n<ul>\n<li>Hergestellt aus hochwertigem Edelstahl<\/li>\n<li>Wundersch\u00f6n polierte Oberfl\u00e4che<\/li>\n<li>Breite \u00d6ffnung<\/li>\n<li>Einfaches An- und Ausschalten des Griffs<\/li>\n<li>F\u00fcllen Sie ein 250ml Glas in Sekundenschnelle<\/li>\n<li>Inklusive aller Zubeh\u00f6rteile wie Mutter und Silikondichtringe (alles was f\u00fcr eine einfache Installation ben\u00f6tigt wird)<\/li>\n<\/ul>\n<p>&nbsp;<\/p>\n<h3>Erg\u00e4nzung zu Ihrem Berkey oder einer anderen Marke von Edelstahl-Wasserfilter<\/h3>\n<p>Bestellen Sie es also einfach bei Ihrem <a href=\"https:\/\/www.alternatievemiddelen.nl\/de\/produktkategorie\/wasserfilter\/wasserfilter-2\/filterergebnisse\/berkey-3\/\">Berkey Wasserfilter<\/a> oder bestellen Sie ihn zusammen mit einem Wasserfilter einer anderen Marke aus Edelstahl. Der Wasserhahn ist eine beliebte Erg\u00e4nzung zu einem Berkey-Wasserfilter, weshalb wir komplette Sets zusammengestellt haben, die diesen Hahn enthalten. Ein Set besteht dann aus einem Wasserfilter, einem St\u00e4nder und dieser Armatur. Nat\u00fcrlich profitieren Sie dann von einem Set-Rabatt. Diese vorteilhaften Sets finden Sie auf unserer <a href=\"https:\/\/www.alternatievemiddelen.nl\/de\/produktkategorie\/wasserfilter\/kombi-angebote\/\">Angebote Seite<\/a>.<br \/>\n&nbsp;<\/p>\n<h3>Montage<\/h3>\n<p>Die Installation ist sehr einfach. Der Wasserhahn wird mit einer Mutter, 2 Silikondichtringen und 2 Abdeckplatten aus Edelstahl geliefert. F\u00fchren Sie den Wasserhahn durch das Loch im unteren Fach des Wasserfilters. Vergewissern Sie sich, dass sowohl innen als auch au\u00dfen ein Silikondichtring und eine Abdeckplatte aus Edelstahl vorhanden sind. Schrauben Sie dann die kleine Mutter auf das Gewinde des Wasserhahns (auf der Innenseite des Wasserfilters) und ziehen Sie sie gut fest. Dieser letzte Teil ist sehr wichtig, denn wenn er nicht richtig angezogen ist, besteht die Gefahr, dass Wasser austritt. Ziehen Sie es also fest an! Jetzt k\u00f6nnen Sie das Wasser aus dem Wasserfilter zapfen und verwenden.<\/p>","protected":false},"excerpt":{"rendered":"<p>Ein Edelstahlhahn f\u00fcr den Wasserfilter Berkey und andere Marken von Wasserfiltern aus Edelstahl, der den eventuell mitgelieferten (Kunststoff-) Hahn ersetzen kann.<\/p>","protected":false},"featured_media":31253,"comment_status":"open","ping_status":"closed","template":"","meta":[],"product_brand":[],"product_cat":[2971,3013],"product_tag":[2961,3008,2890,3009,3010,2879,2880,2979,3012,2980],"merk":[3432,3450],"class_list":{"0":"post-34442","1":"product","2":"type-product","3":"status-publish","4":"has-post-thumbnail","6":"product_cat-waterfilters","7":"product_cat-waterfilter-accessoires","8":"product_tag-berkey","9":"product_tag-drinkwater","10":"product_tag-kraan","11":"product_tag-kraantje","12":"product_tag-roestvrij","13":"product_tag-roestvrij-staal","14":"product_tag-rvs","15":"product_tag-waterfilter","16":"product_tag-waterfilters","17":"product_tag-waterzuivering","18":"merk-berkey","19":"merk-british-berkefeld","21":"first","22":"instock","23":"taxable","24":"shipping-taxable","25":"purchasable","26":"product-type-simple"},"bundled_by":["34363","34412","34413","34365","34426","34471","34448","35863","34484","34486","34482"],"bundle_stock_status":"instock","bundle_stock_quantity":null,"bundle_virtual":false,"bundle_layout":"","bundle_add_to_cart_form_location":"","bundle_editable_in_cart":false,"bundle_sold_individually_context":"","bundle_item_grouping":"","bundle_min_size":"","bundle_max_size":"","bundle_price":[],"bundled_items":[],"bundle_sell_ids":[44176],"yoast_head":"<!-- This site is optimized with the Yoast SEO plugin v26.1 - https:\/\/yoast.com\/wordpress\/plugins\/seo\/ -->\n<title>RVS Kraantje voor Berkey waterfilter en andere merken RVS waterfilters (origineel van Berkey) - Alternatievemiddelen.nl<\/title>\n<meta name=\"description\" content=\"Een RVS kraantje voor Berkey waterfilter en andere merken RVS waterfilters, die het eventueel meegeleverde (plastic) kraantje kan vervangen.\" \/>\n<meta name=\"robots\" content=\"index, follow, max-snippet:-1, max-image-preview:large, max-video-preview:-1\" \/>\n<link rel=\"canonical\" href=\"https:\/\/www.alternatievemiddelen.nl\/de\/wp-json\/wp\/v2\/product\/34442\" \/>\n<meta property=\"og:locale\" content=\"de_DE\" \/>\n<meta property=\"og:type\" content=\"article\" \/>\n<meta property=\"og:title\" content=\"RVS Kraantje voor Berkey waterfilter en andere merken RVS waterfilters (origineel van Berkey) - Alternatievemiddelen.nl\" \/>\n<meta property=\"og:description\" content=\"Een RVS kraantje voor Berkey waterfilter en andere merken RVS waterfilters, die het eventueel meegeleverde (plastic) kraantje kan vervangen.\" \/>\n<meta property=\"og:url\" content=\"https:\/\/www.alternatievemiddelen.nl\/de\/produkte\/edelstahlhahn-berkey-systems\/\" \/>\n<meta property=\"og:site_name\" content=\"Alternatievemiddelen.nl\" \/>\n<meta property=\"article:modified_time\" content=\"2026-03-28T13:28:35+00:00\" \/>\n<meta property=\"og:image\" content=\"\/wp-content\/uploads\/2023\/12\/Berkey-rvs-kraantje.jpg\" \/>\n\t<meta property=\"og:image:width\" content=\"1200\" \/>\n\t<meta property=\"og:image:height\" content=\"1600\" \/>\n\t<meta property=\"og:image:type\" content=\"image\/jpeg\" \/>\n<meta name=\"twitter:card\" content=\"summary_large_image\" \/>\n<meta name=\"twitter:label1\" content=\"Gesch\u00e4tzte Lesezeit\" \/>\n\t<meta name=\"twitter:data1\" content=\"2\u00a0Minuten\" \/>\n<script type=\"application\/ld+json\" class=\"yoast-schema-graph\">{\"@context\":\"https:\/\/schema.org\",\"@graph\":[{\"@type\":[\"WebPage\",\"ItemPage\"],\"@id\":\"https:\/\/www.alternatievemiddelen.nl\/producten\/rvs-kraantje-berkey-systemen\/\",\"url\":\"https:\/\/www.alternatievemiddelen.nl\/producten\/rvs-kraantje-berkey-systemen\/\",\"name\":\"RVS Kraantje voor Berkey waterfilter en andere merken RVS waterfilters (origineel van Berkey) - Alternatievemiddelen.nl\",\"isPartOf\":{\"@id\":\"https:\/\/www.alternatievemiddelen.nl\/#website\"},\"primaryImageOfPage\":{\"@id\":\"https:\/\/www.alternatievemiddelen.nl\/producten\/rvs-kraantje-berkey-systemen\/#primaryimage\"},\"image\":{\"@id\":\"https:\/\/www.alternatievemiddelen.nl\/producten\/rvs-kraantje-berkey-systemen\/#primaryimage\"},\"thumbnailUrl\":\"https:\/\/www.alternatievemiddelen.nl\/wp-content\/uploads\/2023\/12\/Berkey-rvs-kraantje.jpg\",\"datePublished\":\"2024-02-27T07:29:57+00:00\",\"dateModified\":\"2026-03-28T13:28:35+00:00\",\"description\":\"Een RVS kraantje voor Berkey waterfilter en andere merken RVS waterfilters, die het eventueel meegeleverde (plastic) kraantje kan vervangen.\",\"breadcrumb\":{\"@id\":\"https:\/\/www.alternatievemiddelen.nl\/producten\/rvs-kraantje-berkey-systemen\/#breadcrumb\"},\"inLanguage\":\"de\",\"potentialAction\":[{\"@type\":\"ReadAction\",\"target\":[\"https:\/\/www.alternatievemiddelen.nl\/producten\/rvs-kraantje-berkey-systemen\/\"]}]},{\"@type\":\"ImageObject\",\"inLanguage\":\"de\",\"@id\":\"https:\/\/www.alternatievemiddelen.nl\/producten\/rvs-kraantje-berkey-systemen\/#primaryimage\",\"url\":\"https:\/\/www.alternatievemiddelen.nl\/wp-content\/uploads\/2023\/12\/Berkey-rvs-kraantje.jpg\",\"contentUrl\":\"https:\/\/www.alternatievemiddelen.nl\/wp-content\/uploads\/2023\/12\/Berkey-rvs-kraantje.jpg\",\"width\":1200,\"height\":1600,\"caption\":\"RVS kraantje Berkey\"},{\"@type\":\"BreadcrumbList\",\"@id\":\"https:\/\/www.alternatievemiddelen.nl\/producten\/rvs-kraantje-berkey-systemen\/#breadcrumb\",\"itemListElement\":[{\"@type\":\"ListItem\",\"position\":1,\"name\":\"Home\",\"item\":\"https:\/\/www.alternatievemiddelen.nl\/\"},{\"@type\":\"ListItem\",\"position\":2,\"name\":\"Producten\",\"item\":\"https:\/\/www.alternatievemiddelen.nl\/producten\/\"},{\"@type\":\"ListItem\",\"position\":3,\"name\":\"RVS Kraantje voor Berkey waterfilter en andere merken RVS waterfilters (origineel van Berkey)\"}]},{\"@type\":\"WebSite\",\"@id\":\"https:\/\/www.alternatievemiddelen.nl\/#website\",\"url\":\"https:\/\/www.alternatievemiddelen.nl\/\",\"name\":\"Alternatievemiddelen.nl\",\"description\":\"Webshop met gezonde, duurzame en ecologische alternatieve mogelijkheden in de hedendaagse levenstijl. Alles uit eigen ervaring.\",\"publisher\":{\"@id\":\"https:\/\/www.alternatievemiddelen.nl\/#organization\"},\"potentialAction\":[{\"@type\":\"SearchAction\",\"target\":{\"@type\":\"EntryPoint\",\"urlTemplate\":\"https:\/\/www.alternatievemiddelen.nl\/?s={search_term_string}\"},\"query-input\":{\"@type\":\"PropertyValueSpecification\",\"valueRequired\":true,\"valueName\":\"search_term_string\"}}],\"inLanguage\":\"de\"},{\"@type\":\"Organization\",\"@id\":\"https:\/\/www.alternatievemiddelen.nl\/#organization\",\"name\":\"Alternatievemiddelen.nl\",\"url\":\"https:\/\/www.alternatievemiddelen.nl\/\",\"logo\":{\"@type\":\"ImageObject\",\"inLanguage\":\"de\",\"@id\":\"https:\/\/www.alternatievemiddelen.nl\/#\/schema\/logo\/image\/\",\"url\":\"https:\/\/www.alternatievemiddelen.nl\/wp-content\/uploads\/2023\/10\/alternatievemiddelen-PNG-logo.png\",\"contentUrl\":\"https:\/\/www.alternatievemiddelen.nl\/wp-content\/uploads\/2023\/10\/alternatievemiddelen-PNG-logo.png\",\"width\":6400,\"height\":3062,\"caption\":\"Alternatievemiddelen.nl\"},\"image\":{\"@id\":\"https:\/\/www.alternatievemiddelen.nl\/#\/schema\/logo\/image\/\"}}]}<\/script>\n<!-- \/ Yoast SEO plugin. -->","yoast_head_json":{"title":"RVS Kraantje voor Berkey waterfilter en andere merken RVS waterfilters (origineel van Berkey) - Alternatievemiddelen.nl","description":"Een RVS kraantje voor Berkey waterfilter en andere merken RVS waterfilters, die het eventueel meegeleverde (plastic) kraantje kan vervangen.","robots":{"index":"index","follow":"follow","max-snippet":"max-snippet:-1","max-image-preview":"max-image-preview:large","max-video-preview":"max-video-preview:-1"},"canonical":"https:\/\/www.alternatievemiddelen.nl\/de\/wp-json\/wp\/v2\/product\/34442","og_locale":"de_DE","og_type":"article","og_title":"RVS Kraantje voor Berkey waterfilter en andere merken RVS waterfilters (origineel van Berkey) - Alternatievemiddelen.nl","og_description":"Een RVS kraantje voor Berkey waterfilter en andere merken RVS waterfilters, die het eventueel meegeleverde (plastic) kraantje kan vervangen.","og_url":"https:\/\/www.alternatievemiddelen.nl\/de\/produkte\/edelstahlhahn-berkey-systems\/","og_site_name":"Alternatievemiddelen.nl","article_modified_time":"2026-03-28T13:28:35+00:00","og_image":[{"width":1200,"height":1600,"url":"\/wp-content\/uploads\/2023\/12\/Berkey-rvs-kraantje.jpg","type":"image\/jpeg"}],"twitter_card":"summary_large_image","twitter_misc":{"Gesch\u00e4tzte Lesezeit":"2\u00a0Minuten"},"schema":{"@context":"https:\/\/schema.org","@graph":[{"@type":["WebPage","ItemPage"],"@id":"https:\/\/www.alternatievemiddelen.nl\/producten\/rvs-kraantje-berkey-systemen\/","url":"https:\/\/www.alternatievemiddelen.nl\/producten\/rvs-kraantje-berkey-systemen\/","name":"RVS Kraantje voor Berkey waterfilter en andere merken RVS waterfilters (origineel van Berkey) - Alternatievemiddelen.nl","isPartOf":{"@id":"https:\/\/www.alternatievemiddelen.nl\/#website"},"primaryImageOfPage":{"@id":"https:\/\/www.alternatievemiddelen.nl\/producten\/rvs-kraantje-berkey-systemen\/#primaryimage"},"image":{"@id":"https:\/\/www.alternatievemiddelen.nl\/producten\/rvs-kraantje-berkey-systemen\/#primaryimage"},"thumbnailUrl":"https:\/\/www.alternatievemiddelen.nl\/wp-content\/uploads\/2023\/12\/Berkey-rvs-kraantje.jpg","datePublished":"2024-02-27T07:29:57+00:00","dateModified":"2026-03-28T13:28:35+00:00","description":"Een RVS kraantje voor Berkey waterfilter en andere merken RVS waterfilters, die het eventueel meegeleverde (plastic) kraantje kan vervangen.","breadcrumb":{"@id":"https:\/\/www.alternatievemiddelen.nl\/producten\/rvs-kraantje-berkey-systemen\/#breadcrumb"},"inLanguage":"de","potentialAction":[{"@type":"ReadAction","target":["https:\/\/www.alternatievemiddelen.nl\/producten\/rvs-kraantje-berkey-systemen\/"]}]},{"@type":"ImageObject","inLanguage":"de","@id":"https:\/\/www.alternatievemiddelen.nl\/producten\/rvs-kraantje-berkey-systemen\/#primaryimage","url":"https:\/\/www.alternatievemiddelen.nl\/wp-content\/uploads\/2023\/12\/Berkey-rvs-kraantje.jpg","contentUrl":"https:\/\/www.alternatievemiddelen.nl\/wp-content\/uploads\/2023\/12\/Berkey-rvs-kraantje.jpg","width":1200,"height":1600,"caption":"RVS kraantje Berkey"},{"@type":"BreadcrumbList","@id":"https:\/\/www.alternatievemiddelen.nl\/producten\/rvs-kraantje-berkey-systemen\/#breadcrumb","itemListElement":[{"@type":"ListItem","position":1,"name":"Home","item":"https:\/\/www.alternatievemiddelen.nl\/"},{"@type":"ListItem","position":2,"name":"Producten","item":"https:\/\/www.alternatievemiddelen.nl\/producten\/"},{"@type":"ListItem","position":3,"name":"RVS Kraantje voor Berkey waterfilter en andere merken RVS waterfilters (origineel van Berkey)"}]},{"@type":"WebSite","@id":"https:\/\/www.alternatievemiddelen.nl\/#website","url":"https:\/\/www.alternatievemiddelen.nl\/","name":"Alternatievemiddelen.nl","description":"Webshop met gezonde, duurzame en ecologische alternatieve mogelijkheden in de hedendaagse levenstijl. Alles uit eigen ervaring.","publisher":{"@id":"https:\/\/www.alternatievemiddelen.nl\/#organization"},"potentialAction":[{"@type":"SearchAction","target":{"@type":"EntryPoint","urlTemplate":"https:\/\/www.alternatievemiddelen.nl\/?s={search_term_string}"},"query-input":{"@type":"PropertyValueSpecification","valueRequired":true,"valueName":"search_term_string"}}],"inLanguage":"de"},{"@type":"Organization","@id":"https:\/\/www.alternatievemiddelen.nl\/#organization","name":"Alternatievemiddelen.nl","url":"https:\/\/www.alternatievemiddelen.nl\/","logo":{"@type":"ImageObject","inLanguage":"de","@id":"https:\/\/www.alternatievemiddelen.nl\/#\/schema\/logo\/image\/","url":"https:\/\/www.alternatievemiddelen.nl\/wp-content\/uploads\/2023\/10\/alternatievemiddelen-PNG-logo.png","contentUrl":"https:\/\/www.alternatievemiddelen.nl\/wp-content\/uploads\/2023\/10\/alternatievemiddelen-PNG-logo.png","width":6400,"height":3062,"caption":"Alternatievemiddelen.nl"},"image":{"@id":"https:\/\/www.alternatievemiddelen.nl\/#\/schema\/logo\/image\/"}}]}},"_links":{"self":[{"href":"https:\/\/www.alternatievemiddelen.nl\/de\/wp-json\/wp\/v2\/product\/34442","targetHints":{"allow":["GET"]}}],"collection":[{"href":"https:\/\/www.alternatievemiddelen.nl\/de\/wp-json\/wp\/v2\/product"}],"about":[{"href":"https:\/\/www.alternatievemiddelen.nl\/de\/wp-json\/wp\/v2\/types\/product"}],"replies":[{"embeddable":true,"href":"https:\/\/www.alternatievemiddelen.nl\/de\/wp-json\/wp\/v2\/comments?post=34442"}],"wp:featuredmedia":[{"embeddable":true,"href":"https:\/\/www.alternatievemiddelen.nl\/de\/wp-json\/wp\/v2\/media\/31253"}],"wp:attachment":[{"href":"https:\/\/www.alternatievemiddelen.nl\/de\/wp-json\/wp\/v2\/media?parent=34442"}],"wp:term":[{"taxonomy":"product_brand","embeddable":true,"href":"https:\/\/www.alternatievemiddelen.nl\/de\/wp-json\/wp\/v2\/product_brand?post=34442"},{"taxonomy":"product_cat","embeddable":true,"href":"https:\/\/www.alternatievemiddelen.nl\/de\/wp-json\/wp\/v2\/product_cat?post=34442"},{"taxonomy":"product_tag","embeddable":true,"href":"https:\/\/www.alternatievemiddelen.nl\/de\/wp-json\/wp\/v2\/product_tag?post=34442"},{"taxonomy":"merk","embeddable":true,"href":"https:\/\/www.alternatievemiddelen.nl\/de\/wp-json\/wp\/v2\/merk?post=34442"}],"curies":[{"name":"wp","href":"https:\/\/api.w.org\/{rel}","templated":true}]}}