{"id":34444,"date":"2024-02-27T08:29:58","date_gmt":"2024-02-27T07:29:58","guid":{"rendered":"https:\/\/www.alternatievemiddelen.nl\/?post_type=product&#038;p=34444"},"modified":"2026-02-19T09:23:10","modified_gmt":"2026-02-19T08:23:10","slug":"mollers-omega-3-levertraan-tutti-frutti-250ml","status":"publish","type":"product","link":"https:\/\/www.alternatievemiddelen.nl\/de\/produkte\/mollers-omega-3-lebertran-tutti-frutti-250ml\/","title":{"rendered":"M\u00f6llers Omega-3 Lebertran tutti frutti 250ml"},"content":{"rendered":"<p>M\u00f6llers Omega-3 Lebertran tutti frutti, reines norwegisches Fisch\u00f6l mit Fruchtgeschmack, das Kinder lieben. Aus nachhaltig gefangenem arktischem Kabeljau (MSC-zertifiziert) gewonnen. Eine einzigartige Kombination aus nat\u00fcrlichem Omega-3 und den nat\u00fcrlichen Vitaminen A und D.<\/p>\n<p>- Reiner Lebertran mit einem k\u00f6stlichen Fruchtgeschmack; ausgezeichnet mit dem Superior Taste Award f\u00fcr au\u00dfergew\u00f6hnlichen Geschmack.<br \/>\n- 100% aus arktischem Wildkabeljau, nachhaltig gefangen vor den Lofoten in Norwegen (MSC-zertifiziert).<br \/>\n- Hochwertiges Omega-3 in seiner reinsten Form, mit den Vitaminen A, D3 und E.<br \/>\n- Frisches Fisch\u00f6l mit sehr niedrigem Oxidationswert (totox &lt; 5); verursacht daher kein Aufsto\u00dfen.<br \/>\n- Die Omega-3-Fetts\u00e4uren liegen in ihrer nat\u00fcrlichen Triglyceridform vor, wodurch sie vom K\u00f6rper besser aufgenommen werden als Ethylester.<br \/>\n- Fl\u00fcssig, daher leicht einzunehmen; nur ein Dessertl\u00f6ffel pro Tag.<\/p>\n<p>M\u00f6llers Omega-3 Lebertran tutti frutti enth\u00e4lt keine Konservierungsstoffe, keine k\u00fcnstlichen Farb- oder Aromastoffe und keinen Zucker oder S\u00fc\u00dfstoff.<\/p>\n<p>- EPA- und DHA-Omega-3-Fetts\u00e4uren sind gut f\u00fcr das Herz (bei einer t\u00e4glichen Mindestzufuhr von 250 mg DHA und EPA)<br \/>\n- Die Omega-3-Fetts\u00e4ure DHA ist gut f\u00fcr die Gehirnfunktion und das Sehverm\u00f6gen (bei einer t\u00e4glichen Mindestaufnahme von 250 mg DHA)<br \/>\n- Vitamin D unterst\u00fctzt die Widerstandskraft, die Muskelfunktion und den Erhalt starker Knochen und Z\u00e4hne.<br \/>\n- Vitamin A hat positive Auswirkungen auf das Immunsystem, die Haut und das Sehverm\u00f6gen.<\/p>\n<p><b>Zusammensetzung\/N\u00e4hrwert pro Tagesdosis von 5 ml:<\/b><\/p>\n<table border=\"0\" width=\"50%\">\n<tbody>\n<tr>\n<td><b>N\u00e4hrwert<\/b><\/td>\n<td><b>Pro 5 ml<\/b><\/td>\n<\/tr>\n<tr>\n<td>Omega-3-Fetts\u00e4uren<\/td>\n<td>1,2 g<\/td>\n<\/tr>\n<tr>\n<td>- DHA (Docosahexaens\u00e4ure)<\/td>\n<td>0,6 g<\/td>\n<\/tr>\n<tr>\n<td>- EPA (Eicosapentaens\u00e4ure)<\/td>\n<td>0,4 g<\/td>\n<\/tr>\n<tr>\n<td>Vitamin D<\/td>\n<td>10 mcg (200%*)<\/td>\n<\/tr>\n<tr>\n<td>Vitamin A<\/td>\n<td>250 mcg (31%*)<\/td>\n<\/tr>\n<tr>\n<td>Vitamin E<\/td>\n<td>3 mg (25%*)<\/td>\n<\/tr>\n<\/tbody>\n<\/table>\n<p>* Von der Referenzaufnahme.<\/p>\n<h4>Zutaten M\u00f6llers Omega-3 Lebertran tutti frutti<\/h4>\n<p>Lebertran (aus nachhaltig gefangenem arktischem Kabeljau (FISH)), nat\u00fcrliches Fruchtaroma, dl-alpha-Tocopherylacetat (Vitamin E) und nat\u00fcrliches Tocopherol (Antioxidans).<\/p>\n<p><u>Verwenden Sie<\/u><br \/>\n1 x t\u00e4glich 5 ml (1 Dessertl\u00f6ffel). F\u00fcr Erwachsene und Kinder ab 6 Monaten. Auch f\u00fcr schwangere und stillende Frauen empfohlen.<\/p>\n<p>Nach dem \u00d6ffnen im K\u00fchlschrank aufbewahren, um die optimale Frische zu erhalten.<br \/>\nNach dem \u00d6ffnen hat das Fisch\u00f6l eine Haltbarkeit von 3 Monaten.<\/p>\n<p>Dieses Produkt ist ein Nahrungserg\u00e4nzungsmittel.<\/p>\n<p>Die empfohlene Dosierung darf nicht \u00fcberschritten werden.<\/p>\n<p>Eine abwechslungsreiche, ausgewogene Ern\u00e4hrung und eine gesunde Lebensweise sind wichtig. Ein Nahrungserg\u00e4nzungsmittel ist kein Ersatz f\u00fcr eine abwechslungsreiche Ern\u00e4hrung.<\/p>\n<p>Au\u00dferhalb der Reichweite von kleinen Kindern aufbewahren.<\/p>\n<p>Trocken, verschlossen und bei Raumtemperatur lagern, sofern nicht anders auf dem Etikett angegeben.<\/p>\n<p>Konsultieren Sie vor der Einnahme von Nahrungserg\u00e4nzungsmitteln im Falle von Schwangerschaft, Stillzeit, Medikamenteneinnahme und Krankheit einen Experten.<\/p>","protected":false},"excerpt":{"rendered":"<p>M\u00f6llers Omega-3 Lebertran tutti frutti, reines norwegisches Fisch\u00f6l mit Fruchtgeschmack, das Kinder lieben. Eine einzigartige Kombination aus nat\u00fcrlichem Omega-3 und den nat\u00fcrlichen Vitaminen A und D.<\/p>","protected":false},"featured_media":31731,"comment_status":"open","ping_status":"closed","template":"","meta":[],"product_brand":[],"product_cat":[2938],"product_tag":[3294,3295,3296],"merk":[3445],"class_list":{"0":"post-34444","1":"product","2":"type-product","3":"status-publish","4":"has-post-thumbnail","6":"product_cat-vitamines-mineralen-en-supplementen","7":"product_tag-mollers","8":"product_tag-omega-3","9":"product_tag-tutti-frutti","10":"merk-mollers","12":"first","13":"instock","14":"taxable","15":"shipping-taxable","16":"purchasable","17":"product-type-simple"},"bundled_by":[],"bundle_stock_status":"instock","bundle_stock_quantity":null,"bundle_virtual":false,"bundle_layout":"","bundle_add_to_cart_form_location":"","bundle_editable_in_cart":false,"bundle_sold_individually_context":"","bundle_item_grouping":"","bundle_min_size":"","bundle_max_size":"","bundle_price":[],"bundled_items":[],"bundle_sell_ids":[],"yoast_head":"<!-- This site is optimized with the Yoast SEO plugin v26.1 - https:\/\/yoast.com\/wordpress\/plugins\/seo\/ -->\n<title>M\u00f6llers Omega-3 levertraan tutti frutti 250ml - Alternatievemiddelen.nl<\/title>\n<meta name=\"description\" content=\"M\u00f6llers Omega-3 levertraan tutti frutti, pure Noorse visolie met fruitsmaak waar kinderen van houden. Een unieke combinatie van natuurlijke omega-3 en natuurlijke vitamine A en D.\" \/>\n<meta name=\"robots\" content=\"noindex, follow\" \/>\n<meta property=\"og:locale\" content=\"de_DE\" \/>\n<meta property=\"og:type\" content=\"article\" \/>\n<meta property=\"og:title\" content=\"M\u00f6llers Omega-3 levertraan tutti frutti 250ml - Alternatievemiddelen.nl\" \/>\n<meta property=\"og:description\" content=\"M\u00f6llers Omega-3 levertraan tutti frutti, pure Noorse visolie met fruitsmaak waar kinderen van houden. Een unieke combinatie van natuurlijke omega-3 en natuurlijke vitamine A en D.\" \/>\n<meta property=\"og:url\" content=\"https:\/\/www.alternatievemiddelen.nl\/de\/produkte\/mollers-omega-3-lebertran-tutti-frutti-250ml\/\" \/>\n<meta property=\"og:site_name\" content=\"Alternatievemiddelen.nl\" \/>\n<meta property=\"article:publisher\" content=\"https:\/\/www.facebook.com\/alternatievemiddelen\" \/>\n<meta property=\"article:modified_time\" content=\"2026-02-19T08:23:10+00:00\" \/>\n<meta property=\"og:image\" content=\"\/wp-content\/uploads\/2023\/12\/mollers-omega-3-levertraan-tutti-frutti-250ml.jpg\" \/>\n\t<meta property=\"og:image:width\" content=\"600\" \/>\n\t<meta property=\"og:image:height\" content=\"800\" \/>\n\t<meta property=\"og:image:type\" content=\"image\/jpeg\" \/>\n<meta name=\"twitter:card\" content=\"summary_large_image\" \/>\n<meta name=\"twitter:label1\" content=\"Gesch\u00e4tzte Lesezeit\" \/>\n\t<meta name=\"twitter:data1\" content=\"2\u00a0Minuten\" \/>\n<script type=\"application\/ld+json\" class=\"yoast-schema-graph\">{\"@context\":\"https:\/\/schema.org\",\"@graph\":[{\"@type\":[\"WebPage\",\"ItemPage\"],\"@id\":\"https:\/\/www.alternatievemiddelen.nl\/producten\/mollers-omega-3-levertraan-tutti-frutti-250ml\/\",\"url\":\"https:\/\/www.alternatievemiddelen.nl\/producten\/mollers-omega-3-levertraan-tutti-frutti-250ml\/\",\"name\":\"M\u00f6llers Omega-3 levertraan tutti frutti 250ml - Alternatievemiddelen.nl\",\"isPartOf\":{\"@id\":\"https:\/\/www.alternatievemiddelen.nl\/#website\"},\"primaryImageOfPage\":{\"@id\":\"https:\/\/www.alternatievemiddelen.nl\/producten\/mollers-omega-3-levertraan-tutti-frutti-250ml\/#primaryimage\"},\"image\":{\"@id\":\"https:\/\/www.alternatievemiddelen.nl\/producten\/mollers-omega-3-levertraan-tutti-frutti-250ml\/#primaryimage\"},\"thumbnailUrl\":\"https:\/\/www.alternatievemiddelen.nl\/wp-content\/uploads\/2023\/12\/mollers-omega-3-levertraan-tutti-frutti-250ml.jpg\",\"datePublished\":\"2024-02-27T07:29:58+00:00\",\"dateModified\":\"2026-02-19T08:23:10+00:00\",\"description\":\"M\u00f6llers Omega-3 levertraan tutti frutti, pure Noorse visolie met fruitsmaak waar kinderen van houden. Een unieke combinatie van natuurlijke omega-3 en natuurlijke vitamine A en D.\",\"breadcrumb\":{\"@id\":\"https:\/\/www.alternatievemiddelen.nl\/producten\/mollers-omega-3-levertraan-tutti-frutti-250ml\/#breadcrumb\"},\"inLanguage\":\"de\",\"potentialAction\":[{\"@type\":\"ReadAction\",\"target\":[\"https:\/\/www.alternatievemiddelen.nl\/producten\/mollers-omega-3-levertraan-tutti-frutti-250ml\/\"]}]},{\"@type\":\"ImageObject\",\"inLanguage\":\"de\",\"@id\":\"https:\/\/www.alternatievemiddelen.nl\/producten\/mollers-omega-3-levertraan-tutti-frutti-250ml\/#primaryimage\",\"url\":\"https:\/\/www.alternatievemiddelen.nl\/wp-content\/uploads\/2023\/12\/mollers-omega-3-levertraan-tutti-frutti-250ml.jpg\",\"contentUrl\":\"https:\/\/www.alternatievemiddelen.nl\/wp-content\/uploads\/2023\/12\/mollers-omega-3-levertraan-tutti-frutti-250ml.jpg\",\"width\":600,\"height\":800,\"caption\":\"Omega 3 levertraan van Moller's voor kinderen\"},{\"@type\":\"BreadcrumbList\",\"@id\":\"https:\/\/www.alternatievemiddelen.nl\/producten\/mollers-omega-3-levertraan-tutti-frutti-250ml\/#breadcrumb\",\"itemListElement\":[{\"@type\":\"ListItem\",\"position\":1,\"name\":\"Home\",\"item\":\"https:\/\/www.alternatievemiddelen.nl\/\"},{\"@type\":\"ListItem\",\"position\":2,\"name\":\"Producten\",\"item\":\"https:\/\/www.alternatievemiddelen.nl\/producten\/\"},{\"@type\":\"ListItem\",\"position\":3,\"name\":\"M\u00f6llers Omega-3 levertraan tutti frutti 250ml\"}]},{\"@type\":\"WebSite\",\"@id\":\"https:\/\/www.alternatievemiddelen.nl\/#website\",\"url\":\"https:\/\/www.alternatievemiddelen.nl\/\",\"name\":\"Alternatievemiddelen.nl\",\"description\":\"Webshop met gezonde, duurzame en ecologische alternatieve mogelijkheden in de hedendaagse levenstijl. Alles uit eigen ervaring.\",\"publisher\":{\"@id\":\"https:\/\/www.alternatievemiddelen.nl\/#organization\"},\"alternateName\":\"Alternatieve Middelen\",\"potentialAction\":[{\"@type\":\"SearchAction\",\"target\":{\"@type\":\"EntryPoint\",\"urlTemplate\":\"https:\/\/www.alternatievemiddelen.nl\/?s={search_term_string}\"},\"query-input\":{\"@type\":\"PropertyValueSpecification\",\"valueRequired\":true,\"valueName\":\"search_term_string\"}}],\"inLanguage\":\"de\"},{\"@type\":\"Organization\",\"@id\":\"https:\/\/www.alternatievemiddelen.nl\/#organization\",\"name\":\"Alternatievemiddelen.nl\",\"alternateName\":\"Alternatieve Middelen\",\"url\":\"https:\/\/www.alternatievemiddelen.nl\/\",\"logo\":{\"@type\":\"ImageObject\",\"inLanguage\":\"de\",\"@id\":\"https:\/\/www.alternatievemiddelen.nl\/#\/schema\/logo\/image\/\",\"url\":\"https:\/\/www.alternatievemiddelen.nl\/wp-content\/uploads\/2023\/10\/alternatievemiddelen-PNG-logo.png\",\"contentUrl\":\"https:\/\/www.alternatievemiddelen.nl\/wp-content\/uploads\/2023\/10\/alternatievemiddelen-PNG-logo.png\",\"width\":6400,\"height\":3062,\"caption\":\"Alternatievemiddelen.nl\"},\"image\":{\"@id\":\"https:\/\/www.alternatievemiddelen.nl\/#\/schema\/logo\/image\/\"},\"sameAs\":[\"https:\/\/www.facebook.com\/alternatievemiddelen\",\"https:\/\/www.instagram.com\/alternatievemiddelen.nl\/\"]}]}<\/script>\n<!-- \/ Yoast SEO plugin. -->","yoast_head_json":{"title":"M\u00f6llers Omega-3 levertraan tutti frutti 250ml - Alternatievemiddelen.nl","description":"M\u00f6llers Omega-3 levertraan tutti frutti, pure Noorse visolie met fruitsmaak waar kinderen van houden. Een unieke combinatie van natuurlijke omega-3 en natuurlijke vitamine A en D.","robots":{"index":"noindex","follow":"follow"},"og_locale":"de_DE","og_type":"article","og_title":"M\u00f6llers Omega-3 levertraan tutti frutti 250ml - Alternatievemiddelen.nl","og_description":"M\u00f6llers Omega-3 levertraan tutti frutti, pure Noorse visolie met fruitsmaak waar kinderen van houden. Een unieke combinatie van natuurlijke omega-3 en natuurlijke vitamine A en D.","og_url":"https:\/\/www.alternatievemiddelen.nl\/de\/produkte\/mollers-omega-3-lebertran-tutti-frutti-250ml\/","og_site_name":"Alternatievemiddelen.nl","article_publisher":"https:\/\/www.facebook.com\/alternatievemiddelen","article_modified_time":"2026-02-19T08:23:10+00:00","og_image":[{"width":600,"height":800,"url":"\/wp-content\/uploads\/2023\/12\/mollers-omega-3-levertraan-tutti-frutti-250ml.jpg","type":"image\/jpeg"}],"twitter_card":"summary_large_image","twitter_misc":{"Gesch\u00e4tzte Lesezeit":"2\u00a0Minuten"},"schema":{"@context":"https:\/\/schema.org","@graph":[{"@type":["WebPage","ItemPage"],"@id":"https:\/\/www.alternatievemiddelen.nl\/producten\/mollers-omega-3-levertraan-tutti-frutti-250ml\/","url":"https:\/\/www.alternatievemiddelen.nl\/producten\/mollers-omega-3-levertraan-tutti-frutti-250ml\/","name":"M\u00f6llers Omega-3 levertraan tutti frutti 250ml - Alternatievemiddelen.nl","isPartOf":{"@id":"https:\/\/www.alternatievemiddelen.nl\/#website"},"primaryImageOfPage":{"@id":"https:\/\/www.alternatievemiddelen.nl\/producten\/mollers-omega-3-levertraan-tutti-frutti-250ml\/#primaryimage"},"image":{"@id":"https:\/\/www.alternatievemiddelen.nl\/producten\/mollers-omega-3-levertraan-tutti-frutti-250ml\/#primaryimage"},"thumbnailUrl":"https:\/\/www.alternatievemiddelen.nl\/wp-content\/uploads\/2023\/12\/mollers-omega-3-levertraan-tutti-frutti-250ml.jpg","datePublished":"2024-02-27T07:29:58+00:00","dateModified":"2026-02-19T08:23:10+00:00","description":"M\u00f6llers Omega-3 levertraan tutti frutti, pure Noorse visolie met fruitsmaak waar kinderen van houden. Een unieke combinatie van natuurlijke omega-3 en natuurlijke vitamine A en D.","breadcrumb":{"@id":"https:\/\/www.alternatievemiddelen.nl\/producten\/mollers-omega-3-levertraan-tutti-frutti-250ml\/#breadcrumb"},"inLanguage":"de","potentialAction":[{"@type":"ReadAction","target":["https:\/\/www.alternatievemiddelen.nl\/producten\/mollers-omega-3-levertraan-tutti-frutti-250ml\/"]}]},{"@type":"ImageObject","inLanguage":"de","@id":"https:\/\/www.alternatievemiddelen.nl\/producten\/mollers-omega-3-levertraan-tutti-frutti-250ml\/#primaryimage","url":"https:\/\/www.alternatievemiddelen.nl\/wp-content\/uploads\/2023\/12\/mollers-omega-3-levertraan-tutti-frutti-250ml.jpg","contentUrl":"https:\/\/www.alternatievemiddelen.nl\/wp-content\/uploads\/2023\/12\/mollers-omega-3-levertraan-tutti-frutti-250ml.jpg","width":600,"height":800,"caption":"Omega 3 levertraan van Moller's voor kinderen"},{"@type":"BreadcrumbList","@id":"https:\/\/www.alternatievemiddelen.nl\/producten\/mollers-omega-3-levertraan-tutti-frutti-250ml\/#breadcrumb","itemListElement":[{"@type":"ListItem","position":1,"name":"Home","item":"https:\/\/www.alternatievemiddelen.nl\/"},{"@type":"ListItem","position":2,"name":"Producten","item":"https:\/\/www.alternatievemiddelen.nl\/producten\/"},{"@type":"ListItem","position":3,"name":"M\u00f6llers Omega-3 levertraan tutti frutti 250ml"}]},{"@type":"WebSite","@id":"https:\/\/www.alternatievemiddelen.nl\/#website","url":"https:\/\/www.alternatievemiddelen.nl\/","name":"Alternatievemiddelen.nl","description":"Webshop met gezonde, duurzame en ecologische alternatieve mogelijkheden in de hedendaagse levenstijl. Alles uit eigen ervaring.","publisher":{"@id":"https:\/\/www.alternatievemiddelen.nl\/#organization"},"alternateName":"Alternatieve Middelen","potentialAction":[{"@type":"SearchAction","target":{"@type":"EntryPoint","urlTemplate":"https:\/\/www.alternatievemiddelen.nl\/?s={search_term_string}"},"query-input":{"@type":"PropertyValueSpecification","valueRequired":true,"valueName":"search_term_string"}}],"inLanguage":"de"},{"@type":"Organization","@id":"https:\/\/www.alternatievemiddelen.nl\/#organization","name":"Alternatievemiddelen.nl","alternateName":"Alternatieve Middelen","url":"https:\/\/www.alternatievemiddelen.nl\/","logo":{"@type":"ImageObject","inLanguage":"de","@id":"https:\/\/www.alternatievemiddelen.nl\/#\/schema\/logo\/image\/","url":"https:\/\/www.alternatievemiddelen.nl\/wp-content\/uploads\/2023\/10\/alternatievemiddelen-PNG-logo.png","contentUrl":"https:\/\/www.alternatievemiddelen.nl\/wp-content\/uploads\/2023\/10\/alternatievemiddelen-PNG-logo.png","width":6400,"height":3062,"caption":"Alternatievemiddelen.nl"},"image":{"@id":"https:\/\/www.alternatievemiddelen.nl\/#\/schema\/logo\/image\/"},"sameAs":["https:\/\/www.facebook.com\/alternatievemiddelen","https:\/\/www.instagram.com\/alternatievemiddelen.nl\/"]}]}},"_links":{"self":[{"href":"https:\/\/www.alternatievemiddelen.nl\/de\/wp-json\/wp\/v2\/product\/34444","targetHints":{"allow":["GET"]}}],"collection":[{"href":"https:\/\/www.alternatievemiddelen.nl\/de\/wp-json\/wp\/v2\/product"}],"about":[{"href":"https:\/\/www.alternatievemiddelen.nl\/de\/wp-json\/wp\/v2\/types\/product"}],"replies":[{"embeddable":true,"href":"https:\/\/www.alternatievemiddelen.nl\/de\/wp-json\/wp\/v2\/comments?post=34444"}],"wp:featuredmedia":[{"embeddable":true,"href":"https:\/\/www.alternatievemiddelen.nl\/de\/wp-json\/wp\/v2\/media\/31731"}],"wp:attachment":[{"href":"https:\/\/www.alternatievemiddelen.nl\/de\/wp-json\/wp\/v2\/media?parent=34444"}],"wp:term":[{"taxonomy":"product_brand","embeddable":true,"href":"https:\/\/www.alternatievemiddelen.nl\/de\/wp-json\/wp\/v2\/product_brand?post=34444"},{"taxonomy":"product_cat","embeddable":true,"href":"https:\/\/www.alternatievemiddelen.nl\/de\/wp-json\/wp\/v2\/product_cat?post=34444"},{"taxonomy":"product_tag","embeddable":true,"href":"https:\/\/www.alternatievemiddelen.nl\/de\/wp-json\/wp\/v2\/product_tag?post=34444"},{"taxonomy":"merk","embeddable":true,"href":"https:\/\/www.alternatievemiddelen.nl\/de\/wp-json\/wp\/v2\/merk?post=34444"}],"curies":[{"name":"wp","href":"https:\/\/api.w.org\/{rel}","templated":true}]}}