{"id":34448,"date":"2024-02-27T08:30:03","date_gmt":"2024-02-27T07:30:03","guid":{"rendered":"https:\/\/www.alternatievemiddelen.nl\/?post_type=product&#038;p=34448"},"modified":"2025-10-03T11:16:11","modified_gmt":"2025-10-03T09:16:11","slug":"imperial-berkey-set-rvs","status":"publish","type":"product","link":"https:\/\/www.alternatievemiddelen.nl\/de\/produkte\/imperial-berkey-set-edelstahl\/","title":{"rendered":"Imperial Berkey Set: Wasserfilter 17L (mit 2x schwarzen Berkey Elementen) + Edelstahlhahn + St\u00e4nder"},"content":{"rendered":"<p>Imperial Berkey Water Filter Set - Berkey ist eine der weltweit meistverkauften Marken f\u00fcr Wasserfilter und -reinigungssysteme und wird von mehreren Gesundheitsmagazinen, Labors und unabh\u00e4ngigen Gesundheits-Websites empfohlen. Es gibt Millionen von zufriedenen Kunden auf der ganzen Welt.<br \/>\n&nbsp;<\/p>\n<h3>Informationen \u00fcber den Wasserfilter Imperial Berkey<\/h3>\n<p>Berkey Wasserfilter filtern mehr als 99,9% Chlor, Viren, Bakterien, Zysten, Arzneimittelr\u00fcckst\u00e4nde, Parasiten und gef\u00e4hrliche chemische Verunreinigungen heraus. Schwermetalle werden f\u00fcr 95% herausgefiltert (bis zu fast 100% sogar mit\u00a0<a href=\"https:\/\/www.alternatievemiddelen.nl\/de\/produkte\/fluorid-und-arsenfilterelemente\/\">Fluorid- und Arsenfilter<\/a>). So bleiben die wichtigen Mineralien, die der K\u00f6rper braucht, erhalten.<\/p>\n<p>Der Wasserfilter Imperial Berkey wird mit 2 originalen <a href=\"https:\/\/www.alternatievemiddelen.nl\/de\/produkte\/black-berkey-wasserfilterelemente\/\">Schwarze Berkey-Filterelemente<\/a> und kann auf 6 Elemente erweitert werden. <a href=\"https:\/\/www.alternatievemiddelen.nl\/de\/produkte\/black-berkey-wasserfilterelemente\/\">Schwarze Berkey-Filterelemente<\/a> nutzen die neuesten technologischen Entwicklungen in der Wasserreinigung. Die Berkey-Wasserfilter gelten daher als die besten und haltbarsten Wasserfiltersysteme auf dem Markt und sind die leistungsst\u00e4rksten tragbaren Wasserfilter. Die Black Berkey-Filterelemente wurden von einem unabh\u00e4ngigen Labor nach den NSF\/ANSI-Normen 42 und 53 getestet. Siehe die <a href=\"https:\/\/www.alternatievemiddelen.nl\/wp-content\/uploads\/2023\/07\/Testrapport-Black-Berkey-filterelementen.pdf\" target=\"_blank\" rel=\"noopener\">Laborbericht<\/a> f\u00fcr weitere Einzelheiten.<\/p>\n<p>Das Ger\u00e4t hat ein Fassungsverm\u00f6gen von etwa 17 Litern Wasser, mehr als genug f\u00fcr die meisten Bed\u00fcrfnisse. Sie k\u00f6nnen die Filterelemente des Black Berkey mehrere Jahre lang verwenden, was bedeutet, dass sich das Ger\u00e4t im Vergleich zu Wasserfiltern anderer Marken schnell amortisiert.<\/p>\n<p>Das Geh\u00e4use ist aus poliertem Edelstahl (304) gefertigt, was eine lange Lebensdauer gew\u00e4hrleistet.<br \/>\n&nbsp;<\/p>\n<h3>Merkmale Imperial Berkey Wasserfilter<\/h3>\n<ul>\n<li>Der ideale Wasserfilter f\u00fcr gr\u00f6\u00dfere Familien, Gruppen, Veranstaltungen, Kinderg\u00e4rten und B\u00fcros. Geeignet f\u00fcr die Verwendung durch 4-8 Personen<\/li>\n<li>Filtert Viren, Bakterien, Zysten und Parasiten f\u00fcr mehr als 99,9%<\/li>\n<li>Filtert Pestizide und Arzneimittelr\u00fcckst\u00e4nde so gut heraus, dass sie nicht mehr messbar sind<\/li>\n<li>Filtert Schwermetalle f\u00fcr mehr als 95% (bis zu fast 100% sogar mit\u00a0<a href=\"https:\/\/www.alternatievemiddelen.nl\/de\/produkte\/fluorid-und-arsenfilterelemente\/\">Fluorid- und Arsenfilter<\/a>)<\/li>\n<li>Einfach zu bedienen<\/li>\n<li>Fassungsverm\u00f6gen f\u00fcr 17 Liter<\/li>\n<li>Standardm\u00e4\u00dfig geliefert mit 2 <a href=\"https:\/\/www.alternatievemiddelen.nl\/de\/produkte\/black-berkey-wasserfilterelemente\/\">Schwarze Berkey-Filterelemente<\/a><\/li>\n<li>Erweiterbar auf bis zu 6\u00a0<a href=\"https:\/\/www.alternatievemiddelen.nl\/de\/produkte\/black-berkey-wasserfilterelemente\/\">Schwarze Berkey-Filterelemente<\/a><\/li>\n<li>Hochwertiger, polierter Edelstahl AISI 304<\/li>\n<li>Filtert 20,8 Liter pro Stunde mit 2 Elementen<\/li>\n<li>Filtert 41,5 Liter pro Stunde mit 4 Elementen<\/li>\n<li>Filtert 62,5 Liter pro Stunde mit 6 Elementen<\/li>\n<li>H\u00f6he: 66 cm<\/li>\n<li>Durchmesser: 25,5 cm<\/li>\n<\/ul>\n<p>&nbsp;<br \/>\nDas Wasserfilter-Set Imperial Berkey (im Angebot) besteht aus den unten aufgef\u00fchrten Produkten. Klicken Sie auf die Artikelnummern f\u00fcr weitere Informationen zu den einzelnen Produkten. Die Produkte im Set:<\/p>\n<p>- Imperial Berkey Wasserfilter 17L (einschlie\u00dflich 2x Schwarz Berkey Elemente) - art.no. <a href=\"https:\/\/www.alternatievemiddelen.nl\/de\/produkte\/kaiserlicher-berkey-wasserfilter\/\">BRIMP6X2-BB<\/a><br \/>\n- Ventil aus rostfreiem Stahl f\u00fcr Berkey-Systeme - Ref. <a href=\"https:\/\/www.alternatievemiddelen.nl\/de\/produkte\/edelstahlhahn-berkey-systems\/\">BRSPIGOT-SS<\/a><br \/>\n- Standard f\u00fcr Imperial Berkey-Wasserfilter - Art.-Nr. <a href=\"https:\/\/www.alternatievemiddelen.nl\/de\/produkte\/standard-fur-imperial-crown-berkey-wasserfilter\/\">BRXLRGBASE<\/a><br \/>\n&nbsp;<\/p>\n<h3>Einrichtung<\/h3>\n<p>Sie k\u00f6nnen den Imperial Berkey in wenigen Minuten ohne Werkzeug zusammenbauen. Der erste Schritt bei der Vorbereitung eines Berkey Wasserfilters ist die Grundierung <a href=\"https:\/\/www.alternatievemiddelen.nl\/de\/produkte\/black-berkey-wasserfilterelemente\/\">Schwarze Berkey-Filterelemente<\/a>. Es ist wichtig, dass dies richtig gemacht wird, da die Reinigung des Wassers sonst sehr lange dauert. Alle Informationen zu den Wasserfiltern Berkey finden Sie in unserer <a href=\"https:\/\/www.alternatievemiddelen.nl\/de\/die-bibliothek\/\">Bibliothek<\/a>die Handb\u00fccher, Anleitungsvideos und Antworten auf h\u00e4ufig gestellte Fragen enth\u00e4lt. Sollte das Ansaugen mit dem Wasserhahn fehlschlagen, kann ein <a href=\"https:\/\/www.alternatievemiddelen.nl\/de\/produkte\/boroux-automatische-filter-ansaugpumpe\/\">automatische Entl\u00fcftungspumpe<\/a> oder <a href=\"https:\/\/www.alternatievemiddelen.nl\/de\/produkte\/grundierung-mit-schwarzem-berkey\/\">manuelle Entl\u00fcftungspumpe<\/a> bei uns bestellen.<\/p>","protected":false},"excerpt":{"rendered":"<p>Imperial Berkey Set bestehend aus: Imperial Berkey Wasserfilter 17L (mit 2x schwarzen Berkey Elementen), Edelstahlhahn und Sockel (Standard).<\/p>\n<p><span style=\"color: #274001;\"><strong>Dieses Kombi-Angebot besteht aus:<\/strong><\/span><\/p>","protected":false},"featured_media":44067,"comment_status":"open","ping_status":"closed","template":"","meta":[],"product_brand":[],"product_cat":[2971,3478],"product_tag":[2961,2974,2929,2976,2977,3227,3226,3009,3010,2880,3030,2885,2979,2980,2981],"merk":[3432],"class_list":{"0":"post-34448","1":"product","2":"type-product","3":"status-publish","4":"has-post-thumbnail","6":"product_cat-waterfilters","7":"product_cat-combideals","8":"product_tag-berkey","9":"product_tag-black-berkey","10":"product_tag-duurzaam","11":"product_tag-filterelement","12":"product_tag-hormoonvrij","13":"product_tag-imperial","14":"product_tag-imperial-berkey","15":"product_tag-kraantje","16":"product_tag-roestvrij","17":"product_tag-rvs","18":"product_tag-set","19":"product_tag-water","20":"product_tag-waterfilter","21":"product_tag-waterzuivering","22":"product_tag-zuiver","23":"merk-berkey","25":"first","26":"instock","27":"sale","28":"taxable","29":"shipping-taxable","30":"purchasable","31":"product-type-bundle"},"bundled_by":[],"bundle_stock_status":"instock","bundle_stock_quantity":"","bundle_virtual":false,"bundle_layout":"tabular","bundle_add_to_cart_form_location":"default","bundle_editable_in_cart":false,"bundle_sold_individually_context":"product","bundle_item_grouping":"parent","bundle_min_size":3,"bundle_max_size":3,"bundle_price":{"price":{"min":{"incl_tax":"550.05","excl_tax":"454.586777"},"max":{"incl_tax":"550.05","excl_tax":"454.586777"}},"regular_price":{"min":{"incl_tax":"579","excl_tax":"478.512397"},"max":{"incl_tax":"579","excl_tax":"478.512397"}}},"bundled_items":[{"bundled_item_id":171,"product_id":34353,"menu_order":0,"quantity_min":1,"quantity_max":1,"quantity_default":1,"priced_individually":false,"shipped_individually":false,"override_title":false,"title":"Imperial Berkey Waterfilter 17L","override_description":false,"description":"","optional":false,"hide_thumbnail":false,"discount":"","override_variations":true,"allowed_variations":[35805],"override_default_variation_attributes":false,"default_variation_attributes":[],"single_product_visibility":"visible","cart_visibility":"hidden","order_visibility":"hidden","single_product_price_visibility":"visible","cart_price_visibility":"visible","order_price_visibility":"visible","stock_status":"in_stock"},{"bundled_item_id":90,"product_id":34442,"menu_order":1,"quantity_min":1,"quantity_max":1,"quantity_default":1,"priced_individually":false,"shipped_individually":false,"override_title":false,"title":"RVS Kraantje voor Berkey waterfilter en andere merken RVS waterfilters (origineel van Berkey)","override_description":true,"description":"","optional":false,"hide_thumbnail":false,"discount":"","override_variations":false,"allowed_variations":[],"override_default_variation_attributes":false,"default_variation_attributes":[],"single_product_visibility":"visible","cart_visibility":"hidden","order_visibility":"hidden","single_product_price_visibility":"visible","cart_price_visibility":"visible","order_price_visibility":"visible","stock_status":"in_stock"},{"bundled_item_id":91,"product_id":34507,"menu_order":2,"quantity_min":1,"quantity_max":1,"quantity_default":1,"priced_individually":false,"shipped_individually":false,"override_title":false,"title":"Standaard voor Imperial en Crown Berkey waterfilter","override_description":true,"description":"","optional":false,"hide_thumbnail":false,"discount":"","override_variations":false,"allowed_variations":[],"override_default_variation_attributes":false,"default_variation_attributes":[],"single_product_visibility":"visible","cart_visibility":"hidden","order_visibility":"hidden","single_product_price_visibility":"visible","cart_price_visibility":"visible","order_price_visibility":"visible","stock_status":"in_stock"}],"bundle_sell_ids":[],"yoast_head":"<!-- This site is optimized with the Yoast SEO plugin v26.1 - https:\/\/yoast.com\/wordpress\/plugins\/seo\/ -->\n<title>Imperial Berkey set: Waterfilter 17L (inclusief 2x Black Berkey elementen) + RVS Kraantje + Standaard - Alternatievemiddelen.nl<\/title>\n<meta name=\"description\" content=\"Imperial Berkey set bestaande uit: Imperial Berkey Waterfilter 17L (inclusief 2x Black Berkey elementen),\u00a0RVS kraantje en\u00a0basis (standaard).\" \/>\n<meta name=\"robots\" content=\"index, follow, max-snippet:-1, max-image-preview:large, max-video-preview:-1\" \/>\n<link rel=\"canonical\" href=\"https:\/\/www.alternatievemiddelen.nl\/de\/wp-json\/wp\/v2\/product\/34448\" \/>\n<meta property=\"og:locale\" content=\"de_DE\" \/>\n<meta property=\"og:type\" content=\"article\" \/>\n<meta property=\"og:title\" content=\"Imperial Berkey set: Waterfilter 17L (inclusief 2x Black Berkey elementen) + RVS Kraantje + Standaard - Alternatievemiddelen.nl\" \/>\n<meta property=\"og:description\" content=\"Imperial Berkey set bestaande uit: Imperial Berkey Waterfilter 17L (inclusief 2x Black Berkey elementen),\u00a0RVS kraantje en\u00a0basis (standaard).\" \/>\n<meta property=\"og:url\" content=\"https:\/\/www.alternatievemiddelen.nl\/de\/produkte\/imperial-berkey-set-edelstahl\/\" \/>\n<meta property=\"og:site_name\" content=\"Alternatievemiddelen.nl\" \/>\n<meta property=\"article:modified_time\" content=\"2025-10-03T09:16:11+00:00\" \/>\n<meta property=\"og:image\" content=\"\/wp-content\/uploads\/2024\/02\/Imperial_Berkey_set-rvs-nieuw.jpg\" \/>\n\t<meta property=\"og:image:width\" content=\"1200\" \/>\n\t<meta property=\"og:image:height\" content=\"1600\" \/>\n\t<meta property=\"og:image:type\" content=\"image\/jpeg\" \/>\n<meta name=\"twitter:card\" content=\"summary_large_image\" \/>\n<meta name=\"twitter:label1\" content=\"Gesch\u00e4tzte Lesezeit\" \/>\n\t<meta name=\"twitter:data1\" content=\"3\u00a0Minuten\" \/>\n<script type=\"application\/ld+json\" class=\"yoast-schema-graph\">{\"@context\":\"https:\/\/schema.org\",\"@graph\":[{\"@type\":[\"WebPage\",\"ItemPage\"],\"@id\":\"https:\/\/www.alternatievemiddelen.nl\/producten\/imperial-berkey-set-rvs\/\",\"url\":\"https:\/\/www.alternatievemiddelen.nl\/producten\/imperial-berkey-set-rvs\/\",\"name\":\"Imperial Berkey set: Waterfilter 17L (inclusief 2x Black Berkey elementen) + RVS Kraantje + Standaard - Alternatievemiddelen.nl\",\"isPartOf\":{\"@id\":\"https:\/\/www.alternatievemiddelen.nl\/#website\"},\"primaryImageOfPage\":{\"@id\":\"https:\/\/www.alternatievemiddelen.nl\/producten\/imperial-berkey-set-rvs\/#primaryimage\"},\"image\":{\"@id\":\"https:\/\/www.alternatievemiddelen.nl\/producten\/imperial-berkey-set-rvs\/#primaryimage\"},\"thumbnailUrl\":\"https:\/\/www.alternatievemiddelen.nl\/wp-content\/uploads\/2024\/02\/Imperial_Berkey_set-rvs-nieuw.jpg\",\"datePublished\":\"2024-02-27T07:30:03+00:00\",\"dateModified\":\"2025-10-03T09:16:11+00:00\",\"description\":\"Imperial Berkey set bestaande uit: Imperial Berkey Waterfilter 17L (inclusief 2x Black Berkey elementen),\u00a0RVS kraantje en\u00a0basis (standaard).\",\"breadcrumb\":{\"@id\":\"https:\/\/www.alternatievemiddelen.nl\/producten\/imperial-berkey-set-rvs\/#breadcrumb\"},\"inLanguage\":\"de\",\"potentialAction\":[{\"@type\":\"ReadAction\",\"target\":[\"https:\/\/www.alternatievemiddelen.nl\/producten\/imperial-berkey-set-rvs\/\"]}]},{\"@type\":\"ImageObject\",\"inLanguage\":\"de\",\"@id\":\"https:\/\/www.alternatievemiddelen.nl\/producten\/imperial-berkey-set-rvs\/#primaryimage\",\"url\":\"https:\/\/www.alternatievemiddelen.nl\/wp-content\/uploads\/2024\/02\/Imperial_Berkey_set-rvs-nieuw.jpg\",\"contentUrl\":\"https:\/\/www.alternatievemiddelen.nl\/wp-content\/uploads\/2024\/02\/Imperial_Berkey_set-rvs-nieuw.jpg\",\"width\":1200,\"height\":1600,\"caption\":\"Imperial Berkey set met rvs kraantje\"},{\"@type\":\"BreadcrumbList\",\"@id\":\"https:\/\/www.alternatievemiddelen.nl\/producten\/imperial-berkey-set-rvs\/#breadcrumb\",\"itemListElement\":[{\"@type\":\"ListItem\",\"position\":1,\"name\":\"Home\",\"item\":\"https:\/\/www.alternatievemiddelen.nl\/\"},{\"@type\":\"ListItem\",\"position\":2,\"name\":\"Producten\",\"item\":\"https:\/\/www.alternatievemiddelen.nl\/producten\/\"},{\"@type\":\"ListItem\",\"position\":3,\"name\":\"Imperial Berkey set: Waterfilter 17L (inclusief 2x Black Berkey elementen) + RVS Kraantje + Standaard\"}]},{\"@type\":\"WebSite\",\"@id\":\"https:\/\/www.alternatievemiddelen.nl\/#website\",\"url\":\"https:\/\/www.alternatievemiddelen.nl\/\",\"name\":\"Alternatievemiddelen.nl\",\"description\":\"Webshop met gezonde, duurzame en ecologische alternatieve mogelijkheden in de hedendaagse levenstijl. Alles uit eigen ervaring.\",\"publisher\":{\"@id\":\"https:\/\/www.alternatievemiddelen.nl\/#organization\"},\"potentialAction\":[{\"@type\":\"SearchAction\",\"target\":{\"@type\":\"EntryPoint\",\"urlTemplate\":\"https:\/\/www.alternatievemiddelen.nl\/?s={search_term_string}\"},\"query-input\":{\"@type\":\"PropertyValueSpecification\",\"valueRequired\":true,\"valueName\":\"search_term_string\"}}],\"inLanguage\":\"de\"},{\"@type\":\"Organization\",\"@id\":\"https:\/\/www.alternatievemiddelen.nl\/#organization\",\"name\":\"Alternatievemiddelen.nl\",\"url\":\"https:\/\/www.alternatievemiddelen.nl\/\",\"logo\":{\"@type\":\"ImageObject\",\"inLanguage\":\"de\",\"@id\":\"https:\/\/www.alternatievemiddelen.nl\/#\/schema\/logo\/image\/\",\"url\":\"https:\/\/www.alternatievemiddelen.nl\/wp-content\/uploads\/2023\/10\/alternatievemiddelen-PNG-logo.png\",\"contentUrl\":\"https:\/\/www.alternatievemiddelen.nl\/wp-content\/uploads\/2023\/10\/alternatievemiddelen-PNG-logo.png\",\"width\":6400,\"height\":3062,\"caption\":\"Alternatievemiddelen.nl\"},\"image\":{\"@id\":\"https:\/\/www.alternatievemiddelen.nl\/#\/schema\/logo\/image\/\"}}]}<\/script>\n<!-- \/ Yoast SEO plugin. -->","yoast_head_json":{"title":"Imperial Berkey set: Waterfilter 17L (inclusief 2x Black Berkey elementen) + RVS Kraantje + Standaard - Alternatievemiddelen.nl","description":"Imperial Berkey set bestaande uit: Imperial Berkey Waterfilter 17L (inclusief 2x Black Berkey elementen),\u00a0RVS kraantje en\u00a0basis (standaard).","robots":{"index":"index","follow":"follow","max-snippet":"max-snippet:-1","max-image-preview":"max-image-preview:large","max-video-preview":"max-video-preview:-1"},"canonical":"https:\/\/www.alternatievemiddelen.nl\/de\/wp-json\/wp\/v2\/product\/34448","og_locale":"de_DE","og_type":"article","og_title":"Imperial Berkey set: Waterfilter 17L (inclusief 2x Black Berkey elementen) + RVS Kraantje + Standaard - Alternatievemiddelen.nl","og_description":"Imperial Berkey set bestaande uit: Imperial Berkey Waterfilter 17L (inclusief 2x Black Berkey elementen),\u00a0RVS kraantje en\u00a0basis (standaard).","og_url":"https:\/\/www.alternatievemiddelen.nl\/de\/produkte\/imperial-berkey-set-edelstahl\/","og_site_name":"Alternatievemiddelen.nl","article_modified_time":"2025-10-03T09:16:11+00:00","og_image":[{"width":1200,"height":1600,"url":"\/wp-content\/uploads\/2024\/02\/Imperial_Berkey_set-rvs-nieuw.jpg","type":"image\/jpeg"}],"twitter_card":"summary_large_image","twitter_misc":{"Gesch\u00e4tzte Lesezeit":"3\u00a0Minuten"},"schema":{"@context":"https:\/\/schema.org","@graph":[{"@type":["WebPage","ItemPage"],"@id":"https:\/\/www.alternatievemiddelen.nl\/producten\/imperial-berkey-set-rvs\/","url":"https:\/\/www.alternatievemiddelen.nl\/producten\/imperial-berkey-set-rvs\/","name":"Imperial Berkey set: Waterfilter 17L (inclusief 2x Black Berkey elementen) + RVS Kraantje + Standaard - Alternatievemiddelen.nl","isPartOf":{"@id":"https:\/\/www.alternatievemiddelen.nl\/#website"},"primaryImageOfPage":{"@id":"https:\/\/www.alternatievemiddelen.nl\/producten\/imperial-berkey-set-rvs\/#primaryimage"},"image":{"@id":"https:\/\/www.alternatievemiddelen.nl\/producten\/imperial-berkey-set-rvs\/#primaryimage"},"thumbnailUrl":"https:\/\/www.alternatievemiddelen.nl\/wp-content\/uploads\/2024\/02\/Imperial_Berkey_set-rvs-nieuw.jpg","datePublished":"2024-02-27T07:30:03+00:00","dateModified":"2025-10-03T09:16:11+00:00","description":"Imperial Berkey set bestaande uit: Imperial Berkey Waterfilter 17L (inclusief 2x Black Berkey elementen),\u00a0RVS kraantje en\u00a0basis (standaard).","breadcrumb":{"@id":"https:\/\/www.alternatievemiddelen.nl\/producten\/imperial-berkey-set-rvs\/#breadcrumb"},"inLanguage":"de","potentialAction":[{"@type":"ReadAction","target":["https:\/\/www.alternatievemiddelen.nl\/producten\/imperial-berkey-set-rvs\/"]}]},{"@type":"ImageObject","inLanguage":"de","@id":"https:\/\/www.alternatievemiddelen.nl\/producten\/imperial-berkey-set-rvs\/#primaryimage","url":"https:\/\/www.alternatievemiddelen.nl\/wp-content\/uploads\/2024\/02\/Imperial_Berkey_set-rvs-nieuw.jpg","contentUrl":"https:\/\/www.alternatievemiddelen.nl\/wp-content\/uploads\/2024\/02\/Imperial_Berkey_set-rvs-nieuw.jpg","width":1200,"height":1600,"caption":"Imperial Berkey set met rvs kraantje"},{"@type":"BreadcrumbList","@id":"https:\/\/www.alternatievemiddelen.nl\/producten\/imperial-berkey-set-rvs\/#breadcrumb","itemListElement":[{"@type":"ListItem","position":1,"name":"Home","item":"https:\/\/www.alternatievemiddelen.nl\/"},{"@type":"ListItem","position":2,"name":"Producten","item":"https:\/\/www.alternatievemiddelen.nl\/producten\/"},{"@type":"ListItem","position":3,"name":"Imperial Berkey set: Waterfilter 17L (inclusief 2x Black Berkey elementen) + RVS Kraantje + Standaard"}]},{"@type":"WebSite","@id":"https:\/\/www.alternatievemiddelen.nl\/#website","url":"https:\/\/www.alternatievemiddelen.nl\/","name":"Alternatievemiddelen.nl","description":"Webshop met gezonde, duurzame en ecologische alternatieve mogelijkheden in de hedendaagse levenstijl. Alles uit eigen ervaring.","publisher":{"@id":"https:\/\/www.alternatievemiddelen.nl\/#organization"},"potentialAction":[{"@type":"SearchAction","target":{"@type":"EntryPoint","urlTemplate":"https:\/\/www.alternatievemiddelen.nl\/?s={search_term_string}"},"query-input":{"@type":"PropertyValueSpecification","valueRequired":true,"valueName":"search_term_string"}}],"inLanguage":"de"},{"@type":"Organization","@id":"https:\/\/www.alternatievemiddelen.nl\/#organization","name":"Alternatievemiddelen.nl","url":"https:\/\/www.alternatievemiddelen.nl\/","logo":{"@type":"ImageObject","inLanguage":"de","@id":"https:\/\/www.alternatievemiddelen.nl\/#\/schema\/logo\/image\/","url":"https:\/\/www.alternatievemiddelen.nl\/wp-content\/uploads\/2023\/10\/alternatievemiddelen-PNG-logo.png","contentUrl":"https:\/\/www.alternatievemiddelen.nl\/wp-content\/uploads\/2023\/10\/alternatievemiddelen-PNG-logo.png","width":6400,"height":3062,"caption":"Alternatievemiddelen.nl"},"image":{"@id":"https:\/\/www.alternatievemiddelen.nl\/#\/schema\/logo\/image\/"}}]}},"_links":{"self":[{"href":"https:\/\/www.alternatievemiddelen.nl\/de\/wp-json\/wp\/v2\/product\/34448","targetHints":{"allow":["GET"]}}],"collection":[{"href":"https:\/\/www.alternatievemiddelen.nl\/de\/wp-json\/wp\/v2\/product"}],"about":[{"href":"https:\/\/www.alternatievemiddelen.nl\/de\/wp-json\/wp\/v2\/types\/product"}],"replies":[{"embeddable":true,"href":"https:\/\/www.alternatievemiddelen.nl\/de\/wp-json\/wp\/v2\/comments?post=34448"}],"wp:featuredmedia":[{"embeddable":true,"href":"https:\/\/www.alternatievemiddelen.nl\/de\/wp-json\/wp\/v2\/media\/44067"}],"wp:attachment":[{"href":"https:\/\/www.alternatievemiddelen.nl\/de\/wp-json\/wp\/v2\/media?parent=34448"}],"wp:term":[{"taxonomy":"product_brand","embeddable":true,"href":"https:\/\/www.alternatievemiddelen.nl\/de\/wp-json\/wp\/v2\/product_brand?post=34448"},{"taxonomy":"product_cat","embeddable":true,"href":"https:\/\/www.alternatievemiddelen.nl\/de\/wp-json\/wp\/v2\/product_cat?post=34448"},{"taxonomy":"product_tag","embeddable":true,"href":"https:\/\/www.alternatievemiddelen.nl\/de\/wp-json\/wp\/v2\/product_tag?post=34448"},{"taxonomy":"merk","embeddable":true,"href":"https:\/\/www.alternatievemiddelen.nl\/de\/wp-json\/wp\/v2\/merk?post=34448"}],"curies":[{"name":"wp","href":"https:\/\/api.w.org\/{rel}","templated":true}]}}