{"id":34453,"date":"2024-02-27T08:30:09","date_gmt":"2024-02-27T07:30:09","guid":{"rendered":"https:\/\/www.alternatievemiddelen.nl\/?post_type=product&#038;p=34453"},"modified":"2025-04-28T08:09:09","modified_gmt":"2025-04-28T06:09:09","slug":"vitakruid-zink-methionine-koper","status":"publish","type":"product","link":"https:\/\/www.alternatievemiddelen.nl\/de\/produkte\/vitakruid-zink-methionin-kupfer-90\/","title":{"rendered":"Vitakruid Zink Methionin &amp; Kupfer 90 Kapseln"},"content":{"rendered":"<p>Vitakruid Zink Methionin &amp; Kupfer 90 Kapseln - Mineralstoffpr\u00e4parat<\/p>\n<p><u>Zink und Kupfer in den am besten bioverf\u00fcgbaren Formen<\/u><br \/>\nZinkmethionin ist die einzige Form von Zink, die nicht an Phytate, Oxalate oder Tannine bindet. In der Tat, die Bindung an einen dieser Antin\u00e4hrstoffe deutlich reduziert Absorption. Dar\u00fcber hinaus hat Vitakruid dieser Formel Kupfer in Form von Gluconat hinzugef\u00fcgt. Kupfergluconat ist das bioverf\u00fcgbare Kupfersalz der D-Glucons\u00e4ure und die am besten absorbierbare Kupferform, die es gibt.<\/p>\n<p><u>Kupfer beigef\u00fcgt, um die Bilanz zu sichern<\/u><br \/>\nDer Titel l\u00e4sst es vielleicht schon vermuten, aber wir haben zus\u00e4tzlich zu Zink auch Kupfer in die Zink-Methionin &amp; Kupfer-Formel aufgenommen. Gleichgewicht ist in der Tat das Wort, auf dem die Wirksamkeit unseres Mineralhaushalts beruht. Wie auf einer Waage werden die verschiedenen Elemente in unserem K\u00f6rper st\u00e4ndig gewogen. Die Mineralien, die wir kennen, stehen in unterschiedlichen Beziehungen zueinander. Zink und Kupfer zum Beispiel haben eine so genannte synergistische Wirkung. Das bedeutet, dass die Elemente sowohl stimulierende als auch hemmende Wirkungen aufeinander haben. Es ist also wichtig, die synergistischen Elemente immer gemeinsam zu erg\u00e4nzen, um eine Fehlanpassung zu vermeiden.<\/p>\n<p><u>Zink wird als wichtigstes Spurenelement bezeichnet<\/u><br \/>\nDas vielleicht wichtigste Spurenelement f\u00fcr unseren menschlichen K\u00f6rper ist Zink. Der gesamte K\u00f6rper enth\u00e4lt etwa zwei bis drei Gramm Zink, das meiste davon befindet sich in den gro\u00dfen Muskeln. Hier wird das lebenswichtige Spurenelement schnell verbraucht, so dass auch die Zinkspeicher ausreichend aufgef\u00fcllt werden m\u00fcssen. Der t\u00e4gliche Verzehr von zinkhaltigen Lebensmitteln ist also ratsam, und wir missachten diesen scheinbar einfachen Rat massenhaft. Die landwirtschaftliche Entwicklung der letzten Jahrzehnte hat einfach dazu gef\u00fchrt, dass unser Obst und Gem\u00fcse 60% weniger Vitamine und Mineralstoffe enth\u00e4lt als noch vor 20 Jahren. Au\u00dferdem sind Vegetarier und Veganer eine Hochrisikogruppe f\u00fcr einen unzureichenden Zinkgehalt. Pflanzliches Zink wird n\u00e4mlich im Vergleich zu tierischen Zinkquellen nur schlecht vom K\u00f6rper aufgenommen. Eine Zinksupplementierung ist daher f\u00fcr eine gr\u00f6\u00dfere Gruppe ratsam, als man zun\u00e4chst annehmen k\u00f6nnte.<\/p>\n<p>- Zink ist gut f\u00fcr das Skelett, den Zellteilungsprozess, das Sehverm\u00f6gen, die Konzentration, die Haare, die N\u00e4gel und die m\u00e4nnliche Fruchtbarkeit<br \/>\n- Zink tr\u00e4gt zu einer normalen DNA-Synthese und einem normalen Testosteronspiegel im Blut bei.<br \/>\n- Zink hilft beim Aufbau von K\u00f6rpereiwei\u00df<br \/>\n- Zink n\u00e4hrt die Haut<br \/>\n- Zink tr\u00e4gt zu einem normalen Makron\u00e4hrstoff- und S\u00e4ure-Basen-Stoffwechsel bei<br \/>\n- Zink und Kupfer haben positive Auswirkungen auf das Immunsystem<br \/>\n- Zink und Kupfer sind Antioxidantien<br \/>\n- Kupfer ist gut f\u00fcr das Bindegewebe in der Haut und das Nervensystem<br \/>\n- Kupfer f\u00f6rdert den Energiestoffwechsel und die normale Pigmentierung der Haut<br \/>\n- Kupfer unterst\u00fctzt den Eisentransport im K\u00f6rper<\/p>\n<table>\n<tbody>\n<tr>\n<td><u><b>Zusammensetzung pro Tagesdosis von 1 Kapsel:<\/b><\/u><\/td>\n<td><\/td>\n<td><u><b>RI*<\/b><\/u><\/td>\n<\/tr>\n<tr>\n<td>Zink (als 157 mg Zink-L-Monomethionin)<\/td>\n<td>30 mg<\/td>\n<td>300%<\/td>\n<\/tr>\n<tr>\n<td>Kupfer (Gluconat)<\/td>\n<td>2 mg<\/td>\n<td>200%<\/td>\n<\/tr>\n<\/tbody>\n<\/table>\n<p>* Referenzeinnahme<\/p>\n<p><u><b>Inhaltsstoffe<\/b><\/u><br \/>\nKartoffelst\u00e4rke (F\u00fcllstoff), Zink-L-Monomethionin, pflanzliche HPMC-Kapsel, Kupfergluconat, Sonnenblumen\u00f6l (Flie\u00dfhilfsmittel), Magnesiumstearat (Flie\u00dfhilfsmittel).<\/p>\n<p><u><b>Verwenden Sie<\/b><\/u><br \/>\nNehmen Sie 1 Kapsel vorzugsweise abends zu den Mahlzeiten ein, sofern nicht anders verordnet.<\/p>\n<p>Dieses Produkt ist ein Nahrungserg\u00e4nzungsmittel.<\/p>\n<p>Die empfohlene Dosierung darf nicht \u00fcberschritten werden.<\/p>\n<p>Eine abwechslungsreiche, ausgewogene Ern\u00e4hrung und eine gesunde Lebensweise sind wichtig. Ein Nahrungserg\u00e4nzungsmittel ist kein Ersatz f\u00fcr eine abwechslungsreiche Ern\u00e4hrung.<\/p>\n<p>Au\u00dferhalb der Reichweite von kleinen Kindern aufbewahren.<\/p>\n<p>Trocken, verschlossen und bei Raumtemperatur lagern, sofern nicht anders auf dem Etikett angegeben.<\/p>\n<p>Konsultieren Sie vor der Einnahme von Nahrungserg\u00e4nzungsmitteln im Falle von Schwangerschaft, Stillzeit, Medikamenteneinnahme und Krankheit einen Experten.<\/p>","protected":false},"excerpt":{"rendered":"<p>Vitakruid Zink Methionin &amp; Kupfer 90 Kapseln - Mineralstoffpr\u00e4parat<\/p>","protected":false},"featured_media":31844,"comment_status":"open","ping_status":"closed","template":"","meta":[],"product_brand":[],"product_cat":[2938],"product_tag":[3388,3406,3407],"merk":[3436],"class_list":{"0":"post-34453","1":"product","2":"type-product","3":"status-publish","4":"has-post-thumbnail","6":"product_cat-vitamines-mineralen-en-supplementen","7":"product_tag-vitakruid","8":"product_tag-vitakruid-zink-methionine-koper","9":"product_tag-zink-methionine-koper","10":"merk-vitakruid","12":"first","13":"instock","14":"taxable","15":"shipping-taxable","16":"purchasable","17":"product-type-simple"},"bundled_by":[],"bundle_stock_status":"instock","bundle_stock_quantity":null,"bundle_virtual":false,"bundle_layout":"","bundle_add_to_cart_form_location":"","bundle_editable_in_cart":false,"bundle_sold_individually_context":"","bundle_item_grouping":"","bundle_min_size":"","bundle_max_size":"","bundle_price":[],"bundled_items":[],"bundle_sell_ids":[],"yoast_head":"<!-- This site is optimized with the Yoast SEO plugin v26.1 - https:\/\/yoast.com\/wordpress\/plugins\/seo\/ -->\n<title>Vitakruid Zink Methionine &amp; Koper 90 capsules - Alternatievemiddelen.nl<\/title>\n<meta name=\"description\" content=\"Vitakruid Zink Methionine &amp; Koper 90 capsules - Mineralenpreparaat\" \/>\n<meta name=\"robots\" content=\"noindex, follow\" \/>\n<meta property=\"og:locale\" content=\"de_DE\" \/>\n<meta property=\"og:type\" content=\"article\" \/>\n<meta property=\"og:title\" content=\"Vitakruid Zink Methionine &amp; Koper 90 capsules - Alternatievemiddelen.nl\" \/>\n<meta property=\"og:description\" content=\"Vitakruid Zink Methionine &amp; Koper 90 capsules - Mineralenpreparaat\" \/>\n<meta property=\"og:url\" content=\"https:\/\/www.alternatievemiddelen.nl\/de\/produkte\/vitakruid-zink-methionin-kupfer-90\/\" \/>\n<meta property=\"og:site_name\" content=\"Alternatievemiddelen.nl\" \/>\n<meta property=\"article:modified_time\" content=\"2025-04-28T06:09:09+00:00\" \/>\n<meta property=\"og:image\" content=\"\/wp-content\/uploads\/2023\/12\/Vitakruid-Zink-Methionine-Koper.jpg\" \/>\n\t<meta property=\"og:image:width\" content=\"600\" \/>\n\t<meta property=\"og:image:height\" content=\"800\" \/>\n\t<meta property=\"og:image:type\" content=\"image\/jpeg\" \/>\n<meta name=\"twitter:card\" content=\"summary_large_image\" \/>\n<meta name=\"twitter:label1\" content=\"Gesch\u00e4tzte Lesezeit\" \/>\n\t<meta name=\"twitter:data1\" content=\"3\u00a0Minuten\" \/>\n<script type=\"application\/ld+json\" class=\"yoast-schema-graph\">{\"@context\":\"https:\/\/schema.org\",\"@graph\":[{\"@type\":[\"WebPage\",\"ItemPage\"],\"@id\":\"https:\/\/www.alternatievemiddelen.nl\/producten\/vitakruid-zink-methionine-koper\/\",\"url\":\"https:\/\/www.alternatievemiddelen.nl\/producten\/vitakruid-zink-methionine-koper\/\",\"name\":\"Vitakruid Zink Methionine & Koper 90 capsules - Alternatievemiddelen.nl\",\"isPartOf\":{\"@id\":\"https:\/\/www.alternatievemiddelen.nl\/#website\"},\"primaryImageOfPage\":{\"@id\":\"https:\/\/www.alternatievemiddelen.nl\/producten\/vitakruid-zink-methionine-koper\/#primaryimage\"},\"image\":{\"@id\":\"https:\/\/www.alternatievemiddelen.nl\/producten\/vitakruid-zink-methionine-koper\/#primaryimage\"},\"thumbnailUrl\":\"https:\/\/www.alternatievemiddelen.nl\/wp-content\/uploads\/2023\/12\/Vitakruid-Zink-Methionine-Koper.jpg\",\"datePublished\":\"2024-02-27T07:30:09+00:00\",\"dateModified\":\"2025-04-28T06:09:09+00:00\",\"description\":\"Vitakruid Zink Methionine & Koper 90 capsules - Mineralenpreparaat\",\"breadcrumb\":{\"@id\":\"https:\/\/www.alternatievemiddelen.nl\/producten\/vitakruid-zink-methionine-koper\/#breadcrumb\"},\"inLanguage\":\"de\",\"potentialAction\":[{\"@type\":\"ReadAction\",\"target\":[\"https:\/\/www.alternatievemiddelen.nl\/producten\/vitakruid-zink-methionine-koper\/\"]}]},{\"@type\":\"ImageObject\",\"inLanguage\":\"de\",\"@id\":\"https:\/\/www.alternatievemiddelen.nl\/producten\/vitakruid-zink-methionine-koper\/#primaryimage\",\"url\":\"https:\/\/www.alternatievemiddelen.nl\/wp-content\/uploads\/2023\/12\/Vitakruid-Zink-Methionine-Koper.jpg\",\"contentUrl\":\"https:\/\/www.alternatievemiddelen.nl\/wp-content\/uploads\/2023\/12\/Vitakruid-Zink-Methionine-Koper.jpg\",\"width\":600,\"height\":800,\"caption\":\"Virtakruid Zink-Methionine en Koper\"},{\"@type\":\"BreadcrumbList\",\"@id\":\"https:\/\/www.alternatievemiddelen.nl\/producten\/vitakruid-zink-methionine-koper\/#breadcrumb\",\"itemListElement\":[{\"@type\":\"ListItem\",\"position\":1,\"name\":\"Home\",\"item\":\"https:\/\/www.alternatievemiddelen.nl\/\"},{\"@type\":\"ListItem\",\"position\":2,\"name\":\"Producten\",\"item\":\"https:\/\/www.alternatievemiddelen.nl\/producten\/\"},{\"@type\":\"ListItem\",\"position\":3,\"name\":\"Vitakruid Zink Methionine &#038; Koper 90 capsules\"}]},{\"@type\":\"WebSite\",\"@id\":\"https:\/\/www.alternatievemiddelen.nl\/#website\",\"url\":\"https:\/\/www.alternatievemiddelen.nl\/\",\"name\":\"Alternatievemiddelen.nl\",\"description\":\"Webshop met gezonde, duurzame en ecologische alternatieve mogelijkheden in de hedendaagse levenstijl. Alles uit eigen ervaring.\",\"publisher\":{\"@id\":\"https:\/\/www.alternatievemiddelen.nl\/#organization\"},\"potentialAction\":[{\"@type\":\"SearchAction\",\"target\":{\"@type\":\"EntryPoint\",\"urlTemplate\":\"https:\/\/www.alternatievemiddelen.nl\/?s={search_term_string}\"},\"query-input\":{\"@type\":\"PropertyValueSpecification\",\"valueRequired\":true,\"valueName\":\"search_term_string\"}}],\"inLanguage\":\"de\"},{\"@type\":\"Organization\",\"@id\":\"https:\/\/www.alternatievemiddelen.nl\/#organization\",\"name\":\"Alternatievemiddelen.nl\",\"url\":\"https:\/\/www.alternatievemiddelen.nl\/\",\"logo\":{\"@type\":\"ImageObject\",\"inLanguage\":\"de\",\"@id\":\"https:\/\/www.alternatievemiddelen.nl\/#\/schema\/logo\/image\/\",\"url\":\"https:\/\/www.alternatievemiddelen.nl\/wp-content\/uploads\/2023\/10\/alternatievemiddelen-PNG-logo.png\",\"contentUrl\":\"https:\/\/www.alternatievemiddelen.nl\/wp-content\/uploads\/2023\/10\/alternatievemiddelen-PNG-logo.png\",\"width\":6400,\"height\":3062,\"caption\":\"Alternatievemiddelen.nl\"},\"image\":{\"@id\":\"https:\/\/www.alternatievemiddelen.nl\/#\/schema\/logo\/image\/\"}}]}<\/script>\n<!-- \/ Yoast SEO plugin. -->","yoast_head_json":{"title":"Vitakruid Zink Methionine & Koper 90 capsules - Alternatievemiddelen.nl","description":"Vitakruid Zink Methionine & Koper 90 capsules - Mineralenpreparaat","robots":{"index":"noindex","follow":"follow"},"og_locale":"de_DE","og_type":"article","og_title":"Vitakruid Zink Methionine & Koper 90 capsules - Alternatievemiddelen.nl","og_description":"Vitakruid Zink Methionine & Koper 90 capsules - Mineralenpreparaat","og_url":"https:\/\/www.alternatievemiddelen.nl\/de\/produkte\/vitakruid-zink-methionin-kupfer-90\/","og_site_name":"Alternatievemiddelen.nl","article_modified_time":"2025-04-28T06:09:09+00:00","og_image":[{"width":600,"height":800,"url":"\/wp-content\/uploads\/2023\/12\/Vitakruid-Zink-Methionine-Koper.jpg","type":"image\/jpeg"}],"twitter_card":"summary_large_image","twitter_misc":{"Gesch\u00e4tzte Lesezeit":"3\u00a0Minuten"},"schema":{"@context":"https:\/\/schema.org","@graph":[{"@type":["WebPage","ItemPage"],"@id":"https:\/\/www.alternatievemiddelen.nl\/producten\/vitakruid-zink-methionine-koper\/","url":"https:\/\/www.alternatievemiddelen.nl\/producten\/vitakruid-zink-methionine-koper\/","name":"Vitakruid Zink Methionine & Koper 90 capsules - Alternatievemiddelen.nl","isPartOf":{"@id":"https:\/\/www.alternatievemiddelen.nl\/#website"},"primaryImageOfPage":{"@id":"https:\/\/www.alternatievemiddelen.nl\/producten\/vitakruid-zink-methionine-koper\/#primaryimage"},"image":{"@id":"https:\/\/www.alternatievemiddelen.nl\/producten\/vitakruid-zink-methionine-koper\/#primaryimage"},"thumbnailUrl":"https:\/\/www.alternatievemiddelen.nl\/wp-content\/uploads\/2023\/12\/Vitakruid-Zink-Methionine-Koper.jpg","datePublished":"2024-02-27T07:30:09+00:00","dateModified":"2025-04-28T06:09:09+00:00","description":"Vitakruid Zink Methionine & Koper 90 capsules - Mineralenpreparaat","breadcrumb":{"@id":"https:\/\/www.alternatievemiddelen.nl\/producten\/vitakruid-zink-methionine-koper\/#breadcrumb"},"inLanguage":"de","potentialAction":[{"@type":"ReadAction","target":["https:\/\/www.alternatievemiddelen.nl\/producten\/vitakruid-zink-methionine-koper\/"]}]},{"@type":"ImageObject","inLanguage":"de","@id":"https:\/\/www.alternatievemiddelen.nl\/producten\/vitakruid-zink-methionine-koper\/#primaryimage","url":"https:\/\/www.alternatievemiddelen.nl\/wp-content\/uploads\/2023\/12\/Vitakruid-Zink-Methionine-Koper.jpg","contentUrl":"https:\/\/www.alternatievemiddelen.nl\/wp-content\/uploads\/2023\/12\/Vitakruid-Zink-Methionine-Koper.jpg","width":600,"height":800,"caption":"Virtakruid Zink-Methionine en Koper"},{"@type":"BreadcrumbList","@id":"https:\/\/www.alternatievemiddelen.nl\/producten\/vitakruid-zink-methionine-koper\/#breadcrumb","itemListElement":[{"@type":"ListItem","position":1,"name":"Home","item":"https:\/\/www.alternatievemiddelen.nl\/"},{"@type":"ListItem","position":2,"name":"Producten","item":"https:\/\/www.alternatievemiddelen.nl\/producten\/"},{"@type":"ListItem","position":3,"name":"Vitakruid Zink Methionine &#038; Koper 90 capsules"}]},{"@type":"WebSite","@id":"https:\/\/www.alternatievemiddelen.nl\/#website","url":"https:\/\/www.alternatievemiddelen.nl\/","name":"Alternatievemiddelen.nl","description":"Webshop met gezonde, duurzame en ecologische alternatieve mogelijkheden in de hedendaagse levenstijl. Alles uit eigen ervaring.","publisher":{"@id":"https:\/\/www.alternatievemiddelen.nl\/#organization"},"potentialAction":[{"@type":"SearchAction","target":{"@type":"EntryPoint","urlTemplate":"https:\/\/www.alternatievemiddelen.nl\/?s={search_term_string}"},"query-input":{"@type":"PropertyValueSpecification","valueRequired":true,"valueName":"search_term_string"}}],"inLanguage":"de"},{"@type":"Organization","@id":"https:\/\/www.alternatievemiddelen.nl\/#organization","name":"Alternatievemiddelen.nl","url":"https:\/\/www.alternatievemiddelen.nl\/","logo":{"@type":"ImageObject","inLanguage":"de","@id":"https:\/\/www.alternatievemiddelen.nl\/#\/schema\/logo\/image\/","url":"https:\/\/www.alternatievemiddelen.nl\/wp-content\/uploads\/2023\/10\/alternatievemiddelen-PNG-logo.png","contentUrl":"https:\/\/www.alternatievemiddelen.nl\/wp-content\/uploads\/2023\/10\/alternatievemiddelen-PNG-logo.png","width":6400,"height":3062,"caption":"Alternatievemiddelen.nl"},"image":{"@id":"https:\/\/www.alternatievemiddelen.nl\/#\/schema\/logo\/image\/"}}]}},"_links":{"self":[{"href":"https:\/\/www.alternatievemiddelen.nl\/de\/wp-json\/wp\/v2\/product\/34453","targetHints":{"allow":["GET"]}}],"collection":[{"href":"https:\/\/www.alternatievemiddelen.nl\/de\/wp-json\/wp\/v2\/product"}],"about":[{"href":"https:\/\/www.alternatievemiddelen.nl\/de\/wp-json\/wp\/v2\/types\/product"}],"replies":[{"embeddable":true,"href":"https:\/\/www.alternatievemiddelen.nl\/de\/wp-json\/wp\/v2\/comments?post=34453"}],"wp:featuredmedia":[{"embeddable":true,"href":"https:\/\/www.alternatievemiddelen.nl\/de\/wp-json\/wp\/v2\/media\/31844"}],"wp:attachment":[{"href":"https:\/\/www.alternatievemiddelen.nl\/de\/wp-json\/wp\/v2\/media?parent=34453"}],"wp:term":[{"taxonomy":"product_brand","embeddable":true,"href":"https:\/\/www.alternatievemiddelen.nl\/de\/wp-json\/wp\/v2\/product_brand?post=34453"},{"taxonomy":"product_cat","embeddable":true,"href":"https:\/\/www.alternatievemiddelen.nl\/de\/wp-json\/wp\/v2\/product_cat?post=34453"},{"taxonomy":"product_tag","embeddable":true,"href":"https:\/\/www.alternatievemiddelen.nl\/de\/wp-json\/wp\/v2\/product_tag?post=34453"},{"taxonomy":"merk","embeddable":true,"href":"https:\/\/www.alternatievemiddelen.nl\/de\/wp-json\/wp\/v2\/merk?post=34453"}],"curies":[{"name":"wp","href":"https:\/\/api.w.org\/{rel}","templated":true}]}}