{"id":34471,"date":"2024-02-27T08:38:54","date_gmt":"2024-02-27T07:38:54","guid":{"rendered":"https:\/\/www.alternatievemiddelen.nl\/?post_type=product&#038;p=34471"},"modified":"2026-04-25T09:25:42","modified_gmt":"2026-04-25T07:25:42","slug":"royal-berkey-set-rvs","status":"publish","type":"product","link":"https:\/\/www.alternatievemiddelen.nl\/de\/produkte\/royal-berkey-set-edelstahl\/","title":{"rendered":"Royal Berkey Set: Wasserfilter 12.3L (inklusive 2x Black Berkey Elemente) + Edelstahlhahn + St\u00e4nder"},"content":{"rendered":"<p>Das Wasserfilter-Set Royal Berkey - Berkey ist eine der meistverkauften Marken f\u00fcr Wasserfilter und -reinigungssysteme auf der ganzen Welt und wird von mehreren Gesundheitsmagazinen, Labors und unabh\u00e4ngigen Gesundheits-Websites empfohlen. Es gibt Millionen von zufriedenen Kunden auf der ganzen Welt.<br \/>\n&nbsp;<\/p>\n<h3>Informationen \u00fcber den Wasserfilter Royal Berkey<\/h3>\n<p>Berkey Wasserfilter filtern mehr als 99,9% Chlor, Viren, Bakterien, Zysten, Arzneimittelr\u00fcckst\u00e4nde, Parasiten und gef\u00e4hrliche chemische Verunreinigungen heraus. Schwermetalle werden f\u00fcr 95% herausgefiltert (bis zu fast 100% sogar mit\u00a0<a href=\"https:\/\/www.alternatievemiddelen.nl\/de\/produkte\/fluorid-und-arsenfilterelemente\/\">Fluorid- und Arsenfilter<\/a>). So bleiben die wichtigen Mineralien, die der K\u00f6rper braucht, erhalten.<\/p>\n<p>Der Wasserfilter Royal Berkey wird mit 2 originalen <a href=\"https:\/\/www.alternatievemiddelen.nl\/de\/produkte\/black-berkey-wasserfilterelemente\/\">Schwarze Berkey-Filterelemente<\/a> und kann auf vier Elemente erweitert werden. <a href=\"https:\/\/www.alternatievemiddelen.nl\/de\/produkte\/black-berkey-wasserfilterelemente\/\">Schwarze Berkey-Filterelemente<\/a> nutzen die neuesten technologischen Entwicklungen in der Wasserreinigung. Die Berkey-Wasserfilter gelten daher als die besten und haltbarsten Wasserfiltersysteme auf dem Markt und sind die leistungsst\u00e4rksten tragbaren Wasserfilter. Die Black Berkey-Filterelemente wurden von einem unabh\u00e4ngigen Labor nach den NSF\/ANSI-Normen 42 und 53 getestet. Siehe die <a href=\"https:\/\/www.alternatievemiddelen.nl\/wp-content\/uploads\/2023\/07\/Testrapport-Black-Berkey-filterelementen.pdf\" target=\"_blank\" rel=\"noopener\">Laborbericht<\/a> f\u00fcr weitere Einzelheiten.<\/p>\n<p>Das Ger\u00e4t hat ein Fassungsverm\u00f6gen von etwa 12,3 Litern Wasser, mehr als genug f\u00fcr die meisten Bed\u00fcrfnisse. Die Filterelemente des Black Berkey k\u00f6nnen mehrere Jahre lang verwendet werden, wodurch er sich im Vergleich zu Wasserfiltern anderer Marken schnell amortisiert.<\/p>\n<p>Das Geh\u00e4use ist aus poliertem Edelstahl (304) gefertigt, was eine lange Lebensdauer gew\u00e4hrleistet.<br \/>\n&nbsp;<\/p>\n<h3>Merkmale Royal Berkey Wasserfilter<\/h3>\n<ul>\n<li>Der ideale Wasserfilter f\u00fcr Haus und B\u00fcro. Geeignet f\u00fcr die Verwendung durch 2-6 Personen<\/li>\n<li>Filtert Viren, Bakterien, Zysten und Parasiten f\u00fcr mehr als 99,9%<\/li>\n<li>Filtert Pestizide und Arzneimittelr\u00fcckst\u00e4nde so gut heraus, dass sie nicht mehr messbar sind<\/li>\n<li>Filtert Schwermetalle f\u00fcr mehr als 95% (bis zu fast 100% sogar mit\u00a0<a href=\"https:\/\/www.alternatievemiddelen.nl\/de\/produkte\/fluorid-und-arsenfilterelemente\/\">Fluorid- und Arsenfilter<\/a>)<\/li>\n<li>Einfach zu bedienen<\/li>\n<li>Fassungsverm\u00f6gen f\u00fcr 12,3 Liter<\/li>\n<li>Standardm\u00e4\u00dfig geliefert mit 2 <a href=\"https:\/\/www.alternatievemiddelen.nl\/de\/produkte\/black-berkey-wasserfilterelemente\/\">Schwarze Berkey-Filterelemente<\/a><\/li>\n<li>Erweiterbar auf bis zu 4\u00a0<a href=\"https:\/\/www.alternatievemiddelen.nl\/de\/produkte\/black-berkey-wasserfilterelemente\/\">Schwarze Berkey-Filterelemente<\/a><\/li>\n<li>Hochwertiger, polierter Edelstahl AISI 304<\/li>\n<li>Filtert 15,1 Liter pro Stunde mit 2 Elementen<\/li>\n<li>Filtert 30,2 Liter pro Stunde mit 4 Elementen<\/li>\n<li>H\u00f6he: 58,4 cm<\/li>\n<li>Durchmesser: 24 cm<\/li>\n<\/ul>\n<p>&nbsp;<br \/>\nDas Wasserfilter-Set Royal Berkey (Angebot) setzt sich aus den unten aufgef\u00fchrten Produkten zusammen. Klicken Sie auf die Artikelnummern f\u00fcr weitere Informationen zu den einzelnen Produkten. Die Produkte im Set:<\/p>\n<p>- Royal Berkey Wasserfilter 12.3L (einschlie\u00dflich 2x Schwarz Berkey Elemente) - art.no. <a href=\"https:\/\/www.alternatievemiddelen.nl\/de\/produkte\/royal-berkey-wasserfilter\/\">BRRB4X2-BB<\/a><br \/>\n- Ventil aus rostfreiem Stahl f\u00fcr Berkey-Systeme - Ref. <a href=\"https:\/\/www.alternatievemiddelen.nl\/de\/produkte\/edelstahlhahn-berkey-systems\/\">BRSPIGOT-SS<\/a><br \/>\n- St\u00e4nder f\u00fcr Wasserfilter Royal Berkey - Art. Nr. <a href=\"https:\/\/www.alternatievemiddelen.nl\/de\/produkte\/standard-royal-berkey-pure-filters-familienwasserfilter\/\">BRLRGBASE<\/a><br \/>\n&nbsp;<\/p>\n<h3>Einrichtung<\/h3>\n<p>Sie k\u00f6nnen den Royal Berkey in wenigen Minuten ohne Werkzeug zusammenbauen. Der erste Schritt bei der Vorbereitung eines Berkey Wasserfilters ist die Grundierung <a href=\"https:\/\/www.alternatievemiddelen.nl\/de\/produkte\/black-berkey-wasserfilterelemente\/\">Schwarze Berkey-Filterelemente<\/a>. Es ist wichtig, dass dies richtig gemacht wird, da die Reinigung des Wassers sonst sehr lange dauert. Alle Informationen zu den Wasserfiltern Berkey finden Sie in unserer <a href=\"https:\/\/www.alternatievemiddelen.nl\/de\/die-bibliothek\/\">Bibliothek<\/a>die Handb\u00fccher, Anleitungsvideos und Antworten auf h\u00e4ufig gestellte Fragen enth\u00e4lt. Sollte das Ansaugen mit dem Wasserhahn fehlschlagen, kann ein <a href=\"https:\/\/www.alternatievemiddelen.nl\/de\/produkte\/boroux-automatische-filter-ansaugpumpe\/\">automatische Entl\u00fcftungspumpe<\/a> oder <a href=\"https:\/\/www.alternatievemiddelen.nl\/de\/produkte\/grundierung-mit-schwarzem-berkey\/\">manuelle Entl\u00fcftungspumpe<\/a> bei uns bestellen.<\/p>","protected":false},"excerpt":{"rendered":"<p>Royal Berkey Set bestehend aus: Royal Berkey Wasserfilter 12.3L (inklusive 2x Black Berkey Filterelemente), Edelstahlhahn und Sockel (Standard).<\/p>\n<p><span style=\"color: #274001;\"><strong>Dieses Kombi-Angebot besteht aus:<\/strong><\/span><\/p>","protected":false},"featured_media":44068,"comment_status":"open","ping_status":"closed","template":"","meta":[],"product_brand":[],"product_cat":[2971,3478],"product_tag":[2961,2974,2929,2976,2977,3009,3010,3235,2880,3030,2885,2979,2980,2981],"merk":[3432],"class_list":{"0":"post-34471","1":"product","2":"type-product","3":"status-publish","4":"has-post-thumbnail","6":"product_cat-waterfilters","7":"product_cat-combideals","8":"product_tag-berkey","9":"product_tag-black-berkey","10":"product_tag-duurzaam","11":"product_tag-filterelement","12":"product_tag-hormoonvrij","13":"product_tag-kraantje","14":"product_tag-roestvrij","15":"product_tag-royal-berkey","16":"product_tag-rvs","17":"product_tag-set","18":"product_tag-water","19":"product_tag-waterfilter","20":"product_tag-waterzuivering","21":"product_tag-zuiver","22":"merk-berkey","24":"first","25":"instock","26":"sale","27":"taxable","28":"shipping-taxable","29":"purchasable","30":"product-type-bundle"},"bundled_by":[],"bundle_stock_status":"instock","bundle_stock_quantity":"","bundle_virtual":false,"bundle_layout":"tabular","bundle_add_to_cart_form_location":"default","bundle_editable_in_cart":false,"bundle_sold_individually_context":"product","bundle_item_grouping":"parent","bundle_min_size":3,"bundle_max_size":3,"bundle_price":{"price":{"min":{"incl_tax":"487.35","excl_tax":"402.768595"},"max":{"incl_tax":"487.35","excl_tax":"402.768595"}},"regular_price":{"min":{"incl_tax":"513","excl_tax":"423.966942"},"max":{"incl_tax":"513","excl_tax":"423.966942"}}},"bundled_items":[{"bundled_item_id":169,"product_id":34412,"menu_order":0,"quantity_min":1,"quantity_max":1,"quantity_default":1,"priced_individually":false,"shipped_individually":false,"override_title":false,"title":"Royal Berkey Waterfilter 12,3L","override_description":false,"description":"","optional":false,"hide_thumbnail":false,"discount":"","override_variations":true,"allowed_variations":[35794],"override_default_variation_attributes":false,"default_variation_attributes":[],"single_product_visibility":"visible","cart_visibility":"hidden","order_visibility":"hidden","single_product_price_visibility":"visible","cart_price_visibility":"visible","order_price_visibility":"visible","stock_status":"in_stock"},{"bundled_item_id":83,"product_id":34442,"menu_order":1,"quantity_min":1,"quantity_max":1,"quantity_default":1,"priced_individually":false,"shipped_individually":false,"override_title":false,"title":"RVS Kraantje voor Berkey waterfilter en andere merken RVS waterfilters (origineel van Berkey)","override_description":true,"description":"","optional":false,"hide_thumbnail":false,"discount":"","override_variations":false,"allowed_variations":[],"override_default_variation_attributes":false,"default_variation_attributes":[],"single_product_visibility":"visible","cart_visibility":"hidden","order_visibility":"hidden","single_product_price_visibility":"visible","cart_price_visibility":"visible","order_price_visibility":"visible","stock_status":"in_stock"},{"bundled_item_id":84,"product_id":34567,"menu_order":2,"quantity_min":1,"quantity_max":1,"quantity_default":1,"priced_individually":false,"shipped_individually":false,"override_title":false,"title":"Standaard voor Royal Berkey en Pure Filters Family waterfilter","override_description":true,"description":"","optional":false,"hide_thumbnail":false,"discount":"","override_variations":false,"allowed_variations":[],"override_default_variation_attributes":false,"default_variation_attributes":[],"single_product_visibility":"visible","cart_visibility":"hidden","order_visibility":"hidden","single_product_price_visibility":"visible","cart_price_visibility":"visible","order_price_visibility":"visible","stock_status":"in_stock"}],"bundle_sell_ids":[],"yoast_head":"<!-- This site is optimized with the Yoast SEO plugin v26.1 - https:\/\/yoast.com\/wordpress\/plugins\/seo\/ -->\n<title>Royal Berkey set: Waterfilter 12,3L (inclusief 2x Black Berkey elementen) + RVS Kraantje + Standaard - Alternatievemiddelen.nl<\/title>\n<meta name=\"description\" content=\"Royal Berkey set bestaande uit: Royal Berkey Waterfilter 12,3L (inclusief 2x Black Berkey filterelementen),\u00a0RVS kraantje en\u00a0basis (standaard).\" \/>\n<meta name=\"robots\" content=\"index, follow, max-snippet:-1, max-image-preview:large, max-video-preview:-1\" \/>\n<link rel=\"canonical\" href=\"https:\/\/www.alternatievemiddelen.nl\/de\/wp-json\/wp\/v2\/product\/34471\" \/>\n<meta property=\"og:locale\" content=\"de_DE\" \/>\n<meta property=\"og:type\" content=\"article\" \/>\n<meta property=\"og:title\" content=\"Royal Berkey set: Waterfilter 12,3L (inclusief 2x Black Berkey elementen) + RVS Kraantje + Standaard - Alternatievemiddelen.nl\" \/>\n<meta property=\"og:description\" content=\"Royal Berkey set bestaande uit: Royal Berkey Waterfilter 12,3L (inclusief 2x Black Berkey filterelementen),\u00a0RVS kraantje en\u00a0basis (standaard).\" \/>\n<meta property=\"og:url\" content=\"https:\/\/www.alternatievemiddelen.nl\/de\/produkte\/royal-berkey-set-edelstahl\/\" \/>\n<meta property=\"og:site_name\" content=\"Alternatievemiddelen.nl\" \/>\n<meta property=\"article:modified_time\" content=\"2026-04-25T07:25:42+00:00\" \/>\n<meta property=\"og:image\" content=\"\/wp-content\/uploads\/2024\/02\/Royal_Berkey_set-rvs-nieuw.jpg\" \/>\n\t<meta property=\"og:image:width\" content=\"1200\" \/>\n\t<meta property=\"og:image:height\" content=\"1600\" \/>\n\t<meta property=\"og:image:type\" content=\"image\/jpeg\" \/>\n<meta name=\"twitter:card\" content=\"summary_large_image\" \/>\n<meta name=\"twitter:label1\" content=\"Gesch\u00e4tzte Lesezeit\" \/>\n\t<meta name=\"twitter:data1\" content=\"3\u00a0Minuten\" \/>\n<script type=\"application\/ld+json\" class=\"yoast-schema-graph\">{\"@context\":\"https:\/\/schema.org\",\"@graph\":[{\"@type\":[\"WebPage\",\"ItemPage\"],\"@id\":\"https:\/\/www.alternatievemiddelen.nl\/producten\/royal-berkey-set-rvs\/\",\"url\":\"https:\/\/www.alternatievemiddelen.nl\/producten\/royal-berkey-set-rvs\/\",\"name\":\"Royal Berkey set: Waterfilter 12,3L (inclusief 2x Black Berkey elementen) + RVS Kraantje + Standaard - Alternatievemiddelen.nl\",\"isPartOf\":{\"@id\":\"https:\/\/www.alternatievemiddelen.nl\/#website\"},\"primaryImageOfPage\":{\"@id\":\"https:\/\/www.alternatievemiddelen.nl\/producten\/royal-berkey-set-rvs\/#primaryimage\"},\"image\":{\"@id\":\"https:\/\/www.alternatievemiddelen.nl\/producten\/royal-berkey-set-rvs\/#primaryimage\"},\"thumbnailUrl\":\"https:\/\/www.alternatievemiddelen.nl\/wp-content\/uploads\/2024\/02\/Royal_Berkey_set-rvs-nieuw.jpg\",\"datePublished\":\"2024-02-27T07:38:54+00:00\",\"dateModified\":\"2026-04-25T07:25:42+00:00\",\"description\":\"Royal Berkey set bestaande uit: Royal Berkey Waterfilter 12,3L (inclusief 2x Black Berkey filterelementen),\u00a0RVS kraantje en\u00a0basis (standaard).\",\"breadcrumb\":{\"@id\":\"https:\/\/www.alternatievemiddelen.nl\/producten\/royal-berkey-set-rvs\/#breadcrumb\"},\"inLanguage\":\"de\",\"potentialAction\":[{\"@type\":\"ReadAction\",\"target\":[\"https:\/\/www.alternatievemiddelen.nl\/producten\/royal-berkey-set-rvs\/\"]}]},{\"@type\":\"ImageObject\",\"inLanguage\":\"de\",\"@id\":\"https:\/\/www.alternatievemiddelen.nl\/producten\/royal-berkey-set-rvs\/#primaryimage\",\"url\":\"https:\/\/www.alternatievemiddelen.nl\/wp-content\/uploads\/2024\/02\/Royal_Berkey_set-rvs-nieuw.jpg\",\"contentUrl\":\"https:\/\/www.alternatievemiddelen.nl\/wp-content\/uploads\/2024\/02\/Royal_Berkey_set-rvs-nieuw.jpg\",\"width\":1200,\"height\":1600,\"caption\":\"Royal Berkey set met rvs kraantje\"},{\"@type\":\"BreadcrumbList\",\"@id\":\"https:\/\/www.alternatievemiddelen.nl\/producten\/royal-berkey-set-rvs\/#breadcrumb\",\"itemListElement\":[{\"@type\":\"ListItem\",\"position\":1,\"name\":\"Home\",\"item\":\"https:\/\/www.alternatievemiddelen.nl\/\"},{\"@type\":\"ListItem\",\"position\":2,\"name\":\"Producten\",\"item\":\"https:\/\/www.alternatievemiddelen.nl\/producten\/\"},{\"@type\":\"ListItem\",\"position\":3,\"name\":\"Royal Berkey set: Waterfilter 12,3L (inclusief 2x Black Berkey elementen) + RVS Kraantje + Standaard\"}]},{\"@type\":\"WebSite\",\"@id\":\"https:\/\/www.alternatievemiddelen.nl\/#website\",\"url\":\"https:\/\/www.alternatievemiddelen.nl\/\",\"name\":\"Alternatievemiddelen.nl\",\"description\":\"Webshop met gezonde, duurzame en ecologische alternatieve mogelijkheden in de hedendaagse levenstijl. Alles uit eigen ervaring.\",\"publisher\":{\"@id\":\"https:\/\/www.alternatievemiddelen.nl\/#organization\"},\"potentialAction\":[{\"@type\":\"SearchAction\",\"target\":{\"@type\":\"EntryPoint\",\"urlTemplate\":\"https:\/\/www.alternatievemiddelen.nl\/?s={search_term_string}\"},\"query-input\":{\"@type\":\"PropertyValueSpecification\",\"valueRequired\":true,\"valueName\":\"search_term_string\"}}],\"inLanguage\":\"de\"},{\"@type\":\"Organization\",\"@id\":\"https:\/\/www.alternatievemiddelen.nl\/#organization\",\"name\":\"Alternatievemiddelen.nl\",\"url\":\"https:\/\/www.alternatievemiddelen.nl\/\",\"logo\":{\"@type\":\"ImageObject\",\"inLanguage\":\"de\",\"@id\":\"https:\/\/www.alternatievemiddelen.nl\/#\/schema\/logo\/image\/\",\"url\":\"https:\/\/www.alternatievemiddelen.nl\/wp-content\/uploads\/2023\/10\/alternatievemiddelen-PNG-logo.png\",\"contentUrl\":\"https:\/\/www.alternatievemiddelen.nl\/wp-content\/uploads\/2023\/10\/alternatievemiddelen-PNG-logo.png\",\"width\":6400,\"height\":3062,\"caption\":\"Alternatievemiddelen.nl\"},\"image\":{\"@id\":\"https:\/\/www.alternatievemiddelen.nl\/#\/schema\/logo\/image\/\"}}]}<\/script>\n<!-- \/ Yoast SEO plugin. -->","yoast_head_json":{"title":"Royal Berkey set: Waterfilter 12,3L (inclusief 2x Black Berkey elementen) + RVS Kraantje + Standaard - Alternatievemiddelen.nl","description":"Royal Berkey set bestaande uit: Royal Berkey Waterfilter 12,3L (inclusief 2x Black Berkey filterelementen),\u00a0RVS kraantje en\u00a0basis (standaard).","robots":{"index":"index","follow":"follow","max-snippet":"max-snippet:-1","max-image-preview":"max-image-preview:large","max-video-preview":"max-video-preview:-1"},"canonical":"https:\/\/www.alternatievemiddelen.nl\/de\/wp-json\/wp\/v2\/product\/34471","og_locale":"de_DE","og_type":"article","og_title":"Royal Berkey set: Waterfilter 12,3L (inclusief 2x Black Berkey elementen) + RVS Kraantje + Standaard - Alternatievemiddelen.nl","og_description":"Royal Berkey set bestaande uit: Royal Berkey Waterfilter 12,3L (inclusief 2x Black Berkey filterelementen),\u00a0RVS kraantje en\u00a0basis (standaard).","og_url":"https:\/\/www.alternatievemiddelen.nl\/de\/produkte\/royal-berkey-set-edelstahl\/","og_site_name":"Alternatievemiddelen.nl","article_modified_time":"2026-04-25T07:25:42+00:00","og_image":[{"width":1200,"height":1600,"url":"\/wp-content\/uploads\/2024\/02\/Royal_Berkey_set-rvs-nieuw.jpg","type":"image\/jpeg"}],"twitter_card":"summary_large_image","twitter_misc":{"Gesch\u00e4tzte Lesezeit":"3\u00a0Minuten"},"schema":{"@context":"https:\/\/schema.org","@graph":[{"@type":["WebPage","ItemPage"],"@id":"https:\/\/www.alternatievemiddelen.nl\/producten\/royal-berkey-set-rvs\/","url":"https:\/\/www.alternatievemiddelen.nl\/producten\/royal-berkey-set-rvs\/","name":"Royal Berkey set: Waterfilter 12,3L (inclusief 2x Black Berkey elementen) + RVS Kraantje + Standaard - Alternatievemiddelen.nl","isPartOf":{"@id":"https:\/\/www.alternatievemiddelen.nl\/#website"},"primaryImageOfPage":{"@id":"https:\/\/www.alternatievemiddelen.nl\/producten\/royal-berkey-set-rvs\/#primaryimage"},"image":{"@id":"https:\/\/www.alternatievemiddelen.nl\/producten\/royal-berkey-set-rvs\/#primaryimage"},"thumbnailUrl":"https:\/\/www.alternatievemiddelen.nl\/wp-content\/uploads\/2024\/02\/Royal_Berkey_set-rvs-nieuw.jpg","datePublished":"2024-02-27T07:38:54+00:00","dateModified":"2026-04-25T07:25:42+00:00","description":"Royal Berkey set bestaande uit: Royal Berkey Waterfilter 12,3L (inclusief 2x Black Berkey filterelementen),\u00a0RVS kraantje en\u00a0basis (standaard).","breadcrumb":{"@id":"https:\/\/www.alternatievemiddelen.nl\/producten\/royal-berkey-set-rvs\/#breadcrumb"},"inLanguage":"de","potentialAction":[{"@type":"ReadAction","target":["https:\/\/www.alternatievemiddelen.nl\/producten\/royal-berkey-set-rvs\/"]}]},{"@type":"ImageObject","inLanguage":"de","@id":"https:\/\/www.alternatievemiddelen.nl\/producten\/royal-berkey-set-rvs\/#primaryimage","url":"https:\/\/www.alternatievemiddelen.nl\/wp-content\/uploads\/2024\/02\/Royal_Berkey_set-rvs-nieuw.jpg","contentUrl":"https:\/\/www.alternatievemiddelen.nl\/wp-content\/uploads\/2024\/02\/Royal_Berkey_set-rvs-nieuw.jpg","width":1200,"height":1600,"caption":"Royal Berkey set met rvs kraantje"},{"@type":"BreadcrumbList","@id":"https:\/\/www.alternatievemiddelen.nl\/producten\/royal-berkey-set-rvs\/#breadcrumb","itemListElement":[{"@type":"ListItem","position":1,"name":"Home","item":"https:\/\/www.alternatievemiddelen.nl\/"},{"@type":"ListItem","position":2,"name":"Producten","item":"https:\/\/www.alternatievemiddelen.nl\/producten\/"},{"@type":"ListItem","position":3,"name":"Royal Berkey set: Waterfilter 12,3L (inclusief 2x Black Berkey elementen) + RVS Kraantje + Standaard"}]},{"@type":"WebSite","@id":"https:\/\/www.alternatievemiddelen.nl\/#website","url":"https:\/\/www.alternatievemiddelen.nl\/","name":"Alternatievemiddelen.nl","description":"Webshop met gezonde, duurzame en ecologische alternatieve mogelijkheden in de hedendaagse levenstijl. Alles uit eigen ervaring.","publisher":{"@id":"https:\/\/www.alternatievemiddelen.nl\/#organization"},"potentialAction":[{"@type":"SearchAction","target":{"@type":"EntryPoint","urlTemplate":"https:\/\/www.alternatievemiddelen.nl\/?s={search_term_string}"},"query-input":{"@type":"PropertyValueSpecification","valueRequired":true,"valueName":"search_term_string"}}],"inLanguage":"de"},{"@type":"Organization","@id":"https:\/\/www.alternatievemiddelen.nl\/#organization","name":"Alternatievemiddelen.nl","url":"https:\/\/www.alternatievemiddelen.nl\/","logo":{"@type":"ImageObject","inLanguage":"de","@id":"https:\/\/www.alternatievemiddelen.nl\/#\/schema\/logo\/image\/","url":"https:\/\/www.alternatievemiddelen.nl\/wp-content\/uploads\/2023\/10\/alternatievemiddelen-PNG-logo.png","contentUrl":"https:\/\/www.alternatievemiddelen.nl\/wp-content\/uploads\/2023\/10\/alternatievemiddelen-PNG-logo.png","width":6400,"height":3062,"caption":"Alternatievemiddelen.nl"},"image":{"@id":"https:\/\/www.alternatievemiddelen.nl\/#\/schema\/logo\/image\/"}}]}},"_links":{"self":[{"href":"https:\/\/www.alternatievemiddelen.nl\/de\/wp-json\/wp\/v2\/product\/34471","targetHints":{"allow":["GET"]}}],"collection":[{"href":"https:\/\/www.alternatievemiddelen.nl\/de\/wp-json\/wp\/v2\/product"}],"about":[{"href":"https:\/\/www.alternatievemiddelen.nl\/de\/wp-json\/wp\/v2\/types\/product"}],"replies":[{"embeddable":true,"href":"https:\/\/www.alternatievemiddelen.nl\/de\/wp-json\/wp\/v2\/comments?post=34471"}],"wp:featuredmedia":[{"embeddable":true,"href":"https:\/\/www.alternatievemiddelen.nl\/de\/wp-json\/wp\/v2\/media\/44068"}],"wp:attachment":[{"href":"https:\/\/www.alternatievemiddelen.nl\/de\/wp-json\/wp\/v2\/media?parent=34471"}],"wp:term":[{"taxonomy":"product_brand","embeddable":true,"href":"https:\/\/www.alternatievemiddelen.nl\/de\/wp-json\/wp\/v2\/product_brand?post=34471"},{"taxonomy":"product_cat","embeddable":true,"href":"https:\/\/www.alternatievemiddelen.nl\/de\/wp-json\/wp\/v2\/product_cat?post=34471"},{"taxonomy":"product_tag","embeddable":true,"href":"https:\/\/www.alternatievemiddelen.nl\/de\/wp-json\/wp\/v2\/product_tag?post=34471"},{"taxonomy":"merk","embeddable":true,"href":"https:\/\/www.alternatievemiddelen.nl\/de\/wp-json\/wp\/v2\/merk?post=34471"}],"curies":[{"name":"wp","href":"https:\/\/api.w.org\/{rel}","templated":true}]}}