{"id":34531,"date":"2024-02-27T08:45:35","date_gmt":"2024-02-27T07:45:35","guid":{"rendered":"https:\/\/www.alternatievemiddelen.nl\/?post_type=product&#038;p=34531"},"modified":"2026-04-23T11:39:03","modified_gmt":"2026-04-23T09:39:03","slug":"priming-button-black-berkey-elementen","status":"publish","type":"product","link":"https:\/\/www.alternatievemiddelen.nl\/de\/produkte\/priming-button-black-berkey-elemente\/","title":{"rendered":"Ansaugtaste f\u00fcr schwarze Berkey- und BOROUX Foundation\u2122 Black-Filter"},"content":{"rendered":"<p>Priming-Taste f\u00fcr <a href=\"https:\/\/www.alternatievemiddelen.nl\/de\/produkte\/black-berkey-wasserfilterelemente\/\">Schwarz Berkey-<\/a> und <a href=\"https:\/\/www.alternatievemiddelen.nl\/de\/produkte\/boroux-foundation-black-wasserfilterelemente\/\">BOROUX Foundation\u2122 Schwarzfilter<\/a> Eigenschaften:<\/p>\n<ul>\n<li>Die Priming-Taste dient zur Aktivierung der <a href=\"https:\/\/www.alternatievemiddelen.nl\/de\/produkte\/black-berkey-wasserfilterelemente\/\">Schwarze Berkey-Filterelemente<\/a> oder <a href=\"https:\/\/www.alternatievemiddelen.nl\/de\/produkte\/boroux-foundation-black-wasserfilterelemente\/\">BOROUX Foundation\u2122 Filterelemente schwarz<\/a> f\u00fcr die Verwendung in einem Wasserfilter vorbereiten oder grundieren<\/li>\n<li>Dieser Gummiring passt zwischen die <a href=\"https:\/\/www.alternatievemiddelen.nl\/de\/produkte\/black-berkey-wasserfilterelemente\/\">Schwarz Berkey Element<\/a> oder <a href=\"https:\/\/www.alternatievemiddelen.nl\/de\/produkte\/boroux-foundation-black-wasserfilterelemente\/\">BOROUX Foundation\u2122 Schwarzer Filtereinsatz<\/a> und einen Wasserhahn, um das Element unter Druck zu \"entl\u00fcften\", wodurch kleine Luftblasen im <a href=\"https:\/\/www.alternatievemiddelen.nl\/de\/produkte\/black-berkey-wasserfilterelemente\/\">Schwarz Berkey Element<\/a> oder <a href=\"https:\/\/www.alternatievemiddelen.nl\/de\/produkte\/boroux-foundation-black-wasserfilterelemente\/\">BOROUX Foundation\u2122 Schwarzer Filtereinsatz<\/a> eliminiert werden, um den Durchfluss zu maximieren. F\u00fchren Sie die gleiche Entl\u00fcftung auch f\u00fcr die <a href=\"https:\/\/www.alternatievemiddelen.nl\/de\/produkte\/fluorid-und-arsenfilterelemente\/\">Filterelemente f\u00fcr Fluorid und Arsen<\/a><\/li>\n<li>Der Knopf befindet sich in jedem Set <a href=\"https:\/\/www.alternatievemiddelen.nl\/de\/produkte\/black-berkey-wasserfilterelemente\/\">Schwarz Berkey Elemente<\/a> und <a href=\"https:\/\/www.alternatievemiddelen.nl\/de\/produkte\/boroux-foundation-black-wasserfilterelemente\/\">BOROUX Foundation\u2122 Schwarze Elemente<\/a> (also auch mit dem kompletten Berkey oder BOROUX Wasserfilter); bei Verlust kann der Knopf separat gekauft werden<\/li>\n<\/ul>","protected":false},"excerpt":{"rendered":"<p>Der Ansaugknopf wird verwendet, um schwarze Berkey- oder BOROUX Foundation\u2122 Black-Filterelemente f\u00fcr den Einsatz in einem Wasserfilter vorzubereiten oder anzusaugen.<\/p>","protected":false},"featured_media":31265,"comment_status":"open","ping_status":"closed","template":"","meta":[],"product_brand":[],"product_cat":[2971,3099,3013],"product_tag":[2961,3102,2974,3305,3706,3306,3008,2890,3104,3105,3026,2879,3106,2979,3012,2980],"merk":[3432,3702],"class_list":{"0":"post-34531","1":"product","2":"type-product","3":"status-publish","4":"has-post-thumbnail","6":"product_cat-waterfilters","7":"product_cat-waterfilter-elementen","8":"product_cat-waterfilter-accessoires","9":"product_tag-berkey","10":"product_tag-berkey-systemen","11":"product_tag-black-berkey","12":"product_tag-black-berkey-elementen","13":"product_tag-boroux","14":"product_tag-button","15":"product_tag-drinkwater","16":"product_tag-kraan","17":"product_tag-plastic","18":"product_tag-plug","19":"product_tag-primen","20":"product_tag-roestvrij-staal","21":"product_tag-standaard","22":"product_tag-waterfilter","23":"product_tag-waterfilters","24":"product_tag-waterzuivering","25":"product_shipping_class-briefpost","26":"merk-berkey","27":"merk-boroux","29":"first","30":"instock","31":"taxable","32":"shipping-taxable","33":"purchasable","34":"product-type-simple"},"bundled_by":[],"bundle_stock_status":"instock","bundle_stock_quantity":null,"bundle_virtual":false,"bundle_layout":"","bundle_add_to_cart_form_location":"","bundle_editable_in_cart":false,"bundle_sold_individually_context":"","bundle_item_grouping":"","bundle_min_size":"","bundle_max_size":"","bundle_price":[],"bundled_items":[],"bundle_sell_ids":[44176],"yoast_head":"<!-- This site is optimized with the Yoast SEO plugin v26.1 - https:\/\/yoast.com\/wordpress\/plugins\/seo\/ -->\n<title>Priming button voor Black Berkey- en BOROUX Foundation\u2122 Black filters - Alternatievemiddelen.nl<\/title>\n<meta name=\"description\" content=\"Priming button wordt gebruikt om Black Berkey- of BOROUX Foundation\u2122 Black filterelementen voor te bereiden of te primen voor gebruik in een waterfilter.\" \/>\n<meta name=\"robots\" content=\"index, follow, max-snippet:-1, max-image-preview:large, max-video-preview:-1\" \/>\n<link rel=\"canonical\" href=\"https:\/\/www.alternatievemiddelen.nl\/de\/wp-json\/wp\/v2\/product\/34531\" \/>\n<meta property=\"og:locale\" content=\"de_DE\" \/>\n<meta property=\"og:type\" content=\"article\" \/>\n<meta property=\"og:title\" content=\"Priming button voor Black Berkey- en BOROUX Foundation\u2122 Black filters - Alternatievemiddelen.nl\" \/>\n<meta property=\"og:description\" content=\"Priming button wordt gebruikt om Black Berkey- of BOROUX Foundation\u2122 Black filterelementen voor te bereiden of te primen voor gebruik in een waterfilter.\" \/>\n<meta property=\"og:url\" content=\"https:\/\/www.alternatievemiddelen.nl\/de\/produkte\/priming-button-black-berkey-elemente\/\" \/>\n<meta property=\"og:site_name\" content=\"Alternatievemiddelen.nl\" \/>\n<meta property=\"article:publisher\" content=\"https:\/\/www.facebook.com\/alternatievemiddelen\" \/>\n<meta property=\"article:modified_time\" content=\"2026-04-23T09:39:03+00:00\" \/>\n<meta property=\"og:image\" content=\"\/wp-content\/uploads\/2023\/12\/button-primen-Black-Berkey.jpg\" \/>\n\t<meta property=\"og:image:width\" content=\"600\" \/>\n\t<meta property=\"og:image:height\" content=\"800\" \/>\n\t<meta property=\"og:image:type\" content=\"image\/jpeg\" \/>\n<meta name=\"twitter:card\" content=\"summary_large_image\" \/>\n<meta name=\"twitter:label1\" content=\"Gesch\u00e4tzte Lesezeit\" \/>\n\t<meta name=\"twitter:data1\" content=\"1\u00a0Minute\" \/>\n<script type=\"application\/ld+json\" class=\"yoast-schema-graph\">{\"@context\":\"https:\/\/schema.org\",\"@graph\":[{\"@type\":[\"WebPage\",\"ItemPage\"],\"@id\":\"https:\/\/www.alternatievemiddelen.nl\/producten\/priming-button-black-berkey-elementen\/\",\"url\":\"https:\/\/www.alternatievemiddelen.nl\/producten\/priming-button-black-berkey-elementen\/\",\"name\":\"Priming button voor Black Berkey- en BOROUX Foundation\u2122 Black filters - Alternatievemiddelen.nl\",\"isPartOf\":{\"@id\":\"https:\/\/www.alternatievemiddelen.nl\/#website\"},\"primaryImageOfPage\":{\"@id\":\"https:\/\/www.alternatievemiddelen.nl\/producten\/priming-button-black-berkey-elementen\/#primaryimage\"},\"image\":{\"@id\":\"https:\/\/www.alternatievemiddelen.nl\/producten\/priming-button-black-berkey-elementen\/#primaryimage\"},\"thumbnailUrl\":\"https:\/\/www.alternatievemiddelen.nl\/wp-content\/uploads\/2023\/12\/button-primen-Black-Berkey.jpg\",\"datePublished\":\"2024-02-27T07:45:35+00:00\",\"dateModified\":\"2026-04-23T09:39:03+00:00\",\"description\":\"Priming button wordt gebruikt om Black Berkey- of BOROUX Foundation\u2122 Black filterelementen voor te bereiden of te primen voor gebruik in een waterfilter.\",\"breadcrumb\":{\"@id\":\"https:\/\/www.alternatievemiddelen.nl\/producten\/priming-button-black-berkey-elementen\/#breadcrumb\"},\"inLanguage\":\"de\",\"potentialAction\":[{\"@type\":\"ReadAction\",\"target\":[\"https:\/\/www.alternatievemiddelen.nl\/producten\/priming-button-black-berkey-elementen\/\"]}]},{\"@type\":\"ImageObject\",\"inLanguage\":\"de\",\"@id\":\"https:\/\/www.alternatievemiddelen.nl\/producten\/priming-button-black-berkey-elementen\/#primaryimage\",\"url\":\"https:\/\/www.alternatievemiddelen.nl\/wp-content\/uploads\/2023\/12\/button-primen-Black-Berkey.jpg\",\"contentUrl\":\"https:\/\/www.alternatievemiddelen.nl\/wp-content\/uploads\/2023\/12\/button-primen-Black-Berkey.jpg\",\"width\":600,\"height\":800,\"caption\":\"priming button Black Berkey element\"},{\"@type\":\"BreadcrumbList\",\"@id\":\"https:\/\/www.alternatievemiddelen.nl\/producten\/priming-button-black-berkey-elementen\/#breadcrumb\",\"itemListElement\":[{\"@type\":\"ListItem\",\"position\":1,\"name\":\"Home\",\"item\":\"https:\/\/www.alternatievemiddelen.nl\/\"},{\"@type\":\"ListItem\",\"position\":2,\"name\":\"Producten\",\"item\":\"https:\/\/www.alternatievemiddelen.nl\/producten\/\"},{\"@type\":\"ListItem\",\"position\":3,\"name\":\"Priming button voor Black Berkey- en BOROUX Foundation\u2122 Black filters\"}]},{\"@type\":\"WebSite\",\"@id\":\"https:\/\/www.alternatievemiddelen.nl\/#website\",\"url\":\"https:\/\/www.alternatievemiddelen.nl\/\",\"name\":\"Alternatievemiddelen.nl\",\"description\":\"Webshop met gezonde, duurzame en ecologische alternatieve mogelijkheden in de hedendaagse levenstijl. Alles uit eigen ervaring.\",\"publisher\":{\"@id\":\"https:\/\/www.alternatievemiddelen.nl\/#organization\"},\"alternateName\":\"Alternatieve Middelen\",\"potentialAction\":[{\"@type\":\"SearchAction\",\"target\":{\"@type\":\"EntryPoint\",\"urlTemplate\":\"https:\/\/www.alternatievemiddelen.nl\/?s={search_term_string}\"},\"query-input\":{\"@type\":\"PropertyValueSpecification\",\"valueRequired\":true,\"valueName\":\"search_term_string\"}}],\"inLanguage\":\"de\"},{\"@type\":\"Organization\",\"@id\":\"https:\/\/www.alternatievemiddelen.nl\/#organization\",\"name\":\"Alternatievemiddelen.nl\",\"alternateName\":\"Alternatieve Middelen\",\"url\":\"https:\/\/www.alternatievemiddelen.nl\/\",\"logo\":{\"@type\":\"ImageObject\",\"inLanguage\":\"de\",\"@id\":\"https:\/\/www.alternatievemiddelen.nl\/#\/schema\/logo\/image\/\",\"url\":\"https:\/\/www.alternatievemiddelen.nl\/wp-content\/uploads\/2023\/10\/alternatievemiddelen-PNG-logo.png\",\"contentUrl\":\"https:\/\/www.alternatievemiddelen.nl\/wp-content\/uploads\/2023\/10\/alternatievemiddelen-PNG-logo.png\",\"width\":6400,\"height\":3062,\"caption\":\"Alternatievemiddelen.nl\"},\"image\":{\"@id\":\"https:\/\/www.alternatievemiddelen.nl\/#\/schema\/logo\/image\/\"},\"sameAs\":[\"https:\/\/www.facebook.com\/alternatievemiddelen\",\"https:\/\/www.instagram.com\/alternatievemiddelen.nl\/\"]}]}<\/script>\n<!-- \/ Yoast SEO plugin. -->","yoast_head_json":{"title":"Priming button voor Black Berkey- en BOROUX Foundation\u2122 Black filters - Alternatievemiddelen.nl","description":"Priming button wordt gebruikt om Black Berkey- of BOROUX Foundation\u2122 Black filterelementen voor te bereiden of te primen voor gebruik in een waterfilter.","robots":{"index":"index","follow":"follow","max-snippet":"max-snippet:-1","max-image-preview":"max-image-preview:large","max-video-preview":"max-video-preview:-1"},"canonical":"https:\/\/www.alternatievemiddelen.nl\/de\/wp-json\/wp\/v2\/product\/34531","og_locale":"de_DE","og_type":"article","og_title":"Priming button voor Black Berkey- en BOROUX Foundation\u2122 Black filters - Alternatievemiddelen.nl","og_description":"Priming button wordt gebruikt om Black Berkey- of BOROUX Foundation\u2122 Black filterelementen voor te bereiden of te primen voor gebruik in een waterfilter.","og_url":"https:\/\/www.alternatievemiddelen.nl\/de\/produkte\/priming-button-black-berkey-elemente\/","og_site_name":"Alternatievemiddelen.nl","article_publisher":"https:\/\/www.facebook.com\/alternatievemiddelen","article_modified_time":"2026-04-23T09:39:03+00:00","og_image":[{"width":600,"height":800,"url":"\/wp-content\/uploads\/2023\/12\/button-primen-Black-Berkey.jpg","type":"image\/jpeg"}],"twitter_card":"summary_large_image","twitter_misc":{"Gesch\u00e4tzte Lesezeit":"1\u00a0Minute"},"schema":{"@context":"https:\/\/schema.org","@graph":[{"@type":["WebPage","ItemPage"],"@id":"https:\/\/www.alternatievemiddelen.nl\/producten\/priming-button-black-berkey-elementen\/","url":"https:\/\/www.alternatievemiddelen.nl\/producten\/priming-button-black-berkey-elementen\/","name":"Priming button voor Black Berkey- en BOROUX Foundation\u2122 Black filters - Alternatievemiddelen.nl","isPartOf":{"@id":"https:\/\/www.alternatievemiddelen.nl\/#website"},"primaryImageOfPage":{"@id":"https:\/\/www.alternatievemiddelen.nl\/producten\/priming-button-black-berkey-elementen\/#primaryimage"},"image":{"@id":"https:\/\/www.alternatievemiddelen.nl\/producten\/priming-button-black-berkey-elementen\/#primaryimage"},"thumbnailUrl":"https:\/\/www.alternatievemiddelen.nl\/wp-content\/uploads\/2023\/12\/button-primen-Black-Berkey.jpg","datePublished":"2024-02-27T07:45:35+00:00","dateModified":"2026-04-23T09:39:03+00:00","description":"Priming button wordt gebruikt om Black Berkey- of BOROUX Foundation\u2122 Black filterelementen voor te bereiden of te primen voor gebruik in een waterfilter.","breadcrumb":{"@id":"https:\/\/www.alternatievemiddelen.nl\/producten\/priming-button-black-berkey-elementen\/#breadcrumb"},"inLanguage":"de","potentialAction":[{"@type":"ReadAction","target":["https:\/\/www.alternatievemiddelen.nl\/producten\/priming-button-black-berkey-elementen\/"]}]},{"@type":"ImageObject","inLanguage":"de","@id":"https:\/\/www.alternatievemiddelen.nl\/producten\/priming-button-black-berkey-elementen\/#primaryimage","url":"https:\/\/www.alternatievemiddelen.nl\/wp-content\/uploads\/2023\/12\/button-primen-Black-Berkey.jpg","contentUrl":"https:\/\/www.alternatievemiddelen.nl\/wp-content\/uploads\/2023\/12\/button-primen-Black-Berkey.jpg","width":600,"height":800,"caption":"priming button Black Berkey element"},{"@type":"BreadcrumbList","@id":"https:\/\/www.alternatievemiddelen.nl\/producten\/priming-button-black-berkey-elementen\/#breadcrumb","itemListElement":[{"@type":"ListItem","position":1,"name":"Home","item":"https:\/\/www.alternatievemiddelen.nl\/"},{"@type":"ListItem","position":2,"name":"Producten","item":"https:\/\/www.alternatievemiddelen.nl\/producten\/"},{"@type":"ListItem","position":3,"name":"Priming button voor Black Berkey- en BOROUX Foundation\u2122 Black filters"}]},{"@type":"WebSite","@id":"https:\/\/www.alternatievemiddelen.nl\/#website","url":"https:\/\/www.alternatievemiddelen.nl\/","name":"Alternatievemiddelen.nl","description":"Webshop met gezonde, duurzame en ecologische alternatieve mogelijkheden in de hedendaagse levenstijl. Alles uit eigen ervaring.","publisher":{"@id":"https:\/\/www.alternatievemiddelen.nl\/#organization"},"alternateName":"Alternatieve Middelen","potentialAction":[{"@type":"SearchAction","target":{"@type":"EntryPoint","urlTemplate":"https:\/\/www.alternatievemiddelen.nl\/?s={search_term_string}"},"query-input":{"@type":"PropertyValueSpecification","valueRequired":true,"valueName":"search_term_string"}}],"inLanguage":"de"},{"@type":"Organization","@id":"https:\/\/www.alternatievemiddelen.nl\/#organization","name":"Alternatievemiddelen.nl","alternateName":"Alternatieve Middelen","url":"https:\/\/www.alternatievemiddelen.nl\/","logo":{"@type":"ImageObject","inLanguage":"de","@id":"https:\/\/www.alternatievemiddelen.nl\/#\/schema\/logo\/image\/","url":"https:\/\/www.alternatievemiddelen.nl\/wp-content\/uploads\/2023\/10\/alternatievemiddelen-PNG-logo.png","contentUrl":"https:\/\/www.alternatievemiddelen.nl\/wp-content\/uploads\/2023\/10\/alternatievemiddelen-PNG-logo.png","width":6400,"height":3062,"caption":"Alternatievemiddelen.nl"},"image":{"@id":"https:\/\/www.alternatievemiddelen.nl\/#\/schema\/logo\/image\/"},"sameAs":["https:\/\/www.facebook.com\/alternatievemiddelen","https:\/\/www.instagram.com\/alternatievemiddelen.nl\/"]}]}},"_links":{"self":[{"href":"https:\/\/www.alternatievemiddelen.nl\/de\/wp-json\/wp\/v2\/product\/34531","targetHints":{"allow":["GET"]}}],"collection":[{"href":"https:\/\/www.alternatievemiddelen.nl\/de\/wp-json\/wp\/v2\/product"}],"about":[{"href":"https:\/\/www.alternatievemiddelen.nl\/de\/wp-json\/wp\/v2\/types\/product"}],"replies":[{"embeddable":true,"href":"https:\/\/www.alternatievemiddelen.nl\/de\/wp-json\/wp\/v2\/comments?post=34531"}],"wp:featuredmedia":[{"embeddable":true,"href":"https:\/\/www.alternatievemiddelen.nl\/de\/wp-json\/wp\/v2\/media\/31265"}],"wp:attachment":[{"href":"https:\/\/www.alternatievemiddelen.nl\/de\/wp-json\/wp\/v2\/media?parent=34531"}],"wp:term":[{"taxonomy":"product_brand","embeddable":true,"href":"https:\/\/www.alternatievemiddelen.nl\/de\/wp-json\/wp\/v2\/product_brand?post=34531"},{"taxonomy":"product_cat","embeddable":true,"href":"https:\/\/www.alternatievemiddelen.nl\/de\/wp-json\/wp\/v2\/product_cat?post=34531"},{"taxonomy":"product_tag","embeddable":true,"href":"https:\/\/www.alternatievemiddelen.nl\/de\/wp-json\/wp\/v2\/product_tag?post=34531"},{"taxonomy":"merk","embeddable":true,"href":"https:\/\/www.alternatievemiddelen.nl\/de\/wp-json\/wp\/v2\/merk?post=34531"}],"curies":[{"name":"wp","href":"https:\/\/api.w.org\/{rel}","templated":true}]}}