{"id":34540,"date":"2024-02-27T08:45:39","date_gmt":"2024-02-27T07:45:39","guid":{"rendered":"https:\/\/www.alternatievemiddelen.nl\/?post_type=product&#038;p=34540"},"modified":"2025-09-28T21:48:41","modified_gmt":"2025-09-28T19:48:41","slug":"proone-big-waterfilter-geborsteld","status":"publish","type":"product","link":"https:\/\/www.alternatievemiddelen.nl\/de\/produkte\/proone-big-wasserfilter-geburstet\/","title":{"rendered":"ProOne Big+ Wasserfilter 12L geb\u00fcrstet (inklusive Edelstahlhahn und St\u00e4nder)"},"content":{"rendered":"<p>Der ProOne Big+ Wasserfilter 12L Brushed ist ideal f\u00fcr den t\u00e4glichen Gebrauch zu Hause, in der Schule, im B\u00fcro oder sogar beim Camping. Mit einem Fassungsverm\u00f6gen von 12 l ist er f\u00fcr etwas gr\u00f6\u00dfere Gruppen oder Familien geeignet. Die einzigartigen Wasserfilter des ProOne liefern hochwertiges, sauberes Trinkwasser, frei von sch\u00e4dlichem Fluorid, Chlor, Chloraminen, VOCs, Bakterien, Protozoen, Pharmazeutika, Blei und Schwermetallen, unter anderem.<br \/>\n&nbsp;<\/p>\n<h3>Informationen \u00fcber den ProOne Big+ Wasserfilter 12L geb\u00fcrstet<\/h3>\n<p>Sie k\u00f6nnen diesen Wasserfilter ganz einfach ohne Strom- oder Wasseranschluss installieren. Mit dem exklusiven Design des ProOne Big+ Wasserfilters k\u00f6nnen Sie w\u00e4hlen zwischen einem <a href=\"https:\/\/www.alternatievemiddelen.nl\/de\/produkte\/proone-big-wasserfilter-poliert\/\">poliert<\/a> und eine <a href=\"https:\/\/www.alternatievemiddelen.nl\/de\/produkte\/proone-big-wasserfilter-geburstet\/\">geb\u00fcrstet<\/a> Variante. Diese Variante ist also geb\u00fcrstet. Das Wasser wird in den oberen Beh\u00e4lter des Wasserfilters eingef\u00fcllt und flie\u00dft durch die mikroskopisch kleinen Poren des Filterelements, die verhindern, dass Verunreinigungen und andere Schadstoffe durch das Element gelangen. So bleibt im unteren Beh\u00e4lter nur sauberes, trinkbares Wasser zur\u00fcck. M\u00f6chten Sie \u00fcberpr\u00fcfen, wie viel Wasser sich noch im Tank befindet? Heben Sie einfach den oberen Beh\u00e4lter an, um in den unteren Beh\u00e4lter zu schauen, oder w\u00e4hlen Sie z. B. den <a href=\"https:\/\/www.alternatievemiddelen.nl\/de\/produkte\/schauglasarmatur-edelstahl-fur-proone-traveler-proone-groser-wasserfilter\/\">Schauglasarmatur aus Edelstahl<\/a> von ProOne als zus\u00e4tzliches Zubeh\u00f6r.<\/p>\n<p>Ideal f\u00fcr die Filterung gro\u00dfer Wassermengen, ohne dass eine Wasserleitung, z. B. in der K\u00fcche, ver\u00e4ndert werden muss. Schwerkraftfilter stehen unabh\u00e4ngig auf einer Arbeitsplatte und erm\u00f6glichen einen einfachen Zugang zum Trinkwasser. Sie nutzen den Druck der Schwerkraft zusammen mit dem Filter, um Verunreinigungen aus dem Wasser zu entfernen, ohne auf Rohrleitungen oder Strom angewiesen zu sein. Wenn das obere Becken gef\u00fcllt ist, flie\u00dft das Wasser durch den Wasserdruck und die Schwerkraft durch die Filter in das untere Becken.<br \/>\n&nbsp;<\/p>\n<h3>Edelstahldesign - sch\u00f6n und langlebig<\/h3>\n<p>Der ProOne Big+ Wasserfilter 12L geb\u00fcrstet ist aus Edelstahl 304 f\u00fcr eine lange Lebensdauer hergestellt. Er wird auch gleich mit einem Edelstahlhahn und einem Edelstahlst\u00e4nder (H\u00f6he 15 cm) geliefert. Wasserfilter aus Edelstahl sind in Haushalten und B\u00fcros wegen ihrer Vielseitigkeit, ihrer Benutzerfreundlichkeit und der Reduzierung von Plastikm\u00fcll sehr beliebt. Sie sind haltbarer und \u00e4sthetisch ansprechender als Kunststoff. Er ist hygienischer als Kunststoff, weniger anf\u00e4llig f\u00fcr Bakterien- und Schimmelpilzwachstum und hat eine h\u00f6here Korrosionsbest\u00e4ndigkeit.<br \/>\n&nbsp;<\/p>\n<h3>ProOne Big+ Wasserfilter 12L geb\u00fcrstet NSF-zertifiziert<\/h3>\n<p>Die ProOne-Filterelemente (Coldstream FTO PLUS-Filterelemente sind die ProOne G2.0-Filterelemente) sind NSF-zertifiziert (NSF\/ANSI 42) und von einem unabh\u00e4ngigen Labor gem\u00e4\u00df den NSF\/ANSI-Normen 42, 53, P231, P401 und P473 gepr\u00fcft. Siehe die <a href=\"https:\/\/www.alternatievemiddelen.nl\/wp-content\/uploads\/2023\/05\/ProOne-G2-0-waterfilter-elementen_testrapport.pdf\" target=\"_blank\" rel=\"noopener\">Laborbericht<\/a> f\u00fcr weitere Informationen und die Website von <a href=\"https:\/\/info.nsf.org\/Certified\/DWTU\/Listings.asp?Company=C0250583&amp;Standard=042\" target=\"_blank\" rel=\"noopener\">NSF<\/a>. Die ProOne-Filterelemente reduzieren\/entfernen nachweislich mehr als 200 Schadstoffe, darunter Fluorid, Chlor, Chloramine, VOCs, Bakterien, Arzneimittel, Blei und Schwermetalle, und belassen gleichzeitig n\u00fctzliche Mineralien im Wasser. Sie sind mit Silber angereichert, um das Wachstum von Bakterien zu verhindern.<br \/>\n&nbsp;<\/p>\n<h4>Eigenschaften ProOne Big+ Wasserfilter 12L geb\u00fcrstet:<\/h4>\n<ul>\n<li>Der ideale Wasserfilter f\u00fcr Familien oder etwas gr\u00f6\u00dfere Gruppen. Geeignet f\u00fcr die Verwendung durch 2-6 Personen<\/li>\n<li>\u00c4u\u00dferst langlebiger, geb\u00fcrsteter Edelstahl 304<\/li>\n<li>Einfach zu bedienen<\/li>\n<li>Enth\u00e4lt ProOne-Filterelemente, dies ist eine \"All-in-One\"-Filtertechnologie - KEINE zus\u00e4tzlichen Filter f\u00fcr z.B. Fluoridreduktion erforderlich<\/li>\n<li>ProOne-Filterelemente m\u00fcssen nicht im Voraus geprimert (einsatzbereit gemacht) werden<\/li>\n<li>Die Filterelemente sind reinigbar und wiederverwendbar. Kann an einem k\u00fchlen, trockenen Ort gelagert werden, wenn es nicht in Gebrauch ist. M\u00fcssen daher nicht nass (ges\u00e4ttigt) bleiben, wenn sie nicht verwendet werden.<\/li>\n<li>Unabh\u00e4ngig sehen <a href=\"https:\/\/www.alternatievemiddelen.nl\/wp-content\/uploads\/2023\/05\/ProOne-G2-0-waterfilter-elementen_testrapport.pdf\" target=\"_blank\" rel=\"noopener\">Laborbericht<\/a>gepr\u00fcft nach den NSF\/ANSI-Normen 42, 53, P231, P401 und P473<\/li>\n<li>Erh\u00e4lt die gesunden und guten Mineralien, die Ihr K\u00f6rper braucht, im Wasser<\/li>\n<li>In diesen Wasserfilter k\u00f6nnen bis zu 3 Filterelemente eingesetzt werden<\/li>\n<li>Fassungsverm\u00f6gen: ca. 12 Liter<\/li>\n<li>Gewicht: ca. 5,9 kg<\/li>\n<li>H\u00f6he: ca. 58 cm (ohne St\u00e4nder) und ca. 73 cm (mit St\u00e4nder)<\/li>\n<li>Durchmesser: ca. 23 cm<\/li>\n<li>Filterelement-Lebensdauer(en): bei Verwendung mit 1 Filterelement 6 Monate - bei Verwendung mit 2 Filterelementen 12 Monate - bei Verwendung mit 3 Filterelementen 18 Monate<\/li>\n<\/ul>\n<p>&nbsp;<\/p>\n<h4>Inhalt der Schachtel:<\/h4>\n<p>Dieses Produkt kommt mit:<br \/>\n- Die erforderliche Anzahl von Filterelementen, einschlie\u00dflich Befestigungsmaterial, Verschlussstopfen und Scheuerschwamm.<br \/>\n- 2 Tabletts aus rostfreiem Stahl (unteres Tablett und oberes Tablett).<br \/>\n- 1 Deckel aus rostfreiem Stahl.<br \/>\n- 1 Taste f\u00fcr den Deckel.<br \/>\n- 1 Wasserhahn aus rostfreiem Stahl.<br \/>\n- 1 St\u00e4nder aus rostfreiem Stahl (H\u00f6he ca. 15 cm).<br \/>\n- 1 Antirutschmatte f\u00fcr den St\u00e4nder.<br \/>\n&nbsp;<\/p>\n<h4>Erstmalige Verwendung:<\/h4>\n<p>Der Wasserfilter ProOne ist einfach zu installieren, ohne Werkzeug oder Strom. Bitte beachten Sie unser <a href=\"https:\/\/www.alternatievemiddelen.nl\/de\/die-bibliothek\/\">Bibliothek<\/a>Hier finden Sie Bedienungsanleitungen, Videos mit Anleitungen und Antworten auf h\u00e4ufig gestellte Fragen. Hier ist zum Beispiel die Anleitung f\u00fcr den Wasserfilter ProOne Big+. Hier ist auch eine kurze Schritt-f\u00fcr-Schritt-Anleitung:<br \/>\n1. Nehmen Sie das Produkt aus dem Karton und legen Sie das\/die Filterelement(e) vorerst beiseite.<br \/>\n2. Reinigen Sie die Schalen, den Deckel und den Wasserhahn mit einem milden Reinigungsmittel. NICHT IN DEN GESCHIRRSP\u00dcLER GEBEN! Mit einem weichen Tuch abtrocknen.<br \/>\n3. Bringen Sie den Wasserhahn an der unteren Schale an und befestigen Sie den Knopf am Deckel.<br \/>\n4. Nehmen Sie das\/die Filterelement(e) aus der Verpackung. Entfernen Sie die Fl\u00fcgelmutter und die Unterlegscheibe vom Filtergriff. Halten Sie den Kunststoffsockel des Filterelements mit einer Hand unter flie\u00dfendes kaltes Leitungswasser, sp\u00fclen und schrubben Sie ihn 2 Minuten lang. ACHTEN SIE DARAUF, DASS KEIN WASSER IN DEN SCHAFT DES FILTERELEMENTS GELANGT!<br \/>\n5. Stecken Sie den Stiel (mit Gummidichtung) des Filterelements durch das Loch im oberen Fach. Ziehen Sie die Fl\u00fcgelmutter auf der UNTERSEITE des oberen Einsatzes fest. Ziehen Sie sie nicht zu fest an. F\u00fchren Sie diesen Vorgang bei allen Filterelementen durch, die Sie verwenden m\u00f6chten, oder verschlie\u00dfen Sie die verbleibenden L\u00f6cher mit einem Verschlussstopfen.<br \/>\n6. Legen Sie das obere Fach auf das untere Fach.<br \/>\n7. F\u00fcllen Sie den oberen Beh\u00e4lter mit Wasser und setzen Sie den Deckel auf. KEIN HEISSES WASSER VERWENDEN!<br \/>\n8. Entsorgen Sie die ersten zwei oder drei Zyklen des gefilterten Wassers.<br \/>\n9. Sie sind nun einsatzbereit und k\u00f6nnen das gefilterte Wasser genie\u00dfen.<br \/>\nVORSICHT: Setzen Sie diesen Filter nicht dem direkten Sonnenlicht aus.<\/p>","protected":false},"excerpt":{"rendered":"<p>ProOne Big+ Wasserfilter 12L geb\u00fcrstet mit ProOne Filterelementen ist der umfassendste, ideal um schnell sauberes gefiltertes Trinkwasser zu haben.<\/p>","protected":false},"featured_media":31064,"comment_status":"open","ping_status":"closed","template":"","meta":[],"product_brand":[],"product_cat":[2971,2972],"product_tag":[3314,3008,2976,3312,3315,3232,3233,2967,2885,2979,3012,2980,3101],"merk":[3449],"class_list":{"0":"post-34540","1":"product","2":"type-product","3":"status-publish","4":"has-post-thumbnail","6":"product_cat-waterfilters","7":"product_cat-waterfilter","8":"product_tag-big","9":"product_tag-drinkwater","10":"product_tag-filterelement","11":"product_tag-g2-0","12":"product_tag-geborsteld","13":"product_tag-proone","14":"product_tag-proone-big","15":"product_tag-schoon","16":"product_tag-water","17":"product_tag-waterfilter","18":"product_tag-waterfilters","19":"product_tag-waterzuivering","20":"product_tag-zuiverelementen","21":"merk-proone","23":"first","24":"outofstock","25":"taxable","26":"shipping-taxable","27":"purchasable","28":"product-type-variable","29":"has-default-attributes"},"bundled_by":[],"bundle_stock_status":"outofstock","bundle_stock_quantity":0,"bundle_virtual":false,"bundle_layout":"","bundle_add_to_cart_form_location":"","bundle_editable_in_cart":false,"bundle_sold_individually_context":"","bundle_item_grouping":"","bundle_min_size":"","bundle_max_size":"","bundle_price":[],"bundled_items":[],"bundle_sell_ids":[44176,34526,34521,34339],"yoast_head":"<!-- This site is optimized with the Yoast SEO plugin v26.1 - https:\/\/yoast.com\/wordpress\/plugins\/seo\/ -->\n<title>ProOne Big+ Waterfilter 12L geborsteld (inclusief RVS kraantje en standaard) - Alternatievemiddelen.nl<\/title>\n<meta name=\"description\" content=\"ProOne Big+ Waterfilter 12L geborsteld met ProOne filterelementen is het meest uitgebreid, ideaal voor snel schoon gefilterd drinkwater te hebben.\" \/>\n<meta name=\"robots\" content=\"index, follow, max-snippet:-1, max-image-preview:large, max-video-preview:-1\" \/>\n<link rel=\"canonical\" href=\"https:\/\/www.alternatievemiddelen.nl\/de\/wp-json\/wp\/v2\/product\/34540\" \/>\n<meta property=\"og:locale\" content=\"de_DE\" \/>\n<meta property=\"og:type\" content=\"article\" \/>\n<meta property=\"og:title\" content=\"ProOne Big+ Waterfilter 12L geborsteld (inclusief RVS kraantje en standaard) - Alternatievemiddelen.nl\" \/>\n<meta property=\"og:description\" content=\"ProOne Big+ Waterfilter 12L geborsteld met ProOne filterelementen is het meest uitgebreid, ideaal voor snel schoon gefilterd drinkwater te hebben.\" \/>\n<meta property=\"og:url\" content=\"https:\/\/www.alternatievemiddelen.nl\/de\/produkte\/proone-big-wasserfilter-geburstet\/\" \/>\n<meta property=\"og:site_name\" content=\"Alternatievemiddelen.nl\" \/>\n<meta property=\"article:modified_time\" content=\"2025-09-28T19:48:41+00:00\" \/>\n<meta property=\"og:image\" content=\"\/wp-content\/uploads\/2023\/12\/ProOne-Big-geborsteld.jpg\" \/>\n\t<meta property=\"og:image:width\" content=\"600\" \/>\n\t<meta property=\"og:image:height\" content=\"800\" \/>\n\t<meta property=\"og:image:type\" content=\"image\/jpeg\" \/>\n<meta name=\"twitter:card\" content=\"summary_large_image\" \/>\n<meta name=\"twitter:label1\" content=\"Gesch\u00e4tzte Lesezeit\" \/>\n\t<meta name=\"twitter:data1\" content=\"5\u00a0Minuten\" \/>\n<script type=\"application\/ld+json\" class=\"yoast-schema-graph\">{\"@context\":\"https:\/\/schema.org\",\"@graph\":[{\"@type\":[\"WebPage\",\"ItemPage\"],\"@id\":\"https:\/\/www.alternatievemiddelen.nl\/producten\/proone-big-waterfilter-geborsteld\/\",\"url\":\"https:\/\/www.alternatievemiddelen.nl\/producten\/proone-big-waterfilter-geborsteld\/\",\"name\":\"ProOne Big+ Waterfilter 12L geborsteld (inclusief RVS kraantje en standaard) - Alternatievemiddelen.nl\",\"isPartOf\":{\"@id\":\"https:\/\/www.alternatievemiddelen.nl\/#website\"},\"primaryImageOfPage\":{\"@id\":\"https:\/\/www.alternatievemiddelen.nl\/producten\/proone-big-waterfilter-geborsteld\/#primaryimage\"},\"image\":{\"@id\":\"https:\/\/www.alternatievemiddelen.nl\/producten\/proone-big-waterfilter-geborsteld\/#primaryimage\"},\"thumbnailUrl\":\"https:\/\/www.alternatievemiddelen.nl\/wp-content\/uploads\/2023\/12\/ProOne-Big-geborsteld.jpg\",\"datePublished\":\"2024-02-27T07:45:39+00:00\",\"dateModified\":\"2025-09-28T19:48:41+00:00\",\"description\":\"ProOne Big+ Waterfilter 12L geborsteld met ProOne filterelementen is het meest uitgebreid, ideaal voor snel schoon gefilterd drinkwater te hebben.\",\"breadcrumb\":{\"@id\":\"https:\/\/www.alternatievemiddelen.nl\/producten\/proone-big-waterfilter-geborsteld\/#breadcrumb\"},\"inLanguage\":\"de\",\"potentialAction\":[{\"@type\":\"ReadAction\",\"target\":[\"https:\/\/www.alternatievemiddelen.nl\/producten\/proone-big-waterfilter-geborsteld\/\"]}]},{\"@type\":\"ImageObject\",\"inLanguage\":\"de\",\"@id\":\"https:\/\/www.alternatievemiddelen.nl\/producten\/proone-big-waterfilter-geborsteld\/#primaryimage\",\"url\":\"https:\/\/www.alternatievemiddelen.nl\/wp-content\/uploads\/2023\/12\/ProOne-Big-geborsteld.jpg\",\"contentUrl\":\"https:\/\/www.alternatievemiddelen.nl\/wp-content\/uploads\/2023\/12\/ProOne-Big-geborsteld.jpg\",\"width\":600,\"height\":800,\"caption\":\"ProOne Big+ waterfilter 12L met RVS kraantje op standaard\"},{\"@type\":\"BreadcrumbList\",\"@id\":\"https:\/\/www.alternatievemiddelen.nl\/producten\/proone-big-waterfilter-geborsteld\/#breadcrumb\",\"itemListElement\":[{\"@type\":\"ListItem\",\"position\":1,\"name\":\"Home\",\"item\":\"https:\/\/www.alternatievemiddelen.nl\/\"},{\"@type\":\"ListItem\",\"position\":2,\"name\":\"Producten\",\"item\":\"https:\/\/www.alternatievemiddelen.nl\/producten\/\"},{\"@type\":\"ListItem\",\"position\":3,\"name\":\"ProOne Big+ Waterfilter 12L geborsteld (inclusief RVS kraantje en standaard)\"}]},{\"@type\":\"WebSite\",\"@id\":\"https:\/\/www.alternatievemiddelen.nl\/#website\",\"url\":\"https:\/\/www.alternatievemiddelen.nl\/\",\"name\":\"Alternatievemiddelen.nl\",\"description\":\"Webshop met gezonde, duurzame en ecologische alternatieve mogelijkheden in de hedendaagse levenstijl. Alles uit eigen ervaring.\",\"publisher\":{\"@id\":\"https:\/\/www.alternatievemiddelen.nl\/#organization\"},\"potentialAction\":[{\"@type\":\"SearchAction\",\"target\":{\"@type\":\"EntryPoint\",\"urlTemplate\":\"https:\/\/www.alternatievemiddelen.nl\/?s={search_term_string}\"},\"query-input\":{\"@type\":\"PropertyValueSpecification\",\"valueRequired\":true,\"valueName\":\"search_term_string\"}}],\"inLanguage\":\"de\"},{\"@type\":\"Organization\",\"@id\":\"https:\/\/www.alternatievemiddelen.nl\/#organization\",\"name\":\"Alternatievemiddelen.nl\",\"url\":\"https:\/\/www.alternatievemiddelen.nl\/\",\"logo\":{\"@type\":\"ImageObject\",\"inLanguage\":\"de\",\"@id\":\"https:\/\/www.alternatievemiddelen.nl\/#\/schema\/logo\/image\/\",\"url\":\"https:\/\/www.alternatievemiddelen.nl\/wp-content\/uploads\/2023\/10\/alternatievemiddelen-PNG-logo.png\",\"contentUrl\":\"https:\/\/www.alternatievemiddelen.nl\/wp-content\/uploads\/2023\/10\/alternatievemiddelen-PNG-logo.png\",\"width\":6400,\"height\":3062,\"caption\":\"Alternatievemiddelen.nl\"},\"image\":{\"@id\":\"https:\/\/www.alternatievemiddelen.nl\/#\/schema\/logo\/image\/\"}}]}<\/script>\n<!-- \/ Yoast SEO plugin. -->","yoast_head_json":{"title":"ProOne Big+ Waterfilter 12L geborsteld (inclusief RVS kraantje en standaard) - Alternatievemiddelen.nl","description":"ProOne Big+ Waterfilter 12L geborsteld met ProOne filterelementen is het meest uitgebreid, ideaal voor snel schoon gefilterd drinkwater te hebben.","robots":{"index":"index","follow":"follow","max-snippet":"max-snippet:-1","max-image-preview":"max-image-preview:large","max-video-preview":"max-video-preview:-1"},"canonical":"https:\/\/www.alternatievemiddelen.nl\/de\/wp-json\/wp\/v2\/product\/34540","og_locale":"de_DE","og_type":"article","og_title":"ProOne Big+ Waterfilter 12L geborsteld (inclusief RVS kraantje en standaard) - Alternatievemiddelen.nl","og_description":"ProOne Big+ Waterfilter 12L geborsteld met ProOne filterelementen is het meest uitgebreid, ideaal voor snel schoon gefilterd drinkwater te hebben.","og_url":"https:\/\/www.alternatievemiddelen.nl\/de\/produkte\/proone-big-wasserfilter-geburstet\/","og_site_name":"Alternatievemiddelen.nl","article_modified_time":"2025-09-28T19:48:41+00:00","og_image":[{"width":600,"height":800,"url":"\/wp-content\/uploads\/2023\/12\/ProOne-Big-geborsteld.jpg","type":"image\/jpeg"}],"twitter_card":"summary_large_image","twitter_misc":{"Gesch\u00e4tzte Lesezeit":"5\u00a0Minuten"},"schema":{"@context":"https:\/\/schema.org","@graph":[{"@type":["WebPage","ItemPage"],"@id":"https:\/\/www.alternatievemiddelen.nl\/producten\/proone-big-waterfilter-geborsteld\/","url":"https:\/\/www.alternatievemiddelen.nl\/producten\/proone-big-waterfilter-geborsteld\/","name":"ProOne Big+ Waterfilter 12L geborsteld (inclusief RVS kraantje en standaard) - Alternatievemiddelen.nl","isPartOf":{"@id":"https:\/\/www.alternatievemiddelen.nl\/#website"},"primaryImageOfPage":{"@id":"https:\/\/www.alternatievemiddelen.nl\/producten\/proone-big-waterfilter-geborsteld\/#primaryimage"},"image":{"@id":"https:\/\/www.alternatievemiddelen.nl\/producten\/proone-big-waterfilter-geborsteld\/#primaryimage"},"thumbnailUrl":"https:\/\/www.alternatievemiddelen.nl\/wp-content\/uploads\/2023\/12\/ProOne-Big-geborsteld.jpg","datePublished":"2024-02-27T07:45:39+00:00","dateModified":"2025-09-28T19:48:41+00:00","description":"ProOne Big+ Waterfilter 12L geborsteld met ProOne filterelementen is het meest uitgebreid, ideaal voor snel schoon gefilterd drinkwater te hebben.","breadcrumb":{"@id":"https:\/\/www.alternatievemiddelen.nl\/producten\/proone-big-waterfilter-geborsteld\/#breadcrumb"},"inLanguage":"de","potentialAction":[{"@type":"ReadAction","target":["https:\/\/www.alternatievemiddelen.nl\/producten\/proone-big-waterfilter-geborsteld\/"]}]},{"@type":"ImageObject","inLanguage":"de","@id":"https:\/\/www.alternatievemiddelen.nl\/producten\/proone-big-waterfilter-geborsteld\/#primaryimage","url":"https:\/\/www.alternatievemiddelen.nl\/wp-content\/uploads\/2023\/12\/ProOne-Big-geborsteld.jpg","contentUrl":"https:\/\/www.alternatievemiddelen.nl\/wp-content\/uploads\/2023\/12\/ProOne-Big-geborsteld.jpg","width":600,"height":800,"caption":"ProOne Big+ waterfilter 12L met RVS kraantje op standaard"},{"@type":"BreadcrumbList","@id":"https:\/\/www.alternatievemiddelen.nl\/producten\/proone-big-waterfilter-geborsteld\/#breadcrumb","itemListElement":[{"@type":"ListItem","position":1,"name":"Home","item":"https:\/\/www.alternatievemiddelen.nl\/"},{"@type":"ListItem","position":2,"name":"Producten","item":"https:\/\/www.alternatievemiddelen.nl\/producten\/"},{"@type":"ListItem","position":3,"name":"ProOne Big+ Waterfilter 12L geborsteld (inclusief RVS kraantje en standaard)"}]},{"@type":"WebSite","@id":"https:\/\/www.alternatievemiddelen.nl\/#website","url":"https:\/\/www.alternatievemiddelen.nl\/","name":"Alternatievemiddelen.nl","description":"Webshop met gezonde, duurzame en ecologische alternatieve mogelijkheden in de hedendaagse levenstijl. Alles uit eigen ervaring.","publisher":{"@id":"https:\/\/www.alternatievemiddelen.nl\/#organization"},"potentialAction":[{"@type":"SearchAction","target":{"@type":"EntryPoint","urlTemplate":"https:\/\/www.alternatievemiddelen.nl\/?s={search_term_string}"},"query-input":{"@type":"PropertyValueSpecification","valueRequired":true,"valueName":"search_term_string"}}],"inLanguage":"de"},{"@type":"Organization","@id":"https:\/\/www.alternatievemiddelen.nl\/#organization","name":"Alternatievemiddelen.nl","url":"https:\/\/www.alternatievemiddelen.nl\/","logo":{"@type":"ImageObject","inLanguage":"de","@id":"https:\/\/www.alternatievemiddelen.nl\/#\/schema\/logo\/image\/","url":"https:\/\/www.alternatievemiddelen.nl\/wp-content\/uploads\/2023\/10\/alternatievemiddelen-PNG-logo.png","contentUrl":"https:\/\/www.alternatievemiddelen.nl\/wp-content\/uploads\/2023\/10\/alternatievemiddelen-PNG-logo.png","width":6400,"height":3062,"caption":"Alternatievemiddelen.nl"},"image":{"@id":"https:\/\/www.alternatievemiddelen.nl\/#\/schema\/logo\/image\/"}}]}},"_links":{"self":[{"href":"https:\/\/www.alternatievemiddelen.nl\/de\/wp-json\/wp\/v2\/product\/34540","targetHints":{"allow":["GET"]}}],"collection":[{"href":"https:\/\/www.alternatievemiddelen.nl\/de\/wp-json\/wp\/v2\/product"}],"about":[{"href":"https:\/\/www.alternatievemiddelen.nl\/de\/wp-json\/wp\/v2\/types\/product"}],"replies":[{"embeddable":true,"href":"https:\/\/www.alternatievemiddelen.nl\/de\/wp-json\/wp\/v2\/comments?post=34540"}],"wp:featuredmedia":[{"embeddable":true,"href":"https:\/\/www.alternatievemiddelen.nl\/de\/wp-json\/wp\/v2\/media\/31064"}],"wp:attachment":[{"href":"https:\/\/www.alternatievemiddelen.nl\/de\/wp-json\/wp\/v2\/media?parent=34540"}],"wp:term":[{"taxonomy":"product_brand","embeddable":true,"href":"https:\/\/www.alternatievemiddelen.nl\/de\/wp-json\/wp\/v2\/product_brand?post=34540"},{"taxonomy":"product_cat","embeddable":true,"href":"https:\/\/www.alternatievemiddelen.nl\/de\/wp-json\/wp\/v2\/product_cat?post=34540"},{"taxonomy":"product_tag","embeddable":true,"href":"https:\/\/www.alternatievemiddelen.nl\/de\/wp-json\/wp\/v2\/product_tag?post=34540"},{"taxonomy":"merk","embeddable":true,"href":"https:\/\/www.alternatievemiddelen.nl\/de\/wp-json\/wp\/v2\/merk?post=34540"}],"curies":[{"name":"wp","href":"https:\/\/api.w.org\/{rel}","templated":true}]}}