{"id":34547,"date":"2024-02-27T08:48:50","date_gmt":"2024-02-27T07:48:50","guid":{"rendered":"https:\/\/www.alternatievemiddelen.nl\/?post_type=product&#038;p=34547"},"modified":"2026-01-03T02:30:12","modified_gmt":"2026-01-03T01:30:12","slug":"nanotowels-poetsdoeken-extra-groot-groen","status":"publish","type":"product","link":"https:\/\/www.alternatievemiddelen.nl\/de\/produkte\/nanotowels-reinigungstucher-extra-gros-grun\/","title":{"rendered":"NanoTowels Reinigungst\u00fccher extra gro\u00df 65 x 45 cm gr\u00fcn 2 St\u00fcck"},"content":{"rendered":"<p>Die NanoTowels-Reinigungst\u00fccher sind die meistverkauften, umweltfreundlichen, chemiefreien Reinigungst\u00fccher in den USA. Mit dieser bahnbrechenden Stofftechnologie brauchen Sie nur noch mit Wasser zu reinigen und ersetzen so teure Papierhandt\u00fccher, Reinigungst\u00fccher, Wischt\u00fccher, Mikrofasert\u00fccher und oft giftige chemische Reinigungsmittel. So wird Ihr Zuhause nicht nur sicherer, ges\u00fcnder und umweltfreundlicher, sondern spart auch noch Geld.<\/p>\n<h3>Wof\u00fcr kann ich die NanoTowels Reinigungst\u00fccher verwenden?<\/h3>\n<p>Die Reinigungst\u00fccher NanoTowels k\u00f6nnen auf viele verschiedene Arten und auf vielen verschiedenen harten Oberfl\u00e4chen verwendet werden. Verwenden Sie bei der Reinigung nur die NanoTowels-Reinigungst\u00fccher anstelle von z. B. anderen Reinigungst\u00fcchern und Papiert\u00fcchern mit Chemikalien (Polituren). Verwenden Sie sie zum Abstauben, Reinigen von Arbeitsfl\u00e4chen, Fu\u00dfb\u00f6den, Sockelleisten, Fliesen, Granit, Badezimmern, Glas, Edelstahl und \u00fcberall dort, wo etwas versch\u00fcttet worden ist.<br \/>\nSie k\u00f6nnen auch das Innere und \u00c4u\u00dfere Ihres Autos, Gel\u00e4ndewagens, Bootes oder Wohnmobils damit reinigen. Verwenden Sie ihn im Badezimmer, um die Spiegel sauber und frei von Zahnpasta, Haarspray und Make-up zu halten. Wischen Sie Waschbecken und Chromarmaturen einfach ab - effektiv und sicher.<\/p>\n<p>Jedes Mal, wenn Sie das Bed\u00fcrfnis versp\u00fcren, zu einem Putzlappen oder Papiertuch mit Haushaltsreinigern zu greifen, nehmen Sie einfach ein NanoTowels-Reinigungstuch zur Hand. Verwenden Sie es nass oder trocken und erleben Sie die unz\u00e4hligen M\u00f6glichkeiten, wie die patentierte Nanolon\u00ae Faser Ihnen helfen kann, Ihr Zuhause besser zu reinigen. Dabei schonen Sie nicht nur die Umwelt, sondern nat\u00fcrlich auch Ihr Geld.<\/p>\n<h3>Was ist Nanolon\u00ae fibre?<\/h3>\n<p>Nanolon-Fasern sind eine einzigartige und revolution\u00e4re Stofftechnologie, die Hunderte Male feiner ist als ein menschliches Haar, und es gibt fast 40.000 Nanolon-Fasern pro Quadratzentimeter. Sie f\u00e4ngt Fl\u00fcssigkeiten, Staub und Schmutz m\u00fchelos wie ein Magnet und ohne giftige Chemikalien auf. Sie k\u00f6nnen damit fast alle Oberfl\u00e4chen ohne K\u00fcchenpapier und ohne Chemikalien reinigen und trocknen. Wenn das Tuch schmutzig wird, waschen Sie es einfach in der Waschmaschine und verwenden Sie es erneut.<\/p>\n<h3>Wie kann ich die NanoTowels-Reinigungst\u00fccher verwenden?<\/h3>\n<p>Zumindest ohne chemische Poliermittel. Die NanoTowels wurden speziell f\u00fcr die optimale Reinigung mit Wasser entwickelt und sind sehr einfach in der Anwendung. Einfach die zu reinigende Fl\u00e4che mit Wasser bespr\u00fchen oder abwischen, mit dem NanoTowels-Poliertuch reinigen und mit der trockenen Seite trocken wischen (oder ein anderes trockenes NanoTowels-Poliertuch verwenden). Sie haben dann eine saubere Oberfl\u00e4che, die wirklich sauber ist, da sie frei von chemischen R\u00fcckst\u00e4nden ist. Selbst schwer zu reinigende Oberfl\u00e4chen wie Edelstahlger\u00e4te und Glas werden mit NanoTowels-Poliert\u00fcchern und Wasser sauber und streifenfrei. Diese einzigartigen Poliert\u00fccher sind einfacher und bequemer in der Anwendung, ebenso effektiv, potenziell sicherer f\u00fcr Ihre Gesundheit und mit der Zeit au\u00dferordentlich kosteng\u00fcnstig.<\/p>\n<h2>Die wichtigsten Vorteile der NanoTowels Reinigungst\u00fccher (Polieren ohne Politur) auf einen Blick:<\/h2>\n<p>\u2714 <b>Ersparnisse<\/b> - Das schont nicht nur Ihren Geldbeutel, sondern auch die Umwelt.<br \/>\n\u2714 <b>Ein vielseitiges Reinigungstuch<\/b> - Verwenden Sie die Poliert\u00fccher NanoTowels zum Reinigen von Glas, Arbeitsfl\u00e4chen, Waschbecken, Wannen, B\u00f6den, Holz, Granit, Polsterm\u00f6beln und sogar schwer zu reinigendem Edelstahl.<br \/>\n\u2714 <b>Einfachere und bequemere Nutzung<\/b> - Es kostet weniger Energie und M\u00fche, st\u00e4ndig Polituren zu kaufen, und wenn man nur Wasser verwendet, ist es noch einfacher.<br \/>\n\u2714 <b>Gesundheit f\u00fcr Sie und Ihre Familie<\/b> - Einige Gesundheitsbeschwerden lassen sich auf die Verwendung von chemischen Reinigungsmitteln zur\u00fcckf\u00fchren, die nicht mehr notwendig sind.<br \/>\n\u2714 <b>Die Welt wieder ein bisschen besser machen<\/b> - Ein Beispiel: Jedes Jahr werden Millionen von B\u00e4umen und Urw\u00e4ldern abgeholzt, um unseren Wunsch nach Wegwerfhandt\u00fcchern zu befriedigen. Nur 2% dieses Papiers werden recycelt.<br \/>\n\u2714 <b>Ein guter Return on Investment (ROI)<\/b> - Wir leben in einer Welt, in der Produkte benutzt und leicht weggeworfen werden. Die NanoTowels sind von guter Qualit\u00e4t gemacht, um zu halten.<\/p>\n<h4>Inhalt:<\/h4>\n<p>2 gr\u00fcne Reinigungst\u00fccher NanoTowels extra gro\u00df, ca. 65 x 45 cm<\/p>\n<p>Diese Gr\u00f6\u00dfe ist ideal zum Wischen, f\u00fcr gro\u00dfe Fl\u00e4chen oder jede andere Anwendung!<\/p>","protected":false},"excerpt":{"rendered":"<p>NanoTowels Reinigungst\u00fccher extra gro\u00df gr\u00fcn (Polieren ohne Politur) - ideales Format zum Wischen, f\u00fcr gro\u00dfe Fl\u00e4chen oder jede andere Anwendung!<\/p>","protected":false},"featured_media":31889,"comment_status":"open","ping_status":"closed","template":"","meta":[],"product_brand":[],"product_cat":[2924,3297],"product_tag":[3283,2929,3303,2932,3298,3299,3300,3301,3302],"merk":[3455],"class_list":{"0":"post-34547","1":"product","2":"type-product","3":"status-publish","4":"has-post-thumbnail","6":"product_cat-duurzame-huishoudelijke-producten","7":"product_cat-poetsen-zonder-poetsmiddel","8":"product_tag-bespaart-geld","9":"product_tag-duurzaam","10":"product_tag-extra-groot","11":"product_tag-milieuvriendelijk","12":"product_tag-nanolon","13":"product_tag-nanotowels","14":"product_tag-poetsdoeken","15":"product_tag-poetsen","16":"product_tag-poetsen-zonder-poetsmiddel","17":"merk-life-miracle-usa","19":"first","20":"instock","21":"taxable","22":"shipping-taxable","23":"purchasable","24":"product-type-simple"},"bundled_by":[],"bundle_stock_status":"instock","bundle_stock_quantity":null,"bundle_virtual":false,"bundle_layout":"","bundle_add_to_cart_form_location":"","bundle_editable_in_cart":false,"bundle_sold_individually_context":"","bundle_item_grouping":"","bundle_min_size":"","bundle_max_size":"","bundle_price":[],"bundled_items":[],"bundle_sell_ids":[],"yoast_head":"<!-- This site is optimized with the Yoast SEO plugin v26.1 - https:\/\/yoast.com\/wordpress\/plugins\/seo\/ -->\n<title>NanoTowels poetsdoeken extra groot 65 x 45 cm groen 2 stuks - Alternatievemiddelen.nl<\/title>\n<meta name=\"description\" content=\"NanoTowels poetsdoeken extra groot groen (poetsen zonder poetsmiddel) - ideaal formaat om mee te dweilen, voor grote oppervlakten of een andere toepassing!\" \/>\n<meta name=\"robots\" content=\"index, follow, max-snippet:-1, max-image-preview:large, max-video-preview:-1\" \/>\n<link rel=\"canonical\" href=\"https:\/\/www.alternatievemiddelen.nl\/de\/wp-json\/wp\/v2\/product\/34547\" \/>\n<meta property=\"og:locale\" content=\"de_DE\" \/>\n<meta property=\"og:type\" content=\"article\" \/>\n<meta property=\"og:title\" content=\"NanoTowels poetsdoeken extra groot 65 x 45 cm groen 2 stuks - Alternatievemiddelen.nl\" \/>\n<meta property=\"og:description\" content=\"NanoTowels poetsdoeken extra groot groen (poetsen zonder poetsmiddel) - ideaal formaat om mee te dweilen, voor grote oppervlakten of een andere toepassing!\" \/>\n<meta property=\"og:url\" content=\"https:\/\/www.alternatievemiddelen.nl\/de\/produkte\/nanotowels-reinigungstucher-extra-gros-grun\/\" \/>\n<meta property=\"og:site_name\" content=\"Alternatievemiddelen.nl\" \/>\n<meta property=\"article:modified_time\" content=\"2026-01-03T01:30:12+00:00\" \/>\n<meta property=\"og:image\" content=\"\/wp-content\/uploads\/2023\/12\/NanoTowels-groen-extra-groot.jpg\" \/>\n\t<meta property=\"og:image:width\" content=\"600\" \/>\n\t<meta property=\"og:image:height\" content=\"800\" \/>\n\t<meta property=\"og:image:type\" content=\"image\/jpeg\" \/>\n<meta name=\"twitter:card\" content=\"summary_large_image\" \/>\n<meta name=\"twitter:label1\" content=\"Gesch\u00e4tzte Lesezeit\" \/>\n\t<meta name=\"twitter:data1\" content=\"4\u00a0Minuten\" \/>\n<script type=\"application\/ld+json\" class=\"yoast-schema-graph\">{\"@context\":\"https:\/\/schema.org\",\"@graph\":[{\"@type\":[\"WebPage\",\"ItemPage\"],\"@id\":\"https:\/\/www.alternatievemiddelen.nl\/producten\/nanotowels-poetsdoeken-extra-groot-groen\/\",\"url\":\"https:\/\/www.alternatievemiddelen.nl\/producten\/nanotowels-poetsdoeken-extra-groot-groen\/\",\"name\":\"NanoTowels poetsdoeken extra groot 65 x 45 cm groen 2 stuks - Alternatievemiddelen.nl\",\"isPartOf\":{\"@id\":\"https:\/\/www.alternatievemiddelen.nl\/#website\"},\"primaryImageOfPage\":{\"@id\":\"https:\/\/www.alternatievemiddelen.nl\/producten\/nanotowels-poetsdoeken-extra-groot-groen\/#primaryimage\"},\"image\":{\"@id\":\"https:\/\/www.alternatievemiddelen.nl\/producten\/nanotowels-poetsdoeken-extra-groot-groen\/#primaryimage\"},\"thumbnailUrl\":\"https:\/\/www.alternatievemiddelen.nl\/wp-content\/uploads\/2023\/12\/NanoTowels-groen-extra-groot.jpg\",\"datePublished\":\"2024-02-27T07:48:50+00:00\",\"dateModified\":\"2026-01-03T01:30:12+00:00\",\"description\":\"NanoTowels poetsdoeken extra groot groen (poetsen zonder poetsmiddel) - ideaal formaat om mee te dweilen, voor grote oppervlakten of een andere toepassing!\",\"breadcrumb\":{\"@id\":\"https:\/\/www.alternatievemiddelen.nl\/producten\/nanotowels-poetsdoeken-extra-groot-groen\/#breadcrumb\"},\"inLanguage\":\"de\",\"potentialAction\":[{\"@type\":\"ReadAction\",\"target\":[\"https:\/\/www.alternatievemiddelen.nl\/producten\/nanotowels-poetsdoeken-extra-groot-groen\/\"]}]},{\"@type\":\"ImageObject\",\"inLanguage\":\"de\",\"@id\":\"https:\/\/www.alternatievemiddelen.nl\/producten\/nanotowels-poetsdoeken-extra-groot-groen\/#primaryimage\",\"url\":\"https:\/\/www.alternatievemiddelen.nl\/wp-content\/uploads\/2023\/12\/NanoTowels-groen-extra-groot.jpg\",\"contentUrl\":\"https:\/\/www.alternatievemiddelen.nl\/wp-content\/uploads\/2023\/12\/NanoTowels-groen-extra-groot.jpg\",\"width\":600,\"height\":800,\"caption\":\"NanoTowels groen\"},{\"@type\":\"BreadcrumbList\",\"@id\":\"https:\/\/www.alternatievemiddelen.nl\/producten\/nanotowels-poetsdoeken-extra-groot-groen\/#breadcrumb\",\"itemListElement\":[{\"@type\":\"ListItem\",\"position\":1,\"name\":\"Home\",\"item\":\"https:\/\/www.alternatievemiddelen.nl\/\"},{\"@type\":\"ListItem\",\"position\":2,\"name\":\"Producten\",\"item\":\"https:\/\/www.alternatievemiddelen.nl\/producten\/\"},{\"@type\":\"ListItem\",\"position\":3,\"name\":\"NanoTowels poetsdoeken extra groot 65 x 45 cm groen 2 stuks\"}]},{\"@type\":\"WebSite\",\"@id\":\"https:\/\/www.alternatievemiddelen.nl\/#website\",\"url\":\"https:\/\/www.alternatievemiddelen.nl\/\",\"name\":\"Alternatievemiddelen.nl\",\"description\":\"Webshop met gezonde, duurzame en ecologische alternatieve mogelijkheden in de hedendaagse levenstijl. Alles uit eigen ervaring.\",\"publisher\":{\"@id\":\"https:\/\/www.alternatievemiddelen.nl\/#organization\"},\"potentialAction\":[{\"@type\":\"SearchAction\",\"target\":{\"@type\":\"EntryPoint\",\"urlTemplate\":\"https:\/\/www.alternatievemiddelen.nl\/?s={search_term_string}\"},\"query-input\":{\"@type\":\"PropertyValueSpecification\",\"valueRequired\":true,\"valueName\":\"search_term_string\"}}],\"inLanguage\":\"de\"},{\"@type\":\"Organization\",\"@id\":\"https:\/\/www.alternatievemiddelen.nl\/#organization\",\"name\":\"Alternatievemiddelen.nl\",\"url\":\"https:\/\/www.alternatievemiddelen.nl\/\",\"logo\":{\"@type\":\"ImageObject\",\"inLanguage\":\"de\",\"@id\":\"https:\/\/www.alternatievemiddelen.nl\/#\/schema\/logo\/image\/\",\"url\":\"https:\/\/www.alternatievemiddelen.nl\/wp-content\/uploads\/2023\/10\/alternatievemiddelen-PNG-logo.png\",\"contentUrl\":\"https:\/\/www.alternatievemiddelen.nl\/wp-content\/uploads\/2023\/10\/alternatievemiddelen-PNG-logo.png\",\"width\":6400,\"height\":3062,\"caption\":\"Alternatievemiddelen.nl\"},\"image\":{\"@id\":\"https:\/\/www.alternatievemiddelen.nl\/#\/schema\/logo\/image\/\"}}]}<\/script>\n<!-- \/ Yoast SEO plugin. -->","yoast_head_json":{"title":"NanoTowels poetsdoeken extra groot 65 x 45 cm groen 2 stuks - Alternatievemiddelen.nl","description":"NanoTowels poetsdoeken extra groot groen (poetsen zonder poetsmiddel) - ideaal formaat om mee te dweilen, voor grote oppervlakten of een andere toepassing!","robots":{"index":"index","follow":"follow","max-snippet":"max-snippet:-1","max-image-preview":"max-image-preview:large","max-video-preview":"max-video-preview:-1"},"canonical":"https:\/\/www.alternatievemiddelen.nl\/de\/wp-json\/wp\/v2\/product\/34547","og_locale":"de_DE","og_type":"article","og_title":"NanoTowels poetsdoeken extra groot 65 x 45 cm groen 2 stuks - Alternatievemiddelen.nl","og_description":"NanoTowels poetsdoeken extra groot groen (poetsen zonder poetsmiddel) - ideaal formaat om mee te dweilen, voor grote oppervlakten of een andere toepassing!","og_url":"https:\/\/www.alternatievemiddelen.nl\/de\/produkte\/nanotowels-reinigungstucher-extra-gros-grun\/","og_site_name":"Alternatievemiddelen.nl","article_modified_time":"2026-01-03T01:30:12+00:00","og_image":[{"width":600,"height":800,"url":"\/wp-content\/uploads\/2023\/12\/NanoTowels-groen-extra-groot.jpg","type":"image\/jpeg"}],"twitter_card":"summary_large_image","twitter_misc":{"Gesch\u00e4tzte Lesezeit":"4\u00a0Minuten"},"schema":{"@context":"https:\/\/schema.org","@graph":[{"@type":["WebPage","ItemPage"],"@id":"https:\/\/www.alternatievemiddelen.nl\/producten\/nanotowels-poetsdoeken-extra-groot-groen\/","url":"https:\/\/www.alternatievemiddelen.nl\/producten\/nanotowels-poetsdoeken-extra-groot-groen\/","name":"NanoTowels poetsdoeken extra groot 65 x 45 cm groen 2 stuks - Alternatievemiddelen.nl","isPartOf":{"@id":"https:\/\/www.alternatievemiddelen.nl\/#website"},"primaryImageOfPage":{"@id":"https:\/\/www.alternatievemiddelen.nl\/producten\/nanotowels-poetsdoeken-extra-groot-groen\/#primaryimage"},"image":{"@id":"https:\/\/www.alternatievemiddelen.nl\/producten\/nanotowels-poetsdoeken-extra-groot-groen\/#primaryimage"},"thumbnailUrl":"https:\/\/www.alternatievemiddelen.nl\/wp-content\/uploads\/2023\/12\/NanoTowels-groen-extra-groot.jpg","datePublished":"2024-02-27T07:48:50+00:00","dateModified":"2026-01-03T01:30:12+00:00","description":"NanoTowels poetsdoeken extra groot groen (poetsen zonder poetsmiddel) - ideaal formaat om mee te dweilen, voor grote oppervlakten of een andere toepassing!","breadcrumb":{"@id":"https:\/\/www.alternatievemiddelen.nl\/producten\/nanotowels-poetsdoeken-extra-groot-groen\/#breadcrumb"},"inLanguage":"de","potentialAction":[{"@type":"ReadAction","target":["https:\/\/www.alternatievemiddelen.nl\/producten\/nanotowels-poetsdoeken-extra-groot-groen\/"]}]},{"@type":"ImageObject","inLanguage":"de","@id":"https:\/\/www.alternatievemiddelen.nl\/producten\/nanotowels-poetsdoeken-extra-groot-groen\/#primaryimage","url":"https:\/\/www.alternatievemiddelen.nl\/wp-content\/uploads\/2023\/12\/NanoTowels-groen-extra-groot.jpg","contentUrl":"https:\/\/www.alternatievemiddelen.nl\/wp-content\/uploads\/2023\/12\/NanoTowels-groen-extra-groot.jpg","width":600,"height":800,"caption":"NanoTowels groen"},{"@type":"BreadcrumbList","@id":"https:\/\/www.alternatievemiddelen.nl\/producten\/nanotowels-poetsdoeken-extra-groot-groen\/#breadcrumb","itemListElement":[{"@type":"ListItem","position":1,"name":"Home","item":"https:\/\/www.alternatievemiddelen.nl\/"},{"@type":"ListItem","position":2,"name":"Producten","item":"https:\/\/www.alternatievemiddelen.nl\/producten\/"},{"@type":"ListItem","position":3,"name":"NanoTowels poetsdoeken extra groot 65 x 45 cm groen 2 stuks"}]},{"@type":"WebSite","@id":"https:\/\/www.alternatievemiddelen.nl\/#website","url":"https:\/\/www.alternatievemiddelen.nl\/","name":"Alternatievemiddelen.nl","description":"Webshop met gezonde, duurzame en ecologische alternatieve mogelijkheden in de hedendaagse levenstijl. Alles uit eigen ervaring.","publisher":{"@id":"https:\/\/www.alternatievemiddelen.nl\/#organization"},"potentialAction":[{"@type":"SearchAction","target":{"@type":"EntryPoint","urlTemplate":"https:\/\/www.alternatievemiddelen.nl\/?s={search_term_string}"},"query-input":{"@type":"PropertyValueSpecification","valueRequired":true,"valueName":"search_term_string"}}],"inLanguage":"de"},{"@type":"Organization","@id":"https:\/\/www.alternatievemiddelen.nl\/#organization","name":"Alternatievemiddelen.nl","url":"https:\/\/www.alternatievemiddelen.nl\/","logo":{"@type":"ImageObject","inLanguage":"de","@id":"https:\/\/www.alternatievemiddelen.nl\/#\/schema\/logo\/image\/","url":"https:\/\/www.alternatievemiddelen.nl\/wp-content\/uploads\/2023\/10\/alternatievemiddelen-PNG-logo.png","contentUrl":"https:\/\/www.alternatievemiddelen.nl\/wp-content\/uploads\/2023\/10\/alternatievemiddelen-PNG-logo.png","width":6400,"height":3062,"caption":"Alternatievemiddelen.nl"},"image":{"@id":"https:\/\/www.alternatievemiddelen.nl\/#\/schema\/logo\/image\/"}}]}},"_links":{"self":[{"href":"https:\/\/www.alternatievemiddelen.nl\/de\/wp-json\/wp\/v2\/product\/34547","targetHints":{"allow":["GET"]}}],"collection":[{"href":"https:\/\/www.alternatievemiddelen.nl\/de\/wp-json\/wp\/v2\/product"}],"about":[{"href":"https:\/\/www.alternatievemiddelen.nl\/de\/wp-json\/wp\/v2\/types\/product"}],"replies":[{"embeddable":true,"href":"https:\/\/www.alternatievemiddelen.nl\/de\/wp-json\/wp\/v2\/comments?post=34547"}],"wp:featuredmedia":[{"embeddable":true,"href":"https:\/\/www.alternatievemiddelen.nl\/de\/wp-json\/wp\/v2\/media\/31889"}],"wp:attachment":[{"href":"https:\/\/www.alternatievemiddelen.nl\/de\/wp-json\/wp\/v2\/media?parent=34547"}],"wp:term":[{"taxonomy":"product_brand","embeddable":true,"href":"https:\/\/www.alternatievemiddelen.nl\/de\/wp-json\/wp\/v2\/product_brand?post=34547"},{"taxonomy":"product_cat","embeddable":true,"href":"https:\/\/www.alternatievemiddelen.nl\/de\/wp-json\/wp\/v2\/product_cat?post=34547"},{"taxonomy":"product_tag","embeddable":true,"href":"https:\/\/www.alternatievemiddelen.nl\/de\/wp-json\/wp\/v2\/product_tag?post=34547"},{"taxonomy":"merk","embeddable":true,"href":"https:\/\/www.alternatievemiddelen.nl\/de\/wp-json\/wp\/v2\/merk?post=34547"}],"curies":[{"name":"wp","href":"https:\/\/api.w.org\/{rel}","templated":true}]}}