{"id":34572,"date":"2024-02-27T08:53:57","date_gmt":"2024-02-27T07:53:57","guid":{"rendered":"https:\/\/www.alternatievemiddelen.nl\/?post_type=product&#038;p=34572"},"modified":"2025-04-28T07:58:34","modified_gmt":"2025-04-28T05:58:34","slug":"schussler-zout-calcium-fluoratum-1-d12-400","status":"publish","type":"product","link":"https:\/\/www.alternatievemiddelen.nl\/de\/produkte\/schussler-salz-calcium-fluoratum-1-d12-400\/","title":{"rendered":"Sch\u00fcssler Salz Calcium fluoratum 1 D12 400 Tabletten"},"content":{"rendered":"<p>Sch\u00fcssler Salz Calcium fluoratum 1 D12 400 Tabletten<\/p>\n<p>Hom\u00f6opathisches Arzneimittel ohne spezifische therapeutische Indikation, das nach den Grunds\u00e4tzen der hom\u00f6opathischen Medizin angewendet wird.<\/p>\n<p><u><b>Zusammensetzung pro Tablette<\/b><\/u><br \/>\nCalcium fluoratum D12 250 mg<\/p>\n<p><u><b>Hilfsstoffe:<\/b><\/u><br \/>\nLaktose (Milchzucker), Calciumbehenat und Kartoffelst\u00e4rke.<\/p>\n<p><u><b>Informationen \u00fcber Allergene<\/b><\/u><br \/>\nEnth\u00e4lt Laktose.<\/p>\n<p><u><b>Verwenden Sie<\/b><\/u><br \/>\nSofern nicht anders vorgeschrieben:<br \/>\nErwachsene und Kinder ab 12 Jahren:<br \/>\n3 Mal t\u00e4glich 2 Tabletten im Mund zergehen lassen und schlucken, bei Bedarf bis zu 7 Mal t\u00e4glich zus\u00e4tzlich 2 Tabletten, maximal 20 Tabletten pro Tag.<br \/>\nKinder von 6 bis 12 Jahren:<br \/>\nDreimal t\u00e4glich 1 Tablette im Mund zergehen lassen und schlucken, bei Bedarf bis zu 7-mal t\u00e4glich zus\u00e4tzlich 1 Tablette, h\u00f6chstens jedoch 10 Tabletten pro Tag.<br \/>\nWenn die Symptome w\u00e4hrend der Einnahme dieses hom\u00f6opathischen Arzneimittels anhalten, sollten Sie einen Arzt aufsuchen.<\/p>\n<p>Wenn Sie die Einnahme der Tabletten vergessen haben, nehmen Sie keine zus\u00e4tzliche Dosis ein, sondern nehmen Sie die n\u00e4chste Dosis zur \u00fcblichen Zeit ein.<\/p>\n<p>Nach Absetzen der Behandlung sind keine unerw\u00fcnschten Wirkungen zu erwarten.<\/p>\n<p>Es sind keine Nebenwirkungen bekannt. Wenn Sie vermuten, dass bei Ihnen nach der Einnahme dieses Arzneimittels Nebenwirkungen aufgetreten sind, informieren Sie bitte Ihren Arzt oder Apotheker.<\/p>","protected":false},"excerpt":{"rendered":"<p>Sch\u00fcssler Salz Calcium fluoratum 1 D12 400 Tabletten - Hom\u00f6opathisches Arzneimittel.<\/p>","protected":false},"featured_media":31862,"comment_status":"open","ping_status":"closed","template":"","meta":[],"product_brand":[],"product_cat":[2938],"product_tag":[3346,3347,3348,3349],"merk":[3441],"class_list":{"0":"post-34572","1":"product","2":"type-product","3":"status-publish","4":"has-post-thumbnail","6":"product_cat-vitamines-mineralen-en-supplementen","7":"product_tag-calcium-fluoratum-1-d12","8":"product_tag-schussler-zout","9":"product_tag-schussler-zout-calcium-fluoratum-1-d12-400-tabletten","10":"product_tag-schussler-zouten","11":"merk-schussler","13":"first","14":"instock","15":"taxable","16":"shipping-taxable","17":"purchasable","18":"product-type-simple"},"bundled_by":[],"bundle_stock_status":"instock","bundle_stock_quantity":null,"bundle_virtual":false,"bundle_layout":"","bundle_add_to_cart_form_location":"","bundle_editable_in_cart":false,"bundle_sold_individually_context":"","bundle_item_grouping":"","bundle_min_size":"","bundle_max_size":"","bundle_price":[],"bundled_items":[],"bundle_sell_ids":[],"yoast_head":"<!-- This site is optimized with the Yoast SEO plugin v26.1 - https:\/\/yoast.com\/wordpress\/plugins\/seo\/ -->\n<title>Sch\u00fcssler zout Calcium fluoratum 1 D12 400 tabletten - Alternatievemiddelen.nl<\/title>\n<meta name=\"description\" content=\"Sch\u00fcssler zout Calcium fluoratum 1 D12 400 tabletten - Homeopathisch geneesmiddel.\" \/>\n<meta name=\"robots\" content=\"noindex, follow\" \/>\n<meta property=\"og:locale\" content=\"de_DE\" \/>\n<meta property=\"og:type\" content=\"article\" \/>\n<meta property=\"og:title\" content=\"Sch\u00fcssler zout Calcium fluoratum 1 D12 400 tabletten - Alternatievemiddelen.nl\" \/>\n<meta property=\"og:description\" content=\"Sch\u00fcssler zout Calcium fluoratum 1 D12 400 tabletten - Homeopathisch geneesmiddel.\" \/>\n<meta property=\"og:url\" content=\"https:\/\/www.alternatievemiddelen.nl\/de\/produkte\/schussler-salz-calcium-fluoratum-1-d12-400\/\" \/>\n<meta property=\"og:site_name\" content=\"Alternatievemiddelen.nl\" \/>\n<meta property=\"article:modified_time\" content=\"2025-04-28T05:58:34+00:00\" \/>\n<meta property=\"og:image\" content=\"\/wp-content\/uploads\/2023\/12\/Schussler-zout-Calcium-fluoratum-1-D12-400-tabletten.jpg\" \/>\n\t<meta property=\"og:image:width\" content=\"600\" \/>\n\t<meta property=\"og:image:height\" content=\"800\" \/>\n\t<meta property=\"og:image:type\" content=\"image\/jpeg\" \/>\n<meta name=\"twitter:card\" content=\"summary_large_image\" \/>\n<meta name=\"twitter:label1\" content=\"Gesch\u00e4tzte Lesezeit\" \/>\n\t<meta name=\"twitter:data1\" content=\"2\u00a0Minuten\" \/>\n<script type=\"application\/ld+json\" class=\"yoast-schema-graph\">{\"@context\":\"https:\/\/schema.org\",\"@graph\":[{\"@type\":[\"WebPage\",\"ItemPage\"],\"@id\":\"https:\/\/www.alternatievemiddelen.nl\/producten\/schussler-zout-calcium-fluoratum-1-d12-400\/\",\"url\":\"https:\/\/www.alternatievemiddelen.nl\/producten\/schussler-zout-calcium-fluoratum-1-d12-400\/\",\"name\":\"Sch\u00fcssler zout Calcium fluoratum 1 D12 400 tabletten - Alternatievemiddelen.nl\",\"isPartOf\":{\"@id\":\"https:\/\/www.alternatievemiddelen.nl\/#website\"},\"primaryImageOfPage\":{\"@id\":\"https:\/\/www.alternatievemiddelen.nl\/producten\/schussler-zout-calcium-fluoratum-1-d12-400\/#primaryimage\"},\"image\":{\"@id\":\"https:\/\/www.alternatievemiddelen.nl\/producten\/schussler-zout-calcium-fluoratum-1-d12-400\/#primaryimage\"},\"thumbnailUrl\":\"https:\/\/www.alternatievemiddelen.nl\/wp-content\/uploads\/2023\/12\/Schussler-zout-Calcium-fluoratum-1-D12-400-tabletten.jpg\",\"datePublished\":\"2024-02-27T07:53:57+00:00\",\"dateModified\":\"2025-04-28T05:58:34+00:00\",\"description\":\"Sch\u00fcssler zout Calcium fluoratum 1 D12 400 tabletten - Homeopathisch geneesmiddel.\",\"breadcrumb\":{\"@id\":\"https:\/\/www.alternatievemiddelen.nl\/producten\/schussler-zout-calcium-fluoratum-1-d12-400\/#breadcrumb\"},\"inLanguage\":\"de\",\"potentialAction\":[{\"@type\":\"ReadAction\",\"target\":[\"https:\/\/www.alternatievemiddelen.nl\/producten\/schussler-zout-calcium-fluoratum-1-d12-400\/\"]}]},{\"@type\":\"ImageObject\",\"inLanguage\":\"de\",\"@id\":\"https:\/\/www.alternatievemiddelen.nl\/producten\/schussler-zout-calcium-fluoratum-1-d12-400\/#primaryimage\",\"url\":\"https:\/\/www.alternatievemiddelen.nl\/wp-content\/uploads\/2023\/12\/Schussler-zout-Calcium-fluoratum-1-D12-400-tabletten.jpg\",\"contentUrl\":\"https:\/\/www.alternatievemiddelen.nl\/wp-content\/uploads\/2023\/12\/Schussler-zout-Calcium-fluoratum-1-D12-400-tabletten.jpg\",\"width\":600,\"height\":800,\"caption\":\"Schussler zout 1\"},{\"@type\":\"BreadcrumbList\",\"@id\":\"https:\/\/www.alternatievemiddelen.nl\/producten\/schussler-zout-calcium-fluoratum-1-d12-400\/#breadcrumb\",\"itemListElement\":[{\"@type\":\"ListItem\",\"position\":1,\"name\":\"Home\",\"item\":\"https:\/\/www.alternatievemiddelen.nl\/\"},{\"@type\":\"ListItem\",\"position\":2,\"name\":\"Producten\",\"item\":\"https:\/\/www.alternatievemiddelen.nl\/producten\/\"},{\"@type\":\"ListItem\",\"position\":3,\"name\":\"Sch\u00fcssler zout Calcium fluoratum 1 D12 400 tabletten\"}]},{\"@type\":\"WebSite\",\"@id\":\"https:\/\/www.alternatievemiddelen.nl\/#website\",\"url\":\"https:\/\/www.alternatievemiddelen.nl\/\",\"name\":\"Alternatievemiddelen.nl\",\"description\":\"Webshop met gezonde, duurzame en ecologische alternatieve mogelijkheden in de hedendaagse levenstijl. Alles uit eigen ervaring.\",\"publisher\":{\"@id\":\"https:\/\/www.alternatievemiddelen.nl\/#organization\"},\"potentialAction\":[{\"@type\":\"SearchAction\",\"target\":{\"@type\":\"EntryPoint\",\"urlTemplate\":\"https:\/\/www.alternatievemiddelen.nl\/?s={search_term_string}\"},\"query-input\":{\"@type\":\"PropertyValueSpecification\",\"valueRequired\":true,\"valueName\":\"search_term_string\"}}],\"inLanguage\":\"de\"},{\"@type\":\"Organization\",\"@id\":\"https:\/\/www.alternatievemiddelen.nl\/#organization\",\"name\":\"Alternatievemiddelen.nl\",\"url\":\"https:\/\/www.alternatievemiddelen.nl\/\",\"logo\":{\"@type\":\"ImageObject\",\"inLanguage\":\"de\",\"@id\":\"https:\/\/www.alternatievemiddelen.nl\/#\/schema\/logo\/image\/\",\"url\":\"https:\/\/www.alternatievemiddelen.nl\/wp-content\/uploads\/2023\/10\/alternatievemiddelen-PNG-logo.png\",\"contentUrl\":\"https:\/\/www.alternatievemiddelen.nl\/wp-content\/uploads\/2023\/10\/alternatievemiddelen-PNG-logo.png\",\"width\":6400,\"height\":3062,\"caption\":\"Alternatievemiddelen.nl\"},\"image\":{\"@id\":\"https:\/\/www.alternatievemiddelen.nl\/#\/schema\/logo\/image\/\"}}]}<\/script>\n<!-- \/ Yoast SEO plugin. -->","yoast_head_json":{"title":"Sch\u00fcssler zout Calcium fluoratum 1 D12 400 tabletten - Alternatievemiddelen.nl","description":"Sch\u00fcssler zout Calcium fluoratum 1 D12 400 tabletten - Homeopathisch geneesmiddel.","robots":{"index":"noindex","follow":"follow"},"og_locale":"de_DE","og_type":"article","og_title":"Sch\u00fcssler zout Calcium fluoratum 1 D12 400 tabletten - Alternatievemiddelen.nl","og_description":"Sch\u00fcssler zout Calcium fluoratum 1 D12 400 tabletten - Homeopathisch geneesmiddel.","og_url":"https:\/\/www.alternatievemiddelen.nl\/de\/produkte\/schussler-salz-calcium-fluoratum-1-d12-400\/","og_site_name":"Alternatievemiddelen.nl","article_modified_time":"2025-04-28T05:58:34+00:00","og_image":[{"width":600,"height":800,"url":"\/wp-content\/uploads\/2023\/12\/Schussler-zout-Calcium-fluoratum-1-D12-400-tabletten.jpg","type":"image\/jpeg"}],"twitter_card":"summary_large_image","twitter_misc":{"Gesch\u00e4tzte Lesezeit":"2\u00a0Minuten"},"schema":{"@context":"https:\/\/schema.org","@graph":[{"@type":["WebPage","ItemPage"],"@id":"https:\/\/www.alternatievemiddelen.nl\/producten\/schussler-zout-calcium-fluoratum-1-d12-400\/","url":"https:\/\/www.alternatievemiddelen.nl\/producten\/schussler-zout-calcium-fluoratum-1-d12-400\/","name":"Sch\u00fcssler zout Calcium fluoratum 1 D12 400 tabletten - Alternatievemiddelen.nl","isPartOf":{"@id":"https:\/\/www.alternatievemiddelen.nl\/#website"},"primaryImageOfPage":{"@id":"https:\/\/www.alternatievemiddelen.nl\/producten\/schussler-zout-calcium-fluoratum-1-d12-400\/#primaryimage"},"image":{"@id":"https:\/\/www.alternatievemiddelen.nl\/producten\/schussler-zout-calcium-fluoratum-1-d12-400\/#primaryimage"},"thumbnailUrl":"https:\/\/www.alternatievemiddelen.nl\/wp-content\/uploads\/2023\/12\/Schussler-zout-Calcium-fluoratum-1-D12-400-tabletten.jpg","datePublished":"2024-02-27T07:53:57+00:00","dateModified":"2025-04-28T05:58:34+00:00","description":"Sch\u00fcssler zout Calcium fluoratum 1 D12 400 tabletten - Homeopathisch geneesmiddel.","breadcrumb":{"@id":"https:\/\/www.alternatievemiddelen.nl\/producten\/schussler-zout-calcium-fluoratum-1-d12-400\/#breadcrumb"},"inLanguage":"de","potentialAction":[{"@type":"ReadAction","target":["https:\/\/www.alternatievemiddelen.nl\/producten\/schussler-zout-calcium-fluoratum-1-d12-400\/"]}]},{"@type":"ImageObject","inLanguage":"de","@id":"https:\/\/www.alternatievemiddelen.nl\/producten\/schussler-zout-calcium-fluoratum-1-d12-400\/#primaryimage","url":"https:\/\/www.alternatievemiddelen.nl\/wp-content\/uploads\/2023\/12\/Schussler-zout-Calcium-fluoratum-1-D12-400-tabletten.jpg","contentUrl":"https:\/\/www.alternatievemiddelen.nl\/wp-content\/uploads\/2023\/12\/Schussler-zout-Calcium-fluoratum-1-D12-400-tabletten.jpg","width":600,"height":800,"caption":"Schussler zout 1"},{"@type":"BreadcrumbList","@id":"https:\/\/www.alternatievemiddelen.nl\/producten\/schussler-zout-calcium-fluoratum-1-d12-400\/#breadcrumb","itemListElement":[{"@type":"ListItem","position":1,"name":"Home","item":"https:\/\/www.alternatievemiddelen.nl\/"},{"@type":"ListItem","position":2,"name":"Producten","item":"https:\/\/www.alternatievemiddelen.nl\/producten\/"},{"@type":"ListItem","position":3,"name":"Sch\u00fcssler zout Calcium fluoratum 1 D12 400 tabletten"}]},{"@type":"WebSite","@id":"https:\/\/www.alternatievemiddelen.nl\/#website","url":"https:\/\/www.alternatievemiddelen.nl\/","name":"Alternatievemiddelen.nl","description":"Webshop met gezonde, duurzame en ecologische alternatieve mogelijkheden in de hedendaagse levenstijl. Alles uit eigen ervaring.","publisher":{"@id":"https:\/\/www.alternatievemiddelen.nl\/#organization"},"potentialAction":[{"@type":"SearchAction","target":{"@type":"EntryPoint","urlTemplate":"https:\/\/www.alternatievemiddelen.nl\/?s={search_term_string}"},"query-input":{"@type":"PropertyValueSpecification","valueRequired":true,"valueName":"search_term_string"}}],"inLanguage":"de"},{"@type":"Organization","@id":"https:\/\/www.alternatievemiddelen.nl\/#organization","name":"Alternatievemiddelen.nl","url":"https:\/\/www.alternatievemiddelen.nl\/","logo":{"@type":"ImageObject","inLanguage":"de","@id":"https:\/\/www.alternatievemiddelen.nl\/#\/schema\/logo\/image\/","url":"https:\/\/www.alternatievemiddelen.nl\/wp-content\/uploads\/2023\/10\/alternatievemiddelen-PNG-logo.png","contentUrl":"https:\/\/www.alternatievemiddelen.nl\/wp-content\/uploads\/2023\/10\/alternatievemiddelen-PNG-logo.png","width":6400,"height":3062,"caption":"Alternatievemiddelen.nl"},"image":{"@id":"https:\/\/www.alternatievemiddelen.nl\/#\/schema\/logo\/image\/"}}]}},"_links":{"self":[{"href":"https:\/\/www.alternatievemiddelen.nl\/de\/wp-json\/wp\/v2\/product\/34572","targetHints":{"allow":["GET"]}}],"collection":[{"href":"https:\/\/www.alternatievemiddelen.nl\/de\/wp-json\/wp\/v2\/product"}],"about":[{"href":"https:\/\/www.alternatievemiddelen.nl\/de\/wp-json\/wp\/v2\/types\/product"}],"replies":[{"embeddable":true,"href":"https:\/\/www.alternatievemiddelen.nl\/de\/wp-json\/wp\/v2\/comments?post=34572"}],"wp:featuredmedia":[{"embeddable":true,"href":"https:\/\/www.alternatievemiddelen.nl\/de\/wp-json\/wp\/v2\/media\/31862"}],"wp:attachment":[{"href":"https:\/\/www.alternatievemiddelen.nl\/de\/wp-json\/wp\/v2\/media?parent=34572"}],"wp:term":[{"taxonomy":"product_brand","embeddable":true,"href":"https:\/\/www.alternatievemiddelen.nl\/de\/wp-json\/wp\/v2\/product_brand?post=34572"},{"taxonomy":"product_cat","embeddable":true,"href":"https:\/\/www.alternatievemiddelen.nl\/de\/wp-json\/wp\/v2\/product_cat?post=34572"},{"taxonomy":"product_tag","embeddable":true,"href":"https:\/\/www.alternatievemiddelen.nl\/de\/wp-json\/wp\/v2\/product_tag?post=34572"},{"taxonomy":"merk","embeddable":true,"href":"https:\/\/www.alternatievemiddelen.nl\/de\/wp-json\/wp\/v2\/merk?post=34572"}],"curies":[{"name":"wp","href":"https:\/\/api.w.org\/{rel}","templated":true}]}}