{"id":45003,"date":"2024-09-06T12:35:01","date_gmt":"2024-09-06T10:35:01","guid":{"rendered":"https:\/\/www.alternatievemiddelen.nl\/?post_type=product&#038;p=45003"},"modified":"2025-04-28T07:53:41","modified_gmt":"2025-04-28T05:53:41","slug":"bonusan-vitamine-b12-1000mcg-actief","status":"publish","type":"product","link":"https:\/\/www.alternatievemiddelen.nl\/de\/produkte\/bonusan-vitamin-b12-1000mcg-aktiv\/","title":{"rendered":"Bonusan Vitamin B12 1000mcg aktiv 60 Lutschtabletten"},"content":{"rendered":"<p><b>Bonusan Vitamin B12 1000 mcg aktiv 60 Lutschtabletten<\/b><br \/>\nBonusan Vitamin B12 Aktiv 1000 mcg Lutschtabletten schmelzen unter der Zunge, so dass das Vitamin B12 direkt von der Mundschleimhaut aufgenommen werden kann. Ideal also, wenn Ihr K\u00f6rper Schwierigkeiten hat, Vitamin B12 zu absorbieren.<\/p>\n<p>- Optimale Erhaltungsdosis mit aktivem B12: Methyl- und Adenosylcobalamin<br \/>\n- Gut schmeckende Lutschtablette, die gut von der Mundschleimhaut aufgenommen wird<\/p>\n<p>- Vitamin B12 tr\u00e4gt zu einer normalen Funktion des Immunsystems bei<br \/>\n- Vitamin B12 tr\u00e4gt zur Verringerung von M\u00fcdigkeit und Erm\u00fcdung bei<br \/>\n- Vitamin B12 tr\u00e4gt zu einer normalen psychischen Funktion bei<br \/>\n- Vitamin B12 tr\u00e4gt zu einer normalen Funktion des Nervensystems bei<br \/>\n- Vitamin B12 tr\u00e4gt zum normalen Stoffwechsel von Homocystein bei<br \/>\n- Vitamin B12 spielt eine Rolle im Prozess der Zellteilung<\/p>\n<p><u><b>Zusammensetzung<\/b><\/u><br \/>\n<b>Zusammensetzung pro Tagesdosis von 1 Lutschtablette<\/b><br \/>\nAktives Vitamin B12 (als Methylcobalamin) 500 mcg 20000% RI*<\/p>\n<p>Aktives Vitamin B12 (als Adenosylcobalamin\/Dibencozid) 500 mcg 20000% RI*<\/p>\n<p>Aktives Folat (als Glucosaminsalz von 5-Methyl-Tetrahydrofolat, Quatrefolic\u00ae) 200 mcg 100% RI*<br \/>\n*RI = Referenzeinnahme<\/p>\n<p><u><b>Inhaltsstoffe<\/b><\/u><br \/>\nS\u00fc\u00dfungsmittel (Dextrose, Oligosaccharide), F\u00fcllstoff (mikrokristalline Cellulose (Cellulosegel)), Trennmittel (Magnesiumstearat), Vitamin B12, nat\u00fcrliches Orangenaroma, Folat<\/p>\n<p><u><b>Verwenden Sie<\/b><\/u><br \/>\nSoweit nicht anders empfohlen, 1 x t\u00e4glich 1 Lutschtablette, die vollst\u00e4ndig im Mund aufgel\u00f6st werden muss.<\/p>\n<p><u><b>Lagerhinweis<\/b><\/u><br \/>\nTrocken und bei Raumtemperatur lagern<\/p>\n<p>Dieses Produkt ist ein Nahrungserg\u00e4nzungsmittel.<\/p>\n<p>Die empfohlene Dosierung darf nicht \u00fcberschritten werden.<\/p>\n<p>Eine abwechslungsreiche, ausgewogene Ern\u00e4hrung und eine gesunde Lebensweise sind wichtig. Ein Nahrungserg\u00e4nzungsmittel ist kein Ersatz f\u00fcr eine abwechslungsreiche Ern\u00e4hrung.<\/p>\n<p>Au\u00dferhalb der Reichweite von kleinen Kindern aufbewahren.<\/p>\n<p>Trocken, verschlossen und bei Raumtemperatur lagern, sofern nicht anders auf dem Etikett angegeben.<\/p>\n<p>Konsultieren Sie vor der Einnahme von Nahrungserg\u00e4nzungsmitteln im Falle von Schwangerschaft, Stillzeit, Medikamenteneinnahme und Krankheit einen Experten.<\/p>","protected":false},"excerpt":{"rendered":"<p>Bonusan Vitamin B12 Aktiv 1000 mcg Lutschtabletten schmelzen unter der Zunge, so dass das Vitamin B12 direkt von der Mundschleimhaut aufgenommen werden kann.<\/p>","protected":false},"featured_media":45004,"comment_status":"open","ping_status":"closed","template":"","meta":[],"product_brand":[],"product_cat":[2938],"product_tag":[3584,3581,3583,3579],"merk":[3573],"class_list":{"0":"post-45003","1":"product","2":"type-product","3":"status-publish","4":"has-post-thumbnail","6":"product_cat-vitamines-mineralen-en-supplementen","7":"product_tag-1000mcg","8":"product_tag-b12","9":"product_tag-bonusan","10":"product_tag-vitamine-b12","11":"merk-bonusan","13":"first","14":"instock","15":"taxable","16":"shipping-taxable","17":"purchasable","18":"product-type-simple"},"bundled_by":[],"bundle_stock_status":"instock","bundle_stock_quantity":null,"bundle_virtual":false,"bundle_layout":"","bundle_add_to_cart_form_location":"","bundle_editable_in_cart":false,"bundle_sold_individually_context":"","bundle_item_grouping":"","bundle_min_size":"","bundle_max_size":"","bundle_price":[],"bundled_items":[],"bundle_sell_ids":[],"yoast_head":"<!-- This site is optimized with the Yoast SEO plugin v26.1 - https:\/\/yoast.com\/wordpress\/plugins\/seo\/ -->\n<title>Bonusan Vitamine B12 1000mcg actief 60 zuigtabletten - Alternatievemiddelen.nl<\/title>\n<meta name=\"description\" content=\"Bonusan Vitamine B12 Actief 1000 mcg zuigtabletten smelten onder je tong waardoor de vitamine B12 direct wordt opgenomen door het mondslijmvlies.\" \/>\n<meta name=\"robots\" content=\"noindex, follow\" \/>\n<meta property=\"og:locale\" content=\"de_DE\" \/>\n<meta property=\"og:type\" content=\"article\" \/>\n<meta property=\"og:title\" content=\"Bonusan Vitamine B12 1000mcg actief 60 zuigtabletten - Alternatievemiddelen.nl\" \/>\n<meta property=\"og:description\" content=\"Bonusan Vitamine B12 Actief 1000 mcg zuigtabletten smelten onder je tong waardoor de vitamine B12 direct wordt opgenomen door het mondslijmvlies.\" \/>\n<meta property=\"og:url\" content=\"https:\/\/www.alternatievemiddelen.nl\/de\/produkte\/bonusan-vitamin-b12-1000mcg-aktiv\/\" \/>\n<meta property=\"og:site_name\" content=\"Alternatievemiddelen.nl\" \/>\n<meta property=\"article:modified_time\" content=\"2025-04-28T05:53:41+00:00\" \/>\n<meta property=\"og:image\" content=\"\/wp-content\/uploads\/2024\/09\/Bonusan-Vitamine-B12-1000mcg-actief.jpg\" \/>\n\t<meta property=\"og:image:width\" content=\"600\" \/>\n\t<meta property=\"og:image:height\" content=\"800\" \/>\n\t<meta property=\"og:image:type\" content=\"image\/jpeg\" \/>\n<meta name=\"twitter:card\" content=\"summary_large_image\" \/>\n<meta name=\"twitter:label1\" content=\"Gesch\u00e4tzte Lesezeit\" \/>\n\t<meta name=\"twitter:data1\" content=\"2\u00a0Minuten\" \/>\n<script type=\"application\/ld+json\" class=\"yoast-schema-graph\">{\"@context\":\"https:\/\/schema.org\",\"@graph\":[{\"@type\":[\"WebPage\",\"ItemPage\"],\"@id\":\"https:\/\/www.alternatievemiddelen.nl\/producten\/bonusan-vitamine-b12-1000mcg-actief\/\",\"url\":\"https:\/\/www.alternatievemiddelen.nl\/producten\/bonusan-vitamine-b12-1000mcg-actief\/\",\"name\":\"Bonusan Vitamine B12 1000mcg actief 60 zuigtabletten - Alternatievemiddelen.nl\",\"isPartOf\":{\"@id\":\"https:\/\/www.alternatievemiddelen.nl\/#website\"},\"primaryImageOfPage\":{\"@id\":\"https:\/\/www.alternatievemiddelen.nl\/producten\/bonusan-vitamine-b12-1000mcg-actief\/#primaryimage\"},\"image\":{\"@id\":\"https:\/\/www.alternatievemiddelen.nl\/producten\/bonusan-vitamine-b12-1000mcg-actief\/#primaryimage\"},\"thumbnailUrl\":\"https:\/\/www.alternatievemiddelen.nl\/wp-content\/uploads\/2024\/09\/Bonusan-Vitamine-B12-1000mcg-actief.jpg\",\"datePublished\":\"2024-09-06T10:35:01+00:00\",\"dateModified\":\"2025-04-28T05:53:41+00:00\",\"description\":\"Bonusan Vitamine B12 Actief 1000 mcg zuigtabletten smelten onder je tong waardoor de vitamine B12 direct wordt opgenomen door het mondslijmvlies.\",\"breadcrumb\":{\"@id\":\"https:\/\/www.alternatievemiddelen.nl\/producten\/bonusan-vitamine-b12-1000mcg-actief\/#breadcrumb\"},\"inLanguage\":\"de\",\"potentialAction\":[{\"@type\":\"ReadAction\",\"target\":[\"https:\/\/www.alternatievemiddelen.nl\/producten\/bonusan-vitamine-b12-1000mcg-actief\/\"]}]},{\"@type\":\"ImageObject\",\"inLanguage\":\"de\",\"@id\":\"https:\/\/www.alternatievemiddelen.nl\/producten\/bonusan-vitamine-b12-1000mcg-actief\/#primaryimage\",\"url\":\"https:\/\/www.alternatievemiddelen.nl\/wp-content\/uploads\/2024\/09\/Bonusan-Vitamine-B12-1000mcg-actief.jpg\",\"contentUrl\":\"https:\/\/www.alternatievemiddelen.nl\/wp-content\/uploads\/2024\/09\/Bonusan-Vitamine-B12-1000mcg-actief.jpg\",\"width\":600,\"height\":800,\"caption\":\"Bonusan Vitamine B12 1000mcg actief\"},{\"@type\":\"BreadcrumbList\",\"@id\":\"https:\/\/www.alternatievemiddelen.nl\/producten\/bonusan-vitamine-b12-1000mcg-actief\/#breadcrumb\",\"itemListElement\":[{\"@type\":\"ListItem\",\"position\":1,\"name\":\"Home\",\"item\":\"https:\/\/www.alternatievemiddelen.nl\/\"},{\"@type\":\"ListItem\",\"position\":2,\"name\":\"Producten\",\"item\":\"https:\/\/www.alternatievemiddelen.nl\/producten\/\"},{\"@type\":\"ListItem\",\"position\":3,\"name\":\"Bonusan Vitamine B12 1000mcg actief 60 zuigtabletten\"}]},{\"@type\":\"WebSite\",\"@id\":\"https:\/\/www.alternatievemiddelen.nl\/#website\",\"url\":\"https:\/\/www.alternatievemiddelen.nl\/\",\"name\":\"Alternatievemiddelen.nl\",\"description\":\"Webshop met gezonde, duurzame en ecologische alternatieve mogelijkheden in de hedendaagse levenstijl. Alles uit eigen ervaring.\",\"publisher\":{\"@id\":\"https:\/\/www.alternatievemiddelen.nl\/#organization\"},\"potentialAction\":[{\"@type\":\"SearchAction\",\"target\":{\"@type\":\"EntryPoint\",\"urlTemplate\":\"https:\/\/www.alternatievemiddelen.nl\/?s={search_term_string}\"},\"query-input\":{\"@type\":\"PropertyValueSpecification\",\"valueRequired\":true,\"valueName\":\"search_term_string\"}}],\"inLanguage\":\"de\"},{\"@type\":\"Organization\",\"@id\":\"https:\/\/www.alternatievemiddelen.nl\/#organization\",\"name\":\"Alternatievemiddelen.nl\",\"url\":\"https:\/\/www.alternatievemiddelen.nl\/\",\"logo\":{\"@type\":\"ImageObject\",\"inLanguage\":\"de\",\"@id\":\"https:\/\/www.alternatievemiddelen.nl\/#\/schema\/logo\/image\/\",\"url\":\"https:\/\/www.alternatievemiddelen.nl\/wp-content\/uploads\/2023\/10\/alternatievemiddelen-PNG-logo.png\",\"contentUrl\":\"https:\/\/www.alternatievemiddelen.nl\/wp-content\/uploads\/2023\/10\/alternatievemiddelen-PNG-logo.png\",\"width\":6400,\"height\":3062,\"caption\":\"Alternatievemiddelen.nl\"},\"image\":{\"@id\":\"https:\/\/www.alternatievemiddelen.nl\/#\/schema\/logo\/image\/\"}}]}<\/script>\n<!-- \/ Yoast SEO plugin. -->","yoast_head_json":{"title":"Bonusan Vitamine B12 1000mcg actief 60 zuigtabletten - Alternatievemiddelen.nl","description":"Bonusan Vitamine B12 Actief 1000 mcg zuigtabletten smelten onder je tong waardoor de vitamine B12 direct wordt opgenomen door het mondslijmvlies.","robots":{"index":"noindex","follow":"follow"},"og_locale":"de_DE","og_type":"article","og_title":"Bonusan Vitamine B12 1000mcg actief 60 zuigtabletten - Alternatievemiddelen.nl","og_description":"Bonusan Vitamine B12 Actief 1000 mcg zuigtabletten smelten onder je tong waardoor de vitamine B12 direct wordt opgenomen door het mondslijmvlies.","og_url":"https:\/\/www.alternatievemiddelen.nl\/de\/produkte\/bonusan-vitamin-b12-1000mcg-aktiv\/","og_site_name":"Alternatievemiddelen.nl","article_modified_time":"2025-04-28T05:53:41+00:00","og_image":[{"width":600,"height":800,"url":"\/wp-content\/uploads\/2024\/09\/Bonusan-Vitamine-B12-1000mcg-actief.jpg","type":"image\/jpeg"}],"twitter_card":"summary_large_image","twitter_misc":{"Gesch\u00e4tzte Lesezeit":"2\u00a0Minuten"},"schema":{"@context":"https:\/\/schema.org","@graph":[{"@type":["WebPage","ItemPage"],"@id":"https:\/\/www.alternatievemiddelen.nl\/producten\/bonusan-vitamine-b12-1000mcg-actief\/","url":"https:\/\/www.alternatievemiddelen.nl\/producten\/bonusan-vitamine-b12-1000mcg-actief\/","name":"Bonusan Vitamine B12 1000mcg actief 60 zuigtabletten - Alternatievemiddelen.nl","isPartOf":{"@id":"https:\/\/www.alternatievemiddelen.nl\/#website"},"primaryImageOfPage":{"@id":"https:\/\/www.alternatievemiddelen.nl\/producten\/bonusan-vitamine-b12-1000mcg-actief\/#primaryimage"},"image":{"@id":"https:\/\/www.alternatievemiddelen.nl\/producten\/bonusan-vitamine-b12-1000mcg-actief\/#primaryimage"},"thumbnailUrl":"https:\/\/www.alternatievemiddelen.nl\/wp-content\/uploads\/2024\/09\/Bonusan-Vitamine-B12-1000mcg-actief.jpg","datePublished":"2024-09-06T10:35:01+00:00","dateModified":"2025-04-28T05:53:41+00:00","description":"Bonusan Vitamine B12 Actief 1000 mcg zuigtabletten smelten onder je tong waardoor de vitamine B12 direct wordt opgenomen door het mondslijmvlies.","breadcrumb":{"@id":"https:\/\/www.alternatievemiddelen.nl\/producten\/bonusan-vitamine-b12-1000mcg-actief\/#breadcrumb"},"inLanguage":"de","potentialAction":[{"@type":"ReadAction","target":["https:\/\/www.alternatievemiddelen.nl\/producten\/bonusan-vitamine-b12-1000mcg-actief\/"]}]},{"@type":"ImageObject","inLanguage":"de","@id":"https:\/\/www.alternatievemiddelen.nl\/producten\/bonusan-vitamine-b12-1000mcg-actief\/#primaryimage","url":"https:\/\/www.alternatievemiddelen.nl\/wp-content\/uploads\/2024\/09\/Bonusan-Vitamine-B12-1000mcg-actief.jpg","contentUrl":"https:\/\/www.alternatievemiddelen.nl\/wp-content\/uploads\/2024\/09\/Bonusan-Vitamine-B12-1000mcg-actief.jpg","width":600,"height":800,"caption":"Bonusan Vitamine B12 1000mcg actief"},{"@type":"BreadcrumbList","@id":"https:\/\/www.alternatievemiddelen.nl\/producten\/bonusan-vitamine-b12-1000mcg-actief\/#breadcrumb","itemListElement":[{"@type":"ListItem","position":1,"name":"Home","item":"https:\/\/www.alternatievemiddelen.nl\/"},{"@type":"ListItem","position":2,"name":"Producten","item":"https:\/\/www.alternatievemiddelen.nl\/producten\/"},{"@type":"ListItem","position":3,"name":"Bonusan Vitamine B12 1000mcg actief 60 zuigtabletten"}]},{"@type":"WebSite","@id":"https:\/\/www.alternatievemiddelen.nl\/#website","url":"https:\/\/www.alternatievemiddelen.nl\/","name":"Alternatievemiddelen.nl","description":"Webshop met gezonde, duurzame en ecologische alternatieve mogelijkheden in de hedendaagse levenstijl. Alles uit eigen ervaring.","publisher":{"@id":"https:\/\/www.alternatievemiddelen.nl\/#organization"},"potentialAction":[{"@type":"SearchAction","target":{"@type":"EntryPoint","urlTemplate":"https:\/\/www.alternatievemiddelen.nl\/?s={search_term_string}"},"query-input":{"@type":"PropertyValueSpecification","valueRequired":true,"valueName":"search_term_string"}}],"inLanguage":"de"},{"@type":"Organization","@id":"https:\/\/www.alternatievemiddelen.nl\/#organization","name":"Alternatievemiddelen.nl","url":"https:\/\/www.alternatievemiddelen.nl\/","logo":{"@type":"ImageObject","inLanguage":"de","@id":"https:\/\/www.alternatievemiddelen.nl\/#\/schema\/logo\/image\/","url":"https:\/\/www.alternatievemiddelen.nl\/wp-content\/uploads\/2023\/10\/alternatievemiddelen-PNG-logo.png","contentUrl":"https:\/\/www.alternatievemiddelen.nl\/wp-content\/uploads\/2023\/10\/alternatievemiddelen-PNG-logo.png","width":6400,"height":3062,"caption":"Alternatievemiddelen.nl"},"image":{"@id":"https:\/\/www.alternatievemiddelen.nl\/#\/schema\/logo\/image\/"}}]}},"_links":{"self":[{"href":"https:\/\/www.alternatievemiddelen.nl\/de\/wp-json\/wp\/v2\/product\/45003","targetHints":{"allow":["GET"]}}],"collection":[{"href":"https:\/\/www.alternatievemiddelen.nl\/de\/wp-json\/wp\/v2\/product"}],"about":[{"href":"https:\/\/www.alternatievemiddelen.nl\/de\/wp-json\/wp\/v2\/types\/product"}],"replies":[{"embeddable":true,"href":"https:\/\/www.alternatievemiddelen.nl\/de\/wp-json\/wp\/v2\/comments?post=45003"}],"wp:featuredmedia":[{"embeddable":true,"href":"https:\/\/www.alternatievemiddelen.nl\/de\/wp-json\/wp\/v2\/media\/45004"}],"wp:attachment":[{"href":"https:\/\/www.alternatievemiddelen.nl\/de\/wp-json\/wp\/v2\/media?parent=45003"}],"wp:term":[{"taxonomy":"product_brand","embeddable":true,"href":"https:\/\/www.alternatievemiddelen.nl\/de\/wp-json\/wp\/v2\/product_brand?post=45003"},{"taxonomy":"product_cat","embeddable":true,"href":"https:\/\/www.alternatievemiddelen.nl\/de\/wp-json\/wp\/v2\/product_cat?post=45003"},{"taxonomy":"product_tag","embeddable":true,"href":"https:\/\/www.alternatievemiddelen.nl\/de\/wp-json\/wp\/v2\/product_tag?post=45003"},{"taxonomy":"merk","embeddable":true,"href":"https:\/\/www.alternatievemiddelen.nl\/de\/wp-json\/wp\/v2\/merk?post=45003"}],"curies":[{"name":"wp","href":"https:\/\/api.w.org\/{rel}","templated":true}]}}