{"id":47100,"date":"2025-03-11T10:28:21","date_gmt":"2025-03-11T09:28:21","guid":{"rendered":"https:\/\/www.alternatievemiddelen.nl\/?post_type=product&#038;p=47100"},"modified":"2026-01-09T16:48:37","modified_gmt":"2026-01-09T15:48:37","slug":"tr-eat-pannenkoek-wafel-mix-200gr","status":"publish","type":"product","link":"https:\/\/www.alternatievemiddelen.nl\/de\/produkte\/tr-eat-pfannkuchen-waffel-mix-200gr\/","title":{"rendered":"Tr-eat Pfannkuchen &amp; Waffelmischung 200 gr"},"content":{"rendered":"<p>Tr-eat Pancake &amp; Waffle mix - Ein Pfannkuchen oder eine Waffel, 100 % glutenfrei und zuckerfrei, voll von guten Ballaststoffen f\u00fcr eine gute Darmgesundheit und Verdauung. Diese pr\u00e4biotischen Ballaststoffe stammen aus Knollen (Konjak und Tapioka), der Baobab-Frucht, Leinsamen und Kokosnuss. Der Pfannkuchen oder die Waffel ist 100% zuckerfrei und mit reinem Baobab-Pulver ges\u00fc\u00dft. Dieses Baobab-Pulver ist reines Fruchtpulver vom Baobab-Baum und ist reich an Ballaststoffen und Vitamin C. Die Pfannkuchen und Waffeln sind k\u00f6stlich und einfach zuzubereiten.<br \/>\n&nbsp;<\/p>\n<h3>Eigenschaften Tr-eat Pfannkuchen- und Waffelmischung<\/h3>\n<p>\u2714 Glutenfrei<br \/>\n\u2714 Zuckerfrei<br \/>\n\u2714 Laktosefrei<br \/>\n\u2714 Keine Kartoffel<br \/>\n\u2714 Kein Reis<br \/>\n\u2714 Kein Mais<br \/>\n\u2714 Gute Ballaststoffe f\u00fcr Ihren Darm<br \/>\n\u2714 Pr\u00e4biotisch<br \/>\n\u2714 Baobab<br \/>\n\u2714 Konjak<\/p>\n<p>Mit dieser Tr-eat Pfannkuchen- und Waffelmischung von 200 g k\u00f6nnen Sie zum Beispiel 12 Pfannkuchen backen.<\/p>\n<p><u><b>Inhalt:<\/b><\/u><br \/>\n200 Gramm<\/p>\n<p><u><b>Zutaten:<\/b><\/u><br \/>\nGelbes Leinsamenmehl, Kokosnussmehl, Baobab, Konjakmehl, Tapiokamehl. Das Produkt kann Spuren von N\u00fcssen, Erdn\u00fcssen und Sesamsamen enthalten.<\/p>\n<p><u><b>N\u00e4hrwertangaben pro 100 g:<\/b><\/u><\/p>\n<table>\n<tbody>\n<tr>\n<td>Energie<\/td>\n<td>1503 KJ, 357 kcal<\/td>\n<\/tr>\n<tr>\n<td>Fette<\/td>\n<td>4,9 g<\/td>\n<\/tr>\n<tr>\n<td>davon ges\u00e4ttigte Fetts\u00e4uren<\/td>\n<td>3,6 g<\/td>\n<\/tr>\n<tr>\n<td>Kohlenhydrate<\/td>\n<td>64,6 g<\/td>\n<\/tr>\n<tr>\n<td>davon Zucker<\/td>\n<td>3,3 g<\/td>\n<\/tr>\n<tr>\n<td>Fasern<\/td>\n<td>13,9 g<\/td>\n<\/tr>\n<tr>\n<td>Proteine<\/td>\n<td>6,6 g<\/td>\n<\/tr>\n<tr>\n<td>Salz<\/td>\n<td>0,1 g<\/td>\n<\/tr>\n<\/tbody>\n<\/table>\n<p>&nbsp;<\/p>\n<h3>Vorbereitung<\/h3>\n<p><b><u>Pfannkuchen<\/u><\/b><br \/>\n- 8 Eier<br \/>\n- 1000 ml (sprudelndes) Wasser<br \/>\n- 30 g \u00d6l<\/p>\n<p>Alle Zutaten in einer Sch\u00fcssel mit einem Schneebesen glatt r\u00fchren. Erhitzen Sie eine Pfanne mit etwas \u00d6l auf mittlerer Stufe. Etwas Teig hineingeben und die Pfanne ein wenig hin- und herbewegen, damit sich der Teig in der ganzen Pfanne verteilt und Sie einen feinen Pfannkuchen erhalten. Braten Sie den Pfannkuchen, bis die Oberseite trocken ist und kleine Blasen wirft. Dann umdrehen und die Unterseite ebenfalls goldbraun braten.<\/p>\n<p>Sie k\u00f6nnen nat\u00fcrlich auch die H\u00e4lfte von allem verwenden, wenn Sie weniger Pfannkuchen machen wollen.<\/p>\n<p><b><u>Waffeln<\/u><\/b><br \/>\n- 6 Eier<br \/>\n- 80 ml (sprudelndes) Wasser<br \/>\n- 40 g Kokosnuss\u00f6l<br \/>\n- 40 g S\u00fc\u00dfstoff Ihrer Wahl<\/p>\n<p>Alle Zutaten in einer Sch\u00fcssel mit einem Schneebesen glatt r\u00fchren. Die Waffeln in einem Waffeleisen backen.<\/p>\n<p>Sie k\u00f6nnen nat\u00fcrlich auch die H\u00e4lfte von allem verwenden, wenn Sie weniger Waffeln machen wollen.<br \/>\n&nbsp;<br \/>\nAnleitungsvideos f\u00fcr die Zubereitung von Tr-eat-Produkten finden Sie in unserem <a href=\"https:\/\/www.alternatievemiddelen.nl\/de\/die-bibliothek\/\">Bibliothek<\/a>. In diesen <a href=\"https:\/\/www.alternatievemiddelen.nl\/de\/anleitungsvideos-tr-eat-glutenfreie-produkte\/\">Lehrvideos<\/a> sehen Sie Schritt f\u00fcr Schritt, wie Sie Ihr Tr-eat-Produkt ganz einfach herstellen k\u00f6nnen. Es sind keine Kochkenntnisse erforderlich!<\/p>","protected":false},"excerpt":{"rendered":"<p>Tr-eat Pancake &amp; Waffle Mix f\u00fcr einen Pfannkuchen oder eine Waffel, 100 % glutenfrei und zuckerfrei, voller guter Ballaststoffe f\u00fcr eine gute Darmgesundheit und Verdauung.<\/p>\n<p><b>Nutzen Sie die Vorteile von B\u00fcndelrabatten? Stellen Sie Ihr <a href=\"https:\/\/www.alternatievemiddelen.nl\/de\/produkte\/tr-eat-produkte-schnappchenset\/\"><b>Erstellen Sie Ihr eigenes B\u00fcndel von Tr-eat-Produkten<\/b><\/a> und erhalten einen Rabatt.<\/b><\/p>","protected":false},"featured_media":47111,"comment_status":"open","ping_status":"closed","template":"","meta":[],"product_brand":[],"product_cat":[3042,3654],"product_tag":[3680,3661,3664,3663,2875,3183,3665,3682,3657,3681,3662],"merk":[3653],"class_list":{"0":"post-47100","1":"product","2":"type-product","3":"status-publish","4":"has-post-thumbnail","6":"product_cat-gezonde-voedingsmiddelen","7":"product_cat-glutenvrije-bakmixen","8":"product_tag-200-gr","9":"product_tag-bakmix","10":"product_tag-darmen","11":"product_tag-darmflora","12":"product_tag-gezondheid","13":"product_tag-glutenvrij","14":"product_tag-lekker","15":"product_tag-pannenkoek-wafel","16":"product_tag-tr-eat","17":"product_tag-tr-eat-pannenkoek-wafel","18":"product_tag-vezels","19":"merk-treat","21":"first","22":"instock","23":"taxable","24":"shipping-taxable","25":"purchasable","26":"product-type-simple"},"bundled_by":["49417"],"bundle_stock_status":"instock","bundle_stock_quantity":2,"bundle_virtual":false,"bundle_layout":"","bundle_add_to_cart_form_location":"","bundle_editable_in_cart":false,"bundle_sold_individually_context":"","bundle_item_grouping":"","bundle_min_size":"","bundle_max_size":"","bundle_price":[],"bundled_items":[],"bundle_sell_ids":[44176,47274,47311,49202,46952],"yoast_head":"<!-- This site is optimized with the Yoast SEO plugin v26.1 - https:\/\/yoast.com\/wordpress\/plugins\/seo\/ -->\n<title>Tr-eat Pannenkoek &amp; Wafel mix 200 gr - Alternatievemiddelen.nl<\/title>\n<meta name=\"description\" content=\"Tr-eat Pannenkoek &amp; Wafel mix voor een pannenkoek of wafel, 100 % glutenvrij en suikervrij, vol goede vezels voor een goede darmflora en spijsvertering.\" \/>\n<meta name=\"robots\" content=\"index, follow, max-snippet:-1, max-image-preview:large, max-video-preview:-1\" \/>\n<link rel=\"canonical\" href=\"https:\/\/www.alternatievemiddelen.nl\/de\/wp-json\/wp\/v2\/product\/47100\" \/>\n<meta property=\"og:locale\" content=\"de_DE\" \/>\n<meta property=\"og:type\" content=\"article\" \/>\n<meta property=\"og:title\" content=\"Tr-eat Pannenkoek &amp; Wafel mix 200 gr - Alternatievemiddelen.nl\" \/>\n<meta property=\"og:description\" content=\"Tr-eat Pannenkoek &amp; Wafel mix voor een pannenkoek of wafel, 100 % glutenvrij en suikervrij, vol goede vezels voor een goede darmflora en spijsvertering.\" \/>\n<meta property=\"og:url\" content=\"https:\/\/www.alternatievemiddelen.nl\/de\/produkte\/tr-eat-pfannkuchen-waffel-mix-200gr\/\" \/>\n<meta property=\"og:site_name\" content=\"Alternatievemiddelen.nl\" \/>\n<meta property=\"article:modified_time\" content=\"2026-01-09T15:48:37+00:00\" \/>\n<meta property=\"og:image\" content=\"\/wp-content\/uploads\/2025\/03\/Tr-eat-Pannenkoek-Wafel-mix.jpg\" \/>\n\t<meta property=\"og:image:width\" content=\"600\" \/>\n\t<meta property=\"og:image:height\" content=\"800\" \/>\n\t<meta property=\"og:image:type\" content=\"image\/jpeg\" \/>\n<meta name=\"twitter:card\" content=\"summary_large_image\" \/>\n<meta name=\"twitter:label1\" content=\"Gesch\u00e4tzte Lesezeit\" \/>\n\t<meta name=\"twitter:data1\" content=\"2\u00a0Minuten\" \/>\n<script type=\"application\/ld+json\" class=\"yoast-schema-graph\">{\"@context\":\"https:\/\/schema.org\",\"@graph\":[{\"@type\":[\"WebPage\",\"ItemPage\"],\"@id\":\"https:\/\/www.alternatievemiddelen.nl\/producten\/tr-eat-pannenkoek-wafel-mix-200gr\/\",\"url\":\"https:\/\/www.alternatievemiddelen.nl\/producten\/tr-eat-pannenkoek-wafel-mix-200gr\/\",\"name\":\"Tr-eat Pannenkoek & Wafel mix 200 gr - Alternatievemiddelen.nl\",\"isPartOf\":{\"@id\":\"https:\/\/www.alternatievemiddelen.nl\/#website\"},\"primaryImageOfPage\":{\"@id\":\"https:\/\/www.alternatievemiddelen.nl\/producten\/tr-eat-pannenkoek-wafel-mix-200gr\/#primaryimage\"},\"image\":{\"@id\":\"https:\/\/www.alternatievemiddelen.nl\/producten\/tr-eat-pannenkoek-wafel-mix-200gr\/#primaryimage\"},\"thumbnailUrl\":\"https:\/\/www.alternatievemiddelen.nl\/wp-content\/uploads\/2025\/03\/Tr-eat-Pannenkoek-Wafel-mix.jpg\",\"datePublished\":\"2025-03-11T09:28:21+00:00\",\"dateModified\":\"2026-01-09T15:48:37+00:00\",\"description\":\"Tr-eat Pannenkoek & Wafel mix voor een pannenkoek of wafel, 100 % glutenvrij en suikervrij, vol goede vezels voor een goede darmflora en spijsvertering.\",\"breadcrumb\":{\"@id\":\"https:\/\/www.alternatievemiddelen.nl\/producten\/tr-eat-pannenkoek-wafel-mix-200gr\/#breadcrumb\"},\"inLanguage\":\"de\",\"potentialAction\":[{\"@type\":\"ReadAction\",\"target\":[\"https:\/\/www.alternatievemiddelen.nl\/producten\/tr-eat-pannenkoek-wafel-mix-200gr\/\"]}]},{\"@type\":\"ImageObject\",\"inLanguage\":\"de\",\"@id\":\"https:\/\/www.alternatievemiddelen.nl\/producten\/tr-eat-pannenkoek-wafel-mix-200gr\/#primaryimage\",\"url\":\"https:\/\/www.alternatievemiddelen.nl\/wp-content\/uploads\/2025\/03\/Tr-eat-Pannenkoek-Wafel-mix.jpg\",\"contentUrl\":\"https:\/\/www.alternatievemiddelen.nl\/wp-content\/uploads\/2025\/03\/Tr-eat-Pannenkoek-Wafel-mix.jpg\",\"width\":600,\"height\":800,\"caption\":\"Tr-eat Pannenkoek & Wafel mix\"},{\"@type\":\"BreadcrumbList\",\"@id\":\"https:\/\/www.alternatievemiddelen.nl\/producten\/tr-eat-pannenkoek-wafel-mix-200gr\/#breadcrumb\",\"itemListElement\":[{\"@type\":\"ListItem\",\"position\":1,\"name\":\"Home\",\"item\":\"https:\/\/www.alternatievemiddelen.nl\/\"},{\"@type\":\"ListItem\",\"position\":2,\"name\":\"Producten\",\"item\":\"https:\/\/www.alternatievemiddelen.nl\/producten\/\"},{\"@type\":\"ListItem\",\"position\":3,\"name\":\"Tr-eat Pannenkoek &#038; Wafel mix 200 gr\"}]},{\"@type\":\"WebSite\",\"@id\":\"https:\/\/www.alternatievemiddelen.nl\/#website\",\"url\":\"https:\/\/www.alternatievemiddelen.nl\/\",\"name\":\"Alternatievemiddelen.nl\",\"description\":\"Webshop met gezonde, duurzame en ecologische alternatieve mogelijkheden in de hedendaagse levenstijl. Alles uit eigen ervaring.\",\"publisher\":{\"@id\":\"https:\/\/www.alternatievemiddelen.nl\/#organization\"},\"potentialAction\":[{\"@type\":\"SearchAction\",\"target\":{\"@type\":\"EntryPoint\",\"urlTemplate\":\"https:\/\/www.alternatievemiddelen.nl\/?s={search_term_string}\"},\"query-input\":{\"@type\":\"PropertyValueSpecification\",\"valueRequired\":true,\"valueName\":\"search_term_string\"}}],\"inLanguage\":\"de\"},{\"@type\":\"Organization\",\"@id\":\"https:\/\/www.alternatievemiddelen.nl\/#organization\",\"name\":\"Alternatievemiddelen.nl\",\"url\":\"https:\/\/www.alternatievemiddelen.nl\/\",\"logo\":{\"@type\":\"ImageObject\",\"inLanguage\":\"de\",\"@id\":\"https:\/\/www.alternatievemiddelen.nl\/#\/schema\/logo\/image\/\",\"url\":\"https:\/\/www.alternatievemiddelen.nl\/wp-content\/uploads\/2023\/10\/alternatievemiddelen-PNG-logo.png\",\"contentUrl\":\"https:\/\/www.alternatievemiddelen.nl\/wp-content\/uploads\/2023\/10\/alternatievemiddelen-PNG-logo.png\",\"width\":6400,\"height\":3062,\"caption\":\"Alternatievemiddelen.nl\"},\"image\":{\"@id\":\"https:\/\/www.alternatievemiddelen.nl\/#\/schema\/logo\/image\/\"}}]}<\/script>\n<!-- \/ Yoast SEO plugin. -->","yoast_head_json":{"title":"Tr-eat Pannenkoek & Wafel mix 200 gr - Alternatievemiddelen.nl","description":"Tr-eat Pannenkoek & Wafel mix voor een pannenkoek of wafel, 100 % glutenvrij en suikervrij, vol goede vezels voor een goede darmflora en spijsvertering.","robots":{"index":"index","follow":"follow","max-snippet":"max-snippet:-1","max-image-preview":"max-image-preview:large","max-video-preview":"max-video-preview:-1"},"canonical":"https:\/\/www.alternatievemiddelen.nl\/de\/wp-json\/wp\/v2\/product\/47100","og_locale":"de_DE","og_type":"article","og_title":"Tr-eat Pannenkoek & Wafel mix 200 gr - Alternatievemiddelen.nl","og_description":"Tr-eat Pannenkoek & Wafel mix voor een pannenkoek of wafel, 100 % glutenvrij en suikervrij, vol goede vezels voor een goede darmflora en spijsvertering.","og_url":"https:\/\/www.alternatievemiddelen.nl\/de\/produkte\/tr-eat-pfannkuchen-waffel-mix-200gr\/","og_site_name":"Alternatievemiddelen.nl","article_modified_time":"2026-01-09T15:48:37+00:00","og_image":[{"width":600,"height":800,"url":"\/wp-content\/uploads\/2025\/03\/Tr-eat-Pannenkoek-Wafel-mix.jpg","type":"image\/jpeg"}],"twitter_card":"summary_large_image","twitter_misc":{"Gesch\u00e4tzte Lesezeit":"2\u00a0Minuten"},"schema":{"@context":"https:\/\/schema.org","@graph":[{"@type":["WebPage","ItemPage"],"@id":"https:\/\/www.alternatievemiddelen.nl\/producten\/tr-eat-pannenkoek-wafel-mix-200gr\/","url":"https:\/\/www.alternatievemiddelen.nl\/producten\/tr-eat-pannenkoek-wafel-mix-200gr\/","name":"Tr-eat Pannenkoek & Wafel mix 200 gr - Alternatievemiddelen.nl","isPartOf":{"@id":"https:\/\/www.alternatievemiddelen.nl\/#website"},"primaryImageOfPage":{"@id":"https:\/\/www.alternatievemiddelen.nl\/producten\/tr-eat-pannenkoek-wafel-mix-200gr\/#primaryimage"},"image":{"@id":"https:\/\/www.alternatievemiddelen.nl\/producten\/tr-eat-pannenkoek-wafel-mix-200gr\/#primaryimage"},"thumbnailUrl":"https:\/\/www.alternatievemiddelen.nl\/wp-content\/uploads\/2025\/03\/Tr-eat-Pannenkoek-Wafel-mix.jpg","datePublished":"2025-03-11T09:28:21+00:00","dateModified":"2026-01-09T15:48:37+00:00","description":"Tr-eat Pannenkoek & Wafel mix voor een pannenkoek of wafel, 100 % glutenvrij en suikervrij, vol goede vezels voor een goede darmflora en spijsvertering.","breadcrumb":{"@id":"https:\/\/www.alternatievemiddelen.nl\/producten\/tr-eat-pannenkoek-wafel-mix-200gr\/#breadcrumb"},"inLanguage":"de","potentialAction":[{"@type":"ReadAction","target":["https:\/\/www.alternatievemiddelen.nl\/producten\/tr-eat-pannenkoek-wafel-mix-200gr\/"]}]},{"@type":"ImageObject","inLanguage":"de","@id":"https:\/\/www.alternatievemiddelen.nl\/producten\/tr-eat-pannenkoek-wafel-mix-200gr\/#primaryimage","url":"https:\/\/www.alternatievemiddelen.nl\/wp-content\/uploads\/2025\/03\/Tr-eat-Pannenkoek-Wafel-mix.jpg","contentUrl":"https:\/\/www.alternatievemiddelen.nl\/wp-content\/uploads\/2025\/03\/Tr-eat-Pannenkoek-Wafel-mix.jpg","width":600,"height":800,"caption":"Tr-eat Pannenkoek & Wafel mix"},{"@type":"BreadcrumbList","@id":"https:\/\/www.alternatievemiddelen.nl\/producten\/tr-eat-pannenkoek-wafel-mix-200gr\/#breadcrumb","itemListElement":[{"@type":"ListItem","position":1,"name":"Home","item":"https:\/\/www.alternatievemiddelen.nl\/"},{"@type":"ListItem","position":2,"name":"Producten","item":"https:\/\/www.alternatievemiddelen.nl\/producten\/"},{"@type":"ListItem","position":3,"name":"Tr-eat Pannenkoek &#038; Wafel mix 200 gr"}]},{"@type":"WebSite","@id":"https:\/\/www.alternatievemiddelen.nl\/#website","url":"https:\/\/www.alternatievemiddelen.nl\/","name":"Alternatievemiddelen.nl","description":"Webshop met gezonde, duurzame en ecologische alternatieve mogelijkheden in de hedendaagse levenstijl. Alles uit eigen ervaring.","publisher":{"@id":"https:\/\/www.alternatievemiddelen.nl\/#organization"},"potentialAction":[{"@type":"SearchAction","target":{"@type":"EntryPoint","urlTemplate":"https:\/\/www.alternatievemiddelen.nl\/?s={search_term_string}"},"query-input":{"@type":"PropertyValueSpecification","valueRequired":true,"valueName":"search_term_string"}}],"inLanguage":"de"},{"@type":"Organization","@id":"https:\/\/www.alternatievemiddelen.nl\/#organization","name":"Alternatievemiddelen.nl","url":"https:\/\/www.alternatievemiddelen.nl\/","logo":{"@type":"ImageObject","inLanguage":"de","@id":"https:\/\/www.alternatievemiddelen.nl\/#\/schema\/logo\/image\/","url":"https:\/\/www.alternatievemiddelen.nl\/wp-content\/uploads\/2023\/10\/alternatievemiddelen-PNG-logo.png","contentUrl":"https:\/\/www.alternatievemiddelen.nl\/wp-content\/uploads\/2023\/10\/alternatievemiddelen-PNG-logo.png","width":6400,"height":3062,"caption":"Alternatievemiddelen.nl"},"image":{"@id":"https:\/\/www.alternatievemiddelen.nl\/#\/schema\/logo\/image\/"}}]}},"_links":{"self":[{"href":"https:\/\/www.alternatievemiddelen.nl\/de\/wp-json\/wp\/v2\/product\/47100","targetHints":{"allow":["GET"]}}],"collection":[{"href":"https:\/\/www.alternatievemiddelen.nl\/de\/wp-json\/wp\/v2\/product"}],"about":[{"href":"https:\/\/www.alternatievemiddelen.nl\/de\/wp-json\/wp\/v2\/types\/product"}],"replies":[{"embeddable":true,"href":"https:\/\/www.alternatievemiddelen.nl\/de\/wp-json\/wp\/v2\/comments?post=47100"}],"wp:featuredmedia":[{"embeddable":true,"href":"https:\/\/www.alternatievemiddelen.nl\/de\/wp-json\/wp\/v2\/media\/47111"}],"wp:attachment":[{"href":"https:\/\/www.alternatievemiddelen.nl\/de\/wp-json\/wp\/v2\/media?parent=47100"}],"wp:term":[{"taxonomy":"product_brand","embeddable":true,"href":"https:\/\/www.alternatievemiddelen.nl\/de\/wp-json\/wp\/v2\/product_brand?post=47100"},{"taxonomy":"product_cat","embeddable":true,"href":"https:\/\/www.alternatievemiddelen.nl\/de\/wp-json\/wp\/v2\/product_cat?post=47100"},{"taxonomy":"product_tag","embeddable":true,"href":"https:\/\/www.alternatievemiddelen.nl\/de\/wp-json\/wp\/v2\/product_tag?post=47100"},{"taxonomy":"merk","embeddable":true,"href":"https:\/\/www.alternatievemiddelen.nl\/de\/wp-json\/wp\/v2\/merk?post=47100"}],"curies":[{"name":"wp","href":"https:\/\/api.w.org\/{rel}","templated":true}]}}