{"id":48400,"date":"2025-08-09T08:32:53","date_gmt":"2025-08-09T06:32:53","guid":{"rendered":"https:\/\/www.alternatievemiddelen.nl\/?post_type=product&#038;p=48400"},"modified":"2025-12-15T10:24:29","modified_gmt":"2025-12-15T09:24:29","slug":"simply-more-gezichtsreinigingsemulsie","status":"publish","type":"product","link":"https:\/\/www.alternatievemiddelen.nl\/de\/produkte\/simply-more-gesichtsreinigungsemulsion\/","title":{"rendered":"SIMPLY MORE Reinigungsemulsion f\u00fcr das Gesicht 150ml"},"content":{"rendered":"<p>SIMPLY MORE Reinigungsemulsion f\u00fcr das Gesicht - 100% nat\u00fcrlich <b>Gesichtsreinigungsemulsion<\/b> hergestellt aus <b>10 Zutaten<\/b>. <b>Reinigung<\/b> und <b>Abschminken<\/b> in einer Kosmetik. Unsere sanfte Reinigungsemulsion:<\/p>\n<ul>\n<li>ist <b>ultra-weich<\/b> und <b>geruchlos<\/b>,<\/li>\n<li>hat eine <b>cremig<\/b> und <b>milchig<\/b> Konsistenz,<\/li>\n<li>Reinigt gr\u00fcndlich, ohne die Hydro-Lipid-Barriere zu st\u00f6ren,<\/li>\n<li><b>Hydrate<\/b> beim Waschen - verl\u00e4sst die Haut <b>Samtig<\/b> und <b>erweichen<\/b>,<\/li>\n<li><b>nicht abziehen<\/b> die Haut,<\/li>\n<li>ist perfekt f\u00fcr <b>empfindliche Haut<\/b> und Menschen, die zu Allergien neigen,<\/li>\n<li>st\u00f6rt nicht die nat\u00fcrliche <b>pH-Wert<\/b> der Haut.<\/li>\n<\/ul>\n<p><img decoding=\"async\" src=\"\/wp-content\/uploads\/2025\/07\/SIMPLY-MORE-keurmerken-300x78.jpg\" alt=\"SIMPLY MORE Etiketten\" width=\"300\" height=\"78\" class=\"size-medium wp-image-48623\" srcset=\"https:\/\/www.alternatievemiddelen.nl\/wp-content\/uploads\/2025\/07\/SIMPLY-MORE-keurmerken-300x78.jpg 300w, https:\/\/www.alternatievemiddelen.nl\/wp-content\/uploads\/2025\/07\/SIMPLY-MORE-keurmerken-18x5.jpg 18w, https:\/\/www.alternatievemiddelen.nl\/wp-content\/uploads\/2025\/07\/SIMPLY-MORE-keurmerken.jpg 441w\" sizes=\"(max-width: 300px) 100vw, 300px\" \/><br \/>\n&nbsp;<\/p>\n<h3>WAS BEWIRKT DIE SIMPLY MORE GESICHTSREINIGUNGSEMULSION?<\/h3>\n<p>1. Sanfte Reinigung<br \/>\n2. Entfernt Make-up<br \/>\n3. Hydratisiert und beruhigt beim Waschen<\/p>\n<p>Ihre minimalistische Zusammensetzung, die Verwendung eines milden und nat\u00fcrlichen Reinigungswirkstoffs und Emollients, die die nat\u00fcrliche Hautbarriere sch\u00fctzen, machen diese Emulsion zu einem der sanftesten Produkte f\u00fcr die Gesichtsreinigung. Die SIMPLY MORE Facial Cleansing Emulsion enth\u00e4lt keine Duftstoffe.<br \/>\n&nbsp;<\/p>\n<h3>WAS MACHT DIESES PRODUKT EINZIGARTIG?<\/h3>\n<ul>\n<li>Nur <b>10 zertifizierte Inhaltsstoffe<\/b><\/li>\n<li><b>100% nat\u00fcrlicher Ursprung<\/b> (nicht 98%, nicht 99% - wirklich 100%!)<\/li>\n<li><b>Parf\u00fcmfrei<\/b><\/li>\n<li>Abschminken und Reinigen in <b>ein Produkt<\/b><\/li>\n<li><b>St\u00f6rt nicht das pH-Gleichgewicht der Haut<\/b> (Toner ist nicht erforderlich)<\/li>\n<li><b>Kein Gef\u00fchl der Beengtheit<\/b> bei Gebrauch<\/li>\n<li><b>Reinigt die Haut sanft<\/b> und gr\u00fcndlich, ohne die Hydro-Lipid-Barriere zu st\u00f6ren<\/li>\n<li><b>Enth\u00e4lt keine Schaumbildner<\/b> die die Haut reizen k\u00f6nnen<\/li>\n<li><b>Spendet Feuchtigkeit und stellt sie wieder her<\/b> bereits bei der Reinigung<\/li>\n<\/ul>\n<p>&nbsp;<\/p>\n<h3>F\u00dcR WEN?<\/h3>\n<ul>\n<li>Trockene, Mischhaut, fettige und empfindliche Haut<\/li>\n<li>Zu Allergien neigende Haut<\/li>\n<li>Haut mit atopischem Ekzem<\/li>\n<li>Zu Akne neigende Haut<\/li>\n<li>Haut mit gesch\u00e4digter Hydro-Lipid-Barriere<\/li>\n<\/ul>\n<p>&nbsp;<br \/>\nDas Produkt ist <b>dermatologisch getestet<\/b> bei einer Gruppe von Menschen mit empfindlicher Haut, die zu <b>allergische Reaktionen und Reizungen<\/b>.<\/p>\n<p>Geruchloses Produkt.<br \/>\n&nbsp;<\/p>\n<h3>INHALTSSTOFFE UND ERKL\u00c4RUNGEN<\/h3>\n<p><b>INCI<\/b>: Aqua, Caprylyl Capryl Glucoside, Pentylene Glycol, Macadamia Integrifolia Seed Oil, Cetearyl Olivate, Sorbitan Olivate, Canola Oil, Vaccinium Myrtillus Seed Oil, Acacia Senegal Gum, Xanthan Gum.<\/p>\n<p><b>WASSER<\/b> - Schlie\u00dflich bestehen wir 60% aus Wasser.<br \/>\nFunktion: Hydratisierung und L\u00f6sungsmittel f\u00fcr andere Inhaltsstoffe.<br \/>\n<b>CAPRYLYL-CAPRYL-GLUCOSID<\/b> - Nichtionisches Detergens pflanzlichen Ursprungs. Es hat eine au\u00dfergew\u00f6hnlich milde Wirkung und ist ein Zuckerderivat. Enth\u00e4lt keine Sulfate.<br \/>\nFunktion: Sanfte Reinigung ohne Austrocknung der Haut.<br \/>\n<b>PENTYLENGLYKOL<\/b> - Ein nat\u00fcrliches Feuchthaltemittel bzw. ein Feuchtigkeitsspender. Wird aus Zuckerrohr gewonnen. Sorgt f\u00fcr samtig weiche Haut.<br \/>\nFunktion: Feuchtigkeitsspendend und hautgl\u00e4ttend.<br \/>\n<b>MACADAMIA INTEGRIFOLIA-SAMEN\u00d6L<\/b> - Macadamianuss\u00f6l enth\u00e4lt eine gro\u00dfe Menge an einfach unges\u00e4ttigten Fetts\u00e4uren, einschlie\u00dflich Palmitins\u00e4ure. Spendet Feuchtigkeit, macht die Haut wieder weich und beschleunigt die Regeneration. Es hat antimikrobielle und entz\u00fcndungshemmende Eigenschaften, beschleunigt die Wundheilung und stimuliert die Kollagenproduktion.<br \/>\nFunktion: Hydratation, Regeneration und Schutz vor Entz\u00fcndungen.<br \/>\n<b>CETEARYLOLIVAT<\/b> - Nichtionischer Emulgator, ein Stoff, der eine Emulsion bildet. Ein Derivat des Oliven\u00f6ls. Hat eine stark feuchtigkeitsspendende und hautpflegende Wirkung. Wirkt wie ein \"Okklusivverband\", der die Haut vor Feuchtigkeitsverlust sch\u00fctzt. Macht die Haut geschmeidig und gl\u00e4ttet sie. Verhindert eine \u00fcberm\u00e4\u00dfige Entfettung der Haut.<br \/>\nFunktion: Hydratation, Hautschutz und Weichmachung.<br \/>\n<b>SORBITAN-OLIVAT<\/b> - Nichtionischer Emulgator, der nat\u00fcrlich aus Oliven\u00f6l gewonnen wird. Die Struktur dieses Inhaltsstoffs \u00e4hnelt der des Stratum corneum der Haut. Er bildet nicht nur eine Emulsion, sondern hat auch eine stark feuchtigkeitsspendende und weichmachende Wirkung. Er bildet Fl\u00fcssigkristalle mit einer Struktur, die dem nat\u00fcrlichen interzellul\u00e4ren Zement der Haut \u00e4hnelt, und verbessert so die Elastizit\u00e4t und den Feuchtigkeitsgehalt.<br \/>\nFunktion: Hydratation, Hauterweichung und Schutz der Hautbarriere.<br \/>\n<b>CANOLA-\u00d6L<\/b> - Bioaktives Raps\u00f6l aus gentechnikfreiem Anbau in Schweden. Nat\u00fcrlich reich an Antioxidantien wie Tocopherolen und Phytosterolen, die die Hautbarriere sch\u00fctzen und st\u00e4rken. Es ist klinisch erwiesen, dass es die Hautbarriere wiederherstellt, insbesondere nach der Einwirkung von Reinigungsmitteln.<br \/>\nFunktion: Hydratation, Schutz und Beruhigung der Haut.<br \/>\n<b>VACCINIUM MYRTILLUS-SAMEN\u00d6L<\/b> - Upcyceltes Heidelbeer\u00f6l, ein starkes Antioxidans, reich an Omega-3-, 6- und 9-Fetts\u00e4uren. Enth\u00e4lt Beta-Carotin (Provitamin A), eine nat\u00fcrliche Quelle von Retinol. Unterst\u00fctzt die Hautbarriere und sorgt f\u00fcr hydratisierte und gen\u00e4hrte Haut.<br \/>\nFunktion: Antioxidative Wirkung, Hautpflege und Barriereschutz.<br \/>\n<b>SENEGAL-AKAZIEN-KAUGUMMI<\/b> - Gummi Arabicum, ein nat\u00fcrliches und innovatives Verdickungsmittel, das durch die Kombination zweier Gummisorten hergestellt wird. Sorgt f\u00fcr eine starke feuchtigkeitsspendende Wirkung auf der Haut. Erzeugt eine glatte und nicht klebende Emulsion.<br \/>\nFunktion: Hydratation und Verbesserung der Textur.<br \/>\n<b>XANTHAN GUM<\/b> - Ein Verdickungsmittel nat\u00fcrlichen Ursprungs. Bildet zusammen mit Akaziengummi einen Inhaltsstoff, der die Viskosit\u00e4t der Emulsion reguliert. Bildet eine Schutzschicht auf der Haut und verhindert den transepidermalen Feuchtigkeitsverlust.<br \/>\nFunktion: Hydratation, Verdickung und Schutz vor Austrocknung.<br \/>\n&nbsp;<\/p>\n<h3>WIE WIRD DIE GESICHTSREINIGUNGSEMULSION SIMPLY MORE VERWENDET?<\/h3>\n<p><b>Morgen<\/b><br \/>\nEine kleine Menge der Emulsion auf das feuchte Gesicht auftragen und sanft einmassieren. Gr\u00fcndlich mit Wasser absp\u00fclen.<\/p>\n<p><b>Abend<\/b><br \/>\n<b>Schritt 1<\/b>: Die Emulsion auf die trockene Haut auftragen, einmassieren und mit Wasser absp\u00fclen, um das Make-up zu entfernen.<br \/>\n<b>Schritt 2<\/b>: Auf das feuchte Gesicht auftragen, sanft einmassieren und absp\u00fclen.<\/p>\n<p>Sie benutzen kein Make-up? Dann \u00fcberspringen Sie Schritt 1 und gehen Sie direkt zu Schritt 2.<\/p>\n<p>SIMPLY MORE Facial Cleansing Emulsion hat einen pH-Wert, der dem der Haut nahe kommt - ein Nachsp\u00fclen ist nicht erforderlich.<br \/>\n&nbsp;<\/p>\n<h3>VERPACKUNG<\/h3>\n<p>Inhalt: 150ml<\/p>\n<p>Eine \u00f6kologische Flasche mit einem Disktop ist die perfekte L\u00f6sung f\u00fcr unterwegs. Sie ist leicht und kompakt in der Gr\u00f6\u00dfe. Der Verschluss verhindert ein versehentliches \u00d6ffnen der Flasche in Ihrem Kulturbeutel.<\/p>\n<ul>\n<li>Sie haben die Flasche aus GR\u00dcNEM HDPE-Material hergestellt, das aus Zuckerrohr gewonnen wird.<\/li>\n<li>Die Flasche wurde in Polen hergestellt - sie wurde nicht aus Asien verschifft.<\/li>\n<li>Sie druckten das Etikett auf wiederverwertbarem Material.<\/li>\n<\/ul>","protected":false},"excerpt":{"rendered":"<p>SIMPLY MORE Facial Cleansing Emulsion ist 100% nat\u00fcrlich und besteht aus 10 Inhaltsstoffen. Reinigung und Make-up-Entfernung in einem Kosmetikprodukt.<\/p>\n<p>Profitieren Sie von Mengenrabatten oder setzen Sie <a href=\"https:\/\/www.alternatievemiddelen.nl\/de\/produkte\/simply-more-hautpflege-geschenkset\/\">hier<\/a> Stellen Sie Ihr eigenes SIMPLY MORE Produktpaket zusammen und profitieren Sie von Rabatten.<\/p>","protected":false},"featured_media":48407,"comment_status":"open","ping_status":"closed","template":"","meta":[],"product_brand":[],"product_cat":[2945,3730],"product_tag":[3736,3734,3735,3737,3732,3733],"merk":[3729],"class_list":{"0":"post-48400","1":"product","2":"type-product","3":"status-publish","4":"has-post-thumbnail","6":"product_cat-natuurlijke-verzorging","7":"product_cat-simply-more-huidverzorging","8":"product_tag-100-natuurlijk","9":"product_tag-gezichtsreinigingsemulsie","10":"product_tag-huidverzorging","11":"product_tag-natuurlijke-ingredienten","12":"product_tag-simply-more","13":"product_tag-simply-more-gezichtsreinigingsemulsie","14":"merk-simply-more","16":"first","17":"instock","18":"taxable","19":"shipping-taxable","20":"purchasable","21":"product-type-simple"},"bundled_by":["48629"],"bundle_stock_status":"instock","bundle_stock_quantity":null,"bundle_virtual":false,"bundle_layout":"","bundle_add_to_cart_form_location":"","bundle_editable_in_cart":false,"bundle_sold_individually_context":"","bundle_item_grouping":"","bundle_min_size":"","bundle_max_size":"","bundle_price":[],"bundled_items":[],"bundle_sell_ids":[44176,48413,48426,48421,48434],"yoast_head":"<!-- This site is optimized with the Yoast SEO plugin v26.1 - https:\/\/yoast.com\/wordpress\/plugins\/seo\/ -->\n<title>SIMPLY MORE Gezichtsreinigingsemulsie 150ml - Alternatievemiddelen.nl<\/title>\n<meta name=\"description\" content=\"SIMPLY MORE Gezichtsreinigingsemulsie is 100% natuurlijk en gemaakt van 10 ingredi\u00ebnten. Reinigen en make-up verwijdering in \u00e9\u00e9n cosmetica.\" \/>\n<meta name=\"robots\" content=\"index, follow, max-snippet:-1, max-image-preview:large, max-video-preview:-1\" \/>\n<link rel=\"canonical\" href=\"https:\/\/www.alternatievemiddelen.nl\/de\/wp-json\/wp\/v2\/product\/48400\" \/>\n<meta property=\"og:locale\" content=\"de_DE\" \/>\n<meta property=\"og:type\" content=\"article\" \/>\n<meta property=\"og:title\" content=\"SIMPLY MORE Gezichtsreinigingsemulsie 150ml - Alternatievemiddelen.nl\" \/>\n<meta property=\"og:description\" content=\"SIMPLY MORE Gezichtsreinigingsemulsie is 100% natuurlijk en gemaakt van 10 ingredi\u00ebnten. Reinigen en make-up verwijdering in \u00e9\u00e9n cosmetica.\" \/>\n<meta property=\"og:url\" content=\"https:\/\/www.alternatievemiddelen.nl\/de\/produkte\/simply-more-gesichtsreinigungsemulsion\/\" \/>\n<meta property=\"og:site_name\" content=\"Alternatievemiddelen.nl\" \/>\n<meta property=\"article:modified_time\" content=\"2025-12-15T09:24:29+00:00\" \/>\n<meta property=\"og:image\" content=\"\/wp-content\/uploads\/2025\/07\/SIMPLY-MORE-Gezichtsreinigingsemulsie.jpg\" \/>\n\t<meta property=\"og:image:width\" content=\"600\" \/>\n\t<meta property=\"og:image:height\" content=\"800\" \/>\n\t<meta property=\"og:image:type\" content=\"image\/jpeg\" \/>\n<meta name=\"twitter:card\" content=\"summary_large_image\" \/>\n<meta name=\"twitter:label1\" content=\"Gesch\u00e4tzte Lesezeit\" \/>\n\t<meta name=\"twitter:data1\" content=\"5\u00a0Minuten\" \/>\n<script type=\"application\/ld+json\" class=\"yoast-schema-graph\">{\"@context\":\"https:\/\/schema.org\",\"@graph\":[{\"@type\":[\"WebPage\",\"ItemPage\"],\"@id\":\"https:\/\/www.alternatievemiddelen.nl\/producten\/simply-more-gezichtsreinigingsemulsie\/\",\"url\":\"https:\/\/www.alternatievemiddelen.nl\/producten\/simply-more-gezichtsreinigingsemulsie\/\",\"name\":\"SIMPLY MORE Gezichtsreinigingsemulsie 150ml - Alternatievemiddelen.nl\",\"isPartOf\":{\"@id\":\"https:\/\/www.alternatievemiddelen.nl\/#website\"},\"primaryImageOfPage\":{\"@id\":\"https:\/\/www.alternatievemiddelen.nl\/producten\/simply-more-gezichtsreinigingsemulsie\/#primaryimage\"},\"image\":{\"@id\":\"https:\/\/www.alternatievemiddelen.nl\/producten\/simply-more-gezichtsreinigingsemulsie\/#primaryimage\"},\"thumbnailUrl\":\"https:\/\/www.alternatievemiddelen.nl\/wp-content\/uploads\/2025\/07\/SIMPLY-MORE-Gezichtsreinigingsemulsie.jpg\",\"datePublished\":\"2025-08-09T06:32:53+00:00\",\"dateModified\":\"2025-12-15T09:24:29+00:00\",\"description\":\"SIMPLY MORE Gezichtsreinigingsemulsie is 100% natuurlijk en gemaakt van 10 ingredi\u00ebnten. Reinigen en make-up verwijdering in \u00e9\u00e9n cosmetica.\",\"breadcrumb\":{\"@id\":\"https:\/\/www.alternatievemiddelen.nl\/producten\/simply-more-gezichtsreinigingsemulsie\/#breadcrumb\"},\"inLanguage\":\"de\",\"potentialAction\":[{\"@type\":\"ReadAction\",\"target\":[\"https:\/\/www.alternatievemiddelen.nl\/producten\/simply-more-gezichtsreinigingsemulsie\/\"]}]},{\"@type\":\"ImageObject\",\"inLanguage\":\"de\",\"@id\":\"https:\/\/www.alternatievemiddelen.nl\/producten\/simply-more-gezichtsreinigingsemulsie\/#primaryimage\",\"url\":\"https:\/\/www.alternatievemiddelen.nl\/wp-content\/uploads\/2025\/07\/SIMPLY-MORE-Gezichtsreinigingsemulsie.jpg\",\"contentUrl\":\"https:\/\/www.alternatievemiddelen.nl\/wp-content\/uploads\/2025\/07\/SIMPLY-MORE-Gezichtsreinigingsemulsie.jpg\",\"width\":600,\"height\":800,\"caption\":\"SIMPLY MORE Gezichtsreinigingsemulsie\"},{\"@type\":\"BreadcrumbList\",\"@id\":\"https:\/\/www.alternatievemiddelen.nl\/producten\/simply-more-gezichtsreinigingsemulsie\/#breadcrumb\",\"itemListElement\":[{\"@type\":\"ListItem\",\"position\":1,\"name\":\"Home\",\"item\":\"https:\/\/www.alternatievemiddelen.nl\/\"},{\"@type\":\"ListItem\",\"position\":2,\"name\":\"Producten\",\"item\":\"https:\/\/www.alternatievemiddelen.nl\/producten\/\"},{\"@type\":\"ListItem\",\"position\":3,\"name\":\"SIMPLY MORE Gezichtsreinigingsemulsie 150ml\"}]},{\"@type\":\"WebSite\",\"@id\":\"https:\/\/www.alternatievemiddelen.nl\/#website\",\"url\":\"https:\/\/www.alternatievemiddelen.nl\/\",\"name\":\"Alternatievemiddelen.nl\",\"description\":\"Webshop met gezonde, duurzame en ecologische alternatieve mogelijkheden in de hedendaagse levenstijl. Alles uit eigen ervaring.\",\"publisher\":{\"@id\":\"https:\/\/www.alternatievemiddelen.nl\/#organization\"},\"potentialAction\":[{\"@type\":\"SearchAction\",\"target\":{\"@type\":\"EntryPoint\",\"urlTemplate\":\"https:\/\/www.alternatievemiddelen.nl\/?s={search_term_string}\"},\"query-input\":{\"@type\":\"PropertyValueSpecification\",\"valueRequired\":true,\"valueName\":\"search_term_string\"}}],\"inLanguage\":\"de\"},{\"@type\":\"Organization\",\"@id\":\"https:\/\/www.alternatievemiddelen.nl\/#organization\",\"name\":\"Alternatievemiddelen.nl\",\"url\":\"https:\/\/www.alternatievemiddelen.nl\/\",\"logo\":{\"@type\":\"ImageObject\",\"inLanguage\":\"de\",\"@id\":\"https:\/\/www.alternatievemiddelen.nl\/#\/schema\/logo\/image\/\",\"url\":\"https:\/\/www.alternatievemiddelen.nl\/wp-content\/uploads\/2023\/10\/alternatievemiddelen-PNG-logo.png\",\"contentUrl\":\"https:\/\/www.alternatievemiddelen.nl\/wp-content\/uploads\/2023\/10\/alternatievemiddelen-PNG-logo.png\",\"width\":6400,\"height\":3062,\"caption\":\"Alternatievemiddelen.nl\"},\"image\":{\"@id\":\"https:\/\/www.alternatievemiddelen.nl\/#\/schema\/logo\/image\/\"}}]}<\/script>\n<!-- \/ Yoast SEO plugin. -->","yoast_head_json":{"title":"SIMPLY MORE Gezichtsreinigingsemulsie 150ml - Alternatievemiddelen.nl","description":"SIMPLY MORE Gezichtsreinigingsemulsie is 100% natuurlijk en gemaakt van 10 ingredi\u00ebnten. Reinigen en make-up verwijdering in \u00e9\u00e9n cosmetica.","robots":{"index":"index","follow":"follow","max-snippet":"max-snippet:-1","max-image-preview":"max-image-preview:large","max-video-preview":"max-video-preview:-1"},"canonical":"https:\/\/www.alternatievemiddelen.nl\/de\/wp-json\/wp\/v2\/product\/48400","og_locale":"de_DE","og_type":"article","og_title":"SIMPLY MORE Gezichtsreinigingsemulsie 150ml - Alternatievemiddelen.nl","og_description":"SIMPLY MORE Gezichtsreinigingsemulsie is 100% natuurlijk en gemaakt van 10 ingredi\u00ebnten. Reinigen en make-up verwijdering in \u00e9\u00e9n cosmetica.","og_url":"https:\/\/www.alternatievemiddelen.nl\/de\/produkte\/simply-more-gesichtsreinigungsemulsion\/","og_site_name":"Alternatievemiddelen.nl","article_modified_time":"2025-12-15T09:24:29+00:00","og_image":[{"width":600,"height":800,"url":"\/wp-content\/uploads\/2025\/07\/SIMPLY-MORE-Gezichtsreinigingsemulsie.jpg","type":"image\/jpeg"}],"twitter_card":"summary_large_image","twitter_misc":{"Gesch\u00e4tzte Lesezeit":"5\u00a0Minuten"},"schema":{"@context":"https:\/\/schema.org","@graph":[{"@type":["WebPage","ItemPage"],"@id":"https:\/\/www.alternatievemiddelen.nl\/producten\/simply-more-gezichtsreinigingsemulsie\/","url":"https:\/\/www.alternatievemiddelen.nl\/producten\/simply-more-gezichtsreinigingsemulsie\/","name":"SIMPLY MORE Gezichtsreinigingsemulsie 150ml - Alternatievemiddelen.nl","isPartOf":{"@id":"https:\/\/www.alternatievemiddelen.nl\/#website"},"primaryImageOfPage":{"@id":"https:\/\/www.alternatievemiddelen.nl\/producten\/simply-more-gezichtsreinigingsemulsie\/#primaryimage"},"image":{"@id":"https:\/\/www.alternatievemiddelen.nl\/producten\/simply-more-gezichtsreinigingsemulsie\/#primaryimage"},"thumbnailUrl":"https:\/\/www.alternatievemiddelen.nl\/wp-content\/uploads\/2025\/07\/SIMPLY-MORE-Gezichtsreinigingsemulsie.jpg","datePublished":"2025-08-09T06:32:53+00:00","dateModified":"2025-12-15T09:24:29+00:00","description":"SIMPLY MORE Gezichtsreinigingsemulsie is 100% natuurlijk en gemaakt van 10 ingredi\u00ebnten. Reinigen en make-up verwijdering in \u00e9\u00e9n cosmetica.","breadcrumb":{"@id":"https:\/\/www.alternatievemiddelen.nl\/producten\/simply-more-gezichtsreinigingsemulsie\/#breadcrumb"},"inLanguage":"de","potentialAction":[{"@type":"ReadAction","target":["https:\/\/www.alternatievemiddelen.nl\/producten\/simply-more-gezichtsreinigingsemulsie\/"]}]},{"@type":"ImageObject","inLanguage":"de","@id":"https:\/\/www.alternatievemiddelen.nl\/producten\/simply-more-gezichtsreinigingsemulsie\/#primaryimage","url":"https:\/\/www.alternatievemiddelen.nl\/wp-content\/uploads\/2025\/07\/SIMPLY-MORE-Gezichtsreinigingsemulsie.jpg","contentUrl":"https:\/\/www.alternatievemiddelen.nl\/wp-content\/uploads\/2025\/07\/SIMPLY-MORE-Gezichtsreinigingsemulsie.jpg","width":600,"height":800,"caption":"SIMPLY MORE Gezichtsreinigingsemulsie"},{"@type":"BreadcrumbList","@id":"https:\/\/www.alternatievemiddelen.nl\/producten\/simply-more-gezichtsreinigingsemulsie\/#breadcrumb","itemListElement":[{"@type":"ListItem","position":1,"name":"Home","item":"https:\/\/www.alternatievemiddelen.nl\/"},{"@type":"ListItem","position":2,"name":"Producten","item":"https:\/\/www.alternatievemiddelen.nl\/producten\/"},{"@type":"ListItem","position":3,"name":"SIMPLY MORE Gezichtsreinigingsemulsie 150ml"}]},{"@type":"WebSite","@id":"https:\/\/www.alternatievemiddelen.nl\/#website","url":"https:\/\/www.alternatievemiddelen.nl\/","name":"Alternatievemiddelen.nl","description":"Webshop met gezonde, duurzame en ecologische alternatieve mogelijkheden in de hedendaagse levenstijl. Alles uit eigen ervaring.","publisher":{"@id":"https:\/\/www.alternatievemiddelen.nl\/#organization"},"potentialAction":[{"@type":"SearchAction","target":{"@type":"EntryPoint","urlTemplate":"https:\/\/www.alternatievemiddelen.nl\/?s={search_term_string}"},"query-input":{"@type":"PropertyValueSpecification","valueRequired":true,"valueName":"search_term_string"}}],"inLanguage":"de"},{"@type":"Organization","@id":"https:\/\/www.alternatievemiddelen.nl\/#organization","name":"Alternatievemiddelen.nl","url":"https:\/\/www.alternatievemiddelen.nl\/","logo":{"@type":"ImageObject","inLanguage":"de","@id":"https:\/\/www.alternatievemiddelen.nl\/#\/schema\/logo\/image\/","url":"https:\/\/www.alternatievemiddelen.nl\/wp-content\/uploads\/2023\/10\/alternatievemiddelen-PNG-logo.png","contentUrl":"https:\/\/www.alternatievemiddelen.nl\/wp-content\/uploads\/2023\/10\/alternatievemiddelen-PNG-logo.png","width":6400,"height":3062,"caption":"Alternatievemiddelen.nl"},"image":{"@id":"https:\/\/www.alternatievemiddelen.nl\/#\/schema\/logo\/image\/"}}]}},"_links":{"self":[{"href":"https:\/\/www.alternatievemiddelen.nl\/de\/wp-json\/wp\/v2\/product\/48400","targetHints":{"allow":["GET"]}}],"collection":[{"href":"https:\/\/www.alternatievemiddelen.nl\/de\/wp-json\/wp\/v2\/product"}],"about":[{"href":"https:\/\/www.alternatievemiddelen.nl\/de\/wp-json\/wp\/v2\/types\/product"}],"replies":[{"embeddable":true,"href":"https:\/\/www.alternatievemiddelen.nl\/de\/wp-json\/wp\/v2\/comments?post=48400"}],"wp:featuredmedia":[{"embeddable":true,"href":"https:\/\/www.alternatievemiddelen.nl\/de\/wp-json\/wp\/v2\/media\/48407"}],"wp:attachment":[{"href":"https:\/\/www.alternatievemiddelen.nl\/de\/wp-json\/wp\/v2\/media?parent=48400"}],"wp:term":[{"taxonomy":"product_brand","embeddable":true,"href":"https:\/\/www.alternatievemiddelen.nl\/de\/wp-json\/wp\/v2\/product_brand?post=48400"},{"taxonomy":"product_cat","embeddable":true,"href":"https:\/\/www.alternatievemiddelen.nl\/de\/wp-json\/wp\/v2\/product_cat?post=48400"},{"taxonomy":"product_tag","embeddable":true,"href":"https:\/\/www.alternatievemiddelen.nl\/de\/wp-json\/wp\/v2\/product_tag?post=48400"},{"taxonomy":"merk","embeddable":true,"href":"https:\/\/www.alternatievemiddelen.nl\/de\/wp-json\/wp\/v2\/merk?post=48400"}],"curies":[{"name":"wp","href":"https:\/\/api.w.org\/{rel}","templated":true}]}}