{"id":48413,"date":"2025-07-06T08:34:12","date_gmt":"2025-07-06T06:34:12","guid":{"rendered":"https:\/\/www.alternatievemiddelen.nl\/?post_type=product&#038;p=48413"},"modified":"2025-12-15T10:22:26","modified_gmt":"2025-12-15T09:22:26","slug":"simply-more-hydraterende-gezichtscreme","status":"publish","type":"product","link":"https:\/\/www.alternatievemiddelen.nl\/de\/produkte\/einfach-mehr-feuchtigkeitsspendende-gesichtscreme\/","title":{"rendered":"SIMPLY MORE Hydratisierende Gesichtscreme 50ml"},"content":{"rendered":"<p>SIMPLY MORE Feuchtigkeitsspendende Gesichtscreme - 100% nat\u00fcrlich <b>Gesichtscreme<\/b>, hergestellt aus <b>10 Zutaten<\/b>. Ein meistverkauftes Dermo-Kosmetikum, das Ihrer Haut sofort <b>Erleichterung und Ultra-Hydratisierung<\/b> bietet. Diese ultra-feuchtigkeitsspendende Gesichtscreme:<\/p>\n<ul>\n<li>hat eine <b>leicht, geruchlos<\/b> Konsistenz,<\/li>\n<li>sp\u00e4t <b>kein Fettfilm<\/b> hinten,<\/li>\n<li><b>absorbiert schnell<\/b> (funktioniert perfekt unter Make-up),<\/li>\n<li>ist ideal f\u00fcr <b>empfindliche Haut<\/b> und Menschen mit einer <b>Neigung zu Allergien<\/b>.<\/li>\n<\/ul>\n<p><img decoding=\"async\" src=\"\/wp-content\/uploads\/2025\/07\/SIMPLY-MORE-keurmerken-300x78.jpg\" alt=\"SIMPLY MORE Etiketten\" width=\"300\" height=\"78\" class=\"size-medium wp-image-48623\" srcset=\"https:\/\/www.alternatievemiddelen.nl\/wp-content\/uploads\/2025\/07\/SIMPLY-MORE-keurmerken-300x78.jpg 300w, https:\/\/www.alternatievemiddelen.nl\/wp-content\/uploads\/2025\/07\/SIMPLY-MORE-keurmerken-18x5.jpg 18w, https:\/\/www.alternatievemiddelen.nl\/wp-content\/uploads\/2025\/07\/SIMPLY-MORE-keurmerken.jpg 441w\" sizes=\"(max-width: 300px) 100vw, 300px\" \/><br \/>\n&nbsp;<\/p>\n<h3>WAS BEWIRKT DIE GESICHTSCREME SIMPLY MORE MOISTURISING?<\/h3>\n<p><b><u>UMFASSENDE BETREUUNG:<\/b><\/u><\/p>\n<p>\u2714 Befeuchtet und n\u00e4hrt<br \/>\n\u2714 Beruhigt die Haut<br \/>\n\u2714 Verhindert Verunreinigungen<\/p>\n<p>Sie haben daf\u00fcr gesorgt, dass diese SIMPLY MORE Hydrating Face Cream die Haut mit einem Komplex essentieller Inhaltsstoffe f\u00fcr ihr t\u00e4gliches Gleichgewicht und ihre gesunde Ausstrahlung versorgt, ohne die Haut zu beschweren.<br \/>\n&nbsp;<\/p>\n<h3>WAS MACHT DIESES PRODUKT EINZIGARTIG?<\/h3>\n<ul>\n<li>Nur <b>10 zertifizierte Inhaltsstoffe<\/b><\/li>\n<li><b>100% nat\u00fcrlicher Ursprung<\/b> (nicht 98%, nicht 99% - wirklich 100%!)<\/li>\n<li>Parf\u00fcmfrei<\/li>\n<li>Perfekt f\u00fcr eine <b>empfindliche, zu Akne und Allergien neigende Haut<\/b><\/li>\n<li><b>Sofortige beruhigende Wirkung<\/b><\/li>\n<li>Leicht, aber <b>starke feuchtigkeitsspendende Formel<\/b><\/li>\n<li>Nimmt schnell auf (<b>ideal unter Make-up<\/b>)<\/li>\n<\/ul>\n<p>&nbsp;<\/p>\n<h3>F\u00dcR WEN?<\/h3>\n<p>Diese Creme ist geeignet f\u00fcr:<\/p>\n<ul>\n<li>Trockene, Mischhaut und fettige Haut<\/li>\n<li>Empfindliche und allergiegef\u00e4hrdete Haut<\/li>\n<li>Haut mit Unreinheiten und Akne<\/li>\n<li>Eine besch\u00e4digte Hautbarriere<\/li>\n<\/ul>\n<p>&nbsp;<br \/>\nIdeal nach kosmetischen Behandlungen: <b>beruhigt, mildert R\u00f6tungen und verstopft die Poren nicht<\/b>.<\/p>\n<p>Sicher f\u00fcr schwangere und stillende Frauen.<br \/>\n&nbsp;<\/p>\n<h3>INHALTSSTOFFE UND ERKL\u00c4RUNGEN<\/h3>\n<p><b>INCI<\/b>: Aqua, Simmondsia Chinensis Seed Oil, Pentylene Glycol, Cetearyl Alcohol, Squalane, Moringa Oil\/Hydrogenated Moringa Oil Esters, Cetearyl Glucoside, Embelia Concinna Leaf Extract, Tocopherol, Glycerin.<\/p>\n<p><b>WASSER<\/b> - Schlie\u00dflich besteht unser K\u00f6rper zu 60% aus Wasser.<br \/>\n<b>JOJOBA OIL (Simmondsia Chinensis Samen\u00f6l)<\/b> - Dank seiner hohen biologischen Vertr\u00e4glichkeit st\u00e4rkt es die interzellul\u00e4re Zementschicht. Seine Struktur ist dem hauteigenen Talg am \u00e4hnlichsten, wodurch die Talgproduktion wirksam reguliert wird. Reich an den Vitaminen A, E, F und Phytosterolen.<br \/>\nFunktion: Regulierung des Talgs | Aufrechterhaltung des richtigen pH-Werts | antibakterielle Wirkung<br \/>\n<b>PENTYLENGLYKOL<\/b> - Ein Feuchthaltemittel nat\u00fcrlichen Ursprungs, eine Substanz, die Wasser in der Haut speichert. Wird aus Zuckerrohr gewonnen. Sorgt f\u00fcr seidig glatte Haut und erh\u00f6ht die Wirksamkeit anderer Inhaltsstoffe. Funktion: antimikrobielle Wirkung | beruhigend<br \/>\n<b>CETEARYLALKOHOL<\/b> - Nicht jeder Alkohol ist schlecht. Dies ist einer der guten! Ein nat\u00fcrlicher Emulgator, der aus Kokosnuss\u00f6l gewonnen wird. Sorgt f\u00fcr die leichte Konsistenz unserer Creme.<br \/>\nFunktion: bildet eine Schutzschicht auf der Haut | stark feuchtigkeitsspendend<br \/>\n<b>SQUALANE (Squalan)<\/b> - aus Oliven\u00f6l gewonnenes \u00d6l. Einzigartig, weil es nat\u00fcrlich in unserem Talg, der sch\u00fctzenden Fettschicht der Haut, vorkommt. St\u00e4rkt die Hydro-Lipid-Barriere und verhindert den Feuchtigkeitsverlust. Wirkt wie die Vitamine C und D als Antioxidans und sch\u00fctzt Lipide vor Oxidation. Verbessert die Hautbarrierestruktur und hat antibakterielle Eigenschaften.<br \/>\nFunktion: entz\u00fcndungshemmend | pflegend | feuchtigkeitsspendend<br \/>\n<b>MORINGA-BUTTER (Moringa-\u00d6l\/hydrierte Moringa-\u00d6l-Ester)<\/b> - Abgeleitet vom \"Baum des Lebens und der Wunder\". Spendet intensiv Feuchtigkeit, macht die Haut weich und pflegt sie. Enth\u00e4lt einen hohen Anteil an \u00d6ls\u00e4ure, die die Fetts\u00e4uren der Haut nachahmt.<br \/>\nFunktion: stellt die Hautbarriere wieder her | Ultra-Hydratation | beruhigend | aufhellend | weiche Haut<br \/>\n<b>CETEARYLGLUCOSID<\/b> - Emulgator auf Basis von Glukose und Kokosnuss\u00f6l. Kombiniert nat\u00fcrliche \u00d6le mit Wasser, um eine Emulsion zu erzeugen. Verbessert die Konsistenz und sorgt f\u00fcr ein angenehmes Hautgef\u00fchl.<br \/>\nFunktion: n\u00e4hrend | verhindert Austrocknung<br \/>\n<b>EMBELIA (Embelia Concinna Blattextrakt)<\/b> - Extrakt aus einer Pflanze aus Madagaskar, die als \"Umarmung des Waldes\" bekannt ist. Hat eine stark regenerierende und beruhigende Wirkung. Reich an Flavonoiden, die die Mikrozirkulation verbessern und die Enzymaktivit\u00e4t unterst\u00fctzen, wodurch der Alterungsprozess der Haut verlangsamt wird.<br \/>\nFunktion: reduziert R\u00f6tungen | lindert Reizungen<br \/>\n<b>TOCOPHEROL<\/b> - einfach Vitamin E, auch bekannt als das Jugendvitamin. Ein starkes Antioxidans, das die Oxidation von Lipiden in der Epidermis und Dermis verhindert. Es durchdringt die Zellmembranen und die interzellul\u00e4re Zementschicht, st\u00e4rkt die Hautbarriere und sch\u00fctzt vor Feuchtigkeitsverlust.<br \/>\nFunktion: verlangsamt die Hautalterung | erh\u00f6ht die Elastizit\u00e4t<br \/>\n<b>GLYCERIN<\/b> - hat eine breite Pflegewirkung und ist ein ausgezeichnetes Feuchthaltemittel. Funktion: Hilft anderen Inhaltsstoffen, besser in die Haut einzudringen.<br \/>\n&nbsp;<\/p>\n<h3>WIE VERWENDE ICH DIE FEUCHTIGKEITSSPENDENDE GESICHTSCREME SIMPLY MORE?<\/h3>\n<p><b>Eine d\u00fcnne Schicht auftragen<\/b> morgens (auch als Make-up-Unterlage) und abends auf die gereinigte Haut auftragen.<\/p>\n<p><b>Sehr sparsam im Verbrauch<\/b> - Ein Pumpsto\u00df ist ausreichend f\u00fcr Gesicht und Hals.<\/p>\n<p><b>Auch zur Anwendung um die Augen und auf den Augenlidern geeignet.<\/b><br \/>\n&nbsp;<\/p>\n<h3>VERPACKUNG<\/h3>\n<p>Inhalt: 50ml<\/p>\n<p>Die Airless-Verpackung ist <b>sehr hygienisch<\/b> (begrenzter Zugang zu Sauerstoff und Bakterien), <b>bequem und praktisch<\/b> (Sie k\u00f6nnen die Creme bis zur letzten Pumpe verwenden).<\/p>\n<p>Airless-Verpackung, hergestellt in Deutschland. Die Pumpe enth\u00e4lt keine Feder, wodurch die Verpackung vollst\u00e4ndig recycelbar ist.<\/p>\n<p>Das Etikett ist auf recycelbarem Material gedruckt.<\/p>","protected":false},"excerpt":{"rendered":"<p>SIMPLY MORE Hydratisierende Gesichtscreme - 100% nat\u00fcrlich und aus 10 Zutaten hergestellt. Gibt Ihrer Haut sofortige Erleichterung und ultra-Hydratisierung. <\/p>\n<p>Profitieren Sie von Mengenrabatten oder setzen Sie <a href=\"https:\/\/www.alternatievemiddelen.nl\/de\/produkte\/simply-more-hautpflege-geschenkset\/\">hier<\/a> Stellen Sie Ihr eigenes SIMPLY MORE Produktpaket zusammen und profitieren Sie von Rabatten.<\/p>","protected":false},"featured_media":48420,"comment_status":"open","ping_status":"closed","template":"","meta":[],"product_brand":[],"product_cat":[2945,3730],"product_tag":[3736,3735,3739,3737,3732,3738],"merk":[3729],"class_list":{"0":"post-48413","1":"product","2":"type-product","3":"status-publish","4":"has-post-thumbnail","6":"product_cat-natuurlijke-verzorging","7":"product_cat-simply-more-huidverzorging","8":"product_tag-100-natuurlijk","9":"product_tag-huidverzorging","10":"product_tag-hydraterende-gezichtscreme","11":"product_tag-natuurlijke-ingredienten","12":"product_tag-simply-more","13":"product_tag-simply-more-hydraterende-gezichtscreme","14":"merk-simply-more","16":"first","17":"instock","18":"taxable","19":"shipping-taxable","20":"purchasable","21":"product-type-simple"},"bundled_by":["48629"],"bundle_stock_status":"instock","bundle_stock_quantity":null,"bundle_virtual":false,"bundle_layout":"","bundle_add_to_cart_form_location":"","bundle_editable_in_cart":false,"bundle_sold_individually_context":"","bundle_item_grouping":"","bundle_min_size":"","bundle_max_size":"","bundle_price":[],"bundled_items":[],"bundle_sell_ids":[44176,48426,48400,48421,48434],"yoast_head":"<!-- This site is optimized with the Yoast SEO plugin v26.1 - https:\/\/yoast.com\/wordpress\/plugins\/seo\/ -->\n<title>SIMPLY MORE Hydraterende gezichtscr\u00e8me 50ml - Alternatievemiddelen.nl<\/title>\n<meta name=\"description\" content=\"SIMPLY MORE Hydraterende gezichtscr\u00e8me - 100% natuurlijk en gemaakt van 10 ingredi\u00ebnten. Geeft jouw huid direct verlichting en ultra-hydratatie.\" \/>\n<meta name=\"robots\" content=\"index, follow, max-snippet:-1, max-image-preview:large, max-video-preview:-1\" \/>\n<link rel=\"canonical\" href=\"https:\/\/www.alternatievemiddelen.nl\/de\/wp-json\/wp\/v2\/product\/48413\" \/>\n<meta property=\"og:locale\" content=\"de_DE\" \/>\n<meta property=\"og:type\" content=\"article\" \/>\n<meta property=\"og:title\" content=\"SIMPLY MORE Hydraterende gezichtscr\u00e8me 50ml - Alternatievemiddelen.nl\" \/>\n<meta property=\"og:description\" content=\"SIMPLY MORE Hydraterende gezichtscr\u00e8me - 100% natuurlijk en gemaakt van 10 ingredi\u00ebnten. Geeft jouw huid direct verlichting en ultra-hydratatie.\" \/>\n<meta property=\"og:url\" content=\"https:\/\/www.alternatievemiddelen.nl\/de\/produkte\/einfach-mehr-feuchtigkeitsspendende-gesichtscreme\/\" \/>\n<meta property=\"og:site_name\" content=\"Alternatievemiddelen.nl\" \/>\n<meta property=\"article:modified_time\" content=\"2025-12-15T09:22:26+00:00\" \/>\n<meta property=\"og:image\" content=\"\/wp-content\/uploads\/2025\/07\/SIMPLY-MORE-Hydraterende-gezichtscreme.jpg\" \/>\n\t<meta property=\"og:image:width\" content=\"600\" \/>\n\t<meta property=\"og:image:height\" content=\"800\" \/>\n\t<meta property=\"og:image:type\" content=\"image\/jpeg\" \/>\n<meta name=\"twitter:card\" content=\"summary_large_image\" \/>\n<meta name=\"twitter:label1\" content=\"Gesch\u00e4tzte Lesezeit\" \/>\n\t<meta name=\"twitter:data1\" content=\"4\u00a0Minuten\" \/>\n<script type=\"application\/ld+json\" class=\"yoast-schema-graph\">{\"@context\":\"https:\/\/schema.org\",\"@graph\":[{\"@type\":[\"WebPage\",\"ItemPage\"],\"@id\":\"https:\/\/www.alternatievemiddelen.nl\/producten\/simply-more-hydraterende-gezichtscreme\/\",\"url\":\"https:\/\/www.alternatievemiddelen.nl\/producten\/simply-more-hydraterende-gezichtscreme\/\",\"name\":\"SIMPLY MORE Hydraterende gezichtscr\u00e8me 50ml - Alternatievemiddelen.nl\",\"isPartOf\":{\"@id\":\"https:\/\/www.alternatievemiddelen.nl\/#website\"},\"primaryImageOfPage\":{\"@id\":\"https:\/\/www.alternatievemiddelen.nl\/producten\/simply-more-hydraterende-gezichtscreme\/#primaryimage\"},\"image\":{\"@id\":\"https:\/\/www.alternatievemiddelen.nl\/producten\/simply-more-hydraterende-gezichtscreme\/#primaryimage\"},\"thumbnailUrl\":\"https:\/\/www.alternatievemiddelen.nl\/wp-content\/uploads\/2025\/07\/SIMPLY-MORE-Hydraterende-gezichtscreme.jpg\",\"datePublished\":\"2025-07-06T06:34:12+00:00\",\"dateModified\":\"2025-12-15T09:22:26+00:00\",\"description\":\"SIMPLY MORE Hydraterende gezichtscr\u00e8me - 100% natuurlijk en gemaakt van 10 ingredi\u00ebnten. Geeft jouw huid direct verlichting en ultra-hydratatie.\",\"breadcrumb\":{\"@id\":\"https:\/\/www.alternatievemiddelen.nl\/producten\/simply-more-hydraterende-gezichtscreme\/#breadcrumb\"},\"inLanguage\":\"de\",\"potentialAction\":[{\"@type\":\"ReadAction\",\"target\":[\"https:\/\/www.alternatievemiddelen.nl\/producten\/simply-more-hydraterende-gezichtscreme\/\"]}]},{\"@type\":\"ImageObject\",\"inLanguage\":\"de\",\"@id\":\"https:\/\/www.alternatievemiddelen.nl\/producten\/simply-more-hydraterende-gezichtscreme\/#primaryimage\",\"url\":\"https:\/\/www.alternatievemiddelen.nl\/wp-content\/uploads\/2025\/07\/SIMPLY-MORE-Hydraterende-gezichtscreme.jpg\",\"contentUrl\":\"https:\/\/www.alternatievemiddelen.nl\/wp-content\/uploads\/2025\/07\/SIMPLY-MORE-Hydraterende-gezichtscreme.jpg\",\"width\":600,\"height\":800,\"caption\":\"SIMPLY MORE Hydraterende gezichtscreme\"},{\"@type\":\"BreadcrumbList\",\"@id\":\"https:\/\/www.alternatievemiddelen.nl\/producten\/simply-more-hydraterende-gezichtscreme\/#breadcrumb\",\"itemListElement\":[{\"@type\":\"ListItem\",\"position\":1,\"name\":\"Home\",\"item\":\"https:\/\/www.alternatievemiddelen.nl\/\"},{\"@type\":\"ListItem\",\"position\":2,\"name\":\"Producten\",\"item\":\"https:\/\/www.alternatievemiddelen.nl\/producten\/\"},{\"@type\":\"ListItem\",\"position\":3,\"name\":\"SIMPLY MORE Hydraterende gezichtscr\u00e8me 50ml\"}]},{\"@type\":\"WebSite\",\"@id\":\"https:\/\/www.alternatievemiddelen.nl\/#website\",\"url\":\"https:\/\/www.alternatievemiddelen.nl\/\",\"name\":\"Alternatievemiddelen.nl\",\"description\":\"Webshop met gezonde, duurzame en ecologische alternatieve mogelijkheden in de hedendaagse levenstijl. Alles uit eigen ervaring.\",\"publisher\":{\"@id\":\"https:\/\/www.alternatievemiddelen.nl\/#organization\"},\"potentialAction\":[{\"@type\":\"SearchAction\",\"target\":{\"@type\":\"EntryPoint\",\"urlTemplate\":\"https:\/\/www.alternatievemiddelen.nl\/?s={search_term_string}\"},\"query-input\":{\"@type\":\"PropertyValueSpecification\",\"valueRequired\":true,\"valueName\":\"search_term_string\"}}],\"inLanguage\":\"de\"},{\"@type\":\"Organization\",\"@id\":\"https:\/\/www.alternatievemiddelen.nl\/#organization\",\"name\":\"Alternatievemiddelen.nl\",\"url\":\"https:\/\/www.alternatievemiddelen.nl\/\",\"logo\":{\"@type\":\"ImageObject\",\"inLanguage\":\"de\",\"@id\":\"https:\/\/www.alternatievemiddelen.nl\/#\/schema\/logo\/image\/\",\"url\":\"https:\/\/www.alternatievemiddelen.nl\/wp-content\/uploads\/2023\/10\/alternatievemiddelen-PNG-logo.png\",\"contentUrl\":\"https:\/\/www.alternatievemiddelen.nl\/wp-content\/uploads\/2023\/10\/alternatievemiddelen-PNG-logo.png\",\"width\":6400,\"height\":3062,\"caption\":\"Alternatievemiddelen.nl\"},\"image\":{\"@id\":\"https:\/\/www.alternatievemiddelen.nl\/#\/schema\/logo\/image\/\"}}]}<\/script>\n<!-- \/ Yoast SEO plugin. -->","yoast_head_json":{"title":"SIMPLY MORE Hydraterende gezichtscr\u00e8me 50ml - Alternatievemiddelen.nl","description":"SIMPLY MORE Hydraterende gezichtscr\u00e8me - 100% natuurlijk en gemaakt van 10 ingredi\u00ebnten. Geeft jouw huid direct verlichting en ultra-hydratatie.","robots":{"index":"index","follow":"follow","max-snippet":"max-snippet:-1","max-image-preview":"max-image-preview:large","max-video-preview":"max-video-preview:-1"},"canonical":"https:\/\/www.alternatievemiddelen.nl\/de\/wp-json\/wp\/v2\/product\/48413","og_locale":"de_DE","og_type":"article","og_title":"SIMPLY MORE Hydraterende gezichtscr\u00e8me 50ml - Alternatievemiddelen.nl","og_description":"SIMPLY MORE Hydraterende gezichtscr\u00e8me - 100% natuurlijk en gemaakt van 10 ingredi\u00ebnten. Geeft jouw huid direct verlichting en ultra-hydratatie.","og_url":"https:\/\/www.alternatievemiddelen.nl\/de\/produkte\/einfach-mehr-feuchtigkeitsspendende-gesichtscreme\/","og_site_name":"Alternatievemiddelen.nl","article_modified_time":"2025-12-15T09:22:26+00:00","og_image":[{"width":600,"height":800,"url":"\/wp-content\/uploads\/2025\/07\/SIMPLY-MORE-Hydraterende-gezichtscreme.jpg","type":"image\/jpeg"}],"twitter_card":"summary_large_image","twitter_misc":{"Gesch\u00e4tzte Lesezeit":"4\u00a0Minuten"},"schema":{"@context":"https:\/\/schema.org","@graph":[{"@type":["WebPage","ItemPage"],"@id":"https:\/\/www.alternatievemiddelen.nl\/producten\/simply-more-hydraterende-gezichtscreme\/","url":"https:\/\/www.alternatievemiddelen.nl\/producten\/simply-more-hydraterende-gezichtscreme\/","name":"SIMPLY MORE Hydraterende gezichtscr\u00e8me 50ml - Alternatievemiddelen.nl","isPartOf":{"@id":"https:\/\/www.alternatievemiddelen.nl\/#website"},"primaryImageOfPage":{"@id":"https:\/\/www.alternatievemiddelen.nl\/producten\/simply-more-hydraterende-gezichtscreme\/#primaryimage"},"image":{"@id":"https:\/\/www.alternatievemiddelen.nl\/producten\/simply-more-hydraterende-gezichtscreme\/#primaryimage"},"thumbnailUrl":"https:\/\/www.alternatievemiddelen.nl\/wp-content\/uploads\/2025\/07\/SIMPLY-MORE-Hydraterende-gezichtscreme.jpg","datePublished":"2025-07-06T06:34:12+00:00","dateModified":"2025-12-15T09:22:26+00:00","description":"SIMPLY MORE Hydraterende gezichtscr\u00e8me - 100% natuurlijk en gemaakt van 10 ingredi\u00ebnten. Geeft jouw huid direct verlichting en ultra-hydratatie.","breadcrumb":{"@id":"https:\/\/www.alternatievemiddelen.nl\/producten\/simply-more-hydraterende-gezichtscreme\/#breadcrumb"},"inLanguage":"de","potentialAction":[{"@type":"ReadAction","target":["https:\/\/www.alternatievemiddelen.nl\/producten\/simply-more-hydraterende-gezichtscreme\/"]}]},{"@type":"ImageObject","inLanguage":"de","@id":"https:\/\/www.alternatievemiddelen.nl\/producten\/simply-more-hydraterende-gezichtscreme\/#primaryimage","url":"https:\/\/www.alternatievemiddelen.nl\/wp-content\/uploads\/2025\/07\/SIMPLY-MORE-Hydraterende-gezichtscreme.jpg","contentUrl":"https:\/\/www.alternatievemiddelen.nl\/wp-content\/uploads\/2025\/07\/SIMPLY-MORE-Hydraterende-gezichtscreme.jpg","width":600,"height":800,"caption":"SIMPLY MORE Hydraterende gezichtscreme"},{"@type":"BreadcrumbList","@id":"https:\/\/www.alternatievemiddelen.nl\/producten\/simply-more-hydraterende-gezichtscreme\/#breadcrumb","itemListElement":[{"@type":"ListItem","position":1,"name":"Home","item":"https:\/\/www.alternatievemiddelen.nl\/"},{"@type":"ListItem","position":2,"name":"Producten","item":"https:\/\/www.alternatievemiddelen.nl\/producten\/"},{"@type":"ListItem","position":3,"name":"SIMPLY MORE Hydraterende gezichtscr\u00e8me 50ml"}]},{"@type":"WebSite","@id":"https:\/\/www.alternatievemiddelen.nl\/#website","url":"https:\/\/www.alternatievemiddelen.nl\/","name":"Alternatievemiddelen.nl","description":"Webshop met gezonde, duurzame en ecologische alternatieve mogelijkheden in de hedendaagse levenstijl. Alles uit eigen ervaring.","publisher":{"@id":"https:\/\/www.alternatievemiddelen.nl\/#organization"},"potentialAction":[{"@type":"SearchAction","target":{"@type":"EntryPoint","urlTemplate":"https:\/\/www.alternatievemiddelen.nl\/?s={search_term_string}"},"query-input":{"@type":"PropertyValueSpecification","valueRequired":true,"valueName":"search_term_string"}}],"inLanguage":"de"},{"@type":"Organization","@id":"https:\/\/www.alternatievemiddelen.nl\/#organization","name":"Alternatievemiddelen.nl","url":"https:\/\/www.alternatievemiddelen.nl\/","logo":{"@type":"ImageObject","inLanguage":"de","@id":"https:\/\/www.alternatievemiddelen.nl\/#\/schema\/logo\/image\/","url":"https:\/\/www.alternatievemiddelen.nl\/wp-content\/uploads\/2023\/10\/alternatievemiddelen-PNG-logo.png","contentUrl":"https:\/\/www.alternatievemiddelen.nl\/wp-content\/uploads\/2023\/10\/alternatievemiddelen-PNG-logo.png","width":6400,"height":3062,"caption":"Alternatievemiddelen.nl"},"image":{"@id":"https:\/\/www.alternatievemiddelen.nl\/#\/schema\/logo\/image\/"}}]}},"_links":{"self":[{"href":"https:\/\/www.alternatievemiddelen.nl\/de\/wp-json\/wp\/v2\/product\/48413","targetHints":{"allow":["GET"]}}],"collection":[{"href":"https:\/\/www.alternatievemiddelen.nl\/de\/wp-json\/wp\/v2\/product"}],"about":[{"href":"https:\/\/www.alternatievemiddelen.nl\/de\/wp-json\/wp\/v2\/types\/product"}],"replies":[{"embeddable":true,"href":"https:\/\/www.alternatievemiddelen.nl\/de\/wp-json\/wp\/v2\/comments?post=48413"}],"wp:featuredmedia":[{"embeddable":true,"href":"https:\/\/www.alternatievemiddelen.nl\/de\/wp-json\/wp\/v2\/media\/48420"}],"wp:attachment":[{"href":"https:\/\/www.alternatievemiddelen.nl\/de\/wp-json\/wp\/v2\/media?parent=48413"}],"wp:term":[{"taxonomy":"product_brand","embeddable":true,"href":"https:\/\/www.alternatievemiddelen.nl\/de\/wp-json\/wp\/v2\/product_brand?post=48413"},{"taxonomy":"product_cat","embeddable":true,"href":"https:\/\/www.alternatievemiddelen.nl\/de\/wp-json\/wp\/v2\/product_cat?post=48413"},{"taxonomy":"product_tag","embeddable":true,"href":"https:\/\/www.alternatievemiddelen.nl\/de\/wp-json\/wp\/v2\/product_tag?post=48413"},{"taxonomy":"merk","embeddable":true,"href":"https:\/\/www.alternatievemiddelen.nl\/de\/wp-json\/wp\/v2\/merk?post=48413"}],"curies":[{"name":"wp","href":"https:\/\/api.w.org\/{rel}","templated":true}]}}