{"id":48421,"date":"2025-07-06T08:45:40","date_gmt":"2025-07-06T06:45:40","guid":{"rendered":"https:\/\/www.alternatievemiddelen.nl\/?post_type=product&#038;p=48421"},"modified":"2025-12-15T10:21:24","modified_gmt":"2025-12-15T09:21:24","slug":"simply-more-lipbalsem","status":"publish","type":"product","link":"https:\/\/www.alternatievemiddelen.nl\/de\/produkte\/einfach-mehr-lippenbalsam\/","title":{"rendered":"SIMPLY MORE Lippenbalsam 15ml"},"content":{"rendered":"<p>SIMPLY MORE Lippenbalsam - <b>100% natur<\/b> Lippenbalsam, der lang anhaltende und intensive <b>Fl\u00fcssigkeitszufuhr<\/b> und <b>Regenerierung<\/b> Angebote. Dank der zus\u00e4tzlichen <b>war<\/b> und <b>Butters<\/b> Der Balsam bildet eine Schutzschicht auf der Oberfl\u00e4che der Lippen und sch\u00fctzt sie vor rauen Witterungsbedingungen.<\/p>\n<p>Der Balsam hat eine unglaubliche <b>angenehme Anwendung<\/b>, ohne das klebrige Gef\u00fchl. Er bleibt l\u00e4nger auf den Lippen als \u00e4hnliche Produkte. Es ist <b>geruchlos<\/b> und <b>klebrig<\/b>und damit perfekt f\u00fcr <b>empfindliche Haut<\/b>. Es hinterl\u00e4sst einen subtilen <b>Glanz<\/b> auf den Lippen zur\u00fcck.<\/p>\n<p>Es enth\u00e4lt nur <b>9 Zutaten<\/b>, einschlie\u00dflich:<\/p>\n<ul>\n<li><b>Heidelbeerwachs<\/b> - n\u00e4hrt tief<\/li>\n<li><b>Sheabutter<\/b> - sch\u00fctzt vor \u00e4u\u00dferen Einfl\u00fcssen<\/li>\n<li><b>Carnaubawachs<\/b> - erweicht die Lippen<\/li>\n<li><b>Squalan<\/b> - spendet lang anhaltende Feuchtigkeit<\/li>\n<li><b>Vitamin E<\/b> - regeneriert<\/li>\n<\/ul>\n<p><img decoding=\"async\" src=\"\/wp-content\/uploads\/2025\/07\/SIMPLY-MORE-keurmerken-300x78.jpg\" alt=\"SIMPLY MORE Etiketten\" width=\"300\" height=\"78\" class=\"size-medium wp-image-48623\" srcset=\"https:\/\/www.alternatievemiddelen.nl\/wp-content\/uploads\/2025\/07\/SIMPLY-MORE-keurmerken-300x78.jpg 300w, https:\/\/www.alternatievemiddelen.nl\/wp-content\/uploads\/2025\/07\/SIMPLY-MORE-keurmerken-18x5.jpg 18w, https:\/\/www.alternatievemiddelen.nl\/wp-content\/uploads\/2025\/07\/SIMPLY-MORE-keurmerken.jpg 441w\" sizes=\"(max-width: 300px) 100vw, 300px\" \/><br \/>\n&nbsp;<\/p>\n<h3>WAS BEWIRKT DER SIMPLY MORE LIPPENBALSAM?<\/h3>\n<p>Dieser SIMPLY MORE Lippenbalsam:<\/p>\n<p>Spendet lang anhaltende und intensive Feuchtigkeit und verleiht den Lippen einen nat\u00fcrlichen Glanz.<br \/>\nSch\u00fctzt vor \u00e4u\u00dferen Einfl\u00fcssen - dank \u00d6len und Wachsen bildet sie eine lang anhaltende Schutzbarriere auf den Lippen.<br \/>\nEffiziente Formel mit einfacher Anwendung - kein klebriges Gef\u00fchl.<br \/>\nIn Anwendungstests haben wir festgestellt, dass SIMPLY MORE Lip Balm l\u00e4nger auf den Lippen bleibt als vergleichbare Produkte.*<\/p>\n<p><i>*Untersuchung, die von einem externen Labor an einer Gruppe von 25 Frauen im Alter von 24 bis 47 Jahren \u00fcber einen Zeitraum von zwei Wochen durchgef\u00fchrt wurde.<\/i><br \/>\n&nbsp;<\/p>\n<h3>WAS MACHT DIESES PRODUKT EINZIGARTIG?<\/h3>\n<ul>\n<li><b>100% nat\u00fcrlicher Ursprung<\/b> (nicht 98%, nicht 99% - wirklich 100%!)<\/li>\n<li><b>15ml Fassungsverm\u00f6gen<\/b> (mehr als 30% h\u00f6her als der Marktdurchschnitt)<\/li>\n<li><b>Wasserfreie Formel<\/b> hergestellt mit 9 hochwertigen Wachsen, \u00d6len und Buttern<\/b><\/li>\n<li><b>Bleibt lange auf den Lippen<\/b><\/li>\n<li><b>Subtiler Glanzeffekt auf den Lippen<\/b><\/li>\n<li><b>Geruchlos und geschmacklos<\/b><\/li>\n<\/ul>\n<p>&nbsp;<\/p>\n<h3>INHALTSSTOFFE UND ERKL\u00c4RUNGEN<\/h3>\n<p><b>INCI<\/b>: Ricinus Communis Seed Oil, Hydrogenated Vegetable Oil, Butyrospermum Parkii Butter, Hydrogenated Castor Oil, Copernicia Cerifera Wax, Beeswax, Rhus Verniciflua Peel Cera, Squalane, Tocopherol.<\/p>\n<p><b>Ricinus-Communis-Samen\u00f6l<\/b> - Rizinus\u00f6l, gewonnen durch Pressen der Samen des Wunderbaums. Enth\u00e4lt 85% Rizinus\u00f6ls\u00e4ure sowie Stearin-, Linol- und \u00d6ls\u00e4ure. Bildet einen Film (Okklusion) auf der Hautoberfl\u00e4che, reduziert den Wasserverlust aus den tieferen Hautschichten und erh\u00f6ht die Hydratation. Sie ist nicht komedogen.<br \/>\nFunktion: Spendet Feuchtigkeit und verhindert Feuchtigkeitsverlust.<br \/>\n<b>Hydriertes Pflanzen\u00f6l<\/b> - Ein fetthaltiger Weichmacher aus Kokosnuss\u00f6l, der eine Schutzschicht auf der Haut bildet. Macht die Lippen geschmeidiger und weicher.<br \/>\nFunktion: Beruhigt und sch\u00fctzt die Haut.<br \/>\n<b>Butyrospermum Parkii-Butter<\/b> - Reine Sheabutter von einem schwedischen Hersteller mit zertifiziertem klimaneutralem Anbau. Wird aus den Samen des Sheabaums in Burkina Faso (Afrika) gewonnen. \u00c4hnelt stark den Hautlipiden, st\u00e4rkt die interzellul\u00e4re Kittstruktur und sch\u00fctzt vor \u00e4u\u00dferen Einfl\u00fcssen. Beschleunigt die Wundheilung und hat antibakterielle und entz\u00fcndungshemmende Eigenschaften.<br \/>\nFunktion: St\u00e4rkt die Hautbarriere und sch\u00fctzt vor sch\u00e4dlichen Einfl\u00fcssen.<br \/>\n<b>Hydriertes Rizinus\u00f6l<\/b> - Geh\u00e4rtetes Rizinus\u00f6l von 100% nat\u00fcrlichen Ursprungs. Eine reiche Weichmacher, die erweicht und gl\u00e4ttet die Lippen.<br \/>\nFunktion: Macht die Lippen geschmeidig und gl\u00e4ttet sie.<br \/>\n<b>Copernicia Cerifera Wachs<\/b> - Carnaubawachs, das eine okklusive Schicht auf den Lippen bildet und die Haut vor Feuchtigkeitsverlust sch\u00fctzt. Bietet auch eine feuchtigkeitsspendende Wirkung.<br \/>\nFunktion: Sch\u00fctzt die Lippen und hilft, Feuchtigkeit zu bewahren.<br \/>\n<b>Bienenwachs<\/b> - Bienenwachs erweicht trockene, rissige Haut und bildet eine zarte Schutzschicht mit antibakteriellen Eigenschaften.<br \/>\nFunktion: Sch\u00fctzt und bes\u00e4nftigt trockene Lippen.<br \/>\n<b>Rhus Verniciflua Peel Cera<\/b> - Wachs aus der Haut der Beeren eines in China beheimateten Baumes. Ein au\u00dfergew\u00f6hnlich weiches und geschmeidiges Wachs, das eine feuchtigkeitsspendende Wirkung hat und als Okklusivverband dient.<br \/>\nFunktion: Versorgt die Lippen mit Feuchtigkeit und sch\u00fctzt sie.<br \/>\n<b>Squalan<\/b> - Aus Oliven\u00f6l gewonnenes \u00d6l. Einzigartig, weil es nat\u00fcrlich in unserem Talg, der sch\u00fctzenden Lipidschicht der Haut, vorkommt. Versiegelt die Hydro-Lipid-Barriere und verhindert den Wasserverlust. Wirkt als Antioxidans, \u00e4hnlich wie die Vitamine C und D, und sch\u00fctzt die Fettzellen vor Oxidation.<br \/>\nFunktion: N\u00e4hrt, sch\u00fctzt und hilft, die Hautbarriere zu erhalten.<br \/>\n<b>Tocopherol<\/b> - Einfaches Vitamin E, auch das \"Jugendvitamin\" genannt. Hemmt wirkungsvoll die Oxidation von Lipiden in der Epidermis und Dermis. Integriert sich in die Lipidstrukturen der Zellmembranen und die interzellul\u00e4re Kittschicht des Stratum corneum, st\u00e4rkt die Hautbarriere und verhindert Wasserverlust.<br \/>\nFunktion: Verz\u00f6gert die Hautalterung und verbessert die Elastizit\u00e4t.<br \/>\n&nbsp;<\/p>\n<h3>WIE VERWENDE ICH DEN SIMPLY MORE LIPPENBALSAM?<\/h3>\n<p>Tragen Sie es auf Ihre Lippen auf, wenn Sie tags\u00fcber zus\u00e4tzliche Pflege ben\u00f6tigen.<\/p>\n<p>Sie k\u00f6nnen den Balsam auch als Nachtmaske f\u00fcr die Lippen verwenden.<br \/>\n&nbsp;<\/p>\n<h3>VERPACKUNG<\/h3>\n<p>Inhalt: 15ml<\/p>\n<p>SIMPLY MORE Lip Balm wird in einer praktischen Tube geliefert, die eine hygienische Anwendung gew\u00e4hrleistet, ohne dass das Produkt mit den Fingern aufgetragen werden muss.<\/p>\n<ul>\n<li>Die R\u00f6hre wurde in einer polnischen Fabrik hergestellt.<\/li>\n<li>Die Kartonverpackung f\u00fcr das Serum wird in Polen hergestellt und besteht aus FSC\u00ae-zertifiziertem Papier, das aus nachhaltig bewirtschafteten W\u00e4ldern gewonnen wird.<\/li>\n<\/ul>","protected":false},"excerpt":{"rendered":"<p>SIMPLY MORE Lip Balm - 100% Nat\u00fcrlicher Lippenbalsam, der lang anhaltende und intensive Feuchtigkeit spendet, regeneriert und vor rauen Wetterbedingungen sch\u00fctzt.<\/p>\n<p>Profitieren Sie von Mengenrabatten oder setzen Sie <a href=\"https:\/\/www.alternatievemiddelen.nl\/de\/produkte\/simply-more-hautpflege-geschenkset\/\">hier<\/a> Stellen Sie Ihr eigenes SIMPLY MORE Produktpaket zusammen und profitieren Sie von Rabatten.<\/p>","protected":false},"featured_media":48425,"comment_status":"open","ping_status":"closed","template":"","meta":[],"product_brand":[],"product_cat":[2945,3730],"product_tag":[3736,3735,3742,3737,3732,3741],"merk":[3729],"class_list":{"0":"post-48421","1":"product","2":"type-product","3":"status-publish","4":"has-post-thumbnail","6":"product_cat-natuurlijke-verzorging","7":"product_cat-simply-more-huidverzorging","8":"product_tag-100-natuurlijk","9":"product_tag-huidverzorging","10":"product_tag-lipbalsem","11":"product_tag-natuurlijke-ingredienten","12":"product_tag-simply-more","13":"product_tag-simply-more-lipbalsem","14":"merk-simply-more","16":"first","17":"instock","18":"taxable","19":"shipping-taxable","20":"purchasable","21":"product-type-simple"},"bundled_by":["48629"],"bundle_stock_status":"instock","bundle_stock_quantity":null,"bundle_virtual":false,"bundle_layout":"","bundle_add_to_cart_form_location":"","bundle_editable_in_cart":false,"bundle_sold_individually_context":"","bundle_item_grouping":"","bundle_min_size":"","bundle_max_size":"","bundle_price":[],"bundled_items":[],"bundle_sell_ids":[44176,48413,48426,48400,48434],"yoast_head":"<!-- This site is optimized with the Yoast SEO plugin v26.1 - https:\/\/yoast.com\/wordpress\/plugins\/seo\/ -->\n<title>SIMPLY MORE Lipbalsem 15ml - Alternatievemiddelen.nl<\/title>\n<meta name=\"description\" content=\"SIMPLY MORE Lipbalsem - 100% natuurlijke lipbalsem die langdurige en intense hydratatie en regeneratie biedt en beschermt tegen ruwe weersomstandigheden.\" \/>\n<meta name=\"robots\" content=\"index, follow, max-snippet:-1, max-image-preview:large, max-video-preview:-1\" \/>\n<link rel=\"canonical\" href=\"https:\/\/www.alternatievemiddelen.nl\/de\/wp-json\/wp\/v2\/product\/48421\" \/>\n<meta property=\"og:locale\" content=\"de_DE\" \/>\n<meta property=\"og:type\" content=\"article\" \/>\n<meta property=\"og:title\" content=\"SIMPLY MORE Lipbalsem 15ml - Alternatievemiddelen.nl\" \/>\n<meta property=\"og:description\" content=\"SIMPLY MORE Lipbalsem - 100% natuurlijke lipbalsem die langdurige en intense hydratatie en regeneratie biedt en beschermt tegen ruwe weersomstandigheden.\" \/>\n<meta property=\"og:url\" content=\"https:\/\/www.alternatievemiddelen.nl\/de\/produkte\/einfach-mehr-lippenbalsam\/\" \/>\n<meta property=\"og:site_name\" content=\"Alternatievemiddelen.nl\" \/>\n<meta property=\"article:modified_time\" content=\"2025-12-15T09:21:24+00:00\" \/>\n<meta property=\"og:image\" content=\"\/wp-content\/uploads\/2025\/07\/SIMPLY-MORE-Lipbalsem.jpg\" \/>\n\t<meta property=\"og:image:width\" content=\"600\" \/>\n\t<meta property=\"og:image:height\" content=\"800\" \/>\n\t<meta property=\"og:image:type\" content=\"image\/jpeg\" \/>\n<meta name=\"twitter:card\" content=\"summary_large_image\" \/>\n<meta name=\"twitter:label1\" content=\"Gesch\u00e4tzte Lesezeit\" \/>\n\t<meta name=\"twitter:data1\" content=\"4\u00a0Minuten\" \/>\n<script type=\"application\/ld+json\" class=\"yoast-schema-graph\">{\"@context\":\"https:\/\/schema.org\",\"@graph\":[{\"@type\":[\"WebPage\",\"ItemPage\"],\"@id\":\"https:\/\/www.alternatievemiddelen.nl\/producten\/simply-more-lipbalsem\/\",\"url\":\"https:\/\/www.alternatievemiddelen.nl\/producten\/simply-more-lipbalsem\/\",\"name\":\"SIMPLY MORE Lipbalsem 15ml - Alternatievemiddelen.nl\",\"isPartOf\":{\"@id\":\"https:\/\/www.alternatievemiddelen.nl\/#website\"},\"primaryImageOfPage\":{\"@id\":\"https:\/\/www.alternatievemiddelen.nl\/producten\/simply-more-lipbalsem\/#primaryimage\"},\"image\":{\"@id\":\"https:\/\/www.alternatievemiddelen.nl\/producten\/simply-more-lipbalsem\/#primaryimage\"},\"thumbnailUrl\":\"https:\/\/www.alternatievemiddelen.nl\/wp-content\/uploads\/2025\/07\/SIMPLY-MORE-Lipbalsem.jpg\",\"datePublished\":\"2025-07-06T06:45:40+00:00\",\"dateModified\":\"2025-12-15T09:21:24+00:00\",\"description\":\"SIMPLY MORE Lipbalsem - 100% natuurlijke lipbalsem die langdurige en intense hydratatie en regeneratie biedt en beschermt tegen ruwe weersomstandigheden.\",\"breadcrumb\":{\"@id\":\"https:\/\/www.alternatievemiddelen.nl\/producten\/simply-more-lipbalsem\/#breadcrumb\"},\"inLanguage\":\"de\",\"potentialAction\":[{\"@type\":\"ReadAction\",\"target\":[\"https:\/\/www.alternatievemiddelen.nl\/producten\/simply-more-lipbalsem\/\"]}]},{\"@type\":\"ImageObject\",\"inLanguage\":\"de\",\"@id\":\"https:\/\/www.alternatievemiddelen.nl\/producten\/simply-more-lipbalsem\/#primaryimage\",\"url\":\"https:\/\/www.alternatievemiddelen.nl\/wp-content\/uploads\/2025\/07\/SIMPLY-MORE-Lipbalsem.jpg\",\"contentUrl\":\"https:\/\/www.alternatievemiddelen.nl\/wp-content\/uploads\/2025\/07\/SIMPLY-MORE-Lipbalsem.jpg\",\"width\":600,\"height\":800,\"caption\":\"SIMPLY MORE Lipbalsem\"},{\"@type\":\"BreadcrumbList\",\"@id\":\"https:\/\/www.alternatievemiddelen.nl\/producten\/simply-more-lipbalsem\/#breadcrumb\",\"itemListElement\":[{\"@type\":\"ListItem\",\"position\":1,\"name\":\"Home\",\"item\":\"https:\/\/www.alternatievemiddelen.nl\/\"},{\"@type\":\"ListItem\",\"position\":2,\"name\":\"Producten\",\"item\":\"https:\/\/www.alternatievemiddelen.nl\/producten\/\"},{\"@type\":\"ListItem\",\"position\":3,\"name\":\"SIMPLY MORE Lipbalsem 15ml\"}]},{\"@type\":\"WebSite\",\"@id\":\"https:\/\/www.alternatievemiddelen.nl\/#website\",\"url\":\"https:\/\/www.alternatievemiddelen.nl\/\",\"name\":\"Alternatievemiddelen.nl\",\"description\":\"Webshop met gezonde, duurzame en ecologische alternatieve mogelijkheden in de hedendaagse levenstijl. Alles uit eigen ervaring.\",\"publisher\":{\"@id\":\"https:\/\/www.alternatievemiddelen.nl\/#organization\"},\"potentialAction\":[{\"@type\":\"SearchAction\",\"target\":{\"@type\":\"EntryPoint\",\"urlTemplate\":\"https:\/\/www.alternatievemiddelen.nl\/?s={search_term_string}\"},\"query-input\":{\"@type\":\"PropertyValueSpecification\",\"valueRequired\":true,\"valueName\":\"search_term_string\"}}],\"inLanguage\":\"de\"},{\"@type\":\"Organization\",\"@id\":\"https:\/\/www.alternatievemiddelen.nl\/#organization\",\"name\":\"Alternatievemiddelen.nl\",\"url\":\"https:\/\/www.alternatievemiddelen.nl\/\",\"logo\":{\"@type\":\"ImageObject\",\"inLanguage\":\"de\",\"@id\":\"https:\/\/www.alternatievemiddelen.nl\/#\/schema\/logo\/image\/\",\"url\":\"https:\/\/www.alternatievemiddelen.nl\/wp-content\/uploads\/2023\/10\/alternatievemiddelen-PNG-logo.png\",\"contentUrl\":\"https:\/\/www.alternatievemiddelen.nl\/wp-content\/uploads\/2023\/10\/alternatievemiddelen-PNG-logo.png\",\"width\":6400,\"height\":3062,\"caption\":\"Alternatievemiddelen.nl\"},\"image\":{\"@id\":\"https:\/\/www.alternatievemiddelen.nl\/#\/schema\/logo\/image\/\"}}]}<\/script>\n<!-- \/ Yoast SEO plugin. -->","yoast_head_json":{"title":"SIMPLY MORE Lipbalsem 15ml - Alternatievemiddelen.nl","description":"SIMPLY MORE Lipbalsem - 100% natuurlijke lipbalsem die langdurige en intense hydratatie en regeneratie biedt en beschermt tegen ruwe weersomstandigheden.","robots":{"index":"index","follow":"follow","max-snippet":"max-snippet:-1","max-image-preview":"max-image-preview:large","max-video-preview":"max-video-preview:-1"},"canonical":"https:\/\/www.alternatievemiddelen.nl\/de\/wp-json\/wp\/v2\/product\/48421","og_locale":"de_DE","og_type":"article","og_title":"SIMPLY MORE Lipbalsem 15ml - Alternatievemiddelen.nl","og_description":"SIMPLY MORE Lipbalsem - 100% natuurlijke lipbalsem die langdurige en intense hydratatie en regeneratie biedt en beschermt tegen ruwe weersomstandigheden.","og_url":"https:\/\/www.alternatievemiddelen.nl\/de\/produkte\/einfach-mehr-lippenbalsam\/","og_site_name":"Alternatievemiddelen.nl","article_modified_time":"2025-12-15T09:21:24+00:00","og_image":[{"width":600,"height":800,"url":"\/wp-content\/uploads\/2025\/07\/SIMPLY-MORE-Lipbalsem.jpg","type":"image\/jpeg"}],"twitter_card":"summary_large_image","twitter_misc":{"Gesch\u00e4tzte Lesezeit":"4\u00a0Minuten"},"schema":{"@context":"https:\/\/schema.org","@graph":[{"@type":["WebPage","ItemPage"],"@id":"https:\/\/www.alternatievemiddelen.nl\/producten\/simply-more-lipbalsem\/","url":"https:\/\/www.alternatievemiddelen.nl\/producten\/simply-more-lipbalsem\/","name":"SIMPLY MORE Lipbalsem 15ml - Alternatievemiddelen.nl","isPartOf":{"@id":"https:\/\/www.alternatievemiddelen.nl\/#website"},"primaryImageOfPage":{"@id":"https:\/\/www.alternatievemiddelen.nl\/producten\/simply-more-lipbalsem\/#primaryimage"},"image":{"@id":"https:\/\/www.alternatievemiddelen.nl\/producten\/simply-more-lipbalsem\/#primaryimage"},"thumbnailUrl":"https:\/\/www.alternatievemiddelen.nl\/wp-content\/uploads\/2025\/07\/SIMPLY-MORE-Lipbalsem.jpg","datePublished":"2025-07-06T06:45:40+00:00","dateModified":"2025-12-15T09:21:24+00:00","description":"SIMPLY MORE Lipbalsem - 100% natuurlijke lipbalsem die langdurige en intense hydratatie en regeneratie biedt en beschermt tegen ruwe weersomstandigheden.","breadcrumb":{"@id":"https:\/\/www.alternatievemiddelen.nl\/producten\/simply-more-lipbalsem\/#breadcrumb"},"inLanguage":"de","potentialAction":[{"@type":"ReadAction","target":["https:\/\/www.alternatievemiddelen.nl\/producten\/simply-more-lipbalsem\/"]}]},{"@type":"ImageObject","inLanguage":"de","@id":"https:\/\/www.alternatievemiddelen.nl\/producten\/simply-more-lipbalsem\/#primaryimage","url":"https:\/\/www.alternatievemiddelen.nl\/wp-content\/uploads\/2025\/07\/SIMPLY-MORE-Lipbalsem.jpg","contentUrl":"https:\/\/www.alternatievemiddelen.nl\/wp-content\/uploads\/2025\/07\/SIMPLY-MORE-Lipbalsem.jpg","width":600,"height":800,"caption":"SIMPLY MORE Lipbalsem"},{"@type":"BreadcrumbList","@id":"https:\/\/www.alternatievemiddelen.nl\/producten\/simply-more-lipbalsem\/#breadcrumb","itemListElement":[{"@type":"ListItem","position":1,"name":"Home","item":"https:\/\/www.alternatievemiddelen.nl\/"},{"@type":"ListItem","position":2,"name":"Producten","item":"https:\/\/www.alternatievemiddelen.nl\/producten\/"},{"@type":"ListItem","position":3,"name":"SIMPLY MORE Lipbalsem 15ml"}]},{"@type":"WebSite","@id":"https:\/\/www.alternatievemiddelen.nl\/#website","url":"https:\/\/www.alternatievemiddelen.nl\/","name":"Alternatievemiddelen.nl","description":"Webshop met gezonde, duurzame en ecologische alternatieve mogelijkheden in de hedendaagse levenstijl. Alles uit eigen ervaring.","publisher":{"@id":"https:\/\/www.alternatievemiddelen.nl\/#organization"},"potentialAction":[{"@type":"SearchAction","target":{"@type":"EntryPoint","urlTemplate":"https:\/\/www.alternatievemiddelen.nl\/?s={search_term_string}"},"query-input":{"@type":"PropertyValueSpecification","valueRequired":true,"valueName":"search_term_string"}}],"inLanguage":"de"},{"@type":"Organization","@id":"https:\/\/www.alternatievemiddelen.nl\/#organization","name":"Alternatievemiddelen.nl","url":"https:\/\/www.alternatievemiddelen.nl\/","logo":{"@type":"ImageObject","inLanguage":"de","@id":"https:\/\/www.alternatievemiddelen.nl\/#\/schema\/logo\/image\/","url":"https:\/\/www.alternatievemiddelen.nl\/wp-content\/uploads\/2023\/10\/alternatievemiddelen-PNG-logo.png","contentUrl":"https:\/\/www.alternatievemiddelen.nl\/wp-content\/uploads\/2023\/10\/alternatievemiddelen-PNG-logo.png","width":6400,"height":3062,"caption":"Alternatievemiddelen.nl"},"image":{"@id":"https:\/\/www.alternatievemiddelen.nl\/#\/schema\/logo\/image\/"}}]}},"_links":{"self":[{"href":"https:\/\/www.alternatievemiddelen.nl\/de\/wp-json\/wp\/v2\/product\/48421","targetHints":{"allow":["GET"]}}],"collection":[{"href":"https:\/\/www.alternatievemiddelen.nl\/de\/wp-json\/wp\/v2\/product"}],"about":[{"href":"https:\/\/www.alternatievemiddelen.nl\/de\/wp-json\/wp\/v2\/types\/product"}],"replies":[{"embeddable":true,"href":"https:\/\/www.alternatievemiddelen.nl\/de\/wp-json\/wp\/v2\/comments?post=48421"}],"wp:featuredmedia":[{"embeddable":true,"href":"https:\/\/www.alternatievemiddelen.nl\/de\/wp-json\/wp\/v2\/media\/48425"}],"wp:attachment":[{"href":"https:\/\/www.alternatievemiddelen.nl\/de\/wp-json\/wp\/v2\/media?parent=48421"}],"wp:term":[{"taxonomy":"product_brand","embeddable":true,"href":"https:\/\/www.alternatievemiddelen.nl\/de\/wp-json\/wp\/v2\/product_brand?post=48421"},{"taxonomy":"product_cat","embeddable":true,"href":"https:\/\/www.alternatievemiddelen.nl\/de\/wp-json\/wp\/v2\/product_cat?post=48421"},{"taxonomy":"product_tag","embeddable":true,"href":"https:\/\/www.alternatievemiddelen.nl\/de\/wp-json\/wp\/v2\/product_tag?post=48421"},{"taxonomy":"merk","embeddable":true,"href":"https:\/\/www.alternatievemiddelen.nl\/de\/wp-json\/wp\/v2\/merk?post=48421"}],"curies":[{"name":"wp","href":"https:\/\/api.w.org\/{rel}","templated":true}]}}