{"id":48426,"date":"2025-07-06T08:53:33","date_gmt":"2025-07-06T06:53:33","guid":{"rendered":"https:\/\/www.alternatievemiddelen.nl\/?post_type=product&#038;p=48426"},"modified":"2025-12-15T10:22:56","modified_gmt":"2025-12-15T09:22:56","slug":"simply-more-rich-face-cream","status":"publish","type":"product","link":"https:\/\/www.alternatievemiddelen.nl\/de\/produkte\/einfach-mehr-reichhaltige-gesichtscreme\/","title":{"rendered":"SIMPLY MORE Reichhaltige Gesichtscreme 50ml"},"content":{"rendered":"<p>SIMPLY MORE Rich Face Cream - das ist eine Creme f\u00fcr besondere Aufgaben. Sie hat einen Ceramid-Komplex hinzugef\u00fcgt und ihre Wirkung mit drei zus\u00e4tzlichen Wirkstoffen verst\u00e4rkt.<\/p>\n<p>Dank der fortschrittlichen Formel, der nat\u00fcrlichen Herkunft von 100% und der innovativen Wirkstoffkombination stellt die Creme die Hydrolipidbarriere perfekt wieder her und regeneriert die Haut schon bei der ersten Anwendung. Es reduziert auch das Auftreten von feinen Linien, so dass die Haut j\u00fcnger und ausgeruhter aussehen.<\/p>\n<p><b>SIMPLY MORE Reichhaltige Gesichtscreme<\/b> ist ein dermokosmetisches Produkt, das Folgendes enth\u00e4lt:<\/p>\n<p>\u2714 <b>Ceramid-Komplex<\/b> - stellt wieder her und regeneriert<br \/>\n\u2714 <b>Probiotika<\/b> - das Gleichgewicht der Mikroflora<br \/>\n\u2714 <b>Rotalgenextrakt<\/b> - spendet intensiv Feuchtigkeit<br \/>\n\u2714 <b>Zucker-Komplex<\/b> - verhindert Feuchtigkeitsverlust<br \/>\n<img decoding=\"async\" src=\"\/wp-content\/uploads\/2025\/07\/SIMPLY-MORE-keurmerken-300x78.jpg\" alt=\"SIMPLY MORE Etiketten\" width=\"300\" height=\"78\" class=\"size-medium wp-image-48623\" srcset=\"https:\/\/www.alternatievemiddelen.nl\/wp-content\/uploads\/2025\/07\/SIMPLY-MORE-keurmerken-300x78.jpg 300w, https:\/\/www.alternatievemiddelen.nl\/wp-content\/uploads\/2025\/07\/SIMPLY-MORE-keurmerken-18x5.jpg 18w, https:\/\/www.alternatievemiddelen.nl\/wp-content\/uploads\/2025\/07\/SIMPLY-MORE-keurmerken.jpg 441w\" sizes=\"(max-width: 300px) 100vw, 300px\" \/><br \/>\n&nbsp;<\/p>\n<h3>WAS BEWIRKT DIE SIMPLY MORE RICH GESICHTSCREME?<\/h3>\n<p><b><u>INTENSIVE REGENERATION:<\/b><\/u><\/p>\n<p>1. <b>Wiederherstellung der hydrolipidischen Barriere<\/b><br \/>\n2. <b>Verringerung des Erscheinungsbildes feiner Linien<\/b><br \/>\n3. <b>Tiefenhydratisierung und Straffung<\/b><\/p>\n<p>SIMPLY MORE Rich Face Cream ist eine n\u00e4hrende Creme mit einer reichhaltigen Textur, die die Haut intensiv regeneriert und lang anhaltend mit Feuchtigkeit versorgt. Sie verbessert sichtbar den Zustand der Haut.<\/p>\n<p>Dank der fortschrittlichen Formel und der innovativen Wirkstoffkombination bek\u00e4mpft die Creme perfekt die ersten Anzeichen der Hautalterung. Die Creme wirkt im Sinne der \"Verlangsamung des Alterungsprozesses\" - sie hilft, die Haut l\u00e4nger jung zu halten.<br \/>\n&nbsp;<\/p>\n<h3>WAS MACHT DIESES PRODUKT EINZIGARTIG?<\/h3>\n<ul>\n<li><b>100% nat\u00fcrlicher Ursprung<\/b> (nicht 98%, nicht 99% - wirklich 100%!)<\/li>\n<li><b>Parf\u00fcmfrei<\/b> - geeignet f\u00fcr empfindliche und allergiegef\u00e4hrdete Haut<\/li>\n<li><b>Intensive Regeneration<\/b> durch eine innovative Kombination von Ceramiden und 3 Substanzen, die deren Wirkung unterst\u00fctzen<\/li>\n<li><b>Verleiht der Haut ein j\u00fcngeres und ausgeruhteres Aussehen<\/b><\/li>\n<li><b>Schutz vor Dehydrierung<\/b><\/li>\n<li><b>Reichhaltige Textur ohne Klebeeffekt<\/b><\/li>\n<\/ul>\n<p>&nbsp;<\/p>\n<h3>F\u00dcR WEN?<\/h3>\n<p>Diese Creme ist geeignet f\u00fcr:<\/p>\n<ul>\n<li>Trockene und sehr trockene Haut<\/li>\n<li>Kombinierte Haut<\/li>\n<li>Fettige Haut<\/li>\n<li>Empfindliche und allergiegef\u00e4hrdete Haut<\/li>\n<li>Problemhaut, Akne, atopische Dermatitis<\/li>\n<li>Besch\u00e4digte Hydrolipidbarriere<\/li>\n<li>Perfekt als \"Feuchtigkeitsspritze\" f\u00fcr reife, gesch\u00e4digte, raue, gereizte und trockene Haut.<\/li>\n<\/ul>\n<p>&nbsp;<br \/>\nSicher f\u00fcr schwangere und stillende Frauen.<br \/>\n&nbsp;<\/p>\n<h3>INHALTSSTOFFE UND ERKL\u00c4RUNGEN<\/h3>\n<p><b>INCI<\/b>: Aqua, Simmondsia Chinensis Seed Oil, Squalane, Pentylene Glycol, Lauryl Oleate, Moringa Oil\/Hydrogenated Moringa Oil Esters, Cetearyl Alcohol, Crambe Abyssinica Seed Oil Phytosterol Esters, Arachidyl Alcohol, Xylitylglucoside, Ceramide NP, Punica Granatum Sterole, Lactobacillus, Maris Sal, Helianthus Annuus Seed Oil, Xylitol, Anhydroxylitol, Maltodextrin, Olive Glycerides, Sodium Carrageenan, Cetearyl Glucoside, Arachidyl Glucoside, Behenyl Alcohol, Phenethyl Alcohol, Tocopherol.<\/p>\n<p><b>Aqua<\/b> - Wasser, schlie\u00dflich bestehen wir aus 60%.<br \/>\n<b>Simmondsia Chinensis-Samen\u00f6l<\/b> - Jojoba\u00f6l. Dank seiner hohen biologischen Vertr\u00e4glichkeit st\u00e4rkt es die interzellul\u00e4re Zementschicht. Seine Struktur ist dem hauteigenen Talg am \u00e4hnlichsten, wodurch die Talgproduktion wirksam reguliert wird. Reich an den Vitaminen A, E, F und Phytosterolen.<br \/>\nFunktion: Reguliert die Talgproduktion, gleicht den pH-Wert der Haut aus und hat eine antibakterielle Wirkung.<br \/>\n<b>Squalan<\/b> - \u00d6l, das aus Oliven\u00f6l gewonnen wird. Es ist einzigartig, weil es nat\u00fcrlich in unserem Talg, der sch\u00fctzenden Fettschicht der Haut, vorkommt. Es versiegelt die Hydrolipidbarriere und verhindert den Wasserverlust. Als Antioxidans, wie die Vitamine C und D, verhindert es die Oxidation unserer Lipide (Fettzellen).<br \/>\nFunktion: Verbessert die Struktur des Lipidmantels der Haut, wirkt entz\u00fcndungshemmend, n\u00e4hrt und bewahrt die Feuchtigkeit.<br \/>\n<b>Pentylenglykol<\/b> - Ein Feuchthaltemittel nat\u00fcrlichen Ursprungs - eine Substanz, die Wasser in der Haut speichert. Wird aus Zuckerrohr gewonnen. Verleiht ein samtiges Hautgef\u00fchl und erh\u00f6ht die Wirksamkeit anderer Inhaltsstoffe.<br \/>\nFunktion: Antimikrobiell, erweichend.<br \/>\n<b>Lauryloleat<\/b> - Ein nat\u00fcrliches Emollient der n\u00e4chsten Generation pflanzlichen Ursprungs.<br \/>\nFunktion: Macht die Haut geschmeidig und gl\u00e4ttet sie.<br \/>\n<b>Moringa-\u00d6l\/hydrierte Moringa-\u00d6l-Ester<\/b> - Moringa-Butter, vom \"Baum des Lebens und der Wunder\". Sie spendet Feuchtigkeit, macht die Haut weich und pflegt sie perfekt. Hat einen hohen Gehalt an \u00d6ls\u00e4ure, die die Fetts\u00e4uren der Haut nachahmt.<br \/>\nFunktion: Stellt die Hautbarriere wieder her, spendet Feuchtigkeit, macht die Haut geschmeidig und verleiht ihr ein strahlendes, weiches Aussehen.<br \/>\n<b>Cetearylalkohol<\/b> - Nicht jeder Alkohol ist schlecht! Dies ist einer der guten. Ein nat\u00fcrlicher Emulgator, der aus Kokosnuss\u00f6l gewonnen wird. Verantwortlich f\u00fcr die leichte Konsistenz unserer Creme.<br \/>\nFunktion: Bildet eine okklusive Schicht auf der Haut, spendet intensiv Feuchtigkeit.<br \/>\n<b>Crambe Abyssinica-Samen\u00f6l Phytosterol-Ester<\/b> - Abessinisches \u00d6l, reich an Phytosterinen. Schmiert und st\u00e4rkt die Lipidbarriere der Epidermis und bildet einen Schutzfilm.<br \/>\n<b>Arachidylalkohol<\/b> - Guter Alkohol pflanzlichen Ursprungs, der die Haut nicht reizt und keine Allergien ausl\u00f6st. Ein \u00f6liges Emolliens, das eine okklusive Schicht auf der Haut bildet und vor Feuchtigkeitsverlust sch\u00fctzt.<br \/>\n<b>Xylitylglucosid<\/b> - Ein Feuchthaltemittel nat\u00fcrlichen Ursprungs, das aus Zucker und Weizen gewonnen wird. Erh\u00f6ht die Hydratation durch Bindung von Wasser. Einer der Bestandteile des Aquaxyl-Komplexes.<br \/>\n<b>Ceramid NP<\/b> - Ein nat\u00fcrlicher Bestandteil des interzellul\u00e4ren Kittes des Stratum corneum (der \u00e4u\u00dfersten Schicht der Haut). Ceramide bilden eine nat\u00fcrliche Schutzschicht der Haut und helfen, Wasser langfristig zu binden. Sie haben Anti-Ageing-Eigenschaften und verbessern die Hautbeschaffenheit.<br \/>\nFunktion: St\u00e4rkt die Hautbarriere, spendet intensiv Feuchtigkeit und unterst\u00fctzt die Hauterneuerung.<br \/>\n<b>Punica Granatum Sterole<\/b> - Granatapfelsterine, ein nat\u00fcrlicher Ersatz f\u00fcr Vaseline. Der Granatapfel ist eine der \u00e4ltesten Heilpflanzen, die der Menschheit seit mehr als 8.000 Jahren bekannt ist. Beschleunigt die Hautregeneration und sch\u00fctzt vor \u00e4u\u00dferen Einfl\u00fcssen. Hat antioxidative Eigenschaften.<br \/>\n<b>Lactobacillus<\/b> - Probiotischer Extrakt aus bakterieller Fermentation. St\u00e4rkt die Barrierefunktion der Haut und verhindert das Wachstum von sch\u00e4dlichen Mikroorganismen. N\u00e4hrt und stimuliert das Wachstum der Hautmikrobiota und hat entz\u00fcndungshemmende Eigenschaften.<br \/>\n<b>Maris Sal<\/b> - Inhaltsstoff aus Meersalz und Rotalgenextrakt, der die epidermale Hyalurons\u00e4uresynthese aktiviert und die Ceramidsynthese um 56% erh\u00f6ht. Hat antiseptische und entz\u00fcndungshemmende Eigenschaften.<br \/>\n<b>Helianthus Annuus-Samen\u00f6l<\/b> - Sonnenblumen\u00f6l. Hat feuchtigkeitsspendende und sch\u00fctzende Eigenschaften. Kommt in Spuren in unserem nat\u00fcrlichen Emollient der n\u00e4chsten Generation vor.<br \/>\n<b>Xylitol<\/b> - Xylitol, nat\u00fcrlich in der Birke vorkommend. Einer der Bestandteile des Aquaxyl-Zuckerkomplexes. Hat feuchtigkeitsspendende Eigenschaften.<br \/>\n<b>Anhydroxylitol<\/b> - Wasserfreies Xylitol, das die Festigkeit und Elastizit\u00e4t der Haut verbessert. Einer der Bestandteile des Aquaxyl-Zuckerkomplexes.<br \/>\n<b>Maltodextrin<\/b> - Eine aus Maisst\u00e4rke gewonnene Substanz. Absorbiert Talg und stabilisiert die probiotischen St\u00e4mme in unserer Creme.<br \/>\n<b>Oliven\u00f6l-Glyceride<\/b> - Eine Substanz aus der Oliven\u00f6lproduktion. Erh\u00f6ht die Aufnahme und Stabilit\u00e4t von Ceramiden. Vertr\u00e4gt sich mit den Lipiden in der Hornschicht der Haut, die zum gro\u00dfen Teil aus Ceramiden besteht.<br \/>\n<b>Natrium-Carrageenan<\/b> - Eine Substanz nat\u00fcrlichen Ursprungs, die die Konsistenz der Creme bestimmt. Bestandteil von Rotalgenextrakt.<br \/>\n<b>Cetearylglucosid<\/b> - Emulgator auf Basis von Glukose und Kokosnuss\u00f6l. Verbindet nat\u00fcrliche \u00d6le mit Wasser, um eine Emulsion zu bilden. Verbessert die Konsistenz und sorgt f\u00fcr ein angenehmes Hautgef\u00fchl.<br \/>\nFunktion: N\u00e4hrt und verhindert Austrocknung.<br \/>\n<b>Arachidylglucosid<\/b> - Ein milder Emulgator nat\u00fcrlichen Ursprungs auf Basis von Glukose.<br \/>\n<b>Behenyl-Alkohol<\/b> - Ein guter, nat\u00fcrlicher Behenylalkohol, der aus Mais gewonnen wird. Ein Weichmacher, der wie ein \"Okklusivverband\" wirkt. Sorgt f\u00fcr die seidenweiche Konsistenz der Creme.<br \/>\n<b>Phenethylalkohol<\/b> - Ein guter Phenylethylalkohol nat\u00fcrlichen Ursprungs, der aus Rosen oder Seide gewonnen wird. Hemmt das Wachstum von Bakterien. Teil des Rotalgenextrakts, wo er eine konservierende Wirkung hat.<br \/>\n<b>Tocopherol<\/b> - Einfach gesagt: Vitamin E oder das Vitamin der Jugend. Ein starkes Antioxidans, das die Oxidation von Lipiden in der Epidermis und Dermis verlangsamt. Kann in die Lipidstrukturen der Zellmembranen und den interzellul\u00e4ren Kitt des Stratum corneum eingebaut werden, wodurch die Hautbarriere gest\u00e4rkt und Wasserverluste verhindert werden.<br \/>\nFunktion: Verlangsamt die Hautalterung und macht die Haut elastischer.<br \/>\n&nbsp;<\/p>\n<h3>WIE VERWENDE ICH DIE SIMPLY MORE RICH GESICHTSCREME?<\/h3>\n<p>Morgens und\/oder abends eine d\u00fcnne Schicht auf die gereinigte Haut auftragen. Perfekt als regenerierende und feuchtigkeitsspendende Maske.<\/p>\n<p><b>Sparsam im Gebrauch<\/b> - Ein Pumpsto\u00df ist ausreichend f\u00fcr Gesicht und Hals.<\/p>\n<p><b>Auch f\u00fcr die Augenpartie und die Augenlider geeignet.<\/b><br \/>\n&nbsp;<\/p>\n<h3>VERPACKUNG<\/h3>\n<p>Inhalt: 50ml<\/p>\n<p>Die Airless-Verpackung ist <b>sehr hygienisch<\/b> (begrenzter Zugang von Sauerstoff und Bakterien), bequem und praktisch (Sie k\u00f6nnen die Creme bis zur letzten Pumpe verwenden).<\/p>\n<ul>\n<li><b>Airless-Verpackungen<\/b> hergestellt in Deutschland. Die Pumpe enth\u00e4lt keine Feder, so dass die Verpackung vollst\u00e4ndig recycelbar ist.<\/li>\n<li>Das Etikett wird gedruckt auf <b>wiederverwertbares Material<\/b>.<\/li>\n<li>Keine Pappschachtel, um unn\u00f6tigen Abfall zu vermeiden.<\/li>\n<\/ul>","protected":false},"excerpt":{"rendered":"<p>SIMPLY MORE Rich Face Cream hat 100% nat\u00fcrlichen Ursprungs und stellt die Hydrolipidbarriere perfekt wieder her und regeneriert die Haut schon bei der ersten Anwendung. <\/p>\n<p>Profitieren Sie von Mengenrabatten oder setzen Sie <a href=\"https:\/\/www.alternatievemiddelen.nl\/de\/produkte\/simply-more-hautpflege-geschenkset\/\">hier<\/a> Stellen Sie Ihr eigenes SIMPLY MORE Produktpaket zusammen und profitieren Sie von Rabatten.<\/p>","protected":false},"featured_media":48433,"comment_status":"open","ping_status":"closed","template":"","meta":[],"product_brand":[],"product_cat":[2945,3730],"product_tag":[3736,3735,3737,3744,3732,3743],"merk":[3729],"class_list":{"0":"post-48426","1":"product","2":"type-product","3":"status-publish","4":"has-post-thumbnail","6":"product_cat-natuurlijke-verzorging","7":"product_cat-simply-more-huidverzorging","8":"product_tag-100-natuurlijk","9":"product_tag-huidverzorging","10":"product_tag-natuurlijke-ingredienten","11":"product_tag-rich-face-cream","12":"product_tag-simply-more","13":"product_tag-simply-more-rich-face-cream","14":"merk-simply-more","16":"first","17":"instock","18":"taxable","19":"shipping-taxable","20":"purchasable","21":"product-type-simple"},"bundled_by":["48629"],"bundle_stock_status":"instock","bundle_stock_quantity":null,"bundle_virtual":false,"bundle_layout":"","bundle_add_to_cart_form_location":"","bundle_editable_in_cart":false,"bundle_sold_individually_context":"","bundle_item_grouping":"","bundle_min_size":"","bundle_max_size":"","bundle_price":[],"bundled_items":[],"bundle_sell_ids":[44176,48413,48400,48421,48434],"yoast_head":"<!-- This site is optimized with the Yoast SEO plugin v26.1 - https:\/\/yoast.com\/wordpress\/plugins\/seo\/ -->\n<title>SIMPLY MORE Rich Face Cream 50ml - Alternatievemiddelen.nl<\/title>\n<meta name=\"description\" content=\"De SIMPLY MORE Rich Face Cream heeft 100% natuurlijke oorsprong en herstelt perfect de hydrolipidenbarri\u00e8re en regenereert de huid vanaf het eerste gebruik.\" \/>\n<meta name=\"robots\" content=\"index, follow, max-snippet:-1, max-image-preview:large, max-video-preview:-1\" \/>\n<link rel=\"canonical\" href=\"https:\/\/www.alternatievemiddelen.nl\/de\/wp-json\/wp\/v2\/product\/48426\" \/>\n<meta property=\"og:locale\" content=\"de_DE\" \/>\n<meta property=\"og:type\" content=\"article\" \/>\n<meta property=\"og:title\" content=\"SIMPLY MORE Rich Face Cream 50ml - Alternatievemiddelen.nl\" \/>\n<meta property=\"og:description\" content=\"De SIMPLY MORE Rich Face Cream heeft 100% natuurlijke oorsprong en herstelt perfect de hydrolipidenbarri\u00e8re en regenereert de huid vanaf het eerste gebruik.\" \/>\n<meta property=\"og:url\" content=\"https:\/\/www.alternatievemiddelen.nl\/de\/produkte\/einfach-mehr-reichhaltige-gesichtscreme\/\" \/>\n<meta property=\"og:site_name\" content=\"Alternatievemiddelen.nl\" \/>\n<meta property=\"article:modified_time\" content=\"2025-12-15T09:22:56+00:00\" \/>\n<meta property=\"og:image\" content=\"\/wp-content\/uploads\/2025\/07\/SIMPLY-MORE-Rich-Face-Cream.jpg\" \/>\n\t<meta property=\"og:image:width\" content=\"600\" \/>\n\t<meta property=\"og:image:height\" content=\"800\" \/>\n\t<meta property=\"og:image:type\" content=\"image\/jpeg\" \/>\n<meta name=\"twitter:card\" content=\"summary_large_image\" \/>\n<meta name=\"twitter:label1\" content=\"Gesch\u00e4tzte Lesezeit\" \/>\n\t<meta name=\"twitter:data1\" content=\"7\u00a0Minuten\" \/>\n<script type=\"application\/ld+json\" class=\"yoast-schema-graph\">{\"@context\":\"https:\/\/schema.org\",\"@graph\":[{\"@type\":[\"WebPage\",\"ItemPage\"],\"@id\":\"https:\/\/www.alternatievemiddelen.nl\/producten\/simply-more-rich-face-cream\/\",\"url\":\"https:\/\/www.alternatievemiddelen.nl\/producten\/simply-more-rich-face-cream\/\",\"name\":\"SIMPLY MORE Rich Face Cream 50ml - Alternatievemiddelen.nl\",\"isPartOf\":{\"@id\":\"https:\/\/www.alternatievemiddelen.nl\/#website\"},\"primaryImageOfPage\":{\"@id\":\"https:\/\/www.alternatievemiddelen.nl\/producten\/simply-more-rich-face-cream\/#primaryimage\"},\"image\":{\"@id\":\"https:\/\/www.alternatievemiddelen.nl\/producten\/simply-more-rich-face-cream\/#primaryimage\"},\"thumbnailUrl\":\"https:\/\/www.alternatievemiddelen.nl\/wp-content\/uploads\/2025\/07\/SIMPLY-MORE-Rich-Face-Cream.jpg\",\"datePublished\":\"2025-07-06T06:53:33+00:00\",\"dateModified\":\"2025-12-15T09:22:56+00:00\",\"description\":\"De SIMPLY MORE Rich Face Cream heeft 100% natuurlijke oorsprong en herstelt perfect de hydrolipidenbarri\u00e8re en regenereert de huid vanaf het eerste gebruik.\",\"breadcrumb\":{\"@id\":\"https:\/\/www.alternatievemiddelen.nl\/producten\/simply-more-rich-face-cream\/#breadcrumb\"},\"inLanguage\":\"de\",\"potentialAction\":[{\"@type\":\"ReadAction\",\"target\":[\"https:\/\/www.alternatievemiddelen.nl\/producten\/simply-more-rich-face-cream\/\"]}]},{\"@type\":\"ImageObject\",\"inLanguage\":\"de\",\"@id\":\"https:\/\/www.alternatievemiddelen.nl\/producten\/simply-more-rich-face-cream\/#primaryimage\",\"url\":\"https:\/\/www.alternatievemiddelen.nl\/wp-content\/uploads\/2025\/07\/SIMPLY-MORE-Rich-Face-Cream.jpg\",\"contentUrl\":\"https:\/\/www.alternatievemiddelen.nl\/wp-content\/uploads\/2025\/07\/SIMPLY-MORE-Rich-Face-Cream.jpg\",\"width\":600,\"height\":800,\"caption\":\"SIMPLY MORE Rich Face Cream\"},{\"@type\":\"BreadcrumbList\",\"@id\":\"https:\/\/www.alternatievemiddelen.nl\/producten\/simply-more-rich-face-cream\/#breadcrumb\",\"itemListElement\":[{\"@type\":\"ListItem\",\"position\":1,\"name\":\"Home\",\"item\":\"https:\/\/www.alternatievemiddelen.nl\/\"},{\"@type\":\"ListItem\",\"position\":2,\"name\":\"Producten\",\"item\":\"https:\/\/www.alternatievemiddelen.nl\/producten\/\"},{\"@type\":\"ListItem\",\"position\":3,\"name\":\"SIMPLY MORE Rich Face Cream 50ml\"}]},{\"@type\":\"WebSite\",\"@id\":\"https:\/\/www.alternatievemiddelen.nl\/#website\",\"url\":\"https:\/\/www.alternatievemiddelen.nl\/\",\"name\":\"Alternatievemiddelen.nl\",\"description\":\"Webshop met gezonde, duurzame en ecologische alternatieve mogelijkheden in de hedendaagse levenstijl. Alles uit eigen ervaring.\",\"publisher\":{\"@id\":\"https:\/\/www.alternatievemiddelen.nl\/#organization\"},\"potentialAction\":[{\"@type\":\"SearchAction\",\"target\":{\"@type\":\"EntryPoint\",\"urlTemplate\":\"https:\/\/www.alternatievemiddelen.nl\/?s={search_term_string}\"},\"query-input\":{\"@type\":\"PropertyValueSpecification\",\"valueRequired\":true,\"valueName\":\"search_term_string\"}}],\"inLanguage\":\"de\"},{\"@type\":\"Organization\",\"@id\":\"https:\/\/www.alternatievemiddelen.nl\/#organization\",\"name\":\"Alternatievemiddelen.nl\",\"url\":\"https:\/\/www.alternatievemiddelen.nl\/\",\"logo\":{\"@type\":\"ImageObject\",\"inLanguage\":\"de\",\"@id\":\"https:\/\/www.alternatievemiddelen.nl\/#\/schema\/logo\/image\/\",\"url\":\"https:\/\/www.alternatievemiddelen.nl\/wp-content\/uploads\/2023\/10\/alternatievemiddelen-PNG-logo.png\",\"contentUrl\":\"https:\/\/www.alternatievemiddelen.nl\/wp-content\/uploads\/2023\/10\/alternatievemiddelen-PNG-logo.png\",\"width\":6400,\"height\":3062,\"caption\":\"Alternatievemiddelen.nl\"},\"image\":{\"@id\":\"https:\/\/www.alternatievemiddelen.nl\/#\/schema\/logo\/image\/\"}}]}<\/script>\n<!-- \/ Yoast SEO plugin. -->","yoast_head_json":{"title":"SIMPLY MORE Rich Face Cream 50ml - Alternatievemiddelen.nl","description":"De SIMPLY MORE Rich Face Cream heeft 100% natuurlijke oorsprong en herstelt perfect de hydrolipidenbarri\u00e8re en regenereert de huid vanaf het eerste gebruik.","robots":{"index":"index","follow":"follow","max-snippet":"max-snippet:-1","max-image-preview":"max-image-preview:large","max-video-preview":"max-video-preview:-1"},"canonical":"https:\/\/www.alternatievemiddelen.nl\/de\/wp-json\/wp\/v2\/product\/48426","og_locale":"de_DE","og_type":"article","og_title":"SIMPLY MORE Rich Face Cream 50ml - Alternatievemiddelen.nl","og_description":"De SIMPLY MORE Rich Face Cream heeft 100% natuurlijke oorsprong en herstelt perfect de hydrolipidenbarri\u00e8re en regenereert de huid vanaf het eerste gebruik.","og_url":"https:\/\/www.alternatievemiddelen.nl\/de\/produkte\/einfach-mehr-reichhaltige-gesichtscreme\/","og_site_name":"Alternatievemiddelen.nl","article_modified_time":"2025-12-15T09:22:56+00:00","og_image":[{"width":600,"height":800,"url":"\/wp-content\/uploads\/2025\/07\/SIMPLY-MORE-Rich-Face-Cream.jpg","type":"image\/jpeg"}],"twitter_card":"summary_large_image","twitter_misc":{"Gesch\u00e4tzte Lesezeit":"7\u00a0Minuten"},"schema":{"@context":"https:\/\/schema.org","@graph":[{"@type":["WebPage","ItemPage"],"@id":"https:\/\/www.alternatievemiddelen.nl\/producten\/simply-more-rich-face-cream\/","url":"https:\/\/www.alternatievemiddelen.nl\/producten\/simply-more-rich-face-cream\/","name":"SIMPLY MORE Rich Face Cream 50ml - Alternatievemiddelen.nl","isPartOf":{"@id":"https:\/\/www.alternatievemiddelen.nl\/#website"},"primaryImageOfPage":{"@id":"https:\/\/www.alternatievemiddelen.nl\/producten\/simply-more-rich-face-cream\/#primaryimage"},"image":{"@id":"https:\/\/www.alternatievemiddelen.nl\/producten\/simply-more-rich-face-cream\/#primaryimage"},"thumbnailUrl":"https:\/\/www.alternatievemiddelen.nl\/wp-content\/uploads\/2025\/07\/SIMPLY-MORE-Rich-Face-Cream.jpg","datePublished":"2025-07-06T06:53:33+00:00","dateModified":"2025-12-15T09:22:56+00:00","description":"De SIMPLY MORE Rich Face Cream heeft 100% natuurlijke oorsprong en herstelt perfect de hydrolipidenbarri\u00e8re en regenereert de huid vanaf het eerste gebruik.","breadcrumb":{"@id":"https:\/\/www.alternatievemiddelen.nl\/producten\/simply-more-rich-face-cream\/#breadcrumb"},"inLanguage":"de","potentialAction":[{"@type":"ReadAction","target":["https:\/\/www.alternatievemiddelen.nl\/producten\/simply-more-rich-face-cream\/"]}]},{"@type":"ImageObject","inLanguage":"de","@id":"https:\/\/www.alternatievemiddelen.nl\/producten\/simply-more-rich-face-cream\/#primaryimage","url":"https:\/\/www.alternatievemiddelen.nl\/wp-content\/uploads\/2025\/07\/SIMPLY-MORE-Rich-Face-Cream.jpg","contentUrl":"https:\/\/www.alternatievemiddelen.nl\/wp-content\/uploads\/2025\/07\/SIMPLY-MORE-Rich-Face-Cream.jpg","width":600,"height":800,"caption":"SIMPLY MORE Rich Face Cream"},{"@type":"BreadcrumbList","@id":"https:\/\/www.alternatievemiddelen.nl\/producten\/simply-more-rich-face-cream\/#breadcrumb","itemListElement":[{"@type":"ListItem","position":1,"name":"Home","item":"https:\/\/www.alternatievemiddelen.nl\/"},{"@type":"ListItem","position":2,"name":"Producten","item":"https:\/\/www.alternatievemiddelen.nl\/producten\/"},{"@type":"ListItem","position":3,"name":"SIMPLY MORE Rich Face Cream 50ml"}]},{"@type":"WebSite","@id":"https:\/\/www.alternatievemiddelen.nl\/#website","url":"https:\/\/www.alternatievemiddelen.nl\/","name":"Alternatievemiddelen.nl","description":"Webshop met gezonde, duurzame en ecologische alternatieve mogelijkheden in de hedendaagse levenstijl. Alles uit eigen ervaring.","publisher":{"@id":"https:\/\/www.alternatievemiddelen.nl\/#organization"},"potentialAction":[{"@type":"SearchAction","target":{"@type":"EntryPoint","urlTemplate":"https:\/\/www.alternatievemiddelen.nl\/?s={search_term_string}"},"query-input":{"@type":"PropertyValueSpecification","valueRequired":true,"valueName":"search_term_string"}}],"inLanguage":"de"},{"@type":"Organization","@id":"https:\/\/www.alternatievemiddelen.nl\/#organization","name":"Alternatievemiddelen.nl","url":"https:\/\/www.alternatievemiddelen.nl\/","logo":{"@type":"ImageObject","inLanguage":"de","@id":"https:\/\/www.alternatievemiddelen.nl\/#\/schema\/logo\/image\/","url":"https:\/\/www.alternatievemiddelen.nl\/wp-content\/uploads\/2023\/10\/alternatievemiddelen-PNG-logo.png","contentUrl":"https:\/\/www.alternatievemiddelen.nl\/wp-content\/uploads\/2023\/10\/alternatievemiddelen-PNG-logo.png","width":6400,"height":3062,"caption":"Alternatievemiddelen.nl"},"image":{"@id":"https:\/\/www.alternatievemiddelen.nl\/#\/schema\/logo\/image\/"}}]}},"_links":{"self":[{"href":"https:\/\/www.alternatievemiddelen.nl\/de\/wp-json\/wp\/v2\/product\/48426","targetHints":{"allow":["GET"]}}],"collection":[{"href":"https:\/\/www.alternatievemiddelen.nl\/de\/wp-json\/wp\/v2\/product"}],"about":[{"href":"https:\/\/www.alternatievemiddelen.nl\/de\/wp-json\/wp\/v2\/types\/product"}],"replies":[{"embeddable":true,"href":"https:\/\/www.alternatievemiddelen.nl\/de\/wp-json\/wp\/v2\/comments?post=48426"}],"wp:featuredmedia":[{"embeddable":true,"href":"https:\/\/www.alternatievemiddelen.nl\/de\/wp-json\/wp\/v2\/media\/48433"}],"wp:attachment":[{"href":"https:\/\/www.alternatievemiddelen.nl\/de\/wp-json\/wp\/v2\/media?parent=48426"}],"wp:term":[{"taxonomy":"product_brand","embeddable":true,"href":"https:\/\/www.alternatievemiddelen.nl\/de\/wp-json\/wp\/v2\/product_brand?post=48426"},{"taxonomy":"product_cat","embeddable":true,"href":"https:\/\/www.alternatievemiddelen.nl\/de\/wp-json\/wp\/v2\/product_cat?post=48426"},{"taxonomy":"product_tag","embeddable":true,"href":"https:\/\/www.alternatievemiddelen.nl\/de\/wp-json\/wp\/v2\/product_tag?post=48426"},{"taxonomy":"merk","embeddable":true,"href":"https:\/\/www.alternatievemiddelen.nl\/de\/wp-json\/wp\/v2\/merk?post=48426"}],"curies":[{"name":"wp","href":"https:\/\/api.w.org\/{rel}","templated":true}]}}