{"id":48434,"date":"2025-07-06T09:12:03","date_gmt":"2025-07-06T07:12:03","guid":{"rendered":"https:\/\/www.alternatievemiddelen.nl\/?post_type=product&#038;p=48434"},"modified":"2025-12-15T10:23:27","modified_gmt":"2025-12-15T09:23:27","slug":"simply-more-zombie-serum-anti-aging-serum","status":"publish","type":"product","link":"https:\/\/www.alternatievemiddelen.nl\/de\/produkte\/einfach-mehr-zombie-serum-anti-aging-serum\/","title":{"rendered":"SIMPLY MORE Zombie Serum (Anti-Aging-Serum) 30ml"},"content":{"rendered":"<p>SIMPLY MORE Zombie Serum - ein revolution\u00e4res Gesichtsserum mit einem bahnbrechenden Wirkstoff, der alternde Zellen aus der Epidermis entfernt, so genannte <b>\"Zombie\"-Zellen<\/b>. Das sind Zellen, die sich nicht mehr teilen und regenerieren k\u00f6nnen. Sie k\u00f6nnen Entz\u00fcndungen verursachen und den Alterungsprozess der Haut beschleunigen.<\/p>\n<p>Das Serum verlangsamt den Alterungsprozess und reduziert die Anzeichen von Hautm\u00fcdigkeit. Es gibt der Haut ein <b>F\u00fcllwirkung<\/b> und l\u00e4sst die Haut <b>erfrischt<\/b> und <b>ausgestattet<\/b> zur\u00fcck. Au\u00dferdem mindert es R\u00f6tungen und unterst\u00fctzt regenerative und sch\u00fctzende Prozesse.<\/p>\n<p>EINFACH MEHR <b>Zombie-Serum<\/b> ist eine <b>100% nat\u00fcrliches Emulsionsserum<\/b> mit einer <b>einh\u00fcllend<\/b> Konsistenz. Enth\u00e4lt:<\/p>\n<ul>\n<li><b>Schweizer Alpenrosen-Extrakt<\/b> - ein innovatives Extrakt, das <b>\"Zombie\"-Zellen<\/b> beseitigt und verj\u00fcngt die tiefen Schichten der Epidermis,<\/li>\n<li><b>Ectoine<\/b> - sch\u00fctzt die Haut vor \u00e4u\u00dferen Einfl\u00fcssen und unterst\u00fctzt Regenerationsprozesse,<\/li>\n<li><b>Schneepilzextrakt<\/b> - eine nat\u00fcrliche Entsprechung von <b>Hyalurons\u00e4ure<\/b>die Feuchtigkeit spendet und die Haut gl\u00e4ttet,<\/li>\n<li><b>Inositol<\/b> - ein <b>upgecycelt<\/b> Rohstoff aus Finnland, der bei der R\u00fcbenverarbeitung gewonnen wird und die Symptome von Hauterm\u00fcdung bek\u00e4mpft und die Elastizit\u00e4t der Haut verbessert.<\/li>\n<\/ul>\n<p><img decoding=\"async\" src=\"\/wp-content\/uploads\/2025\/07\/SIMPLY-MORE-keurmerken-300x78.jpg\" alt=\"SIMPLY MORE Etiketten\" width=\"300\" height=\"78\" class=\"size-medium wp-image-48623\" srcset=\"https:\/\/www.alternatievemiddelen.nl\/wp-content\/uploads\/2025\/07\/SIMPLY-MORE-keurmerken-300x78.jpg 300w, https:\/\/www.alternatievemiddelen.nl\/wp-content\/uploads\/2025\/07\/SIMPLY-MORE-keurmerken-18x5.jpg 18w, https:\/\/www.alternatievemiddelen.nl\/wp-content\/uploads\/2025\/07\/SIMPLY-MORE-keurmerken.jpg 441w\" sizes=\"(max-width: 300px) 100vw, 300px\" \/><br \/>\n&nbsp;<\/p>\n<h3>WAS BEWIRKT DAS ZOMBIE-SERUM SIMPLY MORE?<\/h3>\n<p><b><u>SICHTBARE VERJ\u00dcNGUNG AUF SANFTE WEISE:<\/b><\/u><\/p>\n<p>1. Entfernt \"Zombie\"-Zellen* aus der Epidermis und macht die Haut j\u00fcnger, praller und ausgeruhter<br \/>\n2. Strafft und hellt die Haut dank der Schneepilz-Extrakt Inhalt (ein nat\u00fcrliches \u00c4quivalent von Hyalurons\u00e4ure)<br \/>\n3. Sch\u00fctzt und bewahrt die Haut vor \u00e4u\u00dferen Einfl\u00fcssen und unterst\u00fctzt Regenerationsprozesse dank seines Ectoin-Gehalts<br \/>\nZombie Serum strafft, hydratisiert und polstert die Haut bereits nach der ersten Anwendung sichtbar auf. Es stimuliert die Hautregeneration und hat Anti-Aging-Effekte auf zellul\u00e4rer Ebene. Verleiht der Haut nach nur 4 Wochen ein sichtbar j\u00fcngeres, glatteres und ausgeruhteres Aussehen.<\/p>\n<p><i>* Zombie\"-Zellen sind Zellen, die sich nicht mehr teilen und den Alterungsprozess der Haut beschleunigen und Entz\u00fcndungen verursachen k\u00f6nnen.<\/i><br \/>\n&nbsp;<\/p>\n<h3>WAS MACHT DIESES PRODUKT EINZIGARTIG?<\/h3>\n<ul>\n<li><b>100% nat\u00fcrlicher Ursprung<\/b> (nicht 98%, nicht 99% - wirklich 100%!)<\/li>\n<li><b>Konsistenz<\/b>: wie eine Wolke! Zart und emulgierend, umh\u00fcllt angenehm die Haut und zieht schnell ein (hinterl\u00e4sst keinen klebrigen oder schweren Effekt)<\/li>\n<li><b>Innovativer Alpenrosen-Extrakt<\/b> das die alternden \"Zombie\"-Zellen aus der Epidermis entfernt<\/li>\n<li><b>Verleiht der Haut ein sichtbar j\u00fcngeres und ausgeruhteres Aussehen<\/b><\/li>\n<li><b>Geruchsfrei<\/b> (geeignet f\u00fcr zu Allergien neigende Haut)<\/li>\n<\/ul>\n<p>&nbsp;<\/p>\n<h3>F\u00dcR WEN?<\/h3>\n<p>Dieses Serum ist geeignet f\u00fcr:<\/p>\n<ul>\n<li>Trockene und sehr trockene Haut<\/li>\n<li>Gemischte Haut<\/li>\n<li>Fettige Haut<\/li>\n<li>Zu Allergien neigende Haut<\/li>\n<li>Problemhaut<\/li>\n<li>Haut mit Akne<\/li>\n<li>Haut mit atopischer Dermatitis<\/li>\n<li>Haut mit gesch\u00e4digter Hydro-Lipid-Barriere<\/li>\n<\/ul>\n<p>&nbsp;<br \/>\n<b>Eine perfekte Slow-Aging-Injektion\" f\u00fcr m\u00fcde, reife Haut.<\/b><\/p>\n<p>Das Produkt wurde an empfindlicher und allergiegef\u00e4hrdeter Haut getestet.<\/p>\n<p>Sicher f\u00fcr schwangere und stillende Frauen.<br \/>\n&nbsp;<\/p>\n<h3>INHALTSSTOFFE UND ERKL\u00c4RUNGEN<\/h3>\n<p><b>INCI<\/b>: Aqua, Pentylene Glycol, Polyglyceryl-6 Stearate, Lauryl Oleate, Tripelargonin, Squalane, Isoamyl Laurate, Glycerin, Ectoine, Inositol, Tremella Fuciformis Sporocarp Extract, Rhododendron Ferrugineum Extract, Tocopherol, Polyglyceryl-6 Behenate, Xanthan Gum, Helianthus Annuus Seed Oil<\/p>\n<p><b>Aqua<\/b> - Wasser; schlie\u00dflich bestehen wir aus 60% Wasser.<br \/>\n<b>Pentylenglykol<\/b> - Nat\u00fcrliches Feuchthaltemittel - eine Substanz, die Wasser in der Haut speichert. Wird aus Zuckerrohr gewonnen. Sorgt f\u00fcr samtweiche Haut und erh\u00f6ht die Wirksamkeit anderer Inhaltsstoffe. Wirkung: antimikrobiell, erweichend.<br \/>\n<b>Polyglyceryl-6-Stearat<\/b> - Ein nat\u00fcrlicher Emulgator pflanzlichen Ursprungs oder ein Stoff, der eine Serum-Emulsion bildet. Wird aus Raps\u00f6l und Fetts\u00e4uren aus Kokosnuss\u00f6l gewonnen. Stabilisiert die Serummasse und macht die Haut geschmeidig.<br \/>\n<b>Lauryloleat<\/b> - Ein nat\u00fcrliches Emollient der neuen Generation pflanzlichen Ursprungs. Wirkung: Erweicht und gl\u00e4ttet die Haut.<br \/>\n<b>Tripelargonin<\/b> - Ein zartes Emolliens aus Mariendistel. Spendet Feuchtigkeit und lindert Reizungen. Wirkt erweichend und verbessert die Elastizit\u00e4t der Haut. Vertr\u00e4glich mit der Mikrobiota der Haut.<br \/>\n<b>Squalan<\/b> - Aus Oliven\u00f6l gewonnenes \u00d6l. Einzigartig, weil es nat\u00fcrlich in unserem Talg, der sch\u00fctzenden Fettschicht der Haut, vorkommt. Es versiegelt die Hydro-Lipid-Barriere und verhindert den Wasserverlust. Als Antioxidans, \u00e4hnlich wie die Vitamine C und D, sch\u00fctzt es unsere Lipide (Fettzellen) vor Oxidation. Wirkung: Verbesserung der Struktur des Lipidmantels der Haut. Wirkung: entz\u00fcndungshemmend, pflegend, wasserbindend.<br \/>\n<b>Isoamyl-Laurat<\/b> - Ein nat\u00fcrliches Emolliens, ein Feuchtigkeits- und Weichmacher aus Weizensamen und Kokosnuss\u00f6l. Es schafft eine \"okklusive Bandage\", oder sch\u00fctzt vor Wasserverlust aus der Epidermis. Hergestellt in Deutschland, und der Herstellungsprozess wird 100% mit erneuerbarer Energie betrieben.<br \/>\n<b>Glyzerin<\/b> - Hat eine breite Palette von pflegenden Wirkungen, ist ein ausgezeichnetes Feuchthaltemittel. Erleichtert die Aufnahme von anderen Substanzen in die Haut.<br \/>\n<b>Ectoine<\/b> - Sch\u00fctzt die Haut vor \u00e4u\u00dferen Einfl\u00fcssen, Allergenen und Mikroorganismen und unterst\u00fctzt Regenerationsprozesse.<br \/>\n<b>Inositol<\/b> - Ein upgecycelter Rohstoff aus Finnland, der bei der Verarbeitung von Roter Bete entsteht. Hilft, Anzeichen von Hauterm\u00fcdung zu bek\u00e4mpfen und verbessert die Elastizit\u00e4t.<br \/>\n<b>Tremella fuciformis Sporokarp-Extrakt<\/b> - Schneepilzextrakt. Ein nat\u00fcrliches \u00c4quivalent der Hyalurons\u00e4ure, die eine einzigartige F\u00e4higkeit zur Wasserbindung besitzt. Spendet Feuchtigkeit und macht die Haut geschmeidig.<br \/>\n<b>Auszug aus Rhododendron ferrugineum<\/b> - Alpenrosen-Extrakt. Innovativer Extrakt der Schweizer Alpenrose. Beseitigt alternde \"Zombie\"-Zellen, verlangsamt den Alterungsprozess und verj\u00fcngt die tieferen Schichten der Epidermis.<br \/>\n<b>Tocopherol<\/b> - Einfach Vitamin E oder das Vitamin der Jugend. Wirkung: verlangsamt die Hautalterung, macht die Haut elastischer.<br \/>\n<b>Polyglyceryl-6 Behenat<\/b> - Ein nat\u00fcrlicher Emulgator pflanzlichen Ursprungs. Stabilisiert die Serummasse und befeuchtet die Haut.<br \/>\n<b>Xanthangummi<\/b> - ein Verdickungsmittel nat\u00fcrlichen Ursprungs. Wirkung: feuchtigkeitsspendend und erweichend.<br \/>\n<b>Helianthus Annuus-Samen\u00f6l<\/b> - Sonnenblumenkern\u00f6l. Spendet Feuchtigkeit und sch\u00fctzt.<br \/>\n&nbsp;<\/p>\n<h3>WIE WIRD DAS ZOMBIE-SERUM SIMPLY MORE VERWENDET?<\/h3>\n<p>Jeden Morgen und\/oder Abend auftragen <b>2-4 Tropfen<\/b> Serum auf die gereinigte Haut von Gesicht, Hals und Dekollet\u00e9 auftragen. Sanft in kreisenden Bewegungen einmassieren. Anschlie\u00dfend eine Feuchtigkeitscreme auftragen.<\/p>\n<p>In der <b>morgendliche Routine<\/b> Wir empfehlen, das Serum nach dem Waschen des Gesichts mit einer Emulsion zu verwenden und dann die Feuchtigkeitscreme Face Cream aufzutragen.<\/p>\n<p>In der <b>Abendroutine<\/b> Tragen Sie das Serum nach der Reinigung des Gesichts auf und vervollst\u00e4ndigen Sie die Pflege mit der regenerierenden Rich Face Cream.<\/p>\n<p>F\u00fcr beste Ergebnisse, <b>Mindestens 4 Wochen lang anwenden.<\/b><br \/>\n&nbsp;<\/p>\n<h3>VERPACKUNG<\/h3>\n<p>Inhalt: 30ml<\/p>\n<p>Das SIMPLY MORE Zombie Serum wird in einer Glasflasche mit Pipette f\u00fcr <b>pr\u00e4zise und sichere Anwendung<\/b>.<\/p>\n<ul>\n<li>Die Verpackung ist vollst\u00e4ndig recycelbar<\/li>\n<li>Das Etikett ist auf recyceltem Material gedruckt<\/li>\n<li>Die Box wird in Polen aus FSC\u00ae-zertifiziertem Papier aus nachhaltig bewirtschafteten W\u00e4ldern hergestellt.<\/li>\n<\/ul>","protected":false},"excerpt":{"rendered":"<p>SIMPLY MORE Zombie Serum ist ein revolution\u00e4res Gesichtsserum mit einem Wirkstoff, der alternde Zellen (\"Zombie\"-Zellen) aus der Epidermis entfernt.<\/p>\n<p>Profitieren Sie von Mengenrabatten oder setzen Sie <a href=\"https:\/\/www.alternatievemiddelen.nl\/de\/produkte\/simply-more-hautpflege-geschenkset\/\">hier<\/a> Stellen Sie Ihr eigenes SIMPLY MORE Produktpaket zusammen und profitieren Sie von Rabatten.<\/p>","protected":false},"featured_media":48441,"comment_status":"open","ping_status":"closed","template":"","meta":[],"product_brand":[],"product_cat":[2945,3730],"product_tag":[3736,3746,3735,3737,3732,3745,3748,3747],"merk":[3729],"class_list":{"0":"post-48434","1":"product","2":"type-product","3":"status-publish","4":"has-post-thumbnail","6":"product_cat-natuurlijke-verzorging","7":"product_cat-simply-more-huidverzorging","8":"product_tag-100-natuurlijk","9":"product_tag-anti-aging-serum","10":"product_tag-huidverzorging","11":"product_tag-natuurlijke-ingredienten","12":"product_tag-simply-more","13":"product_tag-simply-more-zombie-serum-anti-aging-serum","14":"product_tag-zombie-serum","15":"product_tag-zombie-serum-anti-aging-serum","16":"merk-simply-more","18":"first","19":"instock","20":"taxable","21":"shipping-taxable","22":"purchasable","23":"product-type-simple"},"bundled_by":["48629"],"bundle_stock_status":"instock","bundle_stock_quantity":null,"bundle_virtual":false,"bundle_layout":"","bundle_add_to_cart_form_location":"","bundle_editable_in_cart":false,"bundle_sold_individually_context":"","bundle_item_grouping":"","bundle_min_size":"","bundle_max_size":"","bundle_price":[],"bundled_items":[],"bundle_sell_ids":[44176,48413,48426,48400,48421],"yoast_head":"<!-- This site is optimized with the Yoast SEO plugin v26.1 - https:\/\/yoast.com\/wordpress\/plugins\/seo\/ -->\n<title>SIMPLY MORE Zombie Serum (anti-aging serum) 30ml - Alternatievemiddelen.nl<\/title>\n<meta name=\"description\" content=\"SIMPLY MORE Zombie Serum is een revolutionair gezichtserum met een ingredi\u00ebnt dat verouderende cellen (&quot;zombie&quot; cellen) uit de opperhuid verwijdert.\" \/>\n<meta name=\"robots\" content=\"index, follow, max-snippet:-1, max-image-preview:large, max-video-preview:-1\" \/>\n<link rel=\"canonical\" href=\"https:\/\/www.alternatievemiddelen.nl\/de\/wp-json\/wp\/v2\/product\/48434\" \/>\n<meta property=\"og:locale\" content=\"de_DE\" \/>\n<meta property=\"og:type\" content=\"article\" \/>\n<meta property=\"og:title\" content=\"SIMPLY MORE Zombie Serum (anti-aging serum) 30ml - Alternatievemiddelen.nl\" \/>\n<meta property=\"og:description\" content=\"SIMPLY MORE Zombie Serum is een revolutionair gezichtserum met een ingredi\u00ebnt dat verouderende cellen (&quot;zombie&quot; cellen) uit de opperhuid verwijdert.\" \/>\n<meta property=\"og:url\" content=\"https:\/\/www.alternatievemiddelen.nl\/de\/produkte\/einfach-mehr-zombie-serum-anti-aging-serum\/\" \/>\n<meta property=\"og:site_name\" content=\"Alternatievemiddelen.nl\" \/>\n<meta property=\"article:modified_time\" content=\"2025-12-15T09:23:27+00:00\" \/>\n<meta property=\"og:image\" content=\"\/wp-content\/uploads\/2025\/07\/SIMPLY-MORE-Zombie-Serum-anti-aging-serum.jpg\" \/>\n\t<meta property=\"og:image:width\" content=\"600\" \/>\n\t<meta property=\"og:image:height\" content=\"800\" \/>\n\t<meta property=\"og:image:type\" content=\"image\/jpeg\" \/>\n<meta name=\"twitter:card\" content=\"summary_large_image\" \/>\n<meta name=\"twitter:label1\" content=\"Gesch\u00e4tzte Lesezeit\" \/>\n\t<meta name=\"twitter:data1\" content=\"6\u00a0Minuten\" \/>\n<script type=\"application\/ld+json\" class=\"yoast-schema-graph\">{\"@context\":\"https:\/\/schema.org\",\"@graph\":[{\"@type\":[\"WebPage\",\"ItemPage\"],\"@id\":\"https:\/\/www.alternatievemiddelen.nl\/producten\/simply-more-zombie-serum-anti-aging-serum\/\",\"url\":\"https:\/\/www.alternatievemiddelen.nl\/producten\/simply-more-zombie-serum-anti-aging-serum\/\",\"name\":\"SIMPLY MORE Zombie Serum (anti-aging serum) 30ml - Alternatievemiddelen.nl\",\"isPartOf\":{\"@id\":\"https:\/\/www.alternatievemiddelen.nl\/#website\"},\"primaryImageOfPage\":{\"@id\":\"https:\/\/www.alternatievemiddelen.nl\/producten\/simply-more-zombie-serum-anti-aging-serum\/#primaryimage\"},\"image\":{\"@id\":\"https:\/\/www.alternatievemiddelen.nl\/producten\/simply-more-zombie-serum-anti-aging-serum\/#primaryimage\"},\"thumbnailUrl\":\"https:\/\/www.alternatievemiddelen.nl\/wp-content\/uploads\/2025\/07\/SIMPLY-MORE-Zombie-Serum-anti-aging-serum.jpg\",\"datePublished\":\"2025-07-06T07:12:03+00:00\",\"dateModified\":\"2025-12-15T09:23:27+00:00\",\"description\":\"SIMPLY MORE Zombie Serum is een revolutionair gezichtserum met een ingredi\u00ebnt dat verouderende cellen (\\\"zombie\\\" cellen) uit de opperhuid verwijdert.\",\"breadcrumb\":{\"@id\":\"https:\/\/www.alternatievemiddelen.nl\/producten\/simply-more-zombie-serum-anti-aging-serum\/#breadcrumb\"},\"inLanguage\":\"de\",\"potentialAction\":[{\"@type\":\"ReadAction\",\"target\":[\"https:\/\/www.alternatievemiddelen.nl\/producten\/simply-more-zombie-serum-anti-aging-serum\/\"]}]},{\"@type\":\"ImageObject\",\"inLanguage\":\"de\",\"@id\":\"https:\/\/www.alternatievemiddelen.nl\/producten\/simply-more-zombie-serum-anti-aging-serum\/#primaryimage\",\"url\":\"https:\/\/www.alternatievemiddelen.nl\/wp-content\/uploads\/2025\/07\/SIMPLY-MORE-Zombie-Serum-anti-aging-serum.jpg\",\"contentUrl\":\"https:\/\/www.alternatievemiddelen.nl\/wp-content\/uploads\/2025\/07\/SIMPLY-MORE-Zombie-Serum-anti-aging-serum.jpg\",\"width\":600,\"height\":800,\"caption\":\"SIMPLY MORE Zombie Serum anti-aging serum\"},{\"@type\":\"BreadcrumbList\",\"@id\":\"https:\/\/www.alternatievemiddelen.nl\/producten\/simply-more-zombie-serum-anti-aging-serum\/#breadcrumb\",\"itemListElement\":[{\"@type\":\"ListItem\",\"position\":1,\"name\":\"Home\",\"item\":\"https:\/\/www.alternatievemiddelen.nl\/\"},{\"@type\":\"ListItem\",\"position\":2,\"name\":\"Producten\",\"item\":\"https:\/\/www.alternatievemiddelen.nl\/producten\/\"},{\"@type\":\"ListItem\",\"position\":3,\"name\":\"SIMPLY MORE Zombie Serum (anti-aging serum) 30ml\"}]},{\"@type\":\"WebSite\",\"@id\":\"https:\/\/www.alternatievemiddelen.nl\/#website\",\"url\":\"https:\/\/www.alternatievemiddelen.nl\/\",\"name\":\"Alternatievemiddelen.nl\",\"description\":\"Webshop met gezonde, duurzame en ecologische alternatieve mogelijkheden in de hedendaagse levenstijl. Alles uit eigen ervaring.\",\"publisher\":{\"@id\":\"https:\/\/www.alternatievemiddelen.nl\/#organization\"},\"potentialAction\":[{\"@type\":\"SearchAction\",\"target\":{\"@type\":\"EntryPoint\",\"urlTemplate\":\"https:\/\/www.alternatievemiddelen.nl\/?s={search_term_string}\"},\"query-input\":{\"@type\":\"PropertyValueSpecification\",\"valueRequired\":true,\"valueName\":\"search_term_string\"}}],\"inLanguage\":\"de\"},{\"@type\":\"Organization\",\"@id\":\"https:\/\/www.alternatievemiddelen.nl\/#organization\",\"name\":\"Alternatievemiddelen.nl\",\"url\":\"https:\/\/www.alternatievemiddelen.nl\/\",\"logo\":{\"@type\":\"ImageObject\",\"inLanguage\":\"de\",\"@id\":\"https:\/\/www.alternatievemiddelen.nl\/#\/schema\/logo\/image\/\",\"url\":\"https:\/\/www.alternatievemiddelen.nl\/wp-content\/uploads\/2023\/10\/alternatievemiddelen-PNG-logo.png\",\"contentUrl\":\"https:\/\/www.alternatievemiddelen.nl\/wp-content\/uploads\/2023\/10\/alternatievemiddelen-PNG-logo.png\",\"width\":6400,\"height\":3062,\"caption\":\"Alternatievemiddelen.nl\"},\"image\":{\"@id\":\"https:\/\/www.alternatievemiddelen.nl\/#\/schema\/logo\/image\/\"}}]}<\/script>\n<!-- \/ Yoast SEO plugin. -->","yoast_head_json":{"title":"SIMPLY MORE Zombie Serum (anti-aging serum) 30ml - Alternatievemiddelen.nl","description":"SIMPLY MORE Zombie Serum is een revolutionair gezichtserum met een ingredi\u00ebnt dat verouderende cellen (\"zombie\" cellen) uit de opperhuid verwijdert.","robots":{"index":"index","follow":"follow","max-snippet":"max-snippet:-1","max-image-preview":"max-image-preview:large","max-video-preview":"max-video-preview:-1"},"canonical":"https:\/\/www.alternatievemiddelen.nl\/de\/wp-json\/wp\/v2\/product\/48434","og_locale":"de_DE","og_type":"article","og_title":"SIMPLY MORE Zombie Serum (anti-aging serum) 30ml - Alternatievemiddelen.nl","og_description":"SIMPLY MORE Zombie Serum is een revolutionair gezichtserum met een ingredi\u00ebnt dat verouderende cellen (\"zombie\" cellen) uit de opperhuid verwijdert.","og_url":"https:\/\/www.alternatievemiddelen.nl\/de\/produkte\/einfach-mehr-zombie-serum-anti-aging-serum\/","og_site_name":"Alternatievemiddelen.nl","article_modified_time":"2025-12-15T09:23:27+00:00","og_image":[{"width":600,"height":800,"url":"\/wp-content\/uploads\/2025\/07\/SIMPLY-MORE-Zombie-Serum-anti-aging-serum.jpg","type":"image\/jpeg"}],"twitter_card":"summary_large_image","twitter_misc":{"Gesch\u00e4tzte Lesezeit":"6\u00a0Minuten"},"schema":{"@context":"https:\/\/schema.org","@graph":[{"@type":["WebPage","ItemPage"],"@id":"https:\/\/www.alternatievemiddelen.nl\/producten\/simply-more-zombie-serum-anti-aging-serum\/","url":"https:\/\/www.alternatievemiddelen.nl\/producten\/simply-more-zombie-serum-anti-aging-serum\/","name":"SIMPLY MORE Zombie Serum (anti-aging serum) 30ml - Alternatievemiddelen.nl","isPartOf":{"@id":"https:\/\/www.alternatievemiddelen.nl\/#website"},"primaryImageOfPage":{"@id":"https:\/\/www.alternatievemiddelen.nl\/producten\/simply-more-zombie-serum-anti-aging-serum\/#primaryimage"},"image":{"@id":"https:\/\/www.alternatievemiddelen.nl\/producten\/simply-more-zombie-serum-anti-aging-serum\/#primaryimage"},"thumbnailUrl":"https:\/\/www.alternatievemiddelen.nl\/wp-content\/uploads\/2025\/07\/SIMPLY-MORE-Zombie-Serum-anti-aging-serum.jpg","datePublished":"2025-07-06T07:12:03+00:00","dateModified":"2025-12-15T09:23:27+00:00","description":"SIMPLY MORE Zombie Serum is een revolutionair gezichtserum met een ingredi\u00ebnt dat verouderende cellen (\"zombie\" cellen) uit de opperhuid verwijdert.","breadcrumb":{"@id":"https:\/\/www.alternatievemiddelen.nl\/producten\/simply-more-zombie-serum-anti-aging-serum\/#breadcrumb"},"inLanguage":"de","potentialAction":[{"@type":"ReadAction","target":["https:\/\/www.alternatievemiddelen.nl\/producten\/simply-more-zombie-serum-anti-aging-serum\/"]}]},{"@type":"ImageObject","inLanguage":"de","@id":"https:\/\/www.alternatievemiddelen.nl\/producten\/simply-more-zombie-serum-anti-aging-serum\/#primaryimage","url":"https:\/\/www.alternatievemiddelen.nl\/wp-content\/uploads\/2025\/07\/SIMPLY-MORE-Zombie-Serum-anti-aging-serum.jpg","contentUrl":"https:\/\/www.alternatievemiddelen.nl\/wp-content\/uploads\/2025\/07\/SIMPLY-MORE-Zombie-Serum-anti-aging-serum.jpg","width":600,"height":800,"caption":"SIMPLY MORE Zombie Serum anti-aging serum"},{"@type":"BreadcrumbList","@id":"https:\/\/www.alternatievemiddelen.nl\/producten\/simply-more-zombie-serum-anti-aging-serum\/#breadcrumb","itemListElement":[{"@type":"ListItem","position":1,"name":"Home","item":"https:\/\/www.alternatievemiddelen.nl\/"},{"@type":"ListItem","position":2,"name":"Producten","item":"https:\/\/www.alternatievemiddelen.nl\/producten\/"},{"@type":"ListItem","position":3,"name":"SIMPLY MORE Zombie Serum (anti-aging serum) 30ml"}]},{"@type":"WebSite","@id":"https:\/\/www.alternatievemiddelen.nl\/#website","url":"https:\/\/www.alternatievemiddelen.nl\/","name":"Alternatievemiddelen.nl","description":"Webshop met gezonde, duurzame en ecologische alternatieve mogelijkheden in de hedendaagse levenstijl. Alles uit eigen ervaring.","publisher":{"@id":"https:\/\/www.alternatievemiddelen.nl\/#organization"},"potentialAction":[{"@type":"SearchAction","target":{"@type":"EntryPoint","urlTemplate":"https:\/\/www.alternatievemiddelen.nl\/?s={search_term_string}"},"query-input":{"@type":"PropertyValueSpecification","valueRequired":true,"valueName":"search_term_string"}}],"inLanguage":"de"},{"@type":"Organization","@id":"https:\/\/www.alternatievemiddelen.nl\/#organization","name":"Alternatievemiddelen.nl","url":"https:\/\/www.alternatievemiddelen.nl\/","logo":{"@type":"ImageObject","inLanguage":"de","@id":"https:\/\/www.alternatievemiddelen.nl\/#\/schema\/logo\/image\/","url":"https:\/\/www.alternatievemiddelen.nl\/wp-content\/uploads\/2023\/10\/alternatievemiddelen-PNG-logo.png","contentUrl":"https:\/\/www.alternatievemiddelen.nl\/wp-content\/uploads\/2023\/10\/alternatievemiddelen-PNG-logo.png","width":6400,"height":3062,"caption":"Alternatievemiddelen.nl"},"image":{"@id":"https:\/\/www.alternatievemiddelen.nl\/#\/schema\/logo\/image\/"}}]}},"_links":{"self":[{"href":"https:\/\/www.alternatievemiddelen.nl\/de\/wp-json\/wp\/v2\/product\/48434","targetHints":{"allow":["GET"]}}],"collection":[{"href":"https:\/\/www.alternatievemiddelen.nl\/de\/wp-json\/wp\/v2\/product"}],"about":[{"href":"https:\/\/www.alternatievemiddelen.nl\/de\/wp-json\/wp\/v2\/types\/product"}],"replies":[{"embeddable":true,"href":"https:\/\/www.alternatievemiddelen.nl\/de\/wp-json\/wp\/v2\/comments?post=48434"}],"wp:featuredmedia":[{"embeddable":true,"href":"https:\/\/www.alternatievemiddelen.nl\/de\/wp-json\/wp\/v2\/media\/48441"}],"wp:attachment":[{"href":"https:\/\/www.alternatievemiddelen.nl\/de\/wp-json\/wp\/v2\/media?parent=48434"}],"wp:term":[{"taxonomy":"product_brand","embeddable":true,"href":"https:\/\/www.alternatievemiddelen.nl\/de\/wp-json\/wp\/v2\/product_brand?post=48434"},{"taxonomy":"product_cat","embeddable":true,"href":"https:\/\/www.alternatievemiddelen.nl\/de\/wp-json\/wp\/v2\/product_cat?post=48434"},{"taxonomy":"product_tag","embeddable":true,"href":"https:\/\/www.alternatievemiddelen.nl\/de\/wp-json\/wp\/v2\/product_tag?post=48434"},{"taxonomy":"merk","embeddable":true,"href":"https:\/\/www.alternatievemiddelen.nl\/de\/wp-json\/wp\/v2\/merk?post=48434"}],"curies":[{"name":"wp","href":"https:\/\/api.w.org\/{rel}","templated":true}]}}