{"id":48629,"date":"2025-08-09T08:45:53","date_gmt":"2025-08-09T06:45:53","guid":{"rendered":"https:\/\/www.alternatievemiddelen.nl\/?post_type=product&#038;p=48629"},"modified":"2025-12-15T10:25:03","modified_gmt":"2025-12-15T09:25:03","slug":"simply-more-huidverzorging-voordeelset","status":"publish","type":"product","link":"https:\/\/www.alternatievemiddelen.nl\/de\/produkte\/simply-more-hautpflege-geschenkset\/","title":{"rendered":"SIMPLY MORE Skincare Schn\u00e4ppchen-Set - stellen Sie Ihr eigenes Paket zusammen und erhalten Sie 10% (ab 2) oder 15% (ab 4) Rabatt"},"content":{"rendered":"<p>SIMPLY MORE Skincare Geschenkset - SIMPLY MORE ist eine Kosmetikmarke, die ganz anders ist als alle anderen. Sie sind einen Schritt weiter gegangen als Clean Beauty und haben Clear Beauty geschaffen - sie sprechen offen und transparent \u00fcber Inhaltsstoffe, Rohstoffe, ihre Wirkung und Herkunft. Sie sind eine Kosmetikmarke, die Sie ermutigt, weniger zu kaufen. Zum Wohle Ihrer Haut, aber auch f\u00fcr unseren Planeten.<\/p>\n<p>Nicht 99%, nicht 98%, sondern Hautpflegeprodukte mit 100% nat\u00fcrlichen Inhaltsstoffen, die aus zertifizierten Rohstoffen h\u00f6chster Qualit\u00e4t stammen.<br \/>\n&nbsp;<\/p>\n<h3>Profitieren Sie vom B\u00fcndelrabatt<\/h3>\n<p>Bestellen Sie jetzt ein B\u00fcndel von SIMPLY MORE Hautpflegeprodukten besonders g\u00fcnstig! <b><u>Ab 2 Produkten erhalten Sie 10% Rabatt, ab 4 Produkten sogar 15% Rabatt.<\/u><\/b> Sie k\u00f6nnen alle SIMPLY MORE Produkte und Nummern kombinieren, also w\u00e4hlen Sie, was Ihnen am besten gef\u00e4llt!<\/p>\n<p>Mit dem Vorteilsset k\u00f6nnen Sie aus den folgenden Produkten w\u00e4hlen:<br \/>\n- <a href=\"https:\/\/www.alternatievemiddelen.nl\/de\/produkte\/einfach-mehr-lippenbalsam\/\">SIMPLY MORE Lippenbalsam 15ml<\/a><br \/>\n- <a href=\"https:\/\/www.alternatievemiddelen.nl\/de\/produkte\/simply-more-gesichtsreinigungsemulsion\/\">SIMPLY MORE Reinigungsemulsion f\u00fcr das Gesicht 150ml<\/a><br \/>\n- <a href=\"https:\/\/www.alternatievemiddelen.nl\/de\/produkte\/einfach-mehr-feuchtigkeitsspendende-gesichtscreme\/\">SIMPLY MORE Hydratisierende Gesichtscreme 50ml<\/a><br \/>\n- <a href=\"https:\/\/www.alternatievemiddelen.nl\/de\/produkte\/einfach-mehr-zombie-serum-anti-aging-serum\/\">SIMPLY MORE Zombie Serum (Anti-Aging-Serum) 30ml<\/a><br \/>\n- <a href=\"https:\/\/www.alternatievemiddelen.nl\/de\/produkte\/einfach-mehr-reichhaltige-gesichtscreme\/\">SIMPLY MORE Reichhaltige Gesichtscreme 50ml<\/a><br \/>\n&nbsp;<\/p>\n<h3>Alle Produkte des SIMPLY MORE Hautpflegesets<\/h3>\n<p>Nachstehend finden Sie weitere Informationen zu den einzelnen SIMPLY MORE Produkten. Noch mehr Informationen (z. B. \u00fcber Inhaltsstoffe, Anwendung usw.) finden Sie auf den Produktseiten.<br \/>\n<img decoding=\"async\" class=\"size-medium wp-image-48623\" src=\"\/wp-content\/uploads\/2025\/07\/SIMPLY-MORE-keurmerken-300x78.jpg\" alt=\"SIMPLY MORE Etiketten\" width=\"300\" height=\"78\" srcset=\"https:\/\/www.alternatievemiddelen.nl\/wp-content\/uploads\/2025\/07\/SIMPLY-MORE-keurmerken-300x78.jpg 300w, https:\/\/www.alternatievemiddelen.nl\/wp-content\/uploads\/2025\/07\/SIMPLY-MORE-keurmerken-18x5.jpg 18w, https:\/\/www.alternatievemiddelen.nl\/wp-content\/uploads\/2025\/07\/SIMPLY-MORE-keurmerken.jpg 441w\" sizes=\"(max-width: 300px) 100vw, 300px\" \/><br \/>\n&nbsp;<br \/>\n<a href=\"https:\/\/www.alternatievemiddelen.nl\/de\/produkte\/einfach-mehr-lippenbalsam\/\"><\/p>\n<h4><b>SIMPLY MORE Lippenbalsam 15ml<\/b><\/h4>\n<p><\/a><br \/>\nSIMPLY MORE Lippenbalsam - <b>100% natur<\/b> Lippenbalsam, der lang anhaltende und intensive <b>Fl\u00fcssigkeitszufuhr<\/b> und <b>Regenerierung<\/b> Angebote. Dank der zus\u00e4tzlichen <b>war<\/b> und <b>Butters<\/b> Der Balsam bildet eine Schutzschicht auf der Oberfl\u00e4che der Lippen und sch\u00fctzt sie vor rauen Witterungsbedingungen.<\/p>\n<p>Der Balsam hat eine unglaubliche <b>angenehme Anwendung<\/b>, ohne das klebrige Gef\u00fchl. Er bleibt l\u00e4nger auf den Lippen als \u00e4hnliche Produkte. Es ist <b>geruchlos<\/b> und <b>klebrig<\/b>und damit perfekt f\u00fcr <b>empfindliche Haut<\/b>. Es hinterl\u00e4sst einen subtilen <b>Glanz<\/b> auf den Lippen zur\u00fcck.<\/p>\n<p>Es enth\u00e4lt nur <b>9 Zutaten<\/b>, einschlie\u00dflich:<\/p>\n<ul>\n<li><b>Heidelbeerwachs<\/b> - n\u00e4hrt tief<\/li>\n<li><b>Sheabutter<\/b> - sch\u00fctzt vor \u00e4u\u00dferen Einfl\u00fcssen<\/li>\n<li><b>Carnaubawachs<\/b> - erweicht die Lippen<\/li>\n<li><b>Squalan<\/b> - spendet lang anhaltende Feuchtigkeit<\/li>\n<li><b>Vitamin E<\/b> - regeneriert<\/li>\n<\/ul>\n<p>&nbsp;<br \/>\n<a href=\"https:\/\/www.alternatievemiddelen.nl\/de\/produkte\/simply-more-gesichtsreinigungsemulsion\/\"><\/p>\n<h4><b>SIMPLY MORE Reinigungsemulsion f\u00fcr das Gesicht 150ml<\/b><\/h4>\n<p><\/a><br \/>\nSIMPLY MORE Reinigungsemulsion f\u00fcr das Gesicht - 100% nat\u00fcrlich <b>Gesichtsreinigungsemulsion<\/b> hergestellt aus <b>10 Zutaten<\/b>. <b>Reinigung<\/b> und <b>Abschminken<\/b> in einer Kosmetik. Unsere sanfte Reinigungsemulsion:<\/p>\n<ul>\n<li>ist <b>ultra-weich<\/b> und <b>geruchlos<\/b>,<\/li>\n<li>hat eine <b>cremig<\/b> und <b>milchig<\/b> Konsistenz,<\/li>\n<li>Reinigt gr\u00fcndlich, ohne die Hydro-Lipid-Barriere zu st\u00f6ren,<\/li>\n<li><b>Hydrate<\/b> beim Waschen - verl\u00e4sst die Haut <b>Samtig<\/b> und <b>erweichen<\/b>,<\/li>\n<li><b>nicht abziehen<\/b> die Haut,<\/li>\n<li>ist perfekt f\u00fcr <b>empfindliche Haut<\/b> und Menschen, die zu Allergien neigen,<\/li>\n<li>st\u00f6rt nicht die nat\u00fcrliche <b>pH-Wert<\/b> der Haut.<\/li>\n<\/ul>\n<p>&nbsp;<br \/>\n<a href=\"https:\/\/www.alternatievemiddelen.nl\/de\/produkte\/einfach-mehr-feuchtigkeitsspendende-gesichtscreme\/\"><\/p>\n<h4><b>SIMPLY MORE Hydratisierende Gesichtscreme 50ml<\/b><\/h4>\n<p><\/a><br \/>\nSIMPLY MORE Feuchtigkeitsspendende Gesichtscreme - 100% nat\u00fcrlich <b>Gesichtscreme<\/b>, hergestellt aus <b>10 Zutaten<\/b>. Ein meistverkauftes Dermo-Kosmetikum, das Ihrer Haut sofort <b>Erleichterung und Ultra-Hydratisierung<\/b> bietet. Diese ultra-feuchtigkeitsspendende Gesichtscreme:<\/p>\n<ul>\n<li>hat eine <b>leicht, geruchlos<\/b> Konsistenz,<\/li>\n<li>sp\u00e4t <b>kein Fettfilm<\/b> hinten,<\/li>\n<li><b>absorbiert schnell<\/b> (funktioniert perfekt unter Make-up),<\/li>\n<li>ist ideal f\u00fcr <b>empfindliche Haut<\/b> und Menschen mit einer <b>Neigung zu Allergien<\/b>.<\/li>\n<\/ul>\n<p>&nbsp;<br \/>\n<a href=\"https:\/\/www.alternatievemiddelen.nl\/de\/produkte\/einfach-mehr-zombie-serum-anti-aging-serum\/\"><\/p>\n<h4><b>SIMPLY MORE Zombie Serum (Anti-Aging-Serum) 30ml<\/b><\/h4>\n<p><\/a><br \/>\nSIMPLY MORE Zombie Serum - ein revolution\u00e4res Gesichtsserum mit einem bahnbrechenden Wirkstoff, der alternde Zellen aus der Epidermis entfernt, so genannte <b>\"Zombie\"-Zellen<\/b>. Das sind Zellen, die sich nicht mehr teilen und regenerieren k\u00f6nnen. Sie k\u00f6nnen Entz\u00fcndungen verursachen und den Alterungsprozess der Haut beschleunigen.<\/p>\n<p>Das Serum verlangsamt den Alterungsprozess und reduziert die Anzeichen von Hautm\u00fcdigkeit. Es gibt der Haut ein <b>F\u00fcllwirkung<\/b> und l\u00e4sst die Haut <b>erfrischt<\/b> und <b>ausgestattet<\/b> zur\u00fcck. Au\u00dferdem mindert es R\u00f6tungen und unterst\u00fctzt regenerative und sch\u00fctzende Prozesse.<\/p>\n<p>EINFACH MEHR <b>Zombie-Serum<\/b> ist eine <b>100% nat\u00fcrliches Emulsionsserum<\/b> mit einer <b>einh\u00fcllend<\/b> Konsistenz. Enth\u00e4lt:<\/p>\n<ul>\n<li><b>Schweizer Alpenrosen-Extrakt<\/b> - ein innovatives Extrakt, das <b>\"Zombie\"-Zellen<\/b> beseitigt und verj\u00fcngt die tiefen Schichten der Epidermis,<\/li>\n<li><b>Ectoine<\/b> - sch\u00fctzt die Haut vor \u00e4u\u00dferen Einfl\u00fcssen und unterst\u00fctzt Regenerationsprozesse,<\/li>\n<li><b>Schneepilzextrakt<\/b> - eine nat\u00fcrliche Entsprechung von <b>Hyalurons\u00e4ure<\/b>die Feuchtigkeit spendet und die Haut gl\u00e4ttet,<\/li>\n<li><b>Inositol<\/b> - ein <b>upgecycelt<\/b> Rohstoff aus Finnland, der bei der R\u00fcbenverarbeitung gewonnen wird und die Symptome von Hauterm\u00fcdung bek\u00e4mpft und die Elastizit\u00e4t der Haut verbessert.<\/li>\n<\/ul>\n<p>&nbsp;<br \/>\n<a href=\"https:\/\/www.alternatievemiddelen.nl\/de\/produkte\/einfach-mehr-reichhaltige-gesichtscreme\/\"><\/p>\n<h4><b>SIMPLY MORE Reichhaltige Gesichtscreme 50ml<\/b><\/h4>\n<p><\/a><br \/>\nSIMPLY MORE Rich Face Cream - das ist eine Creme f\u00fcr besondere Aufgaben. Sie hat einen Ceramid-Komplex hinzugef\u00fcgt und ihre Wirkung mit drei zus\u00e4tzlichen Wirkstoffen verst\u00e4rkt.<\/p>\n<p>Dank der fortschrittlichen Formel, der nat\u00fcrlichen Herkunft von 100% und der innovativen Wirkstoffkombination stellt die Creme die Hydrolipidbarriere perfekt wieder her und regeneriert die Haut schon bei der ersten Anwendung. Es reduziert auch das Auftreten von feinen Linien, so dass die Haut j\u00fcnger und ausgeruhter aussehen.<\/p>\n<p><b>SIMPLY MORE Reichhaltige Gesichtscreme<\/b> ist ein dermokosmetisches Produkt, das Folgendes enth\u00e4lt:<\/p>\n<p>\u2714 <b>Ceramid-Komplex<\/b> - stellt wieder her und regeneriert<br \/>\n\u2714 <b>Probiotika<\/b> - das Gleichgewicht der Mikroflora<br \/>\n\u2714 <b>Rotalgenextrakt<\/b> - spendet intensiv Feuchtigkeit<br \/>\n\u2714 <b>Zucker-Komplex<\/b> - verhindert Feuchtigkeitsverlust<\/p>","protected":false},"excerpt":{"rendered":"<p>SIMPLY MORE Skincare Schn\u00e4ppchen-Set - nicht 99%, nicht 98%, sondern Hautpflegeprodukte mit 100% nat\u00fcrlichen Inhaltsstoffen. Nutzen Sie den Vorteil des B\u00fcndelrabatts!<\/p>\n<p><b>W\u00e4hlen Sie die Produkte und erhalten Sie 10% (ab 2) oder 15% (ab 4) Rabatt:<br \/>\nDer Rabatt wird im Warenkorb verrechnet!<\/b><\/p>","protected":false},"featured_media":49477,"comment_status":"open","ping_status":"closed","template":"","meta":[],"product_brand":[],"product_cat":[2945,3730],"product_tag":[3734,3735,3739,3742,3744,3732,3733,3738,3741,3743,3745,3748,3747],"merk":[3729],"class_list":{"0":"post-48629","1":"product","2":"type-product","3":"status-publish","4":"has-post-thumbnail","6":"product_cat-natuurlijke-verzorging","7":"product_cat-simply-more-huidverzorging","8":"product_tag-gezichtsreinigingsemulsie","9":"product_tag-huidverzorging","10":"product_tag-hydraterende-gezichtscreme","11":"product_tag-lipbalsem","12":"product_tag-rich-face-cream","13":"product_tag-simply-more","14":"product_tag-simply-more-gezichtsreinigingsemulsie","15":"product_tag-simply-more-hydraterende-gezichtscreme","16":"product_tag-simply-more-lipbalsem","17":"product_tag-simply-more-rich-face-cream","18":"product_tag-simply-more-zombie-serum-anti-aging-serum","19":"product_tag-zombie-serum","20":"product_tag-zombie-serum-anti-aging-serum","21":"merk-simply-more","23":"first","24":"instock","25":"taxable","26":"shipping-taxable","27":"purchasable","28":"product-type-bundle"},"bundled_by":[],"bundle_stock_status":"instock","bundle_stock_quantity":"","bundle_virtual":false,"bundle_layout":"tabular","bundle_add_to_cart_form_location":"default","bundle_editable_in_cart":true,"bundle_sold_individually_context":"product","bundle_item_grouping":"parent","bundle_min_size":1,"bundle_max_size":"","bundle_price":{"price":{"min":{"incl_tax":"10.99","excl_tax":"9.08"},"max":{"incl_tax":"","excl_tax":""}},"regular_price":{"min":{"incl_tax":"10.99","excl_tax":"9.08"},"max":{"incl_tax":"","excl_tax":""}}},"bundled_items":[{"bundled_item_id":193,"product_id":48413,"menu_order":0,"quantity_min":0,"quantity_max":"","quantity_default":0,"priced_individually":true,"shipped_individually":false,"override_title":false,"title":"SIMPLY MORE Hydraterende gezichtscr\u00e8me 50ml","override_description":true,"description":"","optional":false,"hide_thumbnail":false,"discount":"","override_variations":false,"allowed_variations":[],"override_default_variation_attributes":false,"default_variation_attributes":[],"single_product_visibility":"visible","cart_visibility":"hidden","order_visibility":"visible","single_product_price_visibility":"visible","cart_price_visibility":"visible","order_price_visibility":"visible","stock_status":"in_stock"},{"bundled_item_id":194,"product_id":48426,"menu_order":1,"quantity_min":0,"quantity_max":"","quantity_default":0,"priced_individually":true,"shipped_individually":false,"override_title":false,"title":"SIMPLY MORE Rich Face Cream 50ml","override_description":true,"description":"","optional":false,"hide_thumbnail":false,"discount":"","override_variations":false,"allowed_variations":[],"override_default_variation_attributes":false,"default_variation_attributes":[],"single_product_visibility":"visible","cart_visibility":"hidden","order_visibility":"visible","single_product_price_visibility":"visible","cart_price_visibility":"visible","order_price_visibility":"visible","stock_status":"in_stock"},{"bundled_item_id":195,"product_id":48400,"menu_order":2,"quantity_min":0,"quantity_max":"","quantity_default":0,"priced_individually":true,"shipped_individually":false,"override_title":false,"title":"SIMPLY MORE Gezichtsreinigingsemulsie 150ml","override_description":true,"description":"","optional":false,"hide_thumbnail":false,"discount":"","override_variations":false,"allowed_variations":[],"override_default_variation_attributes":false,"default_variation_attributes":[],"single_product_visibility":"visible","cart_visibility":"hidden","order_visibility":"visible","single_product_price_visibility":"visible","cart_price_visibility":"visible","order_price_visibility":"visible","stock_status":"in_stock"},{"bundled_item_id":196,"product_id":48421,"menu_order":3,"quantity_min":0,"quantity_max":"","quantity_default":0,"priced_individually":true,"shipped_individually":false,"override_title":false,"title":"SIMPLY MORE Lipbalsem 15ml","override_description":true,"description":"","optional":false,"hide_thumbnail":false,"discount":"","override_variations":false,"allowed_variations":[],"override_default_variation_attributes":false,"default_variation_attributes":[],"single_product_visibility":"visible","cart_visibility":"hidden","order_visibility":"visible","single_product_price_visibility":"visible","cart_price_visibility":"visible","order_price_visibility":"visible","stock_status":"in_stock"},{"bundled_item_id":197,"product_id":48434,"menu_order":4,"quantity_min":0,"quantity_max":"","quantity_default":0,"priced_individually":true,"shipped_individually":false,"override_title":false,"title":"SIMPLY MORE Zombie Serum (anti-aging serum) 30ml","override_description":true,"description":"","optional":false,"hide_thumbnail":false,"discount":"","override_variations":false,"allowed_variations":[],"override_default_variation_attributes":false,"default_variation_attributes":[],"single_product_visibility":"visible","cart_visibility":"hidden","order_visibility":"visible","single_product_price_visibility":"visible","cart_price_visibility":"visible","order_price_visibility":"visible","stock_status":"in_stock"}],"bundle_sell_ids":[],"yoast_head":"<!-- This site is optimized with the Yoast SEO plugin v26.1 - https:\/\/yoast.com\/wordpress\/plugins\/seo\/ -->\n<title>SIMPLY MORE Huidverzorging voordeelset - stel jouw eigen bundel samen en ontvang 10% (vanaf 2) of 15% (vanaf 4) korting - Alternatievemiddelen.nl<\/title>\n<meta name=\"description\" content=\"SIMPLY MORE Huidverzorging voordeelset - niet 99%, niet 98%, maar huidverzorgingsproducten met 100% natuurlijke ingredi\u00ebnten. Profiteer van bundelkorting!\" \/>\n<meta name=\"robots\" content=\"index, follow, max-snippet:-1, max-image-preview:large, max-video-preview:-1\" \/>\n<link rel=\"canonical\" href=\"https:\/\/www.alternatievemiddelen.nl\/de\/wp-json\/wp\/v2\/product\/48629\" \/>\n<meta property=\"og:locale\" content=\"de_DE\" \/>\n<meta property=\"og:type\" content=\"article\" \/>\n<meta property=\"og:title\" content=\"SIMPLY MORE Huidverzorging voordeelset - stel jouw eigen bundel samen en ontvang 10% (vanaf 2) of 15% (vanaf 4) korting - Alternatievemiddelen.nl\" \/>\n<meta property=\"og:description\" content=\"SIMPLY MORE Huidverzorging voordeelset - niet 99%, niet 98%, maar huidverzorgingsproducten met 100% natuurlijke ingredi\u00ebnten. Profiteer van bundelkorting!\" \/>\n<meta property=\"og:url\" content=\"https:\/\/www.alternatievemiddelen.nl\/de\/produkte\/simply-more-hautpflege-geschenkset\/\" \/>\n<meta property=\"og:site_name\" content=\"Alternatievemiddelen.nl\" \/>\n<meta property=\"article:modified_time\" content=\"2025-12-15T09:25:03+00:00\" \/>\n<meta property=\"og:image\" content=\"\/wp-content\/uploads\/2025\/08\/SIMPLY-MORE-Huidverzorging-voordeelset-met-korting.jpg\" \/>\n\t<meta property=\"og:image:width\" content=\"600\" \/>\n\t<meta property=\"og:image:height\" content=\"800\" \/>\n\t<meta property=\"og:image:type\" content=\"image\/jpeg\" \/>\n<meta name=\"twitter:card\" content=\"summary_large_image\" \/>\n<meta name=\"twitter:label1\" content=\"Gesch\u00e4tzte Lesezeit\" \/>\n\t<meta name=\"twitter:data1\" content=\"4\u00a0Minuten\" \/>\n<script type=\"application\/ld+json\" class=\"yoast-schema-graph\">{\"@context\":\"https:\/\/schema.org\",\"@graph\":[{\"@type\":[\"WebPage\",\"ItemPage\"],\"@id\":\"https:\/\/www.alternatievemiddelen.nl\/producten\/simply-more-huidverzorging-voordeelset\/\",\"url\":\"https:\/\/www.alternatievemiddelen.nl\/producten\/simply-more-huidverzorging-voordeelset\/\",\"name\":\"SIMPLY MORE Huidverzorging voordeelset - stel jouw eigen bundel samen en ontvang 10% (vanaf 2) of 15% (vanaf 4) korting - Alternatievemiddelen.nl\",\"isPartOf\":{\"@id\":\"https:\/\/www.alternatievemiddelen.nl\/#website\"},\"primaryImageOfPage\":{\"@id\":\"https:\/\/www.alternatievemiddelen.nl\/producten\/simply-more-huidverzorging-voordeelset\/#primaryimage\"},\"image\":{\"@id\":\"https:\/\/www.alternatievemiddelen.nl\/producten\/simply-more-huidverzorging-voordeelset\/#primaryimage\"},\"thumbnailUrl\":\"https:\/\/www.alternatievemiddelen.nl\/wp-content\/uploads\/2025\/08\/SIMPLY-MORE-Huidverzorging-voordeelset-met-korting.jpg\",\"datePublished\":\"2025-08-09T06:45:53+00:00\",\"dateModified\":\"2025-12-15T09:25:03+00:00\",\"description\":\"SIMPLY MORE Huidverzorging voordeelset - niet 99%, niet 98%, maar huidverzorgingsproducten met 100% natuurlijke ingredi\u00ebnten. Profiteer van bundelkorting!\",\"breadcrumb\":{\"@id\":\"https:\/\/www.alternatievemiddelen.nl\/producten\/simply-more-huidverzorging-voordeelset\/#breadcrumb\"},\"inLanguage\":\"de\",\"potentialAction\":[{\"@type\":\"ReadAction\",\"target\":[\"https:\/\/www.alternatievemiddelen.nl\/producten\/simply-more-huidverzorging-voordeelset\/\"]}]},{\"@type\":\"ImageObject\",\"inLanguage\":\"de\",\"@id\":\"https:\/\/www.alternatievemiddelen.nl\/producten\/simply-more-huidverzorging-voordeelset\/#primaryimage\",\"url\":\"https:\/\/www.alternatievemiddelen.nl\/wp-content\/uploads\/2025\/08\/SIMPLY-MORE-Huidverzorging-voordeelset-met-korting.jpg\",\"contentUrl\":\"https:\/\/www.alternatievemiddelen.nl\/wp-content\/uploads\/2025\/08\/SIMPLY-MORE-Huidverzorging-voordeelset-met-korting.jpg\",\"width\":600,\"height\":800,\"caption\":\"SIMPLY MORE Huidverzorging voordeelset\"},{\"@type\":\"BreadcrumbList\",\"@id\":\"https:\/\/www.alternatievemiddelen.nl\/producten\/simply-more-huidverzorging-voordeelset\/#breadcrumb\",\"itemListElement\":[{\"@type\":\"ListItem\",\"position\":1,\"name\":\"Home\",\"item\":\"https:\/\/www.alternatievemiddelen.nl\/\"},{\"@type\":\"ListItem\",\"position\":2,\"name\":\"Producten\",\"item\":\"https:\/\/www.alternatievemiddelen.nl\/producten\/\"},{\"@type\":\"ListItem\",\"position\":3,\"name\":\"SIMPLY MORE Huidverzorging voordeelset &#8211; stel jouw eigen bundel samen en ontvang 10% (vanaf 2) of 15% (vanaf 4) korting\"}]},{\"@type\":\"WebSite\",\"@id\":\"https:\/\/www.alternatievemiddelen.nl\/#website\",\"url\":\"https:\/\/www.alternatievemiddelen.nl\/\",\"name\":\"Alternatievemiddelen.nl\",\"description\":\"Webshop met gezonde, duurzame en ecologische alternatieve mogelijkheden in de hedendaagse levenstijl. Alles uit eigen ervaring.\",\"publisher\":{\"@id\":\"https:\/\/www.alternatievemiddelen.nl\/#organization\"},\"potentialAction\":[{\"@type\":\"SearchAction\",\"target\":{\"@type\":\"EntryPoint\",\"urlTemplate\":\"https:\/\/www.alternatievemiddelen.nl\/?s={search_term_string}\"},\"query-input\":{\"@type\":\"PropertyValueSpecification\",\"valueRequired\":true,\"valueName\":\"search_term_string\"}}],\"inLanguage\":\"de\"},{\"@type\":\"Organization\",\"@id\":\"https:\/\/www.alternatievemiddelen.nl\/#organization\",\"name\":\"Alternatievemiddelen.nl\",\"url\":\"https:\/\/www.alternatievemiddelen.nl\/\",\"logo\":{\"@type\":\"ImageObject\",\"inLanguage\":\"de\",\"@id\":\"https:\/\/www.alternatievemiddelen.nl\/#\/schema\/logo\/image\/\",\"url\":\"https:\/\/www.alternatievemiddelen.nl\/wp-content\/uploads\/2023\/10\/alternatievemiddelen-PNG-logo.png\",\"contentUrl\":\"https:\/\/www.alternatievemiddelen.nl\/wp-content\/uploads\/2023\/10\/alternatievemiddelen-PNG-logo.png\",\"width\":6400,\"height\":3062,\"caption\":\"Alternatievemiddelen.nl\"},\"image\":{\"@id\":\"https:\/\/www.alternatievemiddelen.nl\/#\/schema\/logo\/image\/\"}}]}<\/script>\n<!-- \/ Yoast SEO plugin. -->","yoast_head_json":{"title":"SIMPLY MORE Huidverzorging voordeelset - stel jouw eigen bundel samen en ontvang 10% (vanaf 2) of 15% (vanaf 4) korting - Alternatievemiddelen.nl","description":"SIMPLY MORE Huidverzorging voordeelset - niet 99%, niet 98%, maar huidverzorgingsproducten met 100% natuurlijke ingredi\u00ebnten. Profiteer van bundelkorting!","robots":{"index":"index","follow":"follow","max-snippet":"max-snippet:-1","max-image-preview":"max-image-preview:large","max-video-preview":"max-video-preview:-1"},"canonical":"https:\/\/www.alternatievemiddelen.nl\/de\/wp-json\/wp\/v2\/product\/48629","og_locale":"de_DE","og_type":"article","og_title":"SIMPLY MORE Huidverzorging voordeelset - stel jouw eigen bundel samen en ontvang 10% (vanaf 2) of 15% (vanaf 4) korting - Alternatievemiddelen.nl","og_description":"SIMPLY MORE Huidverzorging voordeelset - niet 99%, niet 98%, maar huidverzorgingsproducten met 100% natuurlijke ingredi\u00ebnten. Profiteer van bundelkorting!","og_url":"https:\/\/www.alternatievemiddelen.nl\/de\/produkte\/simply-more-hautpflege-geschenkset\/","og_site_name":"Alternatievemiddelen.nl","article_modified_time":"2025-12-15T09:25:03+00:00","og_image":[{"width":600,"height":800,"url":"\/wp-content\/uploads\/2025\/08\/SIMPLY-MORE-Huidverzorging-voordeelset-met-korting.jpg","type":"image\/jpeg"}],"twitter_card":"summary_large_image","twitter_misc":{"Gesch\u00e4tzte Lesezeit":"4\u00a0Minuten"},"schema":{"@context":"https:\/\/schema.org","@graph":[{"@type":["WebPage","ItemPage"],"@id":"https:\/\/www.alternatievemiddelen.nl\/producten\/simply-more-huidverzorging-voordeelset\/","url":"https:\/\/www.alternatievemiddelen.nl\/producten\/simply-more-huidverzorging-voordeelset\/","name":"SIMPLY MORE Huidverzorging voordeelset - stel jouw eigen bundel samen en ontvang 10% (vanaf 2) of 15% (vanaf 4) korting - Alternatievemiddelen.nl","isPartOf":{"@id":"https:\/\/www.alternatievemiddelen.nl\/#website"},"primaryImageOfPage":{"@id":"https:\/\/www.alternatievemiddelen.nl\/producten\/simply-more-huidverzorging-voordeelset\/#primaryimage"},"image":{"@id":"https:\/\/www.alternatievemiddelen.nl\/producten\/simply-more-huidverzorging-voordeelset\/#primaryimage"},"thumbnailUrl":"https:\/\/www.alternatievemiddelen.nl\/wp-content\/uploads\/2025\/08\/SIMPLY-MORE-Huidverzorging-voordeelset-met-korting.jpg","datePublished":"2025-08-09T06:45:53+00:00","dateModified":"2025-12-15T09:25:03+00:00","description":"SIMPLY MORE Huidverzorging voordeelset - niet 99%, niet 98%, maar huidverzorgingsproducten met 100% natuurlijke ingredi\u00ebnten. Profiteer van bundelkorting!","breadcrumb":{"@id":"https:\/\/www.alternatievemiddelen.nl\/producten\/simply-more-huidverzorging-voordeelset\/#breadcrumb"},"inLanguage":"de","potentialAction":[{"@type":"ReadAction","target":["https:\/\/www.alternatievemiddelen.nl\/producten\/simply-more-huidverzorging-voordeelset\/"]}]},{"@type":"ImageObject","inLanguage":"de","@id":"https:\/\/www.alternatievemiddelen.nl\/producten\/simply-more-huidverzorging-voordeelset\/#primaryimage","url":"https:\/\/www.alternatievemiddelen.nl\/wp-content\/uploads\/2025\/08\/SIMPLY-MORE-Huidverzorging-voordeelset-met-korting.jpg","contentUrl":"https:\/\/www.alternatievemiddelen.nl\/wp-content\/uploads\/2025\/08\/SIMPLY-MORE-Huidverzorging-voordeelset-met-korting.jpg","width":600,"height":800,"caption":"SIMPLY MORE Huidverzorging voordeelset"},{"@type":"BreadcrumbList","@id":"https:\/\/www.alternatievemiddelen.nl\/producten\/simply-more-huidverzorging-voordeelset\/#breadcrumb","itemListElement":[{"@type":"ListItem","position":1,"name":"Home","item":"https:\/\/www.alternatievemiddelen.nl\/"},{"@type":"ListItem","position":2,"name":"Producten","item":"https:\/\/www.alternatievemiddelen.nl\/producten\/"},{"@type":"ListItem","position":3,"name":"SIMPLY MORE Huidverzorging voordeelset &#8211; stel jouw eigen bundel samen en ontvang 10% (vanaf 2) of 15% (vanaf 4) korting"}]},{"@type":"WebSite","@id":"https:\/\/www.alternatievemiddelen.nl\/#website","url":"https:\/\/www.alternatievemiddelen.nl\/","name":"Alternatievemiddelen.nl","description":"Webshop met gezonde, duurzame en ecologische alternatieve mogelijkheden in de hedendaagse levenstijl. Alles uit eigen ervaring.","publisher":{"@id":"https:\/\/www.alternatievemiddelen.nl\/#organization"},"potentialAction":[{"@type":"SearchAction","target":{"@type":"EntryPoint","urlTemplate":"https:\/\/www.alternatievemiddelen.nl\/?s={search_term_string}"},"query-input":{"@type":"PropertyValueSpecification","valueRequired":true,"valueName":"search_term_string"}}],"inLanguage":"de"},{"@type":"Organization","@id":"https:\/\/www.alternatievemiddelen.nl\/#organization","name":"Alternatievemiddelen.nl","url":"https:\/\/www.alternatievemiddelen.nl\/","logo":{"@type":"ImageObject","inLanguage":"de","@id":"https:\/\/www.alternatievemiddelen.nl\/#\/schema\/logo\/image\/","url":"https:\/\/www.alternatievemiddelen.nl\/wp-content\/uploads\/2023\/10\/alternatievemiddelen-PNG-logo.png","contentUrl":"https:\/\/www.alternatievemiddelen.nl\/wp-content\/uploads\/2023\/10\/alternatievemiddelen-PNG-logo.png","width":6400,"height":3062,"caption":"Alternatievemiddelen.nl"},"image":{"@id":"https:\/\/www.alternatievemiddelen.nl\/#\/schema\/logo\/image\/"}}]}},"_links":{"self":[{"href":"https:\/\/www.alternatievemiddelen.nl\/de\/wp-json\/wp\/v2\/product\/48629","targetHints":{"allow":["GET"]}}],"collection":[{"href":"https:\/\/www.alternatievemiddelen.nl\/de\/wp-json\/wp\/v2\/product"}],"about":[{"href":"https:\/\/www.alternatievemiddelen.nl\/de\/wp-json\/wp\/v2\/types\/product"}],"replies":[{"embeddable":true,"href":"https:\/\/www.alternatievemiddelen.nl\/de\/wp-json\/wp\/v2\/comments?post=48629"}],"wp:featuredmedia":[{"embeddable":true,"href":"https:\/\/www.alternatievemiddelen.nl\/de\/wp-json\/wp\/v2\/media\/49477"}],"wp:attachment":[{"href":"https:\/\/www.alternatievemiddelen.nl\/de\/wp-json\/wp\/v2\/media?parent=48629"}],"wp:term":[{"taxonomy":"product_brand","embeddable":true,"href":"https:\/\/www.alternatievemiddelen.nl\/de\/wp-json\/wp\/v2\/product_brand?post=48629"},{"taxonomy":"product_cat","embeddable":true,"href":"https:\/\/www.alternatievemiddelen.nl\/de\/wp-json\/wp\/v2\/product_cat?post=48629"},{"taxonomy":"product_tag","embeddable":true,"href":"https:\/\/www.alternatievemiddelen.nl\/de\/wp-json\/wp\/v2\/product_tag?post=48629"},{"taxonomy":"merk","embeddable":true,"href":"https:\/\/www.alternatievemiddelen.nl\/de\/wp-json\/wp\/v2\/merk?post=48629"}],"curies":[{"name":"wp","href":"https:\/\/api.w.org\/{rel}","templated":true}]}}