{"id":48859,"date":"2025-09-05T15:31:18","date_gmt":"2025-09-05T13:31:18","guid":{"rendered":"https:\/\/www.alternatievemiddelen.nl\/?post_type=product&#038;p=48859"},"modified":"2026-02-08T14:14:21","modified_gmt":"2026-02-08T13:14:21","slug":"boroux-glazen-drinkfles","status":"publish","type":"product","link":"https:\/\/www.alternatievemiddelen.nl\/de\/produkte\/boroux-glas-trinkflasche\/","title":{"rendered":"BOROUX Glas-Trinkflasche 500 ml"},"content":{"rendered":"<p>Verbessern Sie Ihr Trinkerlebnis mit der BOROUX Glas-Trinkflasche. Diese langlebige Trinkflasche aus Borosilikatglas wurde f\u00fcr den t\u00e4glichen Gebrauch entwickelt und ist perfekt, um bei jeder Gelegenheit stilvoll hydriert zu bleiben. Sie ist umweltfreundlich, elegant (keine Plastikflaschen mehr) und besonders langlebig.<br \/>\n&nbsp;<\/p>\n<h3>Umweltbewusste Eleganz, au\u00dfergew\u00f6hnlicher Wert<\/h3>\n<p>Die BOROUX Glas-Trinkflasche ist nicht nur langlebig, sondern auch kosteng\u00fcnstig. Sie besteht aus hochwertigem Borosilikatglas und hat einen wettbewerbsf\u00e4higen Preis, was sie zu einer nachhaltigen Option f\u00fcr alle macht. Wenn Sie sich f\u00fcr diese Flasche entscheiden, leisten Sie mit jedem Nachf\u00fcllen einen Beitrag zu einem gr\u00fcneren Planeten.<br \/>\n&nbsp;<\/p>\n<h3>Vielseitiges Design, m\u00fcheloses Erlebnis mit der BOROUX Glas-Trinkflasche<\/h3>\n<p>Die Trinkflasche aus Glas von BOROUX ist f\u00fcr Ihren dynamischen Lebensstil konzipiert. Dank der gro\u00dfen \u00d6ffnung von 5,7 cm k\u00f6nnen Sie problemlos Eisw\u00fcrfel einf\u00fcllen und die Flasche m\u00fchelos reinigen. Bei dieser Flasche steht die Bequemlichkeit im Vordergrund, ohne dass Sie auf Stil verzichten m\u00fcssen, egal ob Sie sie mit der Hand oder in der Sp\u00fclmaschine reinigen.<br \/>\n&nbsp;<\/p>\n<h3>Lang anhaltende Hydratation, zeitlose Wirkung<\/h3>\n<p>Entscheiden Sie sich f\u00fcr einen nachhaltigen Lebensstil mit der BOROUX Trinkflasche aus Glas. Auf dem Weg in eine gr\u00fcnere Zukunft tragen Sie mit der Wahl dieser Flasche dazu bei, die riesigen Mengen an Plastik zu reduzieren, die auf M\u00fclldeponien landen. Mit jedem Nachf\u00fcllen setzen Sie ein Zeichen - f\u00fcr die Gesundheit und die Umwelt.<br \/>\n&nbsp;<\/p>\n<h3>Gesundheitsorientiertes Design, pures Vergn\u00fcgen<\/h3>\n<p>Die BOROUX Glas-Trinkflasche wurde sorgf\u00e4ltig f\u00fcr ein nat\u00fcrliches und gesundes Trinkerlebnis hergestellt. Die Flasche ist BPA\/BPS-frei und garantiert, dass Ihr Wasser in seinem reinsten Zustand bleibt und Ihre Gesundheit mit jedem belebenden Schluck sch\u00fctzt.<br \/>\n&nbsp;<\/p>\n<h3>Die wichtigsten Merkmale der BOROUX Glas-Trinkflasche<\/h3>\n<p>\u2714 Fassungsverm\u00f6gen von 500ml<br \/>\n\u2714 BPA\/BPS-freies Borosilikatglas<br \/>\n\u2714 Abmessungen: H\u00f6he 21,6 cm und ein Durchmesser von \u00d8 6,4 cm<br \/>\n\u2714 Temperaturwechselbest\u00e4ndigkeit (resistent gegen Temperaturschwankungen)<br \/>\n\u2714 Weite \u00d6ffnung f\u00fcr einfache Reinigung<br \/>\n\u2714 Edelstahl-Dichtungskappe mit Silikondichtung<br \/>\n\u2714 Sp\u00fclmaschinentauglich<br \/>\n\u2714 Au\u00dfergew\u00f6hnlich preisg\u00fcnstig<br \/>\n\u2714 M\u00f6glicherweise kombiniert mit dem <a href=\"https:\/\/www.alternatievemiddelen.nl\/de\/produkte\/boroux-move-sleeve\/\">BOROUX Move \u00c4rmel<\/a>Eine hochwertige, doppelwandige Edelstahlh\u00fclle, die Ihre Wasserflasche sch\u00fctzt und Ihre Getr\u00e4nke stundenlang hei\u00df oder kalt h\u00e4lt.<br \/>\n\u2714 Auch erh\u00e4ltlich in einer <a href=\"https:\/\/www.alternatievemiddelen.nl\/de\/produkte\/boroux-glas-trinkflaschen-set\/\">vorteilhaftes Set<\/a>, einschlie\u00dflich BOROUX Move Sleeve<br \/>\n&nbsp;<\/p>\n<h4><u>Inbetriebsetzung und Reinigung:<\/u><\/h4>\n<p>\u25cf <u>Vor dem ersten Gebrauch waschen:<\/u> Nehmen Sie die Kappe ab und waschen Sie alle Teile von Hand in warmer Seifenlauge. Gr\u00fcndlich aussp\u00fclen und an der Luft trocknen lassen.<br \/>\n\u25cf <u>F\u00fcllen Sie Ihre Wasserflasche:<\/u> F\u00fcr kalte oder raumtemperierte Getr\u00e4nke zu verwenden. Vermeiden Sie das Bef\u00fcllen mit hei\u00dfen Fl\u00fcssigkeiten, um pl\u00f6tzliche Temperaturschwankungen zu vermeiden. Verschlie\u00dfen Sie den Deckel fest, bevor Sie ihn in den <a href=\"https:\/\/www.alternatievemiddelen.nl\/de\/produkte\/boroux-move-sleeve\/\">BOROUX Move \u00c4rmel<\/a>legen Sie eine Tasche oder einen Rucksack.<br \/>\n\u25cf <u>K\u00fcmmern Sie sich um Ihre Wasserflasche:<\/u> F\u00fcr eine l\u00e4ngere Lebensdauer wird Handw\u00e4sche empfohlen. Die Glasflasche ist sp\u00fclmaschinenfest (oberes Gestell). Um die Zuverl\u00e4ssigkeit des Verschlusses zu erhalten, nur von Hand waschen. Vermeiden Sie pl\u00f6tzliche Ersch\u00fctterungen oder extreme Temperaturschwankungen, um die Haltbarkeit zu erhalten.<\/p>\n<p>Bitte beachten Sie unser <a href=\"https:\/\/www.alternatievemiddelen.nl\/de\/die-bibliothek\/\">Bibliothek<\/a>, die Handb\u00fccher und Antworten auf h\u00e4ufig gestellte Fragen enth\u00e4lt.<\/p>","protected":false},"excerpt":{"rendered":"<p>Die 500ml BOROUX Glas-Trinkflasche ist eine langlebige Trinkflasche aus Borosilikatglas, die f\u00fcr den t\u00e4glichen Gebrauch entwickelt wurde und das zu einem g\u00fcnstigen Preis!<\/p>","protected":false},"featured_media":48864,"comment_status":"open","ping_status":"closed","template":"","meta":[],"product_brand":[],"product_cat":[2983,2984,2924,3569],"product_tag":[3137,3760,3115,3255,3706,2975,2987,2929,3116,3117,2875,3118,3119,3120,3121,3004,2989,3122,2921,2879,2990,2880,2991,2967,2992,2885,2995],"merk":[3702],"class_list":{"0":"post-48859","1":"product","2":"type-product","3":"status-publish","4":"has-post-thumbnail","6":"product_cat-drinkflessen","7":"product_cat-drinkfles","8":"product_cat-duurzame-huishoudelijke-producten","9":"product_cat-overige-duurzame-huishoudelijke-producten","10":"product_tag-0-5l","11":"product_tag-500-ml","12":"product_tag-borosilicaat-glas","13":"product_tag-borosilicaatglas","14":"product_tag-boroux","15":"product_tag-bpa-vrij","16":"product_tag-drinkfles","17":"product_tag-duurzaam","18":"product_tag-fruit","19":"product_tag-gezond","20":"product_tag-gezondheid","21":"product_tag-glas","22":"product_tag-glazen-drinkfles","23":"product_tag-glazen-fles","24":"product_tag-lekvrij","25":"product_tag-onderweg","26":"product_tag-outdoor","27":"product_tag-plasticreductie","28":"product_tag-reizen","29":"product_tag-roestvrij-staal","30":"product_tag-roestvrijstalen-waterfles","31":"product_tag-rvs","32":"product_tag-school","33":"product_tag-schoon","34":"product_tag-sport","35":"product_tag-water","36":"product_tag-werk","37":"merk-boroux","39":"first","40":"instock","41":"taxable","42":"shipping-taxable","43":"purchasable","44":"product-type-simple"},"bundled_by":[],"bundle_stock_status":"instock","bundle_stock_quantity":null,"bundle_virtual":false,"bundle_layout":"","bundle_add_to_cart_form_location":"","bundle_editable_in_cart":false,"bundle_sold_individually_context":"","bundle_item_grouping":"","bundle_min_size":"","bundle_max_size":"","bundle_price":[],"bundled_items":[],"bundle_sell_ids":[44176,48872,34480,34439,34477],"yoast_head":"<!-- This site is optimized with the Yoast SEO plugin v26.1 - https:\/\/yoast.com\/wordpress\/plugins\/seo\/ -->\n<title>BOROUX glazen drinkfles 500 ml - Alternatievemiddelen.nl<\/title>\n<meta name=\"description\" content=\"De BOROUX glazen drinkfles met inhoud van 500 ml is een duurzame drinkfles van borosilicaatglas, ontworpen voor dagelijks gebruik en met een scherpe prijs!\" \/>\n<meta name=\"robots\" content=\"index, follow, max-snippet:-1, max-image-preview:large, max-video-preview:-1\" \/>\n<link rel=\"canonical\" href=\"https:\/\/www.alternatievemiddelen.nl\/de\/wp-json\/wp\/v2\/product\/48859\" \/>\n<meta property=\"og:locale\" content=\"de_DE\" \/>\n<meta property=\"og:type\" content=\"article\" \/>\n<meta property=\"og:title\" content=\"BOROUX glazen drinkfles 500 ml - Alternatievemiddelen.nl\" \/>\n<meta property=\"og:description\" content=\"De BOROUX glazen drinkfles met inhoud van 500 ml is een duurzame drinkfles van borosilicaatglas, ontworpen voor dagelijks gebruik en met een scherpe prijs!\" \/>\n<meta property=\"og:url\" content=\"https:\/\/www.alternatievemiddelen.nl\/de\/produkte\/boroux-glas-trinkflasche\/\" \/>\n<meta property=\"og:site_name\" content=\"Alternatievemiddelen.nl\" \/>\n<meta property=\"article:modified_time\" content=\"2026-02-08T13:14:21+00:00\" \/>\n<meta property=\"og:image\" content=\"\/wp-content\/uploads\/2025\/09\/BOROUX-glazen-drinkfles.jpg\" \/>\n\t<meta property=\"og:image:width\" content=\"1200\" \/>\n\t<meta property=\"og:image:height\" content=\"1600\" \/>\n\t<meta property=\"og:image:type\" content=\"image\/jpeg\" \/>\n<meta name=\"twitter:card\" content=\"summary_large_image\" \/>\n<meta name=\"twitter:label1\" content=\"Gesch\u00e4tzte Lesezeit\" \/>\n\t<meta name=\"twitter:data1\" content=\"3\u00a0Minuten\" \/>\n<script type=\"application\/ld+json\" class=\"yoast-schema-graph\">{\"@context\":\"https:\/\/schema.org\",\"@graph\":[{\"@type\":[\"WebPage\",\"ItemPage\"],\"@id\":\"https:\/\/www.alternatievemiddelen.nl\/producten\/boroux-glazen-drinkfles\/\",\"url\":\"https:\/\/www.alternatievemiddelen.nl\/producten\/boroux-glazen-drinkfles\/\",\"name\":\"BOROUX glazen drinkfles 500 ml - Alternatievemiddelen.nl\",\"isPartOf\":{\"@id\":\"https:\/\/www.alternatievemiddelen.nl\/#website\"},\"primaryImageOfPage\":{\"@id\":\"https:\/\/www.alternatievemiddelen.nl\/producten\/boroux-glazen-drinkfles\/#primaryimage\"},\"image\":{\"@id\":\"https:\/\/www.alternatievemiddelen.nl\/producten\/boroux-glazen-drinkfles\/#primaryimage\"},\"thumbnailUrl\":\"https:\/\/www.alternatievemiddelen.nl\/wp-content\/uploads\/2025\/09\/BOROUX-glazen-drinkfles.jpg\",\"datePublished\":\"2025-09-05T13:31:18+00:00\",\"dateModified\":\"2026-02-08T13:14:21+00:00\",\"description\":\"De BOROUX glazen drinkfles met inhoud van 500 ml is een duurzame drinkfles van borosilicaatglas, ontworpen voor dagelijks gebruik en met een scherpe prijs!\",\"breadcrumb\":{\"@id\":\"https:\/\/www.alternatievemiddelen.nl\/producten\/boroux-glazen-drinkfles\/#breadcrumb\"},\"inLanguage\":\"de\",\"potentialAction\":[{\"@type\":\"ReadAction\",\"target\":[\"https:\/\/www.alternatievemiddelen.nl\/producten\/boroux-glazen-drinkfles\/\"]}]},{\"@type\":\"ImageObject\",\"inLanguage\":\"de\",\"@id\":\"https:\/\/www.alternatievemiddelen.nl\/producten\/boroux-glazen-drinkfles\/#primaryimage\",\"url\":\"https:\/\/www.alternatievemiddelen.nl\/wp-content\/uploads\/2025\/09\/BOROUX-glazen-drinkfles.jpg\",\"contentUrl\":\"https:\/\/www.alternatievemiddelen.nl\/wp-content\/uploads\/2025\/09\/BOROUX-glazen-drinkfles.jpg\",\"width\":1200,\"height\":1600,\"caption\":\"BOROUX glazen drinkfles\"},{\"@type\":\"BreadcrumbList\",\"@id\":\"https:\/\/www.alternatievemiddelen.nl\/producten\/boroux-glazen-drinkfles\/#breadcrumb\",\"itemListElement\":[{\"@type\":\"ListItem\",\"position\":1,\"name\":\"Home\",\"item\":\"https:\/\/www.alternatievemiddelen.nl\/\"},{\"@type\":\"ListItem\",\"position\":2,\"name\":\"Producten\",\"item\":\"https:\/\/www.alternatievemiddelen.nl\/producten\/\"},{\"@type\":\"ListItem\",\"position\":3,\"name\":\"BOROUX glazen drinkfles 500 ml\"}]},{\"@type\":\"WebSite\",\"@id\":\"https:\/\/www.alternatievemiddelen.nl\/#website\",\"url\":\"https:\/\/www.alternatievemiddelen.nl\/\",\"name\":\"Alternatievemiddelen.nl\",\"description\":\"Webshop met gezonde, duurzame en ecologische alternatieve mogelijkheden in de hedendaagse levenstijl. Alles uit eigen ervaring.\",\"publisher\":{\"@id\":\"https:\/\/www.alternatievemiddelen.nl\/#organization\"},\"potentialAction\":[{\"@type\":\"SearchAction\",\"target\":{\"@type\":\"EntryPoint\",\"urlTemplate\":\"https:\/\/www.alternatievemiddelen.nl\/?s={search_term_string}\"},\"query-input\":{\"@type\":\"PropertyValueSpecification\",\"valueRequired\":true,\"valueName\":\"search_term_string\"}}],\"inLanguage\":\"de\"},{\"@type\":\"Organization\",\"@id\":\"https:\/\/www.alternatievemiddelen.nl\/#organization\",\"name\":\"Alternatievemiddelen.nl\",\"url\":\"https:\/\/www.alternatievemiddelen.nl\/\",\"logo\":{\"@type\":\"ImageObject\",\"inLanguage\":\"de\",\"@id\":\"https:\/\/www.alternatievemiddelen.nl\/#\/schema\/logo\/image\/\",\"url\":\"https:\/\/www.alternatievemiddelen.nl\/wp-content\/uploads\/2023\/10\/alternatievemiddelen-PNG-logo.png\",\"contentUrl\":\"https:\/\/www.alternatievemiddelen.nl\/wp-content\/uploads\/2023\/10\/alternatievemiddelen-PNG-logo.png\",\"width\":6400,\"height\":3062,\"caption\":\"Alternatievemiddelen.nl\"},\"image\":{\"@id\":\"https:\/\/www.alternatievemiddelen.nl\/#\/schema\/logo\/image\/\"}}]}<\/script>\n<!-- \/ Yoast SEO plugin. -->","yoast_head_json":{"title":"BOROUX glazen drinkfles 500 ml - Alternatievemiddelen.nl","description":"De BOROUX glazen drinkfles met inhoud van 500 ml is een duurzame drinkfles van borosilicaatglas, ontworpen voor dagelijks gebruik en met een scherpe prijs!","robots":{"index":"index","follow":"follow","max-snippet":"max-snippet:-1","max-image-preview":"max-image-preview:large","max-video-preview":"max-video-preview:-1"},"canonical":"https:\/\/www.alternatievemiddelen.nl\/de\/wp-json\/wp\/v2\/product\/48859","og_locale":"de_DE","og_type":"article","og_title":"BOROUX glazen drinkfles 500 ml - Alternatievemiddelen.nl","og_description":"De BOROUX glazen drinkfles met inhoud van 500 ml is een duurzame drinkfles van borosilicaatglas, ontworpen voor dagelijks gebruik en met een scherpe prijs!","og_url":"https:\/\/www.alternatievemiddelen.nl\/de\/produkte\/boroux-glas-trinkflasche\/","og_site_name":"Alternatievemiddelen.nl","article_modified_time":"2026-02-08T13:14:21+00:00","og_image":[{"width":1200,"height":1600,"url":"\/wp-content\/uploads\/2025\/09\/BOROUX-glazen-drinkfles.jpg","type":"image\/jpeg"}],"twitter_card":"summary_large_image","twitter_misc":{"Gesch\u00e4tzte Lesezeit":"3\u00a0Minuten"},"schema":{"@context":"https:\/\/schema.org","@graph":[{"@type":["WebPage","ItemPage"],"@id":"https:\/\/www.alternatievemiddelen.nl\/producten\/boroux-glazen-drinkfles\/","url":"https:\/\/www.alternatievemiddelen.nl\/producten\/boroux-glazen-drinkfles\/","name":"BOROUX glazen drinkfles 500 ml - Alternatievemiddelen.nl","isPartOf":{"@id":"https:\/\/www.alternatievemiddelen.nl\/#website"},"primaryImageOfPage":{"@id":"https:\/\/www.alternatievemiddelen.nl\/producten\/boroux-glazen-drinkfles\/#primaryimage"},"image":{"@id":"https:\/\/www.alternatievemiddelen.nl\/producten\/boroux-glazen-drinkfles\/#primaryimage"},"thumbnailUrl":"https:\/\/www.alternatievemiddelen.nl\/wp-content\/uploads\/2025\/09\/BOROUX-glazen-drinkfles.jpg","datePublished":"2025-09-05T13:31:18+00:00","dateModified":"2026-02-08T13:14:21+00:00","description":"De BOROUX glazen drinkfles met inhoud van 500 ml is een duurzame drinkfles van borosilicaatglas, ontworpen voor dagelijks gebruik en met een scherpe prijs!","breadcrumb":{"@id":"https:\/\/www.alternatievemiddelen.nl\/producten\/boroux-glazen-drinkfles\/#breadcrumb"},"inLanguage":"de","potentialAction":[{"@type":"ReadAction","target":["https:\/\/www.alternatievemiddelen.nl\/producten\/boroux-glazen-drinkfles\/"]}]},{"@type":"ImageObject","inLanguage":"de","@id":"https:\/\/www.alternatievemiddelen.nl\/producten\/boroux-glazen-drinkfles\/#primaryimage","url":"https:\/\/www.alternatievemiddelen.nl\/wp-content\/uploads\/2025\/09\/BOROUX-glazen-drinkfles.jpg","contentUrl":"https:\/\/www.alternatievemiddelen.nl\/wp-content\/uploads\/2025\/09\/BOROUX-glazen-drinkfles.jpg","width":1200,"height":1600,"caption":"BOROUX glazen drinkfles"},{"@type":"BreadcrumbList","@id":"https:\/\/www.alternatievemiddelen.nl\/producten\/boroux-glazen-drinkfles\/#breadcrumb","itemListElement":[{"@type":"ListItem","position":1,"name":"Home","item":"https:\/\/www.alternatievemiddelen.nl\/"},{"@type":"ListItem","position":2,"name":"Producten","item":"https:\/\/www.alternatievemiddelen.nl\/producten\/"},{"@type":"ListItem","position":3,"name":"BOROUX glazen drinkfles 500 ml"}]},{"@type":"WebSite","@id":"https:\/\/www.alternatievemiddelen.nl\/#website","url":"https:\/\/www.alternatievemiddelen.nl\/","name":"Alternatievemiddelen.nl","description":"Webshop met gezonde, duurzame en ecologische alternatieve mogelijkheden in de hedendaagse levenstijl. Alles uit eigen ervaring.","publisher":{"@id":"https:\/\/www.alternatievemiddelen.nl\/#organization"},"potentialAction":[{"@type":"SearchAction","target":{"@type":"EntryPoint","urlTemplate":"https:\/\/www.alternatievemiddelen.nl\/?s={search_term_string}"},"query-input":{"@type":"PropertyValueSpecification","valueRequired":true,"valueName":"search_term_string"}}],"inLanguage":"de"},{"@type":"Organization","@id":"https:\/\/www.alternatievemiddelen.nl\/#organization","name":"Alternatievemiddelen.nl","url":"https:\/\/www.alternatievemiddelen.nl\/","logo":{"@type":"ImageObject","inLanguage":"de","@id":"https:\/\/www.alternatievemiddelen.nl\/#\/schema\/logo\/image\/","url":"https:\/\/www.alternatievemiddelen.nl\/wp-content\/uploads\/2023\/10\/alternatievemiddelen-PNG-logo.png","contentUrl":"https:\/\/www.alternatievemiddelen.nl\/wp-content\/uploads\/2023\/10\/alternatievemiddelen-PNG-logo.png","width":6400,"height":3062,"caption":"Alternatievemiddelen.nl"},"image":{"@id":"https:\/\/www.alternatievemiddelen.nl\/#\/schema\/logo\/image\/"}}]}},"_links":{"self":[{"href":"https:\/\/www.alternatievemiddelen.nl\/de\/wp-json\/wp\/v2\/product\/48859","targetHints":{"allow":["GET"]}}],"collection":[{"href":"https:\/\/www.alternatievemiddelen.nl\/de\/wp-json\/wp\/v2\/product"}],"about":[{"href":"https:\/\/www.alternatievemiddelen.nl\/de\/wp-json\/wp\/v2\/types\/product"}],"replies":[{"embeddable":true,"href":"https:\/\/www.alternatievemiddelen.nl\/de\/wp-json\/wp\/v2\/comments?post=48859"}],"wp:featuredmedia":[{"embeddable":true,"href":"https:\/\/www.alternatievemiddelen.nl\/de\/wp-json\/wp\/v2\/media\/48864"}],"wp:attachment":[{"href":"https:\/\/www.alternatievemiddelen.nl\/de\/wp-json\/wp\/v2\/media?parent=48859"}],"wp:term":[{"taxonomy":"product_brand","embeddable":true,"href":"https:\/\/www.alternatievemiddelen.nl\/de\/wp-json\/wp\/v2\/product_brand?post=48859"},{"taxonomy":"product_cat","embeddable":true,"href":"https:\/\/www.alternatievemiddelen.nl\/de\/wp-json\/wp\/v2\/product_cat?post=48859"},{"taxonomy":"product_tag","embeddable":true,"href":"https:\/\/www.alternatievemiddelen.nl\/de\/wp-json\/wp\/v2\/product_tag?post=48859"},{"taxonomy":"merk","embeddable":true,"href":"https:\/\/www.alternatievemiddelen.nl\/de\/wp-json\/wp\/v2\/merk?post=48859"}],"curies":[{"name":"wp","href":"https:\/\/api.w.org\/{rel}","templated":true}]}}