{"id":49058,"date":"2025-09-21T08:00:17","date_gmt":"2025-09-21T06:00:17","guid":{"rendered":"https:\/\/www.alternatievemiddelen.nl\/?post_type=product&#038;p=49058"},"modified":"2025-12-15T11:00:13","modified_gmt":"2025-12-15T10:00:13","slug":"moon-flow-winter-thee","status":"publish","type":"product","link":"https:\/\/www.alternatievemiddelen.nl\/de\/produkte\/mondfluss-wintertee\/","title":{"rendered":"Moon Flow Wintertee | Menstruationstee - 75 gr"},"content":{"rendered":"<p>Erleben Sie die Kraft des Moon Flow Wintertees mit Frauenmantel, Himbeerblatt und Ingwer f\u00fcr mehr Wohlbefinden w\u00e4hrend Ihrer Periode.<br \/>\n- Unterst\u00fctzt Ihr nat\u00fcrliches Gleichgewicht bei Unwohlsein<br \/>\n- Gew\u00fcrzmischung, handgemischt<br \/>\n- Inhalt: 75 Gramm<br \/>\n- 100% entkoffeiniert<br \/>\n&nbsp;<\/p>\n<h3>Zutaten:<\/h3>\n<p>Frauenmantel, Himbeerbl\u00e4tter, Orangenschalen, Fenchel, Brennnessel, Zitronenmelisse, Zitronengras, Sonnenblumenbl\u00fcten, Zimt, Sternanis, Ingwer, Kardamon, Nelken<br \/>\n&nbsp;<\/p>\n<h3>Was ist Moon Flow Wintertee?<\/h3>\n<p>Moon Flow Winter Tee ist eine biologische Mischung aus sorgf\u00e4ltig ausgew\u00e4hlten Kr\u00e4utern. Dieser Kr\u00e4utertee wurde speziell entwickelt, um das nat\u00fcrliche Gleichgewicht der Frau zu unterst\u00fctzen. Die Wintermischung hat die gleichen Grundzutaten wie der <a href=\"https:\/\/www.alternatievemiddelen.nl\/de\/produkte\/mondfluss-original-tee\/\">Moon Flow Original Tee<\/a>F\u00fcr den winterlichen Geschmack wurden lediglich einige zus\u00e4tzliche Gew\u00fcrze hinzugef\u00fcgt. Perfekt f\u00fcr die k\u00e4lteren Tage. Der Tee wird in loser Form geliefert, so dass Sie ganz einfach Ihre eigene k\u00f6stliche Tasse oder Kanne mit Kr\u00e4utertee zubereiten k\u00f6nnen.<br \/>\n&nbsp;<\/p>\n<h3>Wie funktioniert der Moon Flow Wintertee?<\/h3>\n<p>Moon Flow Tee enth\u00e4lt nur Kr\u00e4uter, die zu Ihrem Hormonhaushalt beitragen k\u00f6nnen.<\/p>\n<ul>\n<li>Frauenmantel: Unterst\u00fctzt den weiblichen Zyklus und wird traditionell f\u00fcr eine gesunde Menstruation verwendet.<\/li>\n<li>Himbeerblatt: Bekannt f\u00fcr seine st\u00e4rkende Wirkung auf die Geb\u00e4rmutter und die Unterst\u00fctzung eines regelm\u00e4\u00dfigen Zyklus *.<\/li>\n<li>Orangenschalen: Reich an Antioxidantien, unterst\u00fctzen die Leberfunktion*.<\/li>\n<li>Fenchel: Hilft bei der Verdauung und kann helfen, den Hormonhaushalt zu regulieren, indem er \u00fcbersch\u00fcssige Hormone ausleitet.<\/li>\n<li>Brennnessel: Reinigendes Kraut, das die Leber bei der Entgiftung unterst\u00fctzt und hilft, Abfallstoffe auszuscheiden.<\/li>\n<li>Zitronenmelisse: Beruhigend und lindernd, kann helfen, Stress abzubauen, was sich positiv auf das hormonelle Gleichgewicht auswirkt.<\/li>\n<li>Zitronengras: F\u00f6rdert die Verdauung und hilft, den K\u00f6rper zu entspannen.<\/li>\n<li>Sonnenblumenbl\u00fcte: Verleiht dem Tee eine subtile, heitere Note und unterst\u00fctzt das allgemeine Wohlbefinden.<\/li>\n<li>Ingwer: kann zu einem gesunden Immunsystem beitragen* und tr\u00e4gt dazu bei, sich vital und energiegeladen zu f\u00fchlen*.<\/li>\n<li>Zimt: tr\u00e4gt zur Aufrechterhaltung eines normalen Blutzuckerspiegels* bei und unterst\u00fctzt das Fortpflanzungssystem und die Harnwege.* Au\u00dferdem unterst\u00fctzt Zimt eine gesunde Haut.*<\/li>\n<li>Sternanis: Reich an Antioxidantien und \u00e4therischen \u00d6len, die oft mit der Unterst\u00fctzung der Verdauung und einem gesunden Immunsystem in Verbindung gebracht werden. Traditionell wird er bei Atemwegsbeschwerden und f\u00fcr ein Gef\u00fchl von W\u00e4rme und Behaglichkeit verwendet.*<\/li>\n<li>Kardamom: Bekannt f\u00fcr seine positive Wirkung auf die Verdauung und den frischen Atem. Es kann bei Bl\u00e4hungen helfen und wird oft verwendet, um den K\u00f6rper zu beruhigen und zu entspannen.*<\/li>\n<li>Gew\u00fcrznelke: Sie enth\u00e4lt starke Antioxidantien und ist daf\u00fcr bekannt, dass sie den K\u00f6rper bei der Bek\u00e4mpfung freier Radikale unterst\u00fctzt. Traditionell verwendet, um die Verdauung zu f\u00f6rdern und ein Gef\u00fchl der Erleichterung von Unbehagen zu geben.*<\/li>\n<\/ul>\n<p>&nbsp;<br \/>\n<i>* Aufgrund der geltenden Gesetzgebung d\u00fcrfen nur begrenzte Informationen \u00fcber die potenzielle Verwendung der Kr\u00e4uter in diesem Tee weitergegeben werden. Gesundheitsbezogene Angaben m\u00fcssen noch von der Europ\u00e4ischen Kommission genehmigt werden.<\/i><br \/>\n&nbsp;<\/p>\n<h4>Inhalt:<\/h4>\n<p>Eine Packung Moon Flow Winter Tee enth\u00e4lt 75 Gramm losen Kr\u00e4utertee. Das ist mehr als genug f\u00fcr einen Monat, wenn Sie jeden Tag ein bis zwei Tassen Tee trinken w\u00fcrden.<br \/>\nDas Produkt ist vegan und koffeinfrei, so dass es auch am Abend getrunken werden kann.<br \/>\n&nbsp;<\/p>\n<h4>Tipps zur Einstellung<\/h4>\n<p>Wie man Moon Flow Tee verwendet und aufbr\u00fcht, erfahren Sie unter <a href=\"https:\/\/www.alternatievemiddelen.nl\/de\/wie-man-den-mondfluss-tee-verwendet-und-aufbruht\/\">unsere spezielle Seite in unserer Bibliothek<\/a>. Oder lesen Sie die Antworten unter <a href=\"https:\/\/www.alternatievemiddelen.nl\/de\/haufig-gestellte-fragen-moon-flow-tea\/\">H\u00e4ufig gestellte Fragen Moon Flow Tee<\/a>.<br \/>\n&nbsp;<br \/>\n&nbsp;<br \/>\n<b>Achtung!<\/b><br \/>\n- Kr\u00e4utertee ist kein Ersatz f\u00fcr \u00e4rztliche Beratung oder Behandlung; konsultieren Sie bei Fragen immer Ihren Arzt.<\/p>\n<p>- Wenn Sie an einer Krankheit leiden, Medikamente einnehmen, schwanger sind oder stillen, fragen Sie Ihren Arzt oder Ihre Hebamme, bevor Sie diesen Tee trinken.<\/p>\n<p>- Dieser Tee ist speziell f\u00fcr Erwachsene geeignet.<\/p>","protected":false},"excerpt":{"rendered":"<p>Moon Flow Wintertee ist eine biologische Mischung aus sorgf\u00e4ltig ausgew\u00e4hlten Kr\u00e4utern mit einigen zus\u00e4tzlichen Kr\u00e4utern f\u00fcr einen winterlichen Geschmack.<\/p>\n<p><b>Nutzen Sie die Vorteile von B\u00fcndelrabatten? Stellen Sie Ihr <a href=\"https:\/\/www.alternatievemiddelen.nl\/de\/produkte\/moon-flow-tee-starter-kit\/\"><b>Erstellen Sie Ihr eigenes Paket mit Moon Flow Teeprodukten<\/b><\/a> und erhalten einen Rabatt.<\/b>\t<\/p>","protected":false},"featured_media":49065,"comment_status":"open","ping_status":"closed","template":"","meta":[],"product_brand":[],"product_cat":[3042,3769],"product_tag":[2951,3781,3086,2875,3783,3780,3779,3774,3775,3782,3785,3776,3777,3789,3786,3784,3089,3790],"merk":[3768],"class_list":{"0":"post-49058","1":"product","2":"type-product","3":"status-publish","4":"has-post-thumbnail","6":"product_cat-gezonde-voedingsmiddelen","7":"product_cat-moon-flow-thee-menstruatie-thee","8":"product_tag-biologisch","9":"product_tag-buikkrampen","10":"product_tag-cafeinevrij","11":"product_tag-gezondheid","12":"product_tag-hoofdpijn","13":"product_tag-hormoonbalans","14":"product_tag-kruidenthee","15":"product_tag-menstruatie","16":"product_tag-menstruatieklachten","17":"product_tag-migraine","18":"product_tag-misselijkheid","19":"product_tag-moon-flow","20":"product_tag-moon-flow-thee","21":"product_tag-moon-flow-winter-thee","22":"product_tag-ovulaties","23":"product_tag-rugpijn","24":"product_tag-thee","25":"product_tag-winter","26":"merk-moon-flow-thee","28":"first","29":"instock","30":"taxable","31":"shipping-taxable","32":"purchasable","33":"product-type-simple"},"bundled_by":["49136"],"bundle_stock_status":"instock","bundle_stock_quantity":null,"bundle_virtual":false,"bundle_layout":"","bundle_add_to_cart_form_location":"","bundle_editable_in_cart":false,"bundle_sold_individually_context":"","bundle_item_grouping":"","bundle_min_size":"","bundle_max_size":"","bundle_price":[],"bundled_items":[],"bundle_sell_ids":[44176,49077,48986,49050],"yoast_head":"<!-- This site is optimized with the Yoast SEO plugin v26.1 - https:\/\/yoast.com\/wordpress\/plugins\/seo\/ -->\n<title>Moon Flow Winter thee | Menstruatie thee - 75 gr - Alternatievemiddelen.nl<\/title>\n<meta name=\"description\" content=\"Moon Flow Winter thee is een biologische blend van zorgvuldig geselecteerde kruiden met wat extra kruiden aan toegevoegd voor een winterse smaak.\" \/>\n<meta name=\"robots\" content=\"index, follow, max-snippet:-1, max-image-preview:large, max-video-preview:-1\" \/>\n<link rel=\"canonical\" href=\"https:\/\/www.alternatievemiddelen.nl\/de\/wp-json\/wp\/v2\/product\/49058\" \/>\n<meta property=\"og:locale\" content=\"de_DE\" \/>\n<meta property=\"og:type\" content=\"article\" \/>\n<meta property=\"og:title\" content=\"Moon Flow Winter thee | Menstruatie thee - 75 gr - Alternatievemiddelen.nl\" \/>\n<meta property=\"og:description\" content=\"Moon Flow Winter thee is een biologische blend van zorgvuldig geselecteerde kruiden met wat extra kruiden aan toegevoegd voor een winterse smaak.\" \/>\n<meta property=\"og:url\" content=\"https:\/\/www.alternatievemiddelen.nl\/de\/produkte\/mondfluss-wintertee\/\" \/>\n<meta property=\"og:site_name\" content=\"Alternatievemiddelen.nl\" \/>\n<meta property=\"article:modified_time\" content=\"2025-12-15T10:00:13+00:00\" \/>\n<meta property=\"og:image\" content=\"\/wp-content\/uploads\/2025\/09\/Moon-Flow-Winter-thee.jpg\" \/>\n\t<meta property=\"og:image:width\" content=\"1200\" \/>\n\t<meta property=\"og:image:height\" content=\"1600\" \/>\n\t<meta property=\"og:image:type\" content=\"image\/jpeg\" \/>\n<meta name=\"twitter:card\" content=\"summary_large_image\" \/>\n<meta name=\"twitter:label1\" content=\"Gesch\u00e4tzte Lesezeit\" \/>\n\t<meta name=\"twitter:data1\" content=\"4\u00a0Minuten\" \/>\n<script type=\"application\/ld+json\" class=\"yoast-schema-graph\">{\"@context\":\"https:\/\/schema.org\",\"@graph\":[{\"@type\":[\"WebPage\",\"ItemPage\"],\"@id\":\"https:\/\/www.alternatievemiddelen.nl\/producten\/moon-flow-winter-thee\/\",\"url\":\"https:\/\/www.alternatievemiddelen.nl\/producten\/moon-flow-winter-thee\/\",\"name\":\"Moon Flow Winter thee | Menstruatie thee - 75 gr - Alternatievemiddelen.nl\",\"isPartOf\":{\"@id\":\"https:\/\/www.alternatievemiddelen.nl\/#website\"},\"primaryImageOfPage\":{\"@id\":\"https:\/\/www.alternatievemiddelen.nl\/producten\/moon-flow-winter-thee\/#primaryimage\"},\"image\":{\"@id\":\"https:\/\/www.alternatievemiddelen.nl\/producten\/moon-flow-winter-thee\/#primaryimage\"},\"thumbnailUrl\":\"https:\/\/www.alternatievemiddelen.nl\/wp-content\/uploads\/2025\/09\/Moon-Flow-Winter-thee.jpg\",\"datePublished\":\"2025-09-21T06:00:17+00:00\",\"dateModified\":\"2025-12-15T10:00:13+00:00\",\"description\":\"Moon Flow Winter thee is een biologische blend van zorgvuldig geselecteerde kruiden met wat extra kruiden aan toegevoegd voor een winterse smaak.\",\"breadcrumb\":{\"@id\":\"https:\/\/www.alternatievemiddelen.nl\/producten\/moon-flow-winter-thee\/#breadcrumb\"},\"inLanguage\":\"de\",\"potentialAction\":[{\"@type\":\"ReadAction\",\"target\":[\"https:\/\/www.alternatievemiddelen.nl\/producten\/moon-flow-winter-thee\/\"]}]},{\"@type\":\"ImageObject\",\"inLanguage\":\"de\",\"@id\":\"https:\/\/www.alternatievemiddelen.nl\/producten\/moon-flow-winter-thee\/#primaryimage\",\"url\":\"https:\/\/www.alternatievemiddelen.nl\/wp-content\/uploads\/2025\/09\/Moon-Flow-Winter-thee.jpg\",\"contentUrl\":\"https:\/\/www.alternatievemiddelen.nl\/wp-content\/uploads\/2025\/09\/Moon-Flow-Winter-thee.jpg\",\"width\":1200,\"height\":1600,\"caption\":\"Moon Flow Winter thee\"},{\"@type\":\"BreadcrumbList\",\"@id\":\"https:\/\/www.alternatievemiddelen.nl\/producten\/moon-flow-winter-thee\/#breadcrumb\",\"itemListElement\":[{\"@type\":\"ListItem\",\"position\":1,\"name\":\"Home\",\"item\":\"https:\/\/www.alternatievemiddelen.nl\/\"},{\"@type\":\"ListItem\",\"position\":2,\"name\":\"Producten\",\"item\":\"https:\/\/www.alternatievemiddelen.nl\/producten\/\"},{\"@type\":\"ListItem\",\"position\":3,\"name\":\"Moon Flow Winter thee | Menstruatie thee &#8211; 75 gr\"}]},{\"@type\":\"WebSite\",\"@id\":\"https:\/\/www.alternatievemiddelen.nl\/#website\",\"url\":\"https:\/\/www.alternatievemiddelen.nl\/\",\"name\":\"Alternatievemiddelen.nl\",\"description\":\"Webshop met gezonde, duurzame en ecologische alternatieve mogelijkheden in de hedendaagse levenstijl. Alles uit eigen ervaring.\",\"publisher\":{\"@id\":\"https:\/\/www.alternatievemiddelen.nl\/#organization\"},\"potentialAction\":[{\"@type\":\"SearchAction\",\"target\":{\"@type\":\"EntryPoint\",\"urlTemplate\":\"https:\/\/www.alternatievemiddelen.nl\/?s={search_term_string}\"},\"query-input\":{\"@type\":\"PropertyValueSpecification\",\"valueRequired\":true,\"valueName\":\"search_term_string\"}}],\"inLanguage\":\"de\"},{\"@type\":\"Organization\",\"@id\":\"https:\/\/www.alternatievemiddelen.nl\/#organization\",\"name\":\"Alternatievemiddelen.nl\",\"url\":\"https:\/\/www.alternatievemiddelen.nl\/\",\"logo\":{\"@type\":\"ImageObject\",\"inLanguage\":\"de\",\"@id\":\"https:\/\/www.alternatievemiddelen.nl\/#\/schema\/logo\/image\/\",\"url\":\"https:\/\/www.alternatievemiddelen.nl\/wp-content\/uploads\/2023\/10\/alternatievemiddelen-PNG-logo.png\",\"contentUrl\":\"https:\/\/www.alternatievemiddelen.nl\/wp-content\/uploads\/2023\/10\/alternatievemiddelen-PNG-logo.png\",\"width\":6400,\"height\":3062,\"caption\":\"Alternatievemiddelen.nl\"},\"image\":{\"@id\":\"https:\/\/www.alternatievemiddelen.nl\/#\/schema\/logo\/image\/\"}}]}<\/script>\n<!-- \/ Yoast SEO plugin. -->","yoast_head_json":{"title":"Moon Flow Winter thee | Menstruatie thee - 75 gr - Alternatievemiddelen.nl","description":"Moon Flow Winter thee is een biologische blend van zorgvuldig geselecteerde kruiden met wat extra kruiden aan toegevoegd voor een winterse smaak.","robots":{"index":"index","follow":"follow","max-snippet":"max-snippet:-1","max-image-preview":"max-image-preview:large","max-video-preview":"max-video-preview:-1"},"canonical":"https:\/\/www.alternatievemiddelen.nl\/de\/wp-json\/wp\/v2\/product\/49058","og_locale":"de_DE","og_type":"article","og_title":"Moon Flow Winter thee | Menstruatie thee - 75 gr - Alternatievemiddelen.nl","og_description":"Moon Flow Winter thee is een biologische blend van zorgvuldig geselecteerde kruiden met wat extra kruiden aan toegevoegd voor een winterse smaak.","og_url":"https:\/\/www.alternatievemiddelen.nl\/de\/produkte\/mondfluss-wintertee\/","og_site_name":"Alternatievemiddelen.nl","article_modified_time":"2025-12-15T10:00:13+00:00","og_image":[{"width":1200,"height":1600,"url":"\/wp-content\/uploads\/2025\/09\/Moon-Flow-Winter-thee.jpg","type":"image\/jpeg"}],"twitter_card":"summary_large_image","twitter_misc":{"Gesch\u00e4tzte Lesezeit":"4\u00a0Minuten"},"schema":{"@context":"https:\/\/schema.org","@graph":[{"@type":["WebPage","ItemPage"],"@id":"https:\/\/www.alternatievemiddelen.nl\/producten\/moon-flow-winter-thee\/","url":"https:\/\/www.alternatievemiddelen.nl\/producten\/moon-flow-winter-thee\/","name":"Moon Flow Winter thee | Menstruatie thee - 75 gr - Alternatievemiddelen.nl","isPartOf":{"@id":"https:\/\/www.alternatievemiddelen.nl\/#website"},"primaryImageOfPage":{"@id":"https:\/\/www.alternatievemiddelen.nl\/producten\/moon-flow-winter-thee\/#primaryimage"},"image":{"@id":"https:\/\/www.alternatievemiddelen.nl\/producten\/moon-flow-winter-thee\/#primaryimage"},"thumbnailUrl":"https:\/\/www.alternatievemiddelen.nl\/wp-content\/uploads\/2025\/09\/Moon-Flow-Winter-thee.jpg","datePublished":"2025-09-21T06:00:17+00:00","dateModified":"2025-12-15T10:00:13+00:00","description":"Moon Flow Winter thee is een biologische blend van zorgvuldig geselecteerde kruiden met wat extra kruiden aan toegevoegd voor een winterse smaak.","breadcrumb":{"@id":"https:\/\/www.alternatievemiddelen.nl\/producten\/moon-flow-winter-thee\/#breadcrumb"},"inLanguage":"de","potentialAction":[{"@type":"ReadAction","target":["https:\/\/www.alternatievemiddelen.nl\/producten\/moon-flow-winter-thee\/"]}]},{"@type":"ImageObject","inLanguage":"de","@id":"https:\/\/www.alternatievemiddelen.nl\/producten\/moon-flow-winter-thee\/#primaryimage","url":"https:\/\/www.alternatievemiddelen.nl\/wp-content\/uploads\/2025\/09\/Moon-Flow-Winter-thee.jpg","contentUrl":"https:\/\/www.alternatievemiddelen.nl\/wp-content\/uploads\/2025\/09\/Moon-Flow-Winter-thee.jpg","width":1200,"height":1600,"caption":"Moon Flow Winter thee"},{"@type":"BreadcrumbList","@id":"https:\/\/www.alternatievemiddelen.nl\/producten\/moon-flow-winter-thee\/#breadcrumb","itemListElement":[{"@type":"ListItem","position":1,"name":"Home","item":"https:\/\/www.alternatievemiddelen.nl\/"},{"@type":"ListItem","position":2,"name":"Producten","item":"https:\/\/www.alternatievemiddelen.nl\/producten\/"},{"@type":"ListItem","position":3,"name":"Moon Flow Winter thee | Menstruatie thee &#8211; 75 gr"}]},{"@type":"WebSite","@id":"https:\/\/www.alternatievemiddelen.nl\/#website","url":"https:\/\/www.alternatievemiddelen.nl\/","name":"Alternatievemiddelen.nl","description":"Webshop met gezonde, duurzame en ecologische alternatieve mogelijkheden in de hedendaagse levenstijl. Alles uit eigen ervaring.","publisher":{"@id":"https:\/\/www.alternatievemiddelen.nl\/#organization"},"potentialAction":[{"@type":"SearchAction","target":{"@type":"EntryPoint","urlTemplate":"https:\/\/www.alternatievemiddelen.nl\/?s={search_term_string}"},"query-input":{"@type":"PropertyValueSpecification","valueRequired":true,"valueName":"search_term_string"}}],"inLanguage":"de"},{"@type":"Organization","@id":"https:\/\/www.alternatievemiddelen.nl\/#organization","name":"Alternatievemiddelen.nl","url":"https:\/\/www.alternatievemiddelen.nl\/","logo":{"@type":"ImageObject","inLanguage":"de","@id":"https:\/\/www.alternatievemiddelen.nl\/#\/schema\/logo\/image\/","url":"https:\/\/www.alternatievemiddelen.nl\/wp-content\/uploads\/2023\/10\/alternatievemiddelen-PNG-logo.png","contentUrl":"https:\/\/www.alternatievemiddelen.nl\/wp-content\/uploads\/2023\/10\/alternatievemiddelen-PNG-logo.png","width":6400,"height":3062,"caption":"Alternatievemiddelen.nl"},"image":{"@id":"https:\/\/www.alternatievemiddelen.nl\/#\/schema\/logo\/image\/"}}]}},"_links":{"self":[{"href":"https:\/\/www.alternatievemiddelen.nl\/de\/wp-json\/wp\/v2\/product\/49058","targetHints":{"allow":["GET"]}}],"collection":[{"href":"https:\/\/www.alternatievemiddelen.nl\/de\/wp-json\/wp\/v2\/product"}],"about":[{"href":"https:\/\/www.alternatievemiddelen.nl\/de\/wp-json\/wp\/v2\/types\/product"}],"replies":[{"embeddable":true,"href":"https:\/\/www.alternatievemiddelen.nl\/de\/wp-json\/wp\/v2\/comments?post=49058"}],"wp:featuredmedia":[{"embeddable":true,"href":"https:\/\/www.alternatievemiddelen.nl\/de\/wp-json\/wp\/v2\/media\/49065"}],"wp:attachment":[{"href":"https:\/\/www.alternatievemiddelen.nl\/de\/wp-json\/wp\/v2\/media?parent=49058"}],"wp:term":[{"taxonomy":"product_brand","embeddable":true,"href":"https:\/\/www.alternatievemiddelen.nl\/de\/wp-json\/wp\/v2\/product_brand?post=49058"},{"taxonomy":"product_cat","embeddable":true,"href":"https:\/\/www.alternatievemiddelen.nl\/de\/wp-json\/wp\/v2\/product_cat?post=49058"},{"taxonomy":"product_tag","embeddable":true,"href":"https:\/\/www.alternatievemiddelen.nl\/de\/wp-json\/wp\/v2\/product_tag?post=49058"},{"taxonomy":"merk","embeddable":true,"href":"https:\/\/www.alternatievemiddelen.nl\/de\/wp-json\/wp\/v2\/merk?post=49058"}],"curies":[{"name":"wp","href":"https:\/\/api.w.org\/{rel}","templated":true}]}}