{"id":49093,"date":"2025-09-22T11:30:06","date_gmt":"2025-09-22T09:30:06","guid":{"rendered":"https:\/\/www.alternatievemiddelen.nl\/?post_type=product&#038;p=49093"},"modified":"2025-12-15T10:56:38","modified_gmt":"2025-12-15T09:56:38","slug":"mom-flow-moms-delight-thee","status":"publish","type":"product","link":"https:\/\/www.alternatievemiddelen.nl\/de\/produkte\/mom-flow-moms-delight-tee\/","title":{"rendered":"Mom Flow Mom's Delight Tee | Schwangerschafts-Tee - 75 gr"},"content":{"rendered":"<p>Mom Flow Mom's Delight ist eine harmonische Mischung aus nat\u00fcrlichen Kr\u00e4utern, die speziell f\u00fcr Frauen entwickelt wurde, die sich w\u00e4hrend der Schwangerschaft auf nat\u00fcrliche Weise entspannen und ihr Gleichgewicht finden m\u00f6chten. Mit sorgf\u00e4ltig ausgew\u00e4hlten Zutaten wie Brennnessel, Haferstroh und Zitronenmelisse bietet dieser Tee eine sanfte Unterst\u00fctzung in dieser besonderen Zeit. Genie\u00dfen Sie den beruhigenden Geschmack von Kamille und Hagebutte mit einem Hauch von w\u00e4rmendem Ingwer.<br \/>\n- Unterst\u00fctzt Ihr nat\u00fcrliches Gleichgewicht bei Unwohlsein<br \/>\n- Gew\u00fcrzmischung, handgemischt<br \/>\n- Ohne Himbeerbl\u00e4tter<br \/>\n- Inhalt: 75 Gramm<br \/>\n- 100% entkoffeiniert<br \/>\n&nbsp;<\/p>\n<h3>Zutaten:<\/h3>\n<p>Brennnessel, Haferstroh, Zitronenmelisse, Ingwer, Kamille, Hagebutte<br \/>\n&nbsp;<\/p>\n<h3>Was ist Mom Flow Mom's Delight Tee?<\/h3>\n<p>Mom Flow Mom's Delight Tee ist eine biologische Mischung aus sorgf\u00e4ltig ausgew\u00e4hlten Kr\u00e4utern, die speziell f\u00fcr Frauen entwickelt wurde, die sich w\u00e4hrend der Schwangerschaft entspannen und auf nat\u00fcrliche Weise ihr Gleichgewicht finden m\u00f6chten. Dieser Tee unterst\u00fctzt Ihren K\u00f6rper in dieser besonderen Zeit und hilft Ihnen, sich auf sanfte und nat\u00fcrliche Weise zu entspannen. Die sorgf\u00e4ltig ausgew\u00e4hlten Zutaten passen zu einem bewussten und unterst\u00fctzenden Lebensstil.<\/p>\n<p>Der Tee wird in loser Form geliefert, so dass Sie sich ganz einfach Ihre eigene Tasse oder Kanne mit k\u00f6stlichem Kr\u00e4utertee zubereiten k\u00f6nnen.<br \/>\n&nbsp;<\/p>\n<h3>Wie funktioniert der Mom Flow Mom's Delight Tee?<\/h3>\n<p>Mom Flow Mom's Delight Tee enth\u00e4lt nur Kr\u00e4uter, die auf sanfte und nat\u00fcrliche Weise zu Ihrem Wohlbefinden w\u00e4hrend der Schwangerschaft beitragen k\u00f6nnen.<\/p>\n<ul>\n<li>Brennnessel - Reich an Vitaminen und Mineralien, unterst\u00fctzt die allgemeine Vitalit\u00e4t und hilft, einen gesunden Wasserhaushalt zu erhalten.<\/li>\n<li>Haferstroh - Enth\u00e4lt nat\u00fcrliche N\u00e4hrstoffe, die zur Entspannung und einem ausgeglichenen Geisteszustand beitragen k\u00f6nnen.<\/li>\n<li>Zitronenmelisse - ist bekannt f\u00fcr ihre beruhigenden Eigenschaften und kann helfen, den inneren Frieden zu f\u00f6rdern.<\/li>\n<li>Ingwer - Unterst\u00fctzt die Verdauung und tr\u00e4gt zu einem angenehmen Gef\u00fchl im Magen bei.<\/li>\n<li>Kamille - Ein sanftes und beruhigendes Kraut, das hilft, sich zu entspannen und zu erholen.<\/li>\n<li>Hagebutte - Reich an Vitamin C und Antioxidantien, unterst\u00fctzt das Immunsystem und verleiht einen frisch-s\u00fc\u00dfen Geschmack.<\/li>\n<\/ul>\n<p>&nbsp;<br \/>\n<i>* Aufgrund der geltenden Gesetzgebung d\u00fcrfen nur begrenzte Informationen \u00fcber die potenzielle Verwendung der Kr\u00e4uter in diesem Tee weitergegeben werden. Gesundheitsbezogene Angaben m\u00fcssen noch von der Europ\u00e4ischen Kommission genehmigt werden.<\/i><br \/>\n&nbsp;<\/p>\n<h4>Inhalt:<\/h4>\n<p>Eine Packung Mom Flow Mom's Delight Tee enth\u00e4lt 75 Gramm losen Kr\u00e4utertee. Das ist mehr als genug f\u00fcr einen Monat, wenn man t\u00e4glich ein bis zwei Tassen Tee trinkt.<br \/>\nDas Produkt ist vegan und koffeinfrei, so dass es auch am Abend getrunken werden kann.<br \/>\n&nbsp;<\/p>\n<h4>Tipps zur Einstellung<\/h4>\n<p>Wie man Moon Flow Tee verwendet und aufbr\u00fcht, erfahren Sie unter <a href=\"https:\/\/www.alternatievemiddelen.nl\/de\/wie-man-den-mondfluss-tee-verwendet-und-aufbruht\/\">unsere spezielle Seite in unserer Bibliothek<\/a>. Oder lesen Sie die Antworten unter <a href=\"https:\/\/www.alternatievemiddelen.nl\/de\/haufig-gestellte-fragen-moon-flow-tea\/\">H\u00e4ufig gestellte Fragen Moon Flow Tee<\/a>.<br \/>\n&nbsp;<br \/>\n&nbsp;<br \/>\n<b>Achtung!<\/b><br \/>\n- Kr\u00e4utertee ist kein Ersatz f\u00fcr \u00e4rztliche Beratung oder Behandlung; konsultieren Sie bei Fragen immer Ihren Arzt.<\/p>\n<p>- Wenn Sie an einer Krankheit leiden, Medikamente einnehmen, schwanger sind oder stillen, fragen Sie Ihren Arzt oder Ihre Hebamme, bevor Sie diesen Tee trinken.<\/p>\n<p>- Dieser Tee ist speziell f\u00fcr Erwachsene geeignet.<\/p>","protected":false},"excerpt":{"rendered":"<p>Mom Flow Mom's Delight ist eine nat\u00fcrliche Kr\u00e4utermischung speziell f\u00fcr Frauen, die sich w\u00e4hrend der Schwangerschaft entspannen und ihr Gleichgewicht finden wollen.<\/p>\n<p><b>Nutzen Sie die Vorteile von B\u00fcndelrabatten? Stellen Sie Ihr <a href=\"https:\/\/www.alternatievemiddelen.nl\/de\/produkte\/moon-flow-tee-starter-kit\/\"><b>Erstellen Sie Ihr eigenes Paket mit Moon Flow Teeprodukten<\/b><\/a> und erhalten einen Rabatt.<\/b>\t<\/p>","protected":false},"featured_media":49105,"comment_status":"open","ping_status":"closed","template":"","meta":[],"product_brand":[],"product_cat":[3042,3771],"product_tag":[2951,3086,2875,3780,3779,3797,3798,3795,3776,3089,3796],"merk":[3768],"class_list":{"0":"post-49093","1":"product","2":"type-product","3":"status-publish","4":"has-post-thumbnail","6":"product_cat-gezonde-voedingsmiddelen","7":"product_cat-mom-flow-thee-tijdens-en-na-zwangerschap-thee","8":"product_tag-biologisch","9":"product_tag-cafeinevrij","10":"product_tag-gezondheid","11":"product_tag-hormoonbalans","12":"product_tag-kruidenthee","13":"product_tag-mom-flow","14":"product_tag-mom-flow-moms-delight","15":"product_tag-mom-flow-moms-delight-thee","16":"product_tag-moon-flow","17":"product_tag-thee","18":"product_tag-zwangerschapsthee","19":"merk-moon-flow-thee","21":"first","22":"instock","23":"taxable","24":"shipping-taxable","25":"purchasable","26":"product-type-simple"},"bundled_by":["49136"],"bundle_stock_status":"instock","bundle_stock_quantity":null,"bundle_virtual":false,"bundle_layout":"","bundle_add_to_cart_form_location":"","bundle_editable_in_cart":false,"bundle_sold_individually_context":"","bundle_item_grouping":"","bundle_min_size":"","bundle_max_size":"","bundle_price":[],"bundled_items":[],"bundle_sell_ids":[44176,49111,49119],"yoast_head":"<!-- This site is optimized with the Yoast SEO plugin v26.1 - https:\/\/yoast.com\/wordpress\/plugins\/seo\/ -->\n<title>Mom Flow Mom\u2019s Delight thee | Zwangerschapsthee - 75 gr - Alternatievemiddelen.nl<\/title>\n<meta name=\"description\" content=\"Mom Flow Mom\u2019s Delight thee is een blend van natuurlijke kruiden, speciaal voor vrouwen die tijdens hun zwangerschap willen ontspannen en balans vinden.\" \/>\n<meta name=\"robots\" content=\"index, follow, max-snippet:-1, max-image-preview:large, max-video-preview:-1\" \/>\n<link rel=\"canonical\" href=\"https:\/\/www.alternatievemiddelen.nl\/de\/wp-json\/wp\/v2\/product\/49093\" \/>\n<meta property=\"og:locale\" content=\"de_DE\" \/>\n<meta property=\"og:type\" content=\"article\" \/>\n<meta property=\"og:title\" content=\"Mom Flow Mom\u2019s Delight thee | Zwangerschapsthee - 75 gr - Alternatievemiddelen.nl\" \/>\n<meta property=\"og:description\" content=\"Mom Flow Mom\u2019s Delight thee is een blend van natuurlijke kruiden, speciaal voor vrouwen die tijdens hun zwangerschap willen ontspannen en balans vinden.\" \/>\n<meta property=\"og:url\" content=\"https:\/\/www.alternatievemiddelen.nl\/de\/produkte\/mom-flow-moms-delight-tee\/\" \/>\n<meta property=\"og:site_name\" content=\"Alternatievemiddelen.nl\" \/>\n<meta property=\"article:modified_time\" content=\"2025-12-15T09:56:38+00:00\" \/>\n<meta property=\"og:image\" content=\"\/wp-content\/uploads\/2025\/09\/Mom-Flow-Moms-Delight-thee-1.jpg\" \/>\n\t<meta property=\"og:image:width\" content=\"600\" \/>\n\t<meta property=\"og:image:height\" content=\"800\" \/>\n\t<meta property=\"og:image:type\" content=\"image\/jpeg\" \/>\n<meta name=\"twitter:card\" content=\"summary_large_image\" \/>\n<meta name=\"twitter:label1\" content=\"Gesch\u00e4tzte Lesezeit\" \/>\n\t<meta name=\"twitter:data1\" content=\"3\u00a0Minuten\" \/>\n<script type=\"application\/ld+json\" class=\"yoast-schema-graph\">{\"@context\":\"https:\/\/schema.org\",\"@graph\":[{\"@type\":[\"WebPage\",\"ItemPage\"],\"@id\":\"https:\/\/www.alternatievemiddelen.nl\/producten\/mom-flow-moms-delight-thee\/\",\"url\":\"https:\/\/www.alternatievemiddelen.nl\/producten\/mom-flow-moms-delight-thee\/\",\"name\":\"Mom Flow Mom\u2019s Delight thee | Zwangerschapsthee - 75 gr - Alternatievemiddelen.nl\",\"isPartOf\":{\"@id\":\"https:\/\/www.alternatievemiddelen.nl\/#website\"},\"primaryImageOfPage\":{\"@id\":\"https:\/\/www.alternatievemiddelen.nl\/producten\/mom-flow-moms-delight-thee\/#primaryimage\"},\"image\":{\"@id\":\"https:\/\/www.alternatievemiddelen.nl\/producten\/mom-flow-moms-delight-thee\/#primaryimage\"},\"thumbnailUrl\":\"https:\/\/www.alternatievemiddelen.nl\/wp-content\/uploads\/2025\/09\/Mom-Flow-Moms-Delight-thee-1.jpg\",\"datePublished\":\"2025-09-22T09:30:06+00:00\",\"dateModified\":\"2025-12-15T09:56:38+00:00\",\"description\":\"Mom Flow Mom\u2019s Delight thee is een blend van natuurlijke kruiden, speciaal voor vrouwen die tijdens hun zwangerschap willen ontspannen en balans vinden.\",\"breadcrumb\":{\"@id\":\"https:\/\/www.alternatievemiddelen.nl\/producten\/mom-flow-moms-delight-thee\/#breadcrumb\"},\"inLanguage\":\"de\",\"potentialAction\":[{\"@type\":\"ReadAction\",\"target\":[\"https:\/\/www.alternatievemiddelen.nl\/producten\/mom-flow-moms-delight-thee\/\"]}]},{\"@type\":\"ImageObject\",\"inLanguage\":\"de\",\"@id\":\"https:\/\/www.alternatievemiddelen.nl\/producten\/mom-flow-moms-delight-thee\/#primaryimage\",\"url\":\"https:\/\/www.alternatievemiddelen.nl\/wp-content\/uploads\/2025\/09\/Mom-Flow-Moms-Delight-thee-1.jpg\",\"contentUrl\":\"https:\/\/www.alternatievemiddelen.nl\/wp-content\/uploads\/2025\/09\/Mom-Flow-Moms-Delight-thee-1.jpg\",\"width\":600,\"height\":800,\"caption\":\"Mom Flow Mom's Delight thee\"},{\"@type\":\"BreadcrumbList\",\"@id\":\"https:\/\/www.alternatievemiddelen.nl\/producten\/mom-flow-moms-delight-thee\/#breadcrumb\",\"itemListElement\":[{\"@type\":\"ListItem\",\"position\":1,\"name\":\"Home\",\"item\":\"https:\/\/www.alternatievemiddelen.nl\/\"},{\"@type\":\"ListItem\",\"position\":2,\"name\":\"Producten\",\"item\":\"https:\/\/www.alternatievemiddelen.nl\/producten\/\"},{\"@type\":\"ListItem\",\"position\":3,\"name\":\"Mom Flow Mom\u2019s Delight thee | Zwangerschapsthee &#8211; 75 gr\"}]},{\"@type\":\"WebSite\",\"@id\":\"https:\/\/www.alternatievemiddelen.nl\/#website\",\"url\":\"https:\/\/www.alternatievemiddelen.nl\/\",\"name\":\"Alternatievemiddelen.nl\",\"description\":\"Webshop met gezonde, duurzame en ecologische alternatieve mogelijkheden in de hedendaagse levenstijl. Alles uit eigen ervaring.\",\"publisher\":{\"@id\":\"https:\/\/www.alternatievemiddelen.nl\/#organization\"},\"potentialAction\":[{\"@type\":\"SearchAction\",\"target\":{\"@type\":\"EntryPoint\",\"urlTemplate\":\"https:\/\/www.alternatievemiddelen.nl\/?s={search_term_string}\"},\"query-input\":{\"@type\":\"PropertyValueSpecification\",\"valueRequired\":true,\"valueName\":\"search_term_string\"}}],\"inLanguage\":\"de\"},{\"@type\":\"Organization\",\"@id\":\"https:\/\/www.alternatievemiddelen.nl\/#organization\",\"name\":\"Alternatievemiddelen.nl\",\"url\":\"https:\/\/www.alternatievemiddelen.nl\/\",\"logo\":{\"@type\":\"ImageObject\",\"inLanguage\":\"de\",\"@id\":\"https:\/\/www.alternatievemiddelen.nl\/#\/schema\/logo\/image\/\",\"url\":\"https:\/\/www.alternatievemiddelen.nl\/wp-content\/uploads\/2023\/10\/alternatievemiddelen-PNG-logo.png\",\"contentUrl\":\"https:\/\/www.alternatievemiddelen.nl\/wp-content\/uploads\/2023\/10\/alternatievemiddelen-PNG-logo.png\",\"width\":6400,\"height\":3062,\"caption\":\"Alternatievemiddelen.nl\"},\"image\":{\"@id\":\"https:\/\/www.alternatievemiddelen.nl\/#\/schema\/logo\/image\/\"}}]}<\/script>\n<!-- \/ Yoast SEO plugin. -->","yoast_head_json":{"title":"Mom Flow Mom\u2019s Delight thee | Zwangerschapsthee - 75 gr - Alternatievemiddelen.nl","description":"Mom Flow Mom\u2019s Delight thee is een blend van natuurlijke kruiden, speciaal voor vrouwen die tijdens hun zwangerschap willen ontspannen en balans vinden.","robots":{"index":"index","follow":"follow","max-snippet":"max-snippet:-1","max-image-preview":"max-image-preview:large","max-video-preview":"max-video-preview:-1"},"canonical":"https:\/\/www.alternatievemiddelen.nl\/de\/wp-json\/wp\/v2\/product\/49093","og_locale":"de_DE","og_type":"article","og_title":"Mom Flow Mom\u2019s Delight thee | Zwangerschapsthee - 75 gr - Alternatievemiddelen.nl","og_description":"Mom Flow Mom\u2019s Delight thee is een blend van natuurlijke kruiden, speciaal voor vrouwen die tijdens hun zwangerschap willen ontspannen en balans vinden.","og_url":"https:\/\/www.alternatievemiddelen.nl\/de\/produkte\/mom-flow-moms-delight-tee\/","og_site_name":"Alternatievemiddelen.nl","article_modified_time":"2025-12-15T09:56:38+00:00","og_image":[{"width":600,"height":800,"url":"\/wp-content\/uploads\/2025\/09\/Mom-Flow-Moms-Delight-thee-1.jpg","type":"image\/jpeg"}],"twitter_card":"summary_large_image","twitter_misc":{"Gesch\u00e4tzte Lesezeit":"3\u00a0Minuten"},"schema":{"@context":"https:\/\/schema.org","@graph":[{"@type":["WebPage","ItemPage"],"@id":"https:\/\/www.alternatievemiddelen.nl\/producten\/mom-flow-moms-delight-thee\/","url":"https:\/\/www.alternatievemiddelen.nl\/producten\/mom-flow-moms-delight-thee\/","name":"Mom Flow Mom\u2019s Delight thee | Zwangerschapsthee - 75 gr - Alternatievemiddelen.nl","isPartOf":{"@id":"https:\/\/www.alternatievemiddelen.nl\/#website"},"primaryImageOfPage":{"@id":"https:\/\/www.alternatievemiddelen.nl\/producten\/mom-flow-moms-delight-thee\/#primaryimage"},"image":{"@id":"https:\/\/www.alternatievemiddelen.nl\/producten\/mom-flow-moms-delight-thee\/#primaryimage"},"thumbnailUrl":"https:\/\/www.alternatievemiddelen.nl\/wp-content\/uploads\/2025\/09\/Mom-Flow-Moms-Delight-thee-1.jpg","datePublished":"2025-09-22T09:30:06+00:00","dateModified":"2025-12-15T09:56:38+00:00","description":"Mom Flow Mom\u2019s Delight thee is een blend van natuurlijke kruiden, speciaal voor vrouwen die tijdens hun zwangerschap willen ontspannen en balans vinden.","breadcrumb":{"@id":"https:\/\/www.alternatievemiddelen.nl\/producten\/mom-flow-moms-delight-thee\/#breadcrumb"},"inLanguage":"de","potentialAction":[{"@type":"ReadAction","target":["https:\/\/www.alternatievemiddelen.nl\/producten\/mom-flow-moms-delight-thee\/"]}]},{"@type":"ImageObject","inLanguage":"de","@id":"https:\/\/www.alternatievemiddelen.nl\/producten\/mom-flow-moms-delight-thee\/#primaryimage","url":"https:\/\/www.alternatievemiddelen.nl\/wp-content\/uploads\/2025\/09\/Mom-Flow-Moms-Delight-thee-1.jpg","contentUrl":"https:\/\/www.alternatievemiddelen.nl\/wp-content\/uploads\/2025\/09\/Mom-Flow-Moms-Delight-thee-1.jpg","width":600,"height":800,"caption":"Mom Flow Mom's Delight thee"},{"@type":"BreadcrumbList","@id":"https:\/\/www.alternatievemiddelen.nl\/producten\/mom-flow-moms-delight-thee\/#breadcrumb","itemListElement":[{"@type":"ListItem","position":1,"name":"Home","item":"https:\/\/www.alternatievemiddelen.nl\/"},{"@type":"ListItem","position":2,"name":"Producten","item":"https:\/\/www.alternatievemiddelen.nl\/producten\/"},{"@type":"ListItem","position":3,"name":"Mom Flow Mom\u2019s Delight thee | Zwangerschapsthee &#8211; 75 gr"}]},{"@type":"WebSite","@id":"https:\/\/www.alternatievemiddelen.nl\/#website","url":"https:\/\/www.alternatievemiddelen.nl\/","name":"Alternatievemiddelen.nl","description":"Webshop met gezonde, duurzame en ecologische alternatieve mogelijkheden in de hedendaagse levenstijl. Alles uit eigen ervaring.","publisher":{"@id":"https:\/\/www.alternatievemiddelen.nl\/#organization"},"potentialAction":[{"@type":"SearchAction","target":{"@type":"EntryPoint","urlTemplate":"https:\/\/www.alternatievemiddelen.nl\/?s={search_term_string}"},"query-input":{"@type":"PropertyValueSpecification","valueRequired":true,"valueName":"search_term_string"}}],"inLanguage":"de"},{"@type":"Organization","@id":"https:\/\/www.alternatievemiddelen.nl\/#organization","name":"Alternatievemiddelen.nl","url":"https:\/\/www.alternatievemiddelen.nl\/","logo":{"@type":"ImageObject","inLanguage":"de","@id":"https:\/\/www.alternatievemiddelen.nl\/#\/schema\/logo\/image\/","url":"https:\/\/www.alternatievemiddelen.nl\/wp-content\/uploads\/2023\/10\/alternatievemiddelen-PNG-logo.png","contentUrl":"https:\/\/www.alternatievemiddelen.nl\/wp-content\/uploads\/2023\/10\/alternatievemiddelen-PNG-logo.png","width":6400,"height":3062,"caption":"Alternatievemiddelen.nl"},"image":{"@id":"https:\/\/www.alternatievemiddelen.nl\/#\/schema\/logo\/image\/"}}]}},"_links":{"self":[{"href":"https:\/\/www.alternatievemiddelen.nl\/de\/wp-json\/wp\/v2\/product\/49093","targetHints":{"allow":["GET"]}}],"collection":[{"href":"https:\/\/www.alternatievemiddelen.nl\/de\/wp-json\/wp\/v2\/product"}],"about":[{"href":"https:\/\/www.alternatievemiddelen.nl\/de\/wp-json\/wp\/v2\/types\/product"}],"replies":[{"embeddable":true,"href":"https:\/\/www.alternatievemiddelen.nl\/de\/wp-json\/wp\/v2\/comments?post=49093"}],"wp:featuredmedia":[{"embeddable":true,"href":"https:\/\/www.alternatievemiddelen.nl\/de\/wp-json\/wp\/v2\/media\/49105"}],"wp:attachment":[{"href":"https:\/\/www.alternatievemiddelen.nl\/de\/wp-json\/wp\/v2\/media?parent=49093"}],"wp:term":[{"taxonomy":"product_brand","embeddable":true,"href":"https:\/\/www.alternatievemiddelen.nl\/de\/wp-json\/wp\/v2\/product_brand?post=49093"},{"taxonomy":"product_cat","embeddable":true,"href":"https:\/\/www.alternatievemiddelen.nl\/de\/wp-json\/wp\/v2\/product_cat?post=49093"},{"taxonomy":"product_tag","embeddable":true,"href":"https:\/\/www.alternatievemiddelen.nl\/de\/wp-json\/wp\/v2\/product_tag?post=49093"},{"taxonomy":"merk","embeddable":true,"href":"https:\/\/www.alternatievemiddelen.nl\/de\/wp-json\/wp\/v2\/merk?post=49093"}],"curies":[{"name":"wp","href":"https:\/\/api.w.org\/{rel}","templated":true}]}}