{"id":49119,"date":"2025-09-22T16:31:45","date_gmt":"2025-09-22T14:31:45","guid":{"rendered":"https:\/\/www.alternatievemiddelen.nl\/?post_type=product&#038;p=49119"},"modified":"2025-12-15T10:58:26","modified_gmt":"2025-12-15T09:58:26","slug":"mom-flow-little-tummy-care-thee","status":"publish","type":"product","link":"https:\/\/www.alternatievemiddelen.nl\/de\/produkte\/mom-flow-little-bauchpflegetee\/","title":{"rendered":"Mom Flow Little Tummy Care Tee | Stilltee gegen Kr\u00e4mpfe - 75 gr"},"content":{"rendered":"<p><b>Stilltee f\u00fcr M\u00fctter mit S\u00e4uglingen, die unter Bl\u00e4hungen oder Koliken leiden.<\/b><\/p>\n<p>Mom Flow Little Tummy Care Tee ist ein sanfter Stilltee, der speziell f\u00fcr stillende M\u00fctter entwickelt wurde, die den erholungsbed\u00fcrftigen Babybauch unterst\u00fctzen m\u00f6chten. Dieser sorgf\u00e4ltig gemischte Tee enth\u00e4lt Honigbusch, Fenchel und Anis, Kr\u00e4uter, die seit Generationen f\u00fcr ihre milden und beruhigenden Eigenschaften verwendet werden. Kamille und Brennnessel sorgen f\u00fcr einen sanften und beruhigenden Geschmack.<br \/>\n- Unterst\u00fctzt die Darmflora<br \/>\n- Gew\u00fcrzmischung, handgemischt<br \/>\n- Ohne Bockshornklee<br \/>\n- Inhalt: 75 Gramm<br \/>\n- 100% entkoffeiniert<br \/>\n&nbsp;<\/p>\n<h3>Zutaten:<\/h3>\n<p>Honigbusch, K\u00fcmmel, Anis, Fenchel, Brennnessel, Kamille<br \/>\n&nbsp;<\/p>\n<h3>Was ist Mom Flow Little Tummy Care Tee?<\/h3>\n<p>Mom Flow Little Tummy Care Tee ist ein sanfter und nat\u00fcrlicher Stilltee, der speziell f\u00fcr M\u00fctter entwickelt wurde, die ihr Baby auf nat\u00fcrliche Weise unterst\u00fctzen m\u00f6chten. Diese Kr\u00e4utermischung enth\u00e4lt sorgf\u00e4ltig ausgew\u00e4hlte Zutaten, die von M\u00fcttern seit Generationen gesch\u00e4tzt und traditionell zur F\u00f6rderung eines angenehmen Bauchgef\u00fchls verwendet werden.<\/p>\n<p>Der Tee wird in loser Form geliefert, so dass Sie sich ganz einfach Ihre eigene Tasse oder Kanne mit k\u00f6stlichem Kr\u00e4utertee zubereiten k\u00f6nnen.<br \/>\n&nbsp;<\/p>\n<h3>Wie funktioniert der Mom Flow Little Tummy Care Tee?<\/h3>\n<p>Der Mom Flow Little Tummy Care Tee enth\u00e4lt nur nat\u00fcrliche Kr\u00e4uter, die eine beruhigende und entspannende Wirkung haben k\u00f6nnen.<\/p>\n<ul>\n<li>Honeybush - Ein milder, koffeinfreier Tee, der reich an Antioxidantien ist und einen leicht s\u00fc\u00dfen und beruhigenden Geschmack hat.<\/li>\n<li>K\u00fcmmel - wird traditionell zur Unterst\u00fctzung einer guten Verdauung verwendet.<\/li>\n<li>Anis - Bekannt f\u00fcr seine sanfte und entspannende Wirkung auf den Babybauch.<\/li>\n<li>Fenchel - Unterst\u00fctzt eine ruhige Verdauung und wird seit Generationen von M\u00fcttern verwendet.<\/li>\n<li>Brennnessel - ist reich an N\u00e4hrstoffen und unterst\u00fctzt das allgemeine Wohlbefinden von Mutter und Kind.<\/li>\n<li>Kamille - Ein beruhigendes Kraut, das zur Entspannung und zu einem ruhigen Magen beitr\u00e4gt.<\/li>\n<\/ul>\n<p>&nbsp;<br \/>\n<i>* Aufgrund der geltenden Gesetzgebung d\u00fcrfen nur begrenzte Informationen \u00fcber die potenzielle Verwendung der Kr\u00e4uter in diesem Tee weitergegeben werden. Gesundheitsbezogene Angaben m\u00fcssen noch von der Europ\u00e4ischen Kommission genehmigt werden.<\/i><br \/>\n&nbsp;<\/p>\n<h4>Inhalt:<\/h4>\n<p>Eine Packung Mom Flow Little Tummy Care Tee enth\u00e4lt 75 Gramm losen Kr\u00e4utertee. Das ist mehr als genug f\u00fcr einen Monat, wenn man t\u00e4glich ein bis zwei Tassen Tee trinkt.<br \/>\nDas Produkt ist vegan und koffeinfrei, so dass es auch am Abend getrunken werden kann.<br \/>\n&nbsp;<\/p>\n<h4>Tipps zur Einstellung<\/h4>\n<p>Wie man Moon Flow Tee verwendet und aufbr\u00fcht, erfahren Sie unter <a href=\"https:\/\/www.alternatievemiddelen.nl\/de\/wie-man-den-mondfluss-tee-verwendet-und-aufbruht\/\">unsere spezielle Seite in unserer Bibliothek<\/a>. Oder lesen Sie die Antworten unter <a href=\"https:\/\/www.alternatievemiddelen.nl\/de\/haufig-gestellte-fragen-moon-flow-tea\/\">H\u00e4ufig gestellte Fragen Moon Flow Tee<\/a>.<br \/>\n&nbsp;<br \/>\n&nbsp;<br \/>\n<b>Achtung!<\/b><br \/>\n- Kr\u00e4utertee ist kein Ersatz f\u00fcr \u00e4rztliche Beratung oder Behandlung; konsultieren Sie bei Fragen immer Ihren Arzt.<\/p>\n<p>- Wenn Sie an einer Krankheit leiden, Medikamente einnehmen, schwanger sind oder stillen, fragen Sie Ihren Arzt oder Ihre Hebamme, bevor Sie diesen Tee trinken.<\/p>\n<p>- Dieser Tee ist speziell f\u00fcr Erwachsene geeignet.<\/p>","protected":false},"excerpt":{"rendered":"<p>Der Mom Flow Little Tummy Care Tee ist ein sanfter Stilltee, der speziell zur Unterst\u00fctzung eines erholungsbed\u00fcrftigen Babybauchs entwickelt wurde.<\/p>\n<p><b>Nutzen Sie die Vorteile von B\u00fcndelrabatten? Stellen Sie Ihr <a href=\"https:\/\/www.alternatievemiddelen.nl\/de\/produkte\/moon-flow-tee-starter-kit\/\"><b>Erstellen Sie Ihr eigenes Paket mit Moon Flow Teeprodukten<\/b><\/a> und erhalten einen Rabatt.<\/b>\t<\/p>","protected":false},"featured_media":49120,"comment_status":"open","ping_status":"closed","template":"","meta":[],"product_brand":[],"product_cat":[3042,3771],"product_tag":[2951,3799,3802,3086,2875,3780,3779,3805,3797,3804,3803,3776,3089],"merk":[3768],"class_list":{"0":"post-49119","1":"product","2":"type-product","3":"status-publish","4":"has-post-thumbnail","6":"product_cat-gezonde-voedingsmiddelen","7":"product_cat-mom-flow-thee-tijdens-en-na-zwangerschap-thee","8":"product_tag-biologisch","9":"product_tag-borstvoedingsthee","10":"product_tag-borstvoedingsthee-bij-krampjes","11":"product_tag-cafeinevrij","12":"product_tag-gezondheid","13":"product_tag-hormoonbalans","14":"product_tag-kruidenthee","15":"product_tag-little-tummy-care","16":"product_tag-mom-flow","17":"product_tag-mom-flow-little-tummy-care","18":"product_tag-mom-flow-little-tummy-care-thee","19":"product_tag-moon-flow","20":"product_tag-thee","21":"merk-moon-flow-thee","23":"first","24":"instock","25":"taxable","26":"shipping-taxable","27":"purchasable","28":"product-type-simple"},"bundled_by":["49136"],"bundle_stock_status":"instock","bundle_stock_quantity":null,"bundle_virtual":false,"bundle_layout":"","bundle_add_to_cart_form_location":"","bundle_editable_in_cart":false,"bundle_sold_individually_context":"","bundle_item_grouping":"","bundle_min_size":"","bundle_max_size":"","bundle_price":[],"bundled_items":[],"bundle_sell_ids":[44176,49093,49111],"yoast_head":"<!-- This site is optimized with the Yoast SEO plugin v26.1 - https:\/\/yoast.com\/wordpress\/plugins\/seo\/ -->\n<title>Mom Flow Little Tummy Care thee | Borstvoedingsthee bij krampjes - 75 gr - Alternatievemiddelen.nl<\/title>\n<meta name=\"description\" content=\"Mom Flow Little Tummy Care thee is een zachte borstvoedingsthee, speciaal ontwikkeld om baby&#039;s te ondersteunen bij buikjes die wat rust nodig hebben.\" \/>\n<meta name=\"robots\" content=\"index, follow, max-snippet:-1, max-image-preview:large, max-video-preview:-1\" \/>\n<link rel=\"canonical\" href=\"https:\/\/www.alternatievemiddelen.nl\/de\/wp-json\/wp\/v2\/product\/49119\" \/>\n<meta property=\"og:locale\" content=\"de_DE\" \/>\n<meta property=\"og:type\" content=\"article\" \/>\n<meta property=\"og:title\" content=\"Mom Flow Little Tummy Care thee | Borstvoedingsthee bij krampjes - 75 gr - Alternatievemiddelen.nl\" \/>\n<meta property=\"og:description\" content=\"Mom Flow Little Tummy Care thee is een zachte borstvoedingsthee, speciaal ontwikkeld om baby&#039;s te ondersteunen bij buikjes die wat rust nodig hebben.\" \/>\n<meta property=\"og:url\" content=\"https:\/\/www.alternatievemiddelen.nl\/de\/produkte\/mom-flow-little-bauchpflegetee\/\" \/>\n<meta property=\"og:site_name\" content=\"Alternatievemiddelen.nl\" \/>\n<meta property=\"article:modified_time\" content=\"2025-12-15T09:58:26+00:00\" \/>\n<meta property=\"og:image\" content=\"\/wp-content\/uploads\/2025\/09\/Mom-Flow-Little-Tummy-Care-thee.jpg\" \/>\n\t<meta property=\"og:image:width\" content=\"600\" \/>\n\t<meta property=\"og:image:height\" content=\"800\" \/>\n\t<meta property=\"og:image:type\" content=\"image\/jpeg\" \/>\n<meta name=\"twitter:card\" content=\"summary_large_image\" \/>\n<meta name=\"twitter:label1\" content=\"Gesch\u00e4tzte Lesezeit\" \/>\n\t<meta name=\"twitter:data1\" content=\"3\u00a0Minuten\" \/>\n<script type=\"application\/ld+json\" class=\"yoast-schema-graph\">{\"@context\":\"https:\/\/schema.org\",\"@graph\":[{\"@type\":[\"WebPage\",\"ItemPage\"],\"@id\":\"https:\/\/www.alternatievemiddelen.nl\/producten\/mom-flow-little-tummy-care-thee\/\",\"url\":\"https:\/\/www.alternatievemiddelen.nl\/producten\/mom-flow-little-tummy-care-thee\/\",\"name\":\"Mom Flow Little Tummy Care thee | Borstvoedingsthee bij krampjes - 75 gr - Alternatievemiddelen.nl\",\"isPartOf\":{\"@id\":\"https:\/\/www.alternatievemiddelen.nl\/#website\"},\"primaryImageOfPage\":{\"@id\":\"https:\/\/www.alternatievemiddelen.nl\/producten\/mom-flow-little-tummy-care-thee\/#primaryimage\"},\"image\":{\"@id\":\"https:\/\/www.alternatievemiddelen.nl\/producten\/mom-flow-little-tummy-care-thee\/#primaryimage\"},\"thumbnailUrl\":\"https:\/\/www.alternatievemiddelen.nl\/wp-content\/uploads\/2025\/09\/Mom-Flow-Little-Tummy-Care-thee.jpg\",\"datePublished\":\"2025-09-22T14:31:45+00:00\",\"dateModified\":\"2025-12-15T09:58:26+00:00\",\"description\":\"Mom Flow Little Tummy Care thee is een zachte borstvoedingsthee, speciaal ontwikkeld om baby's te ondersteunen bij buikjes die wat rust nodig hebben.\",\"breadcrumb\":{\"@id\":\"https:\/\/www.alternatievemiddelen.nl\/producten\/mom-flow-little-tummy-care-thee\/#breadcrumb\"},\"inLanguage\":\"de\",\"potentialAction\":[{\"@type\":\"ReadAction\",\"target\":[\"https:\/\/www.alternatievemiddelen.nl\/producten\/mom-flow-little-tummy-care-thee\/\"]}]},{\"@type\":\"ImageObject\",\"inLanguage\":\"de\",\"@id\":\"https:\/\/www.alternatievemiddelen.nl\/producten\/mom-flow-little-tummy-care-thee\/#primaryimage\",\"url\":\"https:\/\/www.alternatievemiddelen.nl\/wp-content\/uploads\/2025\/09\/Mom-Flow-Little-Tummy-Care-thee.jpg\",\"contentUrl\":\"https:\/\/www.alternatievemiddelen.nl\/wp-content\/uploads\/2025\/09\/Mom-Flow-Little-Tummy-Care-thee.jpg\",\"width\":600,\"height\":800,\"caption\":\"Mom Flow Little Tummy Care thee\"},{\"@type\":\"BreadcrumbList\",\"@id\":\"https:\/\/www.alternatievemiddelen.nl\/producten\/mom-flow-little-tummy-care-thee\/#breadcrumb\",\"itemListElement\":[{\"@type\":\"ListItem\",\"position\":1,\"name\":\"Home\",\"item\":\"https:\/\/www.alternatievemiddelen.nl\/\"},{\"@type\":\"ListItem\",\"position\":2,\"name\":\"Producten\",\"item\":\"https:\/\/www.alternatievemiddelen.nl\/producten\/\"},{\"@type\":\"ListItem\",\"position\":3,\"name\":\"Mom Flow Little Tummy Care thee | Borstvoedingsthee bij krampjes &#8211; 75 gr\"}]},{\"@type\":\"WebSite\",\"@id\":\"https:\/\/www.alternatievemiddelen.nl\/#website\",\"url\":\"https:\/\/www.alternatievemiddelen.nl\/\",\"name\":\"Alternatievemiddelen.nl\",\"description\":\"Webshop met gezonde, duurzame en ecologische alternatieve mogelijkheden in de hedendaagse levenstijl. Alles uit eigen ervaring.\",\"publisher\":{\"@id\":\"https:\/\/www.alternatievemiddelen.nl\/#organization\"},\"potentialAction\":[{\"@type\":\"SearchAction\",\"target\":{\"@type\":\"EntryPoint\",\"urlTemplate\":\"https:\/\/www.alternatievemiddelen.nl\/?s={search_term_string}\"},\"query-input\":{\"@type\":\"PropertyValueSpecification\",\"valueRequired\":true,\"valueName\":\"search_term_string\"}}],\"inLanguage\":\"de\"},{\"@type\":\"Organization\",\"@id\":\"https:\/\/www.alternatievemiddelen.nl\/#organization\",\"name\":\"Alternatievemiddelen.nl\",\"url\":\"https:\/\/www.alternatievemiddelen.nl\/\",\"logo\":{\"@type\":\"ImageObject\",\"inLanguage\":\"de\",\"@id\":\"https:\/\/www.alternatievemiddelen.nl\/#\/schema\/logo\/image\/\",\"url\":\"https:\/\/www.alternatievemiddelen.nl\/wp-content\/uploads\/2023\/10\/alternatievemiddelen-PNG-logo.png\",\"contentUrl\":\"https:\/\/www.alternatievemiddelen.nl\/wp-content\/uploads\/2023\/10\/alternatievemiddelen-PNG-logo.png\",\"width\":6400,\"height\":3062,\"caption\":\"Alternatievemiddelen.nl\"},\"image\":{\"@id\":\"https:\/\/www.alternatievemiddelen.nl\/#\/schema\/logo\/image\/\"}}]}<\/script>\n<!-- \/ Yoast SEO plugin. -->","yoast_head_json":{"title":"Mom Flow Little Tummy Care thee | Borstvoedingsthee bij krampjes - 75 gr - Alternatievemiddelen.nl","description":"Mom Flow Little Tummy Care thee is een zachte borstvoedingsthee, speciaal ontwikkeld om baby's te ondersteunen bij buikjes die wat rust nodig hebben.","robots":{"index":"index","follow":"follow","max-snippet":"max-snippet:-1","max-image-preview":"max-image-preview:large","max-video-preview":"max-video-preview:-1"},"canonical":"https:\/\/www.alternatievemiddelen.nl\/de\/wp-json\/wp\/v2\/product\/49119","og_locale":"de_DE","og_type":"article","og_title":"Mom Flow Little Tummy Care thee | Borstvoedingsthee bij krampjes - 75 gr - Alternatievemiddelen.nl","og_description":"Mom Flow Little Tummy Care thee is een zachte borstvoedingsthee, speciaal ontwikkeld om baby's te ondersteunen bij buikjes die wat rust nodig hebben.","og_url":"https:\/\/www.alternatievemiddelen.nl\/de\/produkte\/mom-flow-little-bauchpflegetee\/","og_site_name":"Alternatievemiddelen.nl","article_modified_time":"2025-12-15T09:58:26+00:00","og_image":[{"width":600,"height":800,"url":"\/wp-content\/uploads\/2025\/09\/Mom-Flow-Little-Tummy-Care-thee.jpg","type":"image\/jpeg"}],"twitter_card":"summary_large_image","twitter_misc":{"Gesch\u00e4tzte Lesezeit":"3\u00a0Minuten"},"schema":{"@context":"https:\/\/schema.org","@graph":[{"@type":["WebPage","ItemPage"],"@id":"https:\/\/www.alternatievemiddelen.nl\/producten\/mom-flow-little-tummy-care-thee\/","url":"https:\/\/www.alternatievemiddelen.nl\/producten\/mom-flow-little-tummy-care-thee\/","name":"Mom Flow Little Tummy Care thee | Borstvoedingsthee bij krampjes - 75 gr - Alternatievemiddelen.nl","isPartOf":{"@id":"https:\/\/www.alternatievemiddelen.nl\/#website"},"primaryImageOfPage":{"@id":"https:\/\/www.alternatievemiddelen.nl\/producten\/mom-flow-little-tummy-care-thee\/#primaryimage"},"image":{"@id":"https:\/\/www.alternatievemiddelen.nl\/producten\/mom-flow-little-tummy-care-thee\/#primaryimage"},"thumbnailUrl":"https:\/\/www.alternatievemiddelen.nl\/wp-content\/uploads\/2025\/09\/Mom-Flow-Little-Tummy-Care-thee.jpg","datePublished":"2025-09-22T14:31:45+00:00","dateModified":"2025-12-15T09:58:26+00:00","description":"Mom Flow Little Tummy Care thee is een zachte borstvoedingsthee, speciaal ontwikkeld om baby's te ondersteunen bij buikjes die wat rust nodig hebben.","breadcrumb":{"@id":"https:\/\/www.alternatievemiddelen.nl\/producten\/mom-flow-little-tummy-care-thee\/#breadcrumb"},"inLanguage":"de","potentialAction":[{"@type":"ReadAction","target":["https:\/\/www.alternatievemiddelen.nl\/producten\/mom-flow-little-tummy-care-thee\/"]}]},{"@type":"ImageObject","inLanguage":"de","@id":"https:\/\/www.alternatievemiddelen.nl\/producten\/mom-flow-little-tummy-care-thee\/#primaryimage","url":"https:\/\/www.alternatievemiddelen.nl\/wp-content\/uploads\/2025\/09\/Mom-Flow-Little-Tummy-Care-thee.jpg","contentUrl":"https:\/\/www.alternatievemiddelen.nl\/wp-content\/uploads\/2025\/09\/Mom-Flow-Little-Tummy-Care-thee.jpg","width":600,"height":800,"caption":"Mom Flow Little Tummy Care thee"},{"@type":"BreadcrumbList","@id":"https:\/\/www.alternatievemiddelen.nl\/producten\/mom-flow-little-tummy-care-thee\/#breadcrumb","itemListElement":[{"@type":"ListItem","position":1,"name":"Home","item":"https:\/\/www.alternatievemiddelen.nl\/"},{"@type":"ListItem","position":2,"name":"Producten","item":"https:\/\/www.alternatievemiddelen.nl\/producten\/"},{"@type":"ListItem","position":3,"name":"Mom Flow Little Tummy Care thee | Borstvoedingsthee bij krampjes &#8211; 75 gr"}]},{"@type":"WebSite","@id":"https:\/\/www.alternatievemiddelen.nl\/#website","url":"https:\/\/www.alternatievemiddelen.nl\/","name":"Alternatievemiddelen.nl","description":"Webshop met gezonde, duurzame en ecologische alternatieve mogelijkheden in de hedendaagse levenstijl. Alles uit eigen ervaring.","publisher":{"@id":"https:\/\/www.alternatievemiddelen.nl\/#organization"},"potentialAction":[{"@type":"SearchAction","target":{"@type":"EntryPoint","urlTemplate":"https:\/\/www.alternatievemiddelen.nl\/?s={search_term_string}"},"query-input":{"@type":"PropertyValueSpecification","valueRequired":true,"valueName":"search_term_string"}}],"inLanguage":"de"},{"@type":"Organization","@id":"https:\/\/www.alternatievemiddelen.nl\/#organization","name":"Alternatievemiddelen.nl","url":"https:\/\/www.alternatievemiddelen.nl\/","logo":{"@type":"ImageObject","inLanguage":"de","@id":"https:\/\/www.alternatievemiddelen.nl\/#\/schema\/logo\/image\/","url":"https:\/\/www.alternatievemiddelen.nl\/wp-content\/uploads\/2023\/10\/alternatievemiddelen-PNG-logo.png","contentUrl":"https:\/\/www.alternatievemiddelen.nl\/wp-content\/uploads\/2023\/10\/alternatievemiddelen-PNG-logo.png","width":6400,"height":3062,"caption":"Alternatievemiddelen.nl"},"image":{"@id":"https:\/\/www.alternatievemiddelen.nl\/#\/schema\/logo\/image\/"}}]}},"_links":{"self":[{"href":"https:\/\/www.alternatievemiddelen.nl\/de\/wp-json\/wp\/v2\/product\/49119","targetHints":{"allow":["GET"]}}],"collection":[{"href":"https:\/\/www.alternatievemiddelen.nl\/de\/wp-json\/wp\/v2\/product"}],"about":[{"href":"https:\/\/www.alternatievemiddelen.nl\/de\/wp-json\/wp\/v2\/types\/product"}],"replies":[{"embeddable":true,"href":"https:\/\/www.alternatievemiddelen.nl\/de\/wp-json\/wp\/v2\/comments?post=49119"}],"wp:featuredmedia":[{"embeddable":true,"href":"https:\/\/www.alternatievemiddelen.nl\/de\/wp-json\/wp\/v2\/media\/49120"}],"wp:attachment":[{"href":"https:\/\/www.alternatievemiddelen.nl\/de\/wp-json\/wp\/v2\/media?parent=49119"}],"wp:term":[{"taxonomy":"product_brand","embeddable":true,"href":"https:\/\/www.alternatievemiddelen.nl\/de\/wp-json\/wp\/v2\/product_brand?post=49119"},{"taxonomy":"product_cat","embeddable":true,"href":"https:\/\/www.alternatievemiddelen.nl\/de\/wp-json\/wp\/v2\/product_cat?post=49119"},{"taxonomy":"product_tag","embeddable":true,"href":"https:\/\/www.alternatievemiddelen.nl\/de\/wp-json\/wp\/v2\/product_tag?post=49119"},{"taxonomy":"merk","embeddable":true,"href":"https:\/\/www.alternatievemiddelen.nl\/de\/wp-json\/wp\/v2\/merk?post=49119"}],"curies":[{"name":"wp","href":"https:\/\/api.w.org\/{rel}","templated":true}]}}