{"id":49202,"date":"2025-09-26T06:58:09","date_gmt":"2025-09-26T04:58:09","guid":{"rendered":"https:\/\/www.alternatievemiddelen.nl\/?post_type=product&#038;p=49202"},"modified":"2025-12-15T10:39:12","modified_gmt":"2025-12-15T09:39:12","slug":"tr-eat-fusilli-pasta-250gr","status":"publish","type":"product","link":"https:\/\/www.alternatievemiddelen.nl\/de\/produkte\/tr-eat-fusilli-nudeln-250gr\/","title":{"rendered":"Tr-eat Fusilli Nudeln 250gr"},"content":{"rendered":"<p>Tr-eat Fusilli Pasta - Diese gesunden Fusilli enthalten nur pr\u00e4biotische Ballaststoffe und Ei. Die n\u00fctzlichen Ballaststoffe stammen aus Leinsamen, Sesam, Tapioka und Konjak (Knollen). So voll von guten Ballaststoffen!<\/p>\n<p>Auch diese Nudeln haben die Textur einer klassischen Pasta und schmecken k\u00f6stlich.<br \/>\nDie Fusilli sind auch so fertig, 5 Minuten kochen und genie\u00dfen!<br \/>\n&nbsp;<\/p>\n<h3>Eigenschaften Tr-eat Fusilli Nudeln<\/h3>\n<p>\u2714 Glutenfrei<br \/>\n\u2714 Zuckerfrei<br \/>\n\u2714 Laktosefrei<br \/>\n\u2714 Keine Kartoffel<br \/>\n\u2714 Kein Reis<br \/>\n\u2714 Kein Mais<br \/>\n\u2714 Gute Ballaststoffe f\u00fcr Ihren Darm<br \/>\n\u2714 Pr\u00e4biotisch<br \/>\n\u2714 Konjak<\/p>\n<p><u><b>Inhalt:<\/b><\/u><br \/>\n250 Gramm<\/p>\n<p><u><b>Zutaten:<\/b><\/u><br \/>\nTapioka, Konjak, Sesamsamen, Leinsamen, Ei und Wasser.<\/p>\n<p><u><b>N\u00e4hrwertangaben pro 100 g:<\/b><\/u><\/p>\n<table>\n<tbody>\n<tr>\n<td>Energie<\/td>\n<td>1652 KJ, 395 Kcal<\/td>\n<\/tr>\n<tr>\n<td>Fette<\/td>\n<td>10 g<\/td>\n<\/tr>\n<tr>\n<td>davon ges\u00e4ttigte Fetts\u00e4uren<\/td>\n<td>2,6 g<\/td>\n<\/tr>\n<tr>\n<td>Kohlenhydrate<\/td>\n<td>50 g<\/td>\n<\/tr>\n<tr>\n<td>davon Zucker<\/td>\n<td>0,6 g<\/td>\n<\/tr>\n<tr>\n<td>Fasern<\/td>\n<td>8,1 g<\/td>\n<\/tr>\n<tr>\n<td>Proteine<\/td>\n<td>20 g<\/td>\n<\/tr>\n<tr>\n<td>Salz<\/td>\n<td>0,16 g<\/td>\n<\/tr>\n<\/tbody>\n<\/table>\n<p>&nbsp;<\/p>\n<h3>Vorbereitung<\/h3>\n<p>\u25cf 250g Fusilli<br \/>\nWasser<br \/>\n\u25cf eine Prise Salz<\/p>\n<p>Die Nudeln in leicht gesalzenem, kochendem Wasser 5 Minuten lang kochen. Abgie\u00dfen und unter flie\u00dfendem Wasser absp\u00fclen. Mit einer k\u00f6stlichen Sauce Ihrer Wahl servieren.<\/p>\n<p>Dies ist <i>angreifbar<\/i> die ges\u00fcndesten Nudeln aller Zeiten!<\/p>\n<p>Wir empfehlen f\u00fcr <a href=\"https:\/\/www.alternatievemiddelen.nl\/de\/rezepte-tr-essen-glutenfreie-nudeln\/\">leckere Rezepte<\/a> und <a href=\"https:\/\/www.alternatievemiddelen.nl\/de\/anleitungsvideos-tr-eat-glutenfreie-produkte\/\">Lehrvideos<\/a> f\u00fcr die Zubereitung von Tr-eat-Produkten an unsere <a href=\"https:\/\/www.alternatievemiddelen.nl\/de\/die-bibliothek\/\">Bibliothek<\/a>. Hier sehen Sie Schritt f\u00fcr Schritt, wie Sie Ihr Tr-eat-Produkt ganz einfach herstellen k\u00f6nnen. Keine Kochkenntnisse erforderlich!<\/p>","protected":false},"excerpt":{"rendered":"<p>Diese gesunden Tr-eat Fusilli Pasta enthalten nur pr\u00e4biotische Ballaststoffe und Ei. Die n\u00fctzlichen Ballaststoffe stammen aus Leinsamen, Sesam, Tapioka und Konjak (Knollen).<\/p>\n<p><b>Nutzen Sie die Vorteile von B\u00fcndelrabatten? Stellen Sie Ihr <a href=\"https:\/\/www.alternatievemiddelen.nl\/de\/produkte\/tr-eat-produkte-schnappchenset\/\"><b>Erstellen Sie Ihr eigenes B\u00fcndel von Tr-eat-Produkten<\/b><\/a> und erhalten einen Rabatt.<\/b><\/p>","protected":false},"featured_media":49214,"comment_status":"open","ping_status":"closed","template":"","meta":[],"product_brand":[],"product_cat":[3042,3807],"product_tag":[3808,3664,3663,3820,3819,2875,3183,3810,3665,3809,3657,3818,3662],"merk":[3653],"class_list":{"0":"post-49202","1":"product","2":"type-product","3":"status-publish","4":"has-post-thumbnail","6":"product_cat-gezonde-voedingsmiddelen","7":"product_cat-glutenvrije-pasta-varianten","8":"product_tag-250-gr","9":"product_tag-darmen","10":"product_tag-darmflora","11":"product_tag-fusilli","12":"product_tag-fusilli-pasta","13":"product_tag-gezondheid","14":"product_tag-glutenvrij","15":"product_tag-glutenvrije-pasta","16":"product_tag-lekker","17":"product_tag-pasta","18":"product_tag-tr-eat","19":"product_tag-tr-eat-fusilli-pasta","20":"product_tag-vezels","21":"merk-treat","23":"first","24":"instock","25":"taxable","26":"shipping-taxable","27":"purchasable","28":"product-type-simple"},"bundled_by":["49417"],"bundle_stock_status":"instock","bundle_stock_quantity":null,"bundle_virtual":false,"bundle_layout":"","bundle_add_to_cart_form_location":"","bundle_editable_in_cart":false,"bundle_sold_individually_context":"","bundle_item_grouping":"","bundle_min_size":"","bundle_max_size":"","bundle_price":[],"bundled_items":[],"bundle_sell_ids":[44176,49182,49217,49225,49171],"yoast_head":"<!-- This site is optimized with the Yoast SEO plugin v26.1 - https:\/\/yoast.com\/wordpress\/plugins\/seo\/ -->\n<title>Tr-eat Fusilli Pasta 250gr - Alternatievemiddelen.nl<\/title>\n<meta name=\"description\" content=\"Deze gezonde Tr-eat Fusilli Pasta bevat enkel prebiotische vezels en ei. De gunstige vezels komen uit lijnzaad, sesam, tapioca en konjac (knollen).\" \/>\n<meta name=\"robots\" content=\"index, follow, max-snippet:-1, max-image-preview:large, max-video-preview:-1\" \/>\n<link rel=\"canonical\" href=\"https:\/\/www.alternatievemiddelen.nl\/de\/wp-json\/wp\/v2\/product\/49202\" \/>\n<meta property=\"og:locale\" content=\"de_DE\" \/>\n<meta property=\"og:type\" content=\"article\" \/>\n<meta property=\"og:title\" content=\"Tr-eat Fusilli Pasta 250gr - Alternatievemiddelen.nl\" \/>\n<meta property=\"og:description\" content=\"Deze gezonde Tr-eat Fusilli Pasta bevat enkel prebiotische vezels en ei. De gunstige vezels komen uit lijnzaad, sesam, tapioca en konjac (knollen).\" \/>\n<meta property=\"og:url\" content=\"https:\/\/www.alternatievemiddelen.nl\/de\/produkte\/tr-eat-fusilli-nudeln-250gr\/\" \/>\n<meta property=\"og:site_name\" content=\"Alternatievemiddelen.nl\" \/>\n<meta property=\"article:modified_time\" content=\"2025-12-15T09:39:12+00:00\" \/>\n<meta property=\"og:image\" content=\"\/wp-content\/uploads\/2025\/09\/Tr-eat-Fusilli-Pasta.jpg\" \/>\n\t<meta property=\"og:image:width\" content=\"600\" \/>\n\t<meta property=\"og:image:height\" content=\"800\" \/>\n\t<meta property=\"og:image:type\" content=\"image\/jpeg\" \/>\n<meta name=\"twitter:card\" content=\"summary_large_image\" \/>\n<meta name=\"twitter:label1\" content=\"Gesch\u00e4tzte Lesezeit\" \/>\n\t<meta name=\"twitter:data1\" content=\"2\u00a0Minuten\" \/>\n<script type=\"application\/ld+json\" class=\"yoast-schema-graph\">{\"@context\":\"https:\/\/schema.org\",\"@graph\":[{\"@type\":[\"WebPage\",\"ItemPage\"],\"@id\":\"https:\/\/www.alternatievemiddelen.nl\/producten\/tr-eat-fusilli-pasta-250gr\/\",\"url\":\"https:\/\/www.alternatievemiddelen.nl\/producten\/tr-eat-fusilli-pasta-250gr\/\",\"name\":\"Tr-eat Fusilli Pasta 250gr - Alternatievemiddelen.nl\",\"isPartOf\":{\"@id\":\"https:\/\/www.alternatievemiddelen.nl\/#website\"},\"primaryImageOfPage\":{\"@id\":\"https:\/\/www.alternatievemiddelen.nl\/producten\/tr-eat-fusilli-pasta-250gr\/#primaryimage\"},\"image\":{\"@id\":\"https:\/\/www.alternatievemiddelen.nl\/producten\/tr-eat-fusilli-pasta-250gr\/#primaryimage\"},\"thumbnailUrl\":\"https:\/\/www.alternatievemiddelen.nl\/wp-content\/uploads\/2025\/09\/Tr-eat-Fusilli-Pasta.jpg\",\"datePublished\":\"2025-09-26T04:58:09+00:00\",\"dateModified\":\"2025-12-15T09:39:12+00:00\",\"description\":\"Deze gezonde Tr-eat Fusilli Pasta bevat enkel prebiotische vezels en ei. De gunstige vezels komen uit lijnzaad, sesam, tapioca en konjac (knollen).\",\"breadcrumb\":{\"@id\":\"https:\/\/www.alternatievemiddelen.nl\/producten\/tr-eat-fusilli-pasta-250gr\/#breadcrumb\"},\"inLanguage\":\"de\",\"potentialAction\":[{\"@type\":\"ReadAction\",\"target\":[\"https:\/\/www.alternatievemiddelen.nl\/producten\/tr-eat-fusilli-pasta-250gr\/\"]}]},{\"@type\":\"ImageObject\",\"inLanguage\":\"de\",\"@id\":\"https:\/\/www.alternatievemiddelen.nl\/producten\/tr-eat-fusilli-pasta-250gr\/#primaryimage\",\"url\":\"https:\/\/www.alternatievemiddelen.nl\/wp-content\/uploads\/2025\/09\/Tr-eat-Fusilli-Pasta.jpg\",\"contentUrl\":\"https:\/\/www.alternatievemiddelen.nl\/wp-content\/uploads\/2025\/09\/Tr-eat-Fusilli-Pasta.jpg\",\"width\":600,\"height\":800,\"caption\":\"Tr-eat Fusilli Pasta (glutenvrij)\"},{\"@type\":\"BreadcrumbList\",\"@id\":\"https:\/\/www.alternatievemiddelen.nl\/producten\/tr-eat-fusilli-pasta-250gr\/#breadcrumb\",\"itemListElement\":[{\"@type\":\"ListItem\",\"position\":1,\"name\":\"Home\",\"item\":\"https:\/\/www.alternatievemiddelen.nl\/\"},{\"@type\":\"ListItem\",\"position\":2,\"name\":\"Producten\",\"item\":\"https:\/\/www.alternatievemiddelen.nl\/producten\/\"},{\"@type\":\"ListItem\",\"position\":3,\"name\":\"Tr-eat Fusilli Pasta 250gr\"}]},{\"@type\":\"WebSite\",\"@id\":\"https:\/\/www.alternatievemiddelen.nl\/#website\",\"url\":\"https:\/\/www.alternatievemiddelen.nl\/\",\"name\":\"Alternatievemiddelen.nl\",\"description\":\"Webshop met gezonde, duurzame en ecologische alternatieve mogelijkheden in de hedendaagse levenstijl. Alles uit eigen ervaring.\",\"publisher\":{\"@id\":\"https:\/\/www.alternatievemiddelen.nl\/#organization\"},\"potentialAction\":[{\"@type\":\"SearchAction\",\"target\":{\"@type\":\"EntryPoint\",\"urlTemplate\":\"https:\/\/www.alternatievemiddelen.nl\/?s={search_term_string}\"},\"query-input\":{\"@type\":\"PropertyValueSpecification\",\"valueRequired\":true,\"valueName\":\"search_term_string\"}}],\"inLanguage\":\"de\"},{\"@type\":\"Organization\",\"@id\":\"https:\/\/www.alternatievemiddelen.nl\/#organization\",\"name\":\"Alternatievemiddelen.nl\",\"url\":\"https:\/\/www.alternatievemiddelen.nl\/\",\"logo\":{\"@type\":\"ImageObject\",\"inLanguage\":\"de\",\"@id\":\"https:\/\/www.alternatievemiddelen.nl\/#\/schema\/logo\/image\/\",\"url\":\"https:\/\/www.alternatievemiddelen.nl\/wp-content\/uploads\/2023\/10\/alternatievemiddelen-PNG-logo.png\",\"contentUrl\":\"https:\/\/www.alternatievemiddelen.nl\/wp-content\/uploads\/2023\/10\/alternatievemiddelen-PNG-logo.png\",\"width\":6400,\"height\":3062,\"caption\":\"Alternatievemiddelen.nl\"},\"image\":{\"@id\":\"https:\/\/www.alternatievemiddelen.nl\/#\/schema\/logo\/image\/\"}}]}<\/script>\n<!-- \/ Yoast SEO plugin. -->","yoast_head_json":{"title":"Tr-eat Fusilli Pasta 250gr - Alternatievemiddelen.nl","description":"Deze gezonde Tr-eat Fusilli Pasta bevat enkel prebiotische vezels en ei. De gunstige vezels komen uit lijnzaad, sesam, tapioca en konjac (knollen).","robots":{"index":"index","follow":"follow","max-snippet":"max-snippet:-1","max-image-preview":"max-image-preview:large","max-video-preview":"max-video-preview:-1"},"canonical":"https:\/\/www.alternatievemiddelen.nl\/de\/wp-json\/wp\/v2\/product\/49202","og_locale":"de_DE","og_type":"article","og_title":"Tr-eat Fusilli Pasta 250gr - Alternatievemiddelen.nl","og_description":"Deze gezonde Tr-eat Fusilli Pasta bevat enkel prebiotische vezels en ei. De gunstige vezels komen uit lijnzaad, sesam, tapioca en konjac (knollen).","og_url":"https:\/\/www.alternatievemiddelen.nl\/de\/produkte\/tr-eat-fusilli-nudeln-250gr\/","og_site_name":"Alternatievemiddelen.nl","article_modified_time":"2025-12-15T09:39:12+00:00","og_image":[{"width":600,"height":800,"url":"\/wp-content\/uploads\/2025\/09\/Tr-eat-Fusilli-Pasta.jpg","type":"image\/jpeg"}],"twitter_card":"summary_large_image","twitter_misc":{"Gesch\u00e4tzte Lesezeit":"2\u00a0Minuten"},"schema":{"@context":"https:\/\/schema.org","@graph":[{"@type":["WebPage","ItemPage"],"@id":"https:\/\/www.alternatievemiddelen.nl\/producten\/tr-eat-fusilli-pasta-250gr\/","url":"https:\/\/www.alternatievemiddelen.nl\/producten\/tr-eat-fusilli-pasta-250gr\/","name":"Tr-eat Fusilli Pasta 250gr - Alternatievemiddelen.nl","isPartOf":{"@id":"https:\/\/www.alternatievemiddelen.nl\/#website"},"primaryImageOfPage":{"@id":"https:\/\/www.alternatievemiddelen.nl\/producten\/tr-eat-fusilli-pasta-250gr\/#primaryimage"},"image":{"@id":"https:\/\/www.alternatievemiddelen.nl\/producten\/tr-eat-fusilli-pasta-250gr\/#primaryimage"},"thumbnailUrl":"https:\/\/www.alternatievemiddelen.nl\/wp-content\/uploads\/2025\/09\/Tr-eat-Fusilli-Pasta.jpg","datePublished":"2025-09-26T04:58:09+00:00","dateModified":"2025-12-15T09:39:12+00:00","description":"Deze gezonde Tr-eat Fusilli Pasta bevat enkel prebiotische vezels en ei. De gunstige vezels komen uit lijnzaad, sesam, tapioca en konjac (knollen).","breadcrumb":{"@id":"https:\/\/www.alternatievemiddelen.nl\/producten\/tr-eat-fusilli-pasta-250gr\/#breadcrumb"},"inLanguage":"de","potentialAction":[{"@type":"ReadAction","target":["https:\/\/www.alternatievemiddelen.nl\/producten\/tr-eat-fusilli-pasta-250gr\/"]}]},{"@type":"ImageObject","inLanguage":"de","@id":"https:\/\/www.alternatievemiddelen.nl\/producten\/tr-eat-fusilli-pasta-250gr\/#primaryimage","url":"https:\/\/www.alternatievemiddelen.nl\/wp-content\/uploads\/2025\/09\/Tr-eat-Fusilli-Pasta.jpg","contentUrl":"https:\/\/www.alternatievemiddelen.nl\/wp-content\/uploads\/2025\/09\/Tr-eat-Fusilli-Pasta.jpg","width":600,"height":800,"caption":"Tr-eat Fusilli Pasta (glutenvrij)"},{"@type":"BreadcrumbList","@id":"https:\/\/www.alternatievemiddelen.nl\/producten\/tr-eat-fusilli-pasta-250gr\/#breadcrumb","itemListElement":[{"@type":"ListItem","position":1,"name":"Home","item":"https:\/\/www.alternatievemiddelen.nl\/"},{"@type":"ListItem","position":2,"name":"Producten","item":"https:\/\/www.alternatievemiddelen.nl\/producten\/"},{"@type":"ListItem","position":3,"name":"Tr-eat Fusilli Pasta 250gr"}]},{"@type":"WebSite","@id":"https:\/\/www.alternatievemiddelen.nl\/#website","url":"https:\/\/www.alternatievemiddelen.nl\/","name":"Alternatievemiddelen.nl","description":"Webshop met gezonde, duurzame en ecologische alternatieve mogelijkheden in de hedendaagse levenstijl. Alles uit eigen ervaring.","publisher":{"@id":"https:\/\/www.alternatievemiddelen.nl\/#organization"},"potentialAction":[{"@type":"SearchAction","target":{"@type":"EntryPoint","urlTemplate":"https:\/\/www.alternatievemiddelen.nl\/?s={search_term_string}"},"query-input":{"@type":"PropertyValueSpecification","valueRequired":true,"valueName":"search_term_string"}}],"inLanguage":"de"},{"@type":"Organization","@id":"https:\/\/www.alternatievemiddelen.nl\/#organization","name":"Alternatievemiddelen.nl","url":"https:\/\/www.alternatievemiddelen.nl\/","logo":{"@type":"ImageObject","inLanguage":"de","@id":"https:\/\/www.alternatievemiddelen.nl\/#\/schema\/logo\/image\/","url":"https:\/\/www.alternatievemiddelen.nl\/wp-content\/uploads\/2023\/10\/alternatievemiddelen-PNG-logo.png","contentUrl":"https:\/\/www.alternatievemiddelen.nl\/wp-content\/uploads\/2023\/10\/alternatievemiddelen-PNG-logo.png","width":6400,"height":3062,"caption":"Alternatievemiddelen.nl"},"image":{"@id":"https:\/\/www.alternatievemiddelen.nl\/#\/schema\/logo\/image\/"}}]}},"_links":{"self":[{"href":"https:\/\/www.alternatievemiddelen.nl\/de\/wp-json\/wp\/v2\/product\/49202","targetHints":{"allow":["GET"]}}],"collection":[{"href":"https:\/\/www.alternatievemiddelen.nl\/de\/wp-json\/wp\/v2\/product"}],"about":[{"href":"https:\/\/www.alternatievemiddelen.nl\/de\/wp-json\/wp\/v2\/types\/product"}],"replies":[{"embeddable":true,"href":"https:\/\/www.alternatievemiddelen.nl\/de\/wp-json\/wp\/v2\/comments?post=49202"}],"wp:featuredmedia":[{"embeddable":true,"href":"https:\/\/www.alternatievemiddelen.nl\/de\/wp-json\/wp\/v2\/media\/49214"}],"wp:attachment":[{"href":"https:\/\/www.alternatievemiddelen.nl\/de\/wp-json\/wp\/v2\/media?parent=49202"}],"wp:term":[{"taxonomy":"product_brand","embeddable":true,"href":"https:\/\/www.alternatievemiddelen.nl\/de\/wp-json\/wp\/v2\/product_brand?post=49202"},{"taxonomy":"product_cat","embeddable":true,"href":"https:\/\/www.alternatievemiddelen.nl\/de\/wp-json\/wp\/v2\/product_cat?post=49202"},{"taxonomy":"product_tag","embeddable":true,"href":"https:\/\/www.alternatievemiddelen.nl\/de\/wp-json\/wp\/v2\/product_tag?post=49202"},{"taxonomy":"merk","embeddable":true,"href":"https:\/\/www.alternatievemiddelen.nl\/de\/wp-json\/wp\/v2\/merk?post=49202"}],"curies":[{"name":"wp","href":"https:\/\/api.w.org\/{rel}","templated":true}]}}