{"id":49489,"date":"2025-10-03T14:50:38","date_gmt":"2025-10-03T12:50:38","guid":{"rendered":"https:\/\/www.alternatievemiddelen.nl\/?post_type=product&#038;p=49489"},"modified":"2025-10-04T06:52:22","modified_gmt":"2025-10-04T04:52:22","slug":"deodorant-roller-floral-swing-zonder-aluminium","status":"publish","type":"product","link":"https:\/\/www.alternatievemiddelen.nl\/de\/produkte\/deo-roller-floral-swing-ohne-aluminium\/","title":{"rendered":"Deodorant Roller Floral Swing (aluminiumfrei) 50 ml"},"content":{"rendered":"<p>Angereichert mit einem zarten, pudrigen Blumenduft bietet der Deo-Roller Floral Swing zuverl\u00e4ssige Frische f\u00fcr Ihre Achseln von morgens bis abends. Dieser Roller nutzt die Kraft nat\u00fcrlicher Inhaltsstoffe wie Zink, Natron und Magnolienextrakt und bietet effektiven Geruchsschutz ohne Aluminium. Die milde Formel neutralisiert nicht nur Ger\u00fcche, sondern pflegt die Haut auch mit luxuri\u00f6sem Wildrosenextrakt und verw\u00f6hnt selbst die empfindlichste Achselhaut.<br \/>\n&nbsp;<\/p>\n<h3>Sofortiger Schutz, aluminiumfrei mit dem Floral Swing Deodorant Roller<\/h3>\n<p>Der Floral Swing Deo-Roller neutralisiert K\u00f6rpergeruch ab dem Moment des Auftragens ohne Alkohol oder Aluminium. Er hilft Ihrer Haut, den Schwei\u00df auf nat\u00fcrliche Weise zu regulieren, w\u00e4hrend Zink und Backpulver f\u00fcr einen lang anhaltenden Geruchsschutz sorgen. W\u00e4hrend Sie sich bewegen, wirkt die einzigartige Formel aktiv gegen Geruch und sorgt f\u00fcr sofortige Frische.<br \/>\n&nbsp;<\/p>\n<h3>Wildrose, Mandel und Aloe vera<\/h3>\n<p>Damit die empfindliche Haut unter den Achseln immer mit hochwertigen Inhaltsstoffen gepflegt wird, ist der umweltfreundliche Glasroller immer zur Stelle. Angereichert mit dem zarten Hauch der Magnolie beruhigt wertvoller Wildrosenextrakt die Haut sanft. Kostbares, fair gehandeltes Mandel\u00f6l macht die Haut glatt und geschmeidig und eignet sich perfekt f\u00fcr die Pflege nach der Rasur. Aloe Vera erg\u00e4nzt diese Mischung, indem sie empfindliche Haut beruhigt. So bietet der Floral Swing Deo-Roller mehr als nur gleichbleibende Frische - er sorgt f\u00fcr eine tiefgehende, beruhigende Pflege.<br \/>\n&nbsp;<\/p>\n<h3>Deodorant Roller Floral Swing Informationen<\/h3>\n<p><u>Verwendung:<\/u> Tragen Sie das Deodorant bei jeder passenden Gelegenheit unter den Achseln auf, lassen Sie es eine Weile einwirken und genie\u00dfen Sie die nat\u00fcrliche Frische.<\/p>\n<p><u>Inhalt:<\/u> 50 ml<\/p>\n<p><u>Zutaten (auf Englisch):<\/u> WASSER, ALOE-BARBADENSIS-BLATTSAFT* (<strong>ALOE VERA*<\/strong>), PENTYLENGLYKOL, ZINKRICINOLEAT, PRUNUS AMYGDALUS DULCIS \u00d6L* (<strong>ALMOND*<\/strong>), OLEA EUROPAEA FRUCHT\u00d6L* (<strong>OLIVE*<\/strong>), TAPIOKAST\u00c4RKE*, NATRIUMBICARBONAT, BUTYROSPERMUM PARKII-BUTTER (<strong>SHEA-BUTTER<\/strong>), ROSA CANINA-BL\u00dcTENEXTRAKT* (<strong>WILDROSEN*<\/strong>), MAGNOLIA OFFICINALIS-RINDENEXTRAKT (<strong>MAGNOLIA<\/strong>), XANTHANGUMMI, GLYCERYLCAPRYLAT, NATRIUMSTEAROYLGLUTAMAT, ALKOHOL*, TOCOPHEROL (<strong>VITAMIN E<\/strong>), HELIANTHUS ANNUUS SAMEN\u00d6L* (<strong>SONNENBLUME*<\/strong>), PARFUM**, CITRUS-LIMONEN-SCHALEN\u00d6L**, PELARGONIUM-GRAVEOLENS-BL\u00dcTEN\u00d6L**, SANTALUM-ALBUM-\u00d6L**, VANILLIN**, BENZYLSALICYLAT**, CITRAL**, CITRONELLOL**, GERANIOL**, GERANYLACETAT**, LIMONEN**, LINALOOL**, LINALYLACETAT**, PINEN**, TERPINEOL**<br \/>\n<i>* kontrolliert biologischer Anbau ** aus nat\u00fcrlichen \u00e4therischen \u00d6len<\/i><br \/>\n&nbsp;<\/p>\n<h4>\u00dcber i+m Naturkosmetik Berlin<\/h4>\n<p>Wir sind die Guten: Meister im Kreieren bester Naturkosmetik, Bio-Pioniere, Rebellen der veganen Kosmetik, Fairplayer, Experten f\u00fcr Pflanzenkraft, respektvolle Nutzer wertvoller Ressourcen, Gutmenschen, klimaneutrale Umweltsch\u00fctzer, Individualit\u00e4tsfans, Berliner seit '78, engagierte M\u00fcllvermeider und Preistr\u00e4ger des Deutschen Nachhaltigkeitspreises 2019 und 2020.<br \/>\n&nbsp;<\/p>\n<h4>Zus\u00e4tzliche Informationen:<\/h4>\n<p><b>Aluminiumfreies Deodorant vs. Aluminiumdeodorant:<\/b> Herk\u00f6mmliche Deodorants, die Aluminiumsalze\/Aluminiumchlorid oder Alaun enthalten, verengen und verschlie\u00dfen die Schwei\u00dfporen. Dadurch unterdr\u00fccken sie die nat\u00fcrliche Schwei\u00dfbildung und verhindern die K\u00fchlung des K\u00f6rpers. Mit Deos von i+m Naturkosmetik Berlin kann die Klimaanlage des K\u00f6rpers weiter arbeiten - nur der Geruch wird verhindert.<br \/>\n<b>Geduld beim Wechsel:<\/b> Bei der Umstellung von einem herk\u00f6mmlichen Deodorant auf ein naturkosmetisches Deo kann es zun\u00e4chst zu einer verst\u00e4rkten Schwei\u00dfbildung kommen. Dies reguliert sich jedoch von selbst wieder auf ein nat\u00fcrliches Ma\u00df, sobald sich die Schwei\u00dfporen an ihre wiedergewonnene Freiheit gew\u00f6hnt haben. Das angenehme Gef\u00fchl auf der Haut wird Sie dann f\u00fcr die Umstellung belohnen. Endlich keine t\u00e4gliche Einnahme von umstrittenen Inhaltsstoffen und nie wieder gereizte Haut - auch nicht nach der Rasur.<\/p>","protected":false},"excerpt":{"rendered":"<p>Angereichert mit einem zarten Blumenduft bietet der Deo-Roller Floral Swing zuverl\u00e4ssige Frische f\u00fcr Ihre Achseln von morgens bis abends.<\/p>","protected":false},"featured_media":49490,"comment_status":"open","ping_status":"closed","template":"","meta":[],"product_brand":[],"product_cat":[2945,3174],"product_tag":[3175,3176,3177,3178,3207,3180,3182,3199,3183,3184,3185,3186,3187,2960,3188,3201,3189,3190,3060,3191,3192,3193,3194,3195,3196],"merk":[3454],"class_list":{"0":"post-49489","1":"product","2":"type-product","3":"status-publish","4":"has-post-thumbnail","6":"product_cat-natuurlijke-verzorging","7":"product_cat-deodorant","8":"product_tag-alcoholvrij","9":"product_tag-aluminiumvrij","10":"product_tag-bio","11":"product_tag-deodorant","12":"product_tag-deodorant-roller","13":"product_tag-dierproefvrij","14":"product_tag-fairtrade","15":"product_tag-floral-swing","16":"product_tag-glutenvrij","17":"product_tag-im","18":"product_tag-im-naturkosmetik-berlin","19":"product_tag-kleurstofvrij","20":"product_tag-lactosevrij","21":"product_tag-ongeparfumeerd","22":"product_tag-organisch","23":"product_tag-parfumvrij","24":"product_tag-peg-vrij","25":"product_tag-siliconenvrij","26":"product_tag-vegan","27":"product_tag-veganistisch","28":"product_tag-vrij-van-minerale-olien","29":"product_tag-vrij-van-nanodeeltjes","30":"product_tag-vrij-van-parabenen","31":"product_tag-vrij-van-paraffine","32":"product_tag-zonder-aluminium","33":"merk-im-naturkosmetik-berlin","35":"first","36":"instock","37":"taxable","38":"shipping-taxable","39":"purchasable","40":"product-type-simple"},"bundled_by":[],"bundle_stock_status":"instock","bundle_stock_quantity":null,"bundle_virtual":false,"bundle_layout":"","bundle_add_to_cart_form_location":"","bundle_editable_in_cart":false,"bundle_sold_individually_context":"","bundle_item_grouping":"","bundle_min_size":"","bundle_max_size":"","bundle_price":[],"bundled_items":[],"bundle_sell_ids":[44176,34348,49493,34454,34371],"yoast_head":"<!-- This site is optimized with the Yoast SEO plugin v26.1 - https:\/\/yoast.com\/wordpress\/plugins\/seo\/ -->\n<title>Deodorant Roller Floral Swing (zonder aluminium) 50 ml - Alternatievemiddelen.nl<\/title>\n<meta name=\"description\" content=\"Deodorant Roller Floral Swing is verrijkt met een delicate bloemengeur en biedt betrouwbare frisheid voor je oksels van &#039;s ochtends tot &#039;s avonds laat.\" \/>\n<meta name=\"robots\" content=\"index, follow, max-snippet:-1, max-image-preview:large, max-video-preview:-1\" \/>\n<link rel=\"canonical\" href=\"https:\/\/www.alternatievemiddelen.nl\/de\/wp-json\/wp\/v2\/product\/49489\" \/>\n<meta property=\"og:locale\" content=\"de_DE\" \/>\n<meta property=\"og:type\" content=\"article\" \/>\n<meta property=\"og:title\" content=\"Deodorant Roller Floral Swing (zonder aluminium) 50 ml - Alternatievemiddelen.nl\" \/>\n<meta property=\"og:description\" content=\"Deodorant Roller Floral Swing is verrijkt met een delicate bloemengeur en biedt betrouwbare frisheid voor je oksels van &#039;s ochtends tot &#039;s avonds laat.\" \/>\n<meta property=\"og:url\" content=\"https:\/\/www.alternatievemiddelen.nl\/de\/produkte\/deo-roller-floral-swing-ohne-aluminium\/\" \/>\n<meta property=\"og:site_name\" content=\"Alternatievemiddelen.nl\" \/>\n<meta property=\"article:modified_time\" content=\"2025-10-04T04:52:22+00:00\" \/>\n<meta property=\"og:image\" content=\"\/wp-content\/uploads\/2025\/10\/Deodorant-Roller-Floral-Swing.jpg\" \/>\n\t<meta property=\"og:image:width\" content=\"600\" \/>\n\t<meta property=\"og:image:height\" content=\"800\" \/>\n\t<meta property=\"og:image:type\" content=\"image\/jpeg\" \/>\n<meta name=\"twitter:card\" content=\"summary_large_image\" \/>\n<meta name=\"twitter:label1\" content=\"Gesch\u00e4tzte Lesezeit\" \/>\n\t<meta name=\"twitter:data1\" content=\"3\u00a0Minuten\" \/>\n<script type=\"application\/ld+json\" class=\"yoast-schema-graph\">{\"@context\":\"https:\/\/schema.org\",\"@graph\":[{\"@type\":[\"WebPage\",\"ItemPage\"],\"@id\":\"https:\/\/www.alternatievemiddelen.nl\/producten\/deodorant-roller-floral-swing-zonder-aluminium\/\",\"url\":\"https:\/\/www.alternatievemiddelen.nl\/producten\/deodorant-roller-floral-swing-zonder-aluminium\/\",\"name\":\"Deodorant Roller Floral Swing (zonder aluminium) 50 ml - Alternatievemiddelen.nl\",\"isPartOf\":{\"@id\":\"https:\/\/www.alternatievemiddelen.nl\/#website\"},\"primaryImageOfPage\":{\"@id\":\"https:\/\/www.alternatievemiddelen.nl\/producten\/deodorant-roller-floral-swing-zonder-aluminium\/#primaryimage\"},\"image\":{\"@id\":\"https:\/\/www.alternatievemiddelen.nl\/producten\/deodorant-roller-floral-swing-zonder-aluminium\/#primaryimage\"},\"thumbnailUrl\":\"https:\/\/www.alternatievemiddelen.nl\/wp-content\/uploads\/2025\/10\/Deodorant-Roller-Floral-Swing.jpg\",\"datePublished\":\"2025-10-03T12:50:38+00:00\",\"dateModified\":\"2025-10-04T04:52:22+00:00\",\"description\":\"Deodorant Roller Floral Swing is verrijkt met een delicate bloemengeur en biedt betrouwbare frisheid voor je oksels van 's ochtends tot 's avonds laat.\",\"breadcrumb\":{\"@id\":\"https:\/\/www.alternatievemiddelen.nl\/producten\/deodorant-roller-floral-swing-zonder-aluminium\/#breadcrumb\"},\"inLanguage\":\"de\",\"potentialAction\":[{\"@type\":\"ReadAction\",\"target\":[\"https:\/\/www.alternatievemiddelen.nl\/producten\/deodorant-roller-floral-swing-zonder-aluminium\/\"]}]},{\"@type\":\"ImageObject\",\"inLanguage\":\"de\",\"@id\":\"https:\/\/www.alternatievemiddelen.nl\/producten\/deodorant-roller-floral-swing-zonder-aluminium\/#primaryimage\",\"url\":\"https:\/\/www.alternatievemiddelen.nl\/wp-content\/uploads\/2025\/10\/Deodorant-Roller-Floral-Swing.jpg\",\"contentUrl\":\"https:\/\/www.alternatievemiddelen.nl\/wp-content\/uploads\/2025\/10\/Deodorant-Roller-Floral-Swing.jpg\",\"width\":600,\"height\":800,\"caption\":\"Deodorant Roller Floral Swing\"},{\"@type\":\"BreadcrumbList\",\"@id\":\"https:\/\/www.alternatievemiddelen.nl\/producten\/deodorant-roller-floral-swing-zonder-aluminium\/#breadcrumb\",\"itemListElement\":[{\"@type\":\"ListItem\",\"position\":1,\"name\":\"Home\",\"item\":\"https:\/\/www.alternatievemiddelen.nl\/\"},{\"@type\":\"ListItem\",\"position\":2,\"name\":\"Producten\",\"item\":\"https:\/\/www.alternatievemiddelen.nl\/producten\/\"},{\"@type\":\"ListItem\",\"position\":3,\"name\":\"Deodorant Roller Floral Swing (zonder aluminium) 50 ml\"}]},{\"@type\":\"WebSite\",\"@id\":\"https:\/\/www.alternatievemiddelen.nl\/#website\",\"url\":\"https:\/\/www.alternatievemiddelen.nl\/\",\"name\":\"Alternatievemiddelen.nl\",\"description\":\"Webshop met gezonde, duurzame en ecologische alternatieve mogelijkheden in de hedendaagse levenstijl. Alles uit eigen ervaring.\",\"publisher\":{\"@id\":\"https:\/\/www.alternatievemiddelen.nl\/#organization\"},\"potentialAction\":[{\"@type\":\"SearchAction\",\"target\":{\"@type\":\"EntryPoint\",\"urlTemplate\":\"https:\/\/www.alternatievemiddelen.nl\/?s={search_term_string}\"},\"query-input\":{\"@type\":\"PropertyValueSpecification\",\"valueRequired\":true,\"valueName\":\"search_term_string\"}}],\"inLanguage\":\"de\"},{\"@type\":\"Organization\",\"@id\":\"https:\/\/www.alternatievemiddelen.nl\/#organization\",\"name\":\"Alternatievemiddelen.nl\",\"url\":\"https:\/\/www.alternatievemiddelen.nl\/\",\"logo\":{\"@type\":\"ImageObject\",\"inLanguage\":\"de\",\"@id\":\"https:\/\/www.alternatievemiddelen.nl\/#\/schema\/logo\/image\/\",\"url\":\"https:\/\/www.alternatievemiddelen.nl\/wp-content\/uploads\/2023\/10\/alternatievemiddelen-PNG-logo.png\",\"contentUrl\":\"https:\/\/www.alternatievemiddelen.nl\/wp-content\/uploads\/2023\/10\/alternatievemiddelen-PNG-logo.png\",\"width\":6400,\"height\":3062,\"caption\":\"Alternatievemiddelen.nl\"},\"image\":{\"@id\":\"https:\/\/www.alternatievemiddelen.nl\/#\/schema\/logo\/image\/\"}}]}<\/script>\n<!-- \/ Yoast SEO plugin. -->","yoast_head_json":{"title":"Deodorant Roller Floral Swing (zonder aluminium) 50 ml - Alternatievemiddelen.nl","description":"Deodorant Roller Floral Swing is verrijkt met een delicate bloemengeur en biedt betrouwbare frisheid voor je oksels van 's ochtends tot 's avonds laat.","robots":{"index":"index","follow":"follow","max-snippet":"max-snippet:-1","max-image-preview":"max-image-preview:large","max-video-preview":"max-video-preview:-1"},"canonical":"https:\/\/www.alternatievemiddelen.nl\/de\/wp-json\/wp\/v2\/product\/49489","og_locale":"de_DE","og_type":"article","og_title":"Deodorant Roller Floral Swing (zonder aluminium) 50 ml - Alternatievemiddelen.nl","og_description":"Deodorant Roller Floral Swing is verrijkt met een delicate bloemengeur en biedt betrouwbare frisheid voor je oksels van 's ochtends tot 's avonds laat.","og_url":"https:\/\/www.alternatievemiddelen.nl\/de\/produkte\/deo-roller-floral-swing-ohne-aluminium\/","og_site_name":"Alternatievemiddelen.nl","article_modified_time":"2025-10-04T04:52:22+00:00","og_image":[{"width":600,"height":800,"url":"\/wp-content\/uploads\/2025\/10\/Deodorant-Roller-Floral-Swing.jpg","type":"image\/jpeg"}],"twitter_card":"summary_large_image","twitter_misc":{"Gesch\u00e4tzte Lesezeit":"3\u00a0Minuten"},"schema":{"@context":"https:\/\/schema.org","@graph":[{"@type":["WebPage","ItemPage"],"@id":"https:\/\/www.alternatievemiddelen.nl\/producten\/deodorant-roller-floral-swing-zonder-aluminium\/","url":"https:\/\/www.alternatievemiddelen.nl\/producten\/deodorant-roller-floral-swing-zonder-aluminium\/","name":"Deodorant Roller Floral Swing (zonder aluminium) 50 ml - Alternatievemiddelen.nl","isPartOf":{"@id":"https:\/\/www.alternatievemiddelen.nl\/#website"},"primaryImageOfPage":{"@id":"https:\/\/www.alternatievemiddelen.nl\/producten\/deodorant-roller-floral-swing-zonder-aluminium\/#primaryimage"},"image":{"@id":"https:\/\/www.alternatievemiddelen.nl\/producten\/deodorant-roller-floral-swing-zonder-aluminium\/#primaryimage"},"thumbnailUrl":"https:\/\/www.alternatievemiddelen.nl\/wp-content\/uploads\/2025\/10\/Deodorant-Roller-Floral-Swing.jpg","datePublished":"2025-10-03T12:50:38+00:00","dateModified":"2025-10-04T04:52:22+00:00","description":"Deodorant Roller Floral Swing is verrijkt met een delicate bloemengeur en biedt betrouwbare frisheid voor je oksels van 's ochtends tot 's avonds laat.","breadcrumb":{"@id":"https:\/\/www.alternatievemiddelen.nl\/producten\/deodorant-roller-floral-swing-zonder-aluminium\/#breadcrumb"},"inLanguage":"de","potentialAction":[{"@type":"ReadAction","target":["https:\/\/www.alternatievemiddelen.nl\/producten\/deodorant-roller-floral-swing-zonder-aluminium\/"]}]},{"@type":"ImageObject","inLanguage":"de","@id":"https:\/\/www.alternatievemiddelen.nl\/producten\/deodorant-roller-floral-swing-zonder-aluminium\/#primaryimage","url":"https:\/\/www.alternatievemiddelen.nl\/wp-content\/uploads\/2025\/10\/Deodorant-Roller-Floral-Swing.jpg","contentUrl":"https:\/\/www.alternatievemiddelen.nl\/wp-content\/uploads\/2025\/10\/Deodorant-Roller-Floral-Swing.jpg","width":600,"height":800,"caption":"Deodorant Roller Floral Swing"},{"@type":"BreadcrumbList","@id":"https:\/\/www.alternatievemiddelen.nl\/producten\/deodorant-roller-floral-swing-zonder-aluminium\/#breadcrumb","itemListElement":[{"@type":"ListItem","position":1,"name":"Home","item":"https:\/\/www.alternatievemiddelen.nl\/"},{"@type":"ListItem","position":2,"name":"Producten","item":"https:\/\/www.alternatievemiddelen.nl\/producten\/"},{"@type":"ListItem","position":3,"name":"Deodorant Roller Floral Swing (zonder aluminium) 50 ml"}]},{"@type":"WebSite","@id":"https:\/\/www.alternatievemiddelen.nl\/#website","url":"https:\/\/www.alternatievemiddelen.nl\/","name":"Alternatievemiddelen.nl","description":"Webshop met gezonde, duurzame en ecologische alternatieve mogelijkheden in de hedendaagse levenstijl. Alles uit eigen ervaring.","publisher":{"@id":"https:\/\/www.alternatievemiddelen.nl\/#organization"},"potentialAction":[{"@type":"SearchAction","target":{"@type":"EntryPoint","urlTemplate":"https:\/\/www.alternatievemiddelen.nl\/?s={search_term_string}"},"query-input":{"@type":"PropertyValueSpecification","valueRequired":true,"valueName":"search_term_string"}}],"inLanguage":"de"},{"@type":"Organization","@id":"https:\/\/www.alternatievemiddelen.nl\/#organization","name":"Alternatievemiddelen.nl","url":"https:\/\/www.alternatievemiddelen.nl\/","logo":{"@type":"ImageObject","inLanguage":"de","@id":"https:\/\/www.alternatievemiddelen.nl\/#\/schema\/logo\/image\/","url":"https:\/\/www.alternatievemiddelen.nl\/wp-content\/uploads\/2023\/10\/alternatievemiddelen-PNG-logo.png","contentUrl":"https:\/\/www.alternatievemiddelen.nl\/wp-content\/uploads\/2023\/10\/alternatievemiddelen-PNG-logo.png","width":6400,"height":3062,"caption":"Alternatievemiddelen.nl"},"image":{"@id":"https:\/\/www.alternatievemiddelen.nl\/#\/schema\/logo\/image\/"}}]}},"_links":{"self":[{"href":"https:\/\/www.alternatievemiddelen.nl\/de\/wp-json\/wp\/v2\/product\/49489","targetHints":{"allow":["GET"]}}],"collection":[{"href":"https:\/\/www.alternatievemiddelen.nl\/de\/wp-json\/wp\/v2\/product"}],"about":[{"href":"https:\/\/www.alternatievemiddelen.nl\/de\/wp-json\/wp\/v2\/types\/product"}],"replies":[{"embeddable":true,"href":"https:\/\/www.alternatievemiddelen.nl\/de\/wp-json\/wp\/v2\/comments?post=49489"}],"wp:featuredmedia":[{"embeddable":true,"href":"https:\/\/www.alternatievemiddelen.nl\/de\/wp-json\/wp\/v2\/media\/49490"}],"wp:attachment":[{"href":"https:\/\/www.alternatievemiddelen.nl\/de\/wp-json\/wp\/v2\/media?parent=49489"}],"wp:term":[{"taxonomy":"product_brand","embeddable":true,"href":"https:\/\/www.alternatievemiddelen.nl\/de\/wp-json\/wp\/v2\/product_brand?post=49489"},{"taxonomy":"product_cat","embeddable":true,"href":"https:\/\/www.alternatievemiddelen.nl\/de\/wp-json\/wp\/v2\/product_cat?post=49489"},{"taxonomy":"product_tag","embeddable":true,"href":"https:\/\/www.alternatievemiddelen.nl\/de\/wp-json\/wp\/v2\/product_tag?post=49489"},{"taxonomy":"merk","embeddable":true,"href":"https:\/\/www.alternatievemiddelen.nl\/de\/wp-json\/wp\/v2\/merk?post=49489"}],"curies":[{"name":"wp","href":"https:\/\/api.w.org\/{rel}","templated":true}]}}