{"id":49547,"date":"2025-10-08T16:14:11","date_gmt":"2025-10-08T14:14:11","guid":{"rendered":"https:\/\/www.alternatievemiddelen.nl\/?post_type=product&#038;p=49547"},"modified":"2025-10-11T07:44:09","modified_gmt":"2025-10-11T05:44:09","slug":"mayu-mini-glazen-drinkfles-500-ml","status":"publish","type":"product","link":"https:\/\/www.alternatievemiddelen.nl\/de\/produkte\/mayu-mini-glas-trinkflasche-500-ml\/","title":{"rendered":"MAYU \"Mini\" Glas-Trinkflasche 500 ml - mit abnehmbarem Sieb"},"content":{"rendered":"<p>Die MAYU \"Mini\" Glas-Trinkflasche 500 ml aus hochwertigem Borosilikatglas ist eine nachhaltige und umweltfreundliche Alternative zu Plastikflaschen. Sie hat eine breite \u00d6ffnung zum einfachen Bef\u00fcllen, Trinken und Reinigen und verf\u00fcgt \u00fcber einen auslaufsicheren Bambusdeckel. Das integrierte und abnehmbare Edelstahlsieb (304) erm\u00f6glicht das Einf\u00fcllen von Fr\u00fcchten und Kr\u00e4utern und verleiht Ihrem Wasser einen nat\u00fcrlichen Geschmack. Diese Flasche unterst\u00fctzt einen nachhaltigen Lebensstil und sorgt daf\u00fcr, dass Ihr Wasser rein und frisch bleibt. Ideal f\u00fcr zu Hause, im B\u00fcro oder auf Reisen, verbindet sie praktische Funktionalit\u00e4t mit elegantem Design.<\/p>\n<p>Diese Glastrinkflasche ist auch mit einem Fassungsverm\u00f6gen von <a href=\"https:\/\/www.alternatievemiddelen.nl\/de\/produkte\/mayu-eine-glas-trinkflasche-1-liter\/\">1 Liter<\/a> und <a href=\"https:\/\/www.alternatievemiddelen.nl\/de\/produkte\/mayu-magnum-glas-trinkflasche-1-5-liter\/\">1,5 Liter<\/a>.<br \/>\n&nbsp;<\/p>\n<h3>H\u00f6chste Qualit\u00e4t, der Sie vertrauen k\u00f6nnen<\/h3>\n<p>Jede MAYU Glas-Trinkflasche wird sorgf\u00e4ltig auf Sicherheit, Reinheit und Haltbarkeit gepr\u00fcft. Ob zu Hause, im B\u00fcro oder unterwegs, diese Flasche unterst\u00fctzt Ihre Gesundheitsziele und sieht elegant aus.<br \/>\n&nbsp;<\/p>\n<h3>Langlebig &amp; stilvoll mit der MAYU \"Mini\" Glas-Trinkflasche<\/h3>\n<p>Aus hochwertigem Borosilikatglas gefertigt, ist diese Flasche langlebig, leicht und umweltfreundlich. Vermeiden Sie Plastik und setzen Sie ein Zeichen f\u00fcr einen bewussten und nachhaltigen Lebensstil - f\u00fcr sich selbst und die Umwelt.<br \/>\n&nbsp;<\/p>\n<h3>Warum die MAYU \"Mini\"-Glas-Trinkflasche?<\/h3>\n<p>\u2714 Fassungsverm\u00f6gen von 500 ml (0,5 L)<br \/>\n\u2714 100% Borosilikatglas Klasse A: langlebig und sicher f\u00fcr den t\u00e4glichen Gebrauch<br \/>\n\u2714 Frei von BPA, BPS, Blei und Plastik: sicher und gesund f\u00fcr Ihren Fl\u00fcssigkeitshaushalt<br \/>\n\u2714 Abmessungen: H\u00f6he 18,2 cm und Durchmesser \u00d8 8,7 cm<br \/>\n\u2714 Leichtes Gewicht: praktisch f\u00fcr die Fl\u00fcssigkeitszufuhr zwischendurch<br \/>\n\u2714 Umweltfreundlich: reduziert Plastikm\u00fcll und f\u00f6rdert einen nachhaltigen Lebensstil<br \/>\n\u2714 Design mit breiter \u00d6ffnung: leicht zu bef\u00fcllen, zu trinken und zu reinigen<br \/>\n\u2714 Auslaufsicherer Bambusdeckel: sicher und elegant, um Auslaufen zu verhindern<br \/>\n\u2714 Sp\u00fclmaschinentauglich: Leicht zu reinigen und zu pflegen<br \/>\n\u2714 Minimalistisches Design: passt perfekt zu den <a href=\"https:\/\/www.alternatievemiddelen.nl\/de\/produktkategorie\/vitalisatoren-und-energetische-platten\/mayu-wirbel\/\">MAYU Swirl mit Wirbeltechnologie<\/a> und Ihr t\u00e4gliches Leben<br \/>\n\u2714 Integriertes und abnehmbares Edelstahlsieb (304): h\u00e4lt Fr\u00fcchte und Kr\u00e4uter in der Flasche, f\u00fcr aromatisiertes Wasser.<br \/>\n\u2714 Praktische Gr\u00f6\u00dfen: auch mit einem Fassungsverm\u00f6gen von <a href=\"https:\/\/www.alternatievemiddelen.nl\/de\/produkte\/mayu-eine-glas-trinkflasche-1-liter\/\">1 Liter<\/a> und <a href=\"https:\/\/www.alternatievemiddelen.nl\/de\/produkte\/mayu-magnum-glas-trinkflasche-1-5-liter\/\">1,5 Liter<\/a><br \/>\n&nbsp;<\/p>\n<h3>Die perfekte Erg\u00e4nzung zum MAYU Swirl<\/h3>\n<p>Die MAYU Glas-Trinkflasche \"Mini\" ist mehr als nur eine Flasche: Sie ist Ihr zuverl\u00e4ssiger Partner f\u00fcr vitalisiertes Wasser, sowohl zu Hause als auch unterwegs. Speziell entwickelt als perfekte Erg\u00e4nzung zur <a href=\"https:\/\/www.alternatievemiddelen.nl\/de\/produktkategorie\/vitalisatoren-und-energetische-platten\/mayu-wirbel\/\">MAYU Swirl mit Wirbeltechnologie<\/a>So k\u00f6nnen Sie \u00fcberall vitalisiertes Wasser genie\u00dfen. Dank des integrierten Filters k\u00f6nnen Sie Ihr Wasser mit nat\u00fcrlichen Aromen verfeinern, ohne den reinen Geschmack zu verlieren.<\/p>\n<p>Machen Sie vitalisiertes Wasser zu einem Teil Ihres Lebens mit der MAYU Glas-Trinkflasche!<\/p>\n<p><b>Besondere Vorteile f\u00fcr die Verwendung mit dem MAYU Swirl:<\/b><br \/>\n\u25cf Perfekt geeignet f\u00fcr die Speicherung von belebtem Wasser<br \/>\n\u25cf Ideal f\u00fcr unterwegs, damit Sie immer vitalisiertes Wasser zur Hand haben<br \/>\n\u25cf Erg\u00e4nzt das elegante Design des MAYU Swirl und bildet ein harmonisches Ganzes<br \/>\n&nbsp;<\/p>\n<h4>Inbetriebsetzung und Reinigung:<\/h4>\n<p>\u25cf <b>Vor dem ersten Gebrauch waschen:<\/b> Nehmen Sie die Kappe ab und waschen Sie alle Teile von Hand in warmer Seifenlauge. Gr\u00fcndlich aussp\u00fclen und an der Luft trocknen lassen.<br \/>\n\u25cf <b>F\u00fcllen Sie Ihre Wasserflasche:<\/b> F\u00fcr kalte oder raumtemperierte Getr\u00e4nke zu verwenden. Vermeiden Sie das Bef\u00fcllen mit hei\u00dfen Fl\u00fcssigkeiten, um pl\u00f6tzliche Temperaturschwankungen zu vermeiden. Verschlie\u00dfen Sie den Deckel fest, bevor Sie ihn z. B. in eine Tasche oder einen Rucksack stecken.<br \/>\n\u25cf <b>K\u00fcmmern Sie sich um Ihre Wasserflasche:<\/b> F\u00fcr eine l\u00e4ngere Lebensdauer wird Handw\u00e4sche empfohlen. Die Glasflasche ist sp\u00fclmaschinenfest (oberes Gestell). Um die Zuverl\u00e4ssigkeit des Verschlusses zu erhalten, nur von Hand waschen. Vermeiden Sie pl\u00f6tzliche Ersch\u00fctterungen oder extreme Temperaturschwankungen, um die Haltbarkeit zu erhalten.<\/p>","protected":false},"excerpt":{"rendered":"<p>Die MAYU \"Mini\" Glas-Trinkflasche 500 ml ist aus hochwertigem Borosilikatglas gefertigt und hat eine breite \u00d6ffnung zum einfachen Bef\u00fcllen, Trinken, Reinigen.<\/p>","protected":false},"featured_media":49570,"comment_status":"open","ping_status":"closed","template":"","meta":[],"product_brand":[],"product_cat":[2983,2984,2924,3569],"product_tag":[3137,3760,3838,3115,3255,2975,2987,2929,3116,3117,2875,3118,3119,3120,3121,3248,3004,2989,3122,2921,2991,2967,2992,2885,2995],"merk":[3452],"class_list":{"0":"post-49547","1":"product","2":"type-product","3":"status-publish","4":"has-post-thumbnail","6":"product_cat-drinkflessen","7":"product_cat-drinkfles","8":"product_cat-duurzame-huishoudelijke-producten","9":"product_cat-overige-duurzame-huishoudelijke-producten","10":"product_tag-0-5l","11":"product_tag-500-ml","12":"product_tag-bamboe","13":"product_tag-borosilicaat-glas","14":"product_tag-borosilicaatglas","15":"product_tag-bpa-vrij","16":"product_tag-drinkfles","17":"product_tag-duurzaam","18":"product_tag-fruit","19":"product_tag-gezond","20":"product_tag-gezondheid","21":"product_tag-glas","22":"product_tag-glazen-drinkfles","23":"product_tag-glazen-fles","24":"product_tag-lekvrij","25":"product_tag-mayu","26":"product_tag-onderweg","27":"product_tag-outdoor","28":"product_tag-plasticreductie","29":"product_tag-reizen","30":"product_tag-school","31":"product_tag-schoon","32":"product_tag-sport","33":"product_tag-water","34":"product_tag-werk","35":"merk-mayu","37":"first","38":"instock","39":"taxable","40":"shipping-taxable","41":"purchasable","42":"product-type-simple"},"bundled_by":[],"bundle_stock_status":"instock","bundle_stock_quantity":null,"bundle_virtual":false,"bundle_layout":"","bundle_add_to_cart_form_location":"","bundle_editable_in_cart":false,"bundle_sold_individually_context":"","bundle_item_grouping":"","bundle_min_size":"","bundle_max_size":"","bundle_price":[],"bundled_items":[],"bundle_sell_ids":[44176,34480,49575,49577],"yoast_head":"<!-- This site is optimized with the Yoast SEO plugin v26.1 - https:\/\/yoast.com\/wordpress\/plugins\/seo\/ -->\n<title>MAYU &quot;Mini&quot; glazen drinkfles 500 ml - met uitneembaar zeefje - Alternatievemiddelen.nl<\/title>\n<meta name=\"description\" content=\"De MAYU &quot;Mini&quot; glazen drinkfles 500 ml is gemaakt van hoogwaardig borosilicaatglas en heeft een brede opening voor eenvoudig vullen, drinken, schoonmaken.\" \/>\n<meta name=\"robots\" content=\"index, follow, max-snippet:-1, max-image-preview:large, max-video-preview:-1\" \/>\n<link rel=\"canonical\" href=\"https:\/\/www.alternatievemiddelen.nl\/de\/wp-json\/wp\/v2\/product\/49547\" \/>\n<meta property=\"og:locale\" content=\"de_DE\" \/>\n<meta property=\"og:type\" content=\"article\" \/>\n<meta property=\"og:title\" content=\"MAYU &quot;Mini&quot; glazen drinkfles 500 ml - met uitneembaar zeefje - Alternatievemiddelen.nl\" \/>\n<meta property=\"og:description\" content=\"De MAYU &quot;Mini&quot; glazen drinkfles 500 ml is gemaakt van hoogwaardig borosilicaatglas en heeft een brede opening voor eenvoudig vullen, drinken, schoonmaken.\" \/>\n<meta property=\"og:url\" content=\"https:\/\/www.alternatievemiddelen.nl\/de\/produkte\/mayu-mini-glas-trinkflasche-500-ml\/\" \/>\n<meta property=\"og:site_name\" content=\"Alternatievemiddelen.nl\" \/>\n<meta property=\"article:modified_time\" content=\"2025-10-11T05:44:09+00:00\" \/>\n<meta property=\"og:image\" content=\"\/wp-content\/uploads\/2025\/10\/MAYU-glazen-drinkfles-0-5L.jpg\" \/>\n\t<meta property=\"og:image:width\" content=\"1200\" \/>\n\t<meta property=\"og:image:height\" content=\"1600\" \/>\n\t<meta property=\"og:image:type\" content=\"image\/jpeg\" \/>\n<meta name=\"twitter:card\" content=\"summary_large_image\" \/>\n<meta name=\"twitter:label1\" content=\"Gesch\u00e4tzte Lesezeit\" \/>\n\t<meta name=\"twitter:data1\" content=\"4\u00a0Minuten\" \/>\n<script type=\"application\/ld+json\" class=\"yoast-schema-graph\">{\"@context\":\"https:\/\/schema.org\",\"@graph\":[{\"@type\":[\"WebPage\",\"ItemPage\"],\"@id\":\"https:\/\/www.alternatievemiddelen.nl\/producten\/mayu-mini-glazen-drinkfles-500-ml\/\",\"url\":\"https:\/\/www.alternatievemiddelen.nl\/producten\/mayu-mini-glazen-drinkfles-500-ml\/\",\"name\":\"MAYU \\\"Mini\\\" glazen drinkfles 500 ml - met uitneembaar zeefje - Alternatievemiddelen.nl\",\"isPartOf\":{\"@id\":\"https:\/\/www.alternatievemiddelen.nl\/#website\"},\"primaryImageOfPage\":{\"@id\":\"https:\/\/www.alternatievemiddelen.nl\/producten\/mayu-mini-glazen-drinkfles-500-ml\/#primaryimage\"},\"image\":{\"@id\":\"https:\/\/www.alternatievemiddelen.nl\/producten\/mayu-mini-glazen-drinkfles-500-ml\/#primaryimage\"},\"thumbnailUrl\":\"https:\/\/www.alternatievemiddelen.nl\/wp-content\/uploads\/2025\/10\/MAYU-glazen-drinkfles-0-5L.jpg\",\"datePublished\":\"2025-10-08T14:14:11+00:00\",\"dateModified\":\"2025-10-11T05:44:09+00:00\",\"description\":\"De MAYU \\\"Mini\\\" glazen drinkfles 500 ml is gemaakt van hoogwaardig borosilicaatglas en heeft een brede opening voor eenvoudig vullen, drinken, schoonmaken.\",\"breadcrumb\":{\"@id\":\"https:\/\/www.alternatievemiddelen.nl\/producten\/mayu-mini-glazen-drinkfles-500-ml\/#breadcrumb\"},\"inLanguage\":\"de\",\"potentialAction\":[{\"@type\":\"ReadAction\",\"target\":[\"https:\/\/www.alternatievemiddelen.nl\/producten\/mayu-mini-glazen-drinkfles-500-ml\/\"]}]},{\"@type\":\"ImageObject\",\"inLanguage\":\"de\",\"@id\":\"https:\/\/www.alternatievemiddelen.nl\/producten\/mayu-mini-glazen-drinkfles-500-ml\/#primaryimage\",\"url\":\"https:\/\/www.alternatievemiddelen.nl\/wp-content\/uploads\/2025\/10\/MAYU-glazen-drinkfles-0-5L.jpg\",\"contentUrl\":\"https:\/\/www.alternatievemiddelen.nl\/wp-content\/uploads\/2025\/10\/MAYU-glazen-drinkfles-0-5L.jpg\",\"width\":1200,\"height\":1600,\"caption\":\"MAYU glazen drinkfles 500ml\"},{\"@type\":\"BreadcrumbList\",\"@id\":\"https:\/\/www.alternatievemiddelen.nl\/producten\/mayu-mini-glazen-drinkfles-500-ml\/#breadcrumb\",\"itemListElement\":[{\"@type\":\"ListItem\",\"position\":1,\"name\":\"Home\",\"item\":\"https:\/\/www.alternatievemiddelen.nl\/\"},{\"@type\":\"ListItem\",\"position\":2,\"name\":\"Producten\",\"item\":\"https:\/\/www.alternatievemiddelen.nl\/producten\/\"},{\"@type\":\"ListItem\",\"position\":3,\"name\":\"MAYU &#8220;Mini&#8221; glazen drinkfles 500 ml &#8211; met uitneembaar zeefje\"}]},{\"@type\":\"WebSite\",\"@id\":\"https:\/\/www.alternatievemiddelen.nl\/#website\",\"url\":\"https:\/\/www.alternatievemiddelen.nl\/\",\"name\":\"Alternatievemiddelen.nl\",\"description\":\"Webshop met gezonde, duurzame en ecologische alternatieve mogelijkheden in de hedendaagse levenstijl. Alles uit eigen ervaring.\",\"publisher\":{\"@id\":\"https:\/\/www.alternatievemiddelen.nl\/#organization\"},\"potentialAction\":[{\"@type\":\"SearchAction\",\"target\":{\"@type\":\"EntryPoint\",\"urlTemplate\":\"https:\/\/www.alternatievemiddelen.nl\/?s={search_term_string}\"},\"query-input\":{\"@type\":\"PropertyValueSpecification\",\"valueRequired\":true,\"valueName\":\"search_term_string\"}}],\"inLanguage\":\"de\"},{\"@type\":\"Organization\",\"@id\":\"https:\/\/www.alternatievemiddelen.nl\/#organization\",\"name\":\"Alternatievemiddelen.nl\",\"url\":\"https:\/\/www.alternatievemiddelen.nl\/\",\"logo\":{\"@type\":\"ImageObject\",\"inLanguage\":\"de\",\"@id\":\"https:\/\/www.alternatievemiddelen.nl\/#\/schema\/logo\/image\/\",\"url\":\"https:\/\/www.alternatievemiddelen.nl\/wp-content\/uploads\/2023\/10\/alternatievemiddelen-PNG-logo.png\",\"contentUrl\":\"https:\/\/www.alternatievemiddelen.nl\/wp-content\/uploads\/2023\/10\/alternatievemiddelen-PNG-logo.png\",\"width\":6400,\"height\":3062,\"caption\":\"Alternatievemiddelen.nl\"},\"image\":{\"@id\":\"https:\/\/www.alternatievemiddelen.nl\/#\/schema\/logo\/image\/\"}}]}<\/script>\n<!-- \/ Yoast SEO plugin. -->","yoast_head_json":{"title":"MAYU \"Mini\" glazen drinkfles 500 ml - met uitneembaar zeefje - Alternatievemiddelen.nl","description":"De MAYU \"Mini\" glazen drinkfles 500 ml is gemaakt van hoogwaardig borosilicaatglas en heeft een brede opening voor eenvoudig vullen, drinken, schoonmaken.","robots":{"index":"index","follow":"follow","max-snippet":"max-snippet:-1","max-image-preview":"max-image-preview:large","max-video-preview":"max-video-preview:-1"},"canonical":"https:\/\/www.alternatievemiddelen.nl\/de\/wp-json\/wp\/v2\/product\/49547","og_locale":"de_DE","og_type":"article","og_title":"MAYU \"Mini\" glazen drinkfles 500 ml - met uitneembaar zeefje - Alternatievemiddelen.nl","og_description":"De MAYU \"Mini\" glazen drinkfles 500 ml is gemaakt van hoogwaardig borosilicaatglas en heeft een brede opening voor eenvoudig vullen, drinken, schoonmaken.","og_url":"https:\/\/www.alternatievemiddelen.nl\/de\/produkte\/mayu-mini-glas-trinkflasche-500-ml\/","og_site_name":"Alternatievemiddelen.nl","article_modified_time":"2025-10-11T05:44:09+00:00","og_image":[{"width":1200,"height":1600,"url":"\/wp-content\/uploads\/2025\/10\/MAYU-glazen-drinkfles-0-5L.jpg","type":"image\/jpeg"}],"twitter_card":"summary_large_image","twitter_misc":{"Gesch\u00e4tzte Lesezeit":"4\u00a0Minuten"},"schema":{"@context":"https:\/\/schema.org","@graph":[{"@type":["WebPage","ItemPage"],"@id":"https:\/\/www.alternatievemiddelen.nl\/producten\/mayu-mini-glazen-drinkfles-500-ml\/","url":"https:\/\/www.alternatievemiddelen.nl\/producten\/mayu-mini-glazen-drinkfles-500-ml\/","name":"MAYU \"Mini\" glazen drinkfles 500 ml - met uitneembaar zeefje - Alternatievemiddelen.nl","isPartOf":{"@id":"https:\/\/www.alternatievemiddelen.nl\/#website"},"primaryImageOfPage":{"@id":"https:\/\/www.alternatievemiddelen.nl\/producten\/mayu-mini-glazen-drinkfles-500-ml\/#primaryimage"},"image":{"@id":"https:\/\/www.alternatievemiddelen.nl\/producten\/mayu-mini-glazen-drinkfles-500-ml\/#primaryimage"},"thumbnailUrl":"https:\/\/www.alternatievemiddelen.nl\/wp-content\/uploads\/2025\/10\/MAYU-glazen-drinkfles-0-5L.jpg","datePublished":"2025-10-08T14:14:11+00:00","dateModified":"2025-10-11T05:44:09+00:00","description":"De MAYU \"Mini\" glazen drinkfles 500 ml is gemaakt van hoogwaardig borosilicaatglas en heeft een brede opening voor eenvoudig vullen, drinken, schoonmaken.","breadcrumb":{"@id":"https:\/\/www.alternatievemiddelen.nl\/producten\/mayu-mini-glazen-drinkfles-500-ml\/#breadcrumb"},"inLanguage":"de","potentialAction":[{"@type":"ReadAction","target":["https:\/\/www.alternatievemiddelen.nl\/producten\/mayu-mini-glazen-drinkfles-500-ml\/"]}]},{"@type":"ImageObject","inLanguage":"de","@id":"https:\/\/www.alternatievemiddelen.nl\/producten\/mayu-mini-glazen-drinkfles-500-ml\/#primaryimage","url":"https:\/\/www.alternatievemiddelen.nl\/wp-content\/uploads\/2025\/10\/MAYU-glazen-drinkfles-0-5L.jpg","contentUrl":"https:\/\/www.alternatievemiddelen.nl\/wp-content\/uploads\/2025\/10\/MAYU-glazen-drinkfles-0-5L.jpg","width":1200,"height":1600,"caption":"MAYU glazen drinkfles 500ml"},{"@type":"BreadcrumbList","@id":"https:\/\/www.alternatievemiddelen.nl\/producten\/mayu-mini-glazen-drinkfles-500-ml\/#breadcrumb","itemListElement":[{"@type":"ListItem","position":1,"name":"Home","item":"https:\/\/www.alternatievemiddelen.nl\/"},{"@type":"ListItem","position":2,"name":"Producten","item":"https:\/\/www.alternatievemiddelen.nl\/producten\/"},{"@type":"ListItem","position":3,"name":"MAYU &#8220;Mini&#8221; glazen drinkfles 500 ml &#8211; met uitneembaar zeefje"}]},{"@type":"WebSite","@id":"https:\/\/www.alternatievemiddelen.nl\/#website","url":"https:\/\/www.alternatievemiddelen.nl\/","name":"Alternatievemiddelen.nl","description":"Webshop met gezonde, duurzame en ecologische alternatieve mogelijkheden in de hedendaagse levenstijl. Alles uit eigen ervaring.","publisher":{"@id":"https:\/\/www.alternatievemiddelen.nl\/#organization"},"potentialAction":[{"@type":"SearchAction","target":{"@type":"EntryPoint","urlTemplate":"https:\/\/www.alternatievemiddelen.nl\/?s={search_term_string}"},"query-input":{"@type":"PropertyValueSpecification","valueRequired":true,"valueName":"search_term_string"}}],"inLanguage":"de"},{"@type":"Organization","@id":"https:\/\/www.alternatievemiddelen.nl\/#organization","name":"Alternatievemiddelen.nl","url":"https:\/\/www.alternatievemiddelen.nl\/","logo":{"@type":"ImageObject","inLanguage":"de","@id":"https:\/\/www.alternatievemiddelen.nl\/#\/schema\/logo\/image\/","url":"https:\/\/www.alternatievemiddelen.nl\/wp-content\/uploads\/2023\/10\/alternatievemiddelen-PNG-logo.png","contentUrl":"https:\/\/www.alternatievemiddelen.nl\/wp-content\/uploads\/2023\/10\/alternatievemiddelen-PNG-logo.png","width":6400,"height":3062,"caption":"Alternatievemiddelen.nl"},"image":{"@id":"https:\/\/www.alternatievemiddelen.nl\/#\/schema\/logo\/image\/"}}]}},"_links":{"self":[{"href":"https:\/\/www.alternatievemiddelen.nl\/de\/wp-json\/wp\/v2\/product\/49547","targetHints":{"allow":["GET"]}}],"collection":[{"href":"https:\/\/www.alternatievemiddelen.nl\/de\/wp-json\/wp\/v2\/product"}],"about":[{"href":"https:\/\/www.alternatievemiddelen.nl\/de\/wp-json\/wp\/v2\/types\/product"}],"replies":[{"embeddable":true,"href":"https:\/\/www.alternatievemiddelen.nl\/de\/wp-json\/wp\/v2\/comments?post=49547"}],"wp:featuredmedia":[{"embeddable":true,"href":"https:\/\/www.alternatievemiddelen.nl\/de\/wp-json\/wp\/v2\/media\/49570"}],"wp:attachment":[{"href":"https:\/\/www.alternatievemiddelen.nl\/de\/wp-json\/wp\/v2\/media?parent=49547"}],"wp:term":[{"taxonomy":"product_brand","embeddable":true,"href":"https:\/\/www.alternatievemiddelen.nl\/de\/wp-json\/wp\/v2\/product_brand?post=49547"},{"taxonomy":"product_cat","embeddable":true,"href":"https:\/\/www.alternatievemiddelen.nl\/de\/wp-json\/wp\/v2\/product_cat?post=49547"},{"taxonomy":"product_tag","embeddable":true,"href":"https:\/\/www.alternatievemiddelen.nl\/de\/wp-json\/wp\/v2\/product_tag?post=49547"},{"taxonomy":"merk","embeddable":true,"href":"https:\/\/www.alternatievemiddelen.nl\/de\/wp-json\/wp\/v2\/merk?post=49547"}],"curies":[{"name":"wp","href":"https:\/\/api.w.org\/{rel}","templated":true}]}}