{"id":50017,"date":"2025-11-16T08:16:45","date_gmt":"2025-11-16T07:16:45","guid":{"rendered":"https:\/\/www.alternatievemiddelen.nl\/?post_type=product&#038;p=50017"},"modified":"2025-12-29T22:53:21","modified_gmt":"2025-12-29T21:53:21","slug":"nanosponge-sponzen-groot","status":"publish","type":"product","link":"https:\/\/www.alternatievemiddelen.nl\/de\/produkte\/nano-schwamm-schwamme-gros\/","title":{"rendered":"NanoSponge Schw\u00e4mme gro\u00df gr\u00fcn\/grau 2 St\u00fcck - polieren ohne zu polieren"},"content":{"rendered":"<p>Die gro\u00dfen NanoSponge-Schw\u00e4mme mit einer Gr\u00f6\u00dfe von ca. 15 x 10 cm (\u00e4hnlich wie ein normaler Schwamm) ziehen Schmutz, Fett und Ablagerungen an wie ein Magnet! Die Schrubbseite ist enorm haltbar und kann fast alles sauber schrubben, kratzt aber nicht! Sie k\u00f6nnen selbst gro\u00dfe Mengen an Schmutz aufnehmen und trocknen schnell. Sie absorbieren auch Fett, \u00d6l, Fette und Chemikalien. Ideal f\u00fcr K\u00fcchen, B\u00e4der, Geschirr, Fu\u00dfleisten, Fliesen, Fugen, K\u00fchlschr\u00e4nke, Edelstahl, festsitzende R\u00fcckst\u00e4nde, Gl\u00e4ser, B\u00e4der... der NanoSponge reinigt alles!<\/p>\n<h3>Verwenden Sie diese NanoSponge-Schw\u00e4mme in gro\u00dfem Stil und immer wieder.<\/h3>\n<p>Schrubben und reinigen Sie fast jede Oberfl\u00e4che schneller, einfacher und nur mit Wasser. Wenn die NanoSponge-Schw\u00e4mme schmutzig werden, k\u00f6nnen Sie sie einfach in der Sp\u00fclmaschine waschen und wieder an die Arbeit gehen.<\/p>\n<p>Die gro\u00dfen NanoSponge-Schw\u00e4mme sind von dauerhafter Qualit\u00e4t und langlebig. Diese Schw\u00e4mme sind st\u00e4rker, haltbarer und effektiver als die Schw\u00e4mme, die in der Reinigung und in kommerziellen Anwendungen verwendet werden. Und diese gro\u00dfe Gr\u00f6\u00dfe ist ideal f\u00fcr gr\u00f6\u00dfere Reinigungsarbeiten.<\/p>\n<h3>Reinigt nur mit Wasser, ohne Chemikalien.<\/h3>\n<p>Die gro\u00dfen NanoSponge-Schw\u00e4mme bestehen aus zwei einzigartigen Geweben aus patentierten Nanolon\u00ae-Fasern. Eine Seite schrubbt (gr\u00fcne Seite), die andere absorbiert (graue Seite) und wischt weg. Sie absorbiert besser als Frottee-Mikrofasern. Und es werden keine (petrochemischen) Poliermittel ben\u00f6tigt, mit Wasser erhalten Sie bereits das gew\u00fcnschte Ergebnis auf allen Oberfl\u00e4chen. Diese Schw\u00e4mme von dauerhafter Qualit\u00e4t sind perfekt f\u00fcr den Gebrauch in Ihrer K\u00fcche, Ihrem Badezimmer und eigentlich \u00fcberall im Haus.<\/p>\n<h3>Was ist Nanolon\u00ae fibre?<\/h3>\n<p>Nanolon-Fasern sind eine einzigartige und revolution\u00e4re Stofftechnologie, die Hunderte Male feiner ist als ein menschliches Haar, und es gibt fast 40.000 Nanolon-Fasern pro Quadratzentimeter. Sie f\u00e4ngt Fl\u00fcssigkeiten, Staub und Schmutz m\u00fchelos wie ein Magnet und ohne giftige Chemikalien auf. Sie k\u00f6nnen damit fast alle Oberfl\u00e4chen ohne K\u00fcchenpapier und ohne Chemikalien reinigen und trocknen. Wenn der Schwamm schmutzig wird, waschen Sie ihn einfach in der Sp\u00fclmaschine und verwenden Sie ihn danach wieder, also waschbar und wiederverwendbar!<\/p>\n<h3>Die wichtigsten Vorteile der NanoSponge Schw\u00e4mme gro\u00df (Polieren ohne zu polieren) auf einen Blick:<\/h3>\n<p>\u2714 <b>Ersparnisse<\/b> - Das schont nicht nur Ihren Geldbeutel, sondern auch die Umwelt.<br \/>\n\u2714 <b>Ein vielseitiges Produkt<\/b> - Reinigen, trocknen, abstauben und polieren mit einem Schwamm.<br \/>\n\u2714 <b>Einfachere und bequemere Nutzung<\/b> - Es kostet weniger Energie und M\u00fche, st\u00e4ndig Polituren zu kaufen, und wenn man nur Wasser verwendet, ist es noch einfacher.<br \/>\n\u2714 <b>Gesundheit f\u00fcr Sie und Ihre Familie<\/b> - Einige Gesundheitsbeschwerden lassen sich auf die Verwendung von chemischen Reinigungsmitteln zur\u00fcckf\u00fchren, die nicht mehr notwendig sind.<br \/>\n\u2714 <b>Die Welt wieder ein bisschen besser machen<\/b> - Ein Beispiel: Jedes Jahr werden Millionen von B\u00e4umen und Urw\u00e4ldern abgeholzt, um unseren Wunsch nach Wegwerfhandt\u00fcchern zu befriedigen. Nur 2% dieses Papiers werden recycelt.<br \/>\n\u2714 <b>Ein guter Return on Investment (ROI)<\/b> - Wir leben in einer Welt der Nutzung und leicht wegwerfen Produkte. Die NanoSponge Schw\u00e4mme gro\u00df sind von guter Qualit\u00e4t gemacht zu halten.<\/p>\n<h4>Inhalt:<\/h4>\n<p>2 gr\u00fcn-graue NanoSponge-Schw\u00e4mme mit einer Gr\u00f6\u00dfe von ca. 15 x 10 cm (\u00e4hnlich einem normalen Schwamm)<\/p>","protected":false},"excerpt":{"rendered":"<p>Die kleinen NanoSponge-Schw\u00e4mme mit einer Gr\u00f6\u00dfe von ca. 11 x 7,5 cm (\u00e4hnlich einem Scheuerschwamm) ziehen Schmutz, Fett und Ablagerungen an wie ein Magnet!<\/p>","protected":false},"featured_media":50021,"comment_status":"open","ping_status":"closed","template":"","meta":[],"product_brand":[],"product_cat":[2924,3297],"product_tag":[3283,2929,3881,2932,3298,3877,3882,3302,3879,3878],"merk":[3455],"class_list":{"0":"post-50017","1":"product","2":"type-product","3":"status-publish","4":"has-post-thumbnail","6":"product_cat-duurzame-huishoudelijke-producten","7":"product_cat-poetsen-zonder-poetsmiddel","8":"product_tag-bespaart-geld","9":"product_tag-duurzaam","10":"product_tag-groot","11":"product_tag-milieuvriendelijk","12":"product_tag-nanolon","13":"product_tag-nanosponge","14":"product_tag-nanosponge-sponzen-groot","15":"product_tag-poetsen-zonder-poetsmiddel","16":"product_tag-spons","17":"product_tag-sponzen","18":"merk-life-miracle-usa","20":"first","21":"instock","22":"taxable","23":"shipping-taxable","24":"purchasable","25":"product-type-simple"},"bundled_by":[],"bundle_stock_status":"instock","bundle_stock_quantity":4,"bundle_virtual":false,"bundle_layout":"","bundle_add_to_cart_form_location":"","bundle_editable_in_cart":false,"bundle_sold_individually_context":"","bundle_item_grouping":"","bundle_min_size":"","bundle_max_size":"","bundle_price":[],"bundled_items":[],"bundle_sell_ids":[44176,50011,34402,34547,34549,49971],"yoast_head":"<!-- This site is optimized with the Yoast SEO plugin v26.1 - https:\/\/yoast.com\/wordpress\/plugins\/seo\/ -->\n<title>NanoSponge sponzen groot groen\/grijs 2 stuks - poetsen zonder poetsmiddel - Alternatievemiddelen.nl<\/title>\n<meta name=\"description\" content=\"De NanoSponge sponzen klein, met een afmeting van circa 11 x 7,5 cm (vergelijkbaar met een schuursponsje), trekken vuil, vet en aanslag aan als een magneet!\" \/>\n<meta name=\"robots\" content=\"index, follow, max-snippet:-1, max-image-preview:large, max-video-preview:-1\" \/>\n<link rel=\"canonical\" href=\"https:\/\/www.alternatievemiddelen.nl\/de\/wp-json\/wp\/v2\/product\/50017\" \/>\n<meta property=\"og:locale\" content=\"de_DE\" \/>\n<meta property=\"og:type\" content=\"article\" \/>\n<meta property=\"og:title\" content=\"NanoSponge sponzen groot groen\/grijs 2 stuks - poetsen zonder poetsmiddel - Alternatievemiddelen.nl\" \/>\n<meta property=\"og:description\" content=\"De NanoSponge sponzen klein, met een afmeting van circa 11 x 7,5 cm (vergelijkbaar met een schuursponsje), trekken vuil, vet en aanslag aan als een magneet!\" \/>\n<meta property=\"og:url\" content=\"https:\/\/www.alternatievemiddelen.nl\/de\/produkte\/nano-schwamm-schwamme-gros\/\" \/>\n<meta property=\"og:site_name\" content=\"Alternatievemiddelen.nl\" \/>\n<meta property=\"article:modified_time\" content=\"2025-12-29T21:53:21+00:00\" \/>\n<meta property=\"og:image\" content=\"\/wp-content\/uploads\/2025\/11\/NanoSponge-sponzen-groot.jpg\" \/>\n\t<meta property=\"og:image:width\" content=\"600\" \/>\n\t<meta property=\"og:image:height\" content=\"800\" \/>\n\t<meta property=\"og:image:type\" content=\"image\/jpeg\" \/>\n<meta name=\"twitter:card\" content=\"summary_large_image\" \/>\n<meta name=\"twitter:label1\" content=\"Gesch\u00e4tzte Lesezeit\" \/>\n\t<meta name=\"twitter:data1\" content=\"3\u00a0Minuten\" \/>\n<script type=\"application\/ld+json\" class=\"yoast-schema-graph\">{\"@context\":\"https:\/\/schema.org\",\"@graph\":[{\"@type\":[\"WebPage\",\"ItemPage\"],\"@id\":\"https:\/\/www.alternatievemiddelen.nl\/producten\/nanosponge-sponzen-groot\/\",\"url\":\"https:\/\/www.alternatievemiddelen.nl\/producten\/nanosponge-sponzen-groot\/\",\"name\":\"NanoSponge sponzen groot groen\/grijs 2 stuks - poetsen zonder poetsmiddel - Alternatievemiddelen.nl\",\"isPartOf\":{\"@id\":\"https:\/\/www.alternatievemiddelen.nl\/#website\"},\"primaryImageOfPage\":{\"@id\":\"https:\/\/www.alternatievemiddelen.nl\/producten\/nanosponge-sponzen-groot\/#primaryimage\"},\"image\":{\"@id\":\"https:\/\/www.alternatievemiddelen.nl\/producten\/nanosponge-sponzen-groot\/#primaryimage\"},\"thumbnailUrl\":\"https:\/\/www.alternatievemiddelen.nl\/wp-content\/uploads\/2025\/11\/NanoSponge-sponzen-groot.jpg\",\"datePublished\":\"2025-11-16T07:16:45+00:00\",\"dateModified\":\"2025-12-29T21:53:21+00:00\",\"description\":\"De NanoSponge sponzen klein, met een afmeting van circa 11 x 7,5 cm (vergelijkbaar met een schuursponsje), trekken vuil, vet en aanslag aan als een magneet!\",\"breadcrumb\":{\"@id\":\"https:\/\/www.alternatievemiddelen.nl\/producten\/nanosponge-sponzen-groot\/#breadcrumb\"},\"inLanguage\":\"de\",\"potentialAction\":[{\"@type\":\"ReadAction\",\"target\":[\"https:\/\/www.alternatievemiddelen.nl\/producten\/nanosponge-sponzen-groot\/\"]}]},{\"@type\":\"ImageObject\",\"inLanguage\":\"de\",\"@id\":\"https:\/\/www.alternatievemiddelen.nl\/producten\/nanosponge-sponzen-groot\/#primaryimage\",\"url\":\"https:\/\/www.alternatievemiddelen.nl\/wp-content\/uploads\/2025\/11\/NanoSponge-sponzen-groot.jpg\",\"contentUrl\":\"https:\/\/www.alternatievemiddelen.nl\/wp-content\/uploads\/2025\/11\/NanoSponge-sponzen-groot.jpg\",\"width\":600,\"height\":800,\"caption\":\"NanoSponge sponzen groot\"},{\"@type\":\"BreadcrumbList\",\"@id\":\"https:\/\/www.alternatievemiddelen.nl\/producten\/nanosponge-sponzen-groot\/#breadcrumb\",\"itemListElement\":[{\"@type\":\"ListItem\",\"position\":1,\"name\":\"Home\",\"item\":\"https:\/\/www.alternatievemiddelen.nl\/\"},{\"@type\":\"ListItem\",\"position\":2,\"name\":\"Producten\",\"item\":\"https:\/\/www.alternatievemiddelen.nl\/producten\/\"},{\"@type\":\"ListItem\",\"position\":3,\"name\":\"NanoSponge sponzen groot groen\/grijs 2 stuks &#8211; poetsen zonder poetsmiddel\"}]},{\"@type\":\"WebSite\",\"@id\":\"https:\/\/www.alternatievemiddelen.nl\/#website\",\"url\":\"https:\/\/www.alternatievemiddelen.nl\/\",\"name\":\"Alternatievemiddelen.nl\",\"description\":\"Webshop met gezonde, duurzame en ecologische alternatieve mogelijkheden in de hedendaagse levenstijl. Alles uit eigen ervaring.\",\"publisher\":{\"@id\":\"https:\/\/www.alternatievemiddelen.nl\/#organization\"},\"potentialAction\":[{\"@type\":\"SearchAction\",\"target\":{\"@type\":\"EntryPoint\",\"urlTemplate\":\"https:\/\/www.alternatievemiddelen.nl\/?s={search_term_string}\"},\"query-input\":{\"@type\":\"PropertyValueSpecification\",\"valueRequired\":true,\"valueName\":\"search_term_string\"}}],\"inLanguage\":\"de\"},{\"@type\":\"Organization\",\"@id\":\"https:\/\/www.alternatievemiddelen.nl\/#organization\",\"name\":\"Alternatievemiddelen.nl\",\"url\":\"https:\/\/www.alternatievemiddelen.nl\/\",\"logo\":{\"@type\":\"ImageObject\",\"inLanguage\":\"de\",\"@id\":\"https:\/\/www.alternatievemiddelen.nl\/#\/schema\/logo\/image\/\",\"url\":\"https:\/\/www.alternatievemiddelen.nl\/wp-content\/uploads\/2023\/10\/alternatievemiddelen-PNG-logo.png\",\"contentUrl\":\"https:\/\/www.alternatievemiddelen.nl\/wp-content\/uploads\/2023\/10\/alternatievemiddelen-PNG-logo.png\",\"width\":6400,\"height\":3062,\"caption\":\"Alternatievemiddelen.nl\"},\"image\":{\"@id\":\"https:\/\/www.alternatievemiddelen.nl\/#\/schema\/logo\/image\/\"}}]}<\/script>\n<!-- \/ Yoast SEO plugin. -->","yoast_head_json":{"title":"NanoSponge sponzen groot groen\/grijs 2 stuks - poetsen zonder poetsmiddel - Alternatievemiddelen.nl","description":"De NanoSponge sponzen klein, met een afmeting van circa 11 x 7,5 cm (vergelijkbaar met een schuursponsje), trekken vuil, vet en aanslag aan als een magneet!","robots":{"index":"index","follow":"follow","max-snippet":"max-snippet:-1","max-image-preview":"max-image-preview:large","max-video-preview":"max-video-preview:-1"},"canonical":"https:\/\/www.alternatievemiddelen.nl\/de\/wp-json\/wp\/v2\/product\/50017","og_locale":"de_DE","og_type":"article","og_title":"NanoSponge sponzen groot groen\/grijs 2 stuks - poetsen zonder poetsmiddel - Alternatievemiddelen.nl","og_description":"De NanoSponge sponzen klein, met een afmeting van circa 11 x 7,5 cm (vergelijkbaar met een schuursponsje), trekken vuil, vet en aanslag aan als een magneet!","og_url":"https:\/\/www.alternatievemiddelen.nl\/de\/produkte\/nano-schwamm-schwamme-gros\/","og_site_name":"Alternatievemiddelen.nl","article_modified_time":"2025-12-29T21:53:21+00:00","og_image":[{"width":600,"height":800,"url":"\/wp-content\/uploads\/2025\/11\/NanoSponge-sponzen-groot.jpg","type":"image\/jpeg"}],"twitter_card":"summary_large_image","twitter_misc":{"Gesch\u00e4tzte Lesezeit":"3\u00a0Minuten"},"schema":{"@context":"https:\/\/schema.org","@graph":[{"@type":["WebPage","ItemPage"],"@id":"https:\/\/www.alternatievemiddelen.nl\/producten\/nanosponge-sponzen-groot\/","url":"https:\/\/www.alternatievemiddelen.nl\/producten\/nanosponge-sponzen-groot\/","name":"NanoSponge sponzen groot groen\/grijs 2 stuks - poetsen zonder poetsmiddel - Alternatievemiddelen.nl","isPartOf":{"@id":"https:\/\/www.alternatievemiddelen.nl\/#website"},"primaryImageOfPage":{"@id":"https:\/\/www.alternatievemiddelen.nl\/producten\/nanosponge-sponzen-groot\/#primaryimage"},"image":{"@id":"https:\/\/www.alternatievemiddelen.nl\/producten\/nanosponge-sponzen-groot\/#primaryimage"},"thumbnailUrl":"https:\/\/www.alternatievemiddelen.nl\/wp-content\/uploads\/2025\/11\/NanoSponge-sponzen-groot.jpg","datePublished":"2025-11-16T07:16:45+00:00","dateModified":"2025-12-29T21:53:21+00:00","description":"De NanoSponge sponzen klein, met een afmeting van circa 11 x 7,5 cm (vergelijkbaar met een schuursponsje), trekken vuil, vet en aanslag aan als een magneet!","breadcrumb":{"@id":"https:\/\/www.alternatievemiddelen.nl\/producten\/nanosponge-sponzen-groot\/#breadcrumb"},"inLanguage":"de","potentialAction":[{"@type":"ReadAction","target":["https:\/\/www.alternatievemiddelen.nl\/producten\/nanosponge-sponzen-groot\/"]}]},{"@type":"ImageObject","inLanguage":"de","@id":"https:\/\/www.alternatievemiddelen.nl\/producten\/nanosponge-sponzen-groot\/#primaryimage","url":"https:\/\/www.alternatievemiddelen.nl\/wp-content\/uploads\/2025\/11\/NanoSponge-sponzen-groot.jpg","contentUrl":"https:\/\/www.alternatievemiddelen.nl\/wp-content\/uploads\/2025\/11\/NanoSponge-sponzen-groot.jpg","width":600,"height":800,"caption":"NanoSponge sponzen groot"},{"@type":"BreadcrumbList","@id":"https:\/\/www.alternatievemiddelen.nl\/producten\/nanosponge-sponzen-groot\/#breadcrumb","itemListElement":[{"@type":"ListItem","position":1,"name":"Home","item":"https:\/\/www.alternatievemiddelen.nl\/"},{"@type":"ListItem","position":2,"name":"Producten","item":"https:\/\/www.alternatievemiddelen.nl\/producten\/"},{"@type":"ListItem","position":3,"name":"NanoSponge sponzen groot groen\/grijs 2 stuks &#8211; poetsen zonder poetsmiddel"}]},{"@type":"WebSite","@id":"https:\/\/www.alternatievemiddelen.nl\/#website","url":"https:\/\/www.alternatievemiddelen.nl\/","name":"Alternatievemiddelen.nl","description":"Webshop met gezonde, duurzame en ecologische alternatieve mogelijkheden in de hedendaagse levenstijl. Alles uit eigen ervaring.","publisher":{"@id":"https:\/\/www.alternatievemiddelen.nl\/#organization"},"potentialAction":[{"@type":"SearchAction","target":{"@type":"EntryPoint","urlTemplate":"https:\/\/www.alternatievemiddelen.nl\/?s={search_term_string}"},"query-input":{"@type":"PropertyValueSpecification","valueRequired":true,"valueName":"search_term_string"}}],"inLanguage":"de"},{"@type":"Organization","@id":"https:\/\/www.alternatievemiddelen.nl\/#organization","name":"Alternatievemiddelen.nl","url":"https:\/\/www.alternatievemiddelen.nl\/","logo":{"@type":"ImageObject","inLanguage":"de","@id":"https:\/\/www.alternatievemiddelen.nl\/#\/schema\/logo\/image\/","url":"https:\/\/www.alternatievemiddelen.nl\/wp-content\/uploads\/2023\/10\/alternatievemiddelen-PNG-logo.png","contentUrl":"https:\/\/www.alternatievemiddelen.nl\/wp-content\/uploads\/2023\/10\/alternatievemiddelen-PNG-logo.png","width":6400,"height":3062,"caption":"Alternatievemiddelen.nl"},"image":{"@id":"https:\/\/www.alternatievemiddelen.nl\/#\/schema\/logo\/image\/"}}]}},"_links":{"self":[{"href":"https:\/\/www.alternatievemiddelen.nl\/de\/wp-json\/wp\/v2\/product\/50017","targetHints":{"allow":["GET"]}}],"collection":[{"href":"https:\/\/www.alternatievemiddelen.nl\/de\/wp-json\/wp\/v2\/product"}],"about":[{"href":"https:\/\/www.alternatievemiddelen.nl\/de\/wp-json\/wp\/v2\/types\/product"}],"replies":[{"embeddable":true,"href":"https:\/\/www.alternatievemiddelen.nl\/de\/wp-json\/wp\/v2\/comments?post=50017"}],"wp:featuredmedia":[{"embeddable":true,"href":"https:\/\/www.alternatievemiddelen.nl\/de\/wp-json\/wp\/v2\/media\/50021"}],"wp:attachment":[{"href":"https:\/\/www.alternatievemiddelen.nl\/de\/wp-json\/wp\/v2\/media?parent=50017"}],"wp:term":[{"taxonomy":"product_brand","embeddable":true,"href":"https:\/\/www.alternatievemiddelen.nl\/de\/wp-json\/wp\/v2\/product_brand?post=50017"},{"taxonomy":"product_cat","embeddable":true,"href":"https:\/\/www.alternatievemiddelen.nl\/de\/wp-json\/wp\/v2\/product_cat?post=50017"},{"taxonomy":"product_tag","embeddable":true,"href":"https:\/\/www.alternatievemiddelen.nl\/de\/wp-json\/wp\/v2\/product_tag?post=50017"},{"taxonomy":"merk","embeddable":true,"href":"https:\/\/www.alternatievemiddelen.nl\/de\/wp-json\/wp\/v2\/merk?post=50017"}],"curies":[{"name":"wp","href":"https:\/\/api.w.org\/{rel}","templated":true}]}}