{"id":50640,"date":"2026-01-12T15:13:23","date_gmt":"2026-01-12T14:13:23","guid":{"rendered":"https:\/\/www.alternatievemiddelen.nl\/?post_type=product&#038;p=50640"},"modified":"2026-01-13T16:38:07","modified_gmt":"2026-01-13T15:38:07","slug":"boroux-glazen-drinkfles-1-liter","status":"publish","type":"product","link":"https:\/\/www.alternatievemiddelen.nl\/de\/produkte\/boroux-glas-trinkflasche-1-liter\/","title":{"rendered":"BOROUX Glas-Trinkflasche 1 Liter"},"content":{"rendered":"<p>Tragbare Hydratation in einem haltbaren Borosilikatglas-Design mit der BOROUX Glas-Trinkflasche 1 Liter. Die Flasche passt leicht in die meisten Getr\u00e4nkehalter, H\u00e4nde und Rucks\u00e4cke, so dass Sie endlich den Komfort einer gro\u00dfen Flasche \u00fcberall.<br \/>\nDie weite \u00d6ffnung erleichtert das Einf\u00fcllen von Eis und das Reinigen der Flasche, und der Edelstahlverschluss dichtet hermetisch ab und sorgt f\u00fcr einen auslaufsicheren Transport. Entscheiden Sie sich f\u00fcr Glas anstelle von Kunststoff, um Ihre t\u00e4gliche Routine mit einem wiederverwendbaren, sp\u00fclmaschinenfesten Upgrade zu versehen.<br \/>\n&nbsp;<\/p>\n<h3>Umweltbewusstes Design, Alltagswert<\/h3>\n<p>Die BOROUX Glas-Trinkflasche 1 Liter besteht aus hochwertigem Borosilikatglas, ist langlebig und g\u00fcnstig. Jede Nachf\u00fcllung ersetzt zahlreiche Einweg-Plastikflaschen. So bleiben Sie nachhaltig hydriert und investieren in langfristige Qualit\u00e4t.<br \/>\n&nbsp;<\/p>\n<h3>Einfach zu bedienen, durchdachte Funktionalit\u00e4t<\/h3>\n<p>Die breite \u00d6ffnung von 5,7 cm erleichtert das Einf\u00fcllen von Eis, das Aufgie\u00dfen von Fr\u00fcchten oder die Reinigung des Bechers. Er wurde f\u00fcr den t\u00e4glichen Rhythmus entwickelt und passt bequem in Getr\u00e4nkehalter, Rucks\u00e4cke und H\u00e4nde und verbindet Stil mit reiner Funktionalit\u00e4t.<br \/>\n&nbsp;<\/p>\n<h3>Sichere Materialien, bessere Hydratation<\/h3>\n<p>Die BOROUX Glas-Trinkflasche 1 Liter ist komplett aus BPA\/BPS-freiem Borosilikatglas mit Edelstahldeckel und Silikondichtung gefertigt und h\u00e4lt Ihr Wasser klar und rein, so wie es die Natur vorgesehen hat.<br \/>\n&nbsp;<\/p>\n<h3>Nachhaltigkeit mit nachhaltiger Wirkung<\/h3>\n<p>Mit jeder Nachf\u00fcllung entscheiden Sie sich f\u00fcr weniger Plastik und mehr Zweck. Ein zeitloses Design f\u00fcr moderne Haltbarkeit.<br \/>\n&nbsp;<\/p>\n<h3>Hauptmerkmale der BOROUX Glas-Trinkflasche 1 Liter<\/h3>\n<p>\u2714 Fassungsverm\u00f6gen von 1 Liter<br \/>\n\u2714 BPA\/BPS-freies Borosilikatglas<br \/>\n\u2714 Abmessungen: H\u00f6he von 27,4 cm und Durchmesser von \u00d8 7,6 cm<br \/>\n\u2714 Temperaturwechselbest\u00e4ndigkeit (resistent gegen Temperaturschwankungen)<br \/>\n\u2714 Weite \u00d6ffnung f\u00fcr einfache Reinigung<br \/>\n\u2714 Edelstahl-Dichtungskappe mit Silikondichtung<br \/>\n\u2714 Abnehmbares Sieb aus rostfreiem Stahl (304): h\u00e4lt Fr\u00fcchte, Kr\u00e4uter, Eis und Kerne von Ihrem Getr\u00e4nk fern und kann es leicht im Mund behalten<br \/>\n\u2714 Sp\u00fclmaschinentauglich<br \/>\n\u2714 Au\u00dfergew\u00f6hnlich preisg\u00fcnstig<br \/>\n&nbsp;<\/p>\n<h4><u>Inbetriebsetzung und Reinigung:<\/u><\/h4>\n<p>\u25cf <u>Vor dem ersten Gebrauch waschen:<\/u> Nehmen Sie den Deckel und das Sieb ab und waschen Sie alle Teile von Hand in warmem Seifenwasser. Gr\u00fcndlich aussp\u00fclen und an der Luft trocknen lassen.<br \/>\n\u25cf <u>F\u00fcllen Sie Ihre Wasserflasche:<\/u> F\u00fcr kalte oder raumtemperierte Getr\u00e4nke zu verwenden. Nicht mit hei\u00dfen Fl\u00fcssigkeiten bef\u00fcllen, um pl\u00f6tzliche Temperaturschwankungen zu vermeiden. Verschlie\u00dfen Sie den Deckel fest, bevor Sie ihn in eine Tasche oder einen Rucksack stecken.<br \/>\n\u25cf <u>K\u00fcmmern Sie sich um Ihre Wasserflasche:<\/u> F\u00fcr eine l\u00e4ngere Lebensdauer wird Handw\u00e4sche empfohlen. Die Glasflasche ist sp\u00fclmaschinenfest (oberes Fach). Um die Zuverl\u00e4ssigkeit des Verschlusses und des Siebs zu erhalten, nur von Hand waschen. Vermeiden Sie pl\u00f6tzliche Ersch\u00fctterungen oder extreme Temperaturschwankungen, um die Haltbarkeit zu erhalten.<\/p>\n<p>Bitte beachten Sie unser <a href=\"https:\/\/www.alternatievemiddelen.nl\/de\/die-bibliothek\/\">Bibliothek<\/a>, die Handb\u00fccher und Antworten auf h\u00e4ufig gestellte Fragen enth\u00e4lt.<\/p>","protected":false},"excerpt":{"rendered":"<p>Die BOROUX Glas-Trinkflasche 1 Liter passt problemlos in die meisten Getr\u00e4nkehalter und Rucks\u00e4cke und bietet Ihnen endlich den Komfort einer gro\u00dfen Flasche \u00fcberall.<\/p>","protected":false},"featured_media":50659,"comment_status":"open","ping_status":"closed","template":"","meta":[],"product_brand":[],"product_cat":[3892,2983,2984,2924,3569],"product_tag":[3842,3600,3115,3255,3706,2975,2987,2929,3116,3117,2875,3118,3119,3120,3121,3004,2989,3122,2921,2879,2990,2880,2991,2967,2992,2885,2995],"merk":[3702],"class_list":{"0":"post-50640","1":"product","2":"type-product","3":"status-publish","4":"has-post-thumbnail","6":"product_cat-nieuwe-producten","7":"product_cat-drinkflessen","8":"product_cat-drinkfles","9":"product_cat-duurzame-huishoudelijke-producten","10":"product_cat-overige-duurzame-huishoudelijke-producten","11":"product_tag-1-liter","12":"product_tag-1l","13":"product_tag-borosilicaat-glas","14":"product_tag-borosilicaatglas","15":"product_tag-boroux","16":"product_tag-bpa-vrij","17":"product_tag-drinkfles","18":"product_tag-duurzaam","19":"product_tag-fruit","20":"product_tag-gezond","21":"product_tag-gezondheid","22":"product_tag-glas","23":"product_tag-glazen-drinkfles","24":"product_tag-glazen-fles","25":"product_tag-lekvrij","26":"product_tag-onderweg","27":"product_tag-outdoor","28":"product_tag-plasticreductie","29":"product_tag-reizen","30":"product_tag-roestvrij-staal","31":"product_tag-roestvrijstalen-waterfles","32":"product_tag-rvs","33":"product_tag-school","34":"product_tag-schoon","35":"product_tag-sport","36":"product_tag-water","37":"product_tag-werk","38":"merk-boroux","40":"first","41":"instock","42":"taxable","43":"shipping-taxable","44":"purchasable","45":"product-type-simple"},"bundled_by":[],"bundle_stock_status":"instock","bundle_stock_quantity":null,"bundle_virtual":false,"bundle_layout":"","bundle_add_to_cart_form_location":"","bundle_editable_in_cart":false,"bundle_sold_individually_context":"","bundle_item_grouping":"","bundle_min_size":"","bundle_max_size":"","bundle_price":[],"bundled_items":[],"bundle_sell_ids":[44176,34480],"yoast_head":"<!-- This site is optimized with the Yoast SEO plugin v26.1 - https:\/\/yoast.com\/wordpress\/plugins\/seo\/ -->\n<title>BOROUX glazen drinkfles 1 liter - Alternatievemiddelen.nl<\/title>\n<meta name=\"description\" content=\"De BOROUX glazen drinkfles 1 liter past gemakkelijk in de meeste bekerhouders en rugzakken, waardoor je eindelijk overal het gemak van een grote fles hebt.\" \/>\n<meta name=\"robots\" content=\"index, follow, max-snippet:-1, max-image-preview:large, max-video-preview:-1\" \/>\n<link rel=\"canonical\" href=\"https:\/\/www.alternatievemiddelen.nl\/de\/wp-json\/wp\/v2\/product\/50640\" \/>\n<meta property=\"og:locale\" content=\"de_DE\" \/>\n<meta property=\"og:type\" content=\"article\" \/>\n<meta property=\"og:title\" content=\"BOROUX glazen drinkfles 1 liter - Alternatievemiddelen.nl\" \/>\n<meta property=\"og:description\" content=\"De BOROUX glazen drinkfles 1 liter past gemakkelijk in de meeste bekerhouders en rugzakken, waardoor je eindelijk overal het gemak van een grote fles hebt.\" \/>\n<meta property=\"og:url\" content=\"https:\/\/www.alternatievemiddelen.nl\/de\/produkte\/boroux-glas-trinkflasche-1-liter\/\" \/>\n<meta property=\"og:site_name\" content=\"Alternatievemiddelen.nl\" \/>\n<meta property=\"article:modified_time\" content=\"2026-01-13T15:38:07+00:00\" \/>\n<meta property=\"og:image\" content=\"\/wp-content\/uploads\/2026\/01\/BOROUX-glazen-drinkfles-1-liter.jpg\" \/>\n\t<meta property=\"og:image:width\" content=\"1200\" \/>\n\t<meta property=\"og:image:height\" content=\"1600\" \/>\n\t<meta property=\"og:image:type\" content=\"image\/jpeg\" \/>\n<meta name=\"twitter:card\" content=\"summary_large_image\" \/>\n<meta name=\"twitter:label1\" content=\"Gesch\u00e4tzte Lesezeit\" \/>\n\t<meta name=\"twitter:data1\" content=\"3\u00a0Minuten\" \/>\n<script type=\"application\/ld+json\" class=\"yoast-schema-graph\">{\"@context\":\"https:\/\/schema.org\",\"@graph\":[{\"@type\":[\"WebPage\",\"ItemPage\"],\"@id\":\"https:\/\/www.alternatievemiddelen.nl\/producten\/boroux-glazen-drinkfles-1-liter\/\",\"url\":\"https:\/\/www.alternatievemiddelen.nl\/producten\/boroux-glazen-drinkfles-1-liter\/\",\"name\":\"BOROUX glazen drinkfles 1 liter - Alternatievemiddelen.nl\",\"isPartOf\":{\"@id\":\"https:\/\/www.alternatievemiddelen.nl\/#website\"},\"primaryImageOfPage\":{\"@id\":\"https:\/\/www.alternatievemiddelen.nl\/producten\/boroux-glazen-drinkfles-1-liter\/#primaryimage\"},\"image\":{\"@id\":\"https:\/\/www.alternatievemiddelen.nl\/producten\/boroux-glazen-drinkfles-1-liter\/#primaryimage\"},\"thumbnailUrl\":\"https:\/\/www.alternatievemiddelen.nl\/wp-content\/uploads\/2026\/01\/BOROUX-glazen-drinkfles-1-liter.jpg\",\"datePublished\":\"2026-01-12T14:13:23+00:00\",\"dateModified\":\"2026-01-13T15:38:07+00:00\",\"description\":\"De BOROUX glazen drinkfles 1 liter past gemakkelijk in de meeste bekerhouders en rugzakken, waardoor je eindelijk overal het gemak van een grote fles hebt.\",\"breadcrumb\":{\"@id\":\"https:\/\/www.alternatievemiddelen.nl\/producten\/boroux-glazen-drinkfles-1-liter\/#breadcrumb\"},\"inLanguage\":\"de\",\"potentialAction\":[{\"@type\":\"ReadAction\",\"target\":[\"https:\/\/www.alternatievemiddelen.nl\/producten\/boroux-glazen-drinkfles-1-liter\/\"]}]},{\"@type\":\"ImageObject\",\"inLanguage\":\"de\",\"@id\":\"https:\/\/www.alternatievemiddelen.nl\/producten\/boroux-glazen-drinkfles-1-liter\/#primaryimage\",\"url\":\"https:\/\/www.alternatievemiddelen.nl\/wp-content\/uploads\/2026\/01\/BOROUX-glazen-drinkfles-1-liter.jpg\",\"contentUrl\":\"https:\/\/www.alternatievemiddelen.nl\/wp-content\/uploads\/2026\/01\/BOROUX-glazen-drinkfles-1-liter.jpg\",\"width\":1200,\"height\":1600,\"caption\":\"BOROUX glazen drinkfles 1 liter\"},{\"@type\":\"BreadcrumbList\",\"@id\":\"https:\/\/www.alternatievemiddelen.nl\/producten\/boroux-glazen-drinkfles-1-liter\/#breadcrumb\",\"itemListElement\":[{\"@type\":\"ListItem\",\"position\":1,\"name\":\"Home\",\"item\":\"https:\/\/www.alternatievemiddelen.nl\/\"},{\"@type\":\"ListItem\",\"position\":2,\"name\":\"Producten\",\"item\":\"https:\/\/www.alternatievemiddelen.nl\/producten\/\"},{\"@type\":\"ListItem\",\"position\":3,\"name\":\"BOROUX glazen drinkfles 1 liter\"}]},{\"@type\":\"WebSite\",\"@id\":\"https:\/\/www.alternatievemiddelen.nl\/#website\",\"url\":\"https:\/\/www.alternatievemiddelen.nl\/\",\"name\":\"Alternatievemiddelen.nl\",\"description\":\"Webshop met gezonde, duurzame en ecologische alternatieve mogelijkheden in de hedendaagse levenstijl. Alles uit eigen ervaring.\",\"publisher\":{\"@id\":\"https:\/\/www.alternatievemiddelen.nl\/#organization\"},\"potentialAction\":[{\"@type\":\"SearchAction\",\"target\":{\"@type\":\"EntryPoint\",\"urlTemplate\":\"https:\/\/www.alternatievemiddelen.nl\/?s={search_term_string}\"},\"query-input\":{\"@type\":\"PropertyValueSpecification\",\"valueRequired\":true,\"valueName\":\"search_term_string\"}}],\"inLanguage\":\"de\"},{\"@type\":\"Organization\",\"@id\":\"https:\/\/www.alternatievemiddelen.nl\/#organization\",\"name\":\"Alternatievemiddelen.nl\",\"url\":\"https:\/\/www.alternatievemiddelen.nl\/\",\"logo\":{\"@type\":\"ImageObject\",\"inLanguage\":\"de\",\"@id\":\"https:\/\/www.alternatievemiddelen.nl\/#\/schema\/logo\/image\/\",\"url\":\"https:\/\/www.alternatievemiddelen.nl\/wp-content\/uploads\/2023\/10\/alternatievemiddelen-PNG-logo.png\",\"contentUrl\":\"https:\/\/www.alternatievemiddelen.nl\/wp-content\/uploads\/2023\/10\/alternatievemiddelen-PNG-logo.png\",\"width\":6400,\"height\":3062,\"caption\":\"Alternatievemiddelen.nl\"},\"image\":{\"@id\":\"https:\/\/www.alternatievemiddelen.nl\/#\/schema\/logo\/image\/\"}}]}<\/script>\n<!-- \/ Yoast SEO plugin. -->","yoast_head_json":{"title":"BOROUX glazen drinkfles 1 liter - Alternatievemiddelen.nl","description":"De BOROUX glazen drinkfles 1 liter past gemakkelijk in de meeste bekerhouders en rugzakken, waardoor je eindelijk overal het gemak van een grote fles hebt.","robots":{"index":"index","follow":"follow","max-snippet":"max-snippet:-1","max-image-preview":"max-image-preview:large","max-video-preview":"max-video-preview:-1"},"canonical":"https:\/\/www.alternatievemiddelen.nl\/de\/wp-json\/wp\/v2\/product\/50640","og_locale":"de_DE","og_type":"article","og_title":"BOROUX glazen drinkfles 1 liter - Alternatievemiddelen.nl","og_description":"De BOROUX glazen drinkfles 1 liter past gemakkelijk in de meeste bekerhouders en rugzakken, waardoor je eindelijk overal het gemak van een grote fles hebt.","og_url":"https:\/\/www.alternatievemiddelen.nl\/de\/produkte\/boroux-glas-trinkflasche-1-liter\/","og_site_name":"Alternatievemiddelen.nl","article_modified_time":"2026-01-13T15:38:07+00:00","og_image":[{"width":1200,"height":1600,"url":"\/wp-content\/uploads\/2026\/01\/BOROUX-glazen-drinkfles-1-liter.jpg","type":"image\/jpeg"}],"twitter_card":"summary_large_image","twitter_misc":{"Gesch\u00e4tzte Lesezeit":"3\u00a0Minuten"},"schema":{"@context":"https:\/\/schema.org","@graph":[{"@type":["WebPage","ItemPage"],"@id":"https:\/\/www.alternatievemiddelen.nl\/producten\/boroux-glazen-drinkfles-1-liter\/","url":"https:\/\/www.alternatievemiddelen.nl\/producten\/boroux-glazen-drinkfles-1-liter\/","name":"BOROUX glazen drinkfles 1 liter - Alternatievemiddelen.nl","isPartOf":{"@id":"https:\/\/www.alternatievemiddelen.nl\/#website"},"primaryImageOfPage":{"@id":"https:\/\/www.alternatievemiddelen.nl\/producten\/boroux-glazen-drinkfles-1-liter\/#primaryimage"},"image":{"@id":"https:\/\/www.alternatievemiddelen.nl\/producten\/boroux-glazen-drinkfles-1-liter\/#primaryimage"},"thumbnailUrl":"https:\/\/www.alternatievemiddelen.nl\/wp-content\/uploads\/2026\/01\/BOROUX-glazen-drinkfles-1-liter.jpg","datePublished":"2026-01-12T14:13:23+00:00","dateModified":"2026-01-13T15:38:07+00:00","description":"De BOROUX glazen drinkfles 1 liter past gemakkelijk in de meeste bekerhouders en rugzakken, waardoor je eindelijk overal het gemak van een grote fles hebt.","breadcrumb":{"@id":"https:\/\/www.alternatievemiddelen.nl\/producten\/boroux-glazen-drinkfles-1-liter\/#breadcrumb"},"inLanguage":"de","potentialAction":[{"@type":"ReadAction","target":["https:\/\/www.alternatievemiddelen.nl\/producten\/boroux-glazen-drinkfles-1-liter\/"]}]},{"@type":"ImageObject","inLanguage":"de","@id":"https:\/\/www.alternatievemiddelen.nl\/producten\/boroux-glazen-drinkfles-1-liter\/#primaryimage","url":"https:\/\/www.alternatievemiddelen.nl\/wp-content\/uploads\/2026\/01\/BOROUX-glazen-drinkfles-1-liter.jpg","contentUrl":"https:\/\/www.alternatievemiddelen.nl\/wp-content\/uploads\/2026\/01\/BOROUX-glazen-drinkfles-1-liter.jpg","width":1200,"height":1600,"caption":"BOROUX glazen drinkfles 1 liter"},{"@type":"BreadcrumbList","@id":"https:\/\/www.alternatievemiddelen.nl\/producten\/boroux-glazen-drinkfles-1-liter\/#breadcrumb","itemListElement":[{"@type":"ListItem","position":1,"name":"Home","item":"https:\/\/www.alternatievemiddelen.nl\/"},{"@type":"ListItem","position":2,"name":"Producten","item":"https:\/\/www.alternatievemiddelen.nl\/producten\/"},{"@type":"ListItem","position":3,"name":"BOROUX glazen drinkfles 1 liter"}]},{"@type":"WebSite","@id":"https:\/\/www.alternatievemiddelen.nl\/#website","url":"https:\/\/www.alternatievemiddelen.nl\/","name":"Alternatievemiddelen.nl","description":"Webshop met gezonde, duurzame en ecologische alternatieve mogelijkheden in de hedendaagse levenstijl. Alles uit eigen ervaring.","publisher":{"@id":"https:\/\/www.alternatievemiddelen.nl\/#organization"},"potentialAction":[{"@type":"SearchAction","target":{"@type":"EntryPoint","urlTemplate":"https:\/\/www.alternatievemiddelen.nl\/?s={search_term_string}"},"query-input":{"@type":"PropertyValueSpecification","valueRequired":true,"valueName":"search_term_string"}}],"inLanguage":"de"},{"@type":"Organization","@id":"https:\/\/www.alternatievemiddelen.nl\/#organization","name":"Alternatievemiddelen.nl","url":"https:\/\/www.alternatievemiddelen.nl\/","logo":{"@type":"ImageObject","inLanguage":"de","@id":"https:\/\/www.alternatievemiddelen.nl\/#\/schema\/logo\/image\/","url":"https:\/\/www.alternatievemiddelen.nl\/wp-content\/uploads\/2023\/10\/alternatievemiddelen-PNG-logo.png","contentUrl":"https:\/\/www.alternatievemiddelen.nl\/wp-content\/uploads\/2023\/10\/alternatievemiddelen-PNG-logo.png","width":6400,"height":3062,"caption":"Alternatievemiddelen.nl"},"image":{"@id":"https:\/\/www.alternatievemiddelen.nl\/#\/schema\/logo\/image\/"}}]}},"_links":{"self":[{"href":"https:\/\/www.alternatievemiddelen.nl\/de\/wp-json\/wp\/v2\/product\/50640","targetHints":{"allow":["GET"]}}],"collection":[{"href":"https:\/\/www.alternatievemiddelen.nl\/de\/wp-json\/wp\/v2\/product"}],"about":[{"href":"https:\/\/www.alternatievemiddelen.nl\/de\/wp-json\/wp\/v2\/types\/product"}],"replies":[{"embeddable":true,"href":"https:\/\/www.alternatievemiddelen.nl\/de\/wp-json\/wp\/v2\/comments?post=50640"}],"wp:featuredmedia":[{"embeddable":true,"href":"https:\/\/www.alternatievemiddelen.nl\/de\/wp-json\/wp\/v2\/media\/50659"}],"wp:attachment":[{"href":"https:\/\/www.alternatievemiddelen.nl\/de\/wp-json\/wp\/v2\/media?parent=50640"}],"wp:term":[{"taxonomy":"product_brand","embeddable":true,"href":"https:\/\/www.alternatievemiddelen.nl\/de\/wp-json\/wp\/v2\/product_brand?post=50640"},{"taxonomy":"product_cat","embeddable":true,"href":"https:\/\/www.alternatievemiddelen.nl\/de\/wp-json\/wp\/v2\/product_cat?post=50640"},{"taxonomy":"product_tag","embeddable":true,"href":"https:\/\/www.alternatievemiddelen.nl\/de\/wp-json\/wp\/v2\/product_tag?post=50640"},{"taxonomy":"merk","embeddable":true,"href":"https:\/\/www.alternatievemiddelen.nl\/de\/wp-json\/wp\/v2\/merk?post=50640"}],"curies":[{"name":"wp","href":"https:\/\/api.w.org\/{rel}","templated":true}]}}