{"id":51081,"date":"2026-02-26T11:18:55","date_gmt":"2026-02-26T10:18:55","guid":{"rendered":"https:\/\/www.alternatievemiddelen.nl\/?post_type=product&#038;p=51081"},"modified":"2026-04-12T12:12:42","modified_gmt":"2026-04-12T10:12:42","slug":"natural-care-company-electrolyten-100-ml","status":"publish","type":"product","link":"https:\/\/www.alternatievemiddelen.nl\/de\/produkte\/natural-care-company-elektrolyte-100-ml\/","title":{"rendered":"Natural Care Company Elektrolyte - Mineralzusatz - 100 ml"},"content":{"rendered":"<p>Natural Care Company Electrolytes (fl\u00fcssige Mineralienl\u00f6sung) ist eine sorgf\u00e4ltig zusammengestellte Mischung aus essentiellen Mineralien, die Ihr K\u00f6rper f\u00fcr eine optimale Fl\u00fcssigkeitszufuhr, einen ausgeglichenen Energiehaushalt und allgemeines Wohlbefinden ben\u00f6tigt. Mit einer ausgewogenen Zusammensetzung aus Natrium, Magnesium, Kalium, Kalzium und anderen Spurenelementen bietet dieses Produkt die perfekte Unterst\u00fctzung f\u00fcr Ihre t\u00e4gliche Gesundheit und Leistungsf\u00e4higkeit.<\/p>\n<p>Fl\u00fcssige Elektrolyte werden schneller absorbiert als andere Formen und haben den zus\u00e4tzlichen Vorteil, dass sie sehr einfach und fein zu verwenden sind. Kein Verklumpen durch Feuchtigkeit, auch nicht w\u00e4hrend der Anwendung.<\/p>\n<p><u>Geeignet f\u00fcr:<\/u><\/p>\n<ul>\n<li><b>Sportler und Athleten:<\/b> Ideal f\u00fcr alle, die intensiv trainieren und die durch den Schwei\u00df verlorenen Mineralien wieder auff\u00fcllen wollen.<\/li>\n<li><b>Personen, die einen aktiven Lebensstil f\u00fchren:<\/b> Hilft, die Energie und den Wasserhaushalt den ganzen Tag \u00fcber aufrechtzuerhalten.<\/li>\n<li><b>Menschen mit erh\u00f6htem Mineralstoffbedarf:<\/b> Zum Beispiel, wenn Sie einen stressigen Lebensstil oder besondere Ern\u00e4hrungsbed\u00fcrfnisse haben.<\/li>\n<li><b>Jeder, der seine allgemeine Gesundheit unterst\u00fctzen m\u00f6chte:<\/b> Die t\u00e4gliche Zufuhr von Elektrolyten kann zu einem besseren Wohlbefinden und einer einwandfreien K\u00f6rperfunktion beitragen.<\/li>\n<\/ul>\n<p>&nbsp;<\/p>\n<h3>Vorteile Natural Care Company Elektrolyte:<\/h3>\n<p><b>1. Optimale Hydratation:<\/b><br \/>\nNatrium und Kalium sind entscheidend f\u00fcr die Aufrechterhaltung des Fl\u00fcssigkeitshaushalts im K\u00f6rper, insbesondere w\u00e4hrend und nach dem Sport. Dies hilft, Dehydrierung zu verhindern und unterst\u00fctzt Ihre Erholung.<br \/>\n<b>2. Unterst\u00fctzung der Muskelfunktion:<\/b><br \/>\nMagnesium und Kalzium spielen eine Schl\u00fcsselrolle bei der Muskelkontraktion und -entspannung, was zu einer besseren sportlichen Leistung und weniger Muskelkr\u00e4mpfen beitr\u00e4gt.<br \/>\n<b>3. Energieerzeugung:<\/b><br \/>\nMagnesium ist unerl\u00e4sslich f\u00fcr die Energieproduktion auf zellul\u00e4rer Ebene, was bedeutet, dass Sie sich den ganzen Tag \u00fcber energiegeladen und aufmerksam f\u00fchlen.<br \/>\n<b>4. Unterst\u00fctzung der Schilddr\u00fcse:<\/b><br \/>\nJod unterst\u00fctzt eine normale Schilddr\u00fcsenfunktion, die f\u00fcr die Regulierung des Stoffwechsels wichtig ist.<br \/>\n<b>5. St\u00e4rkung des Immunsystems:<\/b><br \/>\nSelen und Zink tragen zu einem gesunden Immunsystem bei, so dass Sie besser gegen Krankheiten gesch\u00fctzt sind.<br \/>\n&nbsp;<br \/>\n&nbsp;<\/p>\n<h3>Anwendung von Natural Care Company Electrolytes:<\/h3>\n<p><b><u>Allgemeines:<\/u><\/b> Zweimal t\u00e4glich einen Teel\u00f6ffel in ein Glas Wasser geben und trinken.<br \/>\n&nbsp;<br \/>\n<b><u>Erwachsene:<\/u><\/b> Mischen Sie 3 ml (1 Teel\u00f6ffel) in einem Glas Wasser (200-250 ml). Nehmen Sie diese Dosis ein- oder zweimal t\u00e4glich ein, je nach Ihrem Fl\u00fcssigkeits- und Aktivit\u00e4tsbedarf.<br \/>\n<b><u>Kinder (ab 12 Jahren):<\/u><\/b> Nehmen Sie t\u00e4glich 1,5 - 3 ml (etwa \u00bd bis 1 Teel\u00f6ffel) in einem Glas Wasser (250 ml) gemischt ein, es sei denn, ein Fachmann r\u00e4t etwas anderes.<br \/>\n&nbsp;<br \/>\n<b><u>Ideale Momente der Aufnahme:<\/u><\/b><br \/>\n<b>Vor oder w\u00e4hrend des Trainings:<\/b> Trinken Sie 30 Minuten vor dem Training, um Ihren K\u00f6rper vorzubereiten, und w\u00e4hrend des Trainings, um Ihr Fl\u00fcssigkeits- und Elektrolytgleichgewicht aufrechtzuerhalten.<br \/>\n<b>Nach Anstrengung:<\/b> Unmittelbar nach dem Sport einnehmen, um verlorene Mineralien wieder aufzuf\u00fcllen und die Regeneration zu f\u00f6rdern.<br \/>\n<b>Bei hei\u00dfem Wetter oder starkem Schwitzen:<\/b> Nehmen Sie eine zus\u00e4tzliche Dosis, um einer Dehydrierung vorzubeugen und den Feuchtigkeitshaushalt zu erhalten.<br \/>\n&nbsp;<br \/>\n<b><u>Zutaten:<\/u><\/b>  Wasser, Atoligomer\u00ae (Meerwasserkonzentrat).<br \/>\n&nbsp;<br \/>\n<b><u>Informationen \u00fcber Allergene:<\/u><\/b> Dieses Produkt ist frei von bekannten Allergenen.<br \/>\n&nbsp;<br \/>\n<u><b>Zusammensetzung pro Tagesdosis (2 Teel\u00f6ffel = 6 ml)<\/b><\/u><\/p>\n<table>\n<tbody>\n<tr>\n<td><u><b>Zutat<\/b><\/u><\/td>\n<td><u><b>Menge<\/b><\/u><\/td>\n<td><u><b>RI *<\/b><\/u><\/td>\n<\/tr>\n<tr>\n<td><b>Mineralien<\/b><\/td>\n<td><\/td>\n<td><\/td>\n<\/tr>\n<tr>\n<td>Natrium<\/td>\n<td>183 mg<\/td>\n<td>9,2%<\/td>\n<\/tr>\n<tr>\n<td>Magnesium<\/td>\n<td>204 mg<\/td>\n<td>54,4%<\/td>\n<\/tr>\n<tr>\n<td>Kalzium<\/td>\n<td>3 mg<\/td>\n<td>0,4%<\/td>\n<\/tr>\n<tr>\n<td>Kalium<\/td>\n<td>63 mg<\/td>\n<td>3,2%<\/td>\n<\/tr>\n<tr>\n<td>Phosphor<\/td>\n<td>3 mg<\/td>\n<td>0,4%<\/td>\n<\/tr>\n<tr>\n<td>Jod<\/td>\n<td>120 mcg<\/td>\n<td>80%<\/td>\n<\/tr>\n<tr>\n<td>Mangan<\/td>\n<td>0,01 mg<\/td>\n<td>0,6%<\/td>\n<\/tr>\n<tr>\n<td>Eisen<\/td>\n<td>0,1 mg<\/td>\n<td>0,7%<\/td>\n<\/tr>\n<tr>\n<td>Zink<\/td>\n<td>0,03 mg<\/td>\n<td>0,3%<\/td>\n<\/tr>\n<tr>\n<td>Selen<\/td>\n<td>0,6 mcg<\/td>\n<td>1,1%<\/td>\n<\/tr>\n<tr>\n<td>Kupfer<\/td>\n<td>0,01 mg<\/td>\n<td>0,5%<\/td>\n<\/tr>\n<\/tbody>\n<\/table>\n<p>*) Referenzzufuhr.<br \/>\n&nbsp;<\/p>\n<h3>Zu erreichende Ergebnisse:<\/h3>\n<ul>\n<li>Verbesserte Fl\u00fcssigkeitszufuhr und Erholung nach k\u00f6rperlicher Anstrengung. (1)<\/li>\n<li>Geringeres Risiko von Muskelkr\u00e4mpfen und M\u00fcdigkeit. (2,6)<\/li>\n<li>Mehr Energie f\u00fcr den ganzen Tag. (2)<\/li>\n<li>Unterst\u00fctzung der Schilddr\u00fcsenfunktion und des Stoffwechsels. (3)<\/li>\n<li>St\u00e4rkung des Immunsystems f\u00fcr mehr Widerstandskraft. (4, 5)<\/li>\n<\/ul>\n<p>&nbsp;<br \/>\nQuellenangabe zu den genannten Ergebnissen<\/p>\n<p><i>1.  Studie: Der Natrium- und Kaliumhaushalt im Zusammenhang mit der Fl\u00fcssigkeitszufuhr bei k\u00f6rperlicher Bet\u00e4tigung.<\/i><br \/>\n<u>Quelle:<\/u> Sawka, M. N., &amp; Montain, S. J. (2000). Die Regulierung der K\u00f6rperfl\u00fcssigkeiten durch Natrium und Kalium bei k\u00f6rperlicher Anstrengung. Zeitschrift f\u00fcr Ern\u00e4hrung. PMID: 10801945<\/p>\n<p><i>2.  Studie: Die Rolle von Magnesium bei sportlicher Leistung und Muskelfunktion.<\/i><br \/>\n<u>Quelle:<\/u> Volpe, S. L. (2015). Magnesium in der Krankheitsvorbeugung und allgemeinen Gesundheit. Advances in Nutrition. PMID: 26178026<\/p>\n<p><i>3. Studie: Die Rolle von Jod f\u00fcr die Funktion und Gesundheit der Schilddr\u00fcse.<\/i><br \/>\n<u>Quelle:<\/u> Zimmermann, M. B. (2011). Jodmangel. Endocrine Reviews. PMID: 21493812<\/p>\n<p><i>4. Studie: Der Einfluss von Selen und Zink auf die Immunfunktion.<\/i><br \/>\n<u>Quelle:<\/u> Shankar, A. H., &amp; Prasad, A. S. (1998). Zink und Immunfunktion: Die biologische Grundlage einer ver\u00e4nderten Infektionsresistenz. American Journal of Clinical Nutrition. PMID: 9701160<\/p>\n<p><i>5. Studie: Die Rolle von Selen bei der Immunfunktion und Entz\u00fcndung.<\/i><br \/>\n<u>Quelle:<\/u> Hoffmann, P. R., &amp; Berry, M. J. (2008). Der Einfluss von Selen auf Immunreaktionen. Molekulare Ern\u00e4hrung &amp; Lebensmittelforschung. PMID: 18496815<\/p>\n<p><i>6. Studie: Calcium und Magnesium in der Muskelfunktion und Krampfpr\u00e4vention.<\/i><br \/>\n<u>Quelle:<\/u> Brilla, L. R., &amp; Haley, T. F. (1992). Magnesium- und Kalzium-Nahrungserg\u00e4nzung reduziert die Symptome von Muskelkr\u00e4mpfen. Amerikanische Zeitschrift f\u00fcr Sportmedizin. PMID: 15659026<br \/>\n&nbsp;<\/p>\n<h2>H\u00e4ufig gestellte Fragen zu Natural Care Company Electrolytes<\/h2>\n<p><b>Wie lange kann ich Electrolyen verwenden?<\/b><br \/>\nSie k\u00f6nnen diese Erg\u00e4nzung \u00fcber einen langen Zeitraum verwenden.<\/p>\n<p><b>Wie sollte ich Electrolyen aufbewahren?<\/b><br \/>\nBei Raumtemperatur und an einem trockenen Ort aufbewahren. Au\u00dferhalb der Reichweite von kleinen Kindern aufbewahren.<\/p>\n<p><b>Wie nehme ich Electrolyen am besten ein?<\/b><br \/>\nEs ist am besten, diese Erg\u00e4nzung mit Wasser einzunehmen.<\/p>\n<p><b>Ist Electrolyen auf pflanzlicher Basis?<\/b><br \/>\nJa, und das macht dieses Produkt sowohl f\u00fcr Veganer als auch f\u00fcr Vegetarier geeignet.<\/p>\n<p><b>Kann ich Electrolyen w\u00e4hrend der Schwangerschaft oder in der Stillzeit verwenden?<\/b><br \/>\nJa, Sie k\u00f6nnen es w\u00e4hrend der Schwangerschaft oder in der Stillzeit verwenden.<\/p>\n<p><b>Kann ich Electrolyen Roll zusammen mit Ihren anderen Nahrungserg\u00e4nzungsmitteln verwenden?<\/b><br \/>\nDas ist m\u00f6glich, in manchen F\u00e4llen wird der positive Effekt sogar noch verst\u00e4rkt.<\/p>\n<p><b>Welche Allergene sind in Electrolyen enthalten?<\/b><br \/>\nDiese Erg\u00e4nzung enth\u00e4lt keine bekannten Allergene.<\/p>\n<p><b>Wann ist es besser, Electrolyen nicht zu verwenden?<\/b><br \/>\nWenn Sie sich in \u00e4rztlicher Behandlung befinden, raten wir Ihnen immer, vor der Einnahme von Nahrungserg\u00e4nzungsmitteln einen Arzt zu konsultieren. Nahrungserg\u00e4nzungsmittel sind niemals ein Ersatz f\u00fcr eine abwechslungsreiche Ern\u00e4hrung, und eine gesunde Lebensweise ist wichtig.<\/p>","protected":false},"excerpt":{"rendered":"<p>Natural Care Company Electrolytes (100 ml) ist eine Mischung aus essentiellen Mineralien, die aus Meerwasserkonzentrat gewonnen werden und unter anderem f\u00fcr Menschen mit einem aktiven Lebensstil geeignet sind.<\/p>","protected":false},"featured_media":51083,"comment_status":"open","ping_status":"closed","template":"","meta":[],"product_brand":[],"product_cat":[2870,3460,2938],"product_tag":[3923,3589,3590,3592,3924,3591],"merk":[3920],"class_list":{"0":"post-51081","1":"product","2":"type-product","3":"status-publish","4":"has-post-thumbnail","6":"product_cat-vitalisers-en-energetische-platen","7":"product_cat-mayu-swirl","8":"product_cat-vitamines-mineralen-en-supplementen","9":"product_tag-electrolyten-natural-care-company","10":"product_tag-electrolytes","11":"product_tag-mineraal","12":"product_tag-mineraal-supplement","13":"product_tag-natural-care-company","14":"product_tag-supplement","15":"merk-natural-care-company","17":"first","18":"instock","19":"taxable","20":"shipping-taxable","21":"purchasable","22":"product-type-simple"},"bundled_by":[],"bundle_stock_status":"instock","bundle_stock_quantity":2,"bundle_virtual":false,"bundle_layout":"","bundle_add_to_cart_form_location":"","bundle_editable_in_cart":false,"bundle_sold_individually_context":"","bundle_item_grouping":"","bundle_min_size":"","bundle_max_size":"","bundle_price":[],"bundled_items":[],"bundle_sell_ids":[44176,34335,34343,34349],"yoast_head":"<!-- This site is optimized with the Yoast SEO plugin v26.1 - https:\/\/yoast.com\/wordpress\/plugins\/seo\/ -->\n<title>Natural Care Company Electrolyten - mineraal supplement - 100 ml - Alternatievemiddelen.nl<\/title>\n<meta name=\"description\" content=\"Natural Care Company Electrolyten is een mix van essenti\u00eble mineralen, gewonnen uit zeewater concentraat en voor o.a. mensen met een actieve leefstijl.\" \/>\n<meta name=\"robots\" content=\"index, follow, max-snippet:-1, max-image-preview:large, max-video-preview:-1\" \/>\n<link rel=\"canonical\" href=\"https:\/\/www.alternatievemiddelen.nl\/de\/wp-json\/wp\/v2\/product\/51081\" \/>\n<meta property=\"og:locale\" content=\"de_DE\" \/>\n<meta property=\"og:type\" content=\"article\" \/>\n<meta property=\"og:title\" content=\"Natural Care Company Electrolyten - mineraal supplement - 100 ml - Alternatievemiddelen.nl\" \/>\n<meta property=\"og:description\" content=\"Natural Care Company Electrolyten is een mix van essenti\u00eble mineralen, gewonnen uit zeewater concentraat en voor o.a. mensen met een actieve leefstijl.\" \/>\n<meta property=\"og:url\" content=\"https:\/\/www.alternatievemiddelen.nl\/de\/produkte\/natural-care-company-elektrolyte-100-ml\/\" \/>\n<meta property=\"og:site_name\" content=\"Alternatievemiddelen.nl\" \/>\n<meta property=\"article:modified_time\" content=\"2026-04-12T10:12:42+00:00\" \/>\n<meta property=\"og:image\" content=\"\/wp-content\/uploads\/2026\/02\/Electrolyten-Natural-Care-Company.jpg\" \/>\n\t<meta property=\"og:image:width\" content=\"900\" \/>\n\t<meta property=\"og:image:height\" content=\"1200\" \/>\n\t<meta property=\"og:image:type\" content=\"image\/jpeg\" \/>\n<meta name=\"twitter:card\" content=\"summary_large_image\" \/>\n<meta name=\"twitter:label1\" content=\"Gesch\u00e4tzte Lesezeit\" \/>\n\t<meta name=\"twitter:data1\" content=\"5\u00a0Minuten\" \/>\n<script type=\"application\/ld+json\" class=\"yoast-schema-graph\">{\"@context\":\"https:\/\/schema.org\",\"@graph\":[{\"@type\":[\"WebPage\",\"ItemPage\"],\"@id\":\"https:\/\/www.alternatievemiddelen.nl\/producten\/natural-care-company-electrolyten-100-ml\/\",\"url\":\"https:\/\/www.alternatievemiddelen.nl\/producten\/natural-care-company-electrolyten-100-ml\/\",\"name\":\"Natural Care Company Electrolyten - mineraal supplement - 100 ml - Alternatievemiddelen.nl\",\"isPartOf\":{\"@id\":\"https:\/\/www.alternatievemiddelen.nl\/#website\"},\"primaryImageOfPage\":{\"@id\":\"https:\/\/www.alternatievemiddelen.nl\/producten\/natural-care-company-electrolyten-100-ml\/#primaryimage\"},\"image\":{\"@id\":\"https:\/\/www.alternatievemiddelen.nl\/producten\/natural-care-company-electrolyten-100-ml\/#primaryimage\"},\"thumbnailUrl\":\"https:\/\/www.alternatievemiddelen.nl\/wp-content\/uploads\/2026\/02\/Electrolyten-Natural-Care-Company.jpg\",\"datePublished\":\"2026-02-26T10:18:55+00:00\",\"dateModified\":\"2026-04-12T10:12:42+00:00\",\"description\":\"Natural Care Company Electrolyten is een mix van essenti\u00eble mineralen, gewonnen uit zeewater concentraat en voor o.a. mensen met een actieve leefstijl.\",\"breadcrumb\":{\"@id\":\"https:\/\/www.alternatievemiddelen.nl\/producten\/natural-care-company-electrolyten-100-ml\/#breadcrumb\"},\"inLanguage\":\"de\",\"potentialAction\":[{\"@type\":\"ReadAction\",\"target\":[\"https:\/\/www.alternatievemiddelen.nl\/producten\/natural-care-company-electrolyten-100-ml\/\"]}]},{\"@type\":\"ImageObject\",\"inLanguage\":\"de\",\"@id\":\"https:\/\/www.alternatievemiddelen.nl\/producten\/natural-care-company-electrolyten-100-ml\/#primaryimage\",\"url\":\"https:\/\/www.alternatievemiddelen.nl\/wp-content\/uploads\/2026\/02\/Electrolyten-Natural-Care-Company.jpg\",\"contentUrl\":\"https:\/\/www.alternatievemiddelen.nl\/wp-content\/uploads\/2026\/02\/Electrolyten-Natural-Care-Company.jpg\",\"width\":900,\"height\":1200,\"caption\":\"Electrolyten Natural Care Company\"},{\"@type\":\"BreadcrumbList\",\"@id\":\"https:\/\/www.alternatievemiddelen.nl\/producten\/natural-care-company-electrolyten-100-ml\/#breadcrumb\",\"itemListElement\":[{\"@type\":\"ListItem\",\"position\":1,\"name\":\"Home\",\"item\":\"https:\/\/www.alternatievemiddelen.nl\/\"},{\"@type\":\"ListItem\",\"position\":2,\"name\":\"Producten\",\"item\":\"https:\/\/www.alternatievemiddelen.nl\/producten\/\"},{\"@type\":\"ListItem\",\"position\":3,\"name\":\"Natural Care Company Electrolyten &#8211; mineraal supplement &#8211; 100 ml\"}]},{\"@type\":\"WebSite\",\"@id\":\"https:\/\/www.alternatievemiddelen.nl\/#website\",\"url\":\"https:\/\/www.alternatievemiddelen.nl\/\",\"name\":\"Alternatievemiddelen.nl\",\"description\":\"Webshop met gezonde, duurzame en ecologische alternatieve mogelijkheden in de hedendaagse levenstijl. Alles uit eigen ervaring.\",\"publisher\":{\"@id\":\"https:\/\/www.alternatievemiddelen.nl\/#organization\"},\"potentialAction\":[{\"@type\":\"SearchAction\",\"target\":{\"@type\":\"EntryPoint\",\"urlTemplate\":\"https:\/\/www.alternatievemiddelen.nl\/?s={search_term_string}\"},\"query-input\":{\"@type\":\"PropertyValueSpecification\",\"valueRequired\":true,\"valueName\":\"search_term_string\"}}],\"inLanguage\":\"de\"},{\"@type\":\"Organization\",\"@id\":\"https:\/\/www.alternatievemiddelen.nl\/#organization\",\"name\":\"Alternatievemiddelen.nl\",\"url\":\"https:\/\/www.alternatievemiddelen.nl\/\",\"logo\":{\"@type\":\"ImageObject\",\"inLanguage\":\"de\",\"@id\":\"https:\/\/www.alternatievemiddelen.nl\/#\/schema\/logo\/image\/\",\"url\":\"https:\/\/www.alternatievemiddelen.nl\/wp-content\/uploads\/2023\/10\/alternatievemiddelen-PNG-logo.png\",\"contentUrl\":\"https:\/\/www.alternatievemiddelen.nl\/wp-content\/uploads\/2023\/10\/alternatievemiddelen-PNG-logo.png\",\"width\":6400,\"height\":3062,\"caption\":\"Alternatievemiddelen.nl\"},\"image\":{\"@id\":\"https:\/\/www.alternatievemiddelen.nl\/#\/schema\/logo\/image\/\"}}]}<\/script>\n<!-- \/ Yoast SEO plugin. -->","yoast_head_json":{"title":"Natural Care Company Electrolyten - mineraal supplement - 100 ml - Alternatievemiddelen.nl","description":"Natural Care Company Electrolyten is een mix van essenti\u00eble mineralen, gewonnen uit zeewater concentraat en voor o.a. mensen met een actieve leefstijl.","robots":{"index":"index","follow":"follow","max-snippet":"max-snippet:-1","max-image-preview":"max-image-preview:large","max-video-preview":"max-video-preview:-1"},"canonical":"https:\/\/www.alternatievemiddelen.nl\/de\/wp-json\/wp\/v2\/product\/51081","og_locale":"de_DE","og_type":"article","og_title":"Natural Care Company Electrolyten - mineraal supplement - 100 ml - Alternatievemiddelen.nl","og_description":"Natural Care Company Electrolyten is een mix van essenti\u00eble mineralen, gewonnen uit zeewater concentraat en voor o.a. mensen met een actieve leefstijl.","og_url":"https:\/\/www.alternatievemiddelen.nl\/de\/produkte\/natural-care-company-elektrolyte-100-ml\/","og_site_name":"Alternatievemiddelen.nl","article_modified_time":"2026-04-12T10:12:42+00:00","og_image":[{"width":900,"height":1200,"url":"\/wp-content\/uploads\/2026\/02\/Electrolyten-Natural-Care-Company.jpg","type":"image\/jpeg"}],"twitter_card":"summary_large_image","twitter_misc":{"Gesch\u00e4tzte Lesezeit":"5\u00a0Minuten"},"schema":{"@context":"https:\/\/schema.org","@graph":[{"@type":["WebPage","ItemPage"],"@id":"https:\/\/www.alternatievemiddelen.nl\/producten\/natural-care-company-electrolyten-100-ml\/","url":"https:\/\/www.alternatievemiddelen.nl\/producten\/natural-care-company-electrolyten-100-ml\/","name":"Natural Care Company Electrolyten - mineraal supplement - 100 ml - Alternatievemiddelen.nl","isPartOf":{"@id":"https:\/\/www.alternatievemiddelen.nl\/#website"},"primaryImageOfPage":{"@id":"https:\/\/www.alternatievemiddelen.nl\/producten\/natural-care-company-electrolyten-100-ml\/#primaryimage"},"image":{"@id":"https:\/\/www.alternatievemiddelen.nl\/producten\/natural-care-company-electrolyten-100-ml\/#primaryimage"},"thumbnailUrl":"https:\/\/www.alternatievemiddelen.nl\/wp-content\/uploads\/2026\/02\/Electrolyten-Natural-Care-Company.jpg","datePublished":"2026-02-26T10:18:55+00:00","dateModified":"2026-04-12T10:12:42+00:00","description":"Natural Care Company Electrolyten is een mix van essenti\u00eble mineralen, gewonnen uit zeewater concentraat en voor o.a. mensen met een actieve leefstijl.","breadcrumb":{"@id":"https:\/\/www.alternatievemiddelen.nl\/producten\/natural-care-company-electrolyten-100-ml\/#breadcrumb"},"inLanguage":"de","potentialAction":[{"@type":"ReadAction","target":["https:\/\/www.alternatievemiddelen.nl\/producten\/natural-care-company-electrolyten-100-ml\/"]}]},{"@type":"ImageObject","inLanguage":"de","@id":"https:\/\/www.alternatievemiddelen.nl\/producten\/natural-care-company-electrolyten-100-ml\/#primaryimage","url":"https:\/\/www.alternatievemiddelen.nl\/wp-content\/uploads\/2026\/02\/Electrolyten-Natural-Care-Company.jpg","contentUrl":"https:\/\/www.alternatievemiddelen.nl\/wp-content\/uploads\/2026\/02\/Electrolyten-Natural-Care-Company.jpg","width":900,"height":1200,"caption":"Electrolyten Natural Care Company"},{"@type":"BreadcrumbList","@id":"https:\/\/www.alternatievemiddelen.nl\/producten\/natural-care-company-electrolyten-100-ml\/#breadcrumb","itemListElement":[{"@type":"ListItem","position":1,"name":"Home","item":"https:\/\/www.alternatievemiddelen.nl\/"},{"@type":"ListItem","position":2,"name":"Producten","item":"https:\/\/www.alternatievemiddelen.nl\/producten\/"},{"@type":"ListItem","position":3,"name":"Natural Care Company Electrolyten &#8211; mineraal supplement &#8211; 100 ml"}]},{"@type":"WebSite","@id":"https:\/\/www.alternatievemiddelen.nl\/#website","url":"https:\/\/www.alternatievemiddelen.nl\/","name":"Alternatievemiddelen.nl","description":"Webshop met gezonde, duurzame en ecologische alternatieve mogelijkheden in de hedendaagse levenstijl. Alles uit eigen ervaring.","publisher":{"@id":"https:\/\/www.alternatievemiddelen.nl\/#organization"},"potentialAction":[{"@type":"SearchAction","target":{"@type":"EntryPoint","urlTemplate":"https:\/\/www.alternatievemiddelen.nl\/?s={search_term_string}"},"query-input":{"@type":"PropertyValueSpecification","valueRequired":true,"valueName":"search_term_string"}}],"inLanguage":"de"},{"@type":"Organization","@id":"https:\/\/www.alternatievemiddelen.nl\/#organization","name":"Alternatievemiddelen.nl","url":"https:\/\/www.alternatievemiddelen.nl\/","logo":{"@type":"ImageObject","inLanguage":"de","@id":"https:\/\/www.alternatievemiddelen.nl\/#\/schema\/logo\/image\/","url":"https:\/\/www.alternatievemiddelen.nl\/wp-content\/uploads\/2023\/10\/alternatievemiddelen-PNG-logo.png","contentUrl":"https:\/\/www.alternatievemiddelen.nl\/wp-content\/uploads\/2023\/10\/alternatievemiddelen-PNG-logo.png","width":6400,"height":3062,"caption":"Alternatievemiddelen.nl"},"image":{"@id":"https:\/\/www.alternatievemiddelen.nl\/#\/schema\/logo\/image\/"}}]}},"_links":{"self":[{"href":"https:\/\/www.alternatievemiddelen.nl\/de\/wp-json\/wp\/v2\/product\/51081","targetHints":{"allow":["GET"]}}],"collection":[{"href":"https:\/\/www.alternatievemiddelen.nl\/de\/wp-json\/wp\/v2\/product"}],"about":[{"href":"https:\/\/www.alternatievemiddelen.nl\/de\/wp-json\/wp\/v2\/types\/product"}],"replies":[{"embeddable":true,"href":"https:\/\/www.alternatievemiddelen.nl\/de\/wp-json\/wp\/v2\/comments?post=51081"}],"wp:featuredmedia":[{"embeddable":true,"href":"https:\/\/www.alternatievemiddelen.nl\/de\/wp-json\/wp\/v2\/media\/51083"}],"wp:attachment":[{"href":"https:\/\/www.alternatievemiddelen.nl\/de\/wp-json\/wp\/v2\/media?parent=51081"}],"wp:term":[{"taxonomy":"product_brand","embeddable":true,"href":"https:\/\/www.alternatievemiddelen.nl\/de\/wp-json\/wp\/v2\/product_brand?post=51081"},{"taxonomy":"product_cat","embeddable":true,"href":"https:\/\/www.alternatievemiddelen.nl\/de\/wp-json\/wp\/v2\/product_cat?post=51081"},{"taxonomy":"product_tag","embeddable":true,"href":"https:\/\/www.alternatievemiddelen.nl\/de\/wp-json\/wp\/v2\/product_tag?post=51081"},{"taxonomy":"merk","embeddable":true,"href":"https:\/\/www.alternatievemiddelen.nl\/de\/wp-json\/wp\/v2\/merk?post=51081"}],"curies":[{"name":"wp","href":"https:\/\/api.w.org\/{rel}","templated":true}]}}