{"id":51497,"date":"2026-04-12T07:07:52","date_gmt":"2026-04-12T05:07:52","guid":{"rendered":"https:\/\/www.alternatievemiddelen.nl\/?post_type=product&#038;p=51497"},"modified":"2026-04-12T07:44:14","modified_gmt":"2026-04-12T05:44:14","slug":"mayu-swirl-onyx","status":"publish","type":"product","link":"https:\/\/www.alternatievemiddelen.nl\/de\/produkte\/mayu-swirl-onyx\/","title":{"rendered":"MAYU Swirl Onyx Dekanter - vitalisierend mit Vortex-Technologie (nat\u00fcrliche Spiralbewegung)"},"content":{"rendered":"<p>MAYU Swirl Onyx - n\u00e4hern Sie sich der Essenz des nat\u00fcrlichen Quellwassers!<br \/>\nDer MAYU Swirl Onyx nutzt die nat\u00fcrliche Kraft der spiralf\u00f6rmigen Bewegung (Implosion), die im gesamten Universum zu finden ist. Als Ergebnis wird Ihr Wasser erfrischt, mit Sauerstoff angereichert, ausgeglichen und verj\u00fcngt, so dass es besser schmeckt und besser hydratisiert, wie es die Natur vorgesehen hat.<br \/>\n&nbsp;<\/p>\n<h3>Warum die MAYU Swirl Onyx?<\/h3>\n<p>Warum bel\u00fcften? Wasser beh\u00e4lt seine Lebendigkeit und Frische, wenn es in Bewegung ist. Wenn es jedoch in Rohren gepresst wird und stagniert, verliert es die Energie, die Vitalit\u00e4t, die Ihr K\u00f6rper f\u00fcr eine vollst\u00e4ndige Hydratation ben\u00f6tigt. Genauso wie Wein atmen muss, um sein bestes Aroma zu entfalten, stellt die Wirbelbewegung des MAYU Swirl Onyx die verlorene Vitalit\u00e4t wieder her, indem sie Sauerstoff zuf\u00fchrt und den wahren Geschmack und die Textur Ihres Wassers ausgleicht und alkalisiert (indem sie den pH-Wert erh\u00f6ht - das gel\u00f6ste CO2 verursacht eine chemische Reaktion, die den pH-Wert anhebt) - nur 6000 Mal schneller als ein normaler Dekanter.<\/p>\n<p><b>Inspiriert von der Natur. Unterst\u00fctzt von der Wissenschaft.<\/b><br \/>\nDie Natur funktioniert sehr einfach. Sie hat 2 grundlegende Bewegungen. Eine, um Leben abzubauen und wiederzuverwerten, und eine, um Leben aufzubauen. Die Abbaubewegung ist die Spirale von innen nach au\u00dfen in 3D, die Explosion, die Zentrifugalbewegung. Diese Bewegung wird von L\u00e4rm, Hitze und zunehmender Reibung begleitet. Die aufbauende Bewegung der Natur ist die Bewegung von au\u00dfen nach innen, die zentripetale Bewegung. Oder der Wirbel. Sie wird von Stille, Abk\u00fchlung und zunehmender Anziehung begleitet. Deshalb nutzt alles \"Lebendige\" in der Natur diese Bewegung. Es ist die aufbauende, vitalisierende Bewegung. Sie ist in der Tat der Grund, warum Sie stehen k\u00f6nnen oder eine Pflanze sich gegen die Schwerkraft erheben kann. Das Blut eines jeden Lebewesens flie\u00dft in einem Strudel, und der Saft von B\u00e4umen und Pflanzen flie\u00dft in einem Strudel.<br \/>\nWenn man Wasser oder eine andere Fl\u00fcssigkeit oder sogar Luft zwingt, einen Wirbel zu erzeugen, ver\u00e4ndert man damit ihre Eigenschaften zum Besseren. Die Grundlagen des MAYU Swirl Onyx sind also eigentlich ganz einfach: <i>\"Die Natur verstehen und nachahmen\"<\/i>. Der nat\u00fcrliche Wirbel l\u00f6st blitzschnell frischen Sauerstoff auf und beschleunigt die Verdunstung sch\u00e4dlicher, fl\u00fcchtiger Stoffe.<br \/>\nSie bel\u00fcftet das Wasser, genau wie guter Wein, aber 6000 Mal schneller als eine normale Karaffe. Daher ist diese Karaffe auch sehr gut f\u00fcr Wein geeignet.<br \/>\nErwecken Sie Ihr Wasser mit dieser hochmodernen Karaffe mit Wasserwirbeltechnologie wieder zum Leben!<br \/>\n&nbsp;<\/p>\n<h3>Woraus besteht das MAYU Swirl Onyx?<\/h3>\n<p><b><u>Die Karaffe<\/u><\/b><br \/>\nDie mundgeblasene Glaskaraffe MAYU Swirl Onyx ist aus leichtem, sp\u00fclmaschinenfestem, geh\u00e4rtetem Borosilikatglas der Klasse A. Das Wassertropfendesign verhindert Staun\u00e4sse in der Karaffe, so dass das gesamte Wasser frei flie\u00dfen kann. Auf der Seite der Karaffe ist eine Marke von 1,5 Litern eingraviert.<\/p>\n<p><b><u>Die Grundlagen<\/u><\/b><br \/>\nDer Vortex-Generator befindet sich im Porzellansockel des MAYU Swirl. Die Halbleiter-W\u00e4gezellen erkennen das Vorhandensein der Karaffe, die automatisch die Wirbelbewegung in Gang setzt. Abh\u00e4ngig von der Wassermenge in der Karaffe werden Kraft und Geschwindigkeit des Wirbels automatisch gesteuert, sodass ein konstanter und perfekter Wirbel entsteht. Sie k\u00f6nnen den Wirbelgenerator ganz einfach \u00fcber die Touchscreen-Taste wieder ausschalten.<br \/>\nDas Design aus reinem Jingdezhen-Porzellan, das nur mit nat\u00fcrlichen Mineralfarben gef\u00e4rbt wurde, ist von einem Kieselstein inspiriert, der auf dem Grund eines flie\u00dfenden Flusses liegt. <b>BITTE BEACHTEN SIE: Jeder Sockel ist ein Unikat und daher gleicht kein Sockel in Bezug auf den Farbverlauf dem anderen, da es sich um eine Porzellanmischung handelt. Das Design auf den Fotos zu diesem Produkt kann daher leicht von dem gelieferten Produkt abweichen. Sie k\u00f6nnen auf den Fotos sehen, dass jeder Sockel etwas anders aussieht.<\/b><br \/>\n&nbsp;<\/p>\n<h3>Alle Vorteile auf einen Blick:<\/h3>\n<p>\u2714 INSPIRIERT VON DER NATUR: Das MAYU Swirl macht sich die nat\u00fcrliche Spiralbewegung zunutze, die im gesamten Universum zum Aufbau des Lebens verwendet wird. Sogar Ihr Blut flie\u00dft auf diese Weise. Mit dem MAYU wird Leitungswasser wieder mit Sauerstoff angereichert und ausgeglichen, so dass es besser schmeckt und mehr Feuchtigkeit spendet. Quellwasser, wie es die Natur vorgesehen hat.<br \/>\n\u2714 BESSERES WASSER: Die wahre Magie der Bel\u00fcftung kommt, wenn Sie die seidige S\u00fc\u00dfe des MAYU-Wassers schmecken. Vorbei sind die Ger\u00fcche und das Chlor. Vorbei sind die scharfen Aromen. MAYU Wasser ist weicher, schmackhafter und ausgewogener, und Ihr K\u00f6rper reagiert sofort darauf. Wie gut ist es? 85% der Wassertester bevorzugten MAYU Wasser gegen\u00fcber Leitungs- oder Mineralwasser. Vor allem Kinder reagierten auf den Unterschied.<br \/>\n\u2714 Wundersch\u00f6nes Design: Nur wenige Dinge vermitteln sowohl visuelle als auch geistige Harmonie so vollst\u00e4ndig und sch\u00f6n wie die perfekte Spiralform der Natur. Der spiralf\u00f6rmige Strudel in der MAYU-Karaffe zieht das menschliche Auge an und l\u00f6st ein Gespr\u00e4ch \u00fcber Wasser und Natur aus. Die MAYU Swirl ist eine Bereicherung f\u00fcr jeden Tisch, egal ob man sie ansieht oder daraus trinkt.<br \/>\n\u2714 A BETTER WORLD: Helfen Sie mit, die Welt von Plastik zu befreien! Es ist an der Zeit, \u00fcber all die Plastikflaschen nachzudenken, die einmal benutzt werden und dann Hunderte von Jahren brauchen, um sich abzubauen. MAYU reduziert nicht nur diesen umweltsch\u00e4dlichen Abfall mit seinen Ganzglaskaraffen und Wasserflaschen, sondern hat sich auch verpflichtet, 1% seines Umsatzes an Umweltorganisationen zu spenden, die helfen, die Probleme der Welt zu l\u00f6sen.<br \/>\n\u2714 EINZIGARTIGE DESIGNS: Der MAYU Swirl ist in mehreren Varianten \u00e4hnlich: <a href=\"https:\/\/www.alternatievemiddelen.nl\/de\/produkte\/mayu-wirbeln-erde\/\">MAYU Swirl Erde<\/a>, <a href=\"https:\/\/www.alternatievemiddelen.nl\/de\/produkte\/mayu-swirl-dolomite\/\">MAYU Swirl Dolomit<\/a>, <a href=\"https:\/\/www.alternatievemiddelen.nl\/de\/produkte\/mayu-swirl-graystone\/\">MAYU Swirl Graustein<\/a> und <a href=\"https:\/\/www.alternatievemiddelen.nl\/de\/produkte\/mayu-swirl-onyx\/\">MAYU Swirl Onyx<\/a>.<br \/>\n&nbsp;<\/p>\n<h4>Gebrauchsanweisung:<\/h4>\n<p>Lassen Sie den MAYU Swirl Onyx etwa 5 bis 10 Minuten laufen, um das Wasser ausreichend zu bel\u00fcften.<br \/>\n<a href=\"https:\/\/www.alternatievemiddelen.nl\/de\/die-bibliothek\/\">Klicken Sie hier f\u00fcr Anleitungsvideos und Antworten auf h\u00e4ufig gestellte Fragen zum MAYU Swirl in unserer Bibliothek.<\/a><\/p>\n<p>Das MAYU Swirl erzeugt w\u00e4hrend des Betriebs ein leichtes Brummger\u00e4usch. Dies ist technisch bedingt und resultiert aus der rotierenden Antriebseinheit, die die pr\u00e4zise Verwirbelung des Wassers erzeugt.<\/p>\n<p>\ud83d\udca1 Gut zu wissen:<br \/>\nDieses Ger\u00e4usch ist normal und zeigt an, dass der Swirl das Wasser optimal strukturiert und mit Sauerstoff versorgt - ein subtiles Zeichen f\u00fcr frisches, belebtes Wasser.<br \/>\n&nbsp;<\/p>\n<h4>Der Karton MAYU Swirl enth\u00e4lt (Kartoninhalt):<\/h4>\n<p>- 1,5-Liter-Glaskaraffe (mundgeblasenes Borosilikatglas der Klasse A; leicht, kristallklar und sp\u00fclmaschinengeeignet).<br \/>\n- Loser wei\u00dfer F\u00e4cher f\u00fcr Dekanter.<br \/>\n- Ausgie\u00dfer aus rostfreiem Stahl (304) mit einer lebensmittelechten Silikondichtung.<br \/>\n- Wirbelgeneratorsockel - handgefertigtes Porzellan mit einzigartigem Design, kombiniert mit automatischer Aufladung und Ber\u00fchrungssensoren f\u00fcr einen perfekten, st\u00f6rungsfreien Wirbel.<br \/>\n- Wiederaufladbarer Li-Ionen-Akku (in der Basis integriert) - bis zu 7 Stunden kabellose Nutzung mit einer einzigen Ladung.<br \/>\n- USB-Stecker.<br \/>\n- USB-A-auf-USB-C-Kabel - einfach anzuschlie\u00dfen.<br \/>\n- Handbuch (Englisch, Franz\u00f6sisch, Spanisch und Deutsch).<\/p>\n<p>Bitte beachten Sie unser <a href=\"https:\/\/www.alternatievemiddelen.nl\/de\/die-bibliothek\/\">Bibliothek<\/a>Hier finden Sie Videos mit Anleitungen und Antworten auf h\u00e4ufig gestellte Fragen.<\/p>","protected":false},"excerpt":{"rendered":"<p>Der MAYU Swirl Onyx verbessert die Wasserqualit\u00e4t und den Geschmack. Der nat\u00fcrliche Wirbel, restrukturiert und bel\u00fcftet das Wasser mit frischem Sauerstoff.<\/p>","protected":false},"featured_media":51502,"comment_status":"open","ping_status":"closed","template":"","meta":[],"product_brand":[],"product_cat":[3892,2870,3461,3460],"product_tag":[3255,3256,3258,3259,3260,3261,3248,3250,3251,2878,3051,3935,3263,3253,3011,2884,3264,3254,3265,3266,3267,2885,3268,3269,2886],"merk":[3452],"class_list":{"0":"post-51497","1":"product","2":"type-product","3":"status-publish","4":"has-post-thumbnail","6":"product_cat-nieuwe-producten","7":"product_cat-vitalisers-en-energetische-platen","8":"product_cat-watervitalisers","9":"product_cat-mayu-swirl","10":"product_tag-borosilicaatglas","11":"product_tag-de-natuur-begrijpen-en-kopieren","12":"product_tag-draaikolk","13":"product_tag-hydratatie","14":"product_tag-implosie","15":"product_tag-karaf","16":"product_tag-mayu","17":"product_tag-mayu-swirl","18":"product_tag-minder-plastic","19":"product_tag-natuur","20":"product_tag-natuurlijk","21":"product_tag-onyx","22":"product_tag-spiraalbeweging","23":"product_tag-swirl","24":"product_tag-vitaliser","25":"product_tag-vitaliseren","26":"product_tag-vitaliserende-beweging","27":"product_tag-vitaliteit","28":"product_tag-vortex","29":"product_tag-vortex-technologie","30":"product_tag-waaier","31":"product_tag-water","32":"product_tag-watervitaliser","33":"product_tag-wijn","34":"product_tag-zuurstof","35":"merk-mayu","37":"first","38":"instock","39":"taxable","40":"shipping-taxable","41":"purchasable","42":"product-type-simple"},"bundled_by":[],"bundle_stock_status":"instock","bundle_stock_quantity":null,"bundle_virtual":false,"bundle_layout":"","bundle_add_to_cart_form_location":"","bundle_editable_in_cart":false,"bundle_sold_individually_context":"","bundle_item_grouping":"","bundle_min_size":"","bundle_max_size":"","bundle_price":[],"bundled_items":[],"bundle_sell_ids":[44176,34535,44906,51081,35328,49525,35329,49547,49575,49577],"yoast_head":"<!-- This site is optimized with the Yoast SEO plugin v26.1 - https:\/\/yoast.com\/wordpress\/plugins\/seo\/ -->\n<title>MAYU Swirl Onyx karaf - vitaliseren met Vortex-technologie (natuurlijke spiraalbeweging) - Alternatievemiddelen.nl<\/title>\n<meta name=\"description\" content=\"De MAYU Swirl Onyx verbetert de kwaliteit en smaak van het water. De natuurlijke vortex, herstructureert en belucht het water met verse zuurstof.\" \/>\n<meta name=\"robots\" content=\"index, follow, max-snippet:-1, max-image-preview:large, max-video-preview:-1\" \/>\n<link rel=\"canonical\" href=\"https:\/\/www.alternatievemiddelen.nl\/de\/wp-json\/wp\/v2\/product\/51497\" \/>\n<meta property=\"og:locale\" content=\"de_DE\" \/>\n<meta property=\"og:type\" content=\"article\" \/>\n<meta property=\"og:title\" content=\"MAYU Swirl Onyx karaf - vitaliseren met Vortex-technologie (natuurlijke spiraalbeweging) - Alternatievemiddelen.nl\" \/>\n<meta property=\"og:description\" content=\"De MAYU Swirl Onyx verbetert de kwaliteit en smaak van het water. De natuurlijke vortex, herstructureert en belucht het water met verse zuurstof.\" \/>\n<meta property=\"og:url\" content=\"https:\/\/www.alternatievemiddelen.nl\/de\/produkte\/mayu-swirl-onyx\/\" \/>\n<meta property=\"og:site_name\" content=\"Alternatievemiddelen.nl\" \/>\n<meta property=\"article:modified_time\" content=\"2026-04-12T05:44:14+00:00\" \/>\n<meta property=\"og:image\" content=\"\/wp-content\/uploads\/2026\/04\/MAYU-Swirl_Onyx-new.jpg\" \/>\n\t<meta property=\"og:image:width\" content=\"900\" \/>\n\t<meta property=\"og:image:height\" content=\"1200\" \/>\n\t<meta property=\"og:image:type\" content=\"image\/jpeg\" \/>\n<meta name=\"twitter:card\" content=\"summary_large_image\" \/>\n<meta name=\"twitter:label1\" content=\"Gesch\u00e4tzte Lesezeit\" \/>\n\t<meta name=\"twitter:data1\" content=\"6\u00a0Minuten\" \/>\n<script type=\"application\/ld+json\" class=\"yoast-schema-graph\">{\"@context\":\"https:\/\/schema.org\",\"@graph\":[{\"@type\":[\"WebPage\",\"ItemPage\"],\"@id\":\"https:\/\/www.alternatievemiddelen.nl\/producten\/mayu-swirl-onyx\/\",\"url\":\"https:\/\/www.alternatievemiddelen.nl\/producten\/mayu-swirl-onyx\/\",\"name\":\"MAYU Swirl Onyx karaf - vitaliseren met Vortex-technologie (natuurlijke spiraalbeweging) - Alternatievemiddelen.nl\",\"isPartOf\":{\"@id\":\"https:\/\/www.alternatievemiddelen.nl\/#website\"},\"primaryImageOfPage\":{\"@id\":\"https:\/\/www.alternatievemiddelen.nl\/producten\/mayu-swirl-onyx\/#primaryimage\"},\"image\":{\"@id\":\"https:\/\/www.alternatievemiddelen.nl\/producten\/mayu-swirl-onyx\/#primaryimage\"},\"thumbnailUrl\":\"https:\/\/www.alternatievemiddelen.nl\/wp-content\/uploads\/2026\/04\/MAYU-Swirl_Onyx-new.jpg\",\"datePublished\":\"2026-04-12T05:07:52+00:00\",\"dateModified\":\"2026-04-12T05:44:14+00:00\",\"description\":\"De MAYU Swirl Onyx verbetert de kwaliteit en smaak van het water. De natuurlijke vortex, herstructureert en belucht het water met verse zuurstof.\",\"breadcrumb\":{\"@id\":\"https:\/\/www.alternatievemiddelen.nl\/producten\/mayu-swirl-onyx\/#breadcrumb\"},\"inLanguage\":\"de\",\"potentialAction\":[{\"@type\":\"ReadAction\",\"target\":[\"https:\/\/www.alternatievemiddelen.nl\/producten\/mayu-swirl-onyx\/\"]}]},{\"@type\":\"ImageObject\",\"inLanguage\":\"de\",\"@id\":\"https:\/\/www.alternatievemiddelen.nl\/producten\/mayu-swirl-onyx\/#primaryimage\",\"url\":\"https:\/\/www.alternatievemiddelen.nl\/wp-content\/uploads\/2026\/04\/MAYU-Swirl_Onyx-new.jpg\",\"contentUrl\":\"https:\/\/www.alternatievemiddelen.nl\/wp-content\/uploads\/2026\/04\/MAYU-Swirl_Onyx-new.jpg\",\"width\":900,\"height\":1200,\"caption\":\"MAYU Swirl Onyx\"},{\"@type\":\"BreadcrumbList\",\"@id\":\"https:\/\/www.alternatievemiddelen.nl\/producten\/mayu-swirl-onyx\/#breadcrumb\",\"itemListElement\":[{\"@type\":\"ListItem\",\"position\":1,\"name\":\"Home\",\"item\":\"https:\/\/www.alternatievemiddelen.nl\/\"},{\"@type\":\"ListItem\",\"position\":2,\"name\":\"Producten\",\"item\":\"https:\/\/www.alternatievemiddelen.nl\/producten\/\"},{\"@type\":\"ListItem\",\"position\":3,\"name\":\"MAYU Swirl Onyx karaf &#8211; vitaliseren met Vortex-technologie (natuurlijke spiraalbeweging)\"}]},{\"@type\":\"WebSite\",\"@id\":\"https:\/\/www.alternatievemiddelen.nl\/#website\",\"url\":\"https:\/\/www.alternatievemiddelen.nl\/\",\"name\":\"Alternatievemiddelen.nl\",\"description\":\"Webshop met gezonde, duurzame en ecologische alternatieve mogelijkheden in de hedendaagse levenstijl. Alles uit eigen ervaring.\",\"publisher\":{\"@id\":\"https:\/\/www.alternatievemiddelen.nl\/#organization\"},\"potentialAction\":[{\"@type\":\"SearchAction\",\"target\":{\"@type\":\"EntryPoint\",\"urlTemplate\":\"https:\/\/www.alternatievemiddelen.nl\/?s={search_term_string}\"},\"query-input\":{\"@type\":\"PropertyValueSpecification\",\"valueRequired\":true,\"valueName\":\"search_term_string\"}}],\"inLanguage\":\"de\"},{\"@type\":\"Organization\",\"@id\":\"https:\/\/www.alternatievemiddelen.nl\/#organization\",\"name\":\"Alternatievemiddelen.nl\",\"url\":\"https:\/\/www.alternatievemiddelen.nl\/\",\"logo\":{\"@type\":\"ImageObject\",\"inLanguage\":\"de\",\"@id\":\"https:\/\/www.alternatievemiddelen.nl\/#\/schema\/logo\/image\/\",\"url\":\"https:\/\/www.alternatievemiddelen.nl\/wp-content\/uploads\/2023\/10\/alternatievemiddelen-PNG-logo.png\",\"contentUrl\":\"https:\/\/www.alternatievemiddelen.nl\/wp-content\/uploads\/2023\/10\/alternatievemiddelen-PNG-logo.png\",\"width\":6400,\"height\":3062,\"caption\":\"Alternatievemiddelen.nl\"},\"image\":{\"@id\":\"https:\/\/www.alternatievemiddelen.nl\/#\/schema\/logo\/image\/\"}}]}<\/script>\n<!-- \/ Yoast SEO plugin. -->","yoast_head_json":{"title":"MAYU Swirl Onyx karaf - vitaliseren met Vortex-technologie (natuurlijke spiraalbeweging) - Alternatievemiddelen.nl","description":"De MAYU Swirl Onyx verbetert de kwaliteit en smaak van het water. De natuurlijke vortex, herstructureert en belucht het water met verse zuurstof.","robots":{"index":"index","follow":"follow","max-snippet":"max-snippet:-1","max-image-preview":"max-image-preview:large","max-video-preview":"max-video-preview:-1"},"canonical":"https:\/\/www.alternatievemiddelen.nl\/de\/wp-json\/wp\/v2\/product\/51497","og_locale":"de_DE","og_type":"article","og_title":"MAYU Swirl Onyx karaf - vitaliseren met Vortex-technologie (natuurlijke spiraalbeweging) - Alternatievemiddelen.nl","og_description":"De MAYU Swirl Onyx verbetert de kwaliteit en smaak van het water. De natuurlijke vortex, herstructureert en belucht het water met verse zuurstof.","og_url":"https:\/\/www.alternatievemiddelen.nl\/de\/produkte\/mayu-swirl-onyx\/","og_site_name":"Alternatievemiddelen.nl","article_modified_time":"2026-04-12T05:44:14+00:00","og_image":[{"width":900,"height":1200,"url":"\/wp-content\/uploads\/2026\/04\/MAYU-Swirl_Onyx-new.jpg","type":"image\/jpeg"}],"twitter_card":"summary_large_image","twitter_misc":{"Gesch\u00e4tzte Lesezeit":"6\u00a0Minuten"},"schema":{"@context":"https:\/\/schema.org","@graph":[{"@type":["WebPage","ItemPage"],"@id":"https:\/\/www.alternatievemiddelen.nl\/producten\/mayu-swirl-onyx\/","url":"https:\/\/www.alternatievemiddelen.nl\/producten\/mayu-swirl-onyx\/","name":"MAYU Swirl Onyx karaf - vitaliseren met Vortex-technologie (natuurlijke spiraalbeweging) - Alternatievemiddelen.nl","isPartOf":{"@id":"https:\/\/www.alternatievemiddelen.nl\/#website"},"primaryImageOfPage":{"@id":"https:\/\/www.alternatievemiddelen.nl\/producten\/mayu-swirl-onyx\/#primaryimage"},"image":{"@id":"https:\/\/www.alternatievemiddelen.nl\/producten\/mayu-swirl-onyx\/#primaryimage"},"thumbnailUrl":"https:\/\/www.alternatievemiddelen.nl\/wp-content\/uploads\/2026\/04\/MAYU-Swirl_Onyx-new.jpg","datePublished":"2026-04-12T05:07:52+00:00","dateModified":"2026-04-12T05:44:14+00:00","description":"De MAYU Swirl Onyx verbetert de kwaliteit en smaak van het water. De natuurlijke vortex, herstructureert en belucht het water met verse zuurstof.","breadcrumb":{"@id":"https:\/\/www.alternatievemiddelen.nl\/producten\/mayu-swirl-onyx\/#breadcrumb"},"inLanguage":"de","potentialAction":[{"@type":"ReadAction","target":["https:\/\/www.alternatievemiddelen.nl\/producten\/mayu-swirl-onyx\/"]}]},{"@type":"ImageObject","inLanguage":"de","@id":"https:\/\/www.alternatievemiddelen.nl\/producten\/mayu-swirl-onyx\/#primaryimage","url":"https:\/\/www.alternatievemiddelen.nl\/wp-content\/uploads\/2026\/04\/MAYU-Swirl_Onyx-new.jpg","contentUrl":"https:\/\/www.alternatievemiddelen.nl\/wp-content\/uploads\/2026\/04\/MAYU-Swirl_Onyx-new.jpg","width":900,"height":1200,"caption":"MAYU Swirl Onyx"},{"@type":"BreadcrumbList","@id":"https:\/\/www.alternatievemiddelen.nl\/producten\/mayu-swirl-onyx\/#breadcrumb","itemListElement":[{"@type":"ListItem","position":1,"name":"Home","item":"https:\/\/www.alternatievemiddelen.nl\/"},{"@type":"ListItem","position":2,"name":"Producten","item":"https:\/\/www.alternatievemiddelen.nl\/producten\/"},{"@type":"ListItem","position":3,"name":"MAYU Swirl Onyx karaf &#8211; vitaliseren met Vortex-technologie (natuurlijke spiraalbeweging)"}]},{"@type":"WebSite","@id":"https:\/\/www.alternatievemiddelen.nl\/#website","url":"https:\/\/www.alternatievemiddelen.nl\/","name":"Alternatievemiddelen.nl","description":"Webshop met gezonde, duurzame en ecologische alternatieve mogelijkheden in de hedendaagse levenstijl. Alles uit eigen ervaring.","publisher":{"@id":"https:\/\/www.alternatievemiddelen.nl\/#organization"},"potentialAction":[{"@type":"SearchAction","target":{"@type":"EntryPoint","urlTemplate":"https:\/\/www.alternatievemiddelen.nl\/?s={search_term_string}"},"query-input":{"@type":"PropertyValueSpecification","valueRequired":true,"valueName":"search_term_string"}}],"inLanguage":"de"},{"@type":"Organization","@id":"https:\/\/www.alternatievemiddelen.nl\/#organization","name":"Alternatievemiddelen.nl","url":"https:\/\/www.alternatievemiddelen.nl\/","logo":{"@type":"ImageObject","inLanguage":"de","@id":"https:\/\/www.alternatievemiddelen.nl\/#\/schema\/logo\/image\/","url":"https:\/\/www.alternatievemiddelen.nl\/wp-content\/uploads\/2023\/10\/alternatievemiddelen-PNG-logo.png","contentUrl":"https:\/\/www.alternatievemiddelen.nl\/wp-content\/uploads\/2023\/10\/alternatievemiddelen-PNG-logo.png","width":6400,"height":3062,"caption":"Alternatievemiddelen.nl"},"image":{"@id":"https:\/\/www.alternatievemiddelen.nl\/#\/schema\/logo\/image\/"}}]}},"_links":{"self":[{"href":"https:\/\/www.alternatievemiddelen.nl\/de\/wp-json\/wp\/v2\/product\/51497","targetHints":{"allow":["GET"]}}],"collection":[{"href":"https:\/\/www.alternatievemiddelen.nl\/de\/wp-json\/wp\/v2\/product"}],"about":[{"href":"https:\/\/www.alternatievemiddelen.nl\/de\/wp-json\/wp\/v2\/types\/product"}],"replies":[{"embeddable":true,"href":"https:\/\/www.alternatievemiddelen.nl\/de\/wp-json\/wp\/v2\/comments?post=51497"}],"wp:featuredmedia":[{"embeddable":true,"href":"https:\/\/www.alternatievemiddelen.nl\/de\/wp-json\/wp\/v2\/media\/51502"}],"wp:attachment":[{"href":"https:\/\/www.alternatievemiddelen.nl\/de\/wp-json\/wp\/v2\/media?parent=51497"}],"wp:term":[{"taxonomy":"product_brand","embeddable":true,"href":"https:\/\/www.alternatievemiddelen.nl\/de\/wp-json\/wp\/v2\/product_brand?post=51497"},{"taxonomy":"product_cat","embeddable":true,"href":"https:\/\/www.alternatievemiddelen.nl\/de\/wp-json\/wp\/v2\/product_cat?post=51497"},{"taxonomy":"product_tag","embeddable":true,"href":"https:\/\/www.alternatievemiddelen.nl\/de\/wp-json\/wp\/v2\/product_tag?post=51497"},{"taxonomy":"merk","embeddable":true,"href":"https:\/\/www.alternatievemiddelen.nl\/de\/wp-json\/wp\/v2\/merk?post=51497"}],"curies":[{"name":"wp","href":"https:\/\/api.w.org\/{rel}","templated":true}]}}