{"id":51547,"date":"2026-04-16T13:47:21","date_gmt":"2026-04-16T11:47:21","guid":{"rendered":"https:\/\/www.alternatievemiddelen.nl\/?post_type=product&#038;p=51547"},"modified":"2026-04-17T11:50:38","modified_gmt":"2026-04-17T09:50:38","slug":"mayu-swirl-impeller","status":"publish","type":"product","link":"https:\/\/www.alternatievemiddelen.nl\/de\/produkte\/mayu-drallflugelrad\/","title":{"rendered":"MAYU Swirl Laufrad (Laufrad)"},"content":{"rendered":"<p>Ersatzlaufrad (Impeller) f\u00fcr das MAYU Swirl.<\/p>\n<p>Das Ersatzlaufrad f\u00fcr den MAYU Swirl ist das Original-Ersatzteil f\u00fcr den Antriebsmechanismus, der den charakteristischen Wirbeleffekt erzeugt. Es sorgt daf\u00fcr, dass das Wasser gleichm\u00e4\u00dfig verwirbelt wird und Ihr MAYU System optimal funktioniert. Wenn Sie ein komplett neues MAYU Swirl kaufen, m\u00fcssen Sie dieses Teil nicht extra bestellen. Dieses Laufrad ist daher einfach in der Verpackung eines MAYU Swirl enthalten. <\/p>\n<p>Der Austausch wird empfohlen, wenn das Laufrad durch den Langzeiteinsatz Verschlei\u00df zeigt oder nicht mehr optimal funktioniert. Mit dem Original-Ersatzteil k\u00f6nnen Sie schnell und einfach die gewohnte Leistung Ihres MAYU Swirl wiederherstellen - ohne ein neues System kaufen zu m\u00fcssen.<\/p>\n<p><b>VORSICHT!<\/>Dieses Laufrad ist nur f\u00fcr Dekanter des Typs MAYU Swirl geeignet, bei denen das Laufrad lose ist. Es ist also nicht f\u00fcr Dekanter geeignet, bei denen das Laufrad fest ist.<\/b><br \/>\n&nbsp;<\/p>\n<h3>MAYU Swirl Laufrad (Laufrad) Merkmale<\/h3>\n<p>\u2714 Original MAYU-Ersatzteil<br \/>\n\u2714 Perfekt kompatibel mit dem Dekanter MAYU Swirl, in dem das Laufrad lose ist<br \/>\n\u2714 Sorgt f\u00fcr einen gleichm\u00e4\u00dfigen Wirbeleffekt<br \/>\n\u2714 Hochwertiges, langlebiges Material<br \/>\n\u2714 Einfacher Austausch<br \/>\n\u2714 Nachhaltig und praktisch: Durch den gezielten Austausch von Einzelteilen verl\u00e4ngern Sie die Lebensdauer Ihres MAYU Swirl-Produkts und sparen Ressourcen<\/p>","protected":false},"excerpt":{"rendered":"<p>Das MAYU Swirl-Laufrad (zum Austausch) ist das Original-Ersatzteil f\u00fcr den Antriebsmechanismus, der den charakteristischen MAYU Swirl-Dralleffekt erzeugt. <\/p>","protected":false},"featured_media":51548,"comment_status":"open","ping_status":"closed","template":"","meta":[],"product_brand":[],"product_cat":[2870,3460],"product_tag":[3256,3258,3259,3941,3260,3248,3250,3251,2878,3051,3834,3263,3253,3011,2884,3264,3254,3265,3266,3267,3942,2885,3268,3269,2886],"merk":[3452],"class_list":{"0":"post-51547","1":"product","2":"type-product","3":"status-publish","4":"has-post-thumbnail","6":"product_cat-vitalisers-en-energetische-platen","7":"product_cat-mayu-swirl","8":"product_tag-de-natuur-begrijpen-en-kopieren","9":"product_tag-draaikolk","10":"product_tag-hydratatie","11":"product_tag-impeller","12":"product_tag-implosie","13":"product_tag-mayu","14":"product_tag-mayu-swirl","15":"product_tag-minder-plastic","16":"product_tag-natuur","17":"product_tag-natuurlijk","18":"product_tag-opzet","19":"product_tag-spiraalbeweging","20":"product_tag-swirl","21":"product_tag-vitaliser","22":"product_tag-vitaliseren","23":"product_tag-vitaliserende-beweging","24":"product_tag-vitaliteit","25":"product_tag-vortex","26":"product_tag-vortex-technologie","27":"product_tag-waaier","28":"product_tag-waaiertje","29":"product_tag-water","30":"product_tag-watervitaliser","31":"product_tag-wijn","32":"product_tag-zuurstof","33":"merk-mayu","35":"first","36":"instock","37":"taxable","38":"shipping-taxable","39":"purchasable","40":"product-type-simple"},"bundled_by":[],"bundle_stock_status":"instock","bundle_stock_quantity":null,"bundle_virtual":false,"bundle_layout":"","bundle_add_to_cart_form_location":"","bundle_editable_in_cart":false,"bundle_sold_individually_context":"","bundle_item_grouping":"","bundle_min_size":"","bundle_max_size":"","bundle_price":[],"bundled_items":[],"bundle_sell_ids":[44176],"yoast_head":"<!-- This site is optimized with the Yoast SEO plugin v26.1 - https:\/\/yoast.com\/wordpress\/plugins\/seo\/ -->\n<title>MAYU Swirl Impeller (waaier) - Alternatievemiddelen.nl<\/title>\n<meta name=\"description\" content=\"De MAYU Swirl waaier (ter vervanging) is het originele reserveonderdeel voor het aandrijfmechanisme dat het kenmerkende MAYU Swirl werveleffect cre\u00ebert.\" \/>\n<meta name=\"robots\" content=\"index, follow, max-snippet:-1, max-image-preview:large, max-video-preview:-1\" \/>\n<link rel=\"canonical\" href=\"https:\/\/www.alternatievemiddelen.nl\/de\/wp-json\/wp\/v2\/product\/51547\" \/>\n<meta property=\"og:locale\" content=\"de_DE\" \/>\n<meta property=\"og:type\" content=\"article\" \/>\n<meta property=\"og:title\" content=\"MAYU Swirl Impeller (waaier) - Alternatievemiddelen.nl\" \/>\n<meta property=\"og:description\" content=\"De MAYU Swirl waaier (ter vervanging) is het originele reserveonderdeel voor het aandrijfmechanisme dat het kenmerkende MAYU Swirl werveleffect cre\u00ebert.\" \/>\n<meta property=\"og:url\" content=\"https:\/\/www.alternatievemiddelen.nl\/de\/produkte\/mayu-drallflugelrad\/\" \/>\n<meta property=\"og:site_name\" content=\"Alternatievemiddelen.nl\" \/>\n<meta property=\"article:modified_time\" content=\"2026-04-17T09:50:38+00:00\" \/>\n<meta property=\"og:image\" content=\"\/wp-content\/uploads\/2026\/04\/MAYU-Swirl-Impeller.jpg\" \/>\n\t<meta property=\"og:image:width\" content=\"1200\" \/>\n\t<meta property=\"og:image:height\" content=\"1600\" \/>\n\t<meta property=\"og:image:type\" content=\"image\/jpeg\" \/>\n<meta name=\"twitter:card\" content=\"summary_large_image\" \/>\n<meta name=\"twitter:label1\" content=\"Gesch\u00e4tzte Lesezeit\" \/>\n\t<meta name=\"twitter:data1\" content=\"2\u00a0Minuten\" \/>\n<script type=\"application\/ld+json\" class=\"yoast-schema-graph\">{\"@context\":\"https:\/\/schema.org\",\"@graph\":[{\"@type\":[\"WebPage\",\"ItemPage\"],\"@id\":\"https:\/\/www.alternatievemiddelen.nl\/producten\/mayu-swirl-impeller\/\",\"url\":\"https:\/\/www.alternatievemiddelen.nl\/producten\/mayu-swirl-impeller\/\",\"name\":\"MAYU Swirl Impeller (waaier) - Alternatievemiddelen.nl\",\"isPartOf\":{\"@id\":\"https:\/\/www.alternatievemiddelen.nl\/#website\"},\"primaryImageOfPage\":{\"@id\":\"https:\/\/www.alternatievemiddelen.nl\/producten\/mayu-swirl-impeller\/#primaryimage\"},\"image\":{\"@id\":\"https:\/\/www.alternatievemiddelen.nl\/producten\/mayu-swirl-impeller\/#primaryimage\"},\"thumbnailUrl\":\"https:\/\/www.alternatievemiddelen.nl\/wp-content\/uploads\/2026\/04\/MAYU-Swirl-Impeller.jpg\",\"datePublished\":\"2026-04-16T11:47:21+00:00\",\"dateModified\":\"2026-04-17T09:50:38+00:00\",\"description\":\"De MAYU Swirl waaier (ter vervanging) is het originele reserveonderdeel voor het aandrijfmechanisme dat het kenmerkende MAYU Swirl werveleffect cre\u00ebert.\",\"breadcrumb\":{\"@id\":\"https:\/\/www.alternatievemiddelen.nl\/producten\/mayu-swirl-impeller\/#breadcrumb\"},\"inLanguage\":\"de\",\"potentialAction\":[{\"@type\":\"ReadAction\",\"target\":[\"https:\/\/www.alternatievemiddelen.nl\/producten\/mayu-swirl-impeller\/\"]}]},{\"@type\":\"ImageObject\",\"inLanguage\":\"de\",\"@id\":\"https:\/\/www.alternatievemiddelen.nl\/producten\/mayu-swirl-impeller\/#primaryimage\",\"url\":\"https:\/\/www.alternatievemiddelen.nl\/wp-content\/uploads\/2026\/04\/MAYU-Swirl-Impeller.jpg\",\"contentUrl\":\"https:\/\/www.alternatievemiddelen.nl\/wp-content\/uploads\/2026\/04\/MAYU-Swirl-Impeller.jpg\",\"width\":1200,\"height\":1600,\"caption\":\"MAYU Swirl Impeller (waaiertje)\"},{\"@type\":\"BreadcrumbList\",\"@id\":\"https:\/\/www.alternatievemiddelen.nl\/producten\/mayu-swirl-impeller\/#breadcrumb\",\"itemListElement\":[{\"@type\":\"ListItem\",\"position\":1,\"name\":\"Home\",\"item\":\"https:\/\/www.alternatievemiddelen.nl\/\"},{\"@type\":\"ListItem\",\"position\":2,\"name\":\"Producten\",\"item\":\"https:\/\/www.alternatievemiddelen.nl\/producten\/\"},{\"@type\":\"ListItem\",\"position\":3,\"name\":\"MAYU Swirl Impeller (waaier)\"}]},{\"@type\":\"WebSite\",\"@id\":\"https:\/\/www.alternatievemiddelen.nl\/#website\",\"url\":\"https:\/\/www.alternatievemiddelen.nl\/\",\"name\":\"Alternatievemiddelen.nl\",\"description\":\"Webshop met gezonde, duurzame en ecologische alternatieve mogelijkheden in de hedendaagse levenstijl. Alles uit eigen ervaring.\",\"publisher\":{\"@id\":\"https:\/\/www.alternatievemiddelen.nl\/#organization\"},\"potentialAction\":[{\"@type\":\"SearchAction\",\"target\":{\"@type\":\"EntryPoint\",\"urlTemplate\":\"https:\/\/www.alternatievemiddelen.nl\/?s={search_term_string}\"},\"query-input\":{\"@type\":\"PropertyValueSpecification\",\"valueRequired\":true,\"valueName\":\"search_term_string\"}}],\"inLanguage\":\"de\"},{\"@type\":\"Organization\",\"@id\":\"https:\/\/www.alternatievemiddelen.nl\/#organization\",\"name\":\"Alternatievemiddelen.nl\",\"url\":\"https:\/\/www.alternatievemiddelen.nl\/\",\"logo\":{\"@type\":\"ImageObject\",\"inLanguage\":\"de\",\"@id\":\"https:\/\/www.alternatievemiddelen.nl\/#\/schema\/logo\/image\/\",\"url\":\"https:\/\/www.alternatievemiddelen.nl\/wp-content\/uploads\/2023\/10\/alternatievemiddelen-PNG-logo.png\",\"contentUrl\":\"https:\/\/www.alternatievemiddelen.nl\/wp-content\/uploads\/2023\/10\/alternatievemiddelen-PNG-logo.png\",\"width\":6400,\"height\":3062,\"caption\":\"Alternatievemiddelen.nl\"},\"image\":{\"@id\":\"https:\/\/www.alternatievemiddelen.nl\/#\/schema\/logo\/image\/\"}}]}<\/script>\n<!-- \/ Yoast SEO plugin. -->","yoast_head_json":{"title":"MAYU Swirl Impeller (waaier) - Alternatievemiddelen.nl","description":"De MAYU Swirl waaier (ter vervanging) is het originele reserveonderdeel voor het aandrijfmechanisme dat het kenmerkende MAYU Swirl werveleffect cre\u00ebert.","robots":{"index":"index","follow":"follow","max-snippet":"max-snippet:-1","max-image-preview":"max-image-preview:large","max-video-preview":"max-video-preview:-1"},"canonical":"https:\/\/www.alternatievemiddelen.nl\/de\/wp-json\/wp\/v2\/product\/51547","og_locale":"de_DE","og_type":"article","og_title":"MAYU Swirl Impeller (waaier) - Alternatievemiddelen.nl","og_description":"De MAYU Swirl waaier (ter vervanging) is het originele reserveonderdeel voor het aandrijfmechanisme dat het kenmerkende MAYU Swirl werveleffect cre\u00ebert.","og_url":"https:\/\/www.alternatievemiddelen.nl\/de\/produkte\/mayu-drallflugelrad\/","og_site_name":"Alternatievemiddelen.nl","article_modified_time":"2026-04-17T09:50:38+00:00","og_image":[{"width":1200,"height":1600,"url":"\/wp-content\/uploads\/2026\/04\/MAYU-Swirl-Impeller.jpg","type":"image\/jpeg"}],"twitter_card":"summary_large_image","twitter_misc":{"Gesch\u00e4tzte Lesezeit":"2\u00a0Minuten"},"schema":{"@context":"https:\/\/schema.org","@graph":[{"@type":["WebPage","ItemPage"],"@id":"https:\/\/www.alternatievemiddelen.nl\/producten\/mayu-swirl-impeller\/","url":"https:\/\/www.alternatievemiddelen.nl\/producten\/mayu-swirl-impeller\/","name":"MAYU Swirl Impeller (waaier) - Alternatievemiddelen.nl","isPartOf":{"@id":"https:\/\/www.alternatievemiddelen.nl\/#website"},"primaryImageOfPage":{"@id":"https:\/\/www.alternatievemiddelen.nl\/producten\/mayu-swirl-impeller\/#primaryimage"},"image":{"@id":"https:\/\/www.alternatievemiddelen.nl\/producten\/mayu-swirl-impeller\/#primaryimage"},"thumbnailUrl":"https:\/\/www.alternatievemiddelen.nl\/wp-content\/uploads\/2026\/04\/MAYU-Swirl-Impeller.jpg","datePublished":"2026-04-16T11:47:21+00:00","dateModified":"2026-04-17T09:50:38+00:00","description":"De MAYU Swirl waaier (ter vervanging) is het originele reserveonderdeel voor het aandrijfmechanisme dat het kenmerkende MAYU Swirl werveleffect cre\u00ebert.","breadcrumb":{"@id":"https:\/\/www.alternatievemiddelen.nl\/producten\/mayu-swirl-impeller\/#breadcrumb"},"inLanguage":"de","potentialAction":[{"@type":"ReadAction","target":["https:\/\/www.alternatievemiddelen.nl\/producten\/mayu-swirl-impeller\/"]}]},{"@type":"ImageObject","inLanguage":"de","@id":"https:\/\/www.alternatievemiddelen.nl\/producten\/mayu-swirl-impeller\/#primaryimage","url":"https:\/\/www.alternatievemiddelen.nl\/wp-content\/uploads\/2026\/04\/MAYU-Swirl-Impeller.jpg","contentUrl":"https:\/\/www.alternatievemiddelen.nl\/wp-content\/uploads\/2026\/04\/MAYU-Swirl-Impeller.jpg","width":1200,"height":1600,"caption":"MAYU Swirl Impeller (waaiertje)"},{"@type":"BreadcrumbList","@id":"https:\/\/www.alternatievemiddelen.nl\/producten\/mayu-swirl-impeller\/#breadcrumb","itemListElement":[{"@type":"ListItem","position":1,"name":"Home","item":"https:\/\/www.alternatievemiddelen.nl\/"},{"@type":"ListItem","position":2,"name":"Producten","item":"https:\/\/www.alternatievemiddelen.nl\/producten\/"},{"@type":"ListItem","position":3,"name":"MAYU Swirl Impeller (waaier)"}]},{"@type":"WebSite","@id":"https:\/\/www.alternatievemiddelen.nl\/#website","url":"https:\/\/www.alternatievemiddelen.nl\/","name":"Alternatievemiddelen.nl","description":"Webshop met gezonde, duurzame en ecologische alternatieve mogelijkheden in de hedendaagse levenstijl. Alles uit eigen ervaring.","publisher":{"@id":"https:\/\/www.alternatievemiddelen.nl\/#organization"},"potentialAction":[{"@type":"SearchAction","target":{"@type":"EntryPoint","urlTemplate":"https:\/\/www.alternatievemiddelen.nl\/?s={search_term_string}"},"query-input":{"@type":"PropertyValueSpecification","valueRequired":true,"valueName":"search_term_string"}}],"inLanguage":"de"},{"@type":"Organization","@id":"https:\/\/www.alternatievemiddelen.nl\/#organization","name":"Alternatievemiddelen.nl","url":"https:\/\/www.alternatievemiddelen.nl\/","logo":{"@type":"ImageObject","inLanguage":"de","@id":"https:\/\/www.alternatievemiddelen.nl\/#\/schema\/logo\/image\/","url":"https:\/\/www.alternatievemiddelen.nl\/wp-content\/uploads\/2023\/10\/alternatievemiddelen-PNG-logo.png","contentUrl":"https:\/\/www.alternatievemiddelen.nl\/wp-content\/uploads\/2023\/10\/alternatievemiddelen-PNG-logo.png","width":6400,"height":3062,"caption":"Alternatievemiddelen.nl"},"image":{"@id":"https:\/\/www.alternatievemiddelen.nl\/#\/schema\/logo\/image\/"}}]}},"_links":{"self":[{"href":"https:\/\/www.alternatievemiddelen.nl\/de\/wp-json\/wp\/v2\/product\/51547","targetHints":{"allow":["GET"]}}],"collection":[{"href":"https:\/\/www.alternatievemiddelen.nl\/de\/wp-json\/wp\/v2\/product"}],"about":[{"href":"https:\/\/www.alternatievemiddelen.nl\/de\/wp-json\/wp\/v2\/types\/product"}],"replies":[{"embeddable":true,"href":"https:\/\/www.alternatievemiddelen.nl\/de\/wp-json\/wp\/v2\/comments?post=51547"}],"wp:featuredmedia":[{"embeddable":true,"href":"https:\/\/www.alternatievemiddelen.nl\/de\/wp-json\/wp\/v2\/media\/51548"}],"wp:attachment":[{"href":"https:\/\/www.alternatievemiddelen.nl\/de\/wp-json\/wp\/v2\/media?parent=51547"}],"wp:term":[{"taxonomy":"product_brand","embeddable":true,"href":"https:\/\/www.alternatievemiddelen.nl\/de\/wp-json\/wp\/v2\/product_brand?post=51547"},{"taxonomy":"product_cat","embeddable":true,"href":"https:\/\/www.alternatievemiddelen.nl\/de\/wp-json\/wp\/v2\/product_cat?post=51547"},{"taxonomy":"product_tag","embeddable":true,"href":"https:\/\/www.alternatievemiddelen.nl\/de\/wp-json\/wp\/v2\/product_tag?post=51547"},{"taxonomy":"merk","embeddable":true,"href":"https:\/\/www.alternatievemiddelen.nl\/de\/wp-json\/wp\/v2\/merk?post=51547"}],"curies":[{"name":"wp","href":"https:\/\/api.w.org\/{rel}","templated":true}]}}