{"id":48400,"date":"2025-08-09T08:32:53","date_gmt":"2025-08-09T06:32:53","guid":{"rendered":"https:\/\/www.alternatievemiddelen.nl\/?post_type=product&#038;p=48400"},"modified":"2025-12-15T10:24:29","modified_gmt":"2025-12-15T09:24:29","slug":"simply-more-gezichtsreinigingsemulsie","status":"publish","type":"product","link":"https:\/\/www.alternatievemiddelen.nl\/en\/products\/simply-more-facial-cleansing-emulsion\/","title":{"rendered":"SIMPLY MORE Facial cleansing emulsion 150ml"},"content":{"rendered":"<p>SIMPLY MORE Facial cleansing emulsion - 100% natural <b>facial cleansing emulsion<\/b> made of <b>10 ingredients<\/b>. <b>Cleaning<\/b> and <b>makeup removal<\/b> in one cosmetic. Our delicate cleansing emulsion:<\/p>\n<ul>\n<li>is <b>ultra-soft<\/b> and <b>odourless<\/b>,<\/li>\n<li>has a <b>creamy<\/b> and <b>milky<\/b> consistency,<\/li>\n<li>Cleanses thoroughly without disrupting the hydro-lipid barrier,<\/li>\n<li><b>hydrates<\/b> during washing - leaves the skin <b>velvety<\/b> and <b>soften<\/b>,<\/li>\n<li><b>do not strip<\/b> the skin,<\/li>\n<li>is perfect for <b>sensitive skin<\/b> and people prone to allergies,<\/li>\n<li>does not disturb the natural <b>pH<\/b> of the skin.<\/li>\n<\/ul>\n<p><img decoding=\"async\" src=\"\/wp-content\/uploads\/2025\/07\/SIMPLY-MORE-keurmerken-300x78.jpg\" alt=\"SIMPLY MORE labels\" width=\"300\" height=\"78\" class=\"size-medium wp-image-48623\" srcset=\"https:\/\/www.alternatievemiddelen.nl\/wp-content\/uploads\/2025\/07\/SIMPLY-MORE-keurmerken-300x78.jpg 300w, https:\/\/www.alternatievemiddelen.nl\/wp-content\/uploads\/2025\/07\/SIMPLY-MORE-keurmerken-18x5.jpg 18w, https:\/\/www.alternatievemiddelen.nl\/wp-content\/uploads\/2025\/07\/SIMPLY-MORE-keurmerken.jpg 441w\" sizes=\"(max-width: 300px) 100vw, 300px\" \/><br \/>\n&nbsp;<\/p>\n<h3>WHAT DOES THE SIMPLY MORE FACIAL CLEANSING EMULSION DO?<\/h3>\n<p>1. Gentle cleansing<br \/>\n2. Removes make-up<br \/>\n3. Hydrates and soothes during washing<\/p>\n<p>Its minimalist composition, use of a mild and natural cleansing ingredient and emollients that protect the natural skin barrier make this emulsion one of the most delicate facial cleansing products. This SIMPLY MORE Facial Cleansing Emulsion contains no fragrances.<br \/>\n&nbsp;<\/p>\n<h3>WHAT MAKES THIS PRODUCT UNIQUE?<\/h3>\n<ul>\n<li>Only <b>10 certified ingredients<\/b><\/li>\n<li><b>100% natural origin<\/b> (not 98%, not 99% - really 100%!)<\/li>\n<li><b>Perfume-free<\/b><\/li>\n<li>Make-up removal and cleansing in <b>one product<\/b><\/li>\n<li><b>Does not disturb the pH balance of the skin<\/b> (toner is not required)<\/li>\n<li><b>No feeling of tightness<\/b> upon use<\/li>\n<li><b>Gently cleanses the skin<\/b> and thoroughly without disturbing the hydro-lipid barrier<\/li>\n<li><b>Contains no foaming agents<\/b> that may irritate the skin<\/li>\n<li><b>Hydrates and restores<\/b> already during cleaning<\/li>\n<\/ul>\n<p>&nbsp;<\/p>\n<h3>FOR WHO?<\/h3>\n<ul>\n<li>Dry, combination, oily and sensitive skin<\/li>\n<li>Skin prone to allergies<\/li>\n<li>Skin with atopic eczema<\/li>\n<li>Acne-prone skin<\/li>\n<li>Skin with a damaged hydro-lipid barrier<\/li>\n<\/ul>\n<p>&nbsp;<br \/>\nThe product is <b>dermatologically tested<\/b> on a group of people with sensitive skin prone to <b>allergic reactions and irritations<\/b>.<\/p>\n<p>Odourless product.<br \/>\n&nbsp;<\/p>\n<h3>INGREDIENTS AND EXPLANATIONS<\/h3>\n<p><b>INCI<\/b>: Aqua, Caprylyl Capryl Glucoside, Pentylene Glycol, Macadamia Integrifolia Seed Oil, Cetearyl Olivate, Sorbitan Olivate, Canola Oil, Vaccinium Myrtillus Seed Oil, Acacia Senegal Gum, Xanthan Gum.<\/p>\n<p><b>WATER<\/b> - After all, 60% we are made up of water.<br \/>\nFunction: Hydration and solvent for other ingredients.<br \/>\n<b>CAPRYLYL CAPRYLIC GLUCOSIDE<\/b> - Non-ionic detergent of plant origin. It has an exceptionally mild effect and is a sugar derivative. Contains no sulphates.<br \/>\nFunction: Gentle cleansing without drying out the skin.<br \/>\n<b>PENTYLENE GLYCOL<\/b> - A natural humectant, or moisturiser. Obtained from sugarcane. Provides velvety smooth skin.<br \/>\nFunction: Hydration and skin softening.<br \/>\n<b>MACADAMIA INTEGRIFOLIA SEED OIL<\/b> - Macadamia nut oil, contains a large amount of monounsaturated fatty acids, including palmitic acid. Provides hydration, restores skin softness and accelerates regeneration. It has antimicrobial and anti-inflammatory properties, accelerates wound healing and stimulates collagen production.<br \/>\nFunction: Hydration, regeneration and protection against inflammation.<br \/>\n<b>CETEARYL OLIVATE<\/b> - Non-ionic emulsifier, a substance that forms an emulsion. A derivative of olive oil. Has a strong moisturising and skin conditioning effect. Acts as an 'occlusive bandage' that protects the skin from moisture loss. Softens and smoothes the skin. Prevents excessive degreasing of the skin.<br \/>\nFunction: Hydration, skin protection and softening.<br \/>\n<b>SORBITAN OLIVATE<\/b> - Non-ionic emulsifier, naturally derived from olive oil. The structure of this ingredient is similar to that of the skin's stratum corneum. Besides forming an emulsion, it has a strong moisturising and softening effect. It creates liquid crystals with a structure similar to the natural intercellular cement in the skin, improving elasticity and hydration.<br \/>\nFunction: Hydration, skin softening and protection of the skin barrier.<br \/>\n<b>CANOLA OIL<\/b> - Bioactive rapeseed oil sourced from non-GMO crops in Sweden. Naturally rich in antioxidants such as tocopherols and phytosterols, which protect and strengthen the skin barrier. Clinically proven to restore the skin barrier, especially after exposure to cleansers.<br \/>\nFunction: Hydration, protection and calming of the skin.<br \/>\n<b>VACCINIUM MYRTILLUS SEED OIL<\/b> - Upcycled blueberry oil, a powerful antioxidant, rich in Omega-3,6,9 fatty acids. Contains beta-carotene (provitamin A), a natural source of retinol. Supports the skin barrier and ensures hydrated and nourished skin.<br \/>\nFunction: Antioxidant action, skin care and barrier protection.<br \/>\n<b>ACACIA SENEGAL GUM<\/b> - Gum Arabic, an all-natural and innovative thickener made by combining two types of gum. Provides a strong moisturising effect on the skin. Creates a smooth and non-sticky emulsion.<br \/>\nFunction: Hydration and texture enhancement.<br \/>\n<b>XANTHAN GUM<\/b> - A thickener of natural origin. Together with acacia gum, forms an ingredient that regulates the viscosity of the emulsion. Creates a protective layer on the skin and prevents transepidermal moisture loss.<br \/>\nFunction: Hydration, thickening and protection against dehydration.<br \/>\n&nbsp;<\/p>\n<h3>HOW TO USE THE SIMPLY MORE FACIAL CLEANSING EMULSION?<\/h3>\n<p><b>Morning<\/b><br \/>\nApply a small amount of emulsion to a wet face and massage gently. Rinse thoroughly with water.<\/p>\n<p><b>Evening<\/b><br \/>\n<b>Step 1<\/b>: Apply the emulsion to dry skin, massage in and rinse off with water to remove make-up.<br \/>\n<b>Step 2<\/b>: Reapply to wet face, massage gently and rinse off.<\/p>\n<p>Don't use make-up? Skip step 1 and go straight to step 2.<\/p>\n<p>SIMPLY MORE Facial Cleansing Emulsion has a pH close to that of the skin - no toning is necessary.<br \/>\n&nbsp;<\/p>\n<h3>PACKAGING<\/h3>\n<p>Content: 150ml<\/p>\n<p>An ecological bottle with a disctop is the perfect solution on the go. It is light and compact in size. The closure prevents the bottle from accidentally opening in your toiletry bag.<\/p>\n<ul>\n<li>They made the bottle from GREEN HDPE material made from sugarcane.<\/li>\n<li>The bottle was produced in Poland - it was not shipped from Asia.<\/li>\n<li>They printed the label on recyclable material.<\/li>\n<\/ul>","protected":false},"excerpt":{"rendered":"<p>SIMPLY MORE Facial Cleansing Emulsion is 100% natural and made from 10 ingredients. Cleansing and make-up removal in one cosmetic.<\/p>\n<p>Take advantage of quantity discounts or set <a href=\"https:\/\/www.alternatievemiddelen.nl\/en\/products\/simply-more-skincare-gift-set\/\">here<\/a> put together your own set of SIMPLY MORE products and also benefit from discounts.<\/p>","protected":false},"featured_media":48407,"comment_status":"open","ping_status":"closed","template":"","meta":[],"product_brand":[],"product_cat":[2945,3730],"product_tag":[3736,3734,3735,3737,3732,3733],"merk":[3729],"class_list":{"0":"post-48400","1":"product","2":"type-product","3":"status-publish","4":"has-post-thumbnail","6":"product_cat-natuurlijke-verzorging","7":"product_cat-simply-more-huidverzorging","8":"product_tag-100-natuurlijk","9":"product_tag-gezichtsreinigingsemulsie","10":"product_tag-huidverzorging","11":"product_tag-natuurlijke-ingredienten","12":"product_tag-simply-more","13":"product_tag-simply-more-gezichtsreinigingsemulsie","14":"merk-simply-more","16":"first","17":"instock","18":"taxable","19":"shipping-taxable","20":"purchasable","21":"product-type-simple"},"bundled_by":["48629"],"bundle_stock_status":"instock","bundle_stock_quantity":null,"bundle_virtual":false,"bundle_layout":"","bundle_add_to_cart_form_location":"","bundle_editable_in_cart":false,"bundle_sold_individually_context":"","bundle_item_grouping":"","bundle_min_size":"","bundle_max_size":"","bundle_price":[],"bundled_items":[],"bundle_sell_ids":[44176,48413,48426,48421,48434],"yoast_head":"<!-- This site is optimized with the Yoast SEO plugin v26.1 - https:\/\/yoast.com\/wordpress\/plugins\/seo\/ -->\n<title>SIMPLY MORE Gezichtsreinigingsemulsie 150ml - Alternatievemiddelen.nl<\/title>\n<meta name=\"description\" content=\"SIMPLY MORE Gezichtsreinigingsemulsie is 100% natuurlijk en gemaakt van 10 ingredi\u00ebnten. Reinigen en make-up verwijdering in \u00e9\u00e9n cosmetica.\" \/>\n<meta name=\"robots\" content=\"index, follow, max-snippet:-1, max-image-preview:large, max-video-preview:-1\" \/>\n<link rel=\"canonical\" href=\"https:\/\/www.alternatievemiddelen.nl\/en\/wp-json\/wp\/v2\/product\/48400\" \/>\n<meta property=\"og:locale\" content=\"en_GB\" \/>\n<meta property=\"og:type\" content=\"article\" \/>\n<meta property=\"og:title\" content=\"SIMPLY MORE Gezichtsreinigingsemulsie 150ml - Alternatievemiddelen.nl\" \/>\n<meta property=\"og:description\" content=\"SIMPLY MORE Gezichtsreinigingsemulsie is 100% natuurlijk en gemaakt van 10 ingredi\u00ebnten. Reinigen en make-up verwijdering in \u00e9\u00e9n cosmetica.\" \/>\n<meta property=\"og:url\" content=\"https:\/\/www.alternatievemiddelen.nl\/en\/products\/simply-more-facial-cleansing-emulsion\/\" \/>\n<meta property=\"og:site_name\" content=\"Alternatievemiddelen.nl\" \/>\n<meta property=\"article:modified_time\" content=\"2025-12-15T09:24:29+00:00\" \/>\n<meta property=\"og:image\" content=\"\/wp-content\/uploads\/2025\/07\/SIMPLY-MORE-Gezichtsreinigingsemulsie.jpg\" \/>\n\t<meta property=\"og:image:width\" content=\"600\" \/>\n\t<meta property=\"og:image:height\" content=\"800\" \/>\n\t<meta property=\"og:image:type\" content=\"image\/jpeg\" \/>\n<meta name=\"twitter:card\" content=\"summary_large_image\" \/>\n<meta name=\"twitter:label1\" content=\"Estimated reading time\" \/>\n\t<meta name=\"twitter:data1\" content=\"5 minutes\" \/>\n<script type=\"application\/ld+json\" class=\"yoast-schema-graph\">{\"@context\":\"https:\/\/schema.org\",\"@graph\":[{\"@type\":[\"WebPage\",\"ItemPage\"],\"@id\":\"https:\/\/www.alternatievemiddelen.nl\/producten\/simply-more-gezichtsreinigingsemulsie\/\",\"url\":\"https:\/\/www.alternatievemiddelen.nl\/producten\/simply-more-gezichtsreinigingsemulsie\/\",\"name\":\"SIMPLY MORE Gezichtsreinigingsemulsie 150ml - Alternatievemiddelen.nl\",\"isPartOf\":{\"@id\":\"https:\/\/www.alternatievemiddelen.nl\/#website\"},\"primaryImageOfPage\":{\"@id\":\"https:\/\/www.alternatievemiddelen.nl\/producten\/simply-more-gezichtsreinigingsemulsie\/#primaryimage\"},\"image\":{\"@id\":\"https:\/\/www.alternatievemiddelen.nl\/producten\/simply-more-gezichtsreinigingsemulsie\/#primaryimage\"},\"thumbnailUrl\":\"https:\/\/www.alternatievemiddelen.nl\/wp-content\/uploads\/2025\/07\/SIMPLY-MORE-Gezichtsreinigingsemulsie.jpg\",\"datePublished\":\"2025-08-09T06:32:53+00:00\",\"dateModified\":\"2025-12-15T09:24:29+00:00\",\"description\":\"SIMPLY MORE Gezichtsreinigingsemulsie is 100% natuurlijk en gemaakt van 10 ingredi\u00ebnten. Reinigen en make-up verwijdering in \u00e9\u00e9n cosmetica.\",\"breadcrumb\":{\"@id\":\"https:\/\/www.alternatievemiddelen.nl\/producten\/simply-more-gezichtsreinigingsemulsie\/#breadcrumb\"},\"inLanguage\":\"en-GB\",\"potentialAction\":[{\"@type\":\"ReadAction\",\"target\":[\"https:\/\/www.alternatievemiddelen.nl\/producten\/simply-more-gezichtsreinigingsemulsie\/\"]}]},{\"@type\":\"ImageObject\",\"inLanguage\":\"en-GB\",\"@id\":\"https:\/\/www.alternatievemiddelen.nl\/producten\/simply-more-gezichtsreinigingsemulsie\/#primaryimage\",\"url\":\"https:\/\/www.alternatievemiddelen.nl\/wp-content\/uploads\/2025\/07\/SIMPLY-MORE-Gezichtsreinigingsemulsie.jpg\",\"contentUrl\":\"https:\/\/www.alternatievemiddelen.nl\/wp-content\/uploads\/2025\/07\/SIMPLY-MORE-Gezichtsreinigingsemulsie.jpg\",\"width\":600,\"height\":800,\"caption\":\"SIMPLY MORE Gezichtsreinigingsemulsie\"},{\"@type\":\"BreadcrumbList\",\"@id\":\"https:\/\/www.alternatievemiddelen.nl\/producten\/simply-more-gezichtsreinigingsemulsie\/#breadcrumb\",\"itemListElement\":[{\"@type\":\"ListItem\",\"position\":1,\"name\":\"Home\",\"item\":\"https:\/\/www.alternatievemiddelen.nl\/\"},{\"@type\":\"ListItem\",\"position\":2,\"name\":\"Producten\",\"item\":\"https:\/\/www.alternatievemiddelen.nl\/producten\/\"},{\"@type\":\"ListItem\",\"position\":3,\"name\":\"SIMPLY MORE Gezichtsreinigingsemulsie 150ml\"}]},{\"@type\":\"WebSite\",\"@id\":\"https:\/\/www.alternatievemiddelen.nl\/#website\",\"url\":\"https:\/\/www.alternatievemiddelen.nl\/\",\"name\":\"Alternatievemiddelen.nl\",\"description\":\"Webshop met gezonde, duurzame en ecologische alternatieve mogelijkheden in de hedendaagse levenstijl. Alles uit eigen ervaring.\",\"publisher\":{\"@id\":\"https:\/\/www.alternatievemiddelen.nl\/#organization\"},\"potentialAction\":[{\"@type\":\"SearchAction\",\"target\":{\"@type\":\"EntryPoint\",\"urlTemplate\":\"https:\/\/www.alternatievemiddelen.nl\/?s={search_term_string}\"},\"query-input\":{\"@type\":\"PropertyValueSpecification\",\"valueRequired\":true,\"valueName\":\"search_term_string\"}}],\"inLanguage\":\"en-GB\"},{\"@type\":\"Organization\",\"@id\":\"https:\/\/www.alternatievemiddelen.nl\/#organization\",\"name\":\"Alternatievemiddelen.nl\",\"url\":\"https:\/\/www.alternatievemiddelen.nl\/\",\"logo\":{\"@type\":\"ImageObject\",\"inLanguage\":\"en-GB\",\"@id\":\"https:\/\/www.alternatievemiddelen.nl\/#\/schema\/logo\/image\/\",\"url\":\"https:\/\/www.alternatievemiddelen.nl\/wp-content\/uploads\/2023\/10\/alternatievemiddelen-PNG-logo.png\",\"contentUrl\":\"https:\/\/www.alternatievemiddelen.nl\/wp-content\/uploads\/2023\/10\/alternatievemiddelen-PNG-logo.png\",\"width\":6400,\"height\":3062,\"caption\":\"Alternatievemiddelen.nl\"},\"image\":{\"@id\":\"https:\/\/www.alternatievemiddelen.nl\/#\/schema\/logo\/image\/\"}}]}<\/script>\n<!-- \/ Yoast SEO plugin. -->","yoast_head_json":{"title":"SIMPLY MORE Gezichtsreinigingsemulsie 150ml - Alternatievemiddelen.nl","description":"SIMPLY MORE Gezichtsreinigingsemulsie is 100% natuurlijk en gemaakt van 10 ingredi\u00ebnten. Reinigen en make-up verwijdering in \u00e9\u00e9n cosmetica.","robots":{"index":"index","follow":"follow","max-snippet":"max-snippet:-1","max-image-preview":"max-image-preview:large","max-video-preview":"max-video-preview:-1"},"canonical":"https:\/\/www.alternatievemiddelen.nl\/en\/wp-json\/wp\/v2\/product\/48400","og_locale":"en_GB","og_type":"article","og_title":"SIMPLY MORE Gezichtsreinigingsemulsie 150ml - Alternatievemiddelen.nl","og_description":"SIMPLY MORE Gezichtsreinigingsemulsie is 100% natuurlijk en gemaakt van 10 ingredi\u00ebnten. Reinigen en make-up verwijdering in \u00e9\u00e9n cosmetica.","og_url":"https:\/\/www.alternatievemiddelen.nl\/en\/products\/simply-more-facial-cleansing-emulsion\/","og_site_name":"Alternatievemiddelen.nl","article_modified_time":"2025-12-15T09:24:29+00:00","og_image":[{"width":600,"height":800,"url":"\/wp-content\/uploads\/2025\/07\/SIMPLY-MORE-Gezichtsreinigingsemulsie.jpg","type":"image\/jpeg"}],"twitter_card":"summary_large_image","twitter_misc":{"Estimated reading time":"5 minutes"},"schema":{"@context":"https:\/\/schema.org","@graph":[{"@type":["WebPage","ItemPage"],"@id":"https:\/\/www.alternatievemiddelen.nl\/producten\/simply-more-gezichtsreinigingsemulsie\/","url":"https:\/\/www.alternatievemiddelen.nl\/producten\/simply-more-gezichtsreinigingsemulsie\/","name":"SIMPLY MORE Gezichtsreinigingsemulsie 150ml - Alternatievemiddelen.nl","isPartOf":{"@id":"https:\/\/www.alternatievemiddelen.nl\/#website"},"primaryImageOfPage":{"@id":"https:\/\/www.alternatievemiddelen.nl\/producten\/simply-more-gezichtsreinigingsemulsie\/#primaryimage"},"image":{"@id":"https:\/\/www.alternatievemiddelen.nl\/producten\/simply-more-gezichtsreinigingsemulsie\/#primaryimage"},"thumbnailUrl":"https:\/\/www.alternatievemiddelen.nl\/wp-content\/uploads\/2025\/07\/SIMPLY-MORE-Gezichtsreinigingsemulsie.jpg","datePublished":"2025-08-09T06:32:53+00:00","dateModified":"2025-12-15T09:24:29+00:00","description":"SIMPLY MORE Gezichtsreinigingsemulsie is 100% natuurlijk en gemaakt van 10 ingredi\u00ebnten. Reinigen en make-up verwijdering in \u00e9\u00e9n cosmetica.","breadcrumb":{"@id":"https:\/\/www.alternatievemiddelen.nl\/producten\/simply-more-gezichtsreinigingsemulsie\/#breadcrumb"},"inLanguage":"en-GB","potentialAction":[{"@type":"ReadAction","target":["https:\/\/www.alternatievemiddelen.nl\/producten\/simply-more-gezichtsreinigingsemulsie\/"]}]},{"@type":"ImageObject","inLanguage":"en-GB","@id":"https:\/\/www.alternatievemiddelen.nl\/producten\/simply-more-gezichtsreinigingsemulsie\/#primaryimage","url":"https:\/\/www.alternatievemiddelen.nl\/wp-content\/uploads\/2025\/07\/SIMPLY-MORE-Gezichtsreinigingsemulsie.jpg","contentUrl":"https:\/\/www.alternatievemiddelen.nl\/wp-content\/uploads\/2025\/07\/SIMPLY-MORE-Gezichtsreinigingsemulsie.jpg","width":600,"height":800,"caption":"SIMPLY MORE Gezichtsreinigingsemulsie"},{"@type":"BreadcrumbList","@id":"https:\/\/www.alternatievemiddelen.nl\/producten\/simply-more-gezichtsreinigingsemulsie\/#breadcrumb","itemListElement":[{"@type":"ListItem","position":1,"name":"Home","item":"https:\/\/www.alternatievemiddelen.nl\/"},{"@type":"ListItem","position":2,"name":"Producten","item":"https:\/\/www.alternatievemiddelen.nl\/producten\/"},{"@type":"ListItem","position":3,"name":"SIMPLY MORE Gezichtsreinigingsemulsie 150ml"}]},{"@type":"WebSite","@id":"https:\/\/www.alternatievemiddelen.nl\/#website","url":"https:\/\/www.alternatievemiddelen.nl\/","name":"Alternatievemiddelen.nl","description":"Webshop met gezonde, duurzame en ecologische alternatieve mogelijkheden in de hedendaagse levenstijl. Alles uit eigen ervaring.","publisher":{"@id":"https:\/\/www.alternatievemiddelen.nl\/#organization"},"potentialAction":[{"@type":"SearchAction","target":{"@type":"EntryPoint","urlTemplate":"https:\/\/www.alternatievemiddelen.nl\/?s={search_term_string}"},"query-input":{"@type":"PropertyValueSpecification","valueRequired":true,"valueName":"search_term_string"}}],"inLanguage":"en-GB"},{"@type":"Organization","@id":"https:\/\/www.alternatievemiddelen.nl\/#organization","name":"Alternatievemiddelen.nl","url":"https:\/\/www.alternatievemiddelen.nl\/","logo":{"@type":"ImageObject","inLanguage":"en-GB","@id":"https:\/\/www.alternatievemiddelen.nl\/#\/schema\/logo\/image\/","url":"https:\/\/www.alternatievemiddelen.nl\/wp-content\/uploads\/2023\/10\/alternatievemiddelen-PNG-logo.png","contentUrl":"https:\/\/www.alternatievemiddelen.nl\/wp-content\/uploads\/2023\/10\/alternatievemiddelen-PNG-logo.png","width":6400,"height":3062,"caption":"Alternatievemiddelen.nl"},"image":{"@id":"https:\/\/www.alternatievemiddelen.nl\/#\/schema\/logo\/image\/"}}]}},"_links":{"self":[{"href":"https:\/\/www.alternatievemiddelen.nl\/en\/wp-json\/wp\/v2\/product\/48400","targetHints":{"allow":["GET"]}}],"collection":[{"href":"https:\/\/www.alternatievemiddelen.nl\/en\/wp-json\/wp\/v2\/product"}],"about":[{"href":"https:\/\/www.alternatievemiddelen.nl\/en\/wp-json\/wp\/v2\/types\/product"}],"replies":[{"embeddable":true,"href":"https:\/\/www.alternatievemiddelen.nl\/en\/wp-json\/wp\/v2\/comments?post=48400"}],"wp:featuredmedia":[{"embeddable":true,"href":"https:\/\/www.alternatievemiddelen.nl\/en\/wp-json\/wp\/v2\/media\/48407"}],"wp:attachment":[{"href":"https:\/\/www.alternatievemiddelen.nl\/en\/wp-json\/wp\/v2\/media?parent=48400"}],"wp:term":[{"taxonomy":"product_brand","embeddable":true,"href":"https:\/\/www.alternatievemiddelen.nl\/en\/wp-json\/wp\/v2\/product_brand?post=48400"},{"taxonomy":"product_cat","embeddable":true,"href":"https:\/\/www.alternatievemiddelen.nl\/en\/wp-json\/wp\/v2\/product_cat?post=48400"},{"taxonomy":"product_tag","embeddable":true,"href":"https:\/\/www.alternatievemiddelen.nl\/en\/wp-json\/wp\/v2\/product_tag?post=48400"},{"taxonomy":"merk","embeddable":true,"href":"https:\/\/www.alternatievemiddelen.nl\/en\/wp-json\/wp\/v2\/merk?post=48400"}],"curies":[{"name":"wp","href":"https:\/\/api.w.org\/{rel}","templated":true}]}}