{"id":17,"date":"2024-05-28T11:42:57","date_gmt":"2024-05-28T09:42:57","guid":{"rendered":"https:\/\/www.alternatievemiddelen.nl\/?page_id=17"},"modified":"2024-11-16T06:50:26","modified_gmt":"2024-11-16T05:50:26","slug":"ruilen-of-retourneren","status":"publish","type":"page","link":"https:\/\/www.alternatievemiddelen.nl\/es\/cambio-o-devolucion\/","title":{"rendered":"Cambios o devoluciones"},"content":{"rendered":"<div data-elementor-type=\"wp-page\" data-elementor-id=\"17\" class=\"elementor elementor-17\" data-elementor-post-type=\"page\">\n\t\t\t\t<div data-particle_enable=\"false\" data-particle-mobile-disabled=\"false\" class=\"elementor-element elementor-element-a155eb7 e-flex e-con-boxed e-con e-parent\" data-id=\"a155eb7\" data-element_type=\"container\" data-settings=\"{&quot;jet_parallax_layout_list&quot;:[]}\">\n\t\t\t\t\t<div class=\"e-con-inner\">\n\t\t\t\t<div class=\"elementor-element elementor-element-0f68f88 elementor-widget elementor-widget-heading\" data-id=\"0f68f88\" data-element_type=\"widget\" data-widget_type=\"heading.default\">\n\t\t\t\t<div class=\"elementor-widget-container\">\n\t\t\t\t\t<h1 class=\"elementor-heading-title elementor-size-default\">Cambios o devoluciones<\/h1>\t\t\t\t<\/div>\n\t\t\t\t<\/div>\n\t\t\t\t<div class=\"elementor-element elementor-element-c7917d6 elementor-widget elementor-widget-heading\" data-id=\"c7917d6\" data-element_type=\"widget\" data-widget_type=\"heading.default\">\n\t\t\t\t<div class=\"elementor-widget-container\">\n\t\t\t\t\t<h2 class=\"elementor-heading-title elementor-size-default\">Condiciones de devoluci\u00f3n Alternatievemiddelen.nl BV\n<\/h2>\t\t\t\t<\/div>\n\t\t\t\t<\/div>\n\t\t\t\t<div class=\"elementor-element elementor-element-b2f772a elementor-widget elementor-widget-text-editor\" data-id=\"b2f772a\" data-element_type=\"widget\" data-widget_type=\"text-editor.default\">\n\t\t\t\t<div class=\"elementor-widget-container\">\n\t\t\t\t\t\t\t\t\t<p>Para nosotros es muy importante que quede satisfecho con los art\u00edculos adquiridos. Si el producto no cumple sus expectativas, puede devolv\u00e9rnoslo en un plazo de 30 d\u00edas a partir de la fecha de recepci\u00f3n. <span style=\"text-decoration: underline;\">Los gastos de devoluci\u00f3n corren por su cuenta.<\/span><\/p><p>\u00a0<\/p><p><strong>Intercambio<\/strong><\/p><p>Por supuesto, el cambio tampoco supone ning\u00fan problema. El procedimiento para cambiar un art\u00edculo es el mismo que para devolverlo. A continuaci\u00f3n, s\u00f3lo tiene que volver a pedir los art\u00edculos deseados a trav\u00e9s de la tienda web de la misma forma que lo hizo anteriormente.<\/p><p>\u00a0<\/p><p><strong>Informaci\u00f3n importante sobre su devoluci\u00f3n de un vistazo:<\/strong><\/p><ul><li>El periodo de prueba de su(s) art\u00edculo(s) es de 30 d\u00edas a partir de su recepci\u00f3n. Dentro de este periodo de prueba, puede ejercer su derecho de revocaci\u00f3n rellenando el siguiente formulario. Tras la revocaci\u00f3n, a\u00fan dispone de 14 d\u00edas para devolvernos los productos.<\/li><li>Si ejerce su derecho de desistimiento, el producto se devolver\u00e1 al empresario con todos los accesorios suministrados y -si es razonablemente posible- en su estado y embalaje originales. En caso de que el producto est\u00e9 da\u00f1ado o el embalaje est\u00e9 m\u00e1s deteriorado de lo necesario para probar el producto, podremos repercutirle esta depreciaci\u00f3n del producto. Por lo tanto, le rogamos que trate el producto con cuidado y se asegure de que est\u00e1 correctamente embalado cuando lo devuelva.<\/li><li>Durante el periodo de prueba, puede sacar el art\u00edculo de su embalaje, mirarlo y probarlo como lo har\u00eda en una tienda. Por favor, aseg\u00farese de que no se produce ning\u00fan da\u00f1o durante la observaci\u00f3n y la prueba para que el art\u00edculo permanezca en su estado original.<\/li><li>Si el art\u00edculo sufre alg\u00fan da\u00f1o durante el periodo de visita, usted ser\u00e1 responsable de la depreciaci\u00f3n. La depreciaci\u00f3n se deducir\u00e1 del importe de la devoluci\u00f3n. Si se produce una reducci\u00f3n del valor, nos pondremos en contacto con usted en cuanto lo sepamos.<\/li><li>El art\u00edculo est\u00e1, si es razonablemente posible, en su embalaje original.<\/li><li>Usted es responsable de los gastos de env\u00edo de la devoluci\u00f3n. En el caso de devoluciones parciales que no alcancen el umbral de gastos de env\u00edo, tenemos derecho a cobrar los gastos de env\u00edo de los productos restantes. Estos se deducir\u00e1n del abono.<\/li><\/ul>\t\t\t\t\t\t\t\t<\/div>\n\t\t\t\t<\/div>\n\t\t\t\t<div class=\"elementor-element elementor-element-54b7b09 elementor-button-align-stretch elementor-widget elementor-widget-form\" data-id=\"54b7b09\" data-element_type=\"widget\" data-settings=\"{&quot;step_next_label&quot;:&quot;Volgende&quot;,&quot;step_previous_label&quot;:&quot;Vorige&quot;,&quot;button_width&quot;:&quot;100&quot;,&quot;step_type&quot;:&quot;number_text&quot;,&quot;step_icon_shape&quot;:&quot;circle&quot;}\" data-widget_type=\"form.default\">\n\t\t\t\t<div class=\"elementor-widget-container\">\n\t\t\t\t\t\t\t<form class=\"elementor-form\" method=\"post\" name=\"Retourformulier\" action=\"\">\n\t\t\t<input type=\"hidden\" name=\"post_id\" value=\"17\"\/>\n\t\t\t<input type=\"hidden\" name=\"form_id\" value=\"54b7b09\"\/>\n\t\t\t<input type=\"hidden\" name=\"referer_title\" value=\"Alternatievemiddelen.nl\" \/>\n\n\t\t\t\n\t\t\t<div class=\"elementor-form-fields-wrapper elementor-labels-above\">\n\t\t\t\t\t\t\t\t<div class=\"elementor-field-type-text elementor-field-group elementor-column elementor-field-group-name elementor-col-100 elementor-field-required\">\n\t\t\t\t\t\t\t\t\t\t\t\t<label for=\"form-field-name\" class=\"elementor-field-label\">\n\t\t\t\t\t\t\t\tSu nombre\t\t\t\t\t\t\t<\/label>\n\t\t\t\t\t\t\t\t\t\t\t\t\t\t<input size=\"1\" type=\"text\" name=\"form_fields[name]\" id=\"form-field-name\" class=\"elementor-field elementor-size-sm  elementor-field-textual\" required=\"required\" aria-required=\"true\">\n\t\t\t\t\t\t\t\t\t\t\t<\/div>\n\t\t\t\t\t\t\t\t<div class=\"elementor-field-type-text elementor-field-group elementor-column elementor-field-group-adres elementor-col-100 elementor-field-required\">\n\t\t\t\t\t\t\t\t\t\t\t\t<label for=\"form-field-adres\" class=\"elementor-field-label\">\n\t\t\t\t\t\t\t\tSu direcci\u00f3n\t\t\t\t\t\t\t<\/label>\n\t\t\t\t\t\t\t\t\t\t\t\t\t\t<input size=\"1\" type=\"text\" name=\"form_fields[adres]\" id=\"form-field-adres\" class=\"elementor-field elementor-size-sm  elementor-field-textual\" required=\"required\" aria-required=\"true\">\n\t\t\t\t\t\t\t\t\t\t\t<\/div>\n\t\t\t\t\t\t\t\t<div class=\"elementor-field-type-text elementor-field-group elementor-column elementor-field-group-postcode_en_plaats elementor-col-100 elementor-field-required\">\n\t\t\t\t\t\t\t\t\t\t\t\t<label for=\"form-field-postcode_en_plaats\" class=\"elementor-field-label\">\n\t\t\t\t\t\t\t\tSu c\u00f3digo postal y ciudad\t\t\t\t\t\t\t<\/label>\n\t\t\t\t\t\t\t\t\t\t\t\t\t\t<input size=\"1\" type=\"text\" name=\"form_fields[postcode_en_plaats]\" id=\"form-field-postcode_en_plaats\" class=\"elementor-field elementor-size-sm  elementor-field-textual\" required=\"required\" aria-required=\"true\">\n\t\t\t\t\t\t\t\t\t\t\t<\/div>\n\t\t\t\t\t\t\t\t<div class=\"elementor-field-type-email elementor-field-group elementor-column elementor-field-group-email elementor-col-100 elementor-field-required\">\n\t\t\t\t\t\t\t\t\t\t\t\t<label for=\"form-field-email\" class=\"elementor-field-label\">\n\t\t\t\t\t\t\t\tTu e-mail\t\t\t\t\t\t\t<\/label>\n\t\t\t\t\t\t\t\t\t\t\t\t\t\t<input size=\"1\" type=\"email\" name=\"form_fields[email]\" id=\"form-field-email\" class=\"elementor-field elementor-size-sm  elementor-field-textual\" required=\"required\" aria-required=\"true\">\n\t\t\t\t\t\t\t\t\t\t\t<\/div>\n\t\t\t\t\t\t\t\t<div class=\"elementor-field-type-text elementor-field-group elementor-column elementor-field-group-ordernummer elementor-col-100 elementor-field-required\">\n\t\t\t\t\t\t\t\t\t\t\t\t<label for=\"form-field-ordernummer\" class=\"elementor-field-label\">\n\t\t\t\t\t\t\t\tSu n\u00famero de pedido\t\t\t\t\t\t\t<\/label>\n\t\t\t\t\t\t\t\t\t\t\t\t\t\t<input size=\"1\" type=\"text\" name=\"form_fields[ordernummer]\" id=\"form-field-ordernummer\" class=\"elementor-field elementor-size-sm  elementor-field-textual\" required=\"required\" aria-required=\"true\">\n\t\t\t\t\t\t\t\t\t\t\t<\/div>\n\t\t\t\t\t\t\t\t<div class=\"elementor-field-type-textarea elementor-field-group elementor-column elementor-field-group-reden elementor-col-100\">\n\t\t\t\t\t\t\t\t\t\t\t\t<label for=\"form-field-reden\" class=\"elementor-field-label\">\n\t\t\t\t\t\t\t\tMotivo de la devoluci\u00f3n\t\t\t\t\t\t\t<\/label>\n\t\t\t\t\t\t<textarea class=\"elementor-field-textual elementor-field  elementor-size-sm\" name=\"form_fields[reden]\" id=\"form-field-reden\" rows=\"4\"><\/textarea>\t\t\t\t<\/div>\n\t\t\t\t\t\t\t\t<div class=\"elementor-field-type-acceptance elementor-field-group elementor-column elementor-field-group-goedkeuring elementor-col-100 elementor-field-required\">\n\t\t\t\t\t\t\t<div class=\"elementor-field-subgroup\">\n\t\t\t<span class=\"elementor-field-option\">\n\t\t\t\t<input type=\"checkbox\" name=\"form_fields[goedkeuring]\" id=\"form-field-goedkeuring\" class=\"elementor-field elementor-size-sm  elementor-acceptance-field\" required=\"required\" aria-required=\"true\">\n\t\t\t\t<label for=\"form-field-goedkeuring\">S\u00cd, autorizo la recogida de mis datos.<\/label>\t\t\t<\/span>\n\t\t<\/div>\n\t\t\t\t\t\t<\/div>\n\t\t\t\t\t\t\t\t<div class=\"elementor-field-type-html elementor-field-group elementor-column elementor-field-group-field_7c992cf elementor-col-100\">\n\t\t\t\t\tEste formulario le pide su nombre, direcci\u00f3n y direcci\u00f3n de correo electr\u00f3nico para que podamos comunicarnos con usted. Sus datos no se comunicar\u00e1n nunca a terceros. Consulte el <a href=\"https:\/\/www.alternatievemiddelen.nl\/es\/privacybeleid-en-cookies\/\" target=\"_blank\">Declaraci\u00f3n de confidencialidad<\/a> para ver c\u00f3mo tratamos sus datos.\t\t\t\t<\/div>\n\t\t\t\t\t\t\t\t<div class=\"elementor-field-type-recaptcha_v3 elementor-field-group elementor-column elementor-field-group-field_4fc2766 elementor-col-100 recaptcha_v3-bottomright\">\n\t\t\t\t\t<div class=\"elementor-field\" id=\"form-field-field_4fc2766\"><div class=\"elementor-g-recaptcha\" data-sitekey=\"6LcxMUcpAAAAACF7qDbXXYJjMfE5BCM5QTFuy-eT\" data-type=\"v3\" data-action=\"Form\" data-badge=\"bottomright\" data-size=\"invisible\"><\/div><\/div>\t\t\t\t<\/div>\n\t\t\t\t\t\t\t\t<div class=\"elementor-field-group elementor-column elementor-field-type-submit elementor-col-100 e-form__buttons\">\n\t\t\t\t\t<button class=\"elementor-button elementor-size-sm\" type=\"submit\">\n\t\t\t\t\t\t<span class=\"elementor-button-content-wrapper\">\n\t\t\t\t\t\t\t\t\t\t\t\t\t\t\t\t\t\t\t\t\t\t<span class=\"elementor-button-text\">Enviar<\/span>\n\t\t\t\t\t\t\t\t\t\t\t\t\t<\/span>\n\t\t\t\t\t<\/button>\n\t\t\t\t<\/div>\n\t\t\t<\/div>\n\t\t<input type=\"hidden\" name=\"trp-form-language\" value=\"es\"\/><\/form>\n\t\t\t\t\t\t<\/div>\n\t\t\t\t<\/div>\n\t\t\t\t<div class=\"elementor-element elementor-element-1abc8ba elementor-widget elementor-widget-text-editor\" data-id=\"1abc8ba\" data-element_type=\"widget\" data-widget_type=\"text-editor.default\">\n\t\t\t\t<div class=\"elementor-widget-container\">\n\t\t\t\t\t\t\t\t\t<div class=\"wpb_text_column wpb_content_element\"><div class=\"wpb_wrapper\"><p>Despu\u00e9s de rellenar y enviar el formulario de devoluci\u00f3n, nos gustar\u00eda recibir la mercanc\u00eda de vuelta en un plazo de 14 d\u00edas.<\/p><p><strong>Nuestra direcci\u00f3n de remitente es:<\/strong><br \/>Alternatievemiddelen.nl BV<br \/>Pastoor Debijestraat 59<br \/>5963 AE Hegelsom<\/p><p>Debe adjuntar la factura en el paquete de devoluci\u00f3n para que la devoluci\u00f3n se tramite correctamente.<\/p><\/div><\/div><div class=\"wpb_text_column wpb_content_element\"><div class=\"wpb_wrapper\"><p><strong>Tramitaci\u00f3n de devoluciones<\/strong><br \/>Una vez recibida la devoluci\u00f3n, se tramitar\u00e1 inmediatamente. Los art\u00edculos de sustituci\u00f3n se enviar\u00e1n lo antes posible. Si recibe un reembolso por nuestra parte, lo tramitaremos lo antes posible (en un plazo m\u00e1ximo de 14 d\u00edas). Depende de la rapidez de su banco cuando el dinero est\u00e9 en su cuenta. Abonaremos el importe a trav\u00e9s del m\u00e9todo de pago que eligi\u00f3 al realizar el pedido.<\/p><\/div><\/div>\t\t\t\t\t\t\t\t<\/div>\n\t\t\t\t<\/div>\n\t\t\t\t\t<\/div>\n\t\t\t\t<\/div>\n\t\t\t\t<\/div>","protected":false},"excerpt":{"rendered":"<p>Cambios o devoluciones Condiciones de devoluci\u00f3n Alternatievemiddelen.nl BV Para nosotros es muy importante que quede satisfecho con los art\u00edculos adquiridos. Si el producto no cumple sus expectativas, puede devolv\u00e9rnoslo en un plazo de 30 d\u00edas a partir de la fecha de recepci\u00f3n. Los gastos de env\u00edo de la devoluci\u00f3n corren por su cuenta.   Cambio El cambio tampoco es, por supuesto, [...].<\/p>","protected":false},"author":1,"featured_media":0,"parent":0,"menu_order":0,"comment_status":"closed","ping_status":"closed","template":"","meta":{"footnotes":""},"class_list":["post-17","page","type-page","status-publish","hentry"],"yoast_head":"<!-- This site is optimized with the Yoast SEO plugin v26.1 - https:\/\/yoast.com\/wordpress\/plugins\/seo\/ -->\n<title>Ruilen of retourneren - Alternatievemiddelen.nl<\/title>\n<meta name=\"robots\" content=\"noindex, follow\" \/>\n<meta property=\"og:locale\" content=\"es_ES\" \/>\n<meta property=\"og:type\" content=\"article\" \/>\n<meta property=\"og:title\" content=\"Ruilen of retourneren - Alternatievemiddelen.nl\" \/>\n<meta property=\"og:description\" content=\"Ruilen of retourneren Retourvoorwaarden Alternatievemiddelen.nl BV Het is voor ons erg belangrijk dat je tevreden bent met de aangekochte artikelen. Voldoet het product niet aan jouw verwachtingen dan kun je dit binnen 30 dagen na ontvangst aan ons retourneren. De verzendkosten van de retour zijn voor eigen rekening. \u00a0 Ruilen Ruilen is natuurlijk ook geen [&hellip;]\" \/>\n<meta property=\"og:url\" content=\"https:\/\/www.alternatievemiddelen.nl\/es\/cambio-o-devolucion\/\" \/>\n<meta property=\"og:site_name\" content=\"Alternatievemiddelen.nl\" \/>\n<meta property=\"article:publisher\" content=\"https:\/\/www.facebook.com\/alternatievemiddelen\" \/>\n<meta property=\"article:modified_time\" content=\"2024-11-16T05:50:26+00:00\" \/>\n<meta property=\"og:image\" content=\"https:\/\/www.alternatievemiddelen.nl\/wp-content\/uploads\/2023\/10\/alternatievemiddelen-PNG-logo.png\" \/>\n\t<meta property=\"og:image:width\" content=\"6400\" \/>\n\t<meta property=\"og:image:height\" content=\"3062\" \/>\n\t<meta property=\"og:image:type\" content=\"image\/png\" \/>\n<meta name=\"twitter:card\" content=\"summary_large_image\" \/>\n<meta name=\"twitter:label1\" content=\"Tiempo de lectura\" \/>\n\t<meta name=\"twitter:data1\" content=\"3 minutos\" \/>\n<script type=\"application\/ld+json\" class=\"yoast-schema-graph\">{\"@context\":\"https:\/\/schema.org\",\"@graph\":[{\"@type\":\"WebPage\",\"@id\":\"https:\/\/www.alternatievemiddelen.nl\/ruilen-of-retourneren\/\",\"url\":\"https:\/\/www.alternatievemiddelen.nl\/ruilen-of-retourneren\/\",\"name\":\"Ruilen of retourneren - Alternatievemiddelen.nl\",\"isPartOf\":{\"@id\":\"https:\/\/www.alternatievemiddelen.nl\/#website\"},\"datePublished\":\"2024-05-28T09:42:57+00:00\",\"dateModified\":\"2024-11-16T05:50:26+00:00\",\"breadcrumb\":{\"@id\":\"https:\/\/www.alternatievemiddelen.nl\/ruilen-of-retourneren\/#breadcrumb\"},\"inLanguage\":\"es\",\"potentialAction\":[{\"@type\":\"ReadAction\",\"target\":[\"https:\/\/www.alternatievemiddelen.nl\/ruilen-of-retourneren\/\"]}]},{\"@type\":\"BreadcrumbList\",\"@id\":\"https:\/\/www.alternatievemiddelen.nl\/ruilen-of-retourneren\/#breadcrumb\",\"itemListElement\":[{\"@type\":\"ListItem\",\"position\":1,\"name\":\"Home\",\"item\":\"https:\/\/www.alternatievemiddelen.nl\/\"},{\"@type\":\"ListItem\",\"position\":2,\"name\":\"Ruilen of retourneren\"}]},{\"@type\":\"WebSite\",\"@id\":\"https:\/\/www.alternatievemiddelen.nl\/#website\",\"url\":\"https:\/\/www.alternatievemiddelen.nl\/\",\"name\":\"Alternatievemiddelen.nl\",\"description\":\"Webshop met gezonde, duurzame en ecologische alternatieve mogelijkheden in de hedendaagse levenstijl. Alles uit eigen ervaring.\",\"publisher\":{\"@id\":\"https:\/\/www.alternatievemiddelen.nl\/#organization\"},\"alternateName\":\"Alternatieve Middelen\",\"potentialAction\":[{\"@type\":\"SearchAction\",\"target\":{\"@type\":\"EntryPoint\",\"urlTemplate\":\"https:\/\/www.alternatievemiddelen.nl\/?s={search_term_string}\"},\"query-input\":{\"@type\":\"PropertyValueSpecification\",\"valueRequired\":true,\"valueName\":\"search_term_string\"}}],\"inLanguage\":\"es\"},{\"@type\":\"Organization\",\"@id\":\"https:\/\/www.alternatievemiddelen.nl\/#organization\",\"name\":\"Alternatievemiddelen.nl\",\"alternateName\":\"Alternatieve Middelen\",\"url\":\"https:\/\/www.alternatievemiddelen.nl\/\",\"logo\":{\"@type\":\"ImageObject\",\"inLanguage\":\"es\",\"@id\":\"https:\/\/www.alternatievemiddelen.nl\/#\/schema\/logo\/image\/\",\"url\":\"https:\/\/www.alternatievemiddelen.nl\/wp-content\/uploads\/2023\/10\/alternatievemiddelen-PNG-logo.png\",\"contentUrl\":\"https:\/\/www.alternatievemiddelen.nl\/wp-content\/uploads\/2023\/10\/alternatievemiddelen-PNG-logo.png\",\"width\":6400,\"height\":3062,\"caption\":\"Alternatievemiddelen.nl\"},\"image\":{\"@id\":\"https:\/\/www.alternatievemiddelen.nl\/#\/schema\/logo\/image\/\"},\"sameAs\":[\"https:\/\/www.facebook.com\/alternatievemiddelen\",\"https:\/\/www.instagram.com\/alternatievemiddelen.nl\/\"]}]}<\/script>\n<!-- \/ Yoast SEO plugin. -->","yoast_head_json":{"title":"Ruilen of retourneren - Alternatievemiddelen.nl","robots":{"index":"noindex","follow":"follow"},"og_locale":"es_ES","og_type":"article","og_title":"Ruilen of retourneren - Alternatievemiddelen.nl","og_description":"Ruilen of retourneren Retourvoorwaarden Alternatievemiddelen.nl BV Het is voor ons erg belangrijk dat je tevreden bent met de aangekochte artikelen. Voldoet het product niet aan jouw verwachtingen dan kun je dit binnen 30 dagen na ontvangst aan ons retourneren. De verzendkosten van de retour zijn voor eigen rekening. \u00a0 Ruilen Ruilen is natuurlijk ook geen [&hellip;]","og_url":"https:\/\/www.alternatievemiddelen.nl\/es\/cambio-o-devolucion\/","og_site_name":"Alternatievemiddelen.nl","article_publisher":"https:\/\/www.facebook.com\/alternatievemiddelen","article_modified_time":"2024-11-16T05:50:26+00:00","og_image":[{"width":6400,"height":3062,"url":"https:\/\/www.alternatievemiddelen.nl\/wp-content\/uploads\/2023\/10\/alternatievemiddelen-PNG-logo.png","type":"image\/png"}],"twitter_card":"summary_large_image","twitter_misc":{"Tiempo de lectura":"3 minutos"},"schema":{"@context":"https:\/\/schema.org","@graph":[{"@type":"WebPage","@id":"https:\/\/www.alternatievemiddelen.nl\/ruilen-of-retourneren\/","url":"https:\/\/www.alternatievemiddelen.nl\/ruilen-of-retourneren\/","name":"Ruilen of retourneren - Alternatievemiddelen.nl","isPartOf":{"@id":"https:\/\/www.alternatievemiddelen.nl\/#website"},"datePublished":"2024-05-28T09:42:57+00:00","dateModified":"2024-11-16T05:50:26+00:00","breadcrumb":{"@id":"https:\/\/www.alternatievemiddelen.nl\/ruilen-of-retourneren\/#breadcrumb"},"inLanguage":"es","potentialAction":[{"@type":"ReadAction","target":["https:\/\/www.alternatievemiddelen.nl\/ruilen-of-retourneren\/"]}]},{"@type":"BreadcrumbList","@id":"https:\/\/www.alternatievemiddelen.nl\/ruilen-of-retourneren\/#breadcrumb","itemListElement":[{"@type":"ListItem","position":1,"name":"Home","item":"https:\/\/www.alternatievemiddelen.nl\/"},{"@type":"ListItem","position":2,"name":"Ruilen of retourneren"}]},{"@type":"WebSite","@id":"https:\/\/www.alternatievemiddelen.nl\/#website","url":"https:\/\/www.alternatievemiddelen.nl\/","name":"Alternatievemiddelen.nl","description":"Webshop met gezonde, duurzame en ecologische alternatieve mogelijkheden in de hedendaagse levenstijl. Alles uit eigen ervaring.","publisher":{"@id":"https:\/\/www.alternatievemiddelen.nl\/#organization"},"alternateName":"Alternatieve Middelen","potentialAction":[{"@type":"SearchAction","target":{"@type":"EntryPoint","urlTemplate":"https:\/\/www.alternatievemiddelen.nl\/?s={search_term_string}"},"query-input":{"@type":"PropertyValueSpecification","valueRequired":true,"valueName":"search_term_string"}}],"inLanguage":"es"},{"@type":"Organization","@id":"https:\/\/www.alternatievemiddelen.nl\/#organization","name":"Alternatievemiddelen.nl","alternateName":"Alternatieve Middelen","url":"https:\/\/www.alternatievemiddelen.nl\/","logo":{"@type":"ImageObject","inLanguage":"es","@id":"https:\/\/www.alternatievemiddelen.nl\/#\/schema\/logo\/image\/","url":"https:\/\/www.alternatievemiddelen.nl\/wp-content\/uploads\/2023\/10\/alternatievemiddelen-PNG-logo.png","contentUrl":"https:\/\/www.alternatievemiddelen.nl\/wp-content\/uploads\/2023\/10\/alternatievemiddelen-PNG-logo.png","width":6400,"height":3062,"caption":"Alternatievemiddelen.nl"},"image":{"@id":"https:\/\/www.alternatievemiddelen.nl\/#\/schema\/logo\/image\/"},"sameAs":["https:\/\/www.facebook.com\/alternatievemiddelen","https:\/\/www.instagram.com\/alternatievemiddelen.nl\/"]}]}},"_links":{"self":[{"href":"https:\/\/www.alternatievemiddelen.nl\/es\/wp-json\/wp\/v2\/pages\/17","targetHints":{"allow":["GET"]}}],"collection":[{"href":"https:\/\/www.alternatievemiddelen.nl\/es\/wp-json\/wp\/v2\/pages"}],"about":[{"href":"https:\/\/www.alternatievemiddelen.nl\/es\/wp-json\/wp\/v2\/types\/page"}],"author":[{"embeddable":true,"href":"https:\/\/www.alternatievemiddelen.nl\/es\/wp-json\/wp\/v2\/users\/1"}],"replies":[{"embeddable":true,"href":"https:\/\/www.alternatievemiddelen.nl\/es\/wp-json\/wp\/v2\/comments?post=17"}],"version-history":[{"count":25,"href":"https:\/\/www.alternatievemiddelen.nl\/es\/wp-json\/wp\/v2\/pages\/17\/revisions"}],"predecessor-version":[{"id":46106,"href":"https:\/\/www.alternatievemiddelen.nl\/es\/wp-json\/wp\/v2\/pages\/17\/revisions\/46106"}],"wp:attachment":[{"href":"https:\/\/www.alternatievemiddelen.nl\/es\/wp-json\/wp\/v2\/media?parent=17"}],"curies":[{"name":"wp","href":"https:\/\/api.w.org\/{rel}","templated":true}]}}