{"id":258,"date":"2023-11-21T10:51:11","date_gmt":"2023-11-21T09:51:11","guid":{"rendered":"https:\/\/www.alternatievemiddelen.nl\/?page_id=258"},"modified":"2024-05-13T08:37:28","modified_gmt":"2024-05-13T06:37:28","slug":"inloggen","status":"publish","type":"page","link":"https:\/\/www.alternatievemiddelen.nl\/es\/inicio-de-sesion\/","title":{"rendered":"Inicio de sesi\u00f3n"},"content":{"rendered":"<div data-elementor-type=\"wp-page\" data-elementor-id=\"258\" class=\"elementor elementor-258\" data-elementor-post-type=\"page\">\n\t\t\t\t<div data-particle_enable=\"false\" data-particle-mobile-disabled=\"false\" class=\"elementor-element elementor-element-d429123 e-flex e-con-boxed e-con e-parent\" data-id=\"d429123\" data-element_type=\"container\" data-settings=\"{&quot;jet_parallax_layout_list&quot;:[]}\">\n\t\t\t\t\t<div class=\"e-con-inner\">\n\t\t<div data-particle_enable=\"false\" data-particle-mobile-disabled=\"false\" class=\"elementor-element elementor-element-f8b9972 e-con-full e-flex e-con e-child\" data-id=\"f8b9972\" data-element_type=\"container\" data-settings=\"{&quot;jet_parallax_layout_list&quot;:[]}\">\n\t\t\t\t<div class=\"elementor-element elementor-element-ccff997 elementor-widget elementor-widget-heading\" data-id=\"ccff997\" data-element_type=\"widget\" data-widget_type=\"heading.default\">\n\t\t\t\t<div class=\"elementor-widget-container\">\n\t\t\t\t\t<h2 class=\"elementor-heading-title elementor-size-default\">Ya soy cliente<\/h2>\t\t\t\t<\/div>\n\t\t\t\t<\/div>\n\t\t\t\t<div class=\"elementor-element elementor-element-265403a elementor-widget elementor-widget-login\" data-id=\"265403a\" data-element_type=\"widget\" data-widget_type=\"login.default\">\n\t\t\t\t<div class=\"elementor-widget-container\">\n\t\t\t\t\t\t\t<form class=\"elementor-login elementor-form\" method=\"post\" action=\"https:\/\/www.alternatievemiddelen.nl\/wp-login.php\">\n\t\t\t<input type=\"hidden\" name=\"redirect_to\" value=\"\/mijn-account\/\">\n\t\t\t<div class=\"elementor-form-fields-wrapper\">\n\t\t\t\t<div class=\"elementor-field-type-text elementor-field-group elementor-column elementor-col-100 elementor-field-required\">\n\t\t\t\t\t<label for=\"user-265403a\" class=\"elementor-field-label elementor-screen-only\">Correo electr\u00f3nico<\/label>\n\t\t\t\t\t<input size=\"1\" type=\"text\" name=\"log\" id=\"user-265403a\" placeholder=\"Correo electr\u00f3nico\" class=\"elementor-field elementor-field-textual elementor-size-sm\">\n\t\t\t\t<\/div>\n\t\t\t\t<div class=\"elementor-field-type-text elementor-field-group elementor-column elementor-col-100 elementor-field-required\">\n\t\t\t\t\t<label for=\"password-265403a\" class=\"elementor-field-label elementor-screen-only\">Contrase\u00f1a<\/label>\n\t\t\t\t\t<input size=\"1\" type=\"password\" name=\"pwd\" id=\"password-265403a\" placeholder=\"Contrase\u00f1a\" class=\"elementor-field elementor-field-textual elementor-size-sm\">\n\t\t\t\t<\/div>\n\n\t\t\t\t\n\t\t\t\t<div class=\"elementor-field-group elementor-column elementor-field-type-submit elementor-col-100\">\n\t\t\t\t\t<button type=\"submit\" class=\"elementor-size-sm elementor-button\" name=\"wp-submit\">\n\t\t\t\t\t\t\t\t\t\t\t\t\t\t\t<span class=\"elementor-button-text\">Inicio de sesi\u00f3n<\/span>\n\t\t\t\t\t\t\t\t\t\t\t\t<\/button>\n\t\t\t\t<\/div>\n\n\t\t\t\t\t\t\t\t\t<div class=\"elementor-field-group elementor-column elementor-col-100\">\n\t\t\t\t\t\t\t\t\t\t\t\t\t\t\t\t\t\t\t\t<a class=\"elementor-lost-password\" href=\"https:\/\/www.alternatievemiddelen.nl\/es\/mi-cuenta\/contrasena-olvidada\/\">\n\t\t\t\t\t\t\t\t\u00bfOlvid\u00f3 su contrase\u00f1a?\t\t\t\t\t\t\t<\/a>\n\t\t\t\t\t\t\n\t\t\t\t\t\t\t\t\t\t\t<\/div>\n\t\t\t\t\t\t\t<\/div>\n\t\t<\/form>\n\t\t\t\t\t\t<\/div>\n\t\t\t\t<\/div>\n\t\t\t\t<\/div>\n\t\t<div data-particle_enable=\"false\" data-particle-mobile-disabled=\"false\" class=\"elementor-element elementor-element-7345db5 e-con-full e-flex e-con e-child\" data-id=\"7345db5\" data-element_type=\"container\" data-settings=\"{&quot;jet_parallax_layout_list&quot;:[]}\">\n\t\t\t\t<div class=\"elementor-element elementor-element-fcd5f5c elementor-widget elementor-widget-heading\" data-id=\"fcd5f5c\" data-element_type=\"widget\" data-widget_type=\"heading.default\">\n\t\t\t\t<div class=\"elementor-widget-container\">\n\t\t\t\t\t<h2 class=\"elementor-heading-title elementor-size-default\">Crear una cuenta<\/h2>\t\t\t\t<\/div>\n\t\t\t\t<\/div>\n\t\t\t\t<div class=\"elementor-element elementor-element-de24206 elementor-widget elementor-widget-jet-form-builder-form\" data-id=\"de24206\" data-element_type=\"widget\" data-widget_type=\"jet-form-builder-form.default\">\n\t\t\t\t<div class=\"elementor-widget-container\">\n\t\t\t\t\t<link rel='stylesheet' id='wp-block-library-css' href='https:\/\/www.alternatievemiddelen.nl\/wp-includes\/css\/dist\/block-library\/style.min.css?ver=6.7.1' media='all' \/>\n<style id=\"jet-form-builder-261-inline-css\"><\/style><form  class=\"jet-form-builder layout-column submit-type-reload\" action=\"https:\/\/www.alternatievemiddelen.nl\/es\/wp-json\/wp\/v2\/pages\/258\/?jet_form_builder_submit=submit&#038;method=reload\" method=\"POST\" data-form-id=\"261\" data-layout=\"column\" enctype=\"multipart\/form-data\" data-clear=\"1\" novalidate=\"null\" data-trp-original-action=\"https:\/\/www.alternatievemiddelen.nl\/es\/wp-json\/wp\/v2\/pages\/258\/?jet_form_builder_submit=submit&amp;method=reload\">\r\n<input type=\"hidden\" name=\"_jfb_current_render_states[]\" value=\"DEFAULT.STATE\" data-jfb-sync \/><input type=\"hidden\" class=\"jet-form-builder__field hidden-field\" name=\"_jet_engine_booking_form_id\" data-field-name=\"_jet_engine_booking_form_id\" value=\"261\">\n<input type=\"hidden\" class=\"jet-form-builder__field hidden-field\" name=\"_jet_engine_refer\" data-field-name=\"_jet_engine_refer\" value=\"https:\/\/www.alternatievemiddelen.nl\/es\/wp-json\/wp\/v2\/pages\/258\/\">\n<input type=\"hidden\" class=\"jet-form-builder__field hidden-field\" name=\"__queried_post_id\" data-field-name=\"__queried_post_id\" value=\"258\">\n<input type=\"hidden\" class=\"jet-form-builder__field hidden-field\" name=\"post_id\" data-field-name=\"post_id\" data-jfb-sync=\"null\" value=\"258\"><div class=\"wp-block-columns is-layout-flex wp-container-core-columns-is-layout-1 wp-block-columns-is-layout-flex\" style=\"font-size:5px\"><div class=\"wp-block-column is-layout-flow wp-block-column-is-layout-flow\" style=\"flex-basis:50%\"><div  class=\"jet-form-builder-row field-type-text-field\" >\n<div class=\"jet-form-builder__label\">\r\n<div class=\"jet-form-builder__label-text\">Nombre <span class=\"jet-form-builder__required\">*<\/span><\/div><\/div><div class=\"jet-form-builder__field-wrap\">\n\t\t\t\t<input placeholder=\"Nombre *\" required=\"required\" name=\"voornaam\" id=\"voornaam\" type=\"text\" data-field-name=\"voornaam\" class=\"jet-form-builder__field text-field\" data-jfb-sync=\"null\">\n\t\t\t\t\t<\/div>\n<\/div><\/div>\n\n<div class=\"wp-block-column is-layout-flow wp-block-column-is-layout-flow\"><div  class=\"jet-form-builder-row field-type-text-field\" >\n<div class=\"jet-form-builder__label\">\r\n<div class=\"jet-form-builder__label-text\">Apellido <span class=\"jet-form-builder__required\">*<\/span><\/div><\/div><div class=\"jet-form-builder__field-wrap\">\n\t\t\t\t<input placeholder=\"Apellido *\" required=\"required\" name=\"achternaam\" id=\"achternaam\" type=\"text\" data-field-name=\"achternaam\" class=\"jet-form-builder__field text-field\" data-jfb-sync=\"null\">\n\t\t\t\t\t<\/div>\n<\/div><\/div><\/div><div class=\"wp-block-columns is-layout-flex wp-container-core-columns-is-layout-2 wp-block-columns-is-layout-flex\" style=\"font-size:5px\"><div class=\"wp-block-column is-layout-flow wp-block-column-is-layout-flow\" style=\"flex-basis:50%\"><div  class=\"jet-form-builder-row field-type-text-field\" >\n<div class=\"jet-form-builder__label\">\r\n<div class=\"jet-form-builder__label-text\">Nombre de la empresa<\/div><\/div><div class=\"jet-form-builder__field-wrap\">\n\t\t\t\t<input placeholder=\"Nombre de la empresa\" name=\"bedrijfsnaam\" id=\"bedrijfsnaam\" type=\"text\" data-field-name=\"bedrijfsnaam\" class=\"jet-form-builder__field text-field\" data-jfb-sync=\"null\">\n\t\t\t\t\t<\/div>\n<\/div><\/div>\n\n<div class=\"wp-block-column is-layout-flow wp-block-column-is-layout-flow\"><div  class=\"jet-form-builder-row field-type-text-field\" >\n<div class=\"jet-form-builder__label\">\r\n<div class=\"jet-form-builder__label-text\">C\u00f3digo postal <span class=\"jet-form-builder__required\">*<\/span><\/div><\/div><div class=\"jet-form-builder__field-wrap\">\n\t\t\t\t<input placeholder=\"C\u00f3digo postal *\" required=\"required\" name=\"postcode\" id=\"postcode\" type=\"text\" data-field-name=\"postcode\" class=\"jet-form-builder__field text-field\" data-jfb-sync=\"null\">\n\t\t\t\t\t<\/div>\n<\/div><\/div><\/div><div class=\"wp-block-columns is-layout-flex wp-container-core-columns-is-layout-3 wp-block-columns-is-layout-flex\" style=\"font-size:5px\"><div class=\"wp-block-column is-layout-flow wp-block-column-is-layout-flow\" style=\"flex-basis:50%\"><div  class=\"jet-form-builder-row field-type-text-field\" >\n<div class=\"jet-form-builder__label\">\r\n<div class=\"jet-form-builder__label-text\">Nombre de la calle <span class=\"jet-form-builder__required\">*<\/span><\/div><\/div><div class=\"jet-form-builder__field-wrap\">\n\t\t\t\t<input placeholder=\"Nombre de la calle *\" required=\"required\" name=\"straatnaam\" id=\"straatnaam\" type=\"text\" data-field-name=\"straatnaam\" class=\"jet-form-builder__field text-field\" data-jfb-sync=\"null\">\n\t\t\t\t\t<\/div>\n<\/div><\/div>\n\n<div class=\"wp-block-column is-layout-flow wp-block-column-is-layout-flow\"><div  class=\"jet-form-builder-row field-type-number-field\" >\n<div class=\"jet-form-builder__label\">\r\n<div class=\"jet-form-builder__label-text\">N\u00famero de casa<\/div><\/div><div class=\"jet-form-builder__field-wrap\">\n\t\t<input type=\"number\" class=\"jet-form-builder__field text-field\" placeholder=\"N\u00famero de casa *\" name=\"huisnummer\" data-field-name=\"huisnummer\" id=\"huisnummer\" data-jfb-sync=\"null\">\n\t<\/div>\n<\/div><\/div>\n\n<div class=\"wp-block-column is-layout-flow wp-block-column-is-layout-flow\"><div  class=\"jet-form-builder-row field-type-text-field\" >\n<div class=\"jet-form-builder__label\">\r\n<div class=\"jet-form-builder__label-text\">Adici\u00f3n<\/div><\/div><div class=\"jet-form-builder__field-wrap\">\n\t\t\t\t<input placeholder=\"Adici\u00f3n\" name=\"toevoeging\" id=\"toevoeging\" type=\"text\" data-field-name=\"toevoeging\" class=\"jet-form-builder__field text-field\" data-jfb-sync=\"null\">\n\t\t\t\t\t<\/div>\n<\/div><\/div><\/div><div class=\"wp-block-columns is-layout-flex wp-container-core-columns-is-layout-4 wp-block-columns-is-layout-flex\" style=\"font-size:5px\"><div class=\"wp-block-column is-layout-flow wp-block-column-is-layout-flow\" style=\"flex-basis:50%\"><div  class=\"jet-form-builder-row field-type-text-field\" >\n<div class=\"jet-form-builder__label\">\r\n<div class=\"jet-form-builder__label-text\">Pa\u00eds <span class=\"jet-form-builder__required\">*<\/span><\/div><\/div><div class=\"jet-form-builder__field-wrap\">\n\t\t\t\t<input placeholder=\"Pa\u00eds *\" required=\"required\" name=\"land\" id=\"land\" type=\"text\" data-field-name=\"land\" class=\"jet-form-builder__field text-field\" data-jfb-sync=\"null\">\n\t\t\t\t\t<\/div>\n<\/div><\/div>\n\n<div class=\"wp-block-column is-layout-flow wp-block-column-is-layout-flow\"><div  class=\"jet-form-builder-row field-type-text-field\" >\n<div class=\"jet-form-builder__label\">\r\n<div class=\"jet-form-builder__label-text\">N\u00famero de tel\u00e9fono <span class=\"jet-form-builder__required\">*<\/span><\/div><\/div><div class=\"jet-form-builder__field-wrap\">\n\t\t\t\t<input placeholder=\"N\u00famero de tel\u00e9fono *\" required=\"required\" name=\"telefoonnummer\" id=\"telefoonnummer\" type=\"tel\" data-field-name=\"telefoonnummer\" class=\"jet-form-builder__field text-field\" data-jfb-sync=\"null\">\n\t\t\t\t\t<\/div>\n<\/div><\/div><\/div><p><span style=\"text-decoration: underline;\"><strong>Se utiliza para iniciar sesi\u00f3n.<\/strong><\/span><\/p><div class=\"wp-block-columns is-not-stacked-on-mobile is-layout-flex wp-container-core-columns-is-layout-5 wp-block-columns-is-layout-flex\" style=\"font-size:5px\"><div class=\"wp-block-column is-layout-flow wp-block-column-is-layout-flow\" style=\"flex-basis:50%\"><div  class=\"jet-form-builder-row field-type-text-field\" >\n<div class=\"jet-form-builder__label\">\r\n<div class=\"jet-form-builder__label-text\">Correo electr\u00f3nico <span class=\"jet-form-builder__required\">*<\/span><\/div><\/div><div class=\"jet-form-builder__field-wrap\">\n\t\t\t\t<input placeholder=\"Correo electr\u00f3nico *\" required=\"required\" name=\"email\" id=\"email\" type=\"email\" data-field-name=\"email\" class=\"jet-form-builder__field text-field\" data-jfb-sync=\"null\">\n\t\t\t\t\t<\/div>\n<\/div><\/div>\n\n<div class=\"wp-block-column is-layout-flow wp-block-column-is-layout-flow\"><div  class=\"jet-form-builder-row field-type-text-field\" >\n<div class=\"jet-form-builder__label\">\r\n<div class=\"jet-form-builder__label-text\">Contrase\u00f1a <span class=\"jet-form-builder__required\">*<\/span><\/div><\/div><div class=\"jet-form-builder__field-wrap\">\n\t\t\t\t<input placeholder=\"Contrase\u00f1a *\" required=\"required\" name=\"wachtwoord\" id=\"wachtwoord\" type=\"password\" data-field-name=\"wachtwoord\" class=\"jet-form-builder__field text-field\" data-jfb-sync=\"null\">\n\t\t\t\t\t<\/div>\n<\/div><\/div><\/div><div  class=\"jet-form-builder-row field-type-submit-field\" >\n\t<div data-type=\"submit\" class=\"jet-form-builder__action-button-wrapper jet-form-builder__submit-wrap\">\n\t<button class=\"jet-form-builder__action-button jet-form-builder__submit submit-type-reload\" type=\"submit\">Creaci\u00f3n de<\/button>\n\t<\/div>\n\t\n<\/div>\t<div class=\"jet-form-builder-messages-wrap\" data-form-id=\"261\"><\/div>\n<input type=\"hidden\" name=\"trp-form-language\" value=\"es\"\/><\/form>\n\t\t\t\t<\/div>\n\t\t\t\t<\/div>\n\t\t\t\t<\/div>\n\t\t\t\t\t<\/div>\n\t\t\t\t<\/div>\n\t\t<div data-particle_enable=\"false\" data-particle-mobile-disabled=\"false\" class=\"elementor-element elementor-element-2e5a4b5 e-flex e-con-boxed e-con e-parent\" data-id=\"2e5a4b5\" data-element_type=\"container\" data-settings=\"{&quot;jet_parallax_layout_list&quot;:[]}\">\n\t\t\t\t\t<div class=\"e-con-inner\">\n\t\t\t\t\t<\/div>\n\t\t\t\t<\/div>\n\t\t\t\t<\/div>","protected":false},"excerpt":{"rendered":"<p>Ya soy cliente Crear cuenta Nombre * Apellidos * Nombre de la empresa C\u00f3digo postal * Nombre de la calle * N\u00famero de casa Adici\u00f3n Pa\u00eds * N\u00famero de tel\u00e9fono * Utilizado para iniciar sesi\u00f3n. Correo electr\u00f3nico * Contrase\u00f1a * Crear<\/p>","protected":false},"author":3,"featured_media":0,"parent":0,"menu_order":0,"comment_status":"closed","ping_status":"closed","template":"","meta":{"footnotes":""},"class_list":["post-258","page","type-page","status-publish","hentry"],"yoast_head":"<!-- This site is optimized with the Yoast SEO plugin v26.1 - https:\/\/yoast.com\/wordpress\/plugins\/seo\/ -->\n<title>Inloggen - Alternatievemiddelen.nl<\/title>\n<meta name=\"robots\" content=\"noindex, follow\" \/>\n<meta property=\"og:locale\" content=\"es_ES\" \/>\n<meta property=\"og:type\" content=\"article\" \/>\n<meta property=\"og:title\" content=\"Inloggen - Alternatievemiddelen.nl\" \/>\n<meta property=\"og:description\" content=\"Ik ben al klant Account maken Voornaam * Achternaam * Bedrijfsnaam Postcode * Straatnaam * Huisnummer Toevoeging Land * Telefoonnummer * Wordt gebruikt om in te loggen. Email * Wachtwoord * Aanmaken\" \/>\n<meta property=\"og:url\" content=\"https:\/\/www.alternatievemiddelen.nl\/es\/inicio-de-sesion\/\" \/>\n<meta property=\"og:site_name\" content=\"Alternatievemiddelen.nl\" \/>\n<meta property=\"article:publisher\" content=\"https:\/\/www.facebook.com\/alternatievemiddelen\" \/>\n<meta property=\"article:modified_time\" content=\"2024-05-13T06:37:28+00:00\" \/>\n<meta property=\"og:image\" content=\"https:\/\/www.alternatievemiddelen.nl\/wp-content\/uploads\/2023\/10\/alternatievemiddelen-PNG-logo.png\" \/>\n\t<meta property=\"og:image:width\" content=\"6400\" \/>\n\t<meta property=\"og:image:height\" content=\"3062\" \/>\n\t<meta property=\"og:image:type\" content=\"image\/png\" \/>\n<meta name=\"twitter:card\" content=\"summary_large_image\" \/>\n<meta name=\"twitter:label1\" content=\"Tiempo de lectura\" \/>\n\t<meta name=\"twitter:data1\" content=\"1 minuto\" \/>\n<script type=\"application\/ld+json\" class=\"yoast-schema-graph\">{\"@context\":\"https:\/\/schema.org\",\"@graph\":[{\"@type\":\"WebPage\",\"@id\":\"https:\/\/www.alternatievemiddelen.nl\/inloggen\/\",\"url\":\"https:\/\/www.alternatievemiddelen.nl\/inloggen\/\",\"name\":\"Inloggen - Alternatievemiddelen.nl\",\"isPartOf\":{\"@id\":\"https:\/\/www.alternatievemiddelen.nl\/#website\"},\"datePublished\":\"2023-11-21T09:51:11+00:00\",\"dateModified\":\"2024-05-13T06:37:28+00:00\",\"breadcrumb\":{\"@id\":\"https:\/\/www.alternatievemiddelen.nl\/inloggen\/#breadcrumb\"},\"inLanguage\":\"es\",\"potentialAction\":[{\"@type\":\"ReadAction\",\"target\":[\"https:\/\/www.alternatievemiddelen.nl\/inloggen\/\"]}]},{\"@type\":\"BreadcrumbList\",\"@id\":\"https:\/\/www.alternatievemiddelen.nl\/inloggen\/#breadcrumb\",\"itemListElement\":[{\"@type\":\"ListItem\",\"position\":1,\"name\":\"Home\",\"item\":\"https:\/\/www.alternatievemiddelen.nl\/\"},{\"@type\":\"ListItem\",\"position\":2,\"name\":\"Inloggen\"}]},{\"@type\":\"WebSite\",\"@id\":\"https:\/\/www.alternatievemiddelen.nl\/#website\",\"url\":\"https:\/\/www.alternatievemiddelen.nl\/\",\"name\":\"Alternatievemiddelen.nl\",\"description\":\"Webshop met gezonde, duurzame en ecologische alternatieve mogelijkheden in de hedendaagse levenstijl. Alles uit eigen ervaring.\",\"publisher\":{\"@id\":\"https:\/\/www.alternatievemiddelen.nl\/#organization\"},\"alternateName\":\"Alternatieve Middelen\",\"potentialAction\":[{\"@type\":\"SearchAction\",\"target\":{\"@type\":\"EntryPoint\",\"urlTemplate\":\"https:\/\/www.alternatievemiddelen.nl\/?s={search_term_string}\"},\"query-input\":{\"@type\":\"PropertyValueSpecification\",\"valueRequired\":true,\"valueName\":\"search_term_string\"}}],\"inLanguage\":\"es\"},{\"@type\":\"Organization\",\"@id\":\"https:\/\/www.alternatievemiddelen.nl\/#organization\",\"name\":\"Alternatievemiddelen.nl\",\"alternateName\":\"Alternatieve Middelen\",\"url\":\"https:\/\/www.alternatievemiddelen.nl\/\",\"logo\":{\"@type\":\"ImageObject\",\"inLanguage\":\"es\",\"@id\":\"https:\/\/www.alternatievemiddelen.nl\/#\/schema\/logo\/image\/\",\"url\":\"https:\/\/www.alternatievemiddelen.nl\/wp-content\/uploads\/2023\/10\/alternatievemiddelen-PNG-logo.png\",\"contentUrl\":\"https:\/\/www.alternatievemiddelen.nl\/wp-content\/uploads\/2023\/10\/alternatievemiddelen-PNG-logo.png\",\"width\":6400,\"height\":3062,\"caption\":\"Alternatievemiddelen.nl\"},\"image\":{\"@id\":\"https:\/\/www.alternatievemiddelen.nl\/#\/schema\/logo\/image\/\"},\"sameAs\":[\"https:\/\/www.facebook.com\/alternatievemiddelen\",\"https:\/\/www.instagram.com\/alternatievemiddelen.nl\/\"]}]}<\/script>\n<!-- \/ Yoast SEO plugin. -->","yoast_head_json":{"title":"Inloggen - Alternatievemiddelen.nl","robots":{"index":"noindex","follow":"follow"},"og_locale":"es_ES","og_type":"article","og_title":"Inloggen - Alternatievemiddelen.nl","og_description":"Ik ben al klant Account maken Voornaam * Achternaam * Bedrijfsnaam Postcode * Straatnaam * Huisnummer Toevoeging Land * Telefoonnummer * Wordt gebruikt om in te loggen. Email * Wachtwoord * Aanmaken","og_url":"https:\/\/www.alternatievemiddelen.nl\/es\/inicio-de-sesion\/","og_site_name":"Alternatievemiddelen.nl","article_publisher":"https:\/\/www.facebook.com\/alternatievemiddelen","article_modified_time":"2024-05-13T06:37:28+00:00","og_image":[{"width":6400,"height":3062,"url":"https:\/\/www.alternatievemiddelen.nl\/wp-content\/uploads\/2023\/10\/alternatievemiddelen-PNG-logo.png","type":"image\/png"}],"twitter_card":"summary_large_image","twitter_misc":{"Tiempo de lectura":"1 minuto"},"schema":{"@context":"https:\/\/schema.org","@graph":[{"@type":"WebPage","@id":"https:\/\/www.alternatievemiddelen.nl\/inloggen\/","url":"https:\/\/www.alternatievemiddelen.nl\/inloggen\/","name":"Inloggen - Alternatievemiddelen.nl","isPartOf":{"@id":"https:\/\/www.alternatievemiddelen.nl\/#website"},"datePublished":"2023-11-21T09:51:11+00:00","dateModified":"2024-05-13T06:37:28+00:00","breadcrumb":{"@id":"https:\/\/www.alternatievemiddelen.nl\/inloggen\/#breadcrumb"},"inLanguage":"es","potentialAction":[{"@type":"ReadAction","target":["https:\/\/www.alternatievemiddelen.nl\/inloggen\/"]}]},{"@type":"BreadcrumbList","@id":"https:\/\/www.alternatievemiddelen.nl\/inloggen\/#breadcrumb","itemListElement":[{"@type":"ListItem","position":1,"name":"Home","item":"https:\/\/www.alternatievemiddelen.nl\/"},{"@type":"ListItem","position":2,"name":"Inloggen"}]},{"@type":"WebSite","@id":"https:\/\/www.alternatievemiddelen.nl\/#website","url":"https:\/\/www.alternatievemiddelen.nl\/","name":"Alternatievemiddelen.nl","description":"Webshop met gezonde, duurzame en ecologische alternatieve mogelijkheden in de hedendaagse levenstijl. Alles uit eigen ervaring.","publisher":{"@id":"https:\/\/www.alternatievemiddelen.nl\/#organization"},"alternateName":"Alternatieve Middelen","potentialAction":[{"@type":"SearchAction","target":{"@type":"EntryPoint","urlTemplate":"https:\/\/www.alternatievemiddelen.nl\/?s={search_term_string}"},"query-input":{"@type":"PropertyValueSpecification","valueRequired":true,"valueName":"search_term_string"}}],"inLanguage":"es"},{"@type":"Organization","@id":"https:\/\/www.alternatievemiddelen.nl\/#organization","name":"Alternatievemiddelen.nl","alternateName":"Alternatieve Middelen","url":"https:\/\/www.alternatievemiddelen.nl\/","logo":{"@type":"ImageObject","inLanguage":"es","@id":"https:\/\/www.alternatievemiddelen.nl\/#\/schema\/logo\/image\/","url":"https:\/\/www.alternatievemiddelen.nl\/wp-content\/uploads\/2023\/10\/alternatievemiddelen-PNG-logo.png","contentUrl":"https:\/\/www.alternatievemiddelen.nl\/wp-content\/uploads\/2023\/10\/alternatievemiddelen-PNG-logo.png","width":6400,"height":3062,"caption":"Alternatievemiddelen.nl"},"image":{"@id":"https:\/\/www.alternatievemiddelen.nl\/#\/schema\/logo\/image\/"},"sameAs":["https:\/\/www.facebook.com\/alternatievemiddelen","https:\/\/www.instagram.com\/alternatievemiddelen.nl\/"]}]}},"_links":{"self":[{"href":"https:\/\/www.alternatievemiddelen.nl\/es\/wp-json\/wp\/v2\/pages\/258","targetHints":{"allow":["GET"]}}],"collection":[{"href":"https:\/\/www.alternatievemiddelen.nl\/es\/wp-json\/wp\/v2\/pages"}],"about":[{"href":"https:\/\/www.alternatievemiddelen.nl\/es\/wp-json\/wp\/v2\/types\/page"}],"author":[{"embeddable":true,"href":"https:\/\/www.alternatievemiddelen.nl\/es\/wp-json\/wp\/v2\/users\/3"}],"replies":[{"embeddable":true,"href":"https:\/\/www.alternatievemiddelen.nl\/es\/wp-json\/wp\/v2\/comments?post=258"}],"version-history":[{"count":53,"href":"https:\/\/www.alternatievemiddelen.nl\/es\/wp-json\/wp\/v2\/pages\/258\/revisions"}],"predecessor-version":[{"id":35712,"href":"https:\/\/www.alternatievemiddelen.nl\/es\/wp-json\/wp\/v2\/pages\/258\/revisions\/35712"}],"wp:attachment":[{"href":"https:\/\/www.alternatievemiddelen.nl\/es\/wp-json\/wp\/v2\/media?parent=258"}],"curies":[{"name":"wp","href":"https:\/\/api.w.org\/{rel}","templated":true}]}}