{"id":49360,"date":"2025-09-26T15:30:11","date_gmt":"2025-09-26T13:30:11","guid":{"rendered":"https:\/\/www.alternatievemiddelen.nl\/?page_id=49360"},"modified":"2025-09-26T15:33:18","modified_gmt":"2025-09-26T13:33:18","slug":"fusilli-met-venkel-en-kip","status":"publish","type":"page","link":"https:\/\/www.alternatievemiddelen.nl\/es\/fusilli-con-hinojo-y-pollo\/","title":{"rendered":"Fusilli con hinojo y pollo"},"content":{"rendered":"<div data-elementor-type=\"wp-page\" data-elementor-id=\"49360\" class=\"elementor elementor-49360\" data-elementor-post-type=\"page\">\n\t\t\t\t<div data-particle_enable=\"false\" data-particle-mobile-disabled=\"false\" class=\"elementor-element elementor-element-496cced e-flex e-con-boxed e-con e-parent\" data-id=\"496cced\" data-element_type=\"container\" data-settings=\"{&quot;jet_parallax_layout_list&quot;:[]}\">\n\t\t\t\t\t<div class=\"e-con-inner\">\n\t\t\t\t<div class=\"elementor-element elementor-element-c8c9dac elementor-widget elementor-widget-heading\" data-id=\"c8c9dac\" data-element_type=\"widget\" data-widget_type=\"heading.default\">\n\t\t\t\t<div class=\"elementor-widget-container\">\n\t\t\t\t\t<h1 class=\"elementor-heading-title elementor-size-default\">Fusilli con hinojo y pollo<\/h1>\t\t\t\t<\/div>\n\t\t\t\t<\/div>\n\t\t\t\t\t<\/div>\n\t\t\t\t<\/div>\n\t\t<div data-particle_enable=\"false\" data-particle-mobile-disabled=\"false\" class=\"elementor-element elementor-element-d1c04dc e-flex e-con-boxed e-con e-parent\" data-id=\"d1c04dc\" data-element_type=\"container\" data-settings=\"{&quot;jet_parallax_layout_list&quot;:[]}\">\n\t\t\t\t\t<div class=\"e-con-inner\">\n\t\t<div data-particle_enable=\"false\" data-particle-mobile-disabled=\"false\" class=\"elementor-element elementor-element-08626d0 e-con-full e-flex e-con e-child\" data-id=\"08626d0\" data-element_type=\"container\" data-settings=\"{&quot;jet_parallax_layout_list&quot;:[]}\">\n\t\t\t\t<div class=\"elementor-element elementor-element-184582f elementor-widget elementor-widget-text-editor\" data-id=\"184582f\" data-element_type=\"widget\" data-widget_type=\"text-editor.default\">\n\t\t\t\t<div class=\"elementor-widget-container\">\n\t\t\t\t\t\t\t\t\t<p>Este plato de pasta f\u00e1cil y r\u00e1pido con hinojo es un aut\u00e9ntico \u00e9xito. Tanto nuestra pasta como el hinojo son ricos en fibra prebi\u00f3tica. \"\u00a1A por el intestino bueno! \ud83d\ude4c\"<\/p><h3><strong>Receta:<\/strong><\/h3><p>Para 4 personas<\/p><ul><li>600 g de pollo picado<\/li><li>2 tub\u00e9rculos grandes de hinojo<\/li><li>1 chalota o cebolla<\/li><li>1 diente de ajo<\/li><li>1 hoja de laurel<\/li><li>1 cucharadita de tomillo seco o 1 ramita de tomillo fresco<\/li><li>300 ml de leche de almendras<\/li><li>1 cucharada de harina primal<\/li><li>250 g <a href=\"https:\/\/www.alternatievemiddelen.nl\/es\/productos\/tr-eat-pasta-fusilli-250gr\/\">Fusilli saludables<\/a><\/li><li>opcional: ralladura de lim\u00f3n<\/li><\/ul><p>\u00a0<\/p><p>Lavar bien los tub\u00e9rculos de hinojo bajo un chorro de agua fr\u00eda. Cortar los tub\u00e9rculos de hinojo en dados peque\u00f1os o en rodajas finas. Reservar algunos mechones del follaje de hinojo para adornar.<\/p><p>Picar la chalota y machacar el ajo.<\/p><p>Mientras tanto, poner a hervir agua con sal. Cocer los fusilli o penne al dente (5 minutos) y enjuagar bajo el grifo de agua fr\u00eda.<\/p><p>Disolver 1 cucharada de harina de onagra en 300 ml de leche de almendras y reservar.<\/p><p>Dorar la carne picada, removiendo con frecuencia. Retirar la carne picada de la sart\u00e9n. En la misma sart\u00e9n, saltear el hinojo junto con el ajo machacado y la chalota picada finamente. Remover todo bien. A\u00f1adir el tomillo y el laurel. Y sofr\u00ede el hinojo a fuego fuerte durante unos minutos. A continuaci\u00f3n, bajar el fuego, a\u00f1adir la carne picada y desglasar con la leche de almendras. A\u00f1adir la pasta a la salsa. Remover bien. Si es necesario, seguir cociendo a fuego lento hasta que la leche de almendras haya ligado un poco.<\/p><p>Sazonar bien con sal y pimienta.<\/p><p>Servir con unos mechones de hojas de hinojo y ralladura de lim\u00f3n.<\/p><p><strong>\u00a1Qu\u00e9 rico!<\/strong><\/p><p>Consejo: si no tienes leche de almendras en casa, sustit\u00fayela por caldo de verduras o agua tibia.<\/p>\t\t\t\t\t\t\t\t<\/div>\n\t\t\t\t<\/div>\n\t\t\t\t<\/div>\n\t\t<div data-particle_enable=\"false\" data-particle-mobile-disabled=\"false\" class=\"elementor-element elementor-element-724879c e-con-full e-flex e-con e-child\" data-id=\"724879c\" data-element_type=\"container\" data-settings=\"{&quot;jet_parallax_layout_list&quot;:[]}\">\n\t\t\t\t<div class=\"elementor-element elementor-element-a319f31 elementor-widget elementor-widget-image\" data-id=\"a319f31\" data-element_type=\"widget\" data-widget_type=\"image.default\">\n\t\t\t\t<div class=\"elementor-widget-container\">\n\t\t\t\t\t\t\t\t\t\t\t\t\t\t\t<img fetchpriority=\"high\" decoding=\"async\" width=\"600\" height=\"800\" src=\"https:\/\/www.alternatievemiddelen.nl\/wp-content\/uploads\/2025\/09\/Fusilli-met-venkel-en-kip.jpg\" class=\"attachment-full size-full wp-image-49361\" alt=\"Fusilli con hinojo y pollo\" srcset=\"https:\/\/www.alternatievemiddelen.nl\/wp-content\/uploads\/2025\/09\/Fusilli-met-venkel-en-kip.jpg 600w, https:\/\/www.alternatievemiddelen.nl\/wp-content\/uploads\/2025\/09\/Fusilli-met-venkel-en-kip-225x300.jpg 225w, https:\/\/www.alternatievemiddelen.nl\/wp-content\/uploads\/2025\/09\/Fusilli-met-venkel-en-kip-9x12.jpg 9w\" sizes=\"(max-width: 600px) 100vw, 600px\" \/>\t\t\t\t\t\t\t\t\t\t\t\t\t\t\t<\/div>\n\t\t\t\t<\/div>\n\t\t\t\t<\/div>\n\t\t\t\t\t<\/div>\n\t\t\t\t<\/div>\n\t\t\t\t<\/div>","protected":false},"excerpt":{"rendered":"<p>Fusilli con hinojo y pollo Este plato de pasta f\u00e1cil y r\u00e1pido con hinojo es todo un \u00e9xito. Tanto nuestra pasta como el hinojo son ricos en fibra prebi\u00f3tica. \"\u00a1A por el intestino bueno! \ud83d\ude4c\" Receta: Para 4 personas 600 g de pollo picado 2 tub\u00e9rculos grandes de hinojo 1 chalota o cebolla 1 diente de ajo 1 hoja de laurel 1 cucharadita de [...]<\/p>","protected":false},"author":940,"featured_media":49361,"parent":0,"menu_order":0,"comment_status":"closed","ping_status":"closed","template":"","meta":{"footnotes":""},"class_list":["post-49360","page","type-page","status-publish","has-post-thumbnail","hentry"],"yoast_head":"<!-- This site is optimized with the Yoast SEO plugin v26.1 - https:\/\/yoast.com\/wordpress\/plugins\/seo\/ -->\n<title>Fusilli met venkel en kip - Alternatievemiddelen.nl<\/title>\n<meta name=\"description\" content=\"Fusilli met venkel en kip - Dit eenvoudige pastagerecht is een echte topper! Zowel de pasta als venkel zijn rijk aan prebiotische vezels.\" \/>\n<meta name=\"robots\" content=\"index, follow, max-snippet:-1, max-image-preview:large, max-video-preview:-1\" \/>\n<link rel=\"canonical\" href=\"https:\/\/www.alternatievemiddelen.nl\/es\/wp-json\/wp\/v2\/pages\/49360\" \/>\n<meta property=\"og:locale\" content=\"es_ES\" \/>\n<meta property=\"og:type\" content=\"article\" \/>\n<meta property=\"og:title\" content=\"Fusilli met venkel en kip - Alternatievemiddelen.nl\" \/>\n<meta property=\"og:description\" content=\"Fusilli met venkel en kip - Dit eenvoudige pastagerecht is een echte topper! Zowel de pasta als venkel zijn rijk aan prebiotische vezels.\" \/>\n<meta property=\"og:url\" content=\"https:\/\/www.alternatievemiddelen.nl\/es\/fusilli-con-hinojo-y-pollo\/\" \/>\n<meta property=\"og:site_name\" content=\"Alternatievemiddelen.nl\" \/>\n<meta property=\"article:modified_time\" content=\"2025-09-26T13:33:18+00:00\" \/>\n<meta property=\"og:image\" content=\"\/wp-content\/uploads\/2025\/09\/Fusilli-met-venkel-en-kip.jpg\" \/>\n\t<meta property=\"og:image:width\" content=\"600\" \/>\n\t<meta property=\"og:image:height\" content=\"800\" \/>\n\t<meta property=\"og:image:type\" content=\"image\/jpeg\" \/>\n<meta name=\"twitter:card\" content=\"summary_large_image\" \/>\n<meta name=\"twitter:label1\" content=\"Tiempo de lectura\" \/>\n\t<meta name=\"twitter:data1\" content=\"2 minutos\" \/>\n<script type=\"application\/ld+json\" class=\"yoast-schema-graph\">{\"@context\":\"https:\/\/schema.org\",\"@graph\":[{\"@type\":\"WebPage\",\"@id\":\"https:\/\/www.alternatievemiddelen.nl\/fusilli-met-venkel-en-kip\/\",\"url\":\"https:\/\/www.alternatievemiddelen.nl\/fusilli-met-venkel-en-kip\/\",\"name\":\"Fusilli met venkel en kip - Alternatievemiddelen.nl\",\"isPartOf\":{\"@id\":\"https:\/\/www.alternatievemiddelen.nl\/#website\"},\"primaryImageOfPage\":{\"@id\":\"https:\/\/www.alternatievemiddelen.nl\/fusilli-met-venkel-en-kip\/#primaryimage\"},\"image\":{\"@id\":\"https:\/\/www.alternatievemiddelen.nl\/fusilli-met-venkel-en-kip\/#primaryimage\"},\"thumbnailUrl\":\"https:\/\/www.alternatievemiddelen.nl\/wp-content\/uploads\/2025\/09\/Fusilli-met-venkel-en-kip.jpg\",\"datePublished\":\"2025-09-26T13:30:11+00:00\",\"dateModified\":\"2025-09-26T13:33:18+00:00\",\"description\":\"Fusilli met venkel en kip - Dit eenvoudige pastagerecht is een echte topper! Zowel de pasta als venkel zijn rijk aan prebiotische vezels.\",\"breadcrumb\":{\"@id\":\"https:\/\/www.alternatievemiddelen.nl\/fusilli-met-venkel-en-kip\/#breadcrumb\"},\"inLanguage\":\"es\",\"potentialAction\":[{\"@type\":\"ReadAction\",\"target\":[\"https:\/\/www.alternatievemiddelen.nl\/fusilli-met-venkel-en-kip\/\"]}]},{\"@type\":\"ImageObject\",\"inLanguage\":\"es\",\"@id\":\"https:\/\/www.alternatievemiddelen.nl\/fusilli-met-venkel-en-kip\/#primaryimage\",\"url\":\"https:\/\/www.alternatievemiddelen.nl\/wp-content\/uploads\/2025\/09\/Fusilli-met-venkel-en-kip.jpg\",\"contentUrl\":\"https:\/\/www.alternatievemiddelen.nl\/wp-content\/uploads\/2025\/09\/Fusilli-met-venkel-en-kip.jpg\",\"width\":600,\"height\":800,\"caption\":\"Fusilli met venkel en kip\"},{\"@type\":\"BreadcrumbList\",\"@id\":\"https:\/\/www.alternatievemiddelen.nl\/fusilli-met-venkel-en-kip\/#breadcrumb\",\"itemListElement\":[{\"@type\":\"ListItem\",\"position\":1,\"name\":\"Home\",\"item\":\"https:\/\/www.alternatievemiddelen.nl\/\"},{\"@type\":\"ListItem\",\"position\":2,\"name\":\"Fusilli met venkel en kip\"}]},{\"@type\":\"WebSite\",\"@id\":\"https:\/\/www.alternatievemiddelen.nl\/#website\",\"url\":\"https:\/\/www.alternatievemiddelen.nl\/\",\"name\":\"Alternatievemiddelen.nl\",\"description\":\"Webshop met gezonde, duurzame en ecologische alternatieve mogelijkheden in de hedendaagse levenstijl. Alles uit eigen ervaring.\",\"publisher\":{\"@id\":\"https:\/\/www.alternatievemiddelen.nl\/#organization\"},\"potentialAction\":[{\"@type\":\"SearchAction\",\"target\":{\"@type\":\"EntryPoint\",\"urlTemplate\":\"https:\/\/www.alternatievemiddelen.nl\/?s={search_term_string}\"},\"query-input\":{\"@type\":\"PropertyValueSpecification\",\"valueRequired\":true,\"valueName\":\"search_term_string\"}}],\"inLanguage\":\"es\"},{\"@type\":\"Organization\",\"@id\":\"https:\/\/www.alternatievemiddelen.nl\/#organization\",\"name\":\"Alternatievemiddelen.nl\",\"url\":\"https:\/\/www.alternatievemiddelen.nl\/\",\"logo\":{\"@type\":\"ImageObject\",\"inLanguage\":\"es\",\"@id\":\"https:\/\/www.alternatievemiddelen.nl\/#\/schema\/logo\/image\/\",\"url\":\"https:\/\/www.alternatievemiddelen.nl\/wp-content\/uploads\/2023\/10\/alternatievemiddelen-PNG-logo.png\",\"contentUrl\":\"https:\/\/www.alternatievemiddelen.nl\/wp-content\/uploads\/2023\/10\/alternatievemiddelen-PNG-logo.png\",\"width\":6400,\"height\":3062,\"caption\":\"Alternatievemiddelen.nl\"},\"image\":{\"@id\":\"https:\/\/www.alternatievemiddelen.nl\/#\/schema\/logo\/image\/\"}}]}<\/script>\n<!-- \/ Yoast SEO plugin. -->","yoast_head_json":{"title":"Fusilli met venkel en kip - Alternatievemiddelen.nl","description":"Fusilli met venkel en kip - Dit eenvoudige pastagerecht is een echte topper! Zowel de pasta als venkel zijn rijk aan prebiotische vezels.","robots":{"index":"index","follow":"follow","max-snippet":"max-snippet:-1","max-image-preview":"max-image-preview:large","max-video-preview":"max-video-preview:-1"},"canonical":"https:\/\/www.alternatievemiddelen.nl\/es\/wp-json\/wp\/v2\/pages\/49360","og_locale":"es_ES","og_type":"article","og_title":"Fusilli met venkel en kip - Alternatievemiddelen.nl","og_description":"Fusilli met venkel en kip - Dit eenvoudige pastagerecht is een echte topper! Zowel de pasta als venkel zijn rijk aan prebiotische vezels.","og_url":"https:\/\/www.alternatievemiddelen.nl\/es\/fusilli-con-hinojo-y-pollo\/","og_site_name":"Alternatievemiddelen.nl","article_modified_time":"2025-09-26T13:33:18+00:00","og_image":[{"width":600,"height":800,"url":"\/wp-content\/uploads\/2025\/09\/Fusilli-met-venkel-en-kip.jpg","type":"image\/jpeg"}],"twitter_card":"summary_large_image","twitter_misc":{"Tiempo de lectura":"2 minutos"},"schema":{"@context":"https:\/\/schema.org","@graph":[{"@type":"WebPage","@id":"https:\/\/www.alternatievemiddelen.nl\/fusilli-met-venkel-en-kip\/","url":"https:\/\/www.alternatievemiddelen.nl\/fusilli-met-venkel-en-kip\/","name":"Fusilli met venkel en kip - Alternatievemiddelen.nl","isPartOf":{"@id":"https:\/\/www.alternatievemiddelen.nl\/#website"},"primaryImageOfPage":{"@id":"https:\/\/www.alternatievemiddelen.nl\/fusilli-met-venkel-en-kip\/#primaryimage"},"image":{"@id":"https:\/\/www.alternatievemiddelen.nl\/fusilli-met-venkel-en-kip\/#primaryimage"},"thumbnailUrl":"https:\/\/www.alternatievemiddelen.nl\/wp-content\/uploads\/2025\/09\/Fusilli-met-venkel-en-kip.jpg","datePublished":"2025-09-26T13:30:11+00:00","dateModified":"2025-09-26T13:33:18+00:00","description":"Fusilli met venkel en kip - Dit eenvoudige pastagerecht is een echte topper! Zowel de pasta als venkel zijn rijk aan prebiotische vezels.","breadcrumb":{"@id":"https:\/\/www.alternatievemiddelen.nl\/fusilli-met-venkel-en-kip\/#breadcrumb"},"inLanguage":"es","potentialAction":[{"@type":"ReadAction","target":["https:\/\/www.alternatievemiddelen.nl\/fusilli-met-venkel-en-kip\/"]}]},{"@type":"ImageObject","inLanguage":"es","@id":"https:\/\/www.alternatievemiddelen.nl\/fusilli-met-venkel-en-kip\/#primaryimage","url":"https:\/\/www.alternatievemiddelen.nl\/wp-content\/uploads\/2025\/09\/Fusilli-met-venkel-en-kip.jpg","contentUrl":"https:\/\/www.alternatievemiddelen.nl\/wp-content\/uploads\/2025\/09\/Fusilli-met-venkel-en-kip.jpg","width":600,"height":800,"caption":"Fusilli met venkel en kip"},{"@type":"BreadcrumbList","@id":"https:\/\/www.alternatievemiddelen.nl\/fusilli-met-venkel-en-kip\/#breadcrumb","itemListElement":[{"@type":"ListItem","position":1,"name":"Home","item":"https:\/\/www.alternatievemiddelen.nl\/"},{"@type":"ListItem","position":2,"name":"Fusilli met venkel en kip"}]},{"@type":"WebSite","@id":"https:\/\/www.alternatievemiddelen.nl\/#website","url":"https:\/\/www.alternatievemiddelen.nl\/","name":"Alternatievemiddelen.nl","description":"Webshop met gezonde, duurzame en ecologische alternatieve mogelijkheden in de hedendaagse levenstijl. Alles uit eigen ervaring.","publisher":{"@id":"https:\/\/www.alternatievemiddelen.nl\/#organization"},"potentialAction":[{"@type":"SearchAction","target":{"@type":"EntryPoint","urlTemplate":"https:\/\/www.alternatievemiddelen.nl\/?s={search_term_string}"},"query-input":{"@type":"PropertyValueSpecification","valueRequired":true,"valueName":"search_term_string"}}],"inLanguage":"es"},{"@type":"Organization","@id":"https:\/\/www.alternatievemiddelen.nl\/#organization","name":"Alternatievemiddelen.nl","url":"https:\/\/www.alternatievemiddelen.nl\/","logo":{"@type":"ImageObject","inLanguage":"es","@id":"https:\/\/www.alternatievemiddelen.nl\/#\/schema\/logo\/image\/","url":"https:\/\/www.alternatievemiddelen.nl\/wp-content\/uploads\/2023\/10\/alternatievemiddelen-PNG-logo.png","contentUrl":"https:\/\/www.alternatievemiddelen.nl\/wp-content\/uploads\/2023\/10\/alternatievemiddelen-PNG-logo.png","width":6400,"height":3062,"caption":"Alternatievemiddelen.nl"},"image":{"@id":"https:\/\/www.alternatievemiddelen.nl\/#\/schema\/logo\/image\/"}}]}},"_links":{"self":[{"href":"https:\/\/www.alternatievemiddelen.nl\/es\/wp-json\/wp\/v2\/pages\/49360","targetHints":{"allow":["GET"]}}],"collection":[{"href":"https:\/\/www.alternatievemiddelen.nl\/es\/wp-json\/wp\/v2\/pages"}],"about":[{"href":"https:\/\/www.alternatievemiddelen.nl\/es\/wp-json\/wp\/v2\/types\/page"}],"author":[{"embeddable":true,"href":"https:\/\/www.alternatievemiddelen.nl\/es\/wp-json\/wp\/v2\/users\/940"}],"replies":[{"embeddable":true,"href":"https:\/\/www.alternatievemiddelen.nl\/es\/wp-json\/wp\/v2\/comments?post=49360"}],"version-history":[{"count":4,"href":"https:\/\/www.alternatievemiddelen.nl\/es\/wp-json\/wp\/v2\/pages\/49360\/revisions"}],"predecessor-version":[{"id":49365,"href":"https:\/\/www.alternatievemiddelen.nl\/es\/wp-json\/wp\/v2\/pages\/49360\/revisions\/49365"}],"wp:featuredmedia":[{"embeddable":true,"href":"https:\/\/www.alternatievemiddelen.nl\/es\/wp-json\/wp\/v2\/media\/49361"}],"wp:attachment":[{"href":"https:\/\/www.alternatievemiddelen.nl\/es\/wp-json\/wp\/v2\/media?parent=49360"}],"curies":[{"name":"wp","href":"https:\/\/api.w.org\/{rel}","templated":true}]}}