{"id":49378,"date":"2025-09-26T16:02:39","date_gmt":"2025-09-26T14:02:39","guid":{"rendered":"https:\/\/www.alternatievemiddelen.nl\/?page_id=49378"},"modified":"2025-09-26T16:05:48","modified_gmt":"2025-09-26T14:05:48","slug":"fusilli-met-champignons-en-knolselderij","status":"publish","type":"page","link":"https:\/\/www.alternatievemiddelen.nl\/es\/fusilli-con-setas-y-apionabo\/","title":{"rendered":"Fusilli con setas y apionabo"},"content":{"rendered":"<div data-elementor-type=\"wp-page\" data-elementor-id=\"49378\" class=\"elementor elementor-49378\" data-elementor-post-type=\"page\">\n\t\t\t\t<div data-particle_enable=\"false\" data-particle-mobile-disabled=\"false\" class=\"elementor-element elementor-element-496cced e-flex e-con-boxed e-con e-parent\" data-id=\"496cced\" data-element_type=\"container\" data-settings=\"{&quot;jet_parallax_layout_list&quot;:[]}\">\n\t\t\t\t\t<div class=\"e-con-inner\">\n\t\t\t\t<div class=\"elementor-element elementor-element-c8c9dac elementor-widget elementor-widget-heading\" data-id=\"c8c9dac\" data-element_type=\"widget\" data-widget_type=\"heading.default\">\n\t\t\t\t<div class=\"elementor-widget-container\">\n\t\t\t\t\t<h1 class=\"elementor-heading-title elementor-size-default\">Fusilli con setas y apionabo<\/h1>\t\t\t\t<\/div>\n\t\t\t\t<\/div>\n\t\t\t\t\t<\/div>\n\t\t\t\t<\/div>\n\t\t<div data-particle_enable=\"false\" data-particle-mobile-disabled=\"false\" class=\"elementor-element elementor-element-d1c04dc e-flex e-con-boxed e-con e-parent\" data-id=\"d1c04dc\" data-element_type=\"container\" data-settings=\"{&quot;jet_parallax_layout_list&quot;:[]}\">\n\t\t\t\t\t<div class=\"e-con-inner\">\n\t\t<div data-particle_enable=\"false\" data-particle-mobile-disabled=\"false\" class=\"elementor-element elementor-element-08626d0 e-con-full e-flex e-con e-child\" data-id=\"08626d0\" data-element_type=\"container\" data-settings=\"{&quot;jet_parallax_layout_list&quot;:[]}\">\n\t\t\t\t<div class=\"elementor-element elementor-element-184582f elementor-widget elementor-widget-text-editor\" data-id=\"184582f\" data-element_type=\"widget\" data-widget_type=\"text-editor.default\">\n\t\t\t\t<div class=\"elementor-widget-container\">\n\t\t\t\t\t\t\t\t\t<p>Disfrute de este delicioso plato de pasta lleno de fibra buena para un microbioma sano y un sistema inmunitario fuerte.<\/p><h3><strong>Receta:<\/strong><\/h3><div class=\"tr-wrapper\"><div class=\"tr-recipe-detail__recipe me-wysiwyg\"><p>Para 4 personas<\/p><ul><li>250 g <a href=\"https:\/\/www.alternatievemiddelen.nl\/es\/productos\/tr-eat-pasta-fusilli-250gr\/\">Fusilli saludables<\/a><\/li><li>300 g de setas del bosque<\/li><li>1 apionabo<\/li><li>200 ml de agua<\/li><li>1 diente de ajo<\/li><li>3 cebolletas<\/li><li>pu\u00f1ado de perejil picado<\/li><li>1 cucharada de crema de anacardos fermentada<\/li><li>aceite para fre\u00edr<\/li><li>pimienta, sal, nuez moscada<\/li><li>lim\u00f3n<\/li><\/ul><p>\u00a0<\/p><p>Cocer los fusilli en agua ligeramente salada al dente (4 min). Esc\u00farralos y enju\u00e1guelos con agua corriente.<\/p><p>Cortar el apionabo en dados peque\u00f1os (1 cm por 1 cm aproximadamente). Cortar los champi\u00f1ones en l\u00e1minas. Cortar la cebolleta en aros. Saltear los dados de apio en una sart\u00e9n caliente (unos 3 o 4 minutos). Sazonar bien con sal y pimienta. Retirar la mitad de la sart\u00e9n y reservar. Triturar la otra mitad con 200 ml de agua y 1 \u00f3 2 cucharadas de crema de anacardos hasta obtener una mezcla homog\u00e9nea. Si es necesario, a\u00f1adir un poco m\u00e1s de agua. Probar y sazonar con sal y pimienta. Si lo desea, a\u00f1ada una pizca de nuez moscada.<\/p><p>Fre\u00edr los champi\u00f1ones a fuego fuerte en la sart\u00e9n. Retirarlos de la sart\u00e9n y reservar. Poner la sart\u00e9n a fuego lento. A\u00f1adir los fusilli a la sart\u00e9n. A\u00f1adir el perejil y la cebolleta. A\u00f1adir un cuchar\u00f3n de agua y la mitad de la salsa de apio. Mezclar todo bien. A\u00f1adir 1 cucharada de zumo de lim\u00f3n para refrescar el plato.<\/p><p>Sirve la pasta en un plato. Ali\u00f1ar con los dados de apionabo por encima y las setas salteadas. Terminar con el resto de la salsa de apionabo.<\/p><p><strong>\u00a1Que aproveche!<\/strong><\/p><\/div><\/div>\t\t\t\t\t\t\t\t<\/div>\n\t\t\t\t<\/div>\n\t\t\t\t<\/div>\n\t\t<div data-particle_enable=\"false\" data-particle-mobile-disabled=\"false\" class=\"elementor-element elementor-element-724879c e-con-full e-flex e-con e-child\" data-id=\"724879c\" data-element_type=\"container\" data-settings=\"{&quot;jet_parallax_layout_list&quot;:[]}\">\n\t\t\t\t<div class=\"elementor-element elementor-element-a319f31 elementor-widget elementor-widget-image\" data-id=\"a319f31\" data-element_type=\"widget\" data-widget_type=\"image.default\">\n\t\t\t\t<div class=\"elementor-widget-container\">\n\t\t\t\t\t\t\t\t\t\t\t\t\t\t\t<img fetchpriority=\"high\" decoding=\"async\" width=\"600\" height=\"800\" src=\"https:\/\/www.alternatievemiddelen.nl\/wp-content\/uploads\/2025\/09\/Fusilli-met-champignons-en-knolselderij.jpg\" class=\"attachment-full size-full wp-image-49379\" alt=\"Fusilli con setas y apionabo\" srcset=\"https:\/\/www.alternatievemiddelen.nl\/wp-content\/uploads\/2025\/09\/Fusilli-met-champignons-en-knolselderij.jpg 600w, https:\/\/www.alternatievemiddelen.nl\/wp-content\/uploads\/2025\/09\/Fusilli-met-champignons-en-knolselderij-225x300.jpg 225w, https:\/\/www.alternatievemiddelen.nl\/wp-content\/uploads\/2025\/09\/Fusilli-met-champignons-en-knolselderij-9x12.jpg 9w\" sizes=\"(max-width: 600px) 100vw, 600px\" \/>\t\t\t\t\t\t\t\t\t\t\t\t\t\t\t<\/div>\n\t\t\t\t<\/div>\n\t\t\t\t<\/div>\n\t\t\t\t\t<\/div>\n\t\t\t\t<\/div>\n\t\t\t\t<\/div>","protected":false},"excerpt":{"rendered":"<p>Fusilli con setas y apionabo \u00a1Disfrute de este delicioso plato de pasta lleno de fibra buena para un microbioma sano y un sistema inmunitario fuerte! Receta: Para 4 personas 250 g de Fusilli saludable 300 g de setas del bosque 1 apionabo 200 ml de agua 1 diente de ajo 3 cebolletas un pu\u00f1ado de perejil finamente picado 1 cucharada de crema de anacardos fermentada aceite para fre\u00edr pimienta, sal, [...].<\/p>","protected":false},"author":940,"featured_media":49379,"parent":0,"menu_order":0,"comment_status":"closed","ping_status":"closed","template":"","meta":{"footnotes":""},"class_list":["post-49378","page","type-page","status-publish","has-post-thumbnail","hentry"],"yoast_head":"<!-- This site is optimized with the Yoast SEO plugin v26.1 - https:\/\/yoast.com\/wordpress\/plugins\/seo\/ -->\n<title>Fusilli met champignons en knolselderij - Alternatievemiddelen.nl<\/title>\n<meta name=\"description\" content=\"Fusilli met champignons en knolselderij - Geniet van dit pastagerecht vol goede vezels voor een gezond microbioom en sterk immuunsysteem!\" \/>\n<meta name=\"robots\" content=\"index, follow, max-snippet:-1, max-image-preview:large, max-video-preview:-1\" \/>\n<link rel=\"canonical\" href=\"https:\/\/www.alternatievemiddelen.nl\/es\/wp-json\/wp\/v2\/pages\/49378\" \/>\n<meta property=\"og:locale\" content=\"es_ES\" \/>\n<meta property=\"og:type\" content=\"article\" \/>\n<meta property=\"og:title\" content=\"Fusilli met champignons en knolselderij - Alternatievemiddelen.nl\" \/>\n<meta property=\"og:description\" content=\"Fusilli met champignons en knolselderij - Geniet van dit pastagerecht vol goede vezels voor een gezond microbioom en sterk immuunsysteem!\" \/>\n<meta property=\"og:url\" content=\"https:\/\/www.alternatievemiddelen.nl\/es\/fusilli-con-setas-y-apionabo\/\" \/>\n<meta property=\"og:site_name\" content=\"Alternatievemiddelen.nl\" \/>\n<meta property=\"article:modified_time\" content=\"2025-09-26T14:05:48+00:00\" \/>\n<meta property=\"og:image\" content=\"\/wp-content\/uploads\/2025\/09\/Fusilli-met-champignons-en-knolselderij.jpg\" \/>\n\t<meta property=\"og:image:width\" content=\"600\" \/>\n\t<meta property=\"og:image:height\" content=\"800\" \/>\n\t<meta property=\"og:image:type\" content=\"image\/jpeg\" \/>\n<meta name=\"twitter:card\" content=\"summary_large_image\" \/>\n<meta name=\"twitter:label1\" content=\"Tiempo de lectura\" \/>\n\t<meta name=\"twitter:data1\" content=\"2 minutos\" \/>\n<script type=\"application\/ld+json\" class=\"yoast-schema-graph\">{\"@context\":\"https:\/\/schema.org\",\"@graph\":[{\"@type\":\"WebPage\",\"@id\":\"https:\/\/www.alternatievemiddelen.nl\/fusilli-met-champignons-en-knolselderij\/\",\"url\":\"https:\/\/www.alternatievemiddelen.nl\/fusilli-met-champignons-en-knolselderij\/\",\"name\":\"Fusilli met champignons en knolselderij - Alternatievemiddelen.nl\",\"isPartOf\":{\"@id\":\"https:\/\/www.alternatievemiddelen.nl\/#website\"},\"primaryImageOfPage\":{\"@id\":\"https:\/\/www.alternatievemiddelen.nl\/fusilli-met-champignons-en-knolselderij\/#primaryimage\"},\"image\":{\"@id\":\"https:\/\/www.alternatievemiddelen.nl\/fusilli-met-champignons-en-knolselderij\/#primaryimage\"},\"thumbnailUrl\":\"https:\/\/www.alternatievemiddelen.nl\/wp-content\/uploads\/2025\/09\/Fusilli-met-champignons-en-knolselderij.jpg\",\"datePublished\":\"2025-09-26T14:02:39+00:00\",\"dateModified\":\"2025-09-26T14:05:48+00:00\",\"description\":\"Fusilli met champignons en knolselderij - Geniet van dit pastagerecht vol goede vezels voor een gezond microbioom en sterk immuunsysteem!\",\"breadcrumb\":{\"@id\":\"https:\/\/www.alternatievemiddelen.nl\/fusilli-met-champignons-en-knolselderij\/#breadcrumb\"},\"inLanguage\":\"es\",\"potentialAction\":[{\"@type\":\"ReadAction\",\"target\":[\"https:\/\/www.alternatievemiddelen.nl\/fusilli-met-champignons-en-knolselderij\/\"]}]},{\"@type\":\"ImageObject\",\"inLanguage\":\"es\",\"@id\":\"https:\/\/www.alternatievemiddelen.nl\/fusilli-met-champignons-en-knolselderij\/#primaryimage\",\"url\":\"https:\/\/www.alternatievemiddelen.nl\/wp-content\/uploads\/2025\/09\/Fusilli-met-champignons-en-knolselderij.jpg\",\"contentUrl\":\"https:\/\/www.alternatievemiddelen.nl\/wp-content\/uploads\/2025\/09\/Fusilli-met-champignons-en-knolselderij.jpg\",\"width\":600,\"height\":800,\"caption\":\"Fusilli met champignons en knolselder\"},{\"@type\":\"BreadcrumbList\",\"@id\":\"https:\/\/www.alternatievemiddelen.nl\/fusilli-met-champignons-en-knolselderij\/#breadcrumb\",\"itemListElement\":[{\"@type\":\"ListItem\",\"position\":1,\"name\":\"Home\",\"item\":\"https:\/\/www.alternatievemiddelen.nl\/\"},{\"@type\":\"ListItem\",\"position\":2,\"name\":\"Fusilli met champignons en knolselderij\"}]},{\"@type\":\"WebSite\",\"@id\":\"https:\/\/www.alternatievemiddelen.nl\/#website\",\"url\":\"https:\/\/www.alternatievemiddelen.nl\/\",\"name\":\"Alternatievemiddelen.nl\",\"description\":\"Webshop met gezonde, duurzame en ecologische alternatieve mogelijkheden in de hedendaagse levenstijl. Alles uit eigen ervaring.\",\"publisher\":{\"@id\":\"https:\/\/www.alternatievemiddelen.nl\/#organization\"},\"potentialAction\":[{\"@type\":\"SearchAction\",\"target\":{\"@type\":\"EntryPoint\",\"urlTemplate\":\"https:\/\/www.alternatievemiddelen.nl\/?s={search_term_string}\"},\"query-input\":{\"@type\":\"PropertyValueSpecification\",\"valueRequired\":true,\"valueName\":\"search_term_string\"}}],\"inLanguage\":\"es\"},{\"@type\":\"Organization\",\"@id\":\"https:\/\/www.alternatievemiddelen.nl\/#organization\",\"name\":\"Alternatievemiddelen.nl\",\"url\":\"https:\/\/www.alternatievemiddelen.nl\/\",\"logo\":{\"@type\":\"ImageObject\",\"inLanguage\":\"es\",\"@id\":\"https:\/\/www.alternatievemiddelen.nl\/#\/schema\/logo\/image\/\",\"url\":\"https:\/\/www.alternatievemiddelen.nl\/wp-content\/uploads\/2023\/10\/alternatievemiddelen-PNG-logo.png\",\"contentUrl\":\"https:\/\/www.alternatievemiddelen.nl\/wp-content\/uploads\/2023\/10\/alternatievemiddelen-PNG-logo.png\",\"width\":6400,\"height\":3062,\"caption\":\"Alternatievemiddelen.nl\"},\"image\":{\"@id\":\"https:\/\/www.alternatievemiddelen.nl\/#\/schema\/logo\/image\/\"}}]}<\/script>\n<!-- \/ Yoast SEO plugin. -->","yoast_head_json":{"title":"Fusilli met champignons en knolselderij - Alternatievemiddelen.nl","description":"Fusilli met champignons en knolselderij - Geniet van dit pastagerecht vol goede vezels voor een gezond microbioom en sterk immuunsysteem!","robots":{"index":"index","follow":"follow","max-snippet":"max-snippet:-1","max-image-preview":"max-image-preview:large","max-video-preview":"max-video-preview:-1"},"canonical":"https:\/\/www.alternatievemiddelen.nl\/es\/wp-json\/wp\/v2\/pages\/49378","og_locale":"es_ES","og_type":"article","og_title":"Fusilli met champignons en knolselderij - Alternatievemiddelen.nl","og_description":"Fusilli met champignons en knolselderij - Geniet van dit pastagerecht vol goede vezels voor een gezond microbioom en sterk immuunsysteem!","og_url":"https:\/\/www.alternatievemiddelen.nl\/es\/fusilli-con-setas-y-apionabo\/","og_site_name":"Alternatievemiddelen.nl","article_modified_time":"2025-09-26T14:05:48+00:00","og_image":[{"width":600,"height":800,"url":"\/wp-content\/uploads\/2025\/09\/Fusilli-met-champignons-en-knolselderij.jpg","type":"image\/jpeg"}],"twitter_card":"summary_large_image","twitter_misc":{"Tiempo de lectura":"2 minutos"},"schema":{"@context":"https:\/\/schema.org","@graph":[{"@type":"WebPage","@id":"https:\/\/www.alternatievemiddelen.nl\/fusilli-met-champignons-en-knolselderij\/","url":"https:\/\/www.alternatievemiddelen.nl\/fusilli-met-champignons-en-knolselderij\/","name":"Fusilli met champignons en knolselderij - Alternatievemiddelen.nl","isPartOf":{"@id":"https:\/\/www.alternatievemiddelen.nl\/#website"},"primaryImageOfPage":{"@id":"https:\/\/www.alternatievemiddelen.nl\/fusilli-met-champignons-en-knolselderij\/#primaryimage"},"image":{"@id":"https:\/\/www.alternatievemiddelen.nl\/fusilli-met-champignons-en-knolselderij\/#primaryimage"},"thumbnailUrl":"https:\/\/www.alternatievemiddelen.nl\/wp-content\/uploads\/2025\/09\/Fusilli-met-champignons-en-knolselderij.jpg","datePublished":"2025-09-26T14:02:39+00:00","dateModified":"2025-09-26T14:05:48+00:00","description":"Fusilli met champignons en knolselderij - Geniet van dit pastagerecht vol goede vezels voor een gezond microbioom en sterk immuunsysteem!","breadcrumb":{"@id":"https:\/\/www.alternatievemiddelen.nl\/fusilli-met-champignons-en-knolselderij\/#breadcrumb"},"inLanguage":"es","potentialAction":[{"@type":"ReadAction","target":["https:\/\/www.alternatievemiddelen.nl\/fusilli-met-champignons-en-knolselderij\/"]}]},{"@type":"ImageObject","inLanguage":"es","@id":"https:\/\/www.alternatievemiddelen.nl\/fusilli-met-champignons-en-knolselderij\/#primaryimage","url":"https:\/\/www.alternatievemiddelen.nl\/wp-content\/uploads\/2025\/09\/Fusilli-met-champignons-en-knolselderij.jpg","contentUrl":"https:\/\/www.alternatievemiddelen.nl\/wp-content\/uploads\/2025\/09\/Fusilli-met-champignons-en-knolselderij.jpg","width":600,"height":800,"caption":"Fusilli met champignons en knolselder"},{"@type":"BreadcrumbList","@id":"https:\/\/www.alternatievemiddelen.nl\/fusilli-met-champignons-en-knolselderij\/#breadcrumb","itemListElement":[{"@type":"ListItem","position":1,"name":"Home","item":"https:\/\/www.alternatievemiddelen.nl\/"},{"@type":"ListItem","position":2,"name":"Fusilli met champignons en knolselderij"}]},{"@type":"WebSite","@id":"https:\/\/www.alternatievemiddelen.nl\/#website","url":"https:\/\/www.alternatievemiddelen.nl\/","name":"Alternatievemiddelen.nl","description":"Webshop met gezonde, duurzame en ecologische alternatieve mogelijkheden in de hedendaagse levenstijl. Alles uit eigen ervaring.","publisher":{"@id":"https:\/\/www.alternatievemiddelen.nl\/#organization"},"potentialAction":[{"@type":"SearchAction","target":{"@type":"EntryPoint","urlTemplate":"https:\/\/www.alternatievemiddelen.nl\/?s={search_term_string}"},"query-input":{"@type":"PropertyValueSpecification","valueRequired":true,"valueName":"search_term_string"}}],"inLanguage":"es"},{"@type":"Organization","@id":"https:\/\/www.alternatievemiddelen.nl\/#organization","name":"Alternatievemiddelen.nl","url":"https:\/\/www.alternatievemiddelen.nl\/","logo":{"@type":"ImageObject","inLanguage":"es","@id":"https:\/\/www.alternatievemiddelen.nl\/#\/schema\/logo\/image\/","url":"https:\/\/www.alternatievemiddelen.nl\/wp-content\/uploads\/2023\/10\/alternatievemiddelen-PNG-logo.png","contentUrl":"https:\/\/www.alternatievemiddelen.nl\/wp-content\/uploads\/2023\/10\/alternatievemiddelen-PNG-logo.png","width":6400,"height":3062,"caption":"Alternatievemiddelen.nl"},"image":{"@id":"https:\/\/www.alternatievemiddelen.nl\/#\/schema\/logo\/image\/"}}]}},"_links":{"self":[{"href":"https:\/\/www.alternatievemiddelen.nl\/es\/wp-json\/wp\/v2\/pages\/49378","targetHints":{"allow":["GET"]}}],"collection":[{"href":"https:\/\/www.alternatievemiddelen.nl\/es\/wp-json\/wp\/v2\/pages"}],"about":[{"href":"https:\/\/www.alternatievemiddelen.nl\/es\/wp-json\/wp\/v2\/types\/page"}],"author":[{"embeddable":true,"href":"https:\/\/www.alternatievemiddelen.nl\/es\/wp-json\/wp\/v2\/users\/940"}],"replies":[{"embeddable":true,"href":"https:\/\/www.alternatievemiddelen.nl\/es\/wp-json\/wp\/v2\/comments?post=49378"}],"version-history":[{"count":4,"href":"https:\/\/www.alternatievemiddelen.nl\/es\/wp-json\/wp\/v2\/pages\/49378\/revisions"}],"predecessor-version":[{"id":49383,"href":"https:\/\/www.alternatievemiddelen.nl\/es\/wp-json\/wp\/v2\/pages\/49378\/revisions\/49383"}],"wp:featuredmedia":[{"embeddable":true,"href":"https:\/\/www.alternatievemiddelen.nl\/es\/wp-json\/wp\/v2\/media\/49379"}],"wp:attachment":[{"href":"https:\/\/www.alternatievemiddelen.nl\/es\/wp-json\/wp\/v2\/media?parent=49378"}],"curies":[{"name":"wp","href":"https:\/\/api.w.org\/{rel}","templated":true}]}}